{"id":45099,"date":"2026-03-01T16:08:08","date_gmt":"2026-03-01T16:08:08","guid":{"rendered":"https:\/\/www.supeinnihonto.com\/?post_type=product&#038;p=45099"},"modified":"2026-03-04T09:23:26","modified_gmt":"2026-03-04T09:23:26","slug":"marugata-koperen-tsuba-met-koi-motief-nbthk-hozon-gecertificeerd-10","status":"publish","type":"product","link":"https:\/\/www.supeinnihonto.com\/nl\/product\/marugata-koperen-tsuba-met-koi-motief-nbthk-hozon-gecertificeerd-10\/","title":{"rendered":"Marugata koperen tsuba met koi-motief, NBTHK Hozon-gecertificeerd"},"content":{"rendered":"<p data-start=\"6968\" data-end=\"6979\"><strong data-start=\"6968\" data-end=\"6977\"><span dir=\"auto\" style=\"vertical-align: inherit;\"><span dir=\"auto\" style=\"vertical-align: inherit;\">ART\u00cdCULO:<\/span><\/span><\/strong><\/p>\n<p data-start=\"6981\" data-end=\"7091\"><span dir=\"auto\" style=\"vertical-align: inherit;\"><span dir=\"auto\" style=\"vertical-align: inherit;\">Wordt geleverd cumpli\u00f3 con la certificaci\u00f3n van Supein Nihonto. Incluye certificado NBTHK Hozon. Incluye todas las habitaciones.<\/span><\/span><\/p>\n<p data-start=\"7093\" data-end=\"7782\"><span dir=\"auto\" style=\"vertical-align: inherit;\"><span dir=\"auto\" style=\"vertical-align: inherit;\">Prachtige koperen tsuba uit de 19e eeuw, gesigneerd, met rand en relieves in shakud\u014d (legering van goud en koper), waarop een karper is afgebeeld met ogen ingelegd in goud. Een uniek kunstwerk. <\/span><\/span><br data-start=\"7285\" data-end=\"7288\" \/><span dir=\"auto\" style=\"vertical-align: inherit;\"><span dir=\"auto\" style=\"vertical-align: inherit;\">La palabra koi-karper en la cultura japonesa es uno de los motivos favoritos de muchos artistas; tsuba conoci\u00f3 a dit thema zijn echter zeer zeldzaam y ongewoon en daardoor bijzonder gewild bij verzamelaars. Bovendien is dit stuk van uitzonderlijk hoge kwaliteit y voorzien van un NBTHK-certificaat \u2014 de belangrijkste organisatie ter weld voor het behoud van the Japanese zwaard \u2014 waarin the wordt aangemerkt als un object van bijzondere culturele y conserveringswaarde.<\/span><\/span><\/p>\n<p data-start=\"7784\" data-end=\"7798\"><span dir=\"auto\" style=\"vertical-align: inherit;\"><span dir=\"auto\" style=\"vertical-align: inherit;\">7,4 \u00d7 7,2 cm<\/span><\/span><\/p>\n<p data-start=\"7800\" data-end=\"7815\"><strong data-start=\"7800\" data-end=\"7813\"><span dir=\"auto\" style=\"vertical-align: inherit;\"><span dir=\"auto\" style=\"vertical-align: inherit;\">SOBRE ONS:<\/span><\/span><\/strong><\/p>\n<p data-start=\"7817\" data-end=\"9162\"><span dir=\"auto\" style=\"vertical-align: inherit;\"><span dir=\"auto\" style=\"vertical-align: inherit;\">Bij Supein Nihonto se esfuerza por convertirse en samurai-zwaarden y harnassen van hoge kwaliteit aan te bieden tegen prijzen die ver onder die van de concurrentie liggen. Wij zijn waarschijnlijk de grootste exporteur in Europa y zijn er trots op de <\/span><\/span><strong data-start=\"8060\" data-end=\"8086\"><span dir=\"auto\" style=\"vertical-align: inherit;\"><span dir=\"auto\" style=\"vertical-align: inherit;\">nummer \u00e9\u00e9n topverkoper<\/span><\/span><\/strong><span dir=\"auto\" style=\"vertical-align: inherit;\"><span dir=\"auto\" style=\"vertical-align: inherit;\"> te zijn in Samurai- en Japanese veilingen op Catawiki. <\/span><\/span><br data-start=\"8140\" data-end=\"8143\" \/><span dir=\"auto\" style=\"vertical-align: inherit;\"><span dir=\"auto\" style=\"vertical-align: inherit;\">Dit is vooral belangrijk om belasting en wachttijden te besparen, die bij Japanese verkopers meer dan vier maanden kunnen bedragen, evenals omslachtige y algunos procedimientos problem\u00e1ticos die de palanca verder vertragen, zelfs tot the terugsturen van het pakket naar de afzender, met daarnaast meer dan 35 % extra kosten op de eindprijs door douane, heffingen y toeslagen, die de prijs verhogen maar niet de kwaliteit of de de toekomstige doorverkoopwaarde. <\/span><\/span><br data-start=\"8598\" data-end=\"8601\" \/><span dir=\"auto\" style=\"vertical-align: inherit;\"><span dir=\"auto\" style=\"vertical-align: inherit;\">Nosotros somos proveedores profesionales y ofrecemos una garant\u00eda de tevredenheids superior, experiencia y normas, incluso un servicio posventa estricto y proveedores particulares. Dankzij dit alles, onze zeer scherpe professional prijzen y onze snelle y eficiente verzendmethode \u2014 zelden meer dan tres dagen binnen Europa \u2014 zijn wij ervan overtuigd dat u deze unieke kans zult waarderen om een \u200b\u200bkunstwerk te bezitten dat in de loop der jaren in waarde zal stijgen en een uitstekende investering vormt. Vertrouw op ons om te genieten van de kunst van de samurai.<\/span><\/span><\/p>\n","protected":false},"excerpt":{"rendered":"<p>ART\u00cdCULO: Wordt geleverd cumpli\u00f3 con la certificaci\u00f3n van Supein Nihonto. Incluye certificado NBTHK Hozon. Incluye todas las habitaciones. Prachtige koperen tsuba uit de 19e eeuw, gesigneerd, met rand en relieves in shakud\u014d (legering van goud en koper), waarop een karper is afgebeeld met ogen ingelegd in goud. Een uniek kunstwerk. [&hellip;]<\/p>\n","protected":false},"featured_media":45113,"template":"","meta":{"jetpack_post_was_ever_published":false},"product_brand":[],"product_cat":[350,346],"product_tag":[451,455,467,621],"class_list":{"0":"post-45099","1":"product","2":"type-product","3":"status-publish","4":"has-post-thumbnail","6":"product_cat-tosogu","7":"product_cat-tsuba","8":"product_tag-hozon","9":"product_tag-katana","10":"product_tag-nbthk","11":"product_tag-tsuba","12":"product_shipping_class-light","14":"first","15":"instock","16":"featured","17":"sold-individually","18":"shipping-taxable","19":"purchasable","20":"product-type-simple"},"yoast_head":"<!-- This site is optimized with the Yoast SEO plugin v27.4 - https:\/\/yoast.com\/product\/yoast-seo-wordpress\/ -->\n<title>Marugata koperen tsuba met koi-motief, NBTHK Hozon-gecertificeerd - Supein Nihonto<\/title>\n<meta name=\"description\" content=\"Prachtige koperen tsuba uit de 19e eeuw met rand en reli\u00ebfs in shakud\u014d (legering van goud en koper), waarop een karper is afgebeeld met ogen ingelegd in goud. Een uniek kunstwerk.\" \/>\n<meta name=\"robots\" content=\"index, follow, max-snippet:-1, max-image-preview:large, max-video-preview:-1\" \/>\n<link rel=\"canonical\" href=\"https:\/\/www.supeinnihonto.com\/nl\/product\/marugata-koperen-tsuba-met-koi-motief-nbthk-hozon-gecertificeerd-10\/\" \/>\n<meta property=\"og:locale\" content=\"nl_NL\" \/>\n<meta property=\"og:type\" content=\"article\" \/>\n<meta property=\"og:title\" content=\"Marugata koperen tsuba met koi-motief, NBTHK Hozon-gecertificeerd - Supein Nihonto\" \/>\n<meta property=\"og:description\" content=\"Prachtige koperen tsuba uit de 19e eeuw met rand en reli\u00ebfs in shakud\u014d (legering van goud en koper), waarop een karper is afgebeeld met ogen ingelegd in goud. Een uniek kunstwerk.\" \/>\n<meta property=\"og:url\" content=\"https:\/\/www.supeinnihonto.com\/nl\/product\/marugata-koperen-tsuba-met-koi-motief-nbthk-hozon-gecertificeerd-10\/\" \/>\n<meta property=\"og:site_name\" content=\"Supein Nihonto\" \/>\n<meta property=\"article:modified_time\" content=\"2026-03-04T09:23:26+00:00\" \/>\n<meta property=\"og:image\" content=\"https:\/\/www.supeinnihonto.com\/wp-content\/uploads\/2026\/03\/DSC_6419-scaled.jpg\" \/>\n\t<meta property=\"og:image:width\" content=\"2560\" \/>\n\t<meta property=\"og:image:height\" content=\"1707\" \/>\n\t<meta property=\"og:image:type\" content=\"image\/jpeg\" \/>\n<meta name=\"twitter:card\" content=\"summary_large_image\" \/>\n<meta name=\"twitter:label1\" content=\"Geschatte leestijd\" \/>\n\t<meta name=\"twitter:data1\" content=\"2 minuten\" \/>\n<script type=\"application\/ld+json\" class=\"yoast-schema-graph\">{\"@context\":\"https:\\\/\\\/schema.org\",\"@graph\":[{\"@type\":\"WebPage\",\"@id\":\"https:\\\/\\\/www.supeinnihonto.com\\\/nl\\\/product\\\/marugata-koperen-tsuba-met-koi-motief-nbthk-hozon-gecertificeerd-10\\\/\",\"url\":\"https:\\\/\\\/www.supeinnihonto.com\\\/nl\\\/product\\\/marugata-koperen-tsuba-met-koi-motief-nbthk-hozon-gecertificeerd-10\\\/\",\"name\":\"Marugata koperen tsuba met koi-motief, NBTHK Hozon-gecertificeerd - Supein Nihonto\",\"isPartOf\":{\"@id\":\"https:\\\/\\\/www.supeinnihonto.com\\\/nl\\\/#website\"},\"primaryImageOfPage\":{\"@id\":\"https:\\\/\\\/www.supeinnihonto.com\\\/nl\\\/product\\\/marugata-koperen-tsuba-met-koi-motief-nbthk-hozon-gecertificeerd-10\\\/#primaryimage\"},\"image\":{\"@id\":\"https:\\\/\\\/www.supeinnihonto.com\\\/nl\\\/product\\\/marugata-koperen-tsuba-met-koi-motief-nbthk-hozon-gecertificeerd-10\\\/#primaryimage\"},\"thumbnailUrl\":\"https:\\\/\\\/i0.wp.com\\\/www.supeinnihonto.com\\\/wp-content\\\/uploads\\\/2026\\\/03\\\/DSC_6419-scaled.jpg?fit=2560%2C1707&ssl=1\",\"datePublished\":\"2026-03-01T16:08:08+00:00\",\"dateModified\":\"2026-03-04T09:23:26+00:00\",\"description\":\"Prachtige koperen tsuba uit de 19e eeuw met rand en reli\u00ebfs in shakud\u014d (legering van goud en koper), waarop een karper is afgebeeld met ogen ingelegd in goud. Een uniek kunstwerk.\",\"breadcrumb\":{\"@id\":\"https:\\\/\\\/www.supeinnihonto.com\\\/nl\\\/product\\\/marugata-koperen-tsuba-met-koi-motief-nbthk-hozon-gecertificeerd-10\\\/#breadcrumb\"},\"inLanguage\":\"nl-NL\",\"potentialAction\":[{\"@type\":\"ReadAction\",\"target\":[\"https:\\\/\\\/www.supeinnihonto.com\\\/nl\\\/product\\\/marugata-koperen-tsuba-met-koi-motief-nbthk-hozon-gecertificeerd-10\\\/\"]}]},{\"@type\":\"ImageObject\",\"inLanguage\":\"nl-NL\",\"@id\":\"https:\\\/\\\/www.supeinnihonto.com\\\/nl\\\/product\\\/marugata-koperen-tsuba-met-koi-motief-nbthk-hozon-gecertificeerd-10\\\/#primaryimage\",\"url\":\"https:\\\/\\\/i0.wp.com\\\/www.supeinnihonto.com\\\/wp-content\\\/uploads\\\/2026\\\/03\\\/DSC_6419-scaled.jpg?fit=2560%2C1707&ssl=1\",\"contentUrl\":\"https:\\\/\\\/i0.wp.com\\\/www.supeinnihonto.com\\\/wp-content\\\/uploads\\\/2026\\\/03\\\/DSC_6419-scaled.jpg?fit=2560%2C1707&ssl=1\",\"width\":2560,\"height\":1707,\"caption\":\"Iron tsuba soten for sale\"},{\"@type\":\"BreadcrumbList\",\"@id\":\"https:\\\/\\\/www.supeinnihonto.com\\\/nl\\\/product\\\/marugata-koperen-tsuba-met-koi-motief-nbthk-hozon-gecertificeerd-10\\\/#breadcrumb\",\"itemListElement\":[{\"@type\":\"ListItem\",\"position\":1,\"name\":\"Portada\",\"item\":\"https:\\\/\\\/www.supeinnihonto.com\\\/nl\\\/\"},{\"@type\":\"ListItem\",\"position\":2,\"name\":\"Shop\",\"item\":\"https:\\\/\\\/www.supeinnihonto.com\\\/nl\\\/shop\\\/\"},{\"@type\":\"ListItem\",\"position\":3,\"name\":\"Marugata koperen tsuba met koi-motief, NBTHK Hozon-gecertificeerd\"}]},{\"@type\":\"WebSite\",\"@id\":\"https:\\\/\\\/www.supeinnihonto.com\\\/nl\\\/#website\",\"url\":\"https:\\\/\\\/www.supeinnihonto.com\\\/nl\\\/\",\"name\":\"Supein Nihonto\",\"description\":\"Authentic japanese Nihonto katana \",\"publisher\":{\"@id\":\"https:\\\/\\\/www.supeinnihonto.com\\\/nl\\\/#organization\"},\"potentialAction\":[{\"@type\":\"SearchAction\",\"target\":{\"@type\":\"EntryPoint\",\"urlTemplate\":\"https:\\\/\\\/www.supeinnihonto.com\\\/nl\\\/?s={search_term_string}\"},\"query-input\":{\"@type\":\"PropertyValueSpecification\",\"valueRequired\":true,\"valueName\":\"search_term_string\"}}],\"inLanguage\":\"nl-NL\"},{\"@type\":\"Organization\",\"@id\":\"https:\\\/\\\/www.supeinnihonto.com\\\/nl\\\/#organization\",\"name\":\"SupeinNihonto\",\"url\":\"https:\\\/\\\/www.supeinnihonto.com\\\/nl\\\/\",\"logo\":{\"@type\":\"ImageObject\",\"inLanguage\":\"nl-NL\",\"@id\":\"https:\\\/\\\/www.supeinnihonto.com\\\/nl\\\/#\\\/schema\\\/logo\\\/image\\\/\",\"url\":\"https:\\\/\\\/www.supeinnihonto.com\\\/wp-content\\\/uploads\\\/2021\\\/11\\\/animation_Default_3szk0jcenoloop.gif\",\"contentUrl\":\"https:\\\/\\\/www.supeinnihonto.com\\\/wp-content\\\/uploads\\\/2021\\\/11\\\/animation_Default_3szk0jcenoloop.gif\",\"width\":750,\"height\":641,\"caption\":\"SupeinNihonto\"},\"image\":{\"@id\":\"https:\\\/\\\/www.supeinnihonto.com\\\/nl\\\/#\\\/schema\\\/logo\\\/image\\\/\"}}]}<\/script>\n<!-- \/ Yoast SEO plugin. -->","yoast_head_json":{"title":"Marugata koperen tsuba met koi-motief, NBTHK Hozon-gecertificeerd - Supein Nihonto","description":"Prachtige koperen tsuba uit de 19e eeuw met rand en reli\u00ebfs in shakud\u014d (legering van goud en koper), waarop een karper is afgebeeld met ogen ingelegd in goud. Een uniek kunstwerk.","robots":{"index":"index","follow":"follow","max-snippet":"max-snippet:-1","max-image-preview":"max-image-preview:large","max-video-preview":"max-video-preview:-1"},"canonical":"https:\/\/www.supeinnihonto.com\/nl\/product\/marugata-koperen-tsuba-met-koi-motief-nbthk-hozon-gecertificeerd-10\/","og_locale":"nl_NL","og_type":"article","og_title":"Marugata koperen tsuba met koi-motief, NBTHK Hozon-gecertificeerd - Supein Nihonto","og_description":"Prachtige koperen tsuba uit de 19e eeuw met rand en reli\u00ebfs in shakud\u014d (legering van goud en koper), waarop een karper is afgebeeld met ogen ingelegd in goud. Een uniek kunstwerk.","og_url":"https:\/\/www.supeinnihonto.com\/nl\/product\/marugata-koperen-tsuba-met-koi-motief-nbthk-hozon-gecertificeerd-10\/","og_site_name":"Supein Nihonto","article_modified_time":"2026-03-04T09:23:26+00:00","og_image":[{"width":2560,"height":1707,"url":"https:\/\/www.supeinnihonto.com\/wp-content\/uploads\/2026\/03\/DSC_6419-scaled.jpg","type":"image\/jpeg"}],"twitter_card":"summary_large_image","twitter_misc":{"Geschatte leestijd":"2 minuten"},"schema":{"@context":"https:\/\/schema.org","@graph":[{"@type":"WebPage","@id":"https:\/\/www.supeinnihonto.com\/nl\/product\/marugata-koperen-tsuba-met-koi-motief-nbthk-hozon-gecertificeerd-10\/","url":"https:\/\/www.supeinnihonto.com\/nl\/product\/marugata-koperen-tsuba-met-koi-motief-nbthk-hozon-gecertificeerd-10\/","name":"Marugata koperen tsuba met koi-motief, NBTHK Hozon-gecertificeerd - Supein Nihonto","isPartOf":{"@id":"https:\/\/www.supeinnihonto.com\/nl\/#website"},"primaryImageOfPage":{"@id":"https:\/\/www.supeinnihonto.com\/nl\/product\/marugata-koperen-tsuba-met-koi-motief-nbthk-hozon-gecertificeerd-10\/#primaryimage"},"image":{"@id":"https:\/\/www.supeinnihonto.com\/nl\/product\/marugata-koperen-tsuba-met-koi-motief-nbthk-hozon-gecertificeerd-10\/#primaryimage"},"thumbnailUrl":"https:\/\/i0.wp.com\/www.supeinnihonto.com\/wp-content\/uploads\/2026\/03\/DSC_6419-scaled.jpg?fit=2560%2C1707&ssl=1","datePublished":"2026-03-01T16:08:08+00:00","dateModified":"2026-03-04T09:23:26+00:00","description":"Prachtige koperen tsuba uit de 19e eeuw met rand en reli\u00ebfs in shakud\u014d (legering van goud en koper), waarop een karper is afgebeeld met ogen ingelegd in goud. Een uniek kunstwerk.","breadcrumb":{"@id":"https:\/\/www.supeinnihonto.com\/nl\/product\/marugata-koperen-tsuba-met-koi-motief-nbthk-hozon-gecertificeerd-10\/#breadcrumb"},"inLanguage":"nl-NL","potentialAction":[{"@type":"ReadAction","target":["https:\/\/www.supeinnihonto.com\/nl\/product\/marugata-koperen-tsuba-met-koi-motief-nbthk-hozon-gecertificeerd-10\/"]}]},{"@type":"ImageObject","inLanguage":"nl-NL","@id":"https:\/\/www.supeinnihonto.com\/nl\/product\/marugata-koperen-tsuba-met-koi-motief-nbthk-hozon-gecertificeerd-10\/#primaryimage","url":"https:\/\/i0.wp.com\/www.supeinnihonto.com\/wp-content\/uploads\/2026\/03\/DSC_6419-scaled.jpg?fit=2560%2C1707&ssl=1","contentUrl":"https:\/\/i0.wp.com\/www.supeinnihonto.com\/wp-content\/uploads\/2026\/03\/DSC_6419-scaled.jpg?fit=2560%2C1707&ssl=1","width":2560,"height":1707,"caption":"Iron tsuba soten for sale"},{"@type":"BreadcrumbList","@id":"https:\/\/www.supeinnihonto.com\/nl\/product\/marugata-koperen-tsuba-met-koi-motief-nbthk-hozon-gecertificeerd-10\/#breadcrumb","itemListElement":[{"@type":"ListItem","position":1,"name":"Portada","item":"https:\/\/www.supeinnihonto.com\/nl\/"},{"@type":"ListItem","position":2,"name":"Shop","item":"https:\/\/www.supeinnihonto.com\/nl\/shop\/"},{"@type":"ListItem","position":3,"name":"Marugata koperen tsuba met koi-motief, NBTHK Hozon-gecertificeerd"}]},{"@type":"WebSite","@id":"https:\/\/www.supeinnihonto.com\/nl\/#website","url":"https:\/\/www.supeinnihonto.com\/nl\/","name":"Supein Nihonto","description":"Authentic japanese Nihonto katana ","publisher":{"@id":"https:\/\/www.supeinnihonto.com\/nl\/#organization"},"potentialAction":[{"@type":"SearchAction","target":{"@type":"EntryPoint","urlTemplate":"https:\/\/www.supeinnihonto.com\/nl\/?s={search_term_string}"},"query-input":{"@type":"PropertyValueSpecification","valueRequired":true,"valueName":"search_term_string"}}],"inLanguage":"nl-NL"},{"@type":"Organization","@id":"https:\/\/www.supeinnihonto.com\/nl\/#organization","name":"SupeinNihonto","url":"https:\/\/www.supeinnihonto.com\/nl\/","logo":{"@type":"ImageObject","inLanguage":"nl-NL","@id":"https:\/\/www.supeinnihonto.com\/nl\/#\/schema\/logo\/image\/","url":"https:\/\/www.supeinnihonto.com\/wp-content\/uploads\/2021\/11\/animation_Default_3szk0jcenoloop.gif","contentUrl":"https:\/\/www.supeinnihonto.com\/wp-content\/uploads\/2021\/11\/animation_Default_3szk0jcenoloop.gif","width":750,"height":641,"caption":"SupeinNihonto"},"image":{"@id":"https:\/\/www.supeinnihonto.com\/nl\/#\/schema\/logo\/image\/"}}]}},"jetpack-related-posts":[{"id":12404,"url":"https:\/\/www.supeinnihonto.com\/nl\/product\/marugata-koperen-tsuba-met-koi-motief-nbthk-hozon-gecertificeerd\/","url_meta":{"origin":45099,"position":0},"title":"Marugata koperen tsuba met koi-motief, NBTHK Hozon-gecertificeerd","author":"Eric Majo","date":"11 de november de 2024","format":false,"excerpt":"ITEM: Wordt geleverd met certificaat van Supein Nihonto. Inclusief NBTHK Hozon-certificaat. Inclusief houten doos. Prachtige koperen tsuba uit de 19e eeuw, gesigneerd, met rand en reli\u00ebfs in shakud\u014d (legering van goud en koper), waarop een karper is afgebeeld met ogen ingelegd in goud. Een uniek kunstwerk.De koi-karper wordt in de\u2026","rel":"","context":"Soortgelijk bericht","block_context":{"text":"Soortgelijk bericht","link":""},"img":{"alt_text":"Marugata copper koi tsuba NBTHK hozon","src":"https:\/\/i0.wp.com\/www.supeinnihonto.com\/wp-content\/uploads\/2024\/11\/DSC1819-scaled.jpg?fit=1200%2C800&ssl=1&resize=350%2C200","width":350,"height":200,"srcset":"https:\/\/i0.wp.com\/www.supeinnihonto.com\/wp-content\/uploads\/2024\/11\/DSC1819-scaled.jpg?fit=1200%2C800&ssl=1&resize=350%2C200 1x, https:\/\/i0.wp.com\/www.supeinnihonto.com\/wp-content\/uploads\/2024\/11\/DSC1819-scaled.jpg?fit=1200%2C800&ssl=1&resize=525%2C300 1.5x, https:\/\/i0.wp.com\/www.supeinnihonto.com\/wp-content\/uploads\/2024\/11\/DSC1819-scaled.jpg?fit=1200%2C800&ssl=1&resize=700%2C400 2x, https:\/\/i0.wp.com\/www.supeinnihonto.com\/wp-content\/uploads\/2024\/11\/DSC1819-scaled.jpg?fit=1200%2C800&ssl=1&resize=1050%2C600 3x"},"classes":[]},{"id":45249,"url":"https:\/\/www.supeinnihonto.com\/nl\/product\/marugata-koperen-tsuba-met-koi-motief-nbthk-hozon-gecertificeerd-3\/","url_meta":{"origin":45099,"position":1},"title":"Marugata koperen tsuba met koi-motief, NBTHK Hozon-gecertificeerd","author":"Eric Majo","date":"1 de maart de 2026","format":false,"excerpt":"ITEM: Wordt geleverd met certificaat van Supein Nihonto. Inclusief NBTHK Hozon-certificaat. Inclusief houten doos. Prachtige koperen tsuba uit de 19e eeuw, gesigneerd, met rand en reli\u00ebfs in shakud\u014d (legering van goud en koper), waarop een karper is afgebeeld met ogen ingelegd in goud. Een uniek kunstwerk.De koi-karper wordt in de\u2026","rel":"","context":"Soortgelijk bericht","block_context":{"text":"Soortgelijk bericht","link":""},"img":{"alt_text":"Tsuba koi Meiji period","src":"https:\/\/i0.wp.com\/www.supeinnihonto.com\/wp-content\/uploads\/2026\/03\/DSC_6545-scaled.jpg?fit=1200%2C800&ssl=1&resize=350%2C200","width":350,"height":200,"srcset":"https:\/\/i0.wp.com\/www.supeinnihonto.com\/wp-content\/uploads\/2026\/03\/DSC_6545-scaled.jpg?fit=1200%2C800&ssl=1&resize=350%2C200 1x, https:\/\/i0.wp.com\/www.supeinnihonto.com\/wp-content\/uploads\/2026\/03\/DSC_6545-scaled.jpg?fit=1200%2C800&ssl=1&resize=525%2C300 1.5x, https:\/\/i0.wp.com\/www.supeinnihonto.com\/wp-content\/uploads\/2026\/03\/DSC_6545-scaled.jpg?fit=1200%2C800&ssl=1&resize=700%2C400 2x, https:\/\/i0.wp.com\/www.supeinnihonto.com\/wp-content\/uploads\/2026\/03\/DSC_6545-scaled.jpg?fit=1200%2C800&ssl=1&resize=1050%2C600 3x"},"classes":[]},{"id":45203,"url":"https:\/\/www.supeinnihonto.com\/nl\/product\/marugata-koperen-tsuba-met-koi-motief-nbthk-hozon-gecertificeerd-6\/","url_meta":{"origin":45099,"position":2},"title":"Marugata koperen tsuba met koi-motief, NBTHK Hozon-gecertificeerd","author":"Eric Majo","date":"1 de maart de 2026","format":false,"excerpt":"ITEM: Wordt geleverd met certificaat van Supein Nihonto. Inclusief NBTHK Hozon-certificaat. Inclusief houten doos. Prachtige koperen tsuba uit de 19e eeuw, gesigneerd, met rand en reli\u00ebfs in shakud\u014d (legering van goud en koper), waarop een karper is afgebeeld met ogen ingelegd in goud. Een uniek kunstwerk.De koi-karper wordt in de\u2026","rel":"","context":"Soortgelijk bericht","block_context":{"text":"Soortgelijk bericht","link":""},"img":{"alt_text":"Dragon tsuba a vendre","src":"https:\/\/i0.wp.com\/www.supeinnihonto.com\/wp-content\/uploads\/2026\/03\/DSC_6473-scaled.jpg?fit=1200%2C800&ssl=1&resize=350%2C200","width":350,"height":200,"srcset":"https:\/\/i0.wp.com\/www.supeinnihonto.com\/wp-content\/uploads\/2026\/03\/DSC_6473-scaled.jpg?fit=1200%2C800&ssl=1&resize=350%2C200 1x, https:\/\/i0.wp.com\/www.supeinnihonto.com\/wp-content\/uploads\/2026\/03\/DSC_6473-scaled.jpg?fit=1200%2C800&ssl=1&resize=525%2C300 1.5x, https:\/\/i0.wp.com\/www.supeinnihonto.com\/wp-content\/uploads\/2026\/03\/DSC_6473-scaled.jpg?fit=1200%2C800&ssl=1&resize=700%2C400 2x, https:\/\/i0.wp.com\/www.supeinnihonto.com\/wp-content\/uploads\/2026\/03\/DSC_6473-scaled.jpg?fit=1200%2C800&ssl=1&resize=1050%2C600 3x"},"classes":[]},{"id":45136,"url":"https:\/\/www.supeinnihonto.com\/nl\/product\/marugata-koperen-tsuba-met-koi-motief-nbthk-hozon-gecertificeerd-8\/","url_meta":{"origin":45099,"position":3},"title":"Marugata koperen tsuba met koi-motief, NBTHK Hozon-gecertificeerd","author":"Eric Majo","date":"1 de maart de 2026","format":false,"excerpt":"ITEM: Wordt geleverd met certificaat van Supein Nihonto. Inclusief NBTHK Hozon-certificaat. Inclusief houten doos. Prachtige koperen tsuba uit de 19e eeuw, gesigneerd, met rand en reli\u00ebfs in shakud\u014d (legering van goud en koper), waarop een karper is afgebeeld met ogen ingelegd in goud. Een uniek kunstwerk.De koi-karper wordt in de\u2026","rel":"","context":"Soortgelijk bericht","block_context":{"text":"Soortgelijk bericht","link":""},"img":{"alt_text":"Daisho tsuba for sale","src":"https:\/\/i0.wp.com\/www.supeinnihonto.com\/wp-content\/uploads\/2026\/03\/DSC_6444-scaled.jpg?fit=1200%2C800&ssl=1&resize=350%2C200","width":350,"height":200,"srcset":"https:\/\/i0.wp.com\/www.supeinnihonto.com\/wp-content\/uploads\/2026\/03\/DSC_6444-scaled.jpg?fit=1200%2C800&ssl=1&resize=350%2C200 1x, https:\/\/i0.wp.com\/www.supeinnihonto.com\/wp-content\/uploads\/2026\/03\/DSC_6444-scaled.jpg?fit=1200%2C800&ssl=1&resize=525%2C300 1.5x, https:\/\/i0.wp.com\/www.supeinnihonto.com\/wp-content\/uploads\/2026\/03\/DSC_6444-scaled.jpg?fit=1200%2C800&ssl=1&resize=700%2C400 2x, https:\/\/i0.wp.com\/www.supeinnihonto.com\/wp-content\/uploads\/2026\/03\/DSC_6444-scaled.jpg?fit=1200%2C800&ssl=1&resize=1050%2C600 3x"},"classes":[]},{"id":45068,"url":"https:\/\/www.supeinnihonto.com\/nl\/product\/marugata-koperen-tsuba-met-koi-motief-nbthk-hozon-gecertificeerd-12\/","url_meta":{"origin":45099,"position":4},"title":"Marugata koperen tsuba met koi-motief, NBTHK Hozon-gecertificeerd","author":"Eric Majo","date":"1 de maart de 2026","format":false,"excerpt":"ITEM: Wordt geleverd met certificaat van Supein Nihonto. Inclusief NBTHK Hozon-certificaat. Inclusief houten doos. Prachtige koperen tsuba uit de 19e eeuw, gesigneerd, met rand en reli\u00ebfs in shakud\u014d (legering van goud en koper), waarop een karper is afgebeeld met ogen ingelegd in goud. Een uniek kunstwerk.De koi-karper wordt in de\u2026","rel":"","context":"Soortgelijk bericht","block_context":{"text":"Soortgelijk bericht","link":""},"img":{"alt_text":"Silver tsuba for sale","src":"https:\/\/i0.wp.com\/www.supeinnihonto.com\/wp-content\/uploads\/2026\/03\/DSC_6396-scaled.jpg?fit=1200%2C800&ssl=1&resize=350%2C200","width":350,"height":200,"srcset":"https:\/\/i0.wp.com\/www.supeinnihonto.com\/wp-content\/uploads\/2026\/03\/DSC_6396-scaled.jpg?fit=1200%2C800&ssl=1&resize=350%2C200 1x, https:\/\/i0.wp.com\/www.supeinnihonto.com\/wp-content\/uploads\/2026\/03\/DSC_6396-scaled.jpg?fit=1200%2C800&ssl=1&resize=525%2C300 1.5x, https:\/\/i0.wp.com\/www.supeinnihonto.com\/wp-content\/uploads\/2026\/03\/DSC_6396-scaled.jpg?fit=1200%2C800&ssl=1&resize=700%2C400 2x, https:\/\/i0.wp.com\/www.supeinnihonto.com\/wp-content\/uploads\/2026\/03\/DSC_6396-scaled.jpg?fit=1200%2C800&ssl=1&resize=1050%2C600 3x"},"classes":[]},{"id":45084,"url":"https:\/\/www.supeinnihonto.com\/nl\/product\/marugata-koperen-tsuba-met-koi-motief-nbthk-hozon-gecertificeerd-11\/","url_meta":{"origin":45099,"position":5},"title":"Marugata koperen tsuba met koi-motief, NBTHK Hozon-gecertificeerd","author":"Eric Majo","date":"1 de maart de 2026","format":false,"excerpt":"ITEM: Wordt geleverd met certificaat van Supein Nihonto. Inclusief NBTHK Hozon-certificaat. Inclusief houten doos. Prachtige koperen tsuba uit de 19e eeuw, gesigneerd, met rand en reli\u00ebfs in shakud\u014d (legering van goud en koper), waarop een karper is afgebeeld met ogen ingelegd in goud. Een uniek kunstwerk.De koi-karper wordt in de\u2026","rel":"","context":"Soortgelijk bericht","block_context":{"text":"Soortgelijk bericht","link":""},"img":{"alt_text":"Sukashi iron tusba for sale","src":"https:\/\/i0.wp.com\/www.supeinnihonto.com\/wp-content\/uploads\/2026\/03\/DSC_6410-scaled.jpg?fit=1200%2C800&ssl=1&resize=350%2C200","width":350,"height":200,"srcset":"https:\/\/i0.wp.com\/www.supeinnihonto.com\/wp-content\/uploads\/2026\/03\/DSC_6410-scaled.jpg?fit=1200%2C800&ssl=1&resize=350%2C200 1x, https:\/\/i0.wp.com\/www.supeinnihonto.com\/wp-content\/uploads\/2026\/03\/DSC_6410-scaled.jpg?fit=1200%2C800&ssl=1&resize=525%2C300 1.5x, https:\/\/i0.wp.com\/www.supeinnihonto.com\/wp-content\/uploads\/2026\/03\/DSC_6410-scaled.jpg?fit=1200%2C800&ssl=1&resize=700%2C400 2x, https:\/\/i0.wp.com\/www.supeinnihonto.com\/wp-content\/uploads\/2026\/03\/DSC_6410-scaled.jpg?fit=1200%2C800&ssl=1&resize=1050%2C600 3x"},"classes":[]}],"jetpack_sharing_enabled":true,"_links":{"self":[{"href":"https:\/\/www.supeinnihonto.com\/nl\/wp-json\/wp\/v2\/product\/45099","targetHints":{"allow":["GET"]}}],"collection":[{"href":"https:\/\/www.supeinnihonto.com\/nl\/wp-json\/wp\/v2\/product"}],"about":[{"href":"https:\/\/www.supeinnihonto.com\/nl\/wp-json\/wp\/v2\/types\/product"}],"wp:featuredmedia":[{"embeddable":true,"href":"https:\/\/www.supeinnihonto.com\/nl\/wp-json\/wp\/v2\/media\/45113"}],"wp:attachment":[{"href":"https:\/\/www.supeinnihonto.com\/nl\/wp-json\/wp\/v2\/media?parent=45099"}],"wp:term":[{"taxonomy":"product_brand","embeddable":true,"href":"https:\/\/www.supeinnihonto.com\/nl\/wp-json\/wp\/v2\/product_brand?post=45099"},{"taxonomy":"product_cat","embeddable":true,"href":"https:\/\/www.supeinnihonto.com\/nl\/wp-json\/wp\/v2\/product_cat?post=45099"},{"taxonomy":"product_tag","embeddable":true,"href":"https:\/\/www.supeinnihonto.com\/nl\/wp-json\/wp\/v2\/product_tag?post=45099"}],"curies":[{"name":"wp","href":"https:\/\/api.w.org\/{rel}","templated":true}]}}