{"id":14989,"date":"2024-02-04T16:14:13","date_gmt":"2024-02-04T16:14:13","guid":{"rendered":"https:\/\/www.supeinnihonto.com\/product\/nihonto-wakizashi-in-shirasaya\/"},"modified":"2025-12-15T06:49:07","modified_gmt":"2025-12-15T06:49:07","slug":"nihonto-wakizashi-in-shirasaya","status":"publish","type":"product","link":"https:\/\/www.supeinnihonto.com\/nl\/product\/nihonto-wakizashi-in-shirasaya\/","title":{"rendered":"Nihonto Wakizashi in Shirasaya"},"content":{"rendered":"<p>Nihonto Wakizashi in Shirasaya.<\/p>\n<p>Bij Supein Nihonto streven we ernaar om u hoogwaardige samoerai-zwaarden aan te bieden tegen prijzen die ver onder die van de concurrentie liggen. Wij zijn waarschijnlijk de grootste exporteur in Europa. Dit is vooral belangrijk om te besparen op belastingen en wachttijden die bij Japanse verkopers meer dan drie maanden kunnen bedragen en meer dan 30% extra op de eindprijs. Dankzij dit en de laagste professionele prijzen in de branche plus onze snelle en effici\u00ebnte verzendmethode, zijn we ervan overtuigd dat u zult genieten van deze geweldige kans om een kunstwerk te bezitten dat in waarde zal stijgen in de komende jaren.<\/p>\n<p>Wordt geleverd met kimono- of katoenen zak.<\/p>\n<p>Fabelachtige wakizashi in shirasaya, gesigneerd en in bijna nieuwstaat ondanks zijn eeuwenoude leeftijd. Stuk uit de 18e eeuw in een fantastische staat van bewaring met een hamon die levendig en vol details is en een Jihada of stalen huid van grote artistieke waarde. Een authentieke Nihonto met eeuwenlange geschiedenis en antiquiteit, beschikbaar tegen een prijs die ver onder die van elke fysieke winkel of website in Europa ligt. Perfect om te beginnen met verzamelen zonder te veel uit te geven maar zonder concessies te doen aan kwaliteit. Zowel het smeden als het polijsten zijn voortreffelijk en met een groot detailniveau.<\/p>\n<p>Het lemmet is in oude Japanse polijsting en blijft in goede staat, de jihada van het staal is gedetailleerd en vol details om te waarderen. Een meesterwerk dat een museum waardig is en een geweldige aanvulling op elke priv\u00e9collectie.<\/p>\n<p>Het lemmet verkeert in zeer goede staat gezien de ouderdom. Geen hagire en uiteraard geen fatale schade. Dit is een Japans wapen en heeft dus een echte historische waarde. Dit is een wapen met eeuwenoude oorsprong, niet machinaal vervaardigd, dus er kunnen kleine bewegingen zijn van saya, tsuka, tsuba, enz. Door uitzetting, vochtigheid, enz. en kleine beschadigingen passend bij de leeftijd zoals kleine roestplekken, krassen, enz. Wordt verkocht zoals het is.<\/p>\n<p>Al mijn zwaarden zijn origineel, ge\u00efmporteerd uit Japan en Europa van de beste handelaren en verzamelaars gedurende vele jaren van verzamelen en passie.<\/p>\n<p>Nihonto Wakizashi in Shirasaya.<\/p>\n<p>Afmetingen: Koshirae Totale lengte: 80 cm<br \/>\nLemmetlengte: 53,1 cm Sori: 1,2 cm<\/p>\n","protected":false},"excerpt":{"rendered":"<p>Nihonto Wakizashi in Shirasaya. Bij Supein Nihonto streven we ernaar om u hoogwaardige samoerai-zwaarden aan te bieden tegen prijzen die ver onder die van de concurrentie liggen. Wij zijn waarschijnlijk de grootste exporteur in Europa. Dit is vooral belangrijk om te besparen op belastingen en wachttijden die bij Japanse verkopers [&hellip;]<\/p>\n","protected":false},"featured_media":13965,"template":"","meta":{"jetpack_post_was_ever_published":false},"product_brand":[],"product_cat":[356,353],"product_tag":[455,437,417],"class_list":{"0":"post-14989","1":"product","2":"type-product","3":"status-publish","4":"has-post-thumbnail","6":"product_cat-nihonto","7":"product_cat-wakizashi","8":"product_tag-katana","9":"product_tag-nihonto","10":"product_tag-wakizashi","11":"product_shipping_class-epees","13":"first","14":"instock","15":"featured","16":"shipping-taxable","17":"purchasable","18":"product-type-simple"},"yoast_head":"<!-- This site is optimized with the Yoast SEO plugin v27.5 - https:\/\/yoast.com\/product\/yoast-seo-wordpress\/ -->\n<title>Nihonto Wakizashi in Shirasaya - Supein Nihonto<\/title>\n<meta name=\"robots\" content=\"index, follow, max-snippet:-1, max-image-preview:large, max-video-preview:-1\" \/>\n<link rel=\"canonical\" href=\"https:\/\/www.supeinnihonto.com\/nl\/product\/nihonto-wakizashi-in-shirasaya\/\" \/>\n<meta property=\"og:locale\" content=\"nl_NL\" \/>\n<meta property=\"og:type\" content=\"article\" \/>\n<meta property=\"og:title\" content=\"Nihonto Wakizashi in Shirasaya - Supein Nihonto\" \/>\n<meta property=\"og:description\" content=\"Nihonto Wakizashi in Shirasaya. Bij Supein Nihonto streven we ernaar om u hoogwaardige samoerai-zwaarden aan te bieden tegen prijzen die ver onder die van de concurrentie liggen. Wij zijn waarschijnlijk de grootste exporteur in Europa. Dit is vooral belangrijk om te besparen op belastingen en wachttijden die bij Japanse verkopers [&hellip;]\" \/>\n<meta property=\"og:url\" content=\"https:\/\/www.supeinnihonto.com\/nl\/product\/nihonto-wakizashi-in-shirasaya\/\" \/>\n<meta property=\"og:site_name\" content=\"Supein Nihonto\" \/>\n<meta property=\"article:modified_time\" content=\"2025-12-15T06:49:07+00:00\" \/>\n<meta property=\"og:image\" content=\"https:\/\/www.supeinnihonto.com\/wp-content\/uploads\/2024\/02\/DSC_0212-scaled.jpg\" \/>\n\t<meta property=\"og:image:width\" content=\"2560\" \/>\n\t<meta property=\"og:image:height\" content=\"1708\" \/>\n\t<meta property=\"og:image:type\" content=\"image\/jpeg\" \/>\n<meta name=\"twitter:card\" content=\"summary_large_image\" \/>\n<meta name=\"twitter:label1\" content=\"Geschatte leestijd\" \/>\n\t<meta name=\"twitter:data1\" content=\"2 minuten\" \/>\n<script type=\"application\/ld+json\" class=\"yoast-schema-graph\">{\"@context\":\"https:\\\/\\\/schema.org\",\"@graph\":[{\"@type\":\"WebPage\",\"@id\":\"https:\\\/\\\/www.supeinnihonto.com\\\/nl\\\/product\\\/nihonto-wakizashi-in-shirasaya\\\/\",\"url\":\"https:\\\/\\\/www.supeinnihonto.com\\\/nl\\\/product\\\/nihonto-wakizashi-in-shirasaya\\\/\",\"name\":\"Nihonto Wakizashi in Shirasaya - Supein Nihonto\",\"isPartOf\":{\"@id\":\"https:\\\/\\\/www.supeinnihonto.com\\\/nl\\\/#website\"},\"primaryImageOfPage\":{\"@id\":\"https:\\\/\\\/www.supeinnihonto.com\\\/nl\\\/product\\\/nihonto-wakizashi-in-shirasaya\\\/#primaryimage\"},\"image\":{\"@id\":\"https:\\\/\\\/www.supeinnihonto.com\\\/nl\\\/product\\\/nihonto-wakizashi-in-shirasaya\\\/#primaryimage\"},\"thumbnailUrl\":\"https:\\\/\\\/i0.wp.com\\\/www.supeinnihonto.com\\\/wp-content\\\/uploads\\\/2024\\\/02\\\/DSC_0212-scaled.jpg?fit=2560%2C1708&ssl=1\",\"datePublished\":\"2024-02-04T16:14:13+00:00\",\"dateModified\":\"2025-12-15T06:49:07+00:00\",\"breadcrumb\":{\"@id\":\"https:\\\/\\\/www.supeinnihonto.com\\\/nl\\\/product\\\/nihonto-wakizashi-in-shirasaya\\\/#breadcrumb\"},\"inLanguage\":\"nl-NL\",\"potentialAction\":[{\"@type\":\"ReadAction\",\"target\":[\"https:\\\/\\\/www.supeinnihonto.com\\\/nl\\\/product\\\/nihonto-wakizashi-in-shirasaya\\\/\"]}]},{\"@type\":\"ImageObject\",\"inLanguage\":\"nl-NL\",\"@id\":\"https:\\\/\\\/www.supeinnihonto.com\\\/nl\\\/product\\\/nihonto-wakizashi-in-shirasaya\\\/#primaryimage\",\"url\":\"https:\\\/\\\/i0.wp.com\\\/www.supeinnihonto.com\\\/wp-content\\\/uploads\\\/2024\\\/02\\\/DSC_0212-scaled.jpg?fit=2560%2C1708&ssl=1\",\"contentUrl\":\"https:\\\/\\\/i0.wp.com\\\/www.supeinnihonto.com\\\/wp-content\\\/uploads\\\/2024\\\/02\\\/DSC_0212-scaled.jpg?fit=2560%2C1708&ssl=1\",\"width\":2560,\"height\":1708,\"caption\":\"Nihonto Wakizashi shirasaya\"},{\"@type\":\"BreadcrumbList\",\"@id\":\"https:\\\/\\\/www.supeinnihonto.com\\\/nl\\\/product\\\/nihonto-wakizashi-in-shirasaya\\\/#breadcrumb\",\"itemListElement\":[{\"@type\":\"ListItem\",\"position\":1,\"name\":\"Portada\",\"item\":\"https:\\\/\\\/www.supeinnihonto.com\\\/nl\\\/\"},{\"@type\":\"ListItem\",\"position\":2,\"name\":\"Shop\",\"item\":\"https:\\\/\\\/www.supeinnihonto.com\\\/nl\\\/shop\\\/\"},{\"@type\":\"ListItem\",\"position\":3,\"name\":\"Nihonto Wakizashi in Shirasaya\"}]},{\"@type\":\"WebSite\",\"@id\":\"https:\\\/\\\/www.supeinnihonto.com\\\/nl\\\/#website\",\"url\":\"https:\\\/\\\/www.supeinnihonto.com\\\/nl\\\/\",\"name\":\"Supein Nihonto\",\"description\":\"Authentic japanese Nihonto katana \",\"publisher\":{\"@id\":\"https:\\\/\\\/www.supeinnihonto.com\\\/nl\\\/#organization\"},\"potentialAction\":[{\"@type\":\"SearchAction\",\"target\":{\"@type\":\"EntryPoint\",\"urlTemplate\":\"https:\\\/\\\/www.supeinnihonto.com\\\/nl\\\/?s={search_term_string}\"},\"query-input\":{\"@type\":\"PropertyValueSpecification\",\"valueRequired\":true,\"valueName\":\"search_term_string\"}}],\"inLanguage\":\"nl-NL\"},{\"@type\":\"Organization\",\"@id\":\"https:\\\/\\\/www.supeinnihonto.com\\\/nl\\\/#organization\",\"name\":\"SupeinNihonto\",\"url\":\"https:\\\/\\\/www.supeinnihonto.com\\\/nl\\\/\",\"logo\":{\"@type\":\"ImageObject\",\"inLanguage\":\"nl-NL\",\"@id\":\"https:\\\/\\\/www.supeinnihonto.com\\\/nl\\\/#\\\/schema\\\/logo\\\/image\\\/\",\"url\":\"https:\\\/\\\/www.supeinnihonto.com\\\/wp-content\\\/uploads\\\/2021\\\/11\\\/animation_Default_3szk0jcenoloop.gif\",\"contentUrl\":\"https:\\\/\\\/www.supeinnihonto.com\\\/wp-content\\\/uploads\\\/2021\\\/11\\\/animation_Default_3szk0jcenoloop.gif\",\"width\":750,\"height\":641,\"caption\":\"SupeinNihonto\"},\"image\":{\"@id\":\"https:\\\/\\\/www.supeinnihonto.com\\\/nl\\\/#\\\/schema\\\/logo\\\/image\\\/\"}}]}<\/script>\n<!-- \/ Yoast SEO plugin. -->","yoast_head_json":{"title":"Nihonto Wakizashi in Shirasaya - Supein Nihonto","robots":{"index":"index","follow":"follow","max-snippet":"max-snippet:-1","max-image-preview":"max-image-preview:large","max-video-preview":"max-video-preview:-1"},"canonical":"https:\/\/www.supeinnihonto.com\/nl\/product\/nihonto-wakizashi-in-shirasaya\/","og_locale":"nl_NL","og_type":"article","og_title":"Nihonto Wakizashi in Shirasaya - Supein Nihonto","og_description":"Nihonto Wakizashi in Shirasaya. Bij Supein Nihonto streven we ernaar om u hoogwaardige samoerai-zwaarden aan te bieden tegen prijzen die ver onder die van de concurrentie liggen. Wij zijn waarschijnlijk de grootste exporteur in Europa. Dit is vooral belangrijk om te besparen op belastingen en wachttijden die bij Japanse verkopers [&hellip;]","og_url":"https:\/\/www.supeinnihonto.com\/nl\/product\/nihonto-wakizashi-in-shirasaya\/","og_site_name":"Supein Nihonto","article_modified_time":"2025-12-15T06:49:07+00:00","og_image":[{"width":2560,"height":1708,"url":"https:\/\/www.supeinnihonto.com\/wp-content\/uploads\/2024\/02\/DSC_0212-scaled.jpg","type":"image\/jpeg"}],"twitter_card":"summary_large_image","twitter_misc":{"Geschatte leestijd":"2 minuten"},"schema":{"@context":"https:\/\/schema.org","@graph":[{"@type":"WebPage","@id":"https:\/\/www.supeinnihonto.com\/nl\/product\/nihonto-wakizashi-in-shirasaya\/","url":"https:\/\/www.supeinnihonto.com\/nl\/product\/nihonto-wakizashi-in-shirasaya\/","name":"Nihonto Wakizashi in Shirasaya - Supein Nihonto","isPartOf":{"@id":"https:\/\/www.supeinnihonto.com\/nl\/#website"},"primaryImageOfPage":{"@id":"https:\/\/www.supeinnihonto.com\/nl\/product\/nihonto-wakizashi-in-shirasaya\/#primaryimage"},"image":{"@id":"https:\/\/www.supeinnihonto.com\/nl\/product\/nihonto-wakizashi-in-shirasaya\/#primaryimage"},"thumbnailUrl":"https:\/\/i0.wp.com\/www.supeinnihonto.com\/wp-content\/uploads\/2024\/02\/DSC_0212-scaled.jpg?fit=2560%2C1708&ssl=1","datePublished":"2024-02-04T16:14:13+00:00","dateModified":"2025-12-15T06:49:07+00:00","breadcrumb":{"@id":"https:\/\/www.supeinnihonto.com\/nl\/product\/nihonto-wakizashi-in-shirasaya\/#breadcrumb"},"inLanguage":"nl-NL","potentialAction":[{"@type":"ReadAction","target":["https:\/\/www.supeinnihonto.com\/nl\/product\/nihonto-wakizashi-in-shirasaya\/"]}]},{"@type":"ImageObject","inLanguage":"nl-NL","@id":"https:\/\/www.supeinnihonto.com\/nl\/product\/nihonto-wakizashi-in-shirasaya\/#primaryimage","url":"https:\/\/i0.wp.com\/www.supeinnihonto.com\/wp-content\/uploads\/2024\/02\/DSC_0212-scaled.jpg?fit=2560%2C1708&ssl=1","contentUrl":"https:\/\/i0.wp.com\/www.supeinnihonto.com\/wp-content\/uploads\/2024\/02\/DSC_0212-scaled.jpg?fit=2560%2C1708&ssl=1","width":2560,"height":1708,"caption":"Nihonto Wakizashi shirasaya"},{"@type":"BreadcrumbList","@id":"https:\/\/www.supeinnihonto.com\/nl\/product\/nihonto-wakizashi-in-shirasaya\/#breadcrumb","itemListElement":[{"@type":"ListItem","position":1,"name":"Portada","item":"https:\/\/www.supeinnihonto.com\/nl\/"},{"@type":"ListItem","position":2,"name":"Shop","item":"https:\/\/www.supeinnihonto.com\/nl\/shop\/"},{"@type":"ListItem","position":3,"name":"Nihonto Wakizashi in Shirasaya"}]},{"@type":"WebSite","@id":"https:\/\/www.supeinnihonto.com\/nl\/#website","url":"https:\/\/www.supeinnihonto.com\/nl\/","name":"Supein Nihonto","description":"Authentic japanese Nihonto katana ","publisher":{"@id":"https:\/\/www.supeinnihonto.com\/nl\/#organization"},"potentialAction":[{"@type":"SearchAction","target":{"@type":"EntryPoint","urlTemplate":"https:\/\/www.supeinnihonto.com\/nl\/?s={search_term_string}"},"query-input":{"@type":"PropertyValueSpecification","valueRequired":true,"valueName":"search_term_string"}}],"inLanguage":"nl-NL"},{"@type":"Organization","@id":"https:\/\/www.supeinnihonto.com\/nl\/#organization","name":"SupeinNihonto","url":"https:\/\/www.supeinnihonto.com\/nl\/","logo":{"@type":"ImageObject","inLanguage":"nl-NL","@id":"https:\/\/www.supeinnihonto.com\/nl\/#\/schema\/logo\/image\/","url":"https:\/\/www.supeinnihonto.com\/wp-content\/uploads\/2021\/11\/animation_Default_3szk0jcenoloop.gif","contentUrl":"https:\/\/www.supeinnihonto.com\/wp-content\/uploads\/2021\/11\/animation_Default_3szk0jcenoloop.gif","width":750,"height":641,"caption":"SupeinNihonto"},"image":{"@id":"https:\/\/www.supeinnihonto.com\/nl\/#\/schema\/logo\/image\/"}}]}},"jetpack-related-posts":[{"id":15025,"url":"https:\/\/www.supeinnihonto.com\/nl\/product\/nihonto-wakizashi-horimono-in-shirasaya\/","url_meta":{"origin":14989,"position":0},"title":"Nihonto Wakizashi Horimono in Shirasaya","author":"ericmontero","date":"4 de februari de 2024","format":false,"excerpt":"Nihonto Wakizashi Horimono in Shirasaya. Bij Supein Nihonto streven we ernaar om u hoogwaardige samoerai-zwaarden aan te bieden tegen prijzen die ver onder die van de concurrentie liggen. Wij zijn waarschijnlijk de grootste exporteur in Europa. Dit is vooral belangrijk om te besparen op belastingen en wachttijden die bij Japanse\u2026","rel":"","context":"Soortgelijk bericht","block_context":{"text":"Soortgelijk bericht","link":""},"img":{"alt_text":"Wakizashi Horimono in Shirasaya","src":"https:\/\/i0.wp.com\/www.supeinnihonto.com\/wp-content\/uploads\/2024\/02\/DSC_0007-scaled.jpg?fit=1200%2C801&ssl=1&resize=350%2C200","width":350,"height":200,"srcset":"https:\/\/i0.wp.com\/www.supeinnihonto.com\/wp-content\/uploads\/2024\/02\/DSC_0007-scaled.jpg?fit=1200%2C801&ssl=1&resize=350%2C200 1x, https:\/\/i0.wp.com\/www.supeinnihonto.com\/wp-content\/uploads\/2024\/02\/DSC_0007-scaled.jpg?fit=1200%2C801&ssl=1&resize=525%2C300 1.5x, https:\/\/i0.wp.com\/www.supeinnihonto.com\/wp-content\/uploads\/2024\/02\/DSC_0007-scaled.jpg?fit=1200%2C801&ssl=1&resize=700%2C400 2x, https:\/\/i0.wp.com\/www.supeinnihonto.com\/wp-content\/uploads\/2024\/02\/DSC_0007-scaled.jpg?fit=1200%2C801&ssl=1&resize=1050%2C600 3x"},"classes":[]},{"id":14993,"url":"https:\/\/www.supeinnihonto.com\/nl\/product\/wakizashi-nihonto-bo-hi\/","url_meta":{"origin":14989,"position":1},"title":"Wakizashi Nihonto Bo-Hi","author":"ericmontero","date":"4 de februari de 2024","format":false,"excerpt":"Wakizashi Nihonto Bo-Hi. Bij Supein Nihonto streven we ernaar om u hoogwaardige samoerai-zwaarden aan te bieden tegen prijzen die ver onder die van de concurrentie liggen. Wij zijn waarschijnlijk de grootste exporteur in Europa. Dit is vooral belangrijk om te besparen op belastingen en wachttijden die bij Japanse verkopers meer\u2026","rel":"","context":"Soortgelijk bericht","block_context":{"text":"Soortgelijk bericht","link":""},"img":{"alt_text":"sold","src":"https:\/\/i0.wp.com\/www.supeinnihonto.com\/wp-content\/uploads\/2024\/02\/logo-sold-scaled.png?fit=1200%2C720&ssl=1&resize=350%2C200","width":350,"height":200,"srcset":"https:\/\/i0.wp.com\/www.supeinnihonto.com\/wp-content\/uploads\/2024\/02\/logo-sold-scaled.png?fit=1200%2C720&ssl=1&resize=350%2C200 1x, https:\/\/i0.wp.com\/www.supeinnihonto.com\/wp-content\/uploads\/2024\/02\/logo-sold-scaled.png?fit=1200%2C720&ssl=1&resize=525%2C300 1.5x, https:\/\/i0.wp.com\/www.supeinnihonto.com\/wp-content\/uploads\/2024\/02\/logo-sold-scaled.png?fit=1200%2C720&ssl=1&resize=700%2C400 2x, https:\/\/i0.wp.com\/www.supeinnihonto.com\/wp-content\/uploads\/2024\/02\/logo-sold-scaled.png?fit=1200%2C720&ssl=1&resize=1050%2C600 3x"},"classes":[]},{"id":14981,"url":"https:\/\/www.supeinnihonto.com\/nl\/product\/nihonto-katana-in-shirasaya\/","url_meta":{"origin":14989,"position":2},"title":"Nihonto Katana in Shirasaya","author":"ericmontero","date":"4 de februari de 2024","format":false,"excerpt":"Nihonto Katana in Shirasaya. Bij Supein Nihonto streven we ernaar om u hoogwaardige samoerai-zwaarden aan te bieden tegen prijzen die ver onder die van de concurrentie liggen. Wij zijn waarschijnlijk de grootste exporteur in Europa. Dit is vooral belangrijk om te besparen op belastingen en wachttijden die bij Japanse verkopers\u2026","rel":"","context":"Soortgelijk bericht","block_context":{"text":"Soortgelijk bericht","link":""},"img":{"alt_text":"Nihonto Katana en shirasaya I","src":"https:\/\/i0.wp.com\/www.supeinnihonto.com\/wp-content\/uploads\/2024\/02\/DSC_0241-1-scaled.jpg?fit=1200%2C801&ssl=1&resize=350%2C200","width":350,"height":200,"srcset":"https:\/\/i0.wp.com\/www.supeinnihonto.com\/wp-content\/uploads\/2024\/02\/DSC_0241-1-scaled.jpg?fit=1200%2C801&ssl=1&resize=350%2C200 1x, https:\/\/i0.wp.com\/www.supeinnihonto.com\/wp-content\/uploads\/2024\/02\/DSC_0241-1-scaled.jpg?fit=1200%2C801&ssl=1&resize=525%2C300 1.5x, https:\/\/i0.wp.com\/www.supeinnihonto.com\/wp-content\/uploads\/2024\/02\/DSC_0241-1-scaled.jpg?fit=1200%2C801&ssl=1&resize=700%2C400 2x, https:\/\/i0.wp.com\/www.supeinnihonto.com\/wp-content\/uploads\/2024\/02\/DSC_0241-1-scaled.jpg?fit=1200%2C801&ssl=1&resize=1050%2C600 3x"},"classes":[]},{"id":14745,"url":"https:\/\/www.supeinnihonto.com\/nl\/product\/zeshoekige-koperen-tsuba-met-chrysant\/","url_meta":{"origin":14989,"position":3},"title":"Zeshoekige koperen tsuba met chrysant","author":"Supein Nihonto","date":"8 de mei de 2024","format":false,"excerpt":"ITEM: Wordt geleverd met certificaat van SupeinNihonto. Zeldzaam voorbeeld van een zeshoekige tsuba uit twee materialen, met een buitenzijde van koper en een binnenzijde die een chrysant in shakud\u014d voorstelt. Zeer zeldzame en verzamelwaardige tsuba. 6,7 x 6,2 cm OVER ONS: Bij Supein Nihonto streven wij ernaar u samurai-zwaarden en\u2026","rel":"","context":"Soortgelijk bericht","block_context":{"text":"Soortgelijk bericht","link":""},"img":{"alt_text":"Exagonal copper Chrisantemum tsuba","src":"https:\/\/i0.wp.com\/www.supeinnihonto.com\/wp-content\/uploads\/2024\/05\/Exagonal-copper-Chrisantemum.webp?fit=600%2C400&ssl=1&resize=350%2C200","width":350,"height":200,"srcset":"https:\/\/i0.wp.com\/www.supeinnihonto.com\/wp-content\/uploads\/2024\/05\/Exagonal-copper-Chrisantemum.webp?fit=600%2C400&ssl=1&resize=350%2C200 1x, https:\/\/i0.wp.com\/www.supeinnihonto.com\/wp-content\/uploads\/2024\/05\/Exagonal-copper-Chrisantemum.webp?fit=600%2C400&ssl=1&resize=525%2C300 1.5x"},"classes":[]},{"id":14565,"url":"https:\/\/www.supeinnihonto.com\/nl\/product\/shakudo-kakugata-shoki-tsuba\/","url_meta":{"origin":14989,"position":4},"title":"Shakudo Kakugata Shoki Tsuba","author":"ericmontero","date":"7 de mei de 2024","format":false,"excerpt":"ITEM: Wordt geleverd met certificaat van SupeinNihonto. Shakudo Kakugata Shoki Tsuba gesigneerd. Vertegenwoordigt Shoki, de demonenvanger. Topstuk tsuba museumstuk. Deze tsuba is een authentiek kunstwerk. Het snijwerk is meer dan uitstekend. Gemaakt van Shakudo (goud- en koperlegering). Er zijn verschillende inlegwerkstukken zoals goud, zilver, shibuichi en koper. Uit de Edo-periode.\u2026","rel":"","context":"Soortgelijk bericht","block_context":{"text":"Soortgelijk bericht","link":""},"img":{"alt_text":"Shakudo Kakugata Shoki Tsuba","src":"https:\/\/i0.wp.com\/www.supeinnihonto.com\/wp-content\/uploads\/2024\/05\/DSC_3426-scaled.jpg?fit=1200%2C800&ssl=1&resize=350%2C200","width":350,"height":200,"srcset":"https:\/\/i0.wp.com\/www.supeinnihonto.com\/wp-content\/uploads\/2024\/05\/DSC_3426-scaled.jpg?fit=1200%2C800&ssl=1&resize=350%2C200 1x, https:\/\/i0.wp.com\/www.supeinnihonto.com\/wp-content\/uploads\/2024\/05\/DSC_3426-scaled.jpg?fit=1200%2C800&ssl=1&resize=525%2C300 1.5x, https:\/\/i0.wp.com\/www.supeinnihonto.com\/wp-content\/uploads\/2024\/05\/DSC_3426-scaled.jpg?fit=1200%2C800&ssl=1&resize=700%2C400 2x, https:\/\/i0.wp.com\/www.supeinnihonto.com\/wp-content\/uploads\/2024\/05\/DSC_3426-scaled.jpg?fit=1200%2C800&ssl=1&resize=1050%2C600 3x"},"classes":[]},{"id":12340,"url":"https:\/\/www.supeinnihonto.com\/nl\/product\/marugata-shakudo-samurai\/","url_meta":{"origin":14989,"position":5},"title":"Marugata shakudo tsuba samurai","author":"Eric Majo","date":"12 de november de 2024","format":false,"excerpt":"ITEM: Wordt geleverd met certificaat van Supein Nihonto. Inclusief houten doos. Gesigneerd \u201cNara Naoyoshi\u201d, marugata-tsuba van k\u0101\u014d-shakud\u014d (legering van goud en koper). Een stuk van onge\u00ebvenaarde kwaliteit, waardig aan de beste musea ter wereld. De uitzonderlijke detaillering en het verfijnde snijwerk van dit prachtige object, dat een oorlogssc\u00e8ne van Dan\u2026","rel":"","context":"Soortgelijk bericht","block_context":{"text":"Soortgelijk bericht","link":""},"img":{"alt_text":"Marugata shakudo tsuba samurai","src":"https:\/\/i0.wp.com\/www.supeinnihonto.com\/wp-content\/uploads\/2024\/11\/DSC1956-scaled.jpg?fit=1200%2C800&ssl=1&resize=350%2C200","width":350,"height":200,"srcset":"https:\/\/i0.wp.com\/www.supeinnihonto.com\/wp-content\/uploads\/2024\/11\/DSC1956-scaled.jpg?fit=1200%2C800&ssl=1&resize=350%2C200 1x, https:\/\/i0.wp.com\/www.supeinnihonto.com\/wp-content\/uploads\/2024\/11\/DSC1956-scaled.jpg?fit=1200%2C800&ssl=1&resize=525%2C300 1.5x, https:\/\/i0.wp.com\/www.supeinnihonto.com\/wp-content\/uploads\/2024\/11\/DSC1956-scaled.jpg?fit=1200%2C800&ssl=1&resize=700%2C400 2x, https:\/\/i0.wp.com\/www.supeinnihonto.com\/wp-content\/uploads\/2024\/11\/DSC1956-scaled.jpg?fit=1200%2C800&ssl=1&resize=1050%2C600 3x"},"classes":[]}],"jetpack_sharing_enabled":true,"_links":{"self":[{"href":"https:\/\/www.supeinnihonto.com\/nl\/wp-json\/wp\/v2\/product\/14989","targetHints":{"allow":["GET"]}}],"collection":[{"href":"https:\/\/www.supeinnihonto.com\/nl\/wp-json\/wp\/v2\/product"}],"about":[{"href":"https:\/\/www.supeinnihonto.com\/nl\/wp-json\/wp\/v2\/types\/product"}],"wp:featuredmedia":[{"embeddable":true,"href":"https:\/\/www.supeinnihonto.com\/nl\/wp-json\/wp\/v2\/media\/13965"}],"wp:attachment":[{"href":"https:\/\/www.supeinnihonto.com\/nl\/wp-json\/wp\/v2\/media?parent=14989"}],"wp:term":[{"taxonomy":"product_brand","embeddable":true,"href":"https:\/\/www.supeinnihonto.com\/nl\/wp-json\/wp\/v2\/product_brand?post=14989"},{"taxonomy":"product_cat","embeddable":true,"href":"https:\/\/www.supeinnihonto.com\/nl\/wp-json\/wp\/v2\/product_cat?post=14989"},{"taxonomy":"product_tag","embeddable":true,"href":"https:\/\/www.supeinnihonto.com\/nl\/wp-json\/wp\/v2\/product_tag?post=14989"}],"curies":[{"name":"wp","href":"https:\/\/api.w.org\/{rel}","templated":true}]}}