{"id":14981,"date":"2024-02-04T16:26:23","date_gmt":"2024-02-04T16:26:23","guid":{"rendered":"https:\/\/www.supeinnihonto.com\/product\/nihonto-katana-in-shirasaya\/"},"modified":"2025-12-15T06:49:09","modified_gmt":"2025-12-15T06:49:09","slug":"nihonto-katana-in-shirasaya","status":"publish","type":"product","link":"https:\/\/www.supeinnihonto.com\/nl\/product\/nihonto-katana-in-shirasaya\/","title":{"rendered":"Nihonto Katana in Shirasaya"},"content":{"rendered":"<p>Nihonto Katana in Shirasaya.<\/p>\n<p>Bij Supein Nihonto streven we ernaar om u hoogwaardige samoerai-zwaarden aan te bieden tegen prijzen die ver onder die van de concurrentie liggen. Wij zijn waarschijnlijk de grootste exporteur in Europa. Dit is vooral belangrijk om te besparen op belastingen en wachttijden die bij Japanse verkopers meer dan drie maanden kunnen bedragen en meer dan 30% extra op de eindprijs. Dankzij dit, de laagste professionele prijzen in de branche en onze snelle en effici\u00ebnte verzendmethode, zijn we ervan overtuigd dat u deze geweldige kans zult waarderen om een kunstwerk te bezitten dat in waarde zal stijgen in de komende jaren.<\/p>\n<p>Wordt geleverd met kimono- of katoenen tas.<\/p>\n<p>&nbsp;<\/p>\n<div class=\"smith-top-header\">\n<div class=\"smith-general\">\n<fieldset class=\"smith-general-fieldgroup\">\n<div class=\"smith-name\">Yoshimasa<\/div>\n<div class=\"smith-general-table\">\n<table border=\"0\">\n<tbody>\n<tr class=\"odd\">\n<td class=\"smith-field-name\">ID<\/td>\n<td class=\"smith-field-value\">YOS1551<\/td>\n<\/tr>\n<tr class=\"even\">\n<td class=\"smith-field-name\">Provincie<\/td>\n<td class=\"smith-field-value\">Chikuzen<\/td>\n<\/tr>\n<tr class=\"odd\">\n<td class=\"smith-field-name\">Tijdperk<\/td>\n<td class=\"smith-field-value\">Bunsei (1818-1830)<\/td>\n<\/tr>\n<tr class=\"even\">\n<td class=\"smith-field-name\">Actieve Periode<\/td>\n<td class=\"smith-field-value\">1828-1830<\/td>\n<\/tr>\n<\/tbody>\n<\/table>\n<\/div>\n<div class=\"smith-rating-table\">\n<table border=\"0\">\n<thead>\n<tr>\n<th class=\"smith-rating-header\">Bron<\/th>\n<th class=\"smith-rating-header\">Beoordeling<\/th>\n<th class=\"smith-rating-header\">Referentie\/Pagina<\/th>\n<\/tr>\n<\/thead>\n<tbody>\n<tr class=\"odd\">\n<td class=\"smith-field-name\">Hawley<\/td>\n<td class=\"smith-field-value\">10<\/td>\n<td class=\"smith-field-value\">YOS1551<\/td>\n<\/tr>\n<tr class=\"even\">\n<td class=\"smith-field-name\">Toko Taikan<\/td>\n<td class=\"smith-field-value\">\u00a52.8M<\/td>\n<td class=\"smith-field-value\">776<\/td>\n<\/tr>\n<\/tbody>\n<\/table>\n<\/div>\n<\/fieldset>\n<\/div>\n<\/div>\n<div class=\"field field-type-text field-field-smith-signature\">\n<div class=\"field-label\">Handtekeningen:<\/div>\n<div class=\"kanji-mei\">\u7b51\u5dde\u4fe1\u570b\u6e90\u7fa9\u660c<\/div>\n<div class=\"romaji-mei\">chikush\u016b nobukuni minamoto yoshimasa<\/div>\n<div class=\"kanji-mei\">\u7b51\u5dde\u6e90\u4fe1\u570b\u7fa9\u660c\u9020<\/div>\n<div class=\"romaji-mei\">chikush\u016b minamoto nobukuni yoshimasa tsukuru<\/div>\n<div><\/div>\n<\/div>\n<p>Geweldige Nihonto Katana in shirasaya, gesigneerd en in bijna nieuwstaat ondanks zijn eeuwenoude leeftijd. Stuk uit de 19e eeuw in een fantastische staat van behoud. Met een levendige hamon en vol details en een Jihada of stalen huid van grote artistieke waarde. Een authentieke Nihonto met eeuwen geschiedenis en antiquiteit, beschikbaar tegen een prijs die ver onder elke fysieke winkel of website in Europa ligt. Perfect om te beginnen met verzamelen zonder te veel uit te geven, maar zonder concessies te doen aan kwaliteit. Zowel het smeden als het polijsten zijn voortreffelijk en met een groot detailniveau.<\/p>\n<p>Het lemmet is in oude Japanse polijsting en verkeert nog in goede staat, de jihada van het staal is gedetailleerd en vol details om te waarderen. Een meesterwerk waardig aan een museum en een geweldige aanvulling op elke priv\u00e9collectie.<\/p>\n<p>Het lemmet is in zeer goede staat gezien de ouderdom. Geen hagire en geen fatale schade, uiteraard. Dit is een Japans wapen en heeft dus een echte historische waarde. Dit is een wapen met eeuwen oud, niet machinaal vervaardigd, dus er kunnen kleine bewegingen zijn van saya, tsuka, tsuba, enz. Door uitzetting, vochtigheid, enz. en kleine schade passend bij zijn leeftijd zoals kleine roestplekken, krassen, enz. Wordt verkocht zoals het is.<\/p>\n<p>Al mijn zwaarden zijn origineel, ge\u00efmporteerd uit Japan en Europa van de beste handelaren en verzamelaars gedurende vele jaren van verzameling en passie.<\/p>\n<p>Nihonto Katana in Shirasaya.<\/p>\n<p>Afmetingen: Koshirae Totale lengte: 94 cm<br \/>\nLemmetlengte: 64,1 cm Sori: 1,6 cm<\/p>\n","protected":false},"excerpt":{"rendered":"<p>Nihonto Katana in Shirasaya. Bij Supein Nihonto streven we ernaar om u hoogwaardige samoerai-zwaarden aan te bieden tegen prijzen die ver onder die van de concurrentie liggen. Wij zijn waarschijnlijk de grootste exporteur in Europa. Dit is vooral belangrijk om te besparen op belastingen en wachttijden die bij Japanse verkopers [&hellip;]<\/p>\n","protected":false},"featured_media":14982,"template":"","meta":{"jetpack_post_was_ever_published":false},"product_brand":[],"product_cat":[355,356],"product_tag":[455,437],"class_list":{"0":"post-14981","1":"product","2":"type-product","3":"status-publish","4":"has-post-thumbnail","6":"product_cat-katana-tachi","7":"product_cat-nihonto","8":"product_tag-katana","9":"product_tag-nihonto","10":"product_shipping_class-epees","12":"first","13":"instock","14":"featured","15":"shipping-taxable","16":"purchasable","17":"product-type-simple"},"yoast_head":"<!-- This site is optimized with the Yoast SEO plugin v27.6 - https:\/\/yoast.com\/product\/yoast-seo-wordpress\/ -->\n<title>Nihonto Katana in Shirasaya - Supein Nihonto<\/title>\n<meta name=\"robots\" content=\"index, follow, max-snippet:-1, max-image-preview:large, max-video-preview:-1\" \/>\n<link rel=\"canonical\" href=\"https:\/\/www.supeinnihonto.com\/nl\/product\/nihonto-katana-in-shirasaya\/\" \/>\n<meta property=\"og:locale\" content=\"nl_NL\" \/>\n<meta property=\"og:type\" content=\"article\" \/>\n<meta property=\"og:title\" content=\"Nihonto Katana in Shirasaya - Supein Nihonto\" \/>\n<meta property=\"og:description\" content=\"Nihonto Katana in Shirasaya. Bij Supein Nihonto streven we ernaar om u hoogwaardige samoerai-zwaarden aan te bieden tegen prijzen die ver onder die van de concurrentie liggen. Wij zijn waarschijnlijk de grootste exporteur in Europa. Dit is vooral belangrijk om te besparen op belastingen en wachttijden die bij Japanse verkopers [&hellip;]\" \/>\n<meta property=\"og:url\" content=\"https:\/\/www.supeinnihonto.com\/nl\/product\/nihonto-katana-in-shirasaya\/\" \/>\n<meta property=\"og:site_name\" content=\"Supein Nihonto\" \/>\n<meta property=\"article:modified_time\" content=\"2025-12-15T06:49:09+00:00\" \/>\n<meta property=\"og:image\" content=\"https:\/\/www.supeinnihonto.com\/wp-content\/uploads\/2024\/02\/DSC_0241-1-scaled.jpg\" \/>\n\t<meta property=\"og:image:width\" content=\"2560\" \/>\n\t<meta property=\"og:image:height\" content=\"1708\" \/>\n\t<meta property=\"og:image:type\" content=\"image\/jpeg\" \/>\n<meta name=\"twitter:card\" content=\"summary_large_image\" \/>\n<meta name=\"twitter:label1\" content=\"Geschatte leestijd\" \/>\n\t<meta name=\"twitter:data1\" content=\"2 minuten\" \/>\n<script type=\"application\/ld+json\" class=\"yoast-schema-graph\">{\"@context\":\"https:\\\/\\\/schema.org\",\"@graph\":[{\"@type\":\"WebPage\",\"@id\":\"https:\\\/\\\/www.supeinnihonto.com\\\/nl\\\/product\\\/nihonto-katana-in-shirasaya\\\/\",\"url\":\"https:\\\/\\\/www.supeinnihonto.com\\\/nl\\\/product\\\/nihonto-katana-in-shirasaya\\\/\",\"name\":\"Nihonto Katana in Shirasaya - Supein Nihonto\",\"isPartOf\":{\"@id\":\"https:\\\/\\\/www.supeinnihonto.com\\\/nl\\\/#website\"},\"primaryImageOfPage\":{\"@id\":\"https:\\\/\\\/www.supeinnihonto.com\\\/nl\\\/product\\\/nihonto-katana-in-shirasaya\\\/#primaryimage\"},\"image\":{\"@id\":\"https:\\\/\\\/www.supeinnihonto.com\\\/nl\\\/product\\\/nihonto-katana-in-shirasaya\\\/#primaryimage\"},\"thumbnailUrl\":\"https:\\\/\\\/i0.wp.com\\\/www.supeinnihonto.com\\\/wp-content\\\/uploads\\\/2024\\\/02\\\/DSC_0241-1-scaled.jpg?fit=2560%2C1708&ssl=1\",\"datePublished\":\"2024-02-04T16:26:23+00:00\",\"dateModified\":\"2025-12-15T06:49:09+00:00\",\"breadcrumb\":{\"@id\":\"https:\\\/\\\/www.supeinnihonto.com\\\/nl\\\/product\\\/nihonto-katana-in-shirasaya\\\/#breadcrumb\"},\"inLanguage\":\"nl-NL\",\"potentialAction\":[{\"@type\":\"ReadAction\",\"target\":[\"https:\\\/\\\/www.supeinnihonto.com\\\/nl\\\/product\\\/nihonto-katana-in-shirasaya\\\/\"]}]},{\"@type\":\"ImageObject\",\"inLanguage\":\"nl-NL\",\"@id\":\"https:\\\/\\\/www.supeinnihonto.com\\\/nl\\\/product\\\/nihonto-katana-in-shirasaya\\\/#primaryimage\",\"url\":\"https:\\\/\\\/i0.wp.com\\\/www.supeinnihonto.com\\\/wp-content\\\/uploads\\\/2024\\\/02\\\/DSC_0241-1-scaled.jpg?fit=2560%2C1708&ssl=1\",\"contentUrl\":\"https:\\\/\\\/i0.wp.com\\\/www.supeinnihonto.com\\\/wp-content\\\/uploads\\\/2024\\\/02\\\/DSC_0241-1-scaled.jpg?fit=2560%2C1708&ssl=1\",\"width\":2560,\"height\":1708,\"caption\":\"Nihonto Katana en shirasaya I\"},{\"@type\":\"BreadcrumbList\",\"@id\":\"https:\\\/\\\/www.supeinnihonto.com\\\/nl\\\/product\\\/nihonto-katana-in-shirasaya\\\/#breadcrumb\",\"itemListElement\":[{\"@type\":\"ListItem\",\"position\":1,\"name\":\"Portada\",\"item\":\"https:\\\/\\\/www.supeinnihonto.com\\\/nl\\\/\"},{\"@type\":\"ListItem\",\"position\":2,\"name\":\"Shop\",\"item\":\"https:\\\/\\\/www.supeinnihonto.com\\\/nl\\\/shop\\\/\"},{\"@type\":\"ListItem\",\"position\":3,\"name\":\"Nihonto Katana in Shirasaya\"}]},{\"@type\":\"WebSite\",\"@id\":\"https:\\\/\\\/www.supeinnihonto.com\\\/nl\\\/#website\",\"url\":\"https:\\\/\\\/www.supeinnihonto.com\\\/nl\\\/\",\"name\":\"Supein Nihonto\",\"description\":\"Authentic japanese Nihonto katana \",\"publisher\":{\"@id\":\"https:\\\/\\\/www.supeinnihonto.com\\\/nl\\\/#organization\"},\"potentialAction\":[{\"@type\":\"SearchAction\",\"target\":{\"@type\":\"EntryPoint\",\"urlTemplate\":\"https:\\\/\\\/www.supeinnihonto.com\\\/nl\\\/?s={search_term_string}\"},\"query-input\":{\"@type\":\"PropertyValueSpecification\",\"valueRequired\":true,\"valueName\":\"search_term_string\"}}],\"inLanguage\":\"nl-NL\"},{\"@type\":\"Organization\",\"@id\":\"https:\\\/\\\/www.supeinnihonto.com\\\/nl\\\/#organization\",\"name\":\"SupeinNihonto\",\"url\":\"https:\\\/\\\/www.supeinnihonto.com\\\/nl\\\/\",\"logo\":{\"@type\":\"ImageObject\",\"inLanguage\":\"nl-NL\",\"@id\":\"https:\\\/\\\/www.supeinnihonto.com\\\/nl\\\/#\\\/schema\\\/logo\\\/image\\\/\",\"url\":\"https:\\\/\\\/www.supeinnihonto.com\\\/wp-content\\\/uploads\\\/2021\\\/11\\\/animation_Default_3szk0jcenoloop.gif\",\"contentUrl\":\"https:\\\/\\\/www.supeinnihonto.com\\\/wp-content\\\/uploads\\\/2021\\\/11\\\/animation_Default_3szk0jcenoloop.gif\",\"width\":750,\"height\":641,\"caption\":\"SupeinNihonto\"},\"image\":{\"@id\":\"https:\\\/\\\/www.supeinnihonto.com\\\/nl\\\/#\\\/schema\\\/logo\\\/image\\\/\"}}]}<\/script>\n<!-- \/ Yoast SEO plugin. -->","yoast_head_json":{"title":"Nihonto Katana in Shirasaya - Supein Nihonto","robots":{"index":"index","follow":"follow","max-snippet":"max-snippet:-1","max-image-preview":"max-image-preview:large","max-video-preview":"max-video-preview:-1"},"canonical":"https:\/\/www.supeinnihonto.com\/nl\/product\/nihonto-katana-in-shirasaya\/","og_locale":"nl_NL","og_type":"article","og_title":"Nihonto Katana in Shirasaya - Supein Nihonto","og_description":"Nihonto Katana in Shirasaya. Bij Supein Nihonto streven we ernaar om u hoogwaardige samoerai-zwaarden aan te bieden tegen prijzen die ver onder die van de concurrentie liggen. Wij zijn waarschijnlijk de grootste exporteur in Europa. Dit is vooral belangrijk om te besparen op belastingen en wachttijden die bij Japanse verkopers [&hellip;]","og_url":"https:\/\/www.supeinnihonto.com\/nl\/product\/nihonto-katana-in-shirasaya\/","og_site_name":"Supein Nihonto","article_modified_time":"2025-12-15T06:49:09+00:00","og_image":[{"width":2560,"height":1708,"url":"https:\/\/www.supeinnihonto.com\/wp-content\/uploads\/2024\/02\/DSC_0241-1-scaled.jpg","type":"image\/jpeg"}],"twitter_card":"summary_large_image","twitter_misc":{"Geschatte leestijd":"2 minuten"},"schema":{"@context":"https:\/\/schema.org","@graph":[{"@type":"WebPage","@id":"https:\/\/www.supeinnihonto.com\/nl\/product\/nihonto-katana-in-shirasaya\/","url":"https:\/\/www.supeinnihonto.com\/nl\/product\/nihonto-katana-in-shirasaya\/","name":"Nihonto Katana in Shirasaya - Supein Nihonto","isPartOf":{"@id":"https:\/\/www.supeinnihonto.com\/nl\/#website"},"primaryImageOfPage":{"@id":"https:\/\/www.supeinnihonto.com\/nl\/product\/nihonto-katana-in-shirasaya\/#primaryimage"},"image":{"@id":"https:\/\/www.supeinnihonto.com\/nl\/product\/nihonto-katana-in-shirasaya\/#primaryimage"},"thumbnailUrl":"https:\/\/i0.wp.com\/www.supeinnihonto.com\/wp-content\/uploads\/2024\/02\/DSC_0241-1-scaled.jpg?fit=2560%2C1708&ssl=1","datePublished":"2024-02-04T16:26:23+00:00","dateModified":"2025-12-15T06:49:09+00:00","breadcrumb":{"@id":"https:\/\/www.supeinnihonto.com\/nl\/product\/nihonto-katana-in-shirasaya\/#breadcrumb"},"inLanguage":"nl-NL","potentialAction":[{"@type":"ReadAction","target":["https:\/\/www.supeinnihonto.com\/nl\/product\/nihonto-katana-in-shirasaya\/"]}]},{"@type":"ImageObject","inLanguage":"nl-NL","@id":"https:\/\/www.supeinnihonto.com\/nl\/product\/nihonto-katana-in-shirasaya\/#primaryimage","url":"https:\/\/i0.wp.com\/www.supeinnihonto.com\/wp-content\/uploads\/2024\/02\/DSC_0241-1-scaled.jpg?fit=2560%2C1708&ssl=1","contentUrl":"https:\/\/i0.wp.com\/www.supeinnihonto.com\/wp-content\/uploads\/2024\/02\/DSC_0241-1-scaled.jpg?fit=2560%2C1708&ssl=1","width":2560,"height":1708,"caption":"Nihonto Katana en shirasaya I"},{"@type":"BreadcrumbList","@id":"https:\/\/www.supeinnihonto.com\/nl\/product\/nihonto-katana-in-shirasaya\/#breadcrumb","itemListElement":[{"@type":"ListItem","position":1,"name":"Portada","item":"https:\/\/www.supeinnihonto.com\/nl\/"},{"@type":"ListItem","position":2,"name":"Shop","item":"https:\/\/www.supeinnihonto.com\/nl\/shop\/"},{"@type":"ListItem","position":3,"name":"Nihonto Katana in Shirasaya"}]},{"@type":"WebSite","@id":"https:\/\/www.supeinnihonto.com\/nl\/#website","url":"https:\/\/www.supeinnihonto.com\/nl\/","name":"Supein Nihonto","description":"Authentic japanese Nihonto katana ","publisher":{"@id":"https:\/\/www.supeinnihonto.com\/nl\/#organization"},"potentialAction":[{"@type":"SearchAction","target":{"@type":"EntryPoint","urlTemplate":"https:\/\/www.supeinnihonto.com\/nl\/?s={search_term_string}"},"query-input":{"@type":"PropertyValueSpecification","valueRequired":true,"valueName":"search_term_string"}}],"inLanguage":"nl-NL"},{"@type":"Organization","@id":"https:\/\/www.supeinnihonto.com\/nl\/#organization","name":"SupeinNihonto","url":"https:\/\/www.supeinnihonto.com\/nl\/","logo":{"@type":"ImageObject","inLanguage":"nl-NL","@id":"https:\/\/www.supeinnihonto.com\/nl\/#\/schema\/logo\/image\/","url":"https:\/\/www.supeinnihonto.com\/wp-content\/uploads\/2021\/11\/animation_Default_3szk0jcenoloop.gif","contentUrl":"https:\/\/www.supeinnihonto.com\/wp-content\/uploads\/2021\/11\/animation_Default_3szk0jcenoloop.gif","width":750,"height":641,"caption":"SupeinNihonto"},"image":{"@id":"https:\/\/www.supeinnihonto.com\/nl\/#\/schema\/logo\/image\/"}}]}},"jetpack-related-posts":[{"id":14989,"url":"https:\/\/www.supeinnihonto.com\/nl\/product\/nihonto-wakizashi-in-shirasaya\/","url_meta":{"origin":14981,"position":0},"title":"Nihonto Wakizashi in Shirasaya","author":"ericmontero","date":"4 de februari de 2024","format":false,"excerpt":"Nihonto Wakizashi in Shirasaya. Bij Supein Nihonto streven we ernaar om u hoogwaardige samoerai-zwaarden aan te bieden tegen prijzen die ver onder die van de concurrentie liggen. Wij zijn waarschijnlijk de grootste exporteur in Europa. Dit is vooral belangrijk om te besparen op belastingen en wachttijden die bij Japanse verkopers\u2026","rel":"","context":"Soortgelijk bericht","block_context":{"text":"Soortgelijk bericht","link":""},"img":{"alt_text":"Nihonto Wakizashi shirasaya","src":"https:\/\/i0.wp.com\/www.supeinnihonto.com\/wp-content\/uploads\/2024\/02\/DSC_0212-scaled.jpg?fit=1200%2C801&ssl=1&resize=350%2C200","width":350,"height":200,"srcset":"https:\/\/i0.wp.com\/www.supeinnihonto.com\/wp-content\/uploads\/2024\/02\/DSC_0212-scaled.jpg?fit=1200%2C801&ssl=1&resize=350%2C200 1x, https:\/\/i0.wp.com\/www.supeinnihonto.com\/wp-content\/uploads\/2024\/02\/DSC_0212-scaled.jpg?fit=1200%2C801&ssl=1&resize=525%2C300 1.5x, https:\/\/i0.wp.com\/www.supeinnihonto.com\/wp-content\/uploads\/2024\/02\/DSC_0212-scaled.jpg?fit=1200%2C801&ssl=1&resize=700%2C400 2x, https:\/\/i0.wp.com\/www.supeinnihonto.com\/wp-content\/uploads\/2024\/02\/DSC_0212-scaled.jpg?fit=1200%2C801&ssl=1&resize=1050%2C600 3x"},"classes":[]},{"id":15025,"url":"https:\/\/www.supeinnihonto.com\/nl\/product\/nihonto-wakizashi-horimono-in-shirasaya\/","url_meta":{"origin":14981,"position":1},"title":"Nihonto Wakizashi Horimono in Shirasaya","author":"ericmontero","date":"4 de februari de 2024","format":false,"excerpt":"Nihonto Wakizashi Horimono in Shirasaya. Bij Supein Nihonto streven we ernaar om u hoogwaardige samoerai-zwaarden aan te bieden tegen prijzen die ver onder die van de concurrentie liggen. Wij zijn waarschijnlijk de grootste exporteur in Europa. Dit is vooral belangrijk om te besparen op belastingen en wachttijden die bij Japanse\u2026","rel":"","context":"Soortgelijk bericht","block_context":{"text":"Soortgelijk bericht","link":""},"img":{"alt_text":"Wakizashi Horimono in Shirasaya","src":"https:\/\/i0.wp.com\/www.supeinnihonto.com\/wp-content\/uploads\/2024\/02\/DSC_0007-scaled.jpg?fit=1200%2C801&ssl=1&resize=350%2C200","width":350,"height":200,"srcset":"https:\/\/i0.wp.com\/www.supeinnihonto.com\/wp-content\/uploads\/2024\/02\/DSC_0007-scaled.jpg?fit=1200%2C801&ssl=1&resize=350%2C200 1x, https:\/\/i0.wp.com\/www.supeinnihonto.com\/wp-content\/uploads\/2024\/02\/DSC_0007-scaled.jpg?fit=1200%2C801&ssl=1&resize=525%2C300 1.5x, https:\/\/i0.wp.com\/www.supeinnihonto.com\/wp-content\/uploads\/2024\/02\/DSC_0007-scaled.jpg?fit=1200%2C801&ssl=1&resize=700%2C400 2x, https:\/\/i0.wp.com\/www.supeinnihonto.com\/wp-content\/uploads\/2024\/02\/DSC_0007-scaled.jpg?fit=1200%2C801&ssl=1&resize=1050%2C600 3x"},"classes":[]},{"id":14281,"url":"https:\/\/www.supeinnihonto.com\/nl\/product\/nihonto-katana-yonuzawa-yoshikuni\/","url_meta":{"origin":14981,"position":2},"title":"Nihonto Katana Yonuzawa Yoshikuni","author":"ericmontero","date":"4 de februari de 2024","format":false,"excerpt":"Nihonto Katana Yonuzawa Yoshikuni. NBTHK Tokobetsu Hozon. Bij Supein Nihonto streven we ernaar om u hoogwaardige samoerai-zwaarden aan te bieden tegen prijzen die ver onder die van de concurrentie liggen. Wij zijn waarschijnlijk de grootste exporteur in Europa. Dit is vooral belangrijk om te besparen op belastingen en wachttijden die\u2026","rel":"","context":"Soortgelijk bericht","block_context":{"text":"Soortgelijk bericht","link":""},"img":{"alt_text":"Sold","src":"https:\/\/i0.wp.com\/www.supeinnihonto.com\/wp-content\/uploads\/2024\/01\/logo-sold-scaled.png?fit=1200%2C720&ssl=1&resize=350%2C200","width":350,"height":200,"srcset":"https:\/\/i0.wp.com\/www.supeinnihonto.com\/wp-content\/uploads\/2024\/01\/logo-sold-scaled.png?fit=1200%2C720&ssl=1&resize=350%2C200 1x, https:\/\/i0.wp.com\/www.supeinnihonto.com\/wp-content\/uploads\/2024\/01\/logo-sold-scaled.png?fit=1200%2C720&ssl=1&resize=525%2C300 1.5x, https:\/\/i0.wp.com\/www.supeinnihonto.com\/wp-content\/uploads\/2024\/01\/logo-sold-scaled.png?fit=1200%2C720&ssl=1&resize=700%2C400 2x, https:\/\/i0.wp.com\/www.supeinnihonto.com\/wp-content\/uploads\/2024\/01\/logo-sold-scaled.png?fit=1200%2C720&ssl=1&resize=1050%2C600 3x"},"classes":[]},{"id":12340,"url":"https:\/\/www.supeinnihonto.com\/nl\/product\/marugata-shakudo-samurai\/","url_meta":{"origin":14981,"position":3},"title":"Marugata shakudo tsuba samurai","author":"Eric Majo","date":"12 de november de 2024","format":false,"excerpt":"ITEM: Wordt geleverd met certificaat van Supein Nihonto. Inclusief houten doos. Gesigneerd \u201cNara Naoyoshi\u201d, marugata-tsuba van k\u0101\u014d-shakud\u014d (legering van goud en koper). Een stuk van onge\u00ebvenaarde kwaliteit, waardig aan de beste musea ter wereld. De uitzonderlijke detaillering en het verfijnde snijwerk van dit prachtige object, dat een oorlogssc\u00e8ne van Dan\u2026","rel":"","context":"Soortgelijk bericht","block_context":{"text":"Soortgelijk bericht","link":""},"img":{"alt_text":"Marugata shakudo tsuba samurai","src":"https:\/\/i0.wp.com\/www.supeinnihonto.com\/wp-content\/uploads\/2024\/11\/DSC1956-scaled.jpg?fit=1200%2C800&ssl=1&resize=350%2C200","width":350,"height":200,"srcset":"https:\/\/i0.wp.com\/www.supeinnihonto.com\/wp-content\/uploads\/2024\/11\/DSC1956-scaled.jpg?fit=1200%2C800&ssl=1&resize=350%2C200 1x, https:\/\/i0.wp.com\/www.supeinnihonto.com\/wp-content\/uploads\/2024\/11\/DSC1956-scaled.jpg?fit=1200%2C800&ssl=1&resize=525%2C300 1.5x, https:\/\/i0.wp.com\/www.supeinnihonto.com\/wp-content\/uploads\/2024\/11\/DSC1956-scaled.jpg?fit=1200%2C800&ssl=1&resize=700%2C400 2x, https:\/\/i0.wp.com\/www.supeinnihonto.com\/wp-content\/uploads\/2024\/11\/DSC1956-scaled.jpg?fit=1200%2C800&ssl=1&resize=1050%2C600 3x"},"classes":[]},{"id":12356,"url":"https:\/\/www.supeinnihonto.com\/nl\/product\/marugata-bronzen-items\/","url_meta":{"origin":14981,"position":4},"title":"Marugata bronzen items","author":"Eric Majo","date":"12 de november de 2024","format":false,"excerpt":"ITEM: Wordt geleverd met certificaat van Supein Nihonto. Inclusief houten doos. Bronzen tsuba met een zilveren rand, versierd met alledaagse culturele motieven zoals een ikebana-vaas, een theepot, houten vazen en schelpen. Ingelegd met brons, zilver en goud. Een zeer verfijnd en uitvoerig werk voor een bijzonder originele tsuba. Dik en\u2026","rel":"","context":"Soortgelijk bericht","block_context":{"text":"Soortgelijk bericht","link":""},"img":{"alt_text":"","src":"https:\/\/i0.wp.com\/www.supeinnihonto.com\/wp-content\/uploads\/2024\/11\/DSC1977-scaled.jpg?fit=1200%2C800&ssl=1&resize=350%2C200","width":350,"height":200,"srcset":"https:\/\/i0.wp.com\/www.supeinnihonto.com\/wp-content\/uploads\/2024\/11\/DSC1977-scaled.jpg?fit=1200%2C800&ssl=1&resize=350%2C200 1x, https:\/\/i0.wp.com\/www.supeinnihonto.com\/wp-content\/uploads\/2024\/11\/DSC1977-scaled.jpg?fit=1200%2C800&ssl=1&resize=525%2C300 1.5x, https:\/\/i0.wp.com\/www.supeinnihonto.com\/wp-content\/uploads\/2024\/11\/DSC1977-scaled.jpg?fit=1200%2C800&ssl=1&resize=700%2C400 2x, https:\/\/i0.wp.com\/www.supeinnihonto.com\/wp-content\/uploads\/2024\/11\/DSC1977-scaled.jpg?fit=1200%2C800&ssl=1&resize=1050%2C600 3x"},"classes":[]},{"id":12404,"url":"https:\/\/www.supeinnihonto.com\/nl\/product\/marugata-koperen-tsuba-met-koi-motief-nbthk-hozon-gecertificeerd\/","url_meta":{"origin":14981,"position":5},"title":"Marugata koperen tsuba met koi-motief, NBTHK Hozon-gecertificeerd","author":"Eric Majo","date":"11 de november de 2024","format":false,"excerpt":"ITEM: Wordt geleverd met certificaat van Supein Nihonto. Inclusief NBTHK Hozon-certificaat. Inclusief houten doos. Prachtige koperen tsuba uit de 19e eeuw, gesigneerd, met rand en reli\u00ebfs in shakud\u014d (legering van goud en koper), waarop een karper is afgebeeld met ogen ingelegd in goud. Een uniek kunstwerk.De koi-karper wordt in de\u2026","rel":"","context":"Soortgelijk bericht","block_context":{"text":"Soortgelijk bericht","link":""},"img":{"alt_text":"Marugata copper koi tsuba NBTHK hozon","src":"https:\/\/i0.wp.com\/www.supeinnihonto.com\/wp-content\/uploads\/2024\/11\/DSC1819-scaled.jpg?fit=1200%2C800&ssl=1&resize=350%2C200","width":350,"height":200,"srcset":"https:\/\/i0.wp.com\/www.supeinnihonto.com\/wp-content\/uploads\/2024\/11\/DSC1819-scaled.jpg?fit=1200%2C800&ssl=1&resize=350%2C200 1x, https:\/\/i0.wp.com\/www.supeinnihonto.com\/wp-content\/uploads\/2024\/11\/DSC1819-scaled.jpg?fit=1200%2C800&ssl=1&resize=525%2C300 1.5x, https:\/\/i0.wp.com\/www.supeinnihonto.com\/wp-content\/uploads\/2024\/11\/DSC1819-scaled.jpg?fit=1200%2C800&ssl=1&resize=700%2C400 2x, https:\/\/i0.wp.com\/www.supeinnihonto.com\/wp-content\/uploads\/2024\/11\/DSC1819-scaled.jpg?fit=1200%2C800&ssl=1&resize=1050%2C600 3x"},"classes":[]}],"jetpack_sharing_enabled":true,"_links":{"self":[{"href":"https:\/\/www.supeinnihonto.com\/nl\/wp-json\/wp\/v2\/product\/14981","targetHints":{"allow":["GET"]}}],"collection":[{"href":"https:\/\/www.supeinnihonto.com\/nl\/wp-json\/wp\/v2\/product"}],"about":[{"href":"https:\/\/www.supeinnihonto.com\/nl\/wp-json\/wp\/v2\/types\/product"}],"wp:featuredmedia":[{"embeddable":true,"href":"https:\/\/www.supeinnihonto.com\/nl\/wp-json\/wp\/v2\/media\/14982"}],"wp:attachment":[{"href":"https:\/\/www.supeinnihonto.com\/nl\/wp-json\/wp\/v2\/media?parent=14981"}],"wp:term":[{"taxonomy":"product_brand","embeddable":true,"href":"https:\/\/www.supeinnihonto.com\/nl\/wp-json\/wp\/v2\/product_brand?post=14981"},{"taxonomy":"product_cat","embeddable":true,"href":"https:\/\/www.supeinnihonto.com\/nl\/wp-json\/wp\/v2\/product_cat?post=14981"},{"taxonomy":"product_tag","embeddable":true,"href":"https:\/\/www.supeinnihonto.com\/nl\/wp-json\/wp\/v2\/product_tag?post=14981"}],"curies":[{"name":"wp","href":"https:\/\/api.w.org\/{rel}","templated":true}]}}