{"id":14873,"date":"2024-05-09T08:30:37","date_gmt":"2024-05-09T08:30:37","guid":{"rendered":"https:\/\/www.supeinnihonto.com\/product\/inro-makie-horses-and-oxen\/"},"modified":"2026-01-02T10:48:02","modified_gmt":"2026-01-02T10:48:02","slug":"inro-met-maki-e-decoratie-van-paarden-en-ossen","status":"publish","type":"product","link":"https:\/\/www.supeinnihonto.com\/nl\/product\/inro-met-maki-e-decoratie-van-paarden-en-ossen\/","title":{"rendered":"Inro met maki-e decoratie van paarden en ossen"},"content":{"rendered":"<p><em><strong>Object: <\/strong><\/em><\/p>\n<p>Inro met maki-e decoratie van paarden en ossen. Gesigneerd \u201cKajikawa Tomohide\u201d. Prachtige inro in uitzonderlijke staat, uitgevoerd met een superieure maki-e techniek, met paarden aan de ene zijde en ossen aan de andere. Het stuk verkeert in vrijwel onberispelijke staat en behoudt al zijn elementen, zoals de eveneens met maki-e gelakte manju netsuke of de dubbele ojime van rood koraal en metaal. Een echt museumstuk. 19e eeuw.<\/p>\n<p>5,5 x 3,5 cm<\/p>\n<p><em><strong><span style=\"color: #000000;\">Wat is een Inro?<\/span><\/strong><\/em><\/p>\n<p><span style=\"color: #000000;\">Een <i><b>inro<\/b><\/i> is een traditionele Japanse doos voor het bewaren van kleine voorwerpen, die aan de <span title=\"Japanese-language romanization\"><i lang=\"ja-Latn\"><a href=\"https:\/\/en.wikipedia.org\/wiki\/Obi_(sash)\" title=\"Obi (sash)\" style=\"color: #000000;\">obi<\/a><\/i><\/span> (ceintuur) wordt gehangen en rond de taille wordt gedragen bij het dragen van een <a href=\"https:\/\/en.wikipedia.org\/wiki\/Kimono\" title=\"Kimono\" style=\"color: #000000;\">kimono<\/a>. Ze zijn vaak rijkelijk versierd met materialen zoals <a href=\"https:\/\/en.wikipedia.org\/wiki\/Lacquer\" title=\"Lacquer\" style=\"color: #000000;\">lak<\/a> en technieken zoals <span title=\"Japanese-language romanization\"><i lang=\"ja-Latn\"><a href=\"https:\/\/en.wikipedia.org\/wiki\/Maki-e\" title=\"Maki-e\" style=\"color: #000000;\">maki-e<\/a><\/i><\/span>, en zijn decoratiever dan ander <a href=\"https:\/\/en.wikipedia.org\/wiki\/Japanese_lacquerware\" title=\"Japanese lacquerware\" style=\"color: #000000;\">Japans lakwerk<\/a>.<\/span><\/p>\n<p><span style=\"color: #000000;\">Omdat traditionele Japanse kleding geen zakken had, werden voorwerpen vaak gedragen door ze aan de <span title=\"Japanese-language romanization\"><i lang=\"ja-Latn\">obi<\/i><\/span> te hangen in containers die bekend staan als <span title=\"Japanese-language romanization\"><i lang=\"ja-Latn\"><a href=\"https:\/\/en.wiktionary.org\/wiki\/sagemono\" class=\"extiw\" title=\"wikt:sagemono\" style=\"color: #000000;\">sagemono<\/a><\/i><\/span>. De meeste <span title=\"Japanese-language romanization\"><i lang=\"ja-Latn\">sagemono<\/i><\/span> waren bedoeld voor specifieke inhoud, zoals tabak, pijpen, schrijfkwasten en inkt, maar het type dat bekend staat als <span title=\"Japanese-language romanization\"><i lang=\"ja-Latn\">inro<\/i><\/span> is geschikt voor kleine voorwerpen en werd gecre\u00eberd in de <a href=\"https:\/\/en.wikipedia.org\/wiki\/Sengoku_period\" title=\"Sengoku period\" style=\"color: #000000;\">Sengoku-periode<\/a> (1467\u20131615) als draagbaar identiteitszegel en medicijncontainer voor reizen.<\/span><\/p>\n","protected":false},"excerpt":{"rendered":"<p>Object: Inro met maki-e decoratie van paarden en ossen. Gesigneerd \u201cKajikawa Tomohide\u201d. Prachtige inro in uitzonderlijke staat, uitgevoerd met een superieure maki-e techniek, met paarden aan de ene zijde en ossen aan de andere. Het stuk verkeert in vrijwel onberispelijke staat en behoudt al zijn elementen, zoals de eveneens met [&hellip;]<\/p>\n","protected":false},"featured_media":14874,"template":"","meta":{"jetpack_post_was_ever_published":false},"product_brand":[],"product_cat":[358],"product_tag":[],"class_list":{"0":"post-14873","1":"product","2":"type-product","3":"status-publish","4":"has-post-thumbnail","6":"product_cat-inro","7":"product_shipping_class-light","9":"first","10":"instock","11":"featured","12":"sold-individually","13":"shipping-taxable","14":"purchasable","15":"product-type-simple"},"yoast_head":"<!-- This site is optimized with the Yoast SEO plugin v27.4 - https:\/\/yoast.com\/product\/yoast-seo-wordpress\/ -->\n<title>Inro met maki-e decoratie van paarden en ossen - Supein Nihonto<\/title>\n<meta name=\"description\" content=\"Inro met maki-e decoratie van chrysantenbloemen. Zeldzame inro in miniatuurformaat van voortreffelijk vakmanschap, met talrijke details en enkele shibayama-inlegwerkjes van parelmoer.\" \/>\n<meta name=\"robots\" content=\"index, follow, max-snippet:-1, max-image-preview:large, max-video-preview:-1\" \/>\n<link rel=\"canonical\" href=\"https:\/\/www.supeinnihonto.com\/nl\/product\/inro-met-maki-e-decoratie-van-paarden-en-ossen\/\" \/>\n<meta property=\"og:locale\" content=\"nl_NL\" \/>\n<meta property=\"og:type\" content=\"article\" \/>\n<meta property=\"og:title\" content=\"Inro met maki-e decoratie van paarden en ossen - Supein Nihonto\" \/>\n<meta property=\"og:description\" content=\"Inro met maki-e decoratie van chrysantenbloemen. Zeldzame inro in miniatuurformaat van voortreffelijk vakmanschap, met talrijke details en enkele shibayama-inlegwerkjes van parelmoer.\" \/>\n<meta property=\"og:url\" content=\"https:\/\/www.supeinnihonto.com\/nl\/product\/inro-met-maki-e-decoratie-van-paarden-en-ossen\/\" \/>\n<meta property=\"og:site_name\" content=\"Supein Nihonto\" \/>\n<meta property=\"article:modified_time\" content=\"2026-01-02T10:48:02+00:00\" \/>\n<meta property=\"og:image\" content=\"https:\/\/www.supeinnihonto.com\/wp-content\/uploads\/2024\/05\/DSC_3581-scaled.jpg\" \/>\n\t<meta property=\"og:image:width\" content=\"2560\" \/>\n\t<meta property=\"og:image:height\" content=\"1707\" \/>\n\t<meta property=\"og:image:type\" content=\"image\/jpeg\" \/>\n<meta name=\"twitter:card\" content=\"summary_large_image\" \/>\n<meta name=\"twitter:label1\" content=\"Geschatte leestijd\" \/>\n\t<meta name=\"twitter:data1\" content=\"2 minuten\" \/>\n<script type=\"application\/ld+json\" class=\"yoast-schema-graph\">{\"@context\":\"https:\\\/\\\/schema.org\",\"@graph\":[{\"@type\":\"WebPage\",\"@id\":\"https:\\\/\\\/www.supeinnihonto.com\\\/nl\\\/product\\\/inro-met-maki-e-decoratie-van-paarden-en-ossen\\\/\",\"url\":\"https:\\\/\\\/www.supeinnihonto.com\\\/nl\\\/product\\\/inro-met-maki-e-decoratie-van-paarden-en-ossen\\\/\",\"name\":\"Inro met maki-e decoratie van paarden en ossen - Supein Nihonto\",\"isPartOf\":{\"@id\":\"https:\\\/\\\/www.supeinnihonto.com\\\/nl\\\/#website\"},\"primaryImageOfPage\":{\"@id\":\"https:\\\/\\\/www.supeinnihonto.com\\\/nl\\\/product\\\/inro-met-maki-e-decoratie-van-paarden-en-ossen\\\/#primaryimage\"},\"image\":{\"@id\":\"https:\\\/\\\/www.supeinnihonto.com\\\/nl\\\/product\\\/inro-met-maki-e-decoratie-van-paarden-en-ossen\\\/#primaryimage\"},\"thumbnailUrl\":\"https:\\\/\\\/i0.wp.com\\\/www.supeinnihonto.com\\\/wp-content\\\/uploads\\\/2024\\\/05\\\/DSC_3581-scaled.jpg?fit=2560%2C1707&ssl=1\",\"datePublished\":\"2024-05-09T08:30:37+00:00\",\"dateModified\":\"2026-01-02T10:48:02+00:00\",\"description\":\"Inro met maki-e decoratie van chrysantenbloemen. Zeldzame inro in miniatuurformaat van voortreffelijk vakmanschap, met talrijke details en enkele shibayama-inlegwerkjes van parelmoer.\",\"breadcrumb\":{\"@id\":\"https:\\\/\\\/www.supeinnihonto.com\\\/nl\\\/product\\\/inro-met-maki-e-decoratie-van-paarden-en-ossen\\\/#breadcrumb\"},\"inLanguage\":\"nl-NL\",\"potentialAction\":[{\"@type\":\"ReadAction\",\"target\":[\"https:\\\/\\\/www.supeinnihonto.com\\\/nl\\\/product\\\/inro-met-maki-e-decoratie-van-paarden-en-ossen\\\/\"]}]},{\"@type\":\"ImageObject\",\"inLanguage\":\"nl-NL\",\"@id\":\"https:\\\/\\\/www.supeinnihonto.com\\\/nl\\\/product\\\/inro-met-maki-e-decoratie-van-paarden-en-ossen\\\/#primaryimage\",\"url\":\"https:\\\/\\\/i0.wp.com\\\/www.supeinnihonto.com\\\/wp-content\\\/uploads\\\/2024\\\/05\\\/DSC_3581-scaled.jpg?fit=2560%2C1707&ssl=1\",\"contentUrl\":\"https:\\\/\\\/i0.wp.com\\\/www.supeinnihonto.com\\\/wp-content\\\/uploads\\\/2024\\\/05\\\/DSC_3581-scaled.jpg?fit=2560%2C1707&ssl=1\",\"width\":2560,\"height\":1707,\"caption\":\"Inro Makie horses and oxen\"},{\"@type\":\"BreadcrumbList\",\"@id\":\"https:\\\/\\\/www.supeinnihonto.com\\\/nl\\\/product\\\/inro-met-maki-e-decoratie-van-paarden-en-ossen\\\/#breadcrumb\",\"itemListElement\":[{\"@type\":\"ListItem\",\"position\":1,\"name\":\"Portada\",\"item\":\"https:\\\/\\\/www.supeinnihonto.com\\\/nl\\\/\"},{\"@type\":\"ListItem\",\"position\":2,\"name\":\"Shop\",\"item\":\"https:\\\/\\\/www.supeinnihonto.com\\\/nl\\\/shop\\\/\"},{\"@type\":\"ListItem\",\"position\":3,\"name\":\"Inro met maki-e decoratie van paarden en ossen\"}]},{\"@type\":\"WebSite\",\"@id\":\"https:\\\/\\\/www.supeinnihonto.com\\\/nl\\\/#website\",\"url\":\"https:\\\/\\\/www.supeinnihonto.com\\\/nl\\\/\",\"name\":\"Supein Nihonto\",\"description\":\"Authentic japanese Nihonto katana \",\"publisher\":{\"@id\":\"https:\\\/\\\/www.supeinnihonto.com\\\/nl\\\/#organization\"},\"potentialAction\":[{\"@type\":\"SearchAction\",\"target\":{\"@type\":\"EntryPoint\",\"urlTemplate\":\"https:\\\/\\\/www.supeinnihonto.com\\\/nl\\\/?s={search_term_string}\"},\"query-input\":{\"@type\":\"PropertyValueSpecification\",\"valueRequired\":true,\"valueName\":\"search_term_string\"}}],\"inLanguage\":\"nl-NL\"},{\"@type\":\"Organization\",\"@id\":\"https:\\\/\\\/www.supeinnihonto.com\\\/nl\\\/#organization\",\"name\":\"SupeinNihonto\",\"url\":\"https:\\\/\\\/www.supeinnihonto.com\\\/nl\\\/\",\"logo\":{\"@type\":\"ImageObject\",\"inLanguage\":\"nl-NL\",\"@id\":\"https:\\\/\\\/www.supeinnihonto.com\\\/nl\\\/#\\\/schema\\\/logo\\\/image\\\/\",\"url\":\"https:\\\/\\\/www.supeinnihonto.com\\\/wp-content\\\/uploads\\\/2021\\\/11\\\/animation_Default_3szk0jcenoloop.gif\",\"contentUrl\":\"https:\\\/\\\/www.supeinnihonto.com\\\/wp-content\\\/uploads\\\/2021\\\/11\\\/animation_Default_3szk0jcenoloop.gif\",\"width\":750,\"height\":641,\"caption\":\"SupeinNihonto\"},\"image\":{\"@id\":\"https:\\\/\\\/www.supeinnihonto.com\\\/nl\\\/#\\\/schema\\\/logo\\\/image\\\/\"}}]}<\/script>\n<!-- \/ Yoast SEO plugin. -->","yoast_head_json":{"title":"Inro met maki-e decoratie van paarden en ossen - Supein Nihonto","description":"Inro met maki-e decoratie van chrysantenbloemen. Zeldzame inro in miniatuurformaat van voortreffelijk vakmanschap, met talrijke details en enkele shibayama-inlegwerkjes van parelmoer.","robots":{"index":"index","follow":"follow","max-snippet":"max-snippet:-1","max-image-preview":"max-image-preview:large","max-video-preview":"max-video-preview:-1"},"canonical":"https:\/\/www.supeinnihonto.com\/nl\/product\/inro-met-maki-e-decoratie-van-paarden-en-ossen\/","og_locale":"nl_NL","og_type":"article","og_title":"Inro met maki-e decoratie van paarden en ossen - Supein Nihonto","og_description":"Inro met maki-e decoratie van chrysantenbloemen. Zeldzame inro in miniatuurformaat van voortreffelijk vakmanschap, met talrijke details en enkele shibayama-inlegwerkjes van parelmoer.","og_url":"https:\/\/www.supeinnihonto.com\/nl\/product\/inro-met-maki-e-decoratie-van-paarden-en-ossen\/","og_site_name":"Supein Nihonto","article_modified_time":"2026-01-02T10:48:02+00:00","og_image":[{"width":2560,"height":1707,"url":"https:\/\/www.supeinnihonto.com\/wp-content\/uploads\/2024\/05\/DSC_3581-scaled.jpg","type":"image\/jpeg"}],"twitter_card":"summary_large_image","twitter_misc":{"Geschatte leestijd":"2 minuten"},"schema":{"@context":"https:\/\/schema.org","@graph":[{"@type":"WebPage","@id":"https:\/\/www.supeinnihonto.com\/nl\/product\/inro-met-maki-e-decoratie-van-paarden-en-ossen\/","url":"https:\/\/www.supeinnihonto.com\/nl\/product\/inro-met-maki-e-decoratie-van-paarden-en-ossen\/","name":"Inro met maki-e decoratie van paarden en ossen - Supein Nihonto","isPartOf":{"@id":"https:\/\/www.supeinnihonto.com\/nl\/#website"},"primaryImageOfPage":{"@id":"https:\/\/www.supeinnihonto.com\/nl\/product\/inro-met-maki-e-decoratie-van-paarden-en-ossen\/#primaryimage"},"image":{"@id":"https:\/\/www.supeinnihonto.com\/nl\/product\/inro-met-maki-e-decoratie-van-paarden-en-ossen\/#primaryimage"},"thumbnailUrl":"https:\/\/i0.wp.com\/www.supeinnihonto.com\/wp-content\/uploads\/2024\/05\/DSC_3581-scaled.jpg?fit=2560%2C1707&ssl=1","datePublished":"2024-05-09T08:30:37+00:00","dateModified":"2026-01-02T10:48:02+00:00","description":"Inro met maki-e decoratie van chrysantenbloemen. Zeldzame inro in miniatuurformaat van voortreffelijk vakmanschap, met talrijke details en enkele shibayama-inlegwerkjes van parelmoer.","breadcrumb":{"@id":"https:\/\/www.supeinnihonto.com\/nl\/product\/inro-met-maki-e-decoratie-van-paarden-en-ossen\/#breadcrumb"},"inLanguage":"nl-NL","potentialAction":[{"@type":"ReadAction","target":["https:\/\/www.supeinnihonto.com\/nl\/product\/inro-met-maki-e-decoratie-van-paarden-en-ossen\/"]}]},{"@type":"ImageObject","inLanguage":"nl-NL","@id":"https:\/\/www.supeinnihonto.com\/nl\/product\/inro-met-maki-e-decoratie-van-paarden-en-ossen\/#primaryimage","url":"https:\/\/i0.wp.com\/www.supeinnihonto.com\/wp-content\/uploads\/2024\/05\/DSC_3581-scaled.jpg?fit=2560%2C1707&ssl=1","contentUrl":"https:\/\/i0.wp.com\/www.supeinnihonto.com\/wp-content\/uploads\/2024\/05\/DSC_3581-scaled.jpg?fit=2560%2C1707&ssl=1","width":2560,"height":1707,"caption":"Inro Makie horses and oxen"},{"@type":"BreadcrumbList","@id":"https:\/\/www.supeinnihonto.com\/nl\/product\/inro-met-maki-e-decoratie-van-paarden-en-ossen\/#breadcrumb","itemListElement":[{"@type":"ListItem","position":1,"name":"Portada","item":"https:\/\/www.supeinnihonto.com\/nl\/"},{"@type":"ListItem","position":2,"name":"Shop","item":"https:\/\/www.supeinnihonto.com\/nl\/shop\/"},{"@type":"ListItem","position":3,"name":"Inro met maki-e decoratie van paarden en ossen"}]},{"@type":"WebSite","@id":"https:\/\/www.supeinnihonto.com\/nl\/#website","url":"https:\/\/www.supeinnihonto.com\/nl\/","name":"Supein Nihonto","description":"Authentic japanese Nihonto katana ","publisher":{"@id":"https:\/\/www.supeinnihonto.com\/nl\/#organization"},"potentialAction":[{"@type":"SearchAction","target":{"@type":"EntryPoint","urlTemplate":"https:\/\/www.supeinnihonto.com\/nl\/?s={search_term_string}"},"query-input":{"@type":"PropertyValueSpecification","valueRequired":true,"valueName":"search_term_string"}}],"inLanguage":"nl-NL"},{"@type":"Organization","@id":"https:\/\/www.supeinnihonto.com\/nl\/#organization","name":"SupeinNihonto","url":"https:\/\/www.supeinnihonto.com\/nl\/","logo":{"@type":"ImageObject","inLanguage":"nl-NL","@id":"https:\/\/www.supeinnihonto.com\/nl\/#\/schema\/logo\/image\/","url":"https:\/\/www.supeinnihonto.com\/wp-content\/uploads\/2021\/11\/animation_Default_3szk0jcenoloop.gif","contentUrl":"https:\/\/www.supeinnihonto.com\/wp-content\/uploads\/2021\/11\/animation_Default_3szk0jcenoloop.gif","width":750,"height":641,"caption":"SupeinNihonto"},"image":{"@id":"https:\/\/www.supeinnihonto.com\/nl\/#\/schema\/logo\/image\/"}}]}},"jetpack-related-posts":[{"id":14773,"url":"https:\/\/www.supeinnihonto.com\/nl\/product\/inro-met-maki-e-decoratie-van-chrysantenbloemen\/","url_meta":{"origin":14873,"position":0},"title":"Inro met maki-e decoratie van chrysantenbloemen","author":"Supein Nihonto","date":"9 de mei de 2024","format":false,"excerpt":"Object: Inro met maki-e decoratie van chrysantenbloemen. Zeldzame inro in miniatuurformaat van voortreffelijk vakmanschap, met talrijke details en enkele shibayama-inleg van parelmoer. Manju netsuke van brons en been. Ojime van rood koraal. Zowel de inro als de netsuke verkeren in zeer goede staat, wat voor de meeste verzamelaars van groot\u2026","rel":"","context":"Soortgelijk bericht","block_context":{"text":"Soortgelijk bericht","link":""},"img":{"alt_text":"Inro Makie Chrisantemum flowers","src":"https:\/\/i0.wp.com\/www.supeinnihonto.com\/wp-content\/uploads\/2024\/05\/Inro-Makie-Chrisantemum-flowers.webp?fit=1200%2C800&ssl=1&resize=350%2C200","width":350,"height":200,"srcset":"https:\/\/i0.wp.com\/www.supeinnihonto.com\/wp-content\/uploads\/2024\/05\/Inro-Makie-Chrisantemum-flowers.webp?fit=1200%2C800&ssl=1&resize=350%2C200 1x, https:\/\/i0.wp.com\/www.supeinnihonto.com\/wp-content\/uploads\/2024\/05\/Inro-Makie-Chrisantemum-flowers.webp?fit=1200%2C800&ssl=1&resize=525%2C300 1.5x, https:\/\/i0.wp.com\/www.supeinnihonto.com\/wp-content\/uploads\/2024\/05\/Inro-Makie-Chrisantemum-flowers.webp?fit=1200%2C800&ssl=1&resize=700%2C400 2x, https:\/\/i0.wp.com\/www.supeinnihonto.com\/wp-content\/uploads\/2024\/05\/Inro-Makie-Chrisantemum-flowers.webp?fit=1200%2C800&ssl=1&resize=1050%2C600 3x"},"classes":[]},{"id":14857,"url":"https:\/\/www.supeinnihonto.com\/nl\/product\/inro-makie-shibayama-kinoko\/","url_meta":{"origin":14873,"position":1},"title":"Inr\u014d in Shibayama-maki-e met paddenstoelen (kinoko)","author":"ericmontero","date":"9 de mei de 2024","format":false,"excerpt":"Item:\u00a0 Prachtige inro met maki-e en parelmoer ingelegde shibayama. Gesigneerd. De inro verkeert in fantastische staat, evenals de netsuke, gesneden uit hout in de vorm van paddenstoelen uit het Edo-tijdperk. Glazen ojime. 19e eeuw. 8,7 x 6 cm Wat is een Inro? Een\u00a0inro\u00a0is een traditionele Japanse doos voor het bewaren\u2026","rel":"","context":"Soortgelijk bericht","block_context":{"text":"Soortgelijk bericht","link":""},"img":{"alt_text":"Inro makie shibayama kinoko","src":"https:\/\/i0.wp.com\/www.supeinnihonto.com\/wp-content\/uploads\/2024\/05\/DSC_3604-scaled.jpg?fit=800%2C1200&ssl=1&resize=350%2C200","width":350,"height":200,"srcset":"https:\/\/i0.wp.com\/www.supeinnihonto.com\/wp-content\/uploads\/2024\/05\/DSC_3604-scaled.jpg?fit=800%2C1200&ssl=1&resize=350%2C200 1x, https:\/\/i0.wp.com\/www.supeinnihonto.com\/wp-content\/uploads\/2024\/05\/DSC_3604-scaled.jpg?fit=800%2C1200&ssl=1&resize=525%2C300 1.5x, https:\/\/i0.wp.com\/www.supeinnihonto.com\/wp-content\/uploads\/2024\/05\/DSC_3604-scaled.jpg?fit=800%2C1200&ssl=1&resize=700%2C400 2x"},"classes":[]},{"id":14697,"url":"https:\/\/www.supeinnihonto.com\/nl\/product\/inro-makie-shibayama-fukurokuju\/","url_meta":{"origin":14873,"position":2},"title":"Inro makie shibayama Fukurokuju","author":"ericmontero","date":"10 de mei de 2024","format":false,"excerpt":"Item:\u00a0 Edo-periode of vroege Meiji-periode. 19e eeuw. Inro makie shibayama Fukurokuju. Mooie inro met kinji-achtergrond, versierd met goud en lichte gekleurde takamaki-e, gouden hiramaki-e, kirikane en Shibayama-stijl. Gezichten van Fukurokuju en jongen in ivoor en barnstenen schildpad. Gesigneerd \"Shokusai\" met parelmoer zegel. 8,1 x 6,0 cm Wat is een Inro?\u2026","rel":"","context":"Soortgelijk bericht","block_context":{"text":"Soortgelijk bericht","link":""},"img":{"alt_text":"Inro Makie Shibayama Fukurokuju","src":"https:\/\/i0.wp.com\/www.supeinnihonto.com\/wp-content\/uploads\/2024\/05\/DSC_3648-scaled.jpg?fit=800%2C1200&ssl=1&resize=350%2C200","width":350,"height":200,"srcset":"https:\/\/i0.wp.com\/www.supeinnihonto.com\/wp-content\/uploads\/2024\/05\/DSC_3648-scaled.jpg?fit=800%2C1200&ssl=1&resize=350%2C200 1x, https:\/\/i0.wp.com\/www.supeinnihonto.com\/wp-content\/uploads\/2024\/05\/DSC_3648-scaled.jpg?fit=800%2C1200&ssl=1&resize=525%2C300 1.5x, https:\/\/i0.wp.com\/www.supeinnihonto.com\/wp-content\/uploads\/2024\/05\/DSC_3648-scaled.jpg?fit=800%2C1200&ssl=1&resize=700%2C400 2x"},"classes":[]},{"id":14689,"url":"https:\/\/www.supeinnihonto.com\/nl\/product\/inro-makie-shibayama-dame\/","url_meta":{"origin":14873,"position":3},"title":"Inro Makie Shibayama Dame","author":"ericmontero","date":"10 de mei de 2024","format":false,"excerpt":"Item:\u00a0 Edo-periode of vroege Meiji-periode. 19e eeuw. Inro Makie Shibayama Dame. Een prachtige inro van uitzonderlijke kwaliteit die een vrouw afbeeldt die haar kleren schoonmaakt. Kleine parelmoerinleg op de boomstam en zilveren details op de jurk en accessoires van de vrouw, de inro behoudt al haar details en verkeert in\u2026","rel":"","context":"Soortgelijk bericht","block_context":{"text":"Soortgelijk bericht","link":""},"img":{"alt_text":"Inro Makie Shibayama Lady","src":"https:\/\/i0.wp.com\/www.supeinnihonto.com\/wp-content\/uploads\/2024\/05\/DSC_3655-scaled.jpg?fit=800%2C1200&ssl=1&resize=350%2C200","width":350,"height":200,"srcset":"https:\/\/i0.wp.com\/www.supeinnihonto.com\/wp-content\/uploads\/2024\/05\/DSC_3655-scaled.jpg?fit=800%2C1200&ssl=1&resize=350%2C200 1x, https:\/\/i0.wp.com\/www.supeinnihonto.com\/wp-content\/uploads\/2024\/05\/DSC_3655-scaled.jpg?fit=800%2C1200&ssl=1&resize=525%2C300 1.5x, https:\/\/i0.wp.com\/www.supeinnihonto.com\/wp-content\/uploads\/2024\/05\/DSC_3655-scaled.jpg?fit=800%2C1200&ssl=1&resize=700%2C400 2x"},"classes":[]},{"id":14849,"url":"https:\/\/www.supeinnihonto.com\/nl\/product\/inro-in-maki-e-met-haan-en-hen\/","url_meta":{"origin":14873,"position":4},"title":"Inr\u014d in maki-e met haan en hen","author":"Supein Nihonto","date":"9 de mei de 2024","format":false,"excerpt":"Object: Inr\u014d in maki-e met haan en hen. Inr\u014d met vijf compartimenten, gelakt met een voorstelling van een haan en een hen, waarbij de haan op een trommel staat, onder een pijnboom met neerhangende takken die zich naar de andere zijde uitstrekken boven twee kuikens; de trommel en de pijnboom\u2026","rel":"","context":"Soortgelijk bericht","block_context":{"text":"Soortgelijk bericht","link":""},"img":{"alt_text":"Inro Rooster and hen","src":"https:\/\/i0.wp.com\/www.supeinnihonto.com\/wp-content\/uploads\/2024\/05\/DSC_3622-scaled.jpg?fit=800%2C1200&ssl=1&resize=350%2C200","width":350,"height":200,"srcset":"https:\/\/i0.wp.com\/www.supeinnihonto.com\/wp-content\/uploads\/2024\/05\/DSC_3622-scaled.jpg?fit=800%2C1200&ssl=1&resize=350%2C200 1x, https:\/\/i0.wp.com\/www.supeinnihonto.com\/wp-content\/uploads\/2024\/05\/DSC_3622-scaled.jpg?fit=800%2C1200&ssl=1&resize=525%2C300 1.5x, https:\/\/i0.wp.com\/www.supeinnihonto.com\/wp-content\/uploads\/2024\/05\/DSC_3622-scaled.jpg?fit=800%2C1200&ssl=1&resize=700%2C400 2x"},"classes":[]},{"id":14785,"url":"https:\/\/www.supeinnihonto.com\/nl\/product\/inro-in-rode-lak-met-paard\/","url_meta":{"origin":14873,"position":5},"title":"Inro in rode lak met paard","author":"Supein Nihonto","date":"9 de mei de 2024","format":false,"excerpt":"Object: Prachtige inro gelakt met rode urushi-lak, met aan elke zijde een maki-e voorstelling, een paard aan de ene kant en een os aan de andere. Gesigneerd \u201cJ\u014dsen saku\u201d \u5e38\u5ddd\u4f5c, rood zegel: Seisan \u6e05\u4e09. De doos is verdeeld in vijf delen met vier compartimenten. Tevens voorzien van een prachtig gesneden\u2026","rel":"","context":"Soortgelijk bericht","block_context":{"text":"Soortgelijk bericht","link":""},"img":{"alt_text":"Inro Red lacquer horse","src":"https:\/\/i0.wp.com\/www.supeinnihonto.com\/wp-content\/uploads\/2024\/05\/DSC_3560-scaled.jpg?fit=800%2C1200&ssl=1&resize=350%2C200","width":350,"height":200,"srcset":"https:\/\/i0.wp.com\/www.supeinnihonto.com\/wp-content\/uploads\/2024\/05\/DSC_3560-scaled.jpg?fit=800%2C1200&ssl=1&resize=350%2C200 1x, https:\/\/i0.wp.com\/www.supeinnihonto.com\/wp-content\/uploads\/2024\/05\/DSC_3560-scaled.jpg?fit=800%2C1200&ssl=1&resize=525%2C300 1.5x, https:\/\/i0.wp.com\/www.supeinnihonto.com\/wp-content\/uploads\/2024\/05\/DSC_3560-scaled.jpg?fit=800%2C1200&ssl=1&resize=700%2C400 2x"},"classes":[]}],"jetpack_sharing_enabled":true,"_links":{"self":[{"href":"https:\/\/www.supeinnihonto.com\/nl\/wp-json\/wp\/v2\/product\/14873","targetHints":{"allow":["GET"]}}],"collection":[{"href":"https:\/\/www.supeinnihonto.com\/nl\/wp-json\/wp\/v2\/product"}],"about":[{"href":"https:\/\/www.supeinnihonto.com\/nl\/wp-json\/wp\/v2\/types\/product"}],"wp:featuredmedia":[{"embeddable":true,"href":"https:\/\/www.supeinnihonto.com\/nl\/wp-json\/wp\/v2\/media\/14874"}],"wp:attachment":[{"href":"https:\/\/www.supeinnihonto.com\/nl\/wp-json\/wp\/v2\/media?parent=14873"}],"wp:term":[{"taxonomy":"product_brand","embeddable":true,"href":"https:\/\/www.supeinnihonto.com\/nl\/wp-json\/wp\/v2\/product_brand?post=14873"},{"taxonomy":"product_cat","embeddable":true,"href":"https:\/\/www.supeinnihonto.com\/nl\/wp-json\/wp\/v2\/product_cat?post=14873"},{"taxonomy":"product_tag","embeddable":true,"href":"https:\/\/www.supeinnihonto.com\/nl\/wp-json\/wp\/v2\/product_tag?post=14873"}],"curies":[{"name":"wp","href":"https:\/\/api.w.org\/{rel}","templated":true}]}}