{"id":14865,"date":"2024-05-09T08:41:40","date_gmt":"2024-05-09T08:41:40","guid":{"rendered":"https:\/\/www.supeinnihonto.com\/product\/inro-makie-shibayama-dragon\/"},"modified":"2025-12-27T19:37:42","modified_gmt":"2025-12-27T19:37:42","slug":"inro-in-shibayama-maki-e-met-draak","status":"publish","type":"product","link":"https:\/\/www.supeinnihonto.com\/nl\/product\/inro-in-shibayama-maki-e-met-draak\/","title":{"rendered":"Inr\u014d in Shibayama-maki-e met draak"},"content":{"rendered":"<p><em><strong>Object: <\/strong><\/em><\/p>\n<p><span>Vierdelige inr\u014d met inlegwerk en goudlak. <\/span><i>Inr\u014d. <\/i><span>Meiji-periode (1868\u20131912). <\/span><br \/>\n<span>Lensvormige <\/span><i>kinji<\/i><span>-grond, gedecoreerd in goud en lichtgekleurd <\/span><i>takamaki-e<\/i><span>, goud <\/span><i>hiramaki-e<\/i><span>, <\/span><i>kirikane<\/i><span> en Shibayama-stijl met Kosekik\u014d (Chinees: Huangshigong), knielend op rotsen en een gevallen schoen aanbiedend aan Ch\u014dry\u014d (Zhang Liang), afgebeeld aan de andere zijde terwijl hij te paard een brug oversteekt en een opgerolde rol vasthoudt. De draak die Ch\u014dry\u014d uit de rivier redde, kijkt vanuit de golven naar hem op, aan de basis in goudlak gesigneerd <\/span><i>Shokasai <span> \u677e\u82b1\u658e<\/span><\/i><span> en <\/span><i>Shibayama<\/i><span> \u829d\u5c71 binnen een rechthoekig, met parelmoer ingelegd veld; met een ronde, gelakte en ingelegde metalen <\/span><i>ojime<\/i><span> en een tweedelige, bolvormige, ronde netsuke in goudlak, versierd met een kronkelende, bloeiende pruimentak. Museummeesterwerk.<\/span><\/p>\n<p>8 x 6 cm<\/p>\n<p><em><strong><span style=\"color: #000000;\">Wat is een inr\u014d?<\/span><\/strong><\/em><\/p>\n<p><span style=\"color: #000000;\">Een <i><b>inr\u014d<\/b><\/i> is een traditioneel Japans doosje voor kleine voorwerpen, gedragen aan de <span title=\"Japanese-language romanization\"><i lang=\"ja-Latn\"><a href=\"https:\/\/en.wikipedia.org\/wiki\/Obi_(sash)\" title=\"Obi (sash)\" style=\"color: #000000;\">obi<\/a><\/i><\/span>. Ze zijn vaak rijk gedecoreerd met <a href=\"https:\/\/en.wikipedia.org\/wiki\/Lacquer\" title=\"Lacquer\" style=\"color: #000000;\">lak<\/a> en technieken zoals <span title=\"Japanese-language romanization\"><i lang=\"ja-Latn\"><a href=\"https:\/\/en.wikipedia.org\/wiki\/Maki-e\" title=\"Maki-e\" style=\"color: #000000;\">maki-e<\/a><\/i><\/span>.<\/span><\/p>\n<p><span style=\"color: #000000;\">Het type <span title=\"Japanese-language romanization\"><i lang=\"ja-Latn\">inr\u014d<\/i><\/span> ontstond in de <a href=\"https:\/\/en.wikipedia.org\/wiki\/Sengoku_period\" title=\"Sengoku period\" style=\"color: #000000;\">Sengoku-periode<\/a> (1467\u20131615) als draagbaar zegel en medicijndoosje.<\/span><\/p>\n","protected":false},"excerpt":{"rendered":"<p>Object: Vierdelige inr\u014d met inlegwerk en goudlak. Inr\u014d. Meiji-periode (1868\u20131912). Lensvormige kinji-grond, gedecoreerd in goud en lichtgekleurd takamaki-e, goud hiramaki-e, kirikane en Shibayama-stijl met Kosekik\u014d (Chinees: Huangshigong), knielend op rotsen en een gevallen schoen aanbiedend aan Ch\u014dry\u014d (Zhang Liang), afgebeeld aan de andere zijde terwijl hij te paard een brug [&hellip;]<\/p>\n","protected":false},"featured_media":14866,"template":"","meta":{"jetpack_post_was_ever_published":false},"product_brand":[],"product_cat":[358],"product_tag":[],"class_list":{"0":"post-14865","1":"product","2":"type-product","3":"status-publish","4":"has-post-thumbnail","6":"product_cat-inro","7":"product_shipping_class-light","9":"first","10":"instock","11":"featured","12":"sold-individually","13":"shipping-taxable","14":"purchasable","15":"product-type-simple"},"yoast_head":"<!-- This site is optimized with the Yoast SEO plugin v27.4 - https:\/\/yoast.com\/product\/yoast-seo-wordpress\/ -->\n<title>Inr\u014d in Shibayama-maki-e met draak - Supein Nihonto<\/title>\n<meta name=\"description\" content=\"Vierdelige inr\u014d met inlegwerk en goudlak. Meiji-periode (1868\u20131912). Lensvormige kinji-grond, gedecoreerd in goud en lichtgekleurd takamaki-e.\" \/>\n<meta name=\"robots\" content=\"index, follow, max-snippet:-1, max-image-preview:large, max-video-preview:-1\" \/>\n<link rel=\"canonical\" href=\"https:\/\/www.supeinnihonto.com\/nl\/product\/inro-in-shibayama-maki-e-met-draak\/\" \/>\n<meta property=\"og:locale\" content=\"nl_NL\" \/>\n<meta property=\"og:type\" content=\"article\" \/>\n<meta property=\"og:title\" content=\"Inr\u014d in Shibayama-maki-e met draak - Supein Nihonto\" \/>\n<meta property=\"og:description\" content=\"Vierdelige inr\u014d met inlegwerk en goudlak. Meiji-periode (1868\u20131912). Lensvormige kinji-grond, gedecoreerd in goud en lichtgekleurd takamaki-e.\" \/>\n<meta property=\"og:url\" content=\"https:\/\/www.supeinnihonto.com\/nl\/product\/inro-in-shibayama-maki-e-met-draak\/\" \/>\n<meta property=\"og:site_name\" content=\"Supein Nihonto\" \/>\n<meta property=\"article:modified_time\" content=\"2025-12-27T19:37:42+00:00\" \/>\n<meta property=\"og:image\" content=\"https:\/\/www.supeinnihonto.com\/wp-content\/uploads\/2024\/05\/DSC_3591-scaled.jpg\" \/>\n\t<meta property=\"og:image:width\" content=\"1856\" \/>\n\t<meta property=\"og:image:height\" content=\"2560\" \/>\n\t<meta property=\"og:image:type\" content=\"image\/jpeg\" \/>\n<meta name=\"twitter:card\" content=\"summary_large_image\" \/>\n<meta name=\"twitter:label1\" content=\"Geschatte leestijd\" \/>\n\t<meta name=\"twitter:data1\" content=\"1 minuut\" \/>\n<script type=\"application\/ld+json\" class=\"yoast-schema-graph\">{\"@context\":\"https:\\\/\\\/schema.org\",\"@graph\":[{\"@type\":\"WebPage\",\"@id\":\"https:\\\/\\\/www.supeinnihonto.com\\\/nl\\\/product\\\/inro-in-shibayama-maki-e-met-draak\\\/\",\"url\":\"https:\\\/\\\/www.supeinnihonto.com\\\/nl\\\/product\\\/inro-in-shibayama-maki-e-met-draak\\\/\",\"name\":\"Inr\u014d in Shibayama-maki-e met draak - Supein Nihonto\",\"isPartOf\":{\"@id\":\"https:\\\/\\\/www.supeinnihonto.com\\\/nl\\\/#website\"},\"primaryImageOfPage\":{\"@id\":\"https:\\\/\\\/www.supeinnihonto.com\\\/nl\\\/product\\\/inro-in-shibayama-maki-e-met-draak\\\/#primaryimage\"},\"image\":{\"@id\":\"https:\\\/\\\/www.supeinnihonto.com\\\/nl\\\/product\\\/inro-in-shibayama-maki-e-met-draak\\\/#primaryimage\"},\"thumbnailUrl\":\"https:\\\/\\\/i0.wp.com\\\/www.supeinnihonto.com\\\/wp-content\\\/uploads\\\/2024\\\/05\\\/DSC_3591-scaled.jpg?fit=1856%2C2560&ssl=1\",\"datePublished\":\"2024-05-09T08:41:40+00:00\",\"dateModified\":\"2025-12-27T19:37:42+00:00\",\"description\":\"Vierdelige inr\u014d met inlegwerk en goudlak. Meiji-periode (1868\u20131912). Lensvormige kinji-grond, gedecoreerd in goud en lichtgekleurd takamaki-e.\",\"breadcrumb\":{\"@id\":\"https:\\\/\\\/www.supeinnihonto.com\\\/nl\\\/product\\\/inro-in-shibayama-maki-e-met-draak\\\/#breadcrumb\"},\"inLanguage\":\"nl-NL\",\"potentialAction\":[{\"@type\":\"ReadAction\",\"target\":[\"https:\\\/\\\/www.supeinnihonto.com\\\/nl\\\/product\\\/inro-in-shibayama-maki-e-met-draak\\\/\"]}]},{\"@type\":\"ImageObject\",\"inLanguage\":\"nl-NL\",\"@id\":\"https:\\\/\\\/www.supeinnihonto.com\\\/nl\\\/product\\\/inro-in-shibayama-maki-e-met-draak\\\/#primaryimage\",\"url\":\"https:\\\/\\\/i0.wp.com\\\/www.supeinnihonto.com\\\/wp-content\\\/uploads\\\/2024\\\/05\\\/DSC_3591-scaled.jpg?fit=1856%2C2560&ssl=1\",\"contentUrl\":\"https:\\\/\\\/i0.wp.com\\\/www.supeinnihonto.com\\\/wp-content\\\/uploads\\\/2024\\\/05\\\/DSC_3591-scaled.jpg?fit=1856%2C2560&ssl=1\",\"width\":1856,\"height\":2560,\"caption\":\"Inro Makie shibayama dragon\"},{\"@type\":\"BreadcrumbList\",\"@id\":\"https:\\\/\\\/www.supeinnihonto.com\\\/nl\\\/product\\\/inro-in-shibayama-maki-e-met-draak\\\/#breadcrumb\",\"itemListElement\":[{\"@type\":\"ListItem\",\"position\":1,\"name\":\"Portada\",\"item\":\"https:\\\/\\\/www.supeinnihonto.com\\\/nl\\\/\"},{\"@type\":\"ListItem\",\"position\":2,\"name\":\"Shop\",\"item\":\"https:\\\/\\\/www.supeinnihonto.com\\\/nl\\\/shop\\\/\"},{\"@type\":\"ListItem\",\"position\":3,\"name\":\"Inr\u014d in Shibayama-maki-e met draak\"}]},{\"@type\":\"WebSite\",\"@id\":\"https:\\\/\\\/www.supeinnihonto.com\\\/nl\\\/#website\",\"url\":\"https:\\\/\\\/www.supeinnihonto.com\\\/nl\\\/\",\"name\":\"Supein Nihonto\",\"description\":\"Authentic japanese Nihonto katana \",\"publisher\":{\"@id\":\"https:\\\/\\\/www.supeinnihonto.com\\\/nl\\\/#organization\"},\"potentialAction\":[{\"@type\":\"SearchAction\",\"target\":{\"@type\":\"EntryPoint\",\"urlTemplate\":\"https:\\\/\\\/www.supeinnihonto.com\\\/nl\\\/?s={search_term_string}\"},\"query-input\":{\"@type\":\"PropertyValueSpecification\",\"valueRequired\":true,\"valueName\":\"search_term_string\"}}],\"inLanguage\":\"nl-NL\"},{\"@type\":\"Organization\",\"@id\":\"https:\\\/\\\/www.supeinnihonto.com\\\/nl\\\/#organization\",\"name\":\"SupeinNihonto\",\"url\":\"https:\\\/\\\/www.supeinnihonto.com\\\/nl\\\/\",\"logo\":{\"@type\":\"ImageObject\",\"inLanguage\":\"nl-NL\",\"@id\":\"https:\\\/\\\/www.supeinnihonto.com\\\/nl\\\/#\\\/schema\\\/logo\\\/image\\\/\",\"url\":\"https:\\\/\\\/www.supeinnihonto.com\\\/wp-content\\\/uploads\\\/2021\\\/11\\\/animation_Default_3szk0jcenoloop.gif\",\"contentUrl\":\"https:\\\/\\\/www.supeinnihonto.com\\\/wp-content\\\/uploads\\\/2021\\\/11\\\/animation_Default_3szk0jcenoloop.gif\",\"width\":750,\"height\":641,\"caption\":\"SupeinNihonto\"},\"image\":{\"@id\":\"https:\\\/\\\/www.supeinnihonto.com\\\/nl\\\/#\\\/schema\\\/logo\\\/image\\\/\"}}]}<\/script>\n<!-- \/ Yoast SEO plugin. -->","yoast_head_json":{"title":"Inr\u014d in Shibayama-maki-e met draak - Supein Nihonto","description":"Vierdelige inr\u014d met inlegwerk en goudlak. Meiji-periode (1868\u20131912). Lensvormige kinji-grond, gedecoreerd in goud en lichtgekleurd takamaki-e.","robots":{"index":"index","follow":"follow","max-snippet":"max-snippet:-1","max-image-preview":"max-image-preview:large","max-video-preview":"max-video-preview:-1"},"canonical":"https:\/\/www.supeinnihonto.com\/nl\/product\/inro-in-shibayama-maki-e-met-draak\/","og_locale":"nl_NL","og_type":"article","og_title":"Inr\u014d in Shibayama-maki-e met draak - Supein Nihonto","og_description":"Vierdelige inr\u014d met inlegwerk en goudlak. Meiji-periode (1868\u20131912). Lensvormige kinji-grond, gedecoreerd in goud en lichtgekleurd takamaki-e.","og_url":"https:\/\/www.supeinnihonto.com\/nl\/product\/inro-in-shibayama-maki-e-met-draak\/","og_site_name":"Supein Nihonto","article_modified_time":"2025-12-27T19:37:42+00:00","og_image":[{"width":1856,"height":2560,"url":"https:\/\/www.supeinnihonto.com\/wp-content\/uploads\/2024\/05\/DSC_3591-scaled.jpg","type":"image\/jpeg"}],"twitter_card":"summary_large_image","twitter_misc":{"Geschatte leestijd":"1 minuut"},"schema":{"@context":"https:\/\/schema.org","@graph":[{"@type":"WebPage","@id":"https:\/\/www.supeinnihonto.com\/nl\/product\/inro-in-shibayama-maki-e-met-draak\/","url":"https:\/\/www.supeinnihonto.com\/nl\/product\/inro-in-shibayama-maki-e-met-draak\/","name":"Inr\u014d in Shibayama-maki-e met draak - Supein Nihonto","isPartOf":{"@id":"https:\/\/www.supeinnihonto.com\/nl\/#website"},"primaryImageOfPage":{"@id":"https:\/\/www.supeinnihonto.com\/nl\/product\/inro-in-shibayama-maki-e-met-draak\/#primaryimage"},"image":{"@id":"https:\/\/www.supeinnihonto.com\/nl\/product\/inro-in-shibayama-maki-e-met-draak\/#primaryimage"},"thumbnailUrl":"https:\/\/i0.wp.com\/www.supeinnihonto.com\/wp-content\/uploads\/2024\/05\/DSC_3591-scaled.jpg?fit=1856%2C2560&ssl=1","datePublished":"2024-05-09T08:41:40+00:00","dateModified":"2025-12-27T19:37:42+00:00","description":"Vierdelige inr\u014d met inlegwerk en goudlak. Meiji-periode (1868\u20131912). Lensvormige kinji-grond, gedecoreerd in goud en lichtgekleurd takamaki-e.","breadcrumb":{"@id":"https:\/\/www.supeinnihonto.com\/nl\/product\/inro-in-shibayama-maki-e-met-draak\/#breadcrumb"},"inLanguage":"nl-NL","potentialAction":[{"@type":"ReadAction","target":["https:\/\/www.supeinnihonto.com\/nl\/product\/inro-in-shibayama-maki-e-met-draak\/"]}]},{"@type":"ImageObject","inLanguage":"nl-NL","@id":"https:\/\/www.supeinnihonto.com\/nl\/product\/inro-in-shibayama-maki-e-met-draak\/#primaryimage","url":"https:\/\/i0.wp.com\/www.supeinnihonto.com\/wp-content\/uploads\/2024\/05\/DSC_3591-scaled.jpg?fit=1856%2C2560&ssl=1","contentUrl":"https:\/\/i0.wp.com\/www.supeinnihonto.com\/wp-content\/uploads\/2024\/05\/DSC_3591-scaled.jpg?fit=1856%2C2560&ssl=1","width":1856,"height":2560,"caption":"Inro Makie shibayama dragon"},{"@type":"BreadcrumbList","@id":"https:\/\/www.supeinnihonto.com\/nl\/product\/inro-in-shibayama-maki-e-met-draak\/#breadcrumb","itemListElement":[{"@type":"ListItem","position":1,"name":"Portada","item":"https:\/\/www.supeinnihonto.com\/nl\/"},{"@type":"ListItem","position":2,"name":"Shop","item":"https:\/\/www.supeinnihonto.com\/nl\/shop\/"},{"@type":"ListItem","position":3,"name":"Inr\u014d in Shibayama-maki-e met draak"}]},{"@type":"WebSite","@id":"https:\/\/www.supeinnihonto.com\/nl\/#website","url":"https:\/\/www.supeinnihonto.com\/nl\/","name":"Supein Nihonto","description":"Authentic japanese Nihonto katana ","publisher":{"@id":"https:\/\/www.supeinnihonto.com\/nl\/#organization"},"potentialAction":[{"@type":"SearchAction","target":{"@type":"EntryPoint","urlTemplate":"https:\/\/www.supeinnihonto.com\/nl\/?s={search_term_string}"},"query-input":{"@type":"PropertyValueSpecification","valueRequired":true,"valueName":"search_term_string"}}],"inLanguage":"nl-NL"},{"@type":"Organization","@id":"https:\/\/www.supeinnihonto.com\/nl\/#organization","name":"SupeinNihonto","url":"https:\/\/www.supeinnihonto.com\/nl\/","logo":{"@type":"ImageObject","inLanguage":"nl-NL","@id":"https:\/\/www.supeinnihonto.com\/nl\/#\/schema\/logo\/image\/","url":"https:\/\/www.supeinnihonto.com\/wp-content\/uploads\/2021\/11\/animation_Default_3szk0jcenoloop.gif","contentUrl":"https:\/\/www.supeinnihonto.com\/wp-content\/uploads\/2021\/11\/animation_Default_3szk0jcenoloop.gif","width":750,"height":641,"caption":"SupeinNihonto"},"image":{"@id":"https:\/\/www.supeinnihonto.com\/nl\/#\/schema\/logo\/image\/"}}]}},"jetpack-related-posts":[{"id":14681,"url":"https:\/\/www.supeinnihonto.com\/nl\/product\/inro-in-shibayama-maki-e-met-pauw\/","url_meta":{"origin":14865,"position":0},"title":"Inr\u014d in Shibayama-maki-e met pauw","author":"Supein Nihonto","date":"10 de mei de 2024","format":false,"excerpt":"Object: Edo-periode of vroege Meiji-periode. 19e eeuw. Inr\u014d in Shibayama-maki-e met pauw. Gedecoreerd in goud takamaki-e, met een voorstelling van een staande pauw met opgerichte staartveren die zich naar de andere zijde uitstrekken boven een pauwin; de \u2018ogen\u2019 van de staartveren van het mannetje zijn ingelegd met parelmoer, het interieur\u2026","rel":"","context":"Soortgelijk bericht","block_context":{"text":"Soortgelijk bericht","link":""},"img":{"alt_text":"Inro Makie shibayama peacock","src":"https:\/\/i0.wp.com\/www.supeinnihonto.com\/wp-content\/uploads\/2024\/05\/DSC_3666-scaled.jpg?fit=1200%2C800&ssl=1&resize=350%2C200","width":350,"height":200,"srcset":"https:\/\/i0.wp.com\/www.supeinnihonto.com\/wp-content\/uploads\/2024\/05\/DSC_3666-scaled.jpg?fit=1200%2C800&ssl=1&resize=350%2C200 1x, https:\/\/i0.wp.com\/www.supeinnihonto.com\/wp-content\/uploads\/2024\/05\/DSC_3666-scaled.jpg?fit=1200%2C800&ssl=1&resize=525%2C300 1.5x, https:\/\/i0.wp.com\/www.supeinnihonto.com\/wp-content\/uploads\/2024\/05\/DSC_3666-scaled.jpg?fit=1200%2C800&ssl=1&resize=700%2C400 2x, https:\/\/i0.wp.com\/www.supeinnihonto.com\/wp-content\/uploads\/2024\/05\/DSC_3666-scaled.jpg?fit=1200%2C800&ssl=1&resize=1050%2C600 3x"},"classes":[]},{"id":14697,"url":"https:\/\/www.supeinnihonto.com\/nl\/product\/inro-makie-shibayama-fukurokuju\/","url_meta":{"origin":14865,"position":1},"title":"Inro makie shibayama Fukurokuju","author":"ericmontero","date":"10 de mei de 2024","format":false,"excerpt":"Item:\u00a0 Edo-periode of vroege Meiji-periode. 19e eeuw. Inro makie shibayama Fukurokuju. Mooie inro met kinji-achtergrond, versierd met goud en lichte gekleurde takamaki-e, gouden hiramaki-e, kirikane en Shibayama-stijl. Gezichten van Fukurokuju en jongen in ivoor en barnstenen schildpad. Gesigneerd \"Shokusai\" met parelmoer zegel. 8,1 x 6,0 cm Wat is een Inro?\u2026","rel":"","context":"Soortgelijk bericht","block_context":{"text":"Soortgelijk bericht","link":""},"img":{"alt_text":"Inro Makie Shibayama Fukurokuju","src":"https:\/\/i0.wp.com\/www.supeinnihonto.com\/wp-content\/uploads\/2024\/05\/DSC_3648-scaled.jpg?fit=800%2C1200&ssl=1&resize=350%2C200","width":350,"height":200,"srcset":"https:\/\/i0.wp.com\/www.supeinnihonto.com\/wp-content\/uploads\/2024\/05\/DSC_3648-scaled.jpg?fit=800%2C1200&ssl=1&resize=350%2C200 1x, https:\/\/i0.wp.com\/www.supeinnihonto.com\/wp-content\/uploads\/2024\/05\/DSC_3648-scaled.jpg?fit=800%2C1200&ssl=1&resize=525%2C300 1.5x, https:\/\/i0.wp.com\/www.supeinnihonto.com\/wp-content\/uploads\/2024\/05\/DSC_3648-scaled.jpg?fit=800%2C1200&ssl=1&resize=700%2C400 2x"},"classes":[]},{"id":14857,"url":"https:\/\/www.supeinnihonto.com\/nl\/product\/inro-makie-shibayama-kinoko\/","url_meta":{"origin":14865,"position":2},"title":"Inr\u014d in Shibayama-maki-e met paddenstoelen (kinoko)","author":"ericmontero","date":"9 de mei de 2024","format":false,"excerpt":"Item:\u00a0 Prachtige inro met maki-e en parelmoer ingelegde shibayama. Gesigneerd. De inro verkeert in fantastische staat, evenals de netsuke, gesneden uit hout in de vorm van paddenstoelen uit het Edo-tijdperk. Glazen ojime. 19e eeuw. 8,7 x 6 cm Wat is een Inro? Een\u00a0inro\u00a0is een traditionele Japanse doos voor het bewaren\u2026","rel":"","context":"Soortgelijk bericht","block_context":{"text":"Soortgelijk bericht","link":""},"img":{"alt_text":"Inro makie shibayama kinoko","src":"https:\/\/i0.wp.com\/www.supeinnihonto.com\/wp-content\/uploads\/2024\/05\/DSC_3604-scaled.jpg?fit=800%2C1200&ssl=1&resize=350%2C200","width":350,"height":200,"srcset":"https:\/\/i0.wp.com\/www.supeinnihonto.com\/wp-content\/uploads\/2024\/05\/DSC_3604-scaled.jpg?fit=800%2C1200&ssl=1&resize=350%2C200 1x, https:\/\/i0.wp.com\/www.supeinnihonto.com\/wp-content\/uploads\/2024\/05\/DSC_3604-scaled.jpg?fit=800%2C1200&ssl=1&resize=525%2C300 1.5x, https:\/\/i0.wp.com\/www.supeinnihonto.com\/wp-content\/uploads\/2024\/05\/DSC_3604-scaled.jpg?fit=800%2C1200&ssl=1&resize=700%2C400 2x"},"classes":[]},{"id":14689,"url":"https:\/\/www.supeinnihonto.com\/nl\/product\/inro-makie-shibayama-dame\/","url_meta":{"origin":14865,"position":3},"title":"Inro Makie Shibayama Dame","author":"ericmontero","date":"10 de mei de 2024","format":false,"excerpt":"Item:\u00a0 Edo-periode of vroege Meiji-periode. 19e eeuw. Inro Makie Shibayama Dame. Een prachtige inro van uitzonderlijke kwaliteit die een vrouw afbeeldt die haar kleren schoonmaakt. Kleine parelmoerinleg op de boomstam en zilveren details op de jurk en accessoires van de vrouw, de inro behoudt al haar details en verkeert in\u2026","rel":"","context":"Soortgelijk bericht","block_context":{"text":"Soortgelijk bericht","link":""},"img":{"alt_text":"Inro Makie Shibayama Lady","src":"https:\/\/i0.wp.com\/www.supeinnihonto.com\/wp-content\/uploads\/2024\/05\/DSC_3655-scaled.jpg?fit=800%2C1200&ssl=1&resize=350%2C200","width":350,"height":200,"srcset":"https:\/\/i0.wp.com\/www.supeinnihonto.com\/wp-content\/uploads\/2024\/05\/DSC_3655-scaled.jpg?fit=800%2C1200&ssl=1&resize=350%2C200 1x, https:\/\/i0.wp.com\/www.supeinnihonto.com\/wp-content\/uploads\/2024\/05\/DSC_3655-scaled.jpg?fit=800%2C1200&ssl=1&resize=525%2C300 1.5x, https:\/\/i0.wp.com\/www.supeinnihonto.com\/wp-content\/uploads\/2024\/05\/DSC_3655-scaled.jpg?fit=800%2C1200&ssl=1&resize=700%2C400 2x"},"classes":[]},{"id":14849,"url":"https:\/\/www.supeinnihonto.com\/nl\/product\/inro-in-maki-e-met-haan-en-hen\/","url_meta":{"origin":14865,"position":4},"title":"Inr\u014d in maki-e met haan en hen","author":"Supein Nihonto","date":"9 de mei de 2024","format":false,"excerpt":"Object: Inr\u014d in maki-e met haan en hen. Inr\u014d met vijf compartimenten, gelakt met een voorstelling van een haan en een hen, waarbij de haan op een trommel staat, onder een pijnboom met neerhangende takken die zich naar de andere zijde uitstrekken boven twee kuikens; de trommel en de pijnboom\u2026","rel":"","context":"Soortgelijk bericht","block_context":{"text":"Soortgelijk bericht","link":""},"img":{"alt_text":"Inro Rooster and hen","src":"https:\/\/i0.wp.com\/www.supeinnihonto.com\/wp-content\/uploads\/2024\/05\/DSC_3622-scaled.jpg?fit=800%2C1200&ssl=1&resize=350%2C200","width":350,"height":200,"srcset":"https:\/\/i0.wp.com\/www.supeinnihonto.com\/wp-content\/uploads\/2024\/05\/DSC_3622-scaled.jpg?fit=800%2C1200&ssl=1&resize=350%2C200 1x, https:\/\/i0.wp.com\/www.supeinnihonto.com\/wp-content\/uploads\/2024\/05\/DSC_3622-scaled.jpg?fit=800%2C1200&ssl=1&resize=525%2C300 1.5x, https:\/\/i0.wp.com\/www.supeinnihonto.com\/wp-content\/uploads\/2024\/05\/DSC_3622-scaled.jpg?fit=800%2C1200&ssl=1&resize=700%2C400 2x"},"classes":[]},{"id":14773,"url":"https:\/\/www.supeinnihonto.com\/nl\/product\/inro-met-maki-e-decoratie-van-chrysantenbloemen\/","url_meta":{"origin":14865,"position":5},"title":"Inro met maki-e decoratie van chrysantenbloemen","author":"Supein Nihonto","date":"9 de mei de 2024","format":false,"excerpt":"Object: Inro met maki-e decoratie van chrysantenbloemen. Zeldzame inro in miniatuurformaat van voortreffelijk vakmanschap, met talrijke details en enkele shibayama-inleg van parelmoer. Manju netsuke van brons en been. Ojime van rood koraal. Zowel de inro als de netsuke verkeren in zeer goede staat, wat voor de meeste verzamelaars van groot\u2026","rel":"","context":"Soortgelijk bericht","block_context":{"text":"Soortgelijk bericht","link":""},"img":{"alt_text":"Inro Makie Chrisantemum flowers","src":"https:\/\/i0.wp.com\/www.supeinnihonto.com\/wp-content\/uploads\/2024\/05\/Inro-Makie-Chrisantemum-flowers.webp?fit=1200%2C800&ssl=1&resize=350%2C200","width":350,"height":200,"srcset":"https:\/\/i0.wp.com\/www.supeinnihonto.com\/wp-content\/uploads\/2024\/05\/Inro-Makie-Chrisantemum-flowers.webp?fit=1200%2C800&ssl=1&resize=350%2C200 1x, https:\/\/i0.wp.com\/www.supeinnihonto.com\/wp-content\/uploads\/2024\/05\/Inro-Makie-Chrisantemum-flowers.webp?fit=1200%2C800&ssl=1&resize=525%2C300 1.5x, https:\/\/i0.wp.com\/www.supeinnihonto.com\/wp-content\/uploads\/2024\/05\/Inro-Makie-Chrisantemum-flowers.webp?fit=1200%2C800&ssl=1&resize=700%2C400 2x, https:\/\/i0.wp.com\/www.supeinnihonto.com\/wp-content\/uploads\/2024\/05\/Inro-Makie-Chrisantemum-flowers.webp?fit=1200%2C800&ssl=1&resize=1050%2C600 3x"},"classes":[]}],"jetpack_sharing_enabled":true,"_links":{"self":[{"href":"https:\/\/www.supeinnihonto.com\/nl\/wp-json\/wp\/v2\/product\/14865","targetHints":{"allow":["GET"]}}],"collection":[{"href":"https:\/\/www.supeinnihonto.com\/nl\/wp-json\/wp\/v2\/product"}],"about":[{"href":"https:\/\/www.supeinnihonto.com\/nl\/wp-json\/wp\/v2\/types\/product"}],"wp:featuredmedia":[{"embeddable":true,"href":"https:\/\/www.supeinnihonto.com\/nl\/wp-json\/wp\/v2\/media\/14866"}],"wp:attachment":[{"href":"https:\/\/www.supeinnihonto.com\/nl\/wp-json\/wp\/v2\/media?parent=14865"}],"wp:term":[{"taxonomy":"product_brand","embeddable":true,"href":"https:\/\/www.supeinnihonto.com\/nl\/wp-json\/wp\/v2\/product_brand?post=14865"},{"taxonomy":"product_cat","embeddable":true,"href":"https:\/\/www.supeinnihonto.com\/nl\/wp-json\/wp\/v2\/product_cat?post=14865"},{"taxonomy":"product_tag","embeddable":true,"href":"https:\/\/www.supeinnihonto.com\/nl\/wp-json\/wp\/v2\/product_tag?post=14865"}],"curies":[{"name":"wp","href":"https:\/\/api.w.org\/{rel}","templated":true}]}}