{"id":14849,"date":"2024-05-09T14:32:51","date_gmt":"2024-05-09T14:32:51","guid":{"rendered":"https:\/\/www.supeinnihonto.com\/product\/inro-makie-rooster-and-hen\/"},"modified":"2025-12-27T18:57:52","modified_gmt":"2025-12-27T18:57:52","slug":"inro-in-maki-e-met-haan-en-hen","status":"publish","type":"product","link":"https:\/\/www.supeinnihonto.com\/nl\/product\/inro-in-maki-e-met-haan-en-hen\/","title":{"rendered":"Inr\u014d in maki-e met haan en hen"},"content":{"rendered":"<p><em><strong>Object: <\/strong><\/em><\/p>\n<p>Inr\u014d in maki-e met haan en hen. Inr\u014d met vijf compartimenten, gelakt met een voorstelling van een haan en een hen, waarbij de haan op een trommel staat, onder een pijnboom met neerhangende takken die zich naar de andere zijde uitstrekken boven twee kuikens; de trommel en de pijnboom voorzien van ingelegde zilveren details, het interieur rijk uitgevoerd in <i>nashiji<\/i>, aan de basis gesigneerd in goudlak <i>Hasensai<\/i>. Late Edo-periode, vroege Meiji-periode.<\/p>\n<p>9 x 5,5 cm<\/p>\n<p><em><strong><span style=\"color: #000000;\">Wat is een inr\u014d?<\/span><\/strong><\/em><\/p>\n<p><span style=\"color: #000000;\">Een <i><b>inr\u014d<\/b><\/i> is een traditioneel Japans doosje voor kleine voorwerpen, gedragen aan de <span title=\"Japanese-language romanization\"><i lang=\"ja-Latn\"><a href=\"https:\/\/en.wikipedia.org\/wiki\/Obi_(sash)\" title=\"Obi (sash)\" style=\"color: #000000;\">obi<\/a><\/i><\/span> (sjerp) die rond de taille wordt gedragen bij een <a href=\"https:\/\/en.wikipedia.org\/wiki\/Kimono\" title=\"Kimono\" style=\"color: #000000;\">kimono<\/a>. Ze zijn vaak rijk gedecoreerd met materialen zoals <a href=\"https:\/\/en.wikipedia.org\/wiki\/Lacquer\" title=\"Lacquer\" style=\"color: #000000;\">lak<\/a> en technieken zoals <span title=\"Japanese-language romanization\"><i lang=\"ja-Latn\"><a href=\"https:\/\/en.wikipedia.org\/wiki\/Maki-e\" title=\"Maki-e\" style=\"color: #000000;\">maki-e<\/a><\/i><\/span>, en zijn doorgaans decoratiever dan ander <a href=\"https:\/\/en.wikipedia.org\/wiki\/Japanese_lacquerware\" title=\"Japanese lacquerware\" style=\"color: #000000;\">Japans lakwerk<\/a>.<sup id=\"cite_ref-murata104_1-0\" class=\"reference\"><\/sup><sup id=\"cite_ref-saimitsu79_2-0\" class=\"reference\"><\/sup><\/span><\/p>\n<p><span style=\"color: #000000;\">Omdat traditionele Japanse kleding geen zakken had, werden voorwerpen vaak gedragen door ze aan de <span title=\"Japanese-language romanization\"><i lang=\"ja-Latn\">obi<\/i><\/span> te hangen in houders die bekendstaan als <span title=\"Japanese-language romanization\"><i lang=\"ja-Latn\"><a href=\"https:\/\/en.wiktionary.org\/wiki\/sagemono\" class=\"extiw\" title=\"wikt:sagemono\" style=\"color: #000000;\">sagemono<\/a><\/i><\/span>. De meeste <span title=\"Japanese-language romanization\"><i lang=\"ja-Latn\">sagemono<\/i><\/span> waren bedoeld voor specifieke inhoud zoals tabak, pijpen, schrijfpenselen en inkt, maar het type <span title=\"Japanese-language romanization\"><i lang=\"ja-Latn\">inr\u014d<\/i><\/span> was geschikt voor kleine voorwerpen en ontstond in de <a href=\"https:\/\/en.wikipedia.org\/wiki\/Sengoku_period\" title=\"Sengoku period\" style=\"color: #000000;\">Sengoku-periode<\/a> (1467\u20131615) als draagbaar zegel en medicijndoosje voor onderweg.<\/span><sup id=\"cite_ref-murata104_1-1\" class=\"reference\"><\/sup><sup id=\"cite_ref-saimitsu79_2-1\" class=\"reference\"><\/sup><\/p>\n","protected":false},"excerpt":{"rendered":"<p>Object: Inr\u014d in maki-e met haan en hen. Inr\u014d met vijf compartimenten, gelakt met een voorstelling van een haan en een hen, waarbij de haan op een trommel staat, onder een pijnboom met neerhangende takken die zich naar de andere zijde uitstrekken boven twee kuikens; de trommel en de pijnboom [&hellip;]<\/p>\n","protected":false},"featured_media":14850,"template":"","meta":{"jetpack_post_was_ever_published":false},"product_brand":[],"product_cat":[358],"product_tag":[],"class_list":{"0":"post-14849","1":"product","2":"type-product","3":"status-publish","4":"has-post-thumbnail","6":"product_cat-inro","7":"product_shipping_class-light","9":"first","10":"instock","11":"featured","12":"sold-individually","13":"shipping-taxable","14":"purchasable","15":"product-type-simple"},"yoast_head":"<!-- This site is optimized with the Yoast SEO plugin v27.4 - https:\/\/yoast.com\/product\/yoast-seo-wordpress\/ -->\n<title>Inr\u014d in maki-e met haan en hen - Supein Nihonto<\/title>\n<meta name=\"description\" content=\"Inr\u014d in maki-e met haan en hen. Inr\u014d met vijf compartimenten, gelakt met een voorstelling van een haan en een hen, waarbij de haan op een trommel staat, onder een pijnboom met neerhangende takken\u2026\" \/>\n<meta name=\"robots\" content=\"index, follow, max-snippet:-1, max-image-preview:large, max-video-preview:-1\" \/>\n<link rel=\"canonical\" href=\"https:\/\/www.supeinnihonto.com\/nl\/product\/inro-in-maki-e-met-haan-en-hen\/\" \/>\n<meta property=\"og:locale\" content=\"nl_NL\" \/>\n<meta property=\"og:type\" content=\"article\" \/>\n<meta property=\"og:title\" content=\"Inr\u014d in maki-e met haan en hen - Supein Nihonto\" \/>\n<meta property=\"og:description\" content=\"Inr\u014d in maki-e met haan en hen. Inr\u014d met vijf compartimenten, gelakt met een voorstelling van een haan en een hen, waarbij de haan op een trommel staat, onder een pijnboom met neerhangende takken\u2026\" \/>\n<meta property=\"og:url\" content=\"https:\/\/www.supeinnihonto.com\/nl\/product\/inro-in-maki-e-met-haan-en-hen\/\" \/>\n<meta property=\"og:site_name\" content=\"Supein Nihonto\" \/>\n<meta property=\"article:modified_time\" content=\"2025-12-27T18:57:52+00:00\" \/>\n<meta property=\"og:image\" content=\"https:\/\/www.supeinnihonto.com\/wp-content\/uploads\/2024\/05\/DSC_3622-scaled.jpg\" \/>\n\t<meta property=\"og:image:width\" content=\"1707\" \/>\n\t<meta property=\"og:image:height\" content=\"2560\" \/>\n\t<meta property=\"og:image:type\" content=\"image\/jpeg\" \/>\n<meta name=\"twitter:card\" content=\"summary_large_image\" \/>\n<meta name=\"twitter:label1\" content=\"Geschatte leestijd\" \/>\n\t<meta name=\"twitter:data1\" content=\"2 minuten\" \/>\n<script type=\"application\/ld+json\" class=\"yoast-schema-graph\">{\"@context\":\"https:\\\/\\\/schema.org\",\"@graph\":[{\"@type\":\"WebPage\",\"@id\":\"https:\\\/\\\/www.supeinnihonto.com\\\/nl\\\/product\\\/inro-in-maki-e-met-haan-en-hen\\\/\",\"url\":\"https:\\\/\\\/www.supeinnihonto.com\\\/nl\\\/product\\\/inro-in-maki-e-met-haan-en-hen\\\/\",\"name\":\"Inr\u014d in maki-e met haan en hen - Supein Nihonto\",\"isPartOf\":{\"@id\":\"https:\\\/\\\/www.supeinnihonto.com\\\/nl\\\/#website\"},\"primaryImageOfPage\":{\"@id\":\"https:\\\/\\\/www.supeinnihonto.com\\\/nl\\\/product\\\/inro-in-maki-e-met-haan-en-hen\\\/#primaryimage\"},\"image\":{\"@id\":\"https:\\\/\\\/www.supeinnihonto.com\\\/nl\\\/product\\\/inro-in-maki-e-met-haan-en-hen\\\/#primaryimage\"},\"thumbnailUrl\":\"https:\\\/\\\/i0.wp.com\\\/www.supeinnihonto.com\\\/wp-content\\\/uploads\\\/2024\\\/05\\\/DSC_3622-scaled.jpg?fit=1707%2C2560&ssl=1\",\"datePublished\":\"2024-05-09T14:32:51+00:00\",\"dateModified\":\"2025-12-27T18:57:52+00:00\",\"description\":\"Inr\u014d in maki-e met haan en hen. Inr\u014d met vijf compartimenten, gelakt met een voorstelling van een haan en een hen, waarbij de haan op een trommel staat, onder een pijnboom met neerhangende takken\u2026\",\"breadcrumb\":{\"@id\":\"https:\\\/\\\/www.supeinnihonto.com\\\/nl\\\/product\\\/inro-in-maki-e-met-haan-en-hen\\\/#breadcrumb\"},\"inLanguage\":\"nl-NL\",\"potentialAction\":[{\"@type\":\"ReadAction\",\"target\":[\"https:\\\/\\\/www.supeinnihonto.com\\\/nl\\\/product\\\/inro-in-maki-e-met-haan-en-hen\\\/\"]}]},{\"@type\":\"ImageObject\",\"inLanguage\":\"nl-NL\",\"@id\":\"https:\\\/\\\/www.supeinnihonto.com\\\/nl\\\/product\\\/inro-in-maki-e-met-haan-en-hen\\\/#primaryimage\",\"url\":\"https:\\\/\\\/i0.wp.com\\\/www.supeinnihonto.com\\\/wp-content\\\/uploads\\\/2024\\\/05\\\/DSC_3622-scaled.jpg?fit=1707%2C2560&ssl=1\",\"contentUrl\":\"https:\\\/\\\/i0.wp.com\\\/www.supeinnihonto.com\\\/wp-content\\\/uploads\\\/2024\\\/05\\\/DSC_3622-scaled.jpg?fit=1707%2C2560&ssl=1\",\"width\":1707,\"height\":2560,\"caption\":\"Inro Rooster and hen\"},{\"@type\":\"BreadcrumbList\",\"@id\":\"https:\\\/\\\/www.supeinnihonto.com\\\/nl\\\/product\\\/inro-in-maki-e-met-haan-en-hen\\\/#breadcrumb\",\"itemListElement\":[{\"@type\":\"ListItem\",\"position\":1,\"name\":\"Portada\",\"item\":\"https:\\\/\\\/www.supeinnihonto.com\\\/nl\\\/\"},{\"@type\":\"ListItem\",\"position\":2,\"name\":\"Shop\",\"item\":\"https:\\\/\\\/www.supeinnihonto.com\\\/nl\\\/shop\\\/\"},{\"@type\":\"ListItem\",\"position\":3,\"name\":\"Inr\u014d in maki-e met haan en hen\"}]},{\"@type\":\"WebSite\",\"@id\":\"https:\\\/\\\/www.supeinnihonto.com\\\/nl\\\/#website\",\"url\":\"https:\\\/\\\/www.supeinnihonto.com\\\/nl\\\/\",\"name\":\"Supein Nihonto\",\"description\":\"Authentic japanese Nihonto katana \",\"publisher\":{\"@id\":\"https:\\\/\\\/www.supeinnihonto.com\\\/nl\\\/#organization\"},\"potentialAction\":[{\"@type\":\"SearchAction\",\"target\":{\"@type\":\"EntryPoint\",\"urlTemplate\":\"https:\\\/\\\/www.supeinnihonto.com\\\/nl\\\/?s={search_term_string}\"},\"query-input\":{\"@type\":\"PropertyValueSpecification\",\"valueRequired\":true,\"valueName\":\"search_term_string\"}}],\"inLanguage\":\"nl-NL\"},{\"@type\":\"Organization\",\"@id\":\"https:\\\/\\\/www.supeinnihonto.com\\\/nl\\\/#organization\",\"name\":\"SupeinNihonto\",\"url\":\"https:\\\/\\\/www.supeinnihonto.com\\\/nl\\\/\",\"logo\":{\"@type\":\"ImageObject\",\"inLanguage\":\"nl-NL\",\"@id\":\"https:\\\/\\\/www.supeinnihonto.com\\\/nl\\\/#\\\/schema\\\/logo\\\/image\\\/\",\"url\":\"https:\\\/\\\/www.supeinnihonto.com\\\/wp-content\\\/uploads\\\/2021\\\/11\\\/animation_Default_3szk0jcenoloop.gif\",\"contentUrl\":\"https:\\\/\\\/www.supeinnihonto.com\\\/wp-content\\\/uploads\\\/2021\\\/11\\\/animation_Default_3szk0jcenoloop.gif\",\"width\":750,\"height\":641,\"caption\":\"SupeinNihonto\"},\"image\":{\"@id\":\"https:\\\/\\\/www.supeinnihonto.com\\\/nl\\\/#\\\/schema\\\/logo\\\/image\\\/\"}}]}<\/script>\n<!-- \/ Yoast SEO plugin. -->","yoast_head_json":{"title":"Inr\u014d in maki-e met haan en hen - Supein Nihonto","description":"Inr\u014d in maki-e met haan en hen. Inr\u014d met vijf compartimenten, gelakt met een voorstelling van een haan en een hen, waarbij de haan op een trommel staat, onder een pijnboom met neerhangende takken\u2026","robots":{"index":"index","follow":"follow","max-snippet":"max-snippet:-1","max-image-preview":"max-image-preview:large","max-video-preview":"max-video-preview:-1"},"canonical":"https:\/\/www.supeinnihonto.com\/nl\/product\/inro-in-maki-e-met-haan-en-hen\/","og_locale":"nl_NL","og_type":"article","og_title":"Inr\u014d in maki-e met haan en hen - Supein Nihonto","og_description":"Inr\u014d in maki-e met haan en hen. Inr\u014d met vijf compartimenten, gelakt met een voorstelling van een haan en een hen, waarbij de haan op een trommel staat, onder een pijnboom met neerhangende takken\u2026","og_url":"https:\/\/www.supeinnihonto.com\/nl\/product\/inro-in-maki-e-met-haan-en-hen\/","og_site_name":"Supein Nihonto","article_modified_time":"2025-12-27T18:57:52+00:00","og_image":[{"width":1707,"height":2560,"url":"https:\/\/www.supeinnihonto.com\/wp-content\/uploads\/2024\/05\/DSC_3622-scaled.jpg","type":"image\/jpeg"}],"twitter_card":"summary_large_image","twitter_misc":{"Geschatte leestijd":"2 minuten"},"schema":{"@context":"https:\/\/schema.org","@graph":[{"@type":"WebPage","@id":"https:\/\/www.supeinnihonto.com\/nl\/product\/inro-in-maki-e-met-haan-en-hen\/","url":"https:\/\/www.supeinnihonto.com\/nl\/product\/inro-in-maki-e-met-haan-en-hen\/","name":"Inr\u014d in maki-e met haan en hen - Supein Nihonto","isPartOf":{"@id":"https:\/\/www.supeinnihonto.com\/nl\/#website"},"primaryImageOfPage":{"@id":"https:\/\/www.supeinnihonto.com\/nl\/product\/inro-in-maki-e-met-haan-en-hen\/#primaryimage"},"image":{"@id":"https:\/\/www.supeinnihonto.com\/nl\/product\/inro-in-maki-e-met-haan-en-hen\/#primaryimage"},"thumbnailUrl":"https:\/\/i0.wp.com\/www.supeinnihonto.com\/wp-content\/uploads\/2024\/05\/DSC_3622-scaled.jpg?fit=1707%2C2560&ssl=1","datePublished":"2024-05-09T14:32:51+00:00","dateModified":"2025-12-27T18:57:52+00:00","description":"Inr\u014d in maki-e met haan en hen. Inr\u014d met vijf compartimenten, gelakt met een voorstelling van een haan en een hen, waarbij de haan op een trommel staat, onder een pijnboom met neerhangende takken\u2026","breadcrumb":{"@id":"https:\/\/www.supeinnihonto.com\/nl\/product\/inro-in-maki-e-met-haan-en-hen\/#breadcrumb"},"inLanguage":"nl-NL","potentialAction":[{"@type":"ReadAction","target":["https:\/\/www.supeinnihonto.com\/nl\/product\/inro-in-maki-e-met-haan-en-hen\/"]}]},{"@type":"ImageObject","inLanguage":"nl-NL","@id":"https:\/\/www.supeinnihonto.com\/nl\/product\/inro-in-maki-e-met-haan-en-hen\/#primaryimage","url":"https:\/\/i0.wp.com\/www.supeinnihonto.com\/wp-content\/uploads\/2024\/05\/DSC_3622-scaled.jpg?fit=1707%2C2560&ssl=1","contentUrl":"https:\/\/i0.wp.com\/www.supeinnihonto.com\/wp-content\/uploads\/2024\/05\/DSC_3622-scaled.jpg?fit=1707%2C2560&ssl=1","width":1707,"height":2560,"caption":"Inro Rooster and hen"},{"@type":"BreadcrumbList","@id":"https:\/\/www.supeinnihonto.com\/nl\/product\/inro-in-maki-e-met-haan-en-hen\/#breadcrumb","itemListElement":[{"@type":"ListItem","position":1,"name":"Portada","item":"https:\/\/www.supeinnihonto.com\/nl\/"},{"@type":"ListItem","position":2,"name":"Shop","item":"https:\/\/www.supeinnihonto.com\/nl\/shop\/"},{"@type":"ListItem","position":3,"name":"Inr\u014d in maki-e met haan en hen"}]},{"@type":"WebSite","@id":"https:\/\/www.supeinnihonto.com\/nl\/#website","url":"https:\/\/www.supeinnihonto.com\/nl\/","name":"Supein Nihonto","description":"Authentic japanese Nihonto katana ","publisher":{"@id":"https:\/\/www.supeinnihonto.com\/nl\/#organization"},"potentialAction":[{"@type":"SearchAction","target":{"@type":"EntryPoint","urlTemplate":"https:\/\/www.supeinnihonto.com\/nl\/?s={search_term_string}"},"query-input":{"@type":"PropertyValueSpecification","valueRequired":true,"valueName":"search_term_string"}}],"inLanguage":"nl-NL"},{"@type":"Organization","@id":"https:\/\/www.supeinnihonto.com\/nl\/#organization","name":"SupeinNihonto","url":"https:\/\/www.supeinnihonto.com\/nl\/","logo":{"@type":"ImageObject","inLanguage":"nl-NL","@id":"https:\/\/www.supeinnihonto.com\/nl\/#\/schema\/logo\/image\/","url":"https:\/\/www.supeinnihonto.com\/wp-content\/uploads\/2021\/11\/animation_Default_3szk0jcenoloop.gif","contentUrl":"https:\/\/www.supeinnihonto.com\/wp-content\/uploads\/2021\/11\/animation_Default_3szk0jcenoloop.gif","width":750,"height":641,"caption":"SupeinNihonto"},"image":{"@id":"https:\/\/www.supeinnihonto.com\/nl\/#\/schema\/logo\/image\/"}}]}},"jetpack-related-posts":[{"id":14673,"url":"https:\/\/www.supeinnihonto.com\/nl\/product\/inro-makie-chicken-and-hen\/","url_meta":{"origin":14849,"position":0},"title":"Inr\u014d in maki-e met haan en hen","author":"Supein Nihonto","date":"10 de mei de 2024","format":false,"excerpt":"Object: Inr\u014d in maki-e met haan en hen. Grote en fraaie inr\u014d in maki-e, met een uitstekende weergave van de vogels en hun beweging. Inr\u014d in prachtige staat en gesigneerd. Kagamibuta-netsuke met enkele oude reparaties. Gebruik van zilver, goud en rode lak voor de wapens. Uitstekend verzamelobject. 8 x 7\u2026","rel":"","context":"Soortgelijk bericht","block_context":{"text":"Soortgelijk bericht","link":""},"img":{"alt_text":"Inro makie chicken and hen","src":"https:\/\/i0.wp.com\/www.supeinnihonto.com\/wp-content\/uploads\/2024\/05\/DSC_3680-scaled.jpg?fit=1200%2C800&ssl=1&resize=350%2C200","width":350,"height":200,"srcset":"https:\/\/i0.wp.com\/www.supeinnihonto.com\/wp-content\/uploads\/2024\/05\/DSC_3680-scaled.jpg?fit=1200%2C800&ssl=1&resize=350%2C200 1x, https:\/\/i0.wp.com\/www.supeinnihonto.com\/wp-content\/uploads\/2024\/05\/DSC_3680-scaled.jpg?fit=1200%2C800&ssl=1&resize=525%2C300 1.5x, https:\/\/i0.wp.com\/www.supeinnihonto.com\/wp-content\/uploads\/2024\/05\/DSC_3680-scaled.jpg?fit=1200%2C800&ssl=1&resize=700%2C400 2x, https:\/\/i0.wp.com\/www.supeinnihonto.com\/wp-content\/uploads\/2024\/05\/DSC_3680-scaled.jpg?fit=1200%2C800&ssl=1&resize=1050%2C600 3x"},"classes":[]},{"id":14681,"url":"https:\/\/www.supeinnihonto.com\/nl\/product\/inro-in-shibayama-maki-e-met-pauw\/","url_meta":{"origin":14849,"position":1},"title":"Inr\u014d in Shibayama-maki-e met pauw","author":"Supein Nihonto","date":"10 de mei de 2024","format":false,"excerpt":"Object: Edo-periode of vroege Meiji-periode. 19e eeuw. Inr\u014d in Shibayama-maki-e met pauw. Gedecoreerd in goud takamaki-e, met een voorstelling van een staande pauw met opgerichte staartveren die zich naar de andere zijde uitstrekken boven een pauwin; de \u2018ogen\u2019 van de staartveren van het mannetje zijn ingelegd met parelmoer, het interieur\u2026","rel":"","context":"Soortgelijk bericht","block_context":{"text":"Soortgelijk bericht","link":""},"img":{"alt_text":"Inro Makie shibayama peacock","src":"https:\/\/i0.wp.com\/www.supeinnihonto.com\/wp-content\/uploads\/2024\/05\/DSC_3666-scaled.jpg?fit=1200%2C800&ssl=1&resize=350%2C200","width":350,"height":200,"srcset":"https:\/\/i0.wp.com\/www.supeinnihonto.com\/wp-content\/uploads\/2024\/05\/DSC_3666-scaled.jpg?fit=1200%2C800&ssl=1&resize=350%2C200 1x, https:\/\/i0.wp.com\/www.supeinnihonto.com\/wp-content\/uploads\/2024\/05\/DSC_3666-scaled.jpg?fit=1200%2C800&ssl=1&resize=525%2C300 1.5x, https:\/\/i0.wp.com\/www.supeinnihonto.com\/wp-content\/uploads\/2024\/05\/DSC_3666-scaled.jpg?fit=1200%2C800&ssl=1&resize=700%2C400 2x, https:\/\/i0.wp.com\/www.supeinnihonto.com\/wp-content\/uploads\/2024\/05\/DSC_3666-scaled.jpg?fit=1200%2C800&ssl=1&resize=1050%2C600 3x"},"classes":[]},{"id":14841,"url":"https:\/\/www.supeinnihonto.com\/nl\/product\/inro-makie-birds-and-pum\/","url_meta":{"origin":14849,"position":2},"title":"Inr\u014d in maki-e met vogels en pruimenboom","author":"Supein Nihonto","date":"10 de mei de 2024","format":false,"excerpt":"Object: Inr\u014d in maki-e met vogels en pruimenboom. Grote en indrukwekkende inr\u014d met vijf compartimenten, uitgevoerd in kostbaar werk met verschillende technieken, in uitstekende staat van behoud. Uit de Meiji-periode, einde 19e eeuw. De inr\u014d omvat tevens een metalen ojime met cloisonn\u00e9-decor en een antieke houten netsuke uit de 19e\u2026","rel":"","context":"Soortgelijk bericht","block_context":{"text":"Soortgelijk bericht","link":""},"img":{"alt_text":"Inro makie birds","src":"https:\/\/i0.wp.com\/www.supeinnihonto.com\/wp-content\/uploads\/2024\/05\/DSC_3629-scaled.jpg?fit=800%2C1200&ssl=1&resize=350%2C200","width":350,"height":200,"srcset":"https:\/\/i0.wp.com\/www.supeinnihonto.com\/wp-content\/uploads\/2024\/05\/DSC_3629-scaled.jpg?fit=800%2C1200&ssl=1&resize=350%2C200 1x, https:\/\/i0.wp.com\/www.supeinnihonto.com\/wp-content\/uploads\/2024\/05\/DSC_3629-scaled.jpg?fit=800%2C1200&ssl=1&resize=525%2C300 1.5x, https:\/\/i0.wp.com\/www.supeinnihonto.com\/wp-content\/uploads\/2024\/05\/DSC_3629-scaled.jpg?fit=800%2C1200&ssl=1&resize=700%2C400 2x"},"classes":[]},{"id":14865,"url":"https:\/\/www.supeinnihonto.com\/nl\/product\/inro-in-shibayama-maki-e-met-draak\/","url_meta":{"origin":14849,"position":3},"title":"Inr\u014d in Shibayama-maki-e met draak","author":"Supein Nihonto","date":"9 de mei de 2024","format":false,"excerpt":"Object: Vierdelige inr\u014d met inlegwerk en goudlak. Inr\u014d. Meiji-periode (1868\u20131912). Lensvormige kinji-grond, gedecoreerd in goud en lichtgekleurd takamaki-e, goud hiramaki-e, kirikane en Shibayama-stijl met Kosekik\u014d (Chinees: Huangshigong), knielend op rotsen en een gevallen schoen aanbiedend aan Ch\u014dry\u014d (Zhang Liang), afgebeeld aan de andere zijde terwijl hij te paard een brug\u2026","rel":"","context":"Soortgelijk bericht","block_context":{"text":"Soortgelijk bericht","link":""},"img":{"alt_text":"Inro Makie shibayama dragon","src":"https:\/\/i0.wp.com\/www.supeinnihonto.com\/wp-content\/uploads\/2024\/05\/DSC_3591-scaled.jpg?fit=870%2C1200&ssl=1&resize=350%2C200","width":350,"height":200,"srcset":"https:\/\/i0.wp.com\/www.supeinnihonto.com\/wp-content\/uploads\/2024\/05\/DSC_3591-scaled.jpg?fit=870%2C1200&ssl=1&resize=350%2C200 1x, https:\/\/i0.wp.com\/www.supeinnihonto.com\/wp-content\/uploads\/2024\/05\/DSC_3591-scaled.jpg?fit=870%2C1200&ssl=1&resize=525%2C300 1.5x, https:\/\/i0.wp.com\/www.supeinnihonto.com\/wp-content\/uploads\/2024\/05\/DSC_3591-scaled.jpg?fit=870%2C1200&ssl=1&resize=700%2C400 2x"},"classes":[]},{"id":14697,"url":"https:\/\/www.supeinnihonto.com\/nl\/product\/inro-makie-shibayama-fukurokuju\/","url_meta":{"origin":14849,"position":4},"title":"Inro makie shibayama Fukurokuju","author":"ericmontero","date":"10 de mei de 2024","format":false,"excerpt":"Item:\u00a0 Edo-periode of vroege Meiji-periode. 19e eeuw. Inro makie shibayama Fukurokuju. Mooie inro met kinji-achtergrond, versierd met goud en lichte gekleurde takamaki-e, gouden hiramaki-e, kirikane en Shibayama-stijl. Gezichten van Fukurokuju en jongen in ivoor en barnstenen schildpad. Gesigneerd \"Shokusai\" met parelmoer zegel. 8,1 x 6,0 cm Wat is een Inro?\u2026","rel":"","context":"Soortgelijk bericht","block_context":{"text":"Soortgelijk bericht","link":""},"img":{"alt_text":"Inro Makie Shibayama Fukurokuju","src":"https:\/\/i0.wp.com\/www.supeinnihonto.com\/wp-content\/uploads\/2024\/05\/DSC_3648-scaled.jpg?fit=800%2C1200&ssl=1&resize=350%2C200","width":350,"height":200,"srcset":"https:\/\/i0.wp.com\/www.supeinnihonto.com\/wp-content\/uploads\/2024\/05\/DSC_3648-scaled.jpg?fit=800%2C1200&ssl=1&resize=350%2C200 1x, https:\/\/i0.wp.com\/www.supeinnihonto.com\/wp-content\/uploads\/2024\/05\/DSC_3648-scaled.jpg?fit=800%2C1200&ssl=1&resize=525%2C300 1.5x, https:\/\/i0.wp.com\/www.supeinnihonto.com\/wp-content\/uploads\/2024\/05\/DSC_3648-scaled.jpg?fit=800%2C1200&ssl=1&resize=700%2C400 2x"},"classes":[]},{"id":14873,"url":"https:\/\/www.supeinnihonto.com\/nl\/product\/inro-met-maki-e-decoratie-van-paarden-en-ossen\/","url_meta":{"origin":14849,"position":5},"title":"Inro met maki-e decoratie van paarden en ossen","author":"Supein Nihonto","date":"9 de mei de 2024","format":false,"excerpt":"Object: Inro met maki-e decoratie van paarden en ossen. Gesigneerd \u201cKajikawa Tomohide\u201d. Prachtige inro in uitzonderlijke staat, uitgevoerd met een superieure maki-e techniek, met paarden aan de ene zijde en ossen aan de andere. Het stuk verkeert in vrijwel onberispelijke staat en behoudt al zijn elementen, zoals de eveneens met\u2026","rel":"","context":"Soortgelijk bericht","block_context":{"text":"Soortgelijk bericht","link":""},"img":{"alt_text":"Inro Makie horses and oxen","src":"https:\/\/i0.wp.com\/www.supeinnihonto.com\/wp-content\/uploads\/2024\/05\/DSC_3581-scaled.jpg?fit=1200%2C800&ssl=1&resize=350%2C200","width":350,"height":200,"srcset":"https:\/\/i0.wp.com\/www.supeinnihonto.com\/wp-content\/uploads\/2024\/05\/DSC_3581-scaled.jpg?fit=1200%2C800&ssl=1&resize=350%2C200 1x, https:\/\/i0.wp.com\/www.supeinnihonto.com\/wp-content\/uploads\/2024\/05\/DSC_3581-scaled.jpg?fit=1200%2C800&ssl=1&resize=525%2C300 1.5x, https:\/\/i0.wp.com\/www.supeinnihonto.com\/wp-content\/uploads\/2024\/05\/DSC_3581-scaled.jpg?fit=1200%2C800&ssl=1&resize=700%2C400 2x, https:\/\/i0.wp.com\/www.supeinnihonto.com\/wp-content\/uploads\/2024\/05\/DSC_3581-scaled.jpg?fit=1200%2C800&ssl=1&resize=1050%2C600 3x"},"classes":[]}],"jetpack_sharing_enabled":true,"_links":{"self":[{"href":"https:\/\/www.supeinnihonto.com\/nl\/wp-json\/wp\/v2\/product\/14849","targetHints":{"allow":["GET"]}}],"collection":[{"href":"https:\/\/www.supeinnihonto.com\/nl\/wp-json\/wp\/v2\/product"}],"about":[{"href":"https:\/\/www.supeinnihonto.com\/nl\/wp-json\/wp\/v2\/types\/product"}],"wp:featuredmedia":[{"embeddable":true,"href":"https:\/\/www.supeinnihonto.com\/nl\/wp-json\/wp\/v2\/media\/14850"}],"wp:attachment":[{"href":"https:\/\/www.supeinnihonto.com\/nl\/wp-json\/wp\/v2\/media?parent=14849"}],"wp:term":[{"taxonomy":"product_brand","embeddable":true,"href":"https:\/\/www.supeinnihonto.com\/nl\/wp-json\/wp\/v2\/product_brand?post=14849"},{"taxonomy":"product_cat","embeddable":true,"href":"https:\/\/www.supeinnihonto.com\/nl\/wp-json\/wp\/v2\/product_cat?post=14849"},{"taxonomy":"product_tag","embeddable":true,"href":"https:\/\/www.supeinnihonto.com\/nl\/wp-json\/wp\/v2\/product_tag?post=14849"}],"curies":[{"name":"wp","href":"https:\/\/api.w.org\/{rel}","templated":true}]}}