{"id":14829,"date":"2024-05-08T17:14:11","date_gmt":"2024-05-08T17:14:11","guid":{"rendered":"https:\/\/www.supeinnihonto.com\/product\/kikugata-shakudo-openwork-tsuba\/"},"modified":"2026-01-02T18:49:52","modified_gmt":"2026-01-02T18:49:52","slug":"kikugata-shakudo-opengewerkte-tsuba","status":"publish","type":"product","link":"https:\/\/www.supeinnihonto.com\/nl\/product\/kikugata-shakudo-opengewerkte-tsuba\/","title":{"rendered":"Kikugata shakud\u014d opengewerkte tsuba"},"content":{"rendered":"<p><span>ITEM:<\/span><\/p>\n<p><span>Wordt geleverd met certificaat van SupeinNihonto.<\/span><\/p>\n<p>Kikugata shakud\u014d opengewerkte tsuba. Mooie tsuba vervaardigd uit shakud\u014d (koper-goudlegering) in zeer goede staat gezien de leeftijd. Prachtig opengewerkt vakmanschap en mooie blauwachtige patina.<\/p>\n<p>6,6 x 6,4 cm<\/p>\n<p><span>OVER ONS:<\/span><\/p>\n<p><span>Bij Supein Nihonto streven wij ernaar u samurai-zwaarden en -harnassen van hoge kwaliteit aan te bieden tegen prijzen die ver onder die van de concurrentie liggen. Wij zijn waarschijnlijk de grootste exporteur van Europa en we zijn trots te kunnen aankondigen dat wij nummer \u00e9\u00e9n, TOP SELLER, zijn op Catawiki Samurai- en Japanse veilingen. Dit is vooral belangrijk om te besparen op belastingen en wachttijden die bij Japanse verkopers meer dan vier maanden kunnen bedragen, evenals de problemen met langdurige en soms complexe procedures die de levertijden verder verlengen, zelfs tot het terugsturen van het pakket naar de afzender, en meer dan 35% extra kosten op de uiteindelijke prijs door douane, heffingen en kosten, die de prijs verhogen maar niet de kwaliteit of de toekomstige doorverkoopwaarde. Wij zijn bovendien professionele verkopers en daarom zijn onze tevredenheidsgarantie, kennis en standaarden superieur aan die van particuliere verkopers, met betere aftersales-garanties. Dankzij dit alles, onze laagste professionele prijzen in de sector en onze snelle en effici\u00ebnte verzendmethode, die in Europa zelden meer dan drie dagen duurt, zijn wij ervan overtuigd dat u zult genieten van deze geweldige kans om een kunstwerk te bezitten dat in de loop der jaren in waarde zal stijgen en een uitstekende investering vormt. Vertrouw op ons om van de samoeraikunst te genieten.<\/span><\/p>\n","protected":false},"excerpt":{"rendered":"<p>ITEM: Wordt geleverd met certificaat van SupeinNihonto. Kikugata shakud\u014d opengewerkte tsuba. Mooie tsuba vervaardigd uit shakud\u014d (koper-goudlegering) in zeer goede staat gezien de leeftijd. Prachtig opengewerkt vakmanschap en mooie blauwachtige patina. 6,6 x 6,4 cm OVER ONS: Bij Supein Nihonto streven wij ernaar u samurai-zwaarden en -harnassen van hoge kwaliteit [&hellip;]<\/p>\n","protected":false},"featured_media":14831,"template":"","meta":{"jetpack_post_was_ever_published":false},"product_brand":[],"product_cat":[350,346],"product_tag":[],"class_list":{"0":"post-14829","1":"product","2":"type-product","3":"status-publish","4":"has-post-thumbnail","6":"product_cat-tosogu","7":"product_cat-tsuba","8":"product_shipping_class-light","10":"first","11":"instock","12":"featured","13":"sold-individually","14":"shipping-taxable","15":"purchasable","16":"product-type-simple"},"yoast_head":"<!-- This site is optimized with the Yoast SEO plugin v27.4 - https:\/\/yoast.com\/product\/yoast-seo-wordpress\/ -->\n<title>Kikugata shakud\u014d opengewerkte tsuba - Supein Nihonto<\/title>\n<meta name=\"description\" content=\"Kikugata shakud\u014d opengewerkte tsuba. Mooie tsuba vervaardigd uit shakud\u014d (koper-goudlegering) in zeer goede staat gezien de leeftijd.\" \/>\n<meta name=\"robots\" content=\"index, follow, max-snippet:-1, max-image-preview:large, max-video-preview:-1\" \/>\n<link rel=\"canonical\" href=\"https:\/\/www.supeinnihonto.com\/nl\/product\/kikugata-shakudo-opengewerkte-tsuba\/\" \/>\n<meta property=\"og:locale\" content=\"nl_NL\" \/>\n<meta property=\"og:type\" content=\"article\" \/>\n<meta property=\"og:title\" content=\"Kikugata shakud\u014d opengewerkte tsuba - Supein Nihonto\" \/>\n<meta property=\"og:description\" content=\"Kikugata shakud\u014d opengewerkte tsuba. Mooie tsuba vervaardigd uit shakud\u014d (koper-goudlegering) in zeer goede staat gezien de leeftijd.\" \/>\n<meta property=\"og:url\" content=\"https:\/\/www.supeinnihonto.com\/nl\/product\/kikugata-shakudo-opengewerkte-tsuba\/\" \/>\n<meta property=\"og:site_name\" content=\"Supein Nihonto\" \/>\n<meta property=\"article:modified_time\" content=\"2026-01-02T18:49:52+00:00\" \/>\n<meta property=\"og:image\" content=\"https:\/\/www.supeinnihonto.com\/wp-content\/uploads\/2024\/05\/DSC_3529-scaled.jpg\" \/>\n\t<meta property=\"og:image:width\" content=\"2560\" \/>\n\t<meta property=\"og:image:height\" content=\"1707\" \/>\n\t<meta property=\"og:image:type\" content=\"image\/jpeg\" \/>\n<meta name=\"twitter:card\" content=\"summary_large_image\" \/>\n<meta name=\"twitter:label1\" content=\"Geschatte leestijd\" \/>\n\t<meta name=\"twitter:data1\" content=\"2 minuten\" \/>\n<script type=\"application\/ld+json\" class=\"yoast-schema-graph\">{\"@context\":\"https:\\\/\\\/schema.org\",\"@graph\":[{\"@type\":\"WebPage\",\"@id\":\"https:\\\/\\\/www.supeinnihonto.com\\\/nl\\\/product\\\/kikugata-shakudo-opengewerkte-tsuba\\\/\",\"url\":\"https:\\\/\\\/www.supeinnihonto.com\\\/nl\\\/product\\\/kikugata-shakudo-opengewerkte-tsuba\\\/\",\"name\":\"Kikugata shakud\u014d opengewerkte tsuba - Supein Nihonto\",\"isPartOf\":{\"@id\":\"https:\\\/\\\/www.supeinnihonto.com\\\/nl\\\/#website\"},\"primaryImageOfPage\":{\"@id\":\"https:\\\/\\\/www.supeinnihonto.com\\\/nl\\\/product\\\/kikugata-shakudo-opengewerkte-tsuba\\\/#primaryimage\"},\"image\":{\"@id\":\"https:\\\/\\\/www.supeinnihonto.com\\\/nl\\\/product\\\/kikugata-shakudo-opengewerkte-tsuba\\\/#primaryimage\"},\"thumbnailUrl\":\"https:\\\/\\\/i0.wp.com\\\/www.supeinnihonto.com\\\/wp-content\\\/uploads\\\/2024\\\/05\\\/DSC_3529-scaled.jpg?fit=2560%2C1707&ssl=1\",\"datePublished\":\"2024-05-08T17:14:11+00:00\",\"dateModified\":\"2026-01-02T18:49:52+00:00\",\"description\":\"Kikugata shakud\u014d opengewerkte tsuba. Mooie tsuba vervaardigd uit shakud\u014d (koper-goudlegering) in zeer goede staat gezien de leeftijd.\",\"breadcrumb\":{\"@id\":\"https:\\\/\\\/www.supeinnihonto.com\\\/nl\\\/product\\\/kikugata-shakudo-opengewerkte-tsuba\\\/#breadcrumb\"},\"inLanguage\":\"nl-NL\",\"potentialAction\":[{\"@type\":\"ReadAction\",\"target\":[\"https:\\\/\\\/www.supeinnihonto.com\\\/nl\\\/product\\\/kikugata-shakudo-opengewerkte-tsuba\\\/\"]}]},{\"@type\":\"ImageObject\",\"inLanguage\":\"nl-NL\",\"@id\":\"https:\\\/\\\/www.supeinnihonto.com\\\/nl\\\/product\\\/kikugata-shakudo-opengewerkte-tsuba\\\/#primaryimage\",\"url\":\"https:\\\/\\\/i0.wp.com\\\/www.supeinnihonto.com\\\/wp-content\\\/uploads\\\/2024\\\/05\\\/DSC_3529-scaled.jpg?fit=2560%2C1707&ssl=1\",\"contentUrl\":\"https:\\\/\\\/i0.wp.com\\\/www.supeinnihonto.com\\\/wp-content\\\/uploads\\\/2024\\\/05\\\/DSC_3529-scaled.jpg?fit=2560%2C1707&ssl=1\",\"width\":2560,\"height\":1707,\"caption\":\"Kikugata shakudo openwork tsuba\"},{\"@type\":\"BreadcrumbList\",\"@id\":\"https:\\\/\\\/www.supeinnihonto.com\\\/nl\\\/product\\\/kikugata-shakudo-opengewerkte-tsuba\\\/#breadcrumb\",\"itemListElement\":[{\"@type\":\"ListItem\",\"position\":1,\"name\":\"Portada\",\"item\":\"https:\\\/\\\/www.supeinnihonto.com\\\/nl\\\/\"},{\"@type\":\"ListItem\",\"position\":2,\"name\":\"Shop\",\"item\":\"https:\\\/\\\/www.supeinnihonto.com\\\/nl\\\/shop\\\/\"},{\"@type\":\"ListItem\",\"position\":3,\"name\":\"Kikugata shakud\u014d opengewerkte tsuba\"}]},{\"@type\":\"WebSite\",\"@id\":\"https:\\\/\\\/www.supeinnihonto.com\\\/nl\\\/#website\",\"url\":\"https:\\\/\\\/www.supeinnihonto.com\\\/nl\\\/\",\"name\":\"Supein Nihonto\",\"description\":\"Authentic japanese Nihonto katana \",\"publisher\":{\"@id\":\"https:\\\/\\\/www.supeinnihonto.com\\\/nl\\\/#organization\"},\"potentialAction\":[{\"@type\":\"SearchAction\",\"target\":{\"@type\":\"EntryPoint\",\"urlTemplate\":\"https:\\\/\\\/www.supeinnihonto.com\\\/nl\\\/?s={search_term_string}\"},\"query-input\":{\"@type\":\"PropertyValueSpecification\",\"valueRequired\":true,\"valueName\":\"search_term_string\"}}],\"inLanguage\":\"nl-NL\"},{\"@type\":\"Organization\",\"@id\":\"https:\\\/\\\/www.supeinnihonto.com\\\/nl\\\/#organization\",\"name\":\"SupeinNihonto\",\"url\":\"https:\\\/\\\/www.supeinnihonto.com\\\/nl\\\/\",\"logo\":{\"@type\":\"ImageObject\",\"inLanguage\":\"nl-NL\",\"@id\":\"https:\\\/\\\/www.supeinnihonto.com\\\/nl\\\/#\\\/schema\\\/logo\\\/image\\\/\",\"url\":\"https:\\\/\\\/www.supeinnihonto.com\\\/wp-content\\\/uploads\\\/2021\\\/11\\\/animation_Default_3szk0jcenoloop.gif\",\"contentUrl\":\"https:\\\/\\\/www.supeinnihonto.com\\\/wp-content\\\/uploads\\\/2021\\\/11\\\/animation_Default_3szk0jcenoloop.gif\",\"width\":750,\"height\":641,\"caption\":\"SupeinNihonto\"},\"image\":{\"@id\":\"https:\\\/\\\/www.supeinnihonto.com\\\/nl\\\/#\\\/schema\\\/logo\\\/image\\\/\"}}]}<\/script>\n<!-- \/ Yoast SEO plugin. -->","yoast_head_json":{"title":"Kikugata shakud\u014d opengewerkte tsuba - Supein Nihonto","description":"Kikugata shakud\u014d opengewerkte tsuba. Mooie tsuba vervaardigd uit shakud\u014d (koper-goudlegering) in zeer goede staat gezien de leeftijd.","robots":{"index":"index","follow":"follow","max-snippet":"max-snippet:-1","max-image-preview":"max-image-preview:large","max-video-preview":"max-video-preview:-1"},"canonical":"https:\/\/www.supeinnihonto.com\/nl\/product\/kikugata-shakudo-opengewerkte-tsuba\/","og_locale":"nl_NL","og_type":"article","og_title":"Kikugata shakud\u014d opengewerkte tsuba - Supein Nihonto","og_description":"Kikugata shakud\u014d opengewerkte tsuba. Mooie tsuba vervaardigd uit shakud\u014d (koper-goudlegering) in zeer goede staat gezien de leeftijd.","og_url":"https:\/\/www.supeinnihonto.com\/nl\/product\/kikugata-shakudo-opengewerkte-tsuba\/","og_site_name":"Supein Nihonto","article_modified_time":"2026-01-02T18:49:52+00:00","og_image":[{"width":2560,"height":1707,"url":"https:\/\/www.supeinnihonto.com\/wp-content\/uploads\/2024\/05\/DSC_3529-scaled.jpg","type":"image\/jpeg"}],"twitter_card":"summary_large_image","twitter_misc":{"Geschatte leestijd":"2 minuten"},"schema":{"@context":"https:\/\/schema.org","@graph":[{"@type":"WebPage","@id":"https:\/\/www.supeinnihonto.com\/nl\/product\/kikugata-shakudo-opengewerkte-tsuba\/","url":"https:\/\/www.supeinnihonto.com\/nl\/product\/kikugata-shakudo-opengewerkte-tsuba\/","name":"Kikugata shakud\u014d opengewerkte tsuba - Supein Nihonto","isPartOf":{"@id":"https:\/\/www.supeinnihonto.com\/nl\/#website"},"primaryImageOfPage":{"@id":"https:\/\/www.supeinnihonto.com\/nl\/product\/kikugata-shakudo-opengewerkte-tsuba\/#primaryimage"},"image":{"@id":"https:\/\/www.supeinnihonto.com\/nl\/product\/kikugata-shakudo-opengewerkte-tsuba\/#primaryimage"},"thumbnailUrl":"https:\/\/i0.wp.com\/www.supeinnihonto.com\/wp-content\/uploads\/2024\/05\/DSC_3529-scaled.jpg?fit=2560%2C1707&ssl=1","datePublished":"2024-05-08T17:14:11+00:00","dateModified":"2026-01-02T18:49:52+00:00","description":"Kikugata shakud\u014d opengewerkte tsuba. Mooie tsuba vervaardigd uit shakud\u014d (koper-goudlegering) in zeer goede staat gezien de leeftijd.","breadcrumb":{"@id":"https:\/\/www.supeinnihonto.com\/nl\/product\/kikugata-shakudo-opengewerkte-tsuba\/#breadcrumb"},"inLanguage":"nl-NL","potentialAction":[{"@type":"ReadAction","target":["https:\/\/www.supeinnihonto.com\/nl\/product\/kikugata-shakudo-opengewerkte-tsuba\/"]}]},{"@type":"ImageObject","inLanguage":"nl-NL","@id":"https:\/\/www.supeinnihonto.com\/nl\/product\/kikugata-shakudo-opengewerkte-tsuba\/#primaryimage","url":"https:\/\/i0.wp.com\/www.supeinnihonto.com\/wp-content\/uploads\/2024\/05\/DSC_3529-scaled.jpg?fit=2560%2C1707&ssl=1","contentUrl":"https:\/\/i0.wp.com\/www.supeinnihonto.com\/wp-content\/uploads\/2024\/05\/DSC_3529-scaled.jpg?fit=2560%2C1707&ssl=1","width":2560,"height":1707,"caption":"Kikugata shakudo openwork tsuba"},{"@type":"BreadcrumbList","@id":"https:\/\/www.supeinnihonto.com\/nl\/product\/kikugata-shakudo-opengewerkte-tsuba\/#breadcrumb","itemListElement":[{"@type":"ListItem","position":1,"name":"Portada","item":"https:\/\/www.supeinnihonto.com\/nl\/"},{"@type":"ListItem","position":2,"name":"Shop","item":"https:\/\/www.supeinnihonto.com\/nl\/shop\/"},{"@type":"ListItem","position":3,"name":"Kikugata shakud\u014d opengewerkte tsuba"}]},{"@type":"WebSite","@id":"https:\/\/www.supeinnihonto.com\/nl\/#website","url":"https:\/\/www.supeinnihonto.com\/nl\/","name":"Supein Nihonto","description":"Authentic japanese Nihonto katana ","publisher":{"@id":"https:\/\/www.supeinnihonto.com\/nl\/#organization"},"potentialAction":[{"@type":"SearchAction","target":{"@type":"EntryPoint","urlTemplate":"https:\/\/www.supeinnihonto.com\/nl\/?s={search_term_string}"},"query-input":{"@type":"PropertyValueSpecification","valueRequired":true,"valueName":"search_term_string"}}],"inLanguage":"nl-NL"},{"@type":"Organization","@id":"https:\/\/www.supeinnihonto.com\/nl\/#organization","name":"SupeinNihonto","url":"https:\/\/www.supeinnihonto.com\/nl\/","logo":{"@type":"ImageObject","inLanguage":"nl-NL","@id":"https:\/\/www.supeinnihonto.com\/nl\/#\/schema\/logo\/image\/","url":"https:\/\/www.supeinnihonto.com\/wp-content\/uploads\/2021\/11\/animation_Default_3szk0jcenoloop.gif","contentUrl":"https:\/\/www.supeinnihonto.com\/wp-content\/uploads\/2021\/11\/animation_Default_3szk0jcenoloop.gif","width":750,"height":641,"caption":"SupeinNihonto"},"image":{"@id":"https:\/\/www.supeinnihonto.com\/nl\/#\/schema\/logo\/image\/"}}]}},"jetpack-related-posts":[{"id":14753,"url":"https:\/\/www.supeinnihonto.com\/nl\/product\/aorigata-shakudo-tsuba-met-tijger\/","url_meta":{"origin":14829,"position":0},"title":"Aorigata shakud\u014d tsuba met tijger","author":"Supein Nihonto","date":"8 de mei de 2024","format":false,"excerpt":"ITEM: Wordt geleverd met certificaat van SupeinNihonto. Aorigata shakud\u014d tsuba met tijger. Ongebruikelijke tsuba van hoge kwaliteit, museumwaardig, vervaardigd uit shakud\u014d (goud-koperlegering) met een zeer fijn gesneden tijger, ingelegd in de tsuba en gemaakt van shibuichi (zilver-koperlegering) of zilver. Het meesterschap van de maker is duidelijk zichtbaar in dit fantastische\u2026","rel":"","context":"Soortgelijk bericht","block_context":{"text":"Soortgelijk bericht","link":""},"img":{"alt_text":"Aorigata shakudo tiger tsuba","src":"https:\/\/i0.wp.com\/www.supeinnihonto.com\/wp-content\/uploads\/2024\/05\/DSC_3519-scaled.jpg?fit=1200%2C800&ssl=1&resize=350%2C200","width":350,"height":200,"srcset":"https:\/\/i0.wp.com\/www.supeinnihonto.com\/wp-content\/uploads\/2024\/05\/DSC_3519-scaled.jpg?fit=1200%2C800&ssl=1&resize=350%2C200 1x, https:\/\/i0.wp.com\/www.supeinnihonto.com\/wp-content\/uploads\/2024\/05\/DSC_3519-scaled.jpg?fit=1200%2C800&ssl=1&resize=525%2C300 1.5x, https:\/\/i0.wp.com\/www.supeinnihonto.com\/wp-content\/uploads\/2024\/05\/DSC_3519-scaled.jpg?fit=1200%2C800&ssl=1&resize=700%2C400 2x, https:\/\/i0.wp.com\/www.supeinnihonto.com\/wp-content\/uploads\/2024\/05\/DSC_3519-scaled.jpg?fit=1200%2C800&ssl=1&resize=1050%2C600 3x"},"classes":[]},{"id":14565,"url":"https:\/\/www.supeinnihonto.com\/nl\/product\/shakudo-kakugata-shoki-tsuba\/","url_meta":{"origin":14829,"position":1},"title":"Shakudo Kakugata Shoki Tsuba","author":"ericmontero","date":"7 de mei de 2024","format":false,"excerpt":"ITEM: Wordt geleverd met certificaat van SupeinNihonto. Shakudo Kakugata Shoki Tsuba gesigneerd. Vertegenwoordigt Shoki, de demonenvanger. Topstuk tsuba museumstuk. Deze tsuba is een authentiek kunstwerk. Het snijwerk is meer dan uitstekend. Gemaakt van Shakudo (goud- en koperlegering). Er zijn verschillende inlegwerkstukken zoals goud, zilver, shibuichi en koper. Uit de Edo-periode.\u2026","rel":"","context":"Soortgelijk bericht","block_context":{"text":"Soortgelijk bericht","link":""},"img":{"alt_text":"Shakudo Kakugata Shoki Tsuba","src":"https:\/\/i0.wp.com\/www.supeinnihonto.com\/wp-content\/uploads\/2024\/05\/DSC_3426-scaled.jpg?fit=1200%2C800&ssl=1&resize=350%2C200","width":350,"height":200,"srcset":"https:\/\/i0.wp.com\/www.supeinnihonto.com\/wp-content\/uploads\/2024\/05\/DSC_3426-scaled.jpg?fit=1200%2C800&ssl=1&resize=350%2C200 1x, https:\/\/i0.wp.com\/www.supeinnihonto.com\/wp-content\/uploads\/2024\/05\/DSC_3426-scaled.jpg?fit=1200%2C800&ssl=1&resize=525%2C300 1.5x, https:\/\/i0.wp.com\/www.supeinnihonto.com\/wp-content\/uploads\/2024\/05\/DSC_3426-scaled.jpg?fit=1200%2C800&ssl=1&resize=700%2C400 2x, https:\/\/i0.wp.com\/www.supeinnihonto.com\/wp-content\/uploads\/2024\/05\/DSC_3426-scaled.jpg?fit=1200%2C800&ssl=1&resize=1050%2C600 3x"},"classes":[]},{"id":12420,"url":"https:\/\/www.supeinnihonto.com\/nl\/product\/marugata-shakudo-tsuba-met-folkloristisch-motief\/","url_meta":{"origin":14829,"position":2},"title":"Marugata shakud\u014d-tsuba met folkloristisch motief","author":"ericmontero","date":"11 de november de 2024","format":false,"excerpt":"ITEM: Wordt geleverd met certificaat van Supein Nihonto. Prachtige marugata-tsuba van shakud\u014d uit de 18e\u201319e eeuw, met een fraai gesneden Japans folkloristisch motief en inleg van goud, koper en zilver. Een bijzonder mooi stuk. 8,2 \u00d7 7,8 cm OVER ONS: Bij Supein Nihonto streven wij ernaar om samurai-zwaarden en harnassen\u2026","rel":"","context":"Soortgelijk bericht","block_context":{"text":"Soortgelijk bericht","link":""},"img":{"alt_text":"Marugata shakudo folklore tsuba","src":"https:\/\/i0.wp.com\/www.supeinnihonto.com\/wp-content\/uploads\/2024\/11\/DSC1790-scaled.jpg?fit=1200%2C800&ssl=1&resize=350%2C200","width":350,"height":200,"srcset":"https:\/\/i0.wp.com\/www.supeinnihonto.com\/wp-content\/uploads\/2024\/11\/DSC1790-scaled.jpg?fit=1200%2C800&ssl=1&resize=350%2C200 1x, https:\/\/i0.wp.com\/www.supeinnihonto.com\/wp-content\/uploads\/2024\/11\/DSC1790-scaled.jpg?fit=1200%2C800&ssl=1&resize=525%2C300 1.5x, https:\/\/i0.wp.com\/www.supeinnihonto.com\/wp-content\/uploads\/2024\/11\/DSC1790-scaled.jpg?fit=1200%2C800&ssl=1&resize=700%2C400 2x, https:\/\/i0.wp.com\/www.supeinnihonto.com\/wp-content\/uploads\/2024\/11\/DSC1790-scaled.jpg?fit=1200%2C800&ssl=1&resize=1050%2C600 3x"},"classes":[]},{"id":12340,"url":"https:\/\/www.supeinnihonto.com\/nl\/product\/marugata-shakudo-samurai\/","url_meta":{"origin":14829,"position":3},"title":"Marugata shakudo tsuba samurai","author":"Eric Majo","date":"12 de november de 2024","format":false,"excerpt":"ITEM: Wordt geleverd met certificaat van Supein Nihonto. Inclusief houten doos. Gesigneerd \u201cNara Naoyoshi\u201d, marugata-tsuba van k\u0101\u014d-shakud\u014d (legering van goud en koper). Een stuk van onge\u00ebvenaarde kwaliteit, waardig aan de beste musea ter wereld. De uitzonderlijke detaillering en het verfijnde snijwerk van dit prachtige object, dat een oorlogssc\u00e8ne van Dan\u2026","rel":"","context":"Soortgelijk bericht","block_context":{"text":"Soortgelijk bericht","link":""},"img":{"alt_text":"Marugata shakudo tsuba samurai","src":"https:\/\/i0.wp.com\/www.supeinnihonto.com\/wp-content\/uploads\/2024\/11\/DSC1956-scaled.jpg?fit=1200%2C800&ssl=1&resize=350%2C200","width":350,"height":200,"srcset":"https:\/\/i0.wp.com\/www.supeinnihonto.com\/wp-content\/uploads\/2024\/11\/DSC1956-scaled.jpg?fit=1200%2C800&ssl=1&resize=350%2C200 1x, https:\/\/i0.wp.com\/www.supeinnihonto.com\/wp-content\/uploads\/2024\/11\/DSC1956-scaled.jpg?fit=1200%2C800&ssl=1&resize=525%2C300 1.5x, https:\/\/i0.wp.com\/www.supeinnihonto.com\/wp-content\/uploads\/2024\/11\/DSC1956-scaled.jpg?fit=1200%2C800&ssl=1&resize=700%2C400 2x, https:\/\/i0.wp.com\/www.supeinnihonto.com\/wp-content\/uploads\/2024\/11\/DSC1956-scaled.jpg?fit=1200%2C800&ssl=1&resize=1050%2C600 3x"},"classes":[]},{"id":14745,"url":"https:\/\/www.supeinnihonto.com\/nl\/product\/zeshoekige-koperen-tsuba-met-chrysant\/","url_meta":{"origin":14829,"position":4},"title":"Zeshoekige koperen tsuba met chrysant","author":"Supein Nihonto","date":"8 de mei de 2024","format":false,"excerpt":"ITEM: Wordt geleverd met certificaat van SupeinNihonto. Zeldzaam voorbeeld van een zeshoekige tsuba uit twee materialen, met een buitenzijde van koper en een binnenzijde die een chrysant in shakud\u014d voorstelt. Zeer zeldzame en verzamelwaardige tsuba. 6,7 x 6,2 cm OVER ONS: Bij Supein Nihonto streven wij ernaar u samurai-zwaarden en\u2026","rel":"","context":"Soortgelijk bericht","block_context":{"text":"Soortgelijk bericht","link":""},"img":{"alt_text":"Exagonal copper Chrisantemum tsuba","src":"https:\/\/i0.wp.com\/www.supeinnihonto.com\/wp-content\/uploads\/2024\/05\/Exagonal-copper-Chrisantemum.webp?fit=600%2C400&ssl=1&resize=350%2C200","width":350,"height":200,"srcset":"https:\/\/i0.wp.com\/www.supeinnihonto.com\/wp-content\/uploads\/2024\/05\/Exagonal-copper-Chrisantemum.webp?fit=600%2C400&ssl=1&resize=350%2C200 1x, https:\/\/i0.wp.com\/www.supeinnihonto.com\/wp-content\/uploads\/2024\/05\/Exagonal-copper-Chrisantemum.webp?fit=600%2C400&ssl=1&resize=525%2C300 1.5x"},"classes":[]},{"id":14721,"url":"https:\/\/www.supeinnihonto.com\/nl\/product\/marugata-ijzeren-tsuba-met-tijger\/","url_meta":{"origin":14829,"position":5},"title":"Marugata ijzeren tsuba met tijger","author":"Supein Nihonto","date":"8 de mei de 2024","format":false,"excerpt":"ITEM: Wordt geleverd met certificaat van SupeinNihonto. Marugata ijzeren tsuba met tijger. Prachtig stuk met ingelegde tijger, sennins en bamboe. Verschillende inlegwerkjes in goud en koper. Mooie antieke patina. Vroege \u2013 midden Edo-periode. 7,3 x 6,6 cm OVER ONS: Bij Supein Nihonto streven wij ernaar u samurai-zwaarden en -harnassen van\u2026","rel":"","context":"Soortgelijk bericht","block_context":{"text":"Soortgelijk bericht","link":""},"img":{"alt_text":"Marugata iron tiger tsuba","src":"https:\/\/i0.wp.com\/www.supeinnihonto.com\/wp-content\/uploads\/2024\/05\/DSC_3499-scaled.jpg?fit=1200%2C800&ssl=1&resize=350%2C200","width":350,"height":200,"srcset":"https:\/\/i0.wp.com\/www.supeinnihonto.com\/wp-content\/uploads\/2024\/05\/DSC_3499-scaled.jpg?fit=1200%2C800&ssl=1&resize=350%2C200 1x, https:\/\/i0.wp.com\/www.supeinnihonto.com\/wp-content\/uploads\/2024\/05\/DSC_3499-scaled.jpg?fit=1200%2C800&ssl=1&resize=525%2C300 1.5x, https:\/\/i0.wp.com\/www.supeinnihonto.com\/wp-content\/uploads\/2024\/05\/DSC_3499-scaled.jpg?fit=1200%2C800&ssl=1&resize=700%2C400 2x, https:\/\/i0.wp.com\/www.supeinnihonto.com\/wp-content\/uploads\/2024\/05\/DSC_3499-scaled.jpg?fit=1200%2C800&ssl=1&resize=1050%2C600 3x"},"classes":[]}],"jetpack_sharing_enabled":true,"_links":{"self":[{"href":"https:\/\/www.supeinnihonto.com\/nl\/wp-json\/wp\/v2\/product\/14829","targetHints":{"allow":["GET"]}}],"collection":[{"href":"https:\/\/www.supeinnihonto.com\/nl\/wp-json\/wp\/v2\/product"}],"about":[{"href":"https:\/\/www.supeinnihonto.com\/nl\/wp-json\/wp\/v2\/types\/product"}],"wp:featuredmedia":[{"embeddable":true,"href":"https:\/\/www.supeinnihonto.com\/nl\/wp-json\/wp\/v2\/media\/14831"}],"wp:attachment":[{"href":"https:\/\/www.supeinnihonto.com\/nl\/wp-json\/wp\/v2\/media?parent=14829"}],"wp:term":[{"taxonomy":"product_brand","embeddable":true,"href":"https:\/\/www.supeinnihonto.com\/nl\/wp-json\/wp\/v2\/product_brand?post=14829"},{"taxonomy":"product_cat","embeddable":true,"href":"https:\/\/www.supeinnihonto.com\/nl\/wp-json\/wp\/v2\/product_cat?post=14829"},{"taxonomy":"product_tag","embeddable":true,"href":"https:\/\/www.supeinnihonto.com\/nl\/wp-json\/wp\/v2\/product_tag?post=14829"}],"curies":[{"name":"wp","href":"https:\/\/api.w.org\/{rel}","templated":true}]}}