{"id":14793,"date":"2024-05-08T18:29:01","date_gmt":"2024-05-08T18:29:01","guid":{"rendered":"https:\/\/www.supeinnihonto.com\/product\/marugata-iron-ox-tsuba\/"},"modified":"2026-01-02T11:23:33","modified_gmt":"2026-01-02T11:23:33","slug":"marugata-ijzeren-tsuba-met-os","status":"publish","type":"product","link":"https:\/\/www.supeinnihonto.com\/nl\/product\/marugata-ijzeren-tsuba-met-os\/","title":{"rendered":"Marugata ijzeren tsuba met os"},"content":{"rendered":"<p><em><strong>Object: <\/strong><\/em><\/p>\n<p>Prachtige inro gelakt met rode urushi-lak, met aan elke zijde een maki-e voorstelling, een paard aan de ene kant en een os aan de andere. Gesigneerd \u201cJ\u014dsen saku\u201d \u5e38\u5ddd\u4f5c, rood zegel: Seisan \u6e05\u4e09. De doos is verdeeld in vijf delen met vier compartimenten. Tevens voorzien van een prachtig gesneden ryusha-netsuke van hoge kwaliteit en een ojime van rood koraal. Een echt voorbeeld van 19e-eeuws vakmanschap. Zowel de inro als de netsuke verkeren in bijna onberispelijke staat, wat voor de meeste verzamelaars van groot belang is en dit stuk een plaats in elk museum waardig maakt.<\/p>\n<p>8,8 x 5,4 cm<\/p>\n<p><em><strong><span style=\"color: #000000;\">Wat is een Inro?<\/span><\/strong><\/em><\/p>\n<p><span style=\"color: #000000;\">Een <i><b>inro<\/b><\/i> is een traditionele Japanse doos voor het bewaren van kleine voorwerpen, die aan de <span title=\"Japanese-language romanization\"><i lang=\"ja-Latn\"><a href=\"https:\/\/en.wikipedia.org\/wiki\/Obi_(sash)\" title=\"Obi (sash)\" style=\"color: #000000;\">obi<\/a><\/i><\/span> (ceintuur) wordt gehangen en rond de taille wordt gedragen bij het dragen van een <a href=\"https:\/\/en.wikipedia.org\/wiki\/Kimono\" title=\"Kimono\" style=\"color: #000000;\">kimono<\/a>. Ze zijn vaak rijkelijk versierd met materialen zoals <a href=\"https:\/\/en.wikipedia.org\/wiki\/Lacquer\" title=\"Lacquer\" style=\"color: #000000;\">lak<\/a> en technieken zoals <span title=\"Japanese-language romanization\"><i lang=\"ja-Latn\"><a href=\"https:\/\/en.wikipedia.org\/wiki\/Maki-e\" title=\"Maki-e\" style=\"color: #000000;\">maki-e<\/a><\/i><\/span>, en zijn decoratiever dan ander <a href=\"https:\/\/en.wikipedia.org\/wiki\/Japanese_lacquerware\" title=\"Japanese lacquerware\" style=\"color: #000000;\">Japans lakwerk<\/a>.<sup id=\"cite_ref-murata104_1-0\" class=\"reference\"><\/sup><sup id=\"cite_ref-saimitsu79_2-0\" class=\"reference\"><\/sup><\/span><\/p>\n<p><span style=\"color: #000000;\">Omdat traditionele Japanse kleding geen zakken had, werden voorwerpen vaak gedragen door ze aan de <span title=\"Japanese-language romanization\"><i lang=\"ja-Latn\">obi<\/i><\/span> te hangen in containers die bekend staan als <span title=\"Japanese-language romanization\"><i lang=\"ja-Latn\"><a href=\"https:\/\/en.wiktionary.org\/wiki\/sagemono\" class=\"extiw\" title=\"wikt:sagemono\" style=\"color: #000000;\">sagemono<\/a><\/i><\/span> (een hangend object dat aan een gordel is bevestigd). De meeste <span title=\"Japanese-language romanization\"><i lang=\"ja-Latn\">sagemono<\/i><\/span> waren bedoeld voor specifieke inhoud, zoals tabak, pijpen, schrijfkwasten en inkt, maar het type dat bekend staat als <span title=\"Japanese-language romanization\"><i lang=\"ja-Latn\">inro<\/i><\/span> is geschikt voor kleine voorwerpen en werd gecre\u00eberd in de <a href=\"https:\/\/en.wikipedia.org\/wiki\/Sengoku_period\" title=\"Sengoku period\" style=\"color: #000000;\">Sengoku-periode<\/a> (1467\u20131615) als draagbaar identiteitszegel en medicijncontainer voor reizen.<\/span><sup id=\"cite_ref-murata104_1-1\" class=\"reference\"><\/sup><sup id=\"cite_ref-saimitsu79_2-1\" class=\"reference\"><\/sup><\/p>\n","protected":false},"excerpt":{"rendered":"<p>Object: Prachtige inro gelakt met rode urushi-lak, met aan elke zijde een maki-e voorstelling, een paard aan de ene kant en een os aan de andere. Gesigneerd \u201cJ\u014dsen saku\u201d \u5e38\u5ddd\u4f5c, rood zegel: Seisan \u6e05\u4e09. De doos is verdeeld in vijf delen met vier compartimenten. Tevens voorzien van een prachtig gesneden [&hellip;]<\/p>\n","protected":false},"featured_media":14794,"template":"","meta":{"jetpack_post_was_ever_published":false},"product_brand":[],"product_cat":[350,346],"product_tag":[],"class_list":{"0":"post-14793","1":"product","2":"type-product","3":"status-publish","4":"has-post-thumbnail","6":"product_cat-tosogu","7":"product_cat-tsuba","8":"product_shipping_class-light","10":"first","11":"instock","12":"featured","13":"sold-individually","14":"shipping-taxable","15":"purchasable","16":"product-type-simple"},"yoast_head":"<!-- This site is optimized with the Yoast SEO plugin v27.3 - https:\/\/yoast.com\/product\/yoast-seo-wordpress\/ -->\n<title>Marugata ijzeren tsuba met os - Supein Nihonto<\/title>\n<meta name=\"description\" content=\"Marugata ijzeren tsuba met hanen, een kostbare en ongebruikelijke (kawari) ijzeren tsuba, met twee hanen die een fijn uitgewerkt ontwerp omringen.\" \/>\n<meta name=\"robots\" content=\"index, follow, max-snippet:-1, max-image-preview:large, max-video-preview:-1\" \/>\n<link rel=\"canonical\" href=\"https:\/\/www.supeinnihonto.com\/nl\/product\/marugata-ijzeren-tsuba-met-os\/\" \/>\n<meta property=\"og:locale\" content=\"nl_NL\" \/>\n<meta property=\"og:type\" content=\"article\" \/>\n<meta property=\"og:title\" content=\"Marugata ijzeren tsuba met os - Supein Nihonto\" \/>\n<meta property=\"og:description\" content=\"Marugata ijzeren tsuba met hanen, een kostbare en ongebruikelijke (kawari) ijzeren tsuba, met twee hanen die een fijn uitgewerkt ontwerp omringen.\" \/>\n<meta property=\"og:url\" content=\"https:\/\/www.supeinnihonto.com\/nl\/product\/marugata-ijzeren-tsuba-met-os\/\" \/>\n<meta property=\"og:site_name\" content=\"Supein Nihonto\" \/>\n<meta property=\"article:modified_time\" content=\"2026-01-02T11:23:33+00:00\" \/>\n<meta property=\"og:image\" content=\"https:\/\/www.supeinnihonto.com\/wp-content\/uploads\/2024\/05\/DSC_3555-scaled.jpg\" \/>\n\t<meta property=\"og:image:width\" content=\"2560\" \/>\n\t<meta property=\"og:image:height\" content=\"1707\" \/>\n\t<meta property=\"og:image:type\" content=\"image\/jpeg\" \/>\n<meta name=\"twitter:card\" content=\"summary_large_image\" \/>\n<meta name=\"twitter:label1\" content=\"Geschatte leestijd\" \/>\n\t<meta name=\"twitter:data1\" content=\"2 minuten\" \/>\n<script type=\"application\/ld+json\" class=\"yoast-schema-graph\">{\"@context\":\"https:\\\/\\\/schema.org\",\"@graph\":[{\"@type\":\"WebPage\",\"@id\":\"https:\\\/\\\/www.supeinnihonto.com\\\/nl\\\/product\\\/marugata-ijzeren-tsuba-met-os\\\/\",\"url\":\"https:\\\/\\\/www.supeinnihonto.com\\\/nl\\\/product\\\/marugata-ijzeren-tsuba-met-os\\\/\",\"name\":\"Marugata ijzeren tsuba met os - Supein Nihonto\",\"isPartOf\":{\"@id\":\"https:\\\/\\\/www.supeinnihonto.com\\\/nl\\\/#website\"},\"primaryImageOfPage\":{\"@id\":\"https:\\\/\\\/www.supeinnihonto.com\\\/nl\\\/product\\\/marugata-ijzeren-tsuba-met-os\\\/#primaryimage\"},\"image\":{\"@id\":\"https:\\\/\\\/www.supeinnihonto.com\\\/nl\\\/product\\\/marugata-ijzeren-tsuba-met-os\\\/#primaryimage\"},\"thumbnailUrl\":\"https:\\\/\\\/i0.wp.com\\\/www.supeinnihonto.com\\\/wp-content\\\/uploads\\\/2024\\\/05\\\/DSC_3555-scaled.jpg?fit=2560%2C1707&ssl=1\",\"datePublished\":\"2024-05-08T18:29:01+00:00\",\"dateModified\":\"2026-01-02T11:23:33+00:00\",\"description\":\"Marugata ijzeren tsuba met hanen, een kostbare en ongebruikelijke (kawari) ijzeren tsuba, met twee hanen die een fijn uitgewerkt ontwerp omringen.\",\"breadcrumb\":{\"@id\":\"https:\\\/\\\/www.supeinnihonto.com\\\/nl\\\/product\\\/marugata-ijzeren-tsuba-met-os\\\/#breadcrumb\"},\"inLanguage\":\"nl-NL\",\"potentialAction\":[{\"@type\":\"ReadAction\",\"target\":[\"https:\\\/\\\/www.supeinnihonto.com\\\/nl\\\/product\\\/marugata-ijzeren-tsuba-met-os\\\/\"]}]},{\"@type\":\"ImageObject\",\"inLanguage\":\"nl-NL\",\"@id\":\"https:\\\/\\\/www.supeinnihonto.com\\\/nl\\\/product\\\/marugata-ijzeren-tsuba-met-os\\\/#primaryimage\",\"url\":\"https:\\\/\\\/i0.wp.com\\\/www.supeinnihonto.com\\\/wp-content\\\/uploads\\\/2024\\\/05\\\/DSC_3555-scaled.jpg?fit=2560%2C1707&ssl=1\",\"contentUrl\":\"https:\\\/\\\/i0.wp.com\\\/www.supeinnihonto.com\\\/wp-content\\\/uploads\\\/2024\\\/05\\\/DSC_3555-scaled.jpg?fit=2560%2C1707&ssl=1\",\"width\":2560,\"height\":1707,\"caption\":\"Marugata Iron ox tsuba\"},{\"@type\":\"BreadcrumbList\",\"@id\":\"https:\\\/\\\/www.supeinnihonto.com\\\/nl\\\/product\\\/marugata-ijzeren-tsuba-met-os\\\/#breadcrumb\",\"itemListElement\":[{\"@type\":\"ListItem\",\"position\":1,\"name\":\"Portada\",\"item\":\"https:\\\/\\\/www.supeinnihonto.com\\\/nl\\\/\"},{\"@type\":\"ListItem\",\"position\":2,\"name\":\"Shop\",\"item\":\"https:\\\/\\\/www.supeinnihonto.com\\\/nl\\\/shop\\\/\"},{\"@type\":\"ListItem\",\"position\":3,\"name\":\"Marugata ijzeren tsuba met os\"}]},{\"@type\":\"WebSite\",\"@id\":\"https:\\\/\\\/www.supeinnihonto.com\\\/nl\\\/#website\",\"url\":\"https:\\\/\\\/www.supeinnihonto.com\\\/nl\\\/\",\"name\":\"Supein Nihonto\",\"description\":\"Authentic japanese Nihonto katana \",\"publisher\":{\"@id\":\"https:\\\/\\\/www.supeinnihonto.com\\\/nl\\\/#organization\"},\"potentialAction\":[{\"@type\":\"SearchAction\",\"target\":{\"@type\":\"EntryPoint\",\"urlTemplate\":\"https:\\\/\\\/www.supeinnihonto.com\\\/nl\\\/?s={search_term_string}\"},\"query-input\":{\"@type\":\"PropertyValueSpecification\",\"valueRequired\":true,\"valueName\":\"search_term_string\"}}],\"inLanguage\":\"nl-NL\"},{\"@type\":\"Organization\",\"@id\":\"https:\\\/\\\/www.supeinnihonto.com\\\/nl\\\/#organization\",\"name\":\"SupeinNihonto\",\"url\":\"https:\\\/\\\/www.supeinnihonto.com\\\/nl\\\/\",\"logo\":{\"@type\":\"ImageObject\",\"inLanguage\":\"nl-NL\",\"@id\":\"https:\\\/\\\/www.supeinnihonto.com\\\/nl\\\/#\\\/schema\\\/logo\\\/image\\\/\",\"url\":\"https:\\\/\\\/www.supeinnihonto.com\\\/wp-content\\\/uploads\\\/2021\\\/11\\\/animation_Default_3szk0jcenoloop.gif\",\"contentUrl\":\"https:\\\/\\\/www.supeinnihonto.com\\\/wp-content\\\/uploads\\\/2021\\\/11\\\/animation_Default_3szk0jcenoloop.gif\",\"width\":750,\"height\":641,\"caption\":\"SupeinNihonto\"},\"image\":{\"@id\":\"https:\\\/\\\/www.supeinnihonto.com\\\/nl\\\/#\\\/schema\\\/logo\\\/image\\\/\"}}]}<\/script>\n<!-- \/ Yoast SEO plugin. -->","yoast_head_json":{"title":"Marugata ijzeren tsuba met os - Supein Nihonto","description":"Marugata ijzeren tsuba met hanen, een kostbare en ongebruikelijke (kawari) ijzeren tsuba, met twee hanen die een fijn uitgewerkt ontwerp omringen.","robots":{"index":"index","follow":"follow","max-snippet":"max-snippet:-1","max-image-preview":"max-image-preview:large","max-video-preview":"max-video-preview:-1"},"canonical":"https:\/\/www.supeinnihonto.com\/nl\/product\/marugata-ijzeren-tsuba-met-os\/","og_locale":"nl_NL","og_type":"article","og_title":"Marugata ijzeren tsuba met os - Supein Nihonto","og_description":"Marugata ijzeren tsuba met hanen, een kostbare en ongebruikelijke (kawari) ijzeren tsuba, met twee hanen die een fijn uitgewerkt ontwerp omringen.","og_url":"https:\/\/www.supeinnihonto.com\/nl\/product\/marugata-ijzeren-tsuba-met-os\/","og_site_name":"Supein Nihonto","article_modified_time":"2026-01-02T11:23:33+00:00","og_image":[{"width":2560,"height":1707,"url":"https:\/\/www.supeinnihonto.com\/wp-content\/uploads\/2024\/05\/DSC_3555-scaled.jpg","type":"image\/jpeg"}],"twitter_card":"summary_large_image","twitter_misc":{"Geschatte leestijd":"2 minuten"},"schema":{"@context":"https:\/\/schema.org","@graph":[{"@type":"WebPage","@id":"https:\/\/www.supeinnihonto.com\/nl\/product\/marugata-ijzeren-tsuba-met-os\/","url":"https:\/\/www.supeinnihonto.com\/nl\/product\/marugata-ijzeren-tsuba-met-os\/","name":"Marugata ijzeren tsuba met os - Supein Nihonto","isPartOf":{"@id":"https:\/\/www.supeinnihonto.com\/nl\/#website"},"primaryImageOfPage":{"@id":"https:\/\/www.supeinnihonto.com\/nl\/product\/marugata-ijzeren-tsuba-met-os\/#primaryimage"},"image":{"@id":"https:\/\/www.supeinnihonto.com\/nl\/product\/marugata-ijzeren-tsuba-met-os\/#primaryimage"},"thumbnailUrl":"https:\/\/i0.wp.com\/www.supeinnihonto.com\/wp-content\/uploads\/2024\/05\/DSC_3555-scaled.jpg?fit=2560%2C1707&ssl=1","datePublished":"2024-05-08T18:29:01+00:00","dateModified":"2026-01-02T11:23:33+00:00","description":"Marugata ijzeren tsuba met hanen, een kostbare en ongebruikelijke (kawari) ijzeren tsuba, met twee hanen die een fijn uitgewerkt ontwerp omringen.","breadcrumb":{"@id":"https:\/\/www.supeinnihonto.com\/nl\/product\/marugata-ijzeren-tsuba-met-os\/#breadcrumb"},"inLanguage":"nl-NL","potentialAction":[{"@type":"ReadAction","target":["https:\/\/www.supeinnihonto.com\/nl\/product\/marugata-ijzeren-tsuba-met-os\/"]}]},{"@type":"ImageObject","inLanguage":"nl-NL","@id":"https:\/\/www.supeinnihonto.com\/nl\/product\/marugata-ijzeren-tsuba-met-os\/#primaryimage","url":"https:\/\/i0.wp.com\/www.supeinnihonto.com\/wp-content\/uploads\/2024\/05\/DSC_3555-scaled.jpg?fit=2560%2C1707&ssl=1","contentUrl":"https:\/\/i0.wp.com\/www.supeinnihonto.com\/wp-content\/uploads\/2024\/05\/DSC_3555-scaled.jpg?fit=2560%2C1707&ssl=1","width":2560,"height":1707,"caption":"Marugata Iron ox tsuba"},{"@type":"BreadcrumbList","@id":"https:\/\/www.supeinnihonto.com\/nl\/product\/marugata-ijzeren-tsuba-met-os\/#breadcrumb","itemListElement":[{"@type":"ListItem","position":1,"name":"Portada","item":"https:\/\/www.supeinnihonto.com\/nl\/"},{"@type":"ListItem","position":2,"name":"Shop","item":"https:\/\/www.supeinnihonto.com\/nl\/shop\/"},{"@type":"ListItem","position":3,"name":"Marugata ijzeren tsuba met os"}]},{"@type":"WebSite","@id":"https:\/\/www.supeinnihonto.com\/nl\/#website","url":"https:\/\/www.supeinnihonto.com\/nl\/","name":"Supein Nihonto","description":"Authentic japanese Nihonto katana ","publisher":{"@id":"https:\/\/www.supeinnihonto.com\/nl\/#organization"},"potentialAction":[{"@type":"SearchAction","target":{"@type":"EntryPoint","urlTemplate":"https:\/\/www.supeinnihonto.com\/nl\/?s={search_term_string}"},"query-input":{"@type":"PropertyValueSpecification","valueRequired":true,"valueName":"search_term_string"}}],"inLanguage":"nl-NL"},{"@type":"Organization","@id":"https:\/\/www.supeinnihonto.com\/nl\/#organization","name":"SupeinNihonto","url":"https:\/\/www.supeinnihonto.com\/nl\/","logo":{"@type":"ImageObject","inLanguage":"nl-NL","@id":"https:\/\/www.supeinnihonto.com\/nl\/#\/schema\/logo\/image\/","url":"https:\/\/www.supeinnihonto.com\/wp-content\/uploads\/2021\/11\/animation_Default_3szk0jcenoloop.gif","contentUrl":"https:\/\/www.supeinnihonto.com\/wp-content\/uploads\/2021\/11\/animation_Default_3szk0jcenoloop.gif","width":750,"height":641,"caption":"SupeinNihonto"},"image":{"@id":"https:\/\/www.supeinnihonto.com\/nl\/#\/schema\/logo\/image\/"}}]}},"jetpack-related-posts":[{"id":14785,"url":"https:\/\/www.supeinnihonto.com\/nl\/product\/inro-in-rode-lak-met-paard\/","url_meta":{"origin":14793,"position":0},"title":"Inro in rode lak met paard","author":"Supein Nihonto","date":"9 de mei de 2024","format":false,"excerpt":"Object: Prachtige inro gelakt met rode urushi-lak, met aan elke zijde een maki-e voorstelling, een paard aan de ene kant en een os aan de andere. Gesigneerd \u201cJ\u014dsen saku\u201d \u5e38\u5ddd\u4f5c, rood zegel: Seisan \u6e05\u4e09. De doos is verdeeld in vijf delen met vier compartimenten. Tevens voorzien van een prachtig gesneden\u2026","rel":"","context":"Soortgelijk bericht","block_context":{"text":"Soortgelijk bericht","link":""},"img":{"alt_text":"Inro Red lacquer horse","src":"https:\/\/i0.wp.com\/www.supeinnihonto.com\/wp-content\/uploads\/2024\/05\/DSC_3560-scaled.jpg?fit=800%2C1200&ssl=1&resize=350%2C200","width":350,"height":200,"srcset":"https:\/\/i0.wp.com\/www.supeinnihonto.com\/wp-content\/uploads\/2024\/05\/DSC_3560-scaled.jpg?fit=800%2C1200&ssl=1&resize=350%2C200 1x, https:\/\/i0.wp.com\/www.supeinnihonto.com\/wp-content\/uploads\/2024\/05\/DSC_3560-scaled.jpg?fit=800%2C1200&ssl=1&resize=525%2C300 1.5x, https:\/\/i0.wp.com\/www.supeinnihonto.com\/wp-content\/uploads\/2024\/05\/DSC_3560-scaled.jpg?fit=800%2C1200&ssl=1&resize=700%2C400 2x"},"classes":[]},{"id":14773,"url":"https:\/\/www.supeinnihonto.com\/nl\/product\/inro-met-maki-e-decoratie-van-chrysantenbloemen\/","url_meta":{"origin":14793,"position":1},"title":"Inro met maki-e decoratie van chrysantenbloemen","author":"Supein Nihonto","date":"9 de mei de 2024","format":false,"excerpt":"Object: Inro met maki-e decoratie van chrysantenbloemen. Zeldzame inro in miniatuurformaat van voortreffelijk vakmanschap, met talrijke details en enkele shibayama-inleg van parelmoer. Manju netsuke van brons en been. Ojime van rood koraal. Zowel de inro als de netsuke verkeren in zeer goede staat, wat voor de meeste verzamelaars van groot\u2026","rel":"","context":"Soortgelijk bericht","block_context":{"text":"Soortgelijk bericht","link":""},"img":{"alt_text":"Inro Makie Chrisantemum flowers","src":"https:\/\/i0.wp.com\/www.supeinnihonto.com\/wp-content\/uploads\/2024\/05\/Inro-Makie-Chrisantemum-flowers.webp?fit=1200%2C800&ssl=1&resize=350%2C200","width":350,"height":200,"srcset":"https:\/\/i0.wp.com\/www.supeinnihonto.com\/wp-content\/uploads\/2024\/05\/Inro-Makie-Chrisantemum-flowers.webp?fit=1200%2C800&ssl=1&resize=350%2C200 1x, https:\/\/i0.wp.com\/www.supeinnihonto.com\/wp-content\/uploads\/2024\/05\/Inro-Makie-Chrisantemum-flowers.webp?fit=1200%2C800&ssl=1&resize=525%2C300 1.5x, https:\/\/i0.wp.com\/www.supeinnihonto.com\/wp-content\/uploads\/2024\/05\/Inro-Makie-Chrisantemum-flowers.webp?fit=1200%2C800&ssl=1&resize=700%2C400 2x, https:\/\/i0.wp.com\/www.supeinnihonto.com\/wp-content\/uploads\/2024\/05\/Inro-Makie-Chrisantemum-flowers.webp?fit=1200%2C800&ssl=1&resize=1050%2C600 3x"},"classes":[]},{"id":14873,"url":"https:\/\/www.supeinnihonto.com\/nl\/product\/inro-met-maki-e-decoratie-van-paarden-en-ossen\/","url_meta":{"origin":14793,"position":2},"title":"Inro met maki-e decoratie van paarden en ossen","author":"Supein Nihonto","date":"9 de mei de 2024","format":false,"excerpt":"Object: Inro met maki-e decoratie van paarden en ossen. Gesigneerd \u201cKajikawa Tomohide\u201d. Prachtige inro in uitzonderlijke staat, uitgevoerd met een superieure maki-e techniek, met paarden aan de ene zijde en ossen aan de andere. Het stuk verkeert in vrijwel onberispelijke staat en behoudt al zijn elementen, zoals de eveneens met\u2026","rel":"","context":"Soortgelijk bericht","block_context":{"text":"Soortgelijk bericht","link":""},"img":{"alt_text":"Inro Makie horses and oxen","src":"https:\/\/i0.wp.com\/www.supeinnihonto.com\/wp-content\/uploads\/2024\/05\/DSC_3581-scaled.jpg?fit=1200%2C800&ssl=1&resize=350%2C200","width":350,"height":200,"srcset":"https:\/\/i0.wp.com\/www.supeinnihonto.com\/wp-content\/uploads\/2024\/05\/DSC_3581-scaled.jpg?fit=1200%2C800&ssl=1&resize=350%2C200 1x, https:\/\/i0.wp.com\/www.supeinnihonto.com\/wp-content\/uploads\/2024\/05\/DSC_3581-scaled.jpg?fit=1200%2C800&ssl=1&resize=525%2C300 1.5x, https:\/\/i0.wp.com\/www.supeinnihonto.com\/wp-content\/uploads\/2024\/05\/DSC_3581-scaled.jpg?fit=1200%2C800&ssl=1&resize=700%2C400 2x, https:\/\/i0.wp.com\/www.supeinnihonto.com\/wp-content\/uploads\/2024\/05\/DSC_3581-scaled.jpg?fit=1200%2C800&ssl=1&resize=1050%2C600 3x"},"classes":[]},{"id":14857,"url":"https:\/\/www.supeinnihonto.com\/nl\/product\/inro-makie-shibayama-kinoko\/","url_meta":{"origin":14793,"position":3},"title":"Inr\u014d in Shibayama-maki-e met paddenstoelen (kinoko)","author":"ericmontero","date":"9 de mei de 2024","format":false,"excerpt":"Item:\u00a0 Prachtige inro met maki-e en parelmoer ingelegde shibayama. Gesigneerd. De inro verkeert in fantastische staat, evenals de netsuke, gesneden uit hout in de vorm van paddenstoelen uit het Edo-tijdperk. Glazen ojime. 19e eeuw. 8,7 x 6 cm Wat is een Inro? Een\u00a0inro\u00a0is een traditionele Japanse doos voor het bewaren\u2026","rel":"","context":"Soortgelijk bericht","block_context":{"text":"Soortgelijk bericht","link":""},"img":{"alt_text":"Inro makie shibayama kinoko","src":"https:\/\/i0.wp.com\/www.supeinnihonto.com\/wp-content\/uploads\/2024\/05\/DSC_3604-scaled.jpg?fit=800%2C1200&ssl=1&resize=350%2C200","width":350,"height":200,"srcset":"https:\/\/i0.wp.com\/www.supeinnihonto.com\/wp-content\/uploads\/2024\/05\/DSC_3604-scaled.jpg?fit=800%2C1200&ssl=1&resize=350%2C200 1x, https:\/\/i0.wp.com\/www.supeinnihonto.com\/wp-content\/uploads\/2024\/05\/DSC_3604-scaled.jpg?fit=800%2C1200&ssl=1&resize=525%2C300 1.5x, https:\/\/i0.wp.com\/www.supeinnihonto.com\/wp-content\/uploads\/2024\/05\/DSC_3604-scaled.jpg?fit=800%2C1200&ssl=1&resize=700%2C400 2x"},"classes":[]},{"id":14673,"url":"https:\/\/www.supeinnihonto.com\/nl\/product\/inro-makie-chicken-and-hen\/","url_meta":{"origin":14793,"position":4},"title":"Inr\u014d in maki-e met haan en hen","author":"Supein Nihonto","date":"10 de mei de 2024","format":false,"excerpt":"Object: Inr\u014d in maki-e met haan en hen. Grote en fraaie inr\u014d in maki-e, met een uitstekende weergave van de vogels en hun beweging. Inr\u014d in prachtige staat en gesigneerd. Kagamibuta-netsuke met enkele oude reparaties. Gebruik van zilver, goud en rode lak voor de wapens. Uitstekend verzamelobject. 8 x 7\u2026","rel":"","context":"Soortgelijk bericht","block_context":{"text":"Soortgelijk bericht","link":""},"img":{"alt_text":"Inro makie chicken and hen","src":"https:\/\/i0.wp.com\/www.supeinnihonto.com\/wp-content\/uploads\/2024\/05\/DSC_3680-scaled.jpg?fit=1200%2C800&ssl=1&resize=350%2C200","width":350,"height":200,"srcset":"https:\/\/i0.wp.com\/www.supeinnihonto.com\/wp-content\/uploads\/2024\/05\/DSC_3680-scaled.jpg?fit=1200%2C800&ssl=1&resize=350%2C200 1x, https:\/\/i0.wp.com\/www.supeinnihonto.com\/wp-content\/uploads\/2024\/05\/DSC_3680-scaled.jpg?fit=1200%2C800&ssl=1&resize=525%2C300 1.5x, https:\/\/i0.wp.com\/www.supeinnihonto.com\/wp-content\/uploads\/2024\/05\/DSC_3680-scaled.jpg?fit=1200%2C800&ssl=1&resize=700%2C400 2x, https:\/\/i0.wp.com\/www.supeinnihonto.com\/wp-content\/uploads\/2024\/05\/DSC_3680-scaled.jpg?fit=1200%2C800&ssl=1&resize=1050%2C600 3x"},"classes":[]},{"id":14697,"url":"https:\/\/www.supeinnihonto.com\/nl\/product\/inro-makie-shibayama-fukurokuju\/","url_meta":{"origin":14793,"position":5},"title":"Inro makie shibayama Fukurokuju","author":"ericmontero","date":"10 de mei de 2024","format":false,"excerpt":"Item:\u00a0 Edo-periode of vroege Meiji-periode. 19e eeuw. Inro makie shibayama Fukurokuju. Mooie inro met kinji-achtergrond, versierd met goud en lichte gekleurde takamaki-e, gouden hiramaki-e, kirikane en Shibayama-stijl. Gezichten van Fukurokuju en jongen in ivoor en barnstenen schildpad. Gesigneerd \"Shokusai\" met parelmoer zegel. 8,1 x 6,0 cm Wat is een Inro?\u2026","rel":"","context":"Soortgelijk bericht","block_context":{"text":"Soortgelijk bericht","link":""},"img":{"alt_text":"Inro Makie Shibayama Fukurokuju","src":"https:\/\/i0.wp.com\/www.supeinnihonto.com\/wp-content\/uploads\/2024\/05\/DSC_3648-scaled.jpg?fit=800%2C1200&ssl=1&resize=350%2C200","width":350,"height":200,"srcset":"https:\/\/i0.wp.com\/www.supeinnihonto.com\/wp-content\/uploads\/2024\/05\/DSC_3648-scaled.jpg?fit=800%2C1200&ssl=1&resize=350%2C200 1x, https:\/\/i0.wp.com\/www.supeinnihonto.com\/wp-content\/uploads\/2024\/05\/DSC_3648-scaled.jpg?fit=800%2C1200&ssl=1&resize=525%2C300 1.5x, https:\/\/i0.wp.com\/www.supeinnihonto.com\/wp-content\/uploads\/2024\/05\/DSC_3648-scaled.jpg?fit=800%2C1200&ssl=1&resize=700%2C400 2x"},"classes":[]}],"jetpack_sharing_enabled":true,"_links":{"self":[{"href":"https:\/\/www.supeinnihonto.com\/nl\/wp-json\/wp\/v2\/product\/14793","targetHints":{"allow":["GET"]}}],"collection":[{"href":"https:\/\/www.supeinnihonto.com\/nl\/wp-json\/wp\/v2\/product"}],"about":[{"href":"https:\/\/www.supeinnihonto.com\/nl\/wp-json\/wp\/v2\/types\/product"}],"wp:featuredmedia":[{"embeddable":true,"href":"https:\/\/www.supeinnihonto.com\/nl\/wp-json\/wp\/v2\/media\/14794"}],"wp:attachment":[{"href":"https:\/\/www.supeinnihonto.com\/nl\/wp-json\/wp\/v2\/media?parent=14793"}],"wp:term":[{"taxonomy":"product_brand","embeddable":true,"href":"https:\/\/www.supeinnihonto.com\/nl\/wp-json\/wp\/v2\/product_brand?post=14793"},{"taxonomy":"product_cat","embeddable":true,"href":"https:\/\/www.supeinnihonto.com\/nl\/wp-json\/wp\/v2\/product_cat?post=14793"},{"taxonomy":"product_tag","embeddable":true,"href":"https:\/\/www.supeinnihonto.com\/nl\/wp-json\/wp\/v2\/product_tag?post=14793"}],"curies":[{"name":"wp","href":"https:\/\/api.w.org\/{rel}","templated":true}]}}