{"id":14673,"date":"2024-05-10T17:18:53","date_gmt":"2024-05-10T17:18:53","guid":{"rendered":"https:\/\/www.supeinnihonto.com\/product\/inro-makie-chicken-and-hen\/"},"modified":"2025-12-27T15:46:11","modified_gmt":"2025-12-27T15:46:11","slug":"inro-makie-chicken-and-hen","status":"publish","type":"product","link":"https:\/\/www.supeinnihonto.com\/nl\/product\/inro-makie-chicken-and-hen\/","title":{"rendered":"Inr\u014d in maki-e met haan en hen"},"content":{"rendered":"<p><em><strong>Object: <\/strong><\/em><\/p>\n<p><span>Inr\u014d in maki-e met haan en hen. Grote en fraaie inr\u014d in maki-e, met een uitstekende weergave van de vogels en hun beweging. Inr\u014d in prachtige staat en gesigneerd. Kagamibuta-netsuke met enkele oude reparaties. Gebruik van zilver, goud en rode lak voor de wapens. Uitstekend verzamelobject.<\/span><\/p>\n<p>8 x 7 cm<\/p>\n<p><em><strong><span style=\"color: #000000;\">Wat is een inr\u014d?<\/span><\/strong><\/em><\/p>\n<p><span style=\"color: #000000;\">Een <i><b>inr\u014d<\/b><\/i> is een traditioneel Japans doosje voor kleine voorwerpen, gedragen aan de <span title=\"Japanese-language romanization\"><i lang=\"ja-Latn\"><a href=\"https:\/\/en.wikipedia.org\/wiki\/Obi_(sash)\" title=\"Obi (sash)\" style=\"color: #000000;\">obi<\/a><\/i><\/span> (sjerp) die rond de taille wordt gedragen bij een <a href=\"https:\/\/en.wikipedia.org\/wiki\/Kimono\" title=\"Kimono\" style=\"color: #000000;\">kimono<\/a>. Ze zijn vaak rijk gedecoreerd met materialen zoals <a href=\"https:\/\/en.wikipedia.org\/wiki\/Lacquer\" title=\"Lacquer\" style=\"color: #000000;\">lak<\/a> en technieken zoals <span title=\"Japanese-language romanization\"><i lang=\"ja-Latn\"><a href=\"https:\/\/en.wikipedia.org\/wiki\/Maki-e\" title=\"Maki-e\" style=\"color: #000000;\">maki-e<\/a><\/i><\/span>, en zijn doorgaans decoratiever dan ander <a href=\"https:\/\/en.wikipedia.org\/wiki\/Japanese_lacquerware\" title=\"Japanese lacquerware\" style=\"color: #000000;\">Japans lakwerk<\/a>.<sup id=\"cite_ref-murata104_1-0\" class=\"reference\"><\/sup><sup id=\"cite_ref-saimitsu79_2-0\" class=\"reference\"><\/sup><\/span><\/p>\n<p><span style=\"color: #000000;\">Omdat traditionele Japanse kleding geen zakken had, werden voorwerpen vaak gedragen door ze aan de <span title=\"Japanese-language romanization\"><i lang=\"ja-Latn\">obi<\/i><\/span> te hangen in houders die bekendstaan als <span title=\"Japanese-language romanization\"><i lang=\"ja-Latn\"><a href=\"https:\/\/en.wiktionary.org\/wiki\/sagemono\" class=\"extiw\" title=\"wikt:sagemono\" style=\"color: #000000;\">sagemono<\/a><\/i><\/span> (een aan de gordel hangend object). De meeste <span title=\"Japanese-language romanization\"><i lang=\"ja-Latn\">sagemono<\/i><\/span> waren bedoeld voor specifieke inhoud zoals tabak, pijpen, schrijfpenselen en inkt, maar het type <span title=\"Japanese-language romanization\"><i lang=\"ja-Latn\">inr\u014d<\/i><\/span> was geschikt voor kleine voorwerpen en ontstond in de <a href=\"https:\/\/en.wikipedia.org\/wiki\/Sengoku_period\" title=\"Sengoku period\" style=\"color: #000000;\">Sengoku-periode<\/a> (1467\u20131615) als draagbaar zegel en medicijndoosje voor onderweg.<\/span><sup id=\"cite_ref-murata104_1-1\" class=\"reference\"><\/sup><sup id=\"cite_ref-saimitsu79_2-1\" class=\"reference\"><\/sup><\/p>\n","protected":false},"excerpt":{"rendered":"<p>Object: Inr\u014d in maki-e met haan en hen. Grote en fraaie inr\u014d in maki-e, met een uitstekende weergave van de vogels en hun beweging. Inr\u014d in prachtige staat en gesigneerd. Kagamibuta-netsuke met enkele oude reparaties. Gebruik van zilver, goud en rode lak voor de wapens. Uitstekend verzamelobject. 8 x 7 [&hellip;]<\/p>\n","protected":false},"featured_media":14674,"template":"","meta":{"jetpack_post_was_ever_published":false},"product_brand":[],"product_cat":[358],"product_tag":[],"class_list":{"0":"post-14673","1":"product","2":"type-product","3":"status-publish","4":"has-post-thumbnail","6":"product_cat-inro","7":"product_shipping_class-light","9":"first","10":"instock","11":"featured","12":"sold-individually","13":"shipping-taxable","14":"purchasable","15":"product-type-simple"},"yoast_head":"<!-- This site is optimized with the Yoast SEO plugin v27.3 - https:\/\/yoast.com\/product\/yoast-seo-wordpress\/ -->\n<title>Inr\u014d in maki-e met haan en hen - Supein Nihonto<\/title>\n<meta name=\"description\" content=\"Grote inr\u014d in maki-e, met een prachtig uitgevoerde voorstelling van de vogels en hun beweging. Inr\u014d in uitstekende staat en gesigneerd.\" \/>\n<meta name=\"robots\" content=\"index, follow, max-snippet:-1, max-image-preview:large, max-video-preview:-1\" \/>\n<link rel=\"canonical\" href=\"https:\/\/www.supeinnihonto.com\/nl\/product\/inro-makie-chicken-and-hen\/\" \/>\n<meta property=\"og:locale\" content=\"nl_NL\" \/>\n<meta property=\"og:type\" content=\"article\" \/>\n<meta property=\"og:title\" content=\"Inr\u014d in maki-e met haan en hen - Supein Nihonto\" \/>\n<meta property=\"og:description\" content=\"Grote inr\u014d in maki-e, met een prachtig uitgevoerde voorstelling van de vogels en hun beweging. Inr\u014d in uitstekende staat en gesigneerd.\" \/>\n<meta property=\"og:url\" content=\"https:\/\/www.supeinnihonto.com\/nl\/product\/inro-makie-chicken-and-hen\/\" \/>\n<meta property=\"og:site_name\" content=\"Supein Nihonto\" \/>\n<meta property=\"article:modified_time\" content=\"2025-12-27T15:46:11+00:00\" \/>\n<meta property=\"og:image\" content=\"https:\/\/www.supeinnihonto.com\/wp-content\/uploads\/2024\/05\/DSC_3680-scaled.jpg\" \/>\n\t<meta property=\"og:image:width\" content=\"2560\" \/>\n\t<meta property=\"og:image:height\" content=\"1707\" \/>\n\t<meta property=\"og:image:type\" content=\"image\/jpeg\" \/>\n<meta name=\"twitter:card\" content=\"summary_large_image\" \/>\n<meta name=\"twitter:label1\" content=\"Geschatte leestijd\" \/>\n\t<meta name=\"twitter:data1\" content=\"2 minuten\" \/>\n<script type=\"application\/ld+json\" class=\"yoast-schema-graph\">{\"@context\":\"https:\\\/\\\/schema.org\",\"@graph\":[{\"@type\":\"WebPage\",\"@id\":\"https:\\\/\\\/www.supeinnihonto.com\\\/nl\\\/product\\\/inro-makie-chicken-and-hen\\\/\",\"url\":\"https:\\\/\\\/www.supeinnihonto.com\\\/nl\\\/product\\\/inro-makie-chicken-and-hen\\\/\",\"name\":\"Inr\u014d in maki-e met haan en hen - Supein Nihonto\",\"isPartOf\":{\"@id\":\"https:\\\/\\\/www.supeinnihonto.com\\\/nl\\\/#website\"},\"primaryImageOfPage\":{\"@id\":\"https:\\\/\\\/www.supeinnihonto.com\\\/nl\\\/product\\\/inro-makie-chicken-and-hen\\\/#primaryimage\"},\"image\":{\"@id\":\"https:\\\/\\\/www.supeinnihonto.com\\\/nl\\\/product\\\/inro-makie-chicken-and-hen\\\/#primaryimage\"},\"thumbnailUrl\":\"https:\\\/\\\/i0.wp.com\\\/www.supeinnihonto.com\\\/wp-content\\\/uploads\\\/2024\\\/05\\\/DSC_3680-scaled.jpg?fit=2560%2C1707&ssl=1\",\"datePublished\":\"2024-05-10T17:18:53+00:00\",\"dateModified\":\"2025-12-27T15:46:11+00:00\",\"description\":\"Grote inr\u014d in maki-e, met een prachtig uitgevoerde voorstelling van de vogels en hun beweging. Inr\u014d in uitstekende staat en gesigneerd.\",\"breadcrumb\":{\"@id\":\"https:\\\/\\\/www.supeinnihonto.com\\\/nl\\\/product\\\/inro-makie-chicken-and-hen\\\/#breadcrumb\"},\"inLanguage\":\"nl-NL\",\"potentialAction\":[{\"@type\":\"ReadAction\",\"target\":[\"https:\\\/\\\/www.supeinnihonto.com\\\/nl\\\/product\\\/inro-makie-chicken-and-hen\\\/\"]}]},{\"@type\":\"ImageObject\",\"inLanguage\":\"nl-NL\",\"@id\":\"https:\\\/\\\/www.supeinnihonto.com\\\/nl\\\/product\\\/inro-makie-chicken-and-hen\\\/#primaryimage\",\"url\":\"https:\\\/\\\/i0.wp.com\\\/www.supeinnihonto.com\\\/wp-content\\\/uploads\\\/2024\\\/05\\\/DSC_3680-scaled.jpg?fit=2560%2C1707&ssl=1\",\"contentUrl\":\"https:\\\/\\\/i0.wp.com\\\/www.supeinnihonto.com\\\/wp-content\\\/uploads\\\/2024\\\/05\\\/DSC_3680-scaled.jpg?fit=2560%2C1707&ssl=1\",\"width\":2560,\"height\":1707,\"caption\":\"Inro makie chicken and hen\"},{\"@type\":\"BreadcrumbList\",\"@id\":\"https:\\\/\\\/www.supeinnihonto.com\\\/nl\\\/product\\\/inro-makie-chicken-and-hen\\\/#breadcrumb\",\"itemListElement\":[{\"@type\":\"ListItem\",\"position\":1,\"name\":\"Portada\",\"item\":\"https:\\\/\\\/www.supeinnihonto.com\\\/nl\\\/\"},{\"@type\":\"ListItem\",\"position\":2,\"name\":\"Shop\",\"item\":\"https:\\\/\\\/www.supeinnihonto.com\\\/nl\\\/shop\\\/\"},{\"@type\":\"ListItem\",\"position\":3,\"name\":\"Inr\u014d in maki-e met haan en hen\"}]},{\"@type\":\"WebSite\",\"@id\":\"https:\\\/\\\/www.supeinnihonto.com\\\/nl\\\/#website\",\"url\":\"https:\\\/\\\/www.supeinnihonto.com\\\/nl\\\/\",\"name\":\"Supein Nihonto\",\"description\":\"Authentic japanese Nihonto katana \",\"publisher\":{\"@id\":\"https:\\\/\\\/www.supeinnihonto.com\\\/nl\\\/#organization\"},\"potentialAction\":[{\"@type\":\"SearchAction\",\"target\":{\"@type\":\"EntryPoint\",\"urlTemplate\":\"https:\\\/\\\/www.supeinnihonto.com\\\/nl\\\/?s={search_term_string}\"},\"query-input\":{\"@type\":\"PropertyValueSpecification\",\"valueRequired\":true,\"valueName\":\"search_term_string\"}}],\"inLanguage\":\"nl-NL\"},{\"@type\":\"Organization\",\"@id\":\"https:\\\/\\\/www.supeinnihonto.com\\\/nl\\\/#organization\",\"name\":\"SupeinNihonto\",\"url\":\"https:\\\/\\\/www.supeinnihonto.com\\\/nl\\\/\",\"logo\":{\"@type\":\"ImageObject\",\"inLanguage\":\"nl-NL\",\"@id\":\"https:\\\/\\\/www.supeinnihonto.com\\\/nl\\\/#\\\/schema\\\/logo\\\/image\\\/\",\"url\":\"https:\\\/\\\/www.supeinnihonto.com\\\/wp-content\\\/uploads\\\/2021\\\/11\\\/animation_Default_3szk0jcenoloop.gif\",\"contentUrl\":\"https:\\\/\\\/www.supeinnihonto.com\\\/wp-content\\\/uploads\\\/2021\\\/11\\\/animation_Default_3szk0jcenoloop.gif\",\"width\":750,\"height\":641,\"caption\":\"SupeinNihonto\"},\"image\":{\"@id\":\"https:\\\/\\\/www.supeinnihonto.com\\\/nl\\\/#\\\/schema\\\/logo\\\/image\\\/\"}}]}<\/script>\n<!-- \/ Yoast SEO plugin. -->","yoast_head_json":{"title":"Inr\u014d in maki-e met haan en hen - Supein Nihonto","description":"Grote inr\u014d in maki-e, met een prachtig uitgevoerde voorstelling van de vogels en hun beweging. Inr\u014d in uitstekende staat en gesigneerd.","robots":{"index":"index","follow":"follow","max-snippet":"max-snippet:-1","max-image-preview":"max-image-preview:large","max-video-preview":"max-video-preview:-1"},"canonical":"https:\/\/www.supeinnihonto.com\/nl\/product\/inro-makie-chicken-and-hen\/","og_locale":"nl_NL","og_type":"article","og_title":"Inr\u014d in maki-e met haan en hen - Supein Nihonto","og_description":"Grote inr\u014d in maki-e, met een prachtig uitgevoerde voorstelling van de vogels en hun beweging. Inr\u014d in uitstekende staat en gesigneerd.","og_url":"https:\/\/www.supeinnihonto.com\/nl\/product\/inro-makie-chicken-and-hen\/","og_site_name":"Supein Nihonto","article_modified_time":"2025-12-27T15:46:11+00:00","og_image":[{"width":2560,"height":1707,"url":"https:\/\/www.supeinnihonto.com\/wp-content\/uploads\/2024\/05\/DSC_3680-scaled.jpg","type":"image\/jpeg"}],"twitter_card":"summary_large_image","twitter_misc":{"Geschatte leestijd":"2 minuten"},"schema":{"@context":"https:\/\/schema.org","@graph":[{"@type":"WebPage","@id":"https:\/\/www.supeinnihonto.com\/nl\/product\/inro-makie-chicken-and-hen\/","url":"https:\/\/www.supeinnihonto.com\/nl\/product\/inro-makie-chicken-and-hen\/","name":"Inr\u014d in maki-e met haan en hen - Supein Nihonto","isPartOf":{"@id":"https:\/\/www.supeinnihonto.com\/nl\/#website"},"primaryImageOfPage":{"@id":"https:\/\/www.supeinnihonto.com\/nl\/product\/inro-makie-chicken-and-hen\/#primaryimage"},"image":{"@id":"https:\/\/www.supeinnihonto.com\/nl\/product\/inro-makie-chicken-and-hen\/#primaryimage"},"thumbnailUrl":"https:\/\/i0.wp.com\/www.supeinnihonto.com\/wp-content\/uploads\/2024\/05\/DSC_3680-scaled.jpg?fit=2560%2C1707&ssl=1","datePublished":"2024-05-10T17:18:53+00:00","dateModified":"2025-12-27T15:46:11+00:00","description":"Grote inr\u014d in maki-e, met een prachtig uitgevoerde voorstelling van de vogels en hun beweging. Inr\u014d in uitstekende staat en gesigneerd.","breadcrumb":{"@id":"https:\/\/www.supeinnihonto.com\/nl\/product\/inro-makie-chicken-and-hen\/#breadcrumb"},"inLanguage":"nl-NL","potentialAction":[{"@type":"ReadAction","target":["https:\/\/www.supeinnihonto.com\/nl\/product\/inro-makie-chicken-and-hen\/"]}]},{"@type":"ImageObject","inLanguage":"nl-NL","@id":"https:\/\/www.supeinnihonto.com\/nl\/product\/inro-makie-chicken-and-hen\/#primaryimage","url":"https:\/\/i0.wp.com\/www.supeinnihonto.com\/wp-content\/uploads\/2024\/05\/DSC_3680-scaled.jpg?fit=2560%2C1707&ssl=1","contentUrl":"https:\/\/i0.wp.com\/www.supeinnihonto.com\/wp-content\/uploads\/2024\/05\/DSC_3680-scaled.jpg?fit=2560%2C1707&ssl=1","width":2560,"height":1707,"caption":"Inro makie chicken and hen"},{"@type":"BreadcrumbList","@id":"https:\/\/www.supeinnihonto.com\/nl\/product\/inro-makie-chicken-and-hen\/#breadcrumb","itemListElement":[{"@type":"ListItem","position":1,"name":"Portada","item":"https:\/\/www.supeinnihonto.com\/nl\/"},{"@type":"ListItem","position":2,"name":"Shop","item":"https:\/\/www.supeinnihonto.com\/nl\/shop\/"},{"@type":"ListItem","position":3,"name":"Inr\u014d in maki-e met haan en hen"}]},{"@type":"WebSite","@id":"https:\/\/www.supeinnihonto.com\/nl\/#website","url":"https:\/\/www.supeinnihonto.com\/nl\/","name":"Supein Nihonto","description":"Authentic japanese Nihonto katana ","publisher":{"@id":"https:\/\/www.supeinnihonto.com\/nl\/#organization"},"potentialAction":[{"@type":"SearchAction","target":{"@type":"EntryPoint","urlTemplate":"https:\/\/www.supeinnihonto.com\/nl\/?s={search_term_string}"},"query-input":{"@type":"PropertyValueSpecification","valueRequired":true,"valueName":"search_term_string"}}],"inLanguage":"nl-NL"},{"@type":"Organization","@id":"https:\/\/www.supeinnihonto.com\/nl\/#organization","name":"SupeinNihonto","url":"https:\/\/www.supeinnihonto.com\/nl\/","logo":{"@type":"ImageObject","inLanguage":"nl-NL","@id":"https:\/\/www.supeinnihonto.com\/nl\/#\/schema\/logo\/image\/","url":"https:\/\/www.supeinnihonto.com\/wp-content\/uploads\/2021\/11\/animation_Default_3szk0jcenoloop.gif","contentUrl":"https:\/\/www.supeinnihonto.com\/wp-content\/uploads\/2021\/11\/animation_Default_3szk0jcenoloop.gif","width":750,"height":641,"caption":"SupeinNihonto"},"image":{"@id":"https:\/\/www.supeinnihonto.com\/nl\/#\/schema\/logo\/image\/"}}]}},"jetpack-related-posts":[{"id":14849,"url":"https:\/\/www.supeinnihonto.com\/nl\/product\/inro-in-maki-e-met-haan-en-hen\/","url_meta":{"origin":14673,"position":0},"title":"Inr\u014d in maki-e met haan en hen","author":"Supein Nihonto","date":"9 de mei de 2024","format":false,"excerpt":"Object: Inr\u014d in maki-e met haan en hen. Inr\u014d met vijf compartimenten, gelakt met een voorstelling van een haan en een hen, waarbij de haan op een trommel staat, onder een pijnboom met neerhangende takken die zich naar de andere zijde uitstrekken boven twee kuikens; de trommel en de pijnboom\u2026","rel":"","context":"Soortgelijk bericht","block_context":{"text":"Soortgelijk bericht","link":""},"img":{"alt_text":"Inro Rooster and hen","src":"https:\/\/i0.wp.com\/www.supeinnihonto.com\/wp-content\/uploads\/2024\/05\/DSC_3622-scaled.jpg?fit=800%2C1200&ssl=1&resize=350%2C200","width":350,"height":200,"srcset":"https:\/\/i0.wp.com\/www.supeinnihonto.com\/wp-content\/uploads\/2024\/05\/DSC_3622-scaled.jpg?fit=800%2C1200&ssl=1&resize=350%2C200 1x, https:\/\/i0.wp.com\/www.supeinnihonto.com\/wp-content\/uploads\/2024\/05\/DSC_3622-scaled.jpg?fit=800%2C1200&ssl=1&resize=525%2C300 1.5x, https:\/\/i0.wp.com\/www.supeinnihonto.com\/wp-content\/uploads\/2024\/05\/DSC_3622-scaled.jpg?fit=800%2C1200&ssl=1&resize=700%2C400 2x"},"classes":[]},{"id":14841,"url":"https:\/\/www.supeinnihonto.com\/nl\/product\/inro-makie-birds-and-pum\/","url_meta":{"origin":14673,"position":1},"title":"Inr\u014d in maki-e met vogels en pruimenboom","author":"Supein Nihonto","date":"10 de mei de 2024","format":false,"excerpt":"Object: Inr\u014d in maki-e met vogels en pruimenboom. Grote en indrukwekkende inr\u014d met vijf compartimenten, uitgevoerd in kostbaar werk met verschillende technieken, in uitstekende staat van behoud. Uit de Meiji-periode, einde 19e eeuw. De inr\u014d omvat tevens een metalen ojime met cloisonn\u00e9-decor en een antieke houten netsuke uit de 19e\u2026","rel":"","context":"Soortgelijk bericht","block_context":{"text":"Soortgelijk bericht","link":""},"img":{"alt_text":"Inro makie birds","src":"https:\/\/i0.wp.com\/www.supeinnihonto.com\/wp-content\/uploads\/2024\/05\/DSC_3629-scaled.jpg?fit=800%2C1200&ssl=1&resize=350%2C200","width":350,"height":200,"srcset":"https:\/\/i0.wp.com\/www.supeinnihonto.com\/wp-content\/uploads\/2024\/05\/DSC_3629-scaled.jpg?fit=800%2C1200&ssl=1&resize=350%2C200 1x, https:\/\/i0.wp.com\/www.supeinnihonto.com\/wp-content\/uploads\/2024\/05\/DSC_3629-scaled.jpg?fit=800%2C1200&ssl=1&resize=525%2C300 1.5x, https:\/\/i0.wp.com\/www.supeinnihonto.com\/wp-content\/uploads\/2024\/05\/DSC_3629-scaled.jpg?fit=800%2C1200&ssl=1&resize=700%2C400 2x"},"classes":[]},{"id":14873,"url":"https:\/\/www.supeinnihonto.com\/nl\/product\/inro-met-maki-e-decoratie-van-paarden-en-ossen\/","url_meta":{"origin":14673,"position":2},"title":"Inro met maki-e decoratie van paarden en ossen","author":"Supein Nihonto","date":"9 de mei de 2024","format":false,"excerpt":"Object: Inro met maki-e decoratie van paarden en ossen. Gesigneerd \u201cKajikawa Tomohide\u201d. Prachtige inro in uitzonderlijke staat, uitgevoerd met een superieure maki-e techniek, met paarden aan de ene zijde en ossen aan de andere. Het stuk verkeert in vrijwel onberispelijke staat en behoudt al zijn elementen, zoals de eveneens met\u2026","rel":"","context":"Soortgelijk bericht","block_context":{"text":"Soortgelijk bericht","link":""},"img":{"alt_text":"Inro Makie horses and oxen","src":"https:\/\/i0.wp.com\/www.supeinnihonto.com\/wp-content\/uploads\/2024\/05\/DSC_3581-scaled.jpg?fit=1200%2C800&ssl=1&resize=350%2C200","width":350,"height":200,"srcset":"https:\/\/i0.wp.com\/www.supeinnihonto.com\/wp-content\/uploads\/2024\/05\/DSC_3581-scaled.jpg?fit=1200%2C800&ssl=1&resize=350%2C200 1x, https:\/\/i0.wp.com\/www.supeinnihonto.com\/wp-content\/uploads\/2024\/05\/DSC_3581-scaled.jpg?fit=1200%2C800&ssl=1&resize=525%2C300 1.5x, https:\/\/i0.wp.com\/www.supeinnihonto.com\/wp-content\/uploads\/2024\/05\/DSC_3581-scaled.jpg?fit=1200%2C800&ssl=1&resize=700%2C400 2x, https:\/\/i0.wp.com\/www.supeinnihonto.com\/wp-content\/uploads\/2024\/05\/DSC_3581-scaled.jpg?fit=1200%2C800&ssl=1&resize=1050%2C600 3x"},"classes":[]},{"id":14681,"url":"https:\/\/www.supeinnihonto.com\/nl\/product\/inro-in-shibayama-maki-e-met-pauw\/","url_meta":{"origin":14673,"position":3},"title":"Inr\u014d in Shibayama-maki-e met pauw","author":"Supein Nihonto","date":"10 de mei de 2024","format":false,"excerpt":"Object: Edo-periode of vroege Meiji-periode. 19e eeuw. Inr\u014d in Shibayama-maki-e met pauw. Gedecoreerd in goud takamaki-e, met een voorstelling van een staande pauw met opgerichte staartveren die zich naar de andere zijde uitstrekken boven een pauwin; de \u2018ogen\u2019 van de staartveren van het mannetje zijn ingelegd met parelmoer, het interieur\u2026","rel":"","context":"Soortgelijk bericht","block_context":{"text":"Soortgelijk bericht","link":""},"img":{"alt_text":"Inro Makie shibayama peacock","src":"https:\/\/i0.wp.com\/www.supeinnihonto.com\/wp-content\/uploads\/2024\/05\/DSC_3666-scaled.jpg?fit=1200%2C800&ssl=1&resize=350%2C200","width":350,"height":200,"srcset":"https:\/\/i0.wp.com\/www.supeinnihonto.com\/wp-content\/uploads\/2024\/05\/DSC_3666-scaled.jpg?fit=1200%2C800&ssl=1&resize=350%2C200 1x, https:\/\/i0.wp.com\/www.supeinnihonto.com\/wp-content\/uploads\/2024\/05\/DSC_3666-scaled.jpg?fit=1200%2C800&ssl=1&resize=525%2C300 1.5x, https:\/\/i0.wp.com\/www.supeinnihonto.com\/wp-content\/uploads\/2024\/05\/DSC_3666-scaled.jpg?fit=1200%2C800&ssl=1&resize=700%2C400 2x, https:\/\/i0.wp.com\/www.supeinnihonto.com\/wp-content\/uploads\/2024\/05\/DSC_3666-scaled.jpg?fit=1200%2C800&ssl=1&resize=1050%2C600 3x"},"classes":[]},{"id":14697,"url":"https:\/\/www.supeinnihonto.com\/nl\/product\/inro-makie-shibayama-fukurokuju\/","url_meta":{"origin":14673,"position":4},"title":"Inro makie shibayama Fukurokuju","author":"ericmontero","date":"10 de mei de 2024","format":false,"excerpt":"Item:\u00a0 Edo-periode of vroege Meiji-periode. 19e eeuw. Inro makie shibayama Fukurokuju. Mooie inro met kinji-achtergrond, versierd met goud en lichte gekleurde takamaki-e, gouden hiramaki-e, kirikane en Shibayama-stijl. Gezichten van Fukurokuju en jongen in ivoor en barnstenen schildpad. Gesigneerd \"Shokusai\" met parelmoer zegel. 8,1 x 6,0 cm Wat is een Inro?\u2026","rel":"","context":"Soortgelijk bericht","block_context":{"text":"Soortgelijk bericht","link":""},"img":{"alt_text":"Inro Makie Shibayama Fukurokuju","src":"https:\/\/i0.wp.com\/www.supeinnihonto.com\/wp-content\/uploads\/2024\/05\/DSC_3648-scaled.jpg?fit=800%2C1200&ssl=1&resize=350%2C200","width":350,"height":200,"srcset":"https:\/\/i0.wp.com\/www.supeinnihonto.com\/wp-content\/uploads\/2024\/05\/DSC_3648-scaled.jpg?fit=800%2C1200&ssl=1&resize=350%2C200 1x, https:\/\/i0.wp.com\/www.supeinnihonto.com\/wp-content\/uploads\/2024\/05\/DSC_3648-scaled.jpg?fit=800%2C1200&ssl=1&resize=525%2C300 1.5x, https:\/\/i0.wp.com\/www.supeinnihonto.com\/wp-content\/uploads\/2024\/05\/DSC_3648-scaled.jpg?fit=800%2C1200&ssl=1&resize=700%2C400 2x"},"classes":[]},{"id":14773,"url":"https:\/\/www.supeinnihonto.com\/nl\/product\/inro-met-maki-e-decoratie-van-chrysantenbloemen\/","url_meta":{"origin":14673,"position":5},"title":"Inro met maki-e decoratie van chrysantenbloemen","author":"Supein Nihonto","date":"9 de mei de 2024","format":false,"excerpt":"Object: Inro met maki-e decoratie van chrysantenbloemen. Zeldzame inro in miniatuurformaat van voortreffelijk vakmanschap, met talrijke details en enkele shibayama-inleg van parelmoer. Manju netsuke van brons en been. Ojime van rood koraal. Zowel de inro als de netsuke verkeren in zeer goede staat, wat voor de meeste verzamelaars van groot\u2026","rel":"","context":"Soortgelijk bericht","block_context":{"text":"Soortgelijk bericht","link":""},"img":{"alt_text":"Inro Makie Chrisantemum flowers","src":"https:\/\/i0.wp.com\/www.supeinnihonto.com\/wp-content\/uploads\/2024\/05\/Inro-Makie-Chrisantemum-flowers.webp?fit=1200%2C800&ssl=1&resize=350%2C200","width":350,"height":200,"srcset":"https:\/\/i0.wp.com\/www.supeinnihonto.com\/wp-content\/uploads\/2024\/05\/Inro-Makie-Chrisantemum-flowers.webp?fit=1200%2C800&ssl=1&resize=350%2C200 1x, https:\/\/i0.wp.com\/www.supeinnihonto.com\/wp-content\/uploads\/2024\/05\/Inro-Makie-Chrisantemum-flowers.webp?fit=1200%2C800&ssl=1&resize=525%2C300 1.5x, https:\/\/i0.wp.com\/www.supeinnihonto.com\/wp-content\/uploads\/2024\/05\/Inro-Makie-Chrisantemum-flowers.webp?fit=1200%2C800&ssl=1&resize=700%2C400 2x, https:\/\/i0.wp.com\/www.supeinnihonto.com\/wp-content\/uploads\/2024\/05\/Inro-Makie-Chrisantemum-flowers.webp?fit=1200%2C800&ssl=1&resize=1050%2C600 3x"},"classes":[]}],"jetpack_sharing_enabled":true,"_links":{"self":[{"href":"https:\/\/www.supeinnihonto.com\/nl\/wp-json\/wp\/v2\/product\/14673","targetHints":{"allow":["GET"]}}],"collection":[{"href":"https:\/\/www.supeinnihonto.com\/nl\/wp-json\/wp\/v2\/product"}],"about":[{"href":"https:\/\/www.supeinnihonto.com\/nl\/wp-json\/wp\/v2\/types\/product"}],"wp:featuredmedia":[{"embeddable":true,"href":"https:\/\/www.supeinnihonto.com\/nl\/wp-json\/wp\/v2\/media\/14674"}],"wp:attachment":[{"href":"https:\/\/www.supeinnihonto.com\/nl\/wp-json\/wp\/v2\/media?parent=14673"}],"wp:term":[{"taxonomy":"product_brand","embeddable":true,"href":"https:\/\/www.supeinnihonto.com\/nl\/wp-json\/wp\/v2\/product_brand?post=14673"},{"taxonomy":"product_cat","embeddable":true,"href":"https:\/\/www.supeinnihonto.com\/nl\/wp-json\/wp\/v2\/product_cat?post=14673"},{"taxonomy":"product_tag","embeddable":true,"href":"https:\/\/www.supeinnihonto.com\/nl\/wp-json\/wp\/v2\/product_tag?post=14673"}],"curies":[{"name":"wp","href":"https:\/\/api.w.org\/{rel}","templated":true}]}}