{"id":14609,"date":"2024-05-13T15:39:51","date_gmt":"2024-05-13T15:39:51","guid":{"rendered":"https:\/\/www.supeinnihonto.com\/product\/fuchi-kashira-shakudo-birds-ii\/"},"modified":"2025-12-14T00:00:16","modified_gmt":"2025-12-14T00:00:16","slug":"fuchi-kashira-shakudo-birds-ii","status":"publish","type":"product","link":"https:\/\/www.supeinnihonto.com\/nl\/product\/fuchi-kashira-shakudo-birds-ii\/","title":{"rendered":"Fuchi Kashira shakudo birds II"},"content":{"rendered":"<div><em><strong>Item:<\/strong><\/em><\/div>\n<div><\/div>\n<div><span>Fuchi Kashira shakudo birds II. S<i>hakudo<\/i>\u00a0and gold, chiselled in relief with birds in a tree, signed\u00a0<i>Bushu no ju Masanaga saku.<\/i> <\/span><span>Edo Period.\u00a0<\/span><\/div>\n<div><\/div>\n<div>Fuchi: 4 x 2,4 cm<\/div>\n<div>Kashira: 3,4 x 1,9 cm<\/div>\n<div><\/div>\n<div>Suitable for Katana and Wakizashi.<\/div>\n<div><\/div>\n<div class=\"accordion-title active\"><em><strong>What is a fuchi\/Kashira?<\/strong><\/em><br \/>\n<i class=\"fas fa-caret-up\"><\/i><\/div>\n<div class=\"accordion-content active\" id=\"tab3\">\n<p>A fuchi-kashira is a pair of sword fittings used in traditional Japanese sword mounting (koshirae). They are located at either end of the handle (tsuka) and serve both functional and decorative purposes.<\/p>\n<ul>\n<li style=\"list-style-type: none;\">\n<ul>\n<li><strong>Fuchi:<\/strong><span>\u00a0<\/span>The fuchi is the collar or sleeve that sits at the base of the handle, adjacent to the guard (tsuba). It acts as a decorative and protective piece, covering the junction between the handle and the guard. The fuchi is typically made of metal and can feature various designs and motifs, often matching the theme of other sword fittings such as the menuki and tsuba.<\/li>\n<li><strong>Kashira:<\/strong><span>\u00a0<\/span>The kashira is the pommel or end cap of the sword handle, located at the opposite end from the guard (tsuba). It serves to secure the wrapping (tsukamaki) of the handle and provides a counterbalance to the weight of the blade. Like the fuchi, the kashira is also typically made of metal and can be adorned with intricate designs or patterns to complement the overall aesthetic of the sword.<\/li>\n<\/ul>\n<\/li>\n<\/ul>\n<p>Together, the fuchi and kashira form a coordinated pair of fittings that contribute to the visual appeal and functionality of the sword handle. They are crafted with attention to detail and can vary widely in design, material, and craftsmanship, reflecting the individual style of the sword maker or the preferences of the sword owner.<\/p>\n<\/div>\n","protected":false},"excerpt":{"rendered":"<p>Item: Fuchi Kashira shakudo birds II. Shakudo\u00a0and gold, chiselled in relief with birds in a tree, signed\u00a0Bushu no ju Masanaga saku. Edo Period.\u00a0 Fuchi: 4 x 2,4 cm Kashira: 3,4 x 1,9 cm Suitable for Katana and Wakizashi. What is a fuchi\/Kashira? A fuchi-kashira is a pair of sword fittings [&hellip;]<\/p>\n","protected":false},"featured_media":11073,"template":"","meta":{"jetpack_post_was_ever_published":false},"product_brand":[],"product_cat":[349],"product_tag":[477],"class_list":{"0":"post-14609","1":"product","2":"type-product","3":"status-publish","4":"has-post-thumbnail","6":"product_cat-fuchi-kashira","7":"product_tag-verkocht","8":"product_shipping_class-leger","10":"first","11":"outofstock","12":"sold-individually","13":"shipping-taxable","14":"purchasable","15":"product-type-simple"},"yoast_head":"<!-- This site is optimized with the Yoast SEO plugin v27.3 - https:\/\/yoast.com\/product\/yoast-seo-wordpress\/ -->\n<title>Fuchi Kashira shakudo birds II - Supein Nihonto<\/title>\n<meta name=\"robots\" content=\"index, follow, max-snippet:-1, max-image-preview:large, max-video-preview:-1\" \/>\n<link rel=\"canonical\" href=\"https:\/\/www.supeinnihonto.com\/nl\/product\/fuchi-kashira-shakudo-birds-ii\/\" \/>\n<meta property=\"og:locale\" content=\"nl_NL\" \/>\n<meta property=\"og:type\" content=\"article\" \/>\n<meta property=\"og:title\" content=\"Fuchi Kashira shakudo birds II - Supein Nihonto\" \/>\n<meta property=\"og:description\" content=\"Item: Fuchi Kashira shakudo birds II. Shakudo\u00a0and gold, chiselled in relief with birds in a tree, signed\u00a0Bushu no ju Masanaga saku. Edo Period.\u00a0 Fuchi: 4 x 2,4 cm Kashira: 3,4 x 1,9 cm Suitable for Katana and Wakizashi. What is a fuchi\/Kashira? A fuchi-kashira is a pair of sword fittings [&hellip;]\" \/>\n<meta property=\"og:url\" content=\"https:\/\/www.supeinnihonto.com\/nl\/product\/fuchi-kashira-shakudo-birds-ii\/\" \/>\n<meta property=\"og:site_name\" content=\"Supein Nihonto\" \/>\n<meta property=\"article:modified_time\" content=\"2025-12-14T00:00:16+00:00\" \/>\n<meta name=\"twitter:card\" content=\"summary_large_image\" \/>\n<meta name=\"twitter:label1\" content=\"Geschatte leestijd\" \/>\n\t<meta name=\"twitter:data1\" content=\"1 minuut\" \/>\n<script type=\"application\/ld+json\" class=\"yoast-schema-graph\">{\"@context\":\"https:\\\/\\\/schema.org\",\"@graph\":[{\"@type\":\"WebPage\",\"@id\":\"https:\\\/\\\/www.supeinnihonto.com\\\/nl\\\/product\\\/fuchi-kashira-shakudo-birds-ii\\\/\",\"url\":\"https:\\\/\\\/www.supeinnihonto.com\\\/nl\\\/product\\\/fuchi-kashira-shakudo-birds-ii\\\/\",\"name\":\"Fuchi Kashira shakudo birds II - Supein Nihonto\",\"isPartOf\":{\"@id\":\"https:\\\/\\\/www.supeinnihonto.com\\\/nl\\\/#website\"},\"primaryImageOfPage\":{\"@id\":\"https:\\\/\\\/www.supeinnihonto.com\\\/nl\\\/product\\\/fuchi-kashira-shakudo-birds-ii\\\/#primaryimage\"},\"image\":{\"@id\":\"https:\\\/\\\/www.supeinnihonto.com\\\/nl\\\/product\\\/fuchi-kashira-shakudo-birds-ii\\\/#primaryimage\"},\"thumbnailUrl\":\"https:\\\/\\\/i0.wp.com\\\/www.supeinnihonto.com\\\/wp-content\\\/uploads\\\/2024\\\/01\\\/logo-sold-scaled.png?fit=3125%2C1875&ssl=1\",\"datePublished\":\"2024-05-13T15:39:51+00:00\",\"dateModified\":\"2025-12-14T00:00:16+00:00\",\"breadcrumb\":{\"@id\":\"https:\\\/\\\/www.supeinnihonto.com\\\/nl\\\/product\\\/fuchi-kashira-shakudo-birds-ii\\\/#breadcrumb\"},\"inLanguage\":\"nl-NL\",\"potentialAction\":[{\"@type\":\"ReadAction\",\"target\":[\"https:\\\/\\\/www.supeinnihonto.com\\\/nl\\\/product\\\/fuchi-kashira-shakudo-birds-ii\\\/\"]}]},{\"@type\":\"ImageObject\",\"inLanguage\":\"nl-NL\",\"@id\":\"https:\\\/\\\/www.supeinnihonto.com\\\/nl\\\/product\\\/fuchi-kashira-shakudo-birds-ii\\\/#primaryimage\",\"url\":\"https:\\\/\\\/i0.wp.com\\\/www.supeinnihonto.com\\\/wp-content\\\/uploads\\\/2024\\\/01\\\/logo-sold-scaled.png?fit=3125%2C1875&ssl=1\",\"contentUrl\":\"https:\\\/\\\/i0.wp.com\\\/www.supeinnihonto.com\\\/wp-content\\\/uploads\\\/2024\\\/01\\\/logo-sold-scaled.png?fit=3125%2C1875&ssl=1\",\"width\":3125,\"height\":1875,\"caption\":\"Sold\"},{\"@type\":\"BreadcrumbList\",\"@id\":\"https:\\\/\\\/www.supeinnihonto.com\\\/nl\\\/product\\\/fuchi-kashira-shakudo-birds-ii\\\/#breadcrumb\",\"itemListElement\":[{\"@type\":\"ListItem\",\"position\":1,\"name\":\"Portada\",\"item\":\"https:\\\/\\\/www.supeinnihonto.com\\\/nl\\\/\"},{\"@type\":\"ListItem\",\"position\":2,\"name\":\"Shop\",\"item\":\"https:\\\/\\\/www.supeinnihonto.com\\\/nl\\\/shop\\\/\"},{\"@type\":\"ListItem\",\"position\":3,\"name\":\"Fuchi Kashira shakudo birds II\"}]},{\"@type\":\"WebSite\",\"@id\":\"https:\\\/\\\/www.supeinnihonto.com\\\/nl\\\/#website\",\"url\":\"https:\\\/\\\/www.supeinnihonto.com\\\/nl\\\/\",\"name\":\"Supein Nihonto\",\"description\":\"Authentic japanese Nihonto katana \",\"publisher\":{\"@id\":\"https:\\\/\\\/www.supeinnihonto.com\\\/nl\\\/#organization\"},\"potentialAction\":[{\"@type\":\"SearchAction\",\"target\":{\"@type\":\"EntryPoint\",\"urlTemplate\":\"https:\\\/\\\/www.supeinnihonto.com\\\/nl\\\/?s={search_term_string}\"},\"query-input\":{\"@type\":\"PropertyValueSpecification\",\"valueRequired\":true,\"valueName\":\"search_term_string\"}}],\"inLanguage\":\"nl-NL\"},{\"@type\":\"Organization\",\"@id\":\"https:\\\/\\\/www.supeinnihonto.com\\\/nl\\\/#organization\",\"name\":\"SupeinNihonto\",\"url\":\"https:\\\/\\\/www.supeinnihonto.com\\\/nl\\\/\",\"logo\":{\"@type\":\"ImageObject\",\"inLanguage\":\"nl-NL\",\"@id\":\"https:\\\/\\\/www.supeinnihonto.com\\\/nl\\\/#\\\/schema\\\/logo\\\/image\\\/\",\"url\":\"https:\\\/\\\/www.supeinnihonto.com\\\/wp-content\\\/uploads\\\/2021\\\/11\\\/animation_Default_3szk0jcenoloop.gif\",\"contentUrl\":\"https:\\\/\\\/www.supeinnihonto.com\\\/wp-content\\\/uploads\\\/2021\\\/11\\\/animation_Default_3szk0jcenoloop.gif\",\"width\":750,\"height\":641,\"caption\":\"SupeinNihonto\"},\"image\":{\"@id\":\"https:\\\/\\\/www.supeinnihonto.com\\\/nl\\\/#\\\/schema\\\/logo\\\/image\\\/\"}}]}<\/script>\n<!-- \/ Yoast SEO plugin. -->","yoast_head_json":{"title":"Fuchi Kashira shakudo birds II - Supein Nihonto","robots":{"index":"index","follow":"follow","max-snippet":"max-snippet:-1","max-image-preview":"max-image-preview:large","max-video-preview":"max-video-preview:-1"},"canonical":"https:\/\/www.supeinnihonto.com\/nl\/product\/fuchi-kashira-shakudo-birds-ii\/","og_locale":"nl_NL","og_type":"article","og_title":"Fuchi Kashira shakudo birds II - Supein Nihonto","og_description":"Item: Fuchi Kashira shakudo birds II. Shakudo\u00a0and gold, chiselled in relief with birds in a tree, signed\u00a0Bushu no ju Masanaga saku. Edo Period.\u00a0 Fuchi: 4 x 2,4 cm Kashira: 3,4 x 1,9 cm Suitable for Katana and Wakizashi. What is a fuchi\/Kashira? A fuchi-kashira is a pair of sword fittings [&hellip;]","og_url":"https:\/\/www.supeinnihonto.com\/nl\/product\/fuchi-kashira-shakudo-birds-ii\/","og_site_name":"Supein Nihonto","article_modified_time":"2025-12-14T00:00:16+00:00","twitter_card":"summary_large_image","twitter_misc":{"Geschatte leestijd":"1 minuut"},"schema":{"@context":"https:\/\/schema.org","@graph":[{"@type":"WebPage","@id":"https:\/\/www.supeinnihonto.com\/nl\/product\/fuchi-kashira-shakudo-birds-ii\/","url":"https:\/\/www.supeinnihonto.com\/nl\/product\/fuchi-kashira-shakudo-birds-ii\/","name":"Fuchi Kashira shakudo birds II - Supein Nihonto","isPartOf":{"@id":"https:\/\/www.supeinnihonto.com\/nl\/#website"},"primaryImageOfPage":{"@id":"https:\/\/www.supeinnihonto.com\/nl\/product\/fuchi-kashira-shakudo-birds-ii\/#primaryimage"},"image":{"@id":"https:\/\/www.supeinnihonto.com\/nl\/product\/fuchi-kashira-shakudo-birds-ii\/#primaryimage"},"thumbnailUrl":"https:\/\/i0.wp.com\/www.supeinnihonto.com\/wp-content\/uploads\/2024\/01\/logo-sold-scaled.png?fit=3125%2C1875&ssl=1","datePublished":"2024-05-13T15:39:51+00:00","dateModified":"2025-12-14T00:00:16+00:00","breadcrumb":{"@id":"https:\/\/www.supeinnihonto.com\/nl\/product\/fuchi-kashira-shakudo-birds-ii\/#breadcrumb"},"inLanguage":"nl-NL","potentialAction":[{"@type":"ReadAction","target":["https:\/\/www.supeinnihonto.com\/nl\/product\/fuchi-kashira-shakudo-birds-ii\/"]}]},{"@type":"ImageObject","inLanguage":"nl-NL","@id":"https:\/\/www.supeinnihonto.com\/nl\/product\/fuchi-kashira-shakudo-birds-ii\/#primaryimage","url":"https:\/\/i0.wp.com\/www.supeinnihonto.com\/wp-content\/uploads\/2024\/01\/logo-sold-scaled.png?fit=3125%2C1875&ssl=1","contentUrl":"https:\/\/i0.wp.com\/www.supeinnihonto.com\/wp-content\/uploads\/2024\/01\/logo-sold-scaled.png?fit=3125%2C1875&ssl=1","width":3125,"height":1875,"caption":"Sold"},{"@type":"BreadcrumbList","@id":"https:\/\/www.supeinnihonto.com\/nl\/product\/fuchi-kashira-shakudo-birds-ii\/#breadcrumb","itemListElement":[{"@type":"ListItem","position":1,"name":"Portada","item":"https:\/\/www.supeinnihonto.com\/nl\/"},{"@type":"ListItem","position":2,"name":"Shop","item":"https:\/\/www.supeinnihonto.com\/nl\/shop\/"},{"@type":"ListItem","position":3,"name":"Fuchi Kashira shakudo birds II"}]},{"@type":"WebSite","@id":"https:\/\/www.supeinnihonto.com\/nl\/#website","url":"https:\/\/www.supeinnihonto.com\/nl\/","name":"Supein Nihonto","description":"Authentic japanese Nihonto katana ","publisher":{"@id":"https:\/\/www.supeinnihonto.com\/nl\/#organization"},"potentialAction":[{"@type":"SearchAction","target":{"@type":"EntryPoint","urlTemplate":"https:\/\/www.supeinnihonto.com\/nl\/?s={search_term_string}"},"query-input":{"@type":"PropertyValueSpecification","valueRequired":true,"valueName":"search_term_string"}}],"inLanguage":"nl-NL"},{"@type":"Organization","@id":"https:\/\/www.supeinnihonto.com\/nl\/#organization","name":"SupeinNihonto","url":"https:\/\/www.supeinnihonto.com\/nl\/","logo":{"@type":"ImageObject","inLanguage":"nl-NL","@id":"https:\/\/www.supeinnihonto.com\/nl\/#\/schema\/logo\/image\/","url":"https:\/\/www.supeinnihonto.com\/wp-content\/uploads\/2021\/11\/animation_Default_3szk0jcenoloop.gif","contentUrl":"https:\/\/www.supeinnihonto.com\/wp-content\/uploads\/2021\/11\/animation_Default_3szk0jcenoloop.gif","width":750,"height":641,"caption":"SupeinNihonto"},"image":{"@id":"https:\/\/www.supeinnihonto.com\/nl\/#\/schema\/logo\/image\/"}}]}},"jetpack-related-posts":[{"id":14612,"url":"https:\/\/www.supeinnihonto.com\/it\/prodotto\/fuchi-kashira-shakudo-birds-ii\/","url_meta":{"origin":14609,"position":0},"title":"Fuchi Kashira shakudo uccelli II","author":"Supein Nihonto","date":"13 de mei de 2024","format":false,"excerpt":"Oggetto: Fuchi Kashira shakudo uccelli II. Shakudo e oro, cesellati a rilievo con uccelli su un albero, firmati Bushu no ju Masanaga saku. Periodo Edo. Fuchi: 4 x 2,4 cm Kashira: 3,4 x 1,9 cm Adatti per Katana e Wakizashi. Cos'\u00e8 un fuchi\/Kashira? Un fuchi-kashira \u00e8 una coppia di ornamenti\u2026","rel":"","context":"Soortgelijk bericht","block_context":{"text":"Soortgelijk bericht","link":""},"img":{"alt_text":"Sold","src":"https:\/\/i0.wp.com\/www.supeinnihonto.com\/wp-content\/uploads\/2024\/01\/logo-sold-scaled.png?fit=1200%2C720&ssl=1&resize=350%2C200","width":350,"height":200,"srcset":"https:\/\/i0.wp.com\/www.supeinnihonto.com\/wp-content\/uploads\/2024\/01\/logo-sold-scaled.png?fit=1200%2C720&ssl=1&resize=350%2C200 1x, https:\/\/i0.wp.com\/www.supeinnihonto.com\/wp-content\/uploads\/2024\/01\/logo-sold-scaled.png?fit=1200%2C720&ssl=1&resize=525%2C300 1.5x, https:\/\/i0.wp.com\/www.supeinnihonto.com\/wp-content\/uploads\/2024\/01\/logo-sold-scaled.png?fit=1200%2C720&ssl=1&resize=700%2C400 2x, https:\/\/i0.wp.com\/www.supeinnihonto.com\/wp-content\/uploads\/2024\/01\/logo-sold-scaled.png?fit=1200%2C720&ssl=1&resize=1050%2C600 3x"},"classes":[]},{"id":14611,"url":"https:\/\/www.supeinnihonto.com\/de\/produkt\/fuchi-kashira-shakudo-birds-ii\/","url_meta":{"origin":14609,"position":1},"title":"Fuchi Kashira Shakudo V\u00f6gel II","author":"Supein Nihonto","date":"13 de mei de 2024","format":false,"excerpt":"Artikel: Fuchi Kashira Shakudo V\u00f6gel II. Shakudo und Gold, reliefartig graviert mit V\u00f6geln in einem Baum, signiert Bushu no ju Masanaga saku. Edo-Zeit. Fuchi: 4 x 2,4 cm Kashira: 3,4 x 1,9 cm Geeignet f\u00fcr Katana und Wakizashi. Was ist ein Fuchi\/Kashira? Ein Fuchi-Kashira ist ein Paar Schwertbeschl\u00e4ge, die bei\u2026","rel":"","context":"Soortgelijk bericht","block_context":{"text":"Soortgelijk bericht","link":""},"img":{"alt_text":"Sold","src":"https:\/\/i0.wp.com\/www.supeinnihonto.com\/wp-content\/uploads\/2024\/01\/logo-sold-scaled.png?fit=1200%2C720&ssl=1&resize=350%2C200","width":350,"height":200,"srcset":"https:\/\/i0.wp.com\/www.supeinnihonto.com\/wp-content\/uploads\/2024\/01\/logo-sold-scaled.png?fit=1200%2C720&ssl=1&resize=350%2C200 1x, https:\/\/i0.wp.com\/www.supeinnihonto.com\/wp-content\/uploads\/2024\/01\/logo-sold-scaled.png?fit=1200%2C720&ssl=1&resize=525%2C300 1.5x, https:\/\/i0.wp.com\/www.supeinnihonto.com\/wp-content\/uploads\/2024\/01\/logo-sold-scaled.png?fit=1200%2C720&ssl=1&resize=700%2C400 2x, https:\/\/i0.wp.com\/www.supeinnihonto.com\/wp-content\/uploads\/2024\/01\/logo-sold-scaled.png?fit=1200%2C720&ssl=1&resize=1050%2C600 3x"},"classes":[]},{"id":3230,"url":"https:\/\/www.supeinnihonto.com\/product\/fuchi-kashira-shakudo-birds-ii\/","url_meta":{"origin":14609,"position":2},"title":"Fuchi Kashira shakudo birds II","author":"Supein Nihonto","date":"13 de mei de 2024","format":false,"excerpt":"Item: Fuchi Kashira shakudo birds II. Shakudo\u00a0and gold, chiselled in relief with birds in a tree, signed\u00a0Bushu no ju Masanaga saku. Edo Period.\u00a0 Fuchi: 4 x 2,4 cm Kashira: 3,4 x 1,9 cm Suitable for Katana and Wakizashi. What is a fuchi\/Kashira? A fuchi-kashira is a pair of sword fittings\u2026","rel":"","context":"Soortgelijk bericht","block_context":{"text":"Soortgelijk bericht","link":""},"img":{"alt_text":"Sold","src":"https:\/\/i0.wp.com\/www.supeinnihonto.com\/wp-content\/uploads\/2024\/01\/logo-sold-scaled.png?fit=1200%2C720&ssl=1&resize=350%2C200","width":350,"height":200,"srcset":"https:\/\/i0.wp.com\/www.supeinnihonto.com\/wp-content\/uploads\/2024\/01\/logo-sold-scaled.png?fit=1200%2C720&ssl=1&resize=350%2C200 1x, https:\/\/i0.wp.com\/www.supeinnihonto.com\/wp-content\/uploads\/2024\/01\/logo-sold-scaled.png?fit=1200%2C720&ssl=1&resize=525%2C300 1.5x, https:\/\/i0.wp.com\/www.supeinnihonto.com\/wp-content\/uploads\/2024\/01\/logo-sold-scaled.png?fit=1200%2C720&ssl=1&resize=700%2C400 2x, https:\/\/i0.wp.com\/www.supeinnihonto.com\/wp-content\/uploads\/2024\/01\/logo-sold-scaled.png?fit=1200%2C720&ssl=1&resize=1050%2C600 3x"},"classes":[]},{"id":14643,"url":"https:\/\/www.supeinnihonto.com\/it\/prodotto\/fuchi-kashira-shakudo-birds\/","url_meta":{"origin":14609,"position":3},"title":"Fuchi Kashira Shakudo birds","author":"Supein Nihonto","date":"13 de mei de 2024","format":false,"excerpt":"Item: Fuchi Kashira Shakudo birds. Excelent piece of fuchi kashira, very well carved and full of details. Made in shakudo, inlaid with gold, birds and bamboo motives. Edo Period.\u00a0 Fuchi: 3,7 x 2,3 cm Kashira: 3,3 x 1,7 cm Suitable for Wakizashi and Tanto What is a fuchi\/Kashira? A fuchi-kashira\u2026","rel":"","context":"Soortgelijk bericht","block_context":{"text":"Soortgelijk bericht","link":""},"img":{"alt_text":"sold","src":"https:\/\/i0.wp.com\/www.supeinnihonto.com\/wp-content\/uploads\/2024\/02\/logo-sold-scaled.png?fit=1200%2C720&ssl=1&resize=350%2C200","width":350,"height":200,"srcset":"https:\/\/i0.wp.com\/www.supeinnihonto.com\/wp-content\/uploads\/2024\/02\/logo-sold-scaled.png?fit=1200%2C720&ssl=1&resize=350%2C200 1x, https:\/\/i0.wp.com\/www.supeinnihonto.com\/wp-content\/uploads\/2024\/02\/logo-sold-scaled.png?fit=1200%2C720&ssl=1&resize=525%2C300 1.5x, https:\/\/i0.wp.com\/www.supeinnihonto.com\/wp-content\/uploads\/2024\/02\/logo-sold-scaled.png?fit=1200%2C720&ssl=1&resize=700%2C400 2x, https:\/\/i0.wp.com\/www.supeinnihonto.com\/wp-content\/uploads\/2024\/02\/logo-sold-scaled.png?fit=1200%2C720&ssl=1&resize=1050%2C600 3x"},"classes":[]},{"id":14637,"url":"https:\/\/www.supeinnihonto.com\/nl\/product\/fuchi-kashira-shakudo-birds\/","url_meta":{"origin":14609,"position":4},"title":"Fuchi Kashira Shakudo birds","author":"Supein Nihonto","date":"13 de mei de 2024","format":false,"excerpt":"Item: Fuchi Kashira Shakudo birds. Excelent piece of fuchi kashira, very well carved and full of details. Made in shakudo, inlaid with gold, birds and bamboo motives. Edo Period.\u00a0 Fuchi: 3,7 x 2,3 cm Kashira: 3,3 x 1,7 cm Suitable for Wakizashi and Tanto What is a fuchi\/Kashira? A fuchi-kashira\u2026","rel":"","context":"Soortgelijk bericht","block_context":{"text":"Soortgelijk bericht","link":""},"img":{"alt_text":"sold","src":"https:\/\/i0.wp.com\/www.supeinnihonto.com\/wp-content\/uploads\/2024\/02\/logo-sold-scaled.png?fit=1200%2C720&ssl=1&resize=350%2C200","width":350,"height":200,"srcset":"https:\/\/i0.wp.com\/www.supeinnihonto.com\/wp-content\/uploads\/2024\/02\/logo-sold-scaled.png?fit=1200%2C720&ssl=1&resize=350%2C200 1x, https:\/\/i0.wp.com\/www.supeinnihonto.com\/wp-content\/uploads\/2024\/02\/logo-sold-scaled.png?fit=1200%2C720&ssl=1&resize=525%2C300 1.5x, https:\/\/i0.wp.com\/www.supeinnihonto.com\/wp-content\/uploads\/2024\/02\/logo-sold-scaled.png?fit=1200%2C720&ssl=1&resize=700%2C400 2x, https:\/\/i0.wp.com\/www.supeinnihonto.com\/wp-content\/uploads\/2024\/02\/logo-sold-scaled.png?fit=1200%2C720&ssl=1&resize=1050%2C600 3x"},"classes":[]},{"id":14641,"url":"https:\/\/www.supeinnihonto.com\/de\/produkt\/fuchi-kashira-shakudo-birds\/","url_meta":{"origin":14609,"position":5},"title":"Fuchi Kashira Shakudo birds","author":"Supein Nihonto","date":"13 de mei de 2024","format":false,"excerpt":"Item: Fuchi Kashira Shakudo birds. Excelent piece of fuchi kashira, very well carved and full of details. Made in shakudo, inlaid with gold, birds and bamboo motives. Edo Period.\u00a0 Fuchi: 3,7 x 2,3 cm Kashira: 3,3 x 1,7 cm Suitable for Wakizashi and Tanto What is a fuchi\/Kashira? A fuchi-kashira\u2026","rel":"","context":"Soortgelijk bericht","block_context":{"text":"Soortgelijk bericht","link":""},"img":{"alt_text":"sold","src":"https:\/\/i0.wp.com\/www.supeinnihonto.com\/wp-content\/uploads\/2024\/02\/logo-sold-scaled.png?fit=1200%2C720&ssl=1&resize=350%2C200","width":350,"height":200,"srcset":"https:\/\/i0.wp.com\/www.supeinnihonto.com\/wp-content\/uploads\/2024\/02\/logo-sold-scaled.png?fit=1200%2C720&ssl=1&resize=350%2C200 1x, https:\/\/i0.wp.com\/www.supeinnihonto.com\/wp-content\/uploads\/2024\/02\/logo-sold-scaled.png?fit=1200%2C720&ssl=1&resize=525%2C300 1.5x, https:\/\/i0.wp.com\/www.supeinnihonto.com\/wp-content\/uploads\/2024\/02\/logo-sold-scaled.png?fit=1200%2C720&ssl=1&resize=700%2C400 2x, https:\/\/i0.wp.com\/www.supeinnihonto.com\/wp-content\/uploads\/2024\/02\/logo-sold-scaled.png?fit=1200%2C720&ssl=1&resize=1050%2C600 3x"},"classes":[]}],"jetpack_sharing_enabled":true,"_links":{"self":[{"href":"https:\/\/www.supeinnihonto.com\/nl\/wp-json\/wp\/v2\/product\/14609","targetHints":{"allow":["GET"]}}],"collection":[{"href":"https:\/\/www.supeinnihonto.com\/nl\/wp-json\/wp\/v2\/product"}],"about":[{"href":"https:\/\/www.supeinnihonto.com\/nl\/wp-json\/wp\/v2\/types\/product"}],"wp:featuredmedia":[{"embeddable":true,"href":"https:\/\/www.supeinnihonto.com\/nl\/wp-json\/wp\/v2\/media\/11073"}],"wp:attachment":[{"href":"https:\/\/www.supeinnihonto.com\/nl\/wp-json\/wp\/v2\/media?parent=14609"}],"wp:term":[{"taxonomy":"product_brand","embeddable":true,"href":"https:\/\/www.supeinnihonto.com\/nl\/wp-json\/wp\/v2\/product_brand?post=14609"},{"taxonomy":"product_cat","embeddable":true,"href":"https:\/\/www.supeinnihonto.com\/nl\/wp-json\/wp\/v2\/product_cat?post=14609"},{"taxonomy":"product_tag","embeddable":true,"href":"https:\/\/www.supeinnihonto.com\/nl\/wp-json\/wp\/v2\/product_tag?post=14609"}],"curies":[{"name":"wp","href":"https:\/\/api.w.org\/{rel}","templated":true}]}}