{"id":14533,"date":"2024-05-07T09:45:24","date_gmt":"2024-05-07T09:45:24","guid":{"rendered":"https:\/\/www.supeinnihonto.com\/product\/nademarugata-bronce-openwork-tsuba\/"},"modified":"2025-12-13T23:58:17","modified_gmt":"2025-12-13T23:58:17","slug":"nademarugata-bronce-openwork-tsuba","status":"publish","type":"product","link":"https:\/\/www.supeinnihonto.com\/nl\/product\/nademarugata-bronce-openwork-tsuba\/","title":{"rendered":"Nademarugata bronce openwork tsuba"},"content":{"rendered":"<p><span>ITEM:<\/span><\/p>\n<p><span>It Comes with certificate of SupeinNihonto.<\/span><\/p>\n<p><span>Nademarugata bronce openwork tsuba. Beautiful Tsuba with openwork in bronce with inlayed copper face.\u00a0<\/span><\/p>\n<p>5,7 x 4,5 cm<\/p>\n<p><span>ABOUT US:<\/span><\/p>\n<p><span>At Supein Nihonto we strive to bring you high quality samurai swords and armors at prices far below the competition. We are probably the largest exporter in Europe and we are proud to anunce that we are number one TOP SELLER in Catawiki Samurai and Japanese auctions. This is especially important to save on taxes and waiting times that can exceed four months deliveries with Japanese sellers also headaches with tedious and sometimes problematic processes that further lengthen deliveries, even returning the parcel to its origin and more than 35% extra on the final price due the customs, tariffs and fees that increase the product but not the quality and the future resell. We are also professional sellers and therefore our satisfaction guarantee, knowledge and standards are superior to private sellers and with higher after sales guarantees. Thanks to this and the lowest professional prices in the industry plus our fast and efficient shipping method which rarely exceeds three days delivery in Europe, we are sure you will enjoy this great opportunity to own a piece of art that will appreciate in value for years to come and a great investment. Trust us to enjoy the samurai art.<\/span><\/p>\n","protected":false},"excerpt":{"rendered":"<p>ITEM: It Comes with certificate of SupeinNihonto. Nademarugata bronce openwork tsuba. Beautiful Tsuba with openwork in bronce with inlayed copper face.\u00a0 5,7 x 4,5 cm ABOUT US: At Supein Nihonto we strive to bring you high quality samurai swords and armors at prices far below the competition. We are probably [&hellip;]<\/p>\n","protected":false},"featured_media":10951,"template":"","meta":{"jetpack_post_was_ever_published":false},"product_brand":[],"product_cat":[350,346],"product_tag":[477],"class_list":{"0":"post-14533","1":"product","2":"type-product","3":"status-publish","4":"has-post-thumbnail","6":"product_cat-tosogu","7":"product_cat-tsuba","8":"product_tag-verkocht","9":"product_shipping_class-leger","11":"first","12":"outofstock","13":"sold-individually","14":"shipping-taxable","15":"purchasable","16":"product-type-simple"},"yoast_head":"<!-- This site is optimized with the Yoast SEO plugin v27.3 - https:\/\/yoast.com\/product\/yoast-seo-wordpress\/ -->\n<title>Nademarugata bronce openwork tsuba - Supein Nihonto<\/title>\n<meta name=\"robots\" content=\"index, follow, max-snippet:-1, max-image-preview:large, max-video-preview:-1\" \/>\n<link rel=\"canonical\" href=\"https:\/\/www.supeinnihonto.com\/nl\/product\/nademarugata-bronce-openwork-tsuba\/\" \/>\n<meta property=\"og:locale\" content=\"nl_NL\" \/>\n<meta property=\"og:type\" content=\"article\" \/>\n<meta property=\"og:title\" content=\"Nademarugata bronce openwork tsuba - Supein Nihonto\" \/>\n<meta property=\"og:description\" content=\"ITEM: It Comes with certificate of SupeinNihonto. Nademarugata bronce openwork tsuba. Beautiful Tsuba with openwork in bronce with inlayed copper face.\u00a0 5,7 x 4,5 cm ABOUT US: At Supein Nihonto we strive to bring you high quality samurai swords and armors at prices far below the competition. We are probably [&hellip;]\" \/>\n<meta property=\"og:url\" content=\"https:\/\/www.supeinnihonto.com\/nl\/product\/nademarugata-bronce-openwork-tsuba\/\" \/>\n<meta property=\"og:site_name\" content=\"Supein Nihonto\" \/>\n<meta property=\"article:modified_time\" content=\"2025-12-13T23:58:17+00:00\" \/>\n<meta name=\"twitter:card\" content=\"summary_large_image\" \/>\n<meta name=\"twitter:label1\" content=\"Geschatte leestijd\" \/>\n\t<meta name=\"twitter:data1\" content=\"1 minuut\" \/>\n<script type=\"application\/ld+json\" class=\"yoast-schema-graph\">{\"@context\":\"https:\\\/\\\/schema.org\",\"@graph\":[{\"@type\":\"WebPage\",\"@id\":\"https:\\\/\\\/www.supeinnihonto.com\\\/nl\\\/product\\\/nademarugata-bronce-openwork-tsuba\\\/\",\"url\":\"https:\\\/\\\/www.supeinnihonto.com\\\/nl\\\/product\\\/nademarugata-bronce-openwork-tsuba\\\/\",\"name\":\"Nademarugata bronce openwork tsuba - Supein Nihonto\",\"isPartOf\":{\"@id\":\"https:\\\/\\\/www.supeinnihonto.com\\\/nl\\\/#website\"},\"primaryImageOfPage\":{\"@id\":\"https:\\\/\\\/www.supeinnihonto.com\\\/nl\\\/product\\\/nademarugata-bronce-openwork-tsuba\\\/#primaryimage\"},\"image\":{\"@id\":\"https:\\\/\\\/www.supeinnihonto.com\\\/nl\\\/product\\\/nademarugata-bronce-openwork-tsuba\\\/#primaryimage\"},\"thumbnailUrl\":\"https:\\\/\\\/i0.wp.com\\\/www.supeinnihonto.com\\\/wp-content\\\/uploads\\\/2024\\\/02\\\/logo-sold-scaled.png?fit=3125%2C1875&ssl=1\",\"datePublished\":\"2024-05-07T09:45:24+00:00\",\"dateModified\":\"2025-12-13T23:58:17+00:00\",\"breadcrumb\":{\"@id\":\"https:\\\/\\\/www.supeinnihonto.com\\\/nl\\\/product\\\/nademarugata-bronce-openwork-tsuba\\\/#breadcrumb\"},\"inLanguage\":\"nl-NL\",\"potentialAction\":[{\"@type\":\"ReadAction\",\"target\":[\"https:\\\/\\\/www.supeinnihonto.com\\\/nl\\\/product\\\/nademarugata-bronce-openwork-tsuba\\\/\"]}]},{\"@type\":\"ImageObject\",\"inLanguage\":\"nl-NL\",\"@id\":\"https:\\\/\\\/www.supeinnihonto.com\\\/nl\\\/product\\\/nademarugata-bronce-openwork-tsuba\\\/#primaryimage\",\"url\":\"https:\\\/\\\/i0.wp.com\\\/www.supeinnihonto.com\\\/wp-content\\\/uploads\\\/2024\\\/02\\\/logo-sold-scaled.png?fit=3125%2C1875&ssl=1\",\"contentUrl\":\"https:\\\/\\\/i0.wp.com\\\/www.supeinnihonto.com\\\/wp-content\\\/uploads\\\/2024\\\/02\\\/logo-sold-scaled.png?fit=3125%2C1875&ssl=1\",\"width\":3125,\"height\":1875,\"caption\":\"sold\"},{\"@type\":\"BreadcrumbList\",\"@id\":\"https:\\\/\\\/www.supeinnihonto.com\\\/nl\\\/product\\\/nademarugata-bronce-openwork-tsuba\\\/#breadcrumb\",\"itemListElement\":[{\"@type\":\"ListItem\",\"position\":1,\"name\":\"Portada\",\"item\":\"https:\\\/\\\/www.supeinnihonto.com\\\/nl\\\/\"},{\"@type\":\"ListItem\",\"position\":2,\"name\":\"Shop\",\"item\":\"https:\\\/\\\/www.supeinnihonto.com\\\/nl\\\/shop\\\/\"},{\"@type\":\"ListItem\",\"position\":3,\"name\":\"Nademarugata bronce openwork tsuba\"}]},{\"@type\":\"WebSite\",\"@id\":\"https:\\\/\\\/www.supeinnihonto.com\\\/nl\\\/#website\",\"url\":\"https:\\\/\\\/www.supeinnihonto.com\\\/nl\\\/\",\"name\":\"Supein Nihonto\",\"description\":\"Authentic japanese Nihonto katana \",\"publisher\":{\"@id\":\"https:\\\/\\\/www.supeinnihonto.com\\\/nl\\\/#organization\"},\"potentialAction\":[{\"@type\":\"SearchAction\",\"target\":{\"@type\":\"EntryPoint\",\"urlTemplate\":\"https:\\\/\\\/www.supeinnihonto.com\\\/nl\\\/?s={search_term_string}\"},\"query-input\":{\"@type\":\"PropertyValueSpecification\",\"valueRequired\":true,\"valueName\":\"search_term_string\"}}],\"inLanguage\":\"nl-NL\"},{\"@type\":\"Organization\",\"@id\":\"https:\\\/\\\/www.supeinnihonto.com\\\/nl\\\/#organization\",\"name\":\"SupeinNihonto\",\"url\":\"https:\\\/\\\/www.supeinnihonto.com\\\/nl\\\/\",\"logo\":{\"@type\":\"ImageObject\",\"inLanguage\":\"nl-NL\",\"@id\":\"https:\\\/\\\/www.supeinnihonto.com\\\/nl\\\/#\\\/schema\\\/logo\\\/image\\\/\",\"url\":\"https:\\\/\\\/www.supeinnihonto.com\\\/wp-content\\\/uploads\\\/2021\\\/11\\\/animation_Default_3szk0jcenoloop.gif\",\"contentUrl\":\"https:\\\/\\\/www.supeinnihonto.com\\\/wp-content\\\/uploads\\\/2021\\\/11\\\/animation_Default_3szk0jcenoloop.gif\",\"width\":750,\"height\":641,\"caption\":\"SupeinNihonto\"},\"image\":{\"@id\":\"https:\\\/\\\/www.supeinnihonto.com\\\/nl\\\/#\\\/schema\\\/logo\\\/image\\\/\"}}]}<\/script>\n<!-- \/ Yoast SEO plugin. -->","yoast_head_json":{"title":"Nademarugata bronce openwork tsuba - Supein Nihonto","robots":{"index":"index","follow":"follow","max-snippet":"max-snippet:-1","max-image-preview":"max-image-preview:large","max-video-preview":"max-video-preview:-1"},"canonical":"https:\/\/www.supeinnihonto.com\/nl\/product\/nademarugata-bronce-openwork-tsuba\/","og_locale":"nl_NL","og_type":"article","og_title":"Nademarugata bronce openwork tsuba - Supein Nihonto","og_description":"ITEM: It Comes with certificate of SupeinNihonto. Nademarugata bronce openwork tsuba. Beautiful Tsuba with openwork in bronce with inlayed copper face.\u00a0 5,7 x 4,5 cm ABOUT US: At Supein Nihonto we strive to bring you high quality samurai swords and armors at prices far below the competition. We are probably [&hellip;]","og_url":"https:\/\/www.supeinnihonto.com\/nl\/product\/nademarugata-bronce-openwork-tsuba\/","og_site_name":"Supein Nihonto","article_modified_time":"2025-12-13T23:58:17+00:00","twitter_card":"summary_large_image","twitter_misc":{"Geschatte leestijd":"1 minuut"},"schema":{"@context":"https:\/\/schema.org","@graph":[{"@type":"WebPage","@id":"https:\/\/www.supeinnihonto.com\/nl\/product\/nademarugata-bronce-openwork-tsuba\/","url":"https:\/\/www.supeinnihonto.com\/nl\/product\/nademarugata-bronce-openwork-tsuba\/","name":"Nademarugata bronce openwork tsuba - Supein Nihonto","isPartOf":{"@id":"https:\/\/www.supeinnihonto.com\/nl\/#website"},"primaryImageOfPage":{"@id":"https:\/\/www.supeinnihonto.com\/nl\/product\/nademarugata-bronce-openwork-tsuba\/#primaryimage"},"image":{"@id":"https:\/\/www.supeinnihonto.com\/nl\/product\/nademarugata-bronce-openwork-tsuba\/#primaryimage"},"thumbnailUrl":"https:\/\/i0.wp.com\/www.supeinnihonto.com\/wp-content\/uploads\/2024\/02\/logo-sold-scaled.png?fit=3125%2C1875&ssl=1","datePublished":"2024-05-07T09:45:24+00:00","dateModified":"2025-12-13T23:58:17+00:00","breadcrumb":{"@id":"https:\/\/www.supeinnihonto.com\/nl\/product\/nademarugata-bronce-openwork-tsuba\/#breadcrumb"},"inLanguage":"nl-NL","potentialAction":[{"@type":"ReadAction","target":["https:\/\/www.supeinnihonto.com\/nl\/product\/nademarugata-bronce-openwork-tsuba\/"]}]},{"@type":"ImageObject","inLanguage":"nl-NL","@id":"https:\/\/www.supeinnihonto.com\/nl\/product\/nademarugata-bronce-openwork-tsuba\/#primaryimage","url":"https:\/\/i0.wp.com\/www.supeinnihonto.com\/wp-content\/uploads\/2024\/02\/logo-sold-scaled.png?fit=3125%2C1875&ssl=1","contentUrl":"https:\/\/i0.wp.com\/www.supeinnihonto.com\/wp-content\/uploads\/2024\/02\/logo-sold-scaled.png?fit=3125%2C1875&ssl=1","width":3125,"height":1875,"caption":"sold"},{"@type":"BreadcrumbList","@id":"https:\/\/www.supeinnihonto.com\/nl\/product\/nademarugata-bronce-openwork-tsuba\/#breadcrumb","itemListElement":[{"@type":"ListItem","position":1,"name":"Portada","item":"https:\/\/www.supeinnihonto.com\/nl\/"},{"@type":"ListItem","position":2,"name":"Shop","item":"https:\/\/www.supeinnihonto.com\/nl\/shop\/"},{"@type":"ListItem","position":3,"name":"Nademarugata bronce openwork tsuba"}]},{"@type":"WebSite","@id":"https:\/\/www.supeinnihonto.com\/nl\/#website","url":"https:\/\/www.supeinnihonto.com\/nl\/","name":"Supein Nihonto","description":"Authentic japanese Nihonto katana ","publisher":{"@id":"https:\/\/www.supeinnihonto.com\/nl\/#organization"},"potentialAction":[{"@type":"SearchAction","target":{"@type":"EntryPoint","urlTemplate":"https:\/\/www.supeinnihonto.com\/nl\/?s={search_term_string}"},"query-input":{"@type":"PropertyValueSpecification","valueRequired":true,"valueName":"search_term_string"}}],"inLanguage":"nl-NL"},{"@type":"Organization","@id":"https:\/\/www.supeinnihonto.com\/nl\/#organization","name":"SupeinNihonto","url":"https:\/\/www.supeinnihonto.com\/nl\/","logo":{"@type":"ImageObject","inLanguage":"nl-NL","@id":"https:\/\/www.supeinnihonto.com\/nl\/#\/schema\/logo\/image\/","url":"https:\/\/www.supeinnihonto.com\/wp-content\/uploads\/2021\/11\/animation_Default_3szk0jcenoloop.gif","contentUrl":"https:\/\/www.supeinnihonto.com\/wp-content\/uploads\/2021\/11\/animation_Default_3szk0jcenoloop.gif","width":750,"height":641,"caption":"SupeinNihonto"},"image":{"@id":"https:\/\/www.supeinnihonto.com\/nl\/#\/schema\/logo\/image\/"}}]}},"jetpack-related-posts":[{"id":14537,"url":"https:\/\/www.supeinnihonto.com\/de\/produkt\/nademarugata-bronce-openwork-tsuba\/","url_meta":{"origin":14533,"position":0},"title":"Nademarugata Bronze durchbrochene Tsuba","author":"Supein Nihonto","date":"7 de mei de 2024","format":false,"excerpt":"ARTIKEL: Es wird mit einem Zertifikat von SupeinNihonto geliefert. Nademarugata Bronze-Openwork-Tsuba. Wundersch\u00f6ne Tsuba mit Bronze-Openwork und eingelegtem Kupfergesicht. 5,7 x 4,5 cm \u00dcBER UNS: Bei Supein Nihonto bem\u00fchen wir uns, Ihnen hochwertige Samurai-Schwerter und R\u00fcstungen zu Preisen anzubieten, die weit unter denen der Konkurrenz liegen. Wir sind wahrscheinlich der gr\u00f6\u00dfte\u2026","rel":"","context":"Soortgelijk bericht","block_context":{"text":"Soortgelijk bericht","link":""},"img":{"alt_text":"sold","src":"https:\/\/i0.wp.com\/www.supeinnihonto.com\/wp-content\/uploads\/2024\/02\/logo-sold-scaled.png?fit=1200%2C720&ssl=1&resize=350%2C200","width":350,"height":200,"srcset":"https:\/\/i0.wp.com\/www.supeinnihonto.com\/wp-content\/uploads\/2024\/02\/logo-sold-scaled.png?fit=1200%2C720&ssl=1&resize=350%2C200 1x, https:\/\/i0.wp.com\/www.supeinnihonto.com\/wp-content\/uploads\/2024\/02\/logo-sold-scaled.png?fit=1200%2C720&ssl=1&resize=525%2C300 1.5x, https:\/\/i0.wp.com\/www.supeinnihonto.com\/wp-content\/uploads\/2024\/02\/logo-sold-scaled.png?fit=1200%2C720&ssl=1&resize=700%2C400 2x, https:\/\/i0.wp.com\/www.supeinnihonto.com\/wp-content\/uploads\/2024\/02\/logo-sold-scaled.png?fit=1200%2C720&ssl=1&resize=1050%2C600 3x"},"classes":[]},{"id":14539,"url":"https:\/\/www.supeinnihonto.com\/it\/prodotto\/nademarugata-bronce-openwork-tsuba\/","url_meta":{"origin":14533,"position":1},"title":"Tsuba Nademarugata in bronzo traforato","author":"Supein Nihonto","date":"7 de mei de 2024","format":false,"excerpt":"ARTICOLO: Include il certificato di SupeinNihonto. Tsuba Nademarugata in bronzo traforato. Bellissima tsuba in bronzo traforato con volto in rame intarsiato. 5,7 x 4,5 cm CHI SIAMO: Su Supein Nihonto ci impegniamo a offrirti spade e armature samurai di alta qualit\u00e0 a prezzi molto inferiori rispetto alla concorrenza. Siamo probabilmente\u2026","rel":"","context":"Soortgelijk bericht","block_context":{"text":"Soortgelijk bericht","link":""},"img":{"alt_text":"sold","src":"https:\/\/i0.wp.com\/www.supeinnihonto.com\/wp-content\/uploads\/2024\/02\/logo-sold-scaled.png?fit=1200%2C720&ssl=1&resize=350%2C200","width":350,"height":200,"srcset":"https:\/\/i0.wp.com\/www.supeinnihonto.com\/wp-content\/uploads\/2024\/02\/logo-sold-scaled.png?fit=1200%2C720&ssl=1&resize=350%2C200 1x, https:\/\/i0.wp.com\/www.supeinnihonto.com\/wp-content\/uploads\/2024\/02\/logo-sold-scaled.png?fit=1200%2C720&ssl=1&resize=525%2C300 1.5x, https:\/\/i0.wp.com\/www.supeinnihonto.com\/wp-content\/uploads\/2024\/02\/logo-sold-scaled.png?fit=1200%2C720&ssl=1&resize=700%2C400 2x, https:\/\/i0.wp.com\/www.supeinnihonto.com\/wp-content\/uploads\/2024\/02\/logo-sold-scaled.png?fit=1200%2C720&ssl=1&resize=1050%2C600 3x"},"classes":[]},{"id":2843,"url":"https:\/\/www.supeinnihonto.com\/product\/nademarugata-bronce-openwork-tsuba\/","url_meta":{"origin":14533,"position":2},"title":"Nademarugata bronce openwork tsuba","author":"Supein Nihonto","date":"7 de mei de 2024","format":false,"excerpt":"ITEM: It Comes with certificate of SupeinNihonto. Nademarugata bronce openwork tsuba. Beautiful Tsuba with openwork in bronce with inlayed copper face.\u00a0 5,7 x 4,5 cm ABOUT US: At Supein Nihonto we strive to bring you high quality samurai swords and armors at prices far below the competition. We are probably\u2026","rel":"","context":"Soortgelijk bericht","block_context":{"text":"Soortgelijk bericht","link":""},"img":{"alt_text":"sold","src":"https:\/\/i0.wp.com\/www.supeinnihonto.com\/wp-content\/uploads\/2024\/02\/logo-sold-scaled.png?fit=1200%2C720&ssl=1&resize=350%2C200","width":350,"height":200,"srcset":"https:\/\/i0.wp.com\/www.supeinnihonto.com\/wp-content\/uploads\/2024\/02\/logo-sold-scaled.png?fit=1200%2C720&ssl=1&resize=350%2C200 1x, https:\/\/i0.wp.com\/www.supeinnihonto.com\/wp-content\/uploads\/2024\/02\/logo-sold-scaled.png?fit=1200%2C720&ssl=1&resize=525%2C300 1.5x, https:\/\/i0.wp.com\/www.supeinnihonto.com\/wp-content\/uploads\/2024\/02\/logo-sold-scaled.png?fit=1200%2C720&ssl=1&resize=700%2C400 2x, https:\/\/i0.wp.com\/www.supeinnihonto.com\/wp-content\/uploads\/2024\/02\/logo-sold-scaled.png?fit=1200%2C720&ssl=1&resize=1050%2C600 3x"},"classes":[]},{"id":14545,"url":"https:\/\/www.supeinnihonto.com\/de\/produkt\/nademarugata-copper-dragon-tsuba\/","url_meta":{"origin":14533,"position":3},"title":"Nademarugata Kupfer-Drache Tsuba","author":"Supein Nihonto","date":"7 de mei de 2024","format":false,"excerpt":"ARTIKEL: Es wird mit einem Zertifikat von SupeinNihonto geliefert. Nademarugata Kupfer-Drachen-Tsuba. Wundersch\u00f6ne und seltene Tsuba mit hochwertiger Durchbrucharbeit. Hergestellt aus Kupfer mit Goldeinlagen, die einen Drachen darstellen. Pr\u00e4chtige Schnitzarbeit voller Details in den Schuppen und Krallen. Edo-Zeit. 7,0 x 6,5 cm \u00dcBER UNS: Bei Supein Nihonto bem\u00fchen wir uns, Ihnen\u2026","rel":"","context":"Soortgelijk bericht","block_context":{"text":"Soortgelijk bericht","link":""},"img":{"alt_text":"sold","src":"https:\/\/i0.wp.com\/www.supeinnihonto.com\/wp-content\/uploads\/2024\/02\/logo-sold-scaled.png?fit=1200%2C720&ssl=1&resize=350%2C200","width":350,"height":200,"srcset":"https:\/\/i0.wp.com\/www.supeinnihonto.com\/wp-content\/uploads\/2024\/02\/logo-sold-scaled.png?fit=1200%2C720&ssl=1&resize=350%2C200 1x, https:\/\/i0.wp.com\/www.supeinnihonto.com\/wp-content\/uploads\/2024\/02\/logo-sold-scaled.png?fit=1200%2C720&ssl=1&resize=525%2C300 1.5x, https:\/\/i0.wp.com\/www.supeinnihonto.com\/wp-content\/uploads\/2024\/02\/logo-sold-scaled.png?fit=1200%2C720&ssl=1&resize=700%2C400 2x, https:\/\/i0.wp.com\/www.supeinnihonto.com\/wp-content\/uploads\/2024\/02\/logo-sold-scaled.png?fit=1200%2C720&ssl=1&resize=1050%2C600 3x"},"classes":[]},{"id":14547,"url":"https:\/\/www.supeinnihonto.com\/it\/prodotto\/nademarugata-copper-dragon-tsuba\/","url_meta":{"origin":14533,"position":4},"title":"Tsuba Nademarugata con drago in rame","author":"Supein Nihonto","date":"7 de mei de 2024","format":false,"excerpt":"ARTICOLO: Include il certificato di SupeinNihonto. Tsuba Nademarugata in rame con drago. Tsuba bella e rara con traforo di alta qualit\u00e0. Realizzata in rame con intarsi in oro che rappresentano un drago. Magnifico lavoro di intaglio ricco di dettagli nelle scaglie e negli artigli. Periodo Edo. 7,0 x 6,5 cm\u2026","rel":"","context":"Soortgelijk bericht","block_context":{"text":"Soortgelijk bericht","link":""},"img":{"alt_text":"sold","src":"https:\/\/i0.wp.com\/www.supeinnihonto.com\/wp-content\/uploads\/2024\/02\/logo-sold-scaled.png?fit=1200%2C720&ssl=1&resize=350%2C200","width":350,"height":200,"srcset":"https:\/\/i0.wp.com\/www.supeinnihonto.com\/wp-content\/uploads\/2024\/02\/logo-sold-scaled.png?fit=1200%2C720&ssl=1&resize=350%2C200 1x, https:\/\/i0.wp.com\/www.supeinnihonto.com\/wp-content\/uploads\/2024\/02\/logo-sold-scaled.png?fit=1200%2C720&ssl=1&resize=525%2C300 1.5x, https:\/\/i0.wp.com\/www.supeinnihonto.com\/wp-content\/uploads\/2024\/02\/logo-sold-scaled.png?fit=1200%2C720&ssl=1&resize=700%2C400 2x, https:\/\/i0.wp.com\/www.supeinnihonto.com\/wp-content\/uploads\/2024\/02\/logo-sold-scaled.png?fit=1200%2C720&ssl=1&resize=1050%2C600 3x"},"classes":[]},{"id":14541,"url":"https:\/\/www.supeinnihonto.com\/nl\/product\/nademarugata-copper-dragon-tsuba\/","url_meta":{"origin":14533,"position":5},"title":"Nademarugata copper dragon tsuba","author":"Supein Nihonto","date":"7 de mei de 2024","format":false,"excerpt":"ITEM: It Comes with certificate of SupeinNihonto. Nademarugata copper dragon tsuba. Beautiful and rare tsuba with openwork of high quality. Made in copper with gold inlays representing a dragon. Magnificent work of carving full of details in the scales and nails. Edo period. 7,0 x 6,5 cm ABOUT US: At\u2026","rel":"","context":"Soortgelijk bericht","block_context":{"text":"Soortgelijk bericht","link":""},"img":{"alt_text":"sold","src":"https:\/\/i0.wp.com\/www.supeinnihonto.com\/wp-content\/uploads\/2024\/02\/logo-sold-scaled.png?fit=1200%2C720&ssl=1&resize=350%2C200","width":350,"height":200,"srcset":"https:\/\/i0.wp.com\/www.supeinnihonto.com\/wp-content\/uploads\/2024\/02\/logo-sold-scaled.png?fit=1200%2C720&ssl=1&resize=350%2C200 1x, https:\/\/i0.wp.com\/www.supeinnihonto.com\/wp-content\/uploads\/2024\/02\/logo-sold-scaled.png?fit=1200%2C720&ssl=1&resize=525%2C300 1.5x, https:\/\/i0.wp.com\/www.supeinnihonto.com\/wp-content\/uploads\/2024\/02\/logo-sold-scaled.png?fit=1200%2C720&ssl=1&resize=700%2C400 2x, https:\/\/i0.wp.com\/www.supeinnihonto.com\/wp-content\/uploads\/2024\/02\/logo-sold-scaled.png?fit=1200%2C720&ssl=1&resize=1050%2C600 3x"},"classes":[]}],"jetpack_sharing_enabled":true,"_links":{"self":[{"href":"https:\/\/www.supeinnihonto.com\/nl\/wp-json\/wp\/v2\/product\/14533","targetHints":{"allow":["GET"]}}],"collection":[{"href":"https:\/\/www.supeinnihonto.com\/nl\/wp-json\/wp\/v2\/product"}],"about":[{"href":"https:\/\/www.supeinnihonto.com\/nl\/wp-json\/wp\/v2\/types\/product"}],"wp:featuredmedia":[{"embeddable":true,"href":"https:\/\/www.supeinnihonto.com\/nl\/wp-json\/wp\/v2\/media\/10951"}],"wp:attachment":[{"href":"https:\/\/www.supeinnihonto.com\/nl\/wp-json\/wp\/v2\/media?parent=14533"}],"wp:term":[{"taxonomy":"product_brand","embeddable":true,"href":"https:\/\/www.supeinnihonto.com\/nl\/wp-json\/wp\/v2\/product_brand?post=14533"},{"taxonomy":"product_cat","embeddable":true,"href":"https:\/\/www.supeinnihonto.com\/nl\/wp-json\/wp\/v2\/product_cat?post=14533"},{"taxonomy":"product_tag","embeddable":true,"href":"https:\/\/www.supeinnihonto.com\/nl\/wp-json\/wp\/v2\/product_tag?post=14533"}],"curies":[{"name":"wp","href":"https:\/\/api.w.org\/{rel}","templated":true}]}}