{"id":14477,"date":"2024-05-14T11:22:37","date_gmt":"2024-05-14T11:22:37","guid":{"rendered":"https:\/\/www.supeinnihonto.com\/product\/fuchi-kashira-shakudo-uji-river\/"},"modified":"2025-12-27T12:57:27","modified_gmt":"2025-12-27T12:57:27","slug":"fuchi-kashira-van-shakudo-rivier-de-uji","status":"publish","type":"product","link":"https:\/\/www.supeinnihonto.com\/nl\/product\/fuchi-kashira-van-shakudo-rivier-de-uji\/","title":{"rendered":"Fuchi-kashira van shakud\u014d, rivier de Uji"},"content":{"rendered":"<div><em><strong>Object:<\/strong><\/em><\/div>\n<div><\/div>\n<div><span>Fuchi-kashira van shakud\u014d, rivier de Uji. <i>Shakud\u014d-nanako<\/i> in reli\u00ebf gegraveerd en ingelegd met goud en andere metalen en legeringen. Historische sc\u00e8ne met Genta Kagesue en Sasaki Takatsuna die de Uji-rivier oversteken in een race. Prachtig reli\u00ebf. <\/span><span>Edo-periode. <\/span><\/div>\n<div><\/div>\n<div>Fuchi: 4 x 2,4 cm<\/div>\n<div>Kashira: 3,5 x 1,9 cm<\/div>\n<div><\/div>\n<div>Geschikt voor katana en wakizashi.<\/div>\n<div><\/div>\n<div class=\"accordion-title active\"><em><strong>Wat is een fuchi\/kashira?<\/strong><\/em><br \/>\n<i class=\"fas fa-caret-up\"><\/i><\/div>\n<div class=\"accordion-content active\" id=\"tab3\">\n<p>Een fuchi-kashira is een paar zwaardbeslagen dat wordt gebruikt in de traditionele Japanse zwaardmontage (koshirae). Ze bevinden zich aan beide uiteinden van de handgreep (tsuka) en hebben zowel functionele als decoratieve doeleinden.<\/p>\n<ul>\n<li style=\"list-style-type: none;\">\n<ul>\n<li><strong>Fuchi:<\/strong><span> <\/span>De fuchi is de kraag of huls aan de basis van de handgreep, naast de stootplaat (tsuba). Deze dient als decoratief en beschermend element en bedekt de overgang tussen handgreep en stootplaat. De fuchi is meestal van metaal en kan verschillende motieven bevatten, vaak passend bij andere beslagdelen zoals menuki en tsuba.<\/li>\n<li><strong>Kashira:<\/strong><span> <\/span>De kashira is de pommel of eindkap van de handgreep, gelegen aan het uiteinde tegenover de stootplaat (tsuba). Zij zorgt voor het vastzetten van de handgreepwikkeling (tsukamaki) en fungeert als tegengewicht voor het lemmet. Net als de fuchi is de kashira meestal van metaal en kan zij rijkelijk versierd zijn om het totale esthetische geheel van het zwaard te complementeren.<\/li>\n<\/ul>\n<\/li>\n<\/ul>\n<p>Samen vormen de fuchi en kashira een op elkaar afgestemd paar beslagdelen dat bijdraagt aan zowel de visuele aantrekkingskracht als de functionaliteit van de zwaardgreep. Ze zijn met veel oog voor detail vervaardigd en kunnen sterk vari\u00ebren in ontwerp, materiaal en vakmanschap, wat de individuele stijl van de zwaardmaker of eigenaar weerspiegelt.<\/p>\n<\/div>\n","protected":false},"excerpt":{"rendered":"<p>Object: Fuchi-kashira van shakud\u014d, rivier de Uji. Shakud\u014d-nanako in reli\u00ebf gegraveerd en ingelegd met goud en andere metalen en legeringen. Historische sc\u00e8ne met Genta Kagesue en Sasaki Takatsuna die de Uji-rivier oversteken in een race. Prachtig reli\u00ebf. Edo-periode. Fuchi: 4 x 2,4 cm Kashira: 3,5 x 1,9 cm Geschikt voor [&hellip;]<\/p>\n","protected":false},"featured_media":14478,"template":"","meta":{"jetpack_post_was_ever_published":false},"product_brand":[],"product_cat":[349],"product_tag":[],"class_list":{"0":"post-14477","1":"product","2":"type-product","3":"status-publish","4":"has-post-thumbnail","6":"product_cat-fuchi-kashira","7":"product_shipping_class-light","9":"first","10":"instock","11":"featured","12":"sold-individually","13":"shipping-taxable","14":"purchasable","15":"product-type-simple"},"yoast_head":"<!-- This site is optimized with the Yoast SEO plugin v27.4 - https:\/\/yoast.com\/product\/yoast-seo-wordpress\/ -->\n<title>Fuchi-kashira van shakud\u014d, rivier de Uji - Supein Nihonto<\/title>\n<meta name=\"description\" content=\"Shakud\u014d-nanako in reli\u00ebf gegraveerd en ingelegd met goud en andere metalen en legeringen. Niet-ge\u00efdentificeerde historische sc\u00e8ne met samoerai.\" \/>\n<meta name=\"robots\" content=\"index, follow, max-snippet:-1, max-image-preview:large, max-video-preview:-1\" \/>\n<link rel=\"canonical\" href=\"https:\/\/www.supeinnihonto.com\/nl\/product\/fuchi-kashira-van-shakudo-rivier-de-uji\/\" \/>\n<meta property=\"og:locale\" content=\"nl_NL\" \/>\n<meta property=\"og:type\" content=\"article\" \/>\n<meta property=\"og:title\" content=\"Fuchi-kashira van shakud\u014d, rivier de Uji - Supein Nihonto\" \/>\n<meta property=\"og:description\" content=\"Shakud\u014d-nanako in reli\u00ebf gegraveerd en ingelegd met goud en andere metalen en legeringen. Niet-ge\u00efdentificeerde historische sc\u00e8ne met samoerai.\" \/>\n<meta property=\"og:url\" content=\"https:\/\/www.supeinnihonto.com\/nl\/product\/fuchi-kashira-van-shakudo-rivier-de-uji\/\" \/>\n<meta property=\"og:site_name\" content=\"Supein Nihonto\" \/>\n<meta property=\"article:modified_time\" content=\"2025-12-27T12:57:27+00:00\" \/>\n<meta property=\"og:image\" content=\"https:\/\/www.supeinnihonto.com\/wp-content\/uploads\/2024\/05\/DSC_3839-scaled.jpg\" \/>\n\t<meta property=\"og:image:width\" content=\"2560\" \/>\n\t<meta property=\"og:image:height\" content=\"1707\" \/>\n\t<meta property=\"og:image:type\" content=\"image\/jpeg\" \/>\n<meta name=\"twitter:card\" content=\"summary_large_image\" \/>\n<meta name=\"twitter:label1\" content=\"Geschatte leestijd\" \/>\n\t<meta name=\"twitter:data1\" content=\"2 minuten\" \/>\n<script type=\"application\/ld+json\" class=\"yoast-schema-graph\">{\"@context\":\"https:\\\/\\\/schema.org\",\"@graph\":[{\"@type\":\"WebPage\",\"@id\":\"https:\\\/\\\/www.supeinnihonto.com\\\/nl\\\/product\\\/fuchi-kashira-van-shakudo-rivier-de-uji\\\/\",\"url\":\"https:\\\/\\\/www.supeinnihonto.com\\\/nl\\\/product\\\/fuchi-kashira-van-shakudo-rivier-de-uji\\\/\",\"name\":\"Fuchi-kashira van shakud\u014d, rivier de Uji - Supein Nihonto\",\"isPartOf\":{\"@id\":\"https:\\\/\\\/www.supeinnihonto.com\\\/nl\\\/#website\"},\"primaryImageOfPage\":{\"@id\":\"https:\\\/\\\/www.supeinnihonto.com\\\/nl\\\/product\\\/fuchi-kashira-van-shakudo-rivier-de-uji\\\/#primaryimage\"},\"image\":{\"@id\":\"https:\\\/\\\/www.supeinnihonto.com\\\/nl\\\/product\\\/fuchi-kashira-van-shakudo-rivier-de-uji\\\/#primaryimage\"},\"thumbnailUrl\":\"https:\\\/\\\/i0.wp.com\\\/www.supeinnihonto.com\\\/wp-content\\\/uploads\\\/2024\\\/05\\\/DSC_3839-scaled.jpg?fit=2560%2C1707&ssl=1\",\"datePublished\":\"2024-05-14T11:22:37+00:00\",\"dateModified\":\"2025-12-27T12:57:27+00:00\",\"description\":\"Shakud\u014d-nanako in reli\u00ebf gegraveerd en ingelegd met goud en andere metalen en legeringen. Niet-ge\u00efdentificeerde historische sc\u00e8ne met samoerai.\",\"breadcrumb\":{\"@id\":\"https:\\\/\\\/www.supeinnihonto.com\\\/nl\\\/product\\\/fuchi-kashira-van-shakudo-rivier-de-uji\\\/#breadcrumb\"},\"inLanguage\":\"nl-NL\",\"potentialAction\":[{\"@type\":\"ReadAction\",\"target\":[\"https:\\\/\\\/www.supeinnihonto.com\\\/nl\\\/product\\\/fuchi-kashira-van-shakudo-rivier-de-uji\\\/\"]}]},{\"@type\":\"ImageObject\",\"inLanguage\":\"nl-NL\",\"@id\":\"https:\\\/\\\/www.supeinnihonto.com\\\/nl\\\/product\\\/fuchi-kashira-van-shakudo-rivier-de-uji\\\/#primaryimage\",\"url\":\"https:\\\/\\\/i0.wp.com\\\/www.supeinnihonto.com\\\/wp-content\\\/uploads\\\/2024\\\/05\\\/DSC_3839-scaled.jpg?fit=2560%2C1707&ssl=1\",\"contentUrl\":\"https:\\\/\\\/i0.wp.com\\\/www.supeinnihonto.com\\\/wp-content\\\/uploads\\\/2024\\\/05\\\/DSC_3839-scaled.jpg?fit=2560%2C1707&ssl=1\",\"width\":2560,\"height\":1707,\"caption\":\"Fuchi kashira shakudo uji river\"},{\"@type\":\"BreadcrumbList\",\"@id\":\"https:\\\/\\\/www.supeinnihonto.com\\\/nl\\\/product\\\/fuchi-kashira-van-shakudo-rivier-de-uji\\\/#breadcrumb\",\"itemListElement\":[{\"@type\":\"ListItem\",\"position\":1,\"name\":\"Portada\",\"item\":\"https:\\\/\\\/www.supeinnihonto.com\\\/nl\\\/\"},{\"@type\":\"ListItem\",\"position\":2,\"name\":\"Shop\",\"item\":\"https:\\\/\\\/www.supeinnihonto.com\\\/nl\\\/shop\\\/\"},{\"@type\":\"ListItem\",\"position\":3,\"name\":\"Fuchi-kashira van shakud\u014d, rivier de Uji\"}]},{\"@type\":\"WebSite\",\"@id\":\"https:\\\/\\\/www.supeinnihonto.com\\\/nl\\\/#website\",\"url\":\"https:\\\/\\\/www.supeinnihonto.com\\\/nl\\\/\",\"name\":\"Supein Nihonto\",\"description\":\"Authentic japanese Nihonto katana \",\"publisher\":{\"@id\":\"https:\\\/\\\/www.supeinnihonto.com\\\/nl\\\/#organization\"},\"potentialAction\":[{\"@type\":\"SearchAction\",\"target\":{\"@type\":\"EntryPoint\",\"urlTemplate\":\"https:\\\/\\\/www.supeinnihonto.com\\\/nl\\\/?s={search_term_string}\"},\"query-input\":{\"@type\":\"PropertyValueSpecification\",\"valueRequired\":true,\"valueName\":\"search_term_string\"}}],\"inLanguage\":\"nl-NL\"},{\"@type\":\"Organization\",\"@id\":\"https:\\\/\\\/www.supeinnihonto.com\\\/nl\\\/#organization\",\"name\":\"SupeinNihonto\",\"url\":\"https:\\\/\\\/www.supeinnihonto.com\\\/nl\\\/\",\"logo\":{\"@type\":\"ImageObject\",\"inLanguage\":\"nl-NL\",\"@id\":\"https:\\\/\\\/www.supeinnihonto.com\\\/nl\\\/#\\\/schema\\\/logo\\\/image\\\/\",\"url\":\"https:\\\/\\\/www.supeinnihonto.com\\\/wp-content\\\/uploads\\\/2021\\\/11\\\/animation_Default_3szk0jcenoloop.gif\",\"contentUrl\":\"https:\\\/\\\/www.supeinnihonto.com\\\/wp-content\\\/uploads\\\/2021\\\/11\\\/animation_Default_3szk0jcenoloop.gif\",\"width\":750,\"height\":641,\"caption\":\"SupeinNihonto\"},\"image\":{\"@id\":\"https:\\\/\\\/www.supeinnihonto.com\\\/nl\\\/#\\\/schema\\\/logo\\\/image\\\/\"}}]}<\/script>\n<!-- \/ Yoast SEO plugin. -->","yoast_head_json":{"title":"Fuchi-kashira van shakud\u014d, rivier de Uji - Supein Nihonto","description":"Shakud\u014d-nanako in reli\u00ebf gegraveerd en ingelegd met goud en andere metalen en legeringen. Niet-ge\u00efdentificeerde historische sc\u00e8ne met samoerai.","robots":{"index":"index","follow":"follow","max-snippet":"max-snippet:-1","max-image-preview":"max-image-preview:large","max-video-preview":"max-video-preview:-1"},"canonical":"https:\/\/www.supeinnihonto.com\/nl\/product\/fuchi-kashira-van-shakudo-rivier-de-uji\/","og_locale":"nl_NL","og_type":"article","og_title":"Fuchi-kashira van shakud\u014d, rivier de Uji - Supein Nihonto","og_description":"Shakud\u014d-nanako in reli\u00ebf gegraveerd en ingelegd met goud en andere metalen en legeringen. Niet-ge\u00efdentificeerde historische sc\u00e8ne met samoerai.","og_url":"https:\/\/www.supeinnihonto.com\/nl\/product\/fuchi-kashira-van-shakudo-rivier-de-uji\/","og_site_name":"Supein Nihonto","article_modified_time":"2025-12-27T12:57:27+00:00","og_image":[{"width":2560,"height":1707,"url":"https:\/\/www.supeinnihonto.com\/wp-content\/uploads\/2024\/05\/DSC_3839-scaled.jpg","type":"image\/jpeg"}],"twitter_card":"summary_large_image","twitter_misc":{"Geschatte leestijd":"2 minuten"},"schema":{"@context":"https:\/\/schema.org","@graph":[{"@type":"WebPage","@id":"https:\/\/www.supeinnihonto.com\/nl\/product\/fuchi-kashira-van-shakudo-rivier-de-uji\/","url":"https:\/\/www.supeinnihonto.com\/nl\/product\/fuchi-kashira-van-shakudo-rivier-de-uji\/","name":"Fuchi-kashira van shakud\u014d, rivier de Uji - Supein Nihonto","isPartOf":{"@id":"https:\/\/www.supeinnihonto.com\/nl\/#website"},"primaryImageOfPage":{"@id":"https:\/\/www.supeinnihonto.com\/nl\/product\/fuchi-kashira-van-shakudo-rivier-de-uji\/#primaryimage"},"image":{"@id":"https:\/\/www.supeinnihonto.com\/nl\/product\/fuchi-kashira-van-shakudo-rivier-de-uji\/#primaryimage"},"thumbnailUrl":"https:\/\/i0.wp.com\/www.supeinnihonto.com\/wp-content\/uploads\/2024\/05\/DSC_3839-scaled.jpg?fit=2560%2C1707&ssl=1","datePublished":"2024-05-14T11:22:37+00:00","dateModified":"2025-12-27T12:57:27+00:00","description":"Shakud\u014d-nanako in reli\u00ebf gegraveerd en ingelegd met goud en andere metalen en legeringen. Niet-ge\u00efdentificeerde historische sc\u00e8ne met samoerai.","breadcrumb":{"@id":"https:\/\/www.supeinnihonto.com\/nl\/product\/fuchi-kashira-van-shakudo-rivier-de-uji\/#breadcrumb"},"inLanguage":"nl-NL","potentialAction":[{"@type":"ReadAction","target":["https:\/\/www.supeinnihonto.com\/nl\/product\/fuchi-kashira-van-shakudo-rivier-de-uji\/"]}]},{"@type":"ImageObject","inLanguage":"nl-NL","@id":"https:\/\/www.supeinnihonto.com\/nl\/product\/fuchi-kashira-van-shakudo-rivier-de-uji\/#primaryimage","url":"https:\/\/i0.wp.com\/www.supeinnihonto.com\/wp-content\/uploads\/2024\/05\/DSC_3839-scaled.jpg?fit=2560%2C1707&ssl=1","contentUrl":"https:\/\/i0.wp.com\/www.supeinnihonto.com\/wp-content\/uploads\/2024\/05\/DSC_3839-scaled.jpg?fit=2560%2C1707&ssl=1","width":2560,"height":1707,"caption":"Fuchi kashira shakudo uji river"},{"@type":"BreadcrumbList","@id":"https:\/\/www.supeinnihonto.com\/nl\/product\/fuchi-kashira-van-shakudo-rivier-de-uji\/#breadcrumb","itemListElement":[{"@type":"ListItem","position":1,"name":"Portada","item":"https:\/\/www.supeinnihonto.com\/nl\/"},{"@type":"ListItem","position":2,"name":"Shop","item":"https:\/\/www.supeinnihonto.com\/nl\/shop\/"},{"@type":"ListItem","position":3,"name":"Fuchi-kashira van shakud\u014d, rivier de Uji"}]},{"@type":"WebSite","@id":"https:\/\/www.supeinnihonto.com\/nl\/#website","url":"https:\/\/www.supeinnihonto.com\/nl\/","name":"Supein Nihonto","description":"Authentic japanese Nihonto katana ","publisher":{"@id":"https:\/\/www.supeinnihonto.com\/nl\/#organization"},"potentialAction":[{"@type":"SearchAction","target":{"@type":"EntryPoint","urlTemplate":"https:\/\/www.supeinnihonto.com\/nl\/?s={search_term_string}"},"query-input":{"@type":"PropertyValueSpecification","valueRequired":true,"valueName":"search_term_string"}}],"inLanguage":"nl-NL"},{"@type":"Organization","@id":"https:\/\/www.supeinnihonto.com\/nl\/#organization","name":"SupeinNihonto","url":"https:\/\/www.supeinnihonto.com\/nl\/","logo":{"@type":"ImageObject","inLanguage":"nl-NL","@id":"https:\/\/www.supeinnihonto.com\/nl\/#\/schema\/logo\/image\/","url":"https:\/\/www.supeinnihonto.com\/wp-content\/uploads\/2021\/11\/animation_Default_3szk0jcenoloop.gif","contentUrl":"https:\/\/www.supeinnihonto.com\/wp-content\/uploads\/2021\/11\/animation_Default_3szk0jcenoloop.gif","width":750,"height":641,"caption":"SupeinNihonto"},"image":{"@id":"https:\/\/www.supeinnihonto.com\/nl\/#\/schema\/logo\/image\/"}}]}},"jetpack-related-posts":[{"id":14479,"url":"https:\/\/www.supeinnihonto.com\/fr\/produit\/fuchi-kashira-en-shakudo-riviere-uji\/","url_meta":{"origin":14477,"position":0},"title":"Fuchi-kashira en shakud\u014d, rivi\u00e8re Uji","author":"Supein Nihonto","date":"14 de mei de 2024","format":false,"excerpt":"Objet : Fuchi-kashira en shakud\u014d, rivi\u00e8re Uji. Nanako en shakud\u014d cisel\u00e9 en relief et incrust\u00e9 d\u2019or ainsi que d\u2019autres m\u00e9taux et alliages. Sc\u00e8ne historique repr\u00e9sentant Genta Kagesue et Sasaki Takatsuna traversant la rivi\u00e8re Uji \u00e0 la course. Relief remarquable. P\u00e9riode Edo. Fuchi : 4 x 2,4 cm Kashira : 3,5\u2026","rel":"","context":"Soortgelijk bericht","block_context":{"text":"Soortgelijk bericht","link":""},"img":{"alt_text":"Fuchi kashira shakudo uji river","src":"https:\/\/i0.wp.com\/www.supeinnihonto.com\/wp-content\/uploads\/2024\/05\/DSC_3839-scaled.jpg?fit=1200%2C800&ssl=1&resize=350%2C200","width":350,"height":200,"srcset":"https:\/\/i0.wp.com\/www.supeinnihonto.com\/wp-content\/uploads\/2024\/05\/DSC_3839-scaled.jpg?fit=1200%2C800&ssl=1&resize=350%2C200 1x, https:\/\/i0.wp.com\/www.supeinnihonto.com\/wp-content\/uploads\/2024\/05\/DSC_3839-scaled.jpg?fit=1200%2C800&ssl=1&resize=525%2C300 1.5x, https:\/\/i0.wp.com\/www.supeinnihonto.com\/wp-content\/uploads\/2024\/05\/DSC_3839-scaled.jpg?fit=1200%2C800&ssl=1&resize=700%2C400 2x, https:\/\/i0.wp.com\/www.supeinnihonto.com\/wp-content\/uploads\/2024\/05\/DSC_3839-scaled.jpg?fit=1200%2C800&ssl=1&resize=1050%2C600 3x"},"classes":[]},{"id":14601,"url":"https:\/\/www.supeinnihonto.com\/nl\/product\/fuchi-kashira-van-shakudo-met-timmerliedenmotief\/","url_meta":{"origin":14477,"position":1},"title":"Fuchi Kashira van shakud\u014d met timmerliedenmotief","author":"Supein Nihonto","date":"13 de mei de 2024","format":false,"excerpt":"Object: Fuchi Kashira van shakud\u014d met timmerliedenmotief. Shakud\u014d en goud, met een bereden Chinese krijger op de kashira en timmerlieden die werken aan een grote houten balk op de fuchi. Dik reli\u00ebf. Edo-periode. Fuchi: 3,9 x 2,5 cm Kashira: 3,6 x 2 cm Geschikt voor katana en wakizashi. Wat is\u2026","rel":"","context":"Soortgelijk bericht","block_context":{"text":"Soortgelijk bericht","link":""},"img":{"alt_text":"Fuchi Kashira shakudo carpenters","src":"https:\/\/i0.wp.com\/www.supeinnihonto.com\/wp-content\/uploads\/2024\/05\/Fuchi-Kashira-shakudo-carpenters.webp?fit=1200%2C800&ssl=1&resize=350%2C200","width":350,"height":200,"srcset":"https:\/\/i0.wp.com\/www.supeinnihonto.com\/wp-content\/uploads\/2024\/05\/Fuchi-Kashira-shakudo-carpenters.webp?fit=1200%2C800&ssl=1&resize=350%2C200 1x, https:\/\/i0.wp.com\/www.supeinnihonto.com\/wp-content\/uploads\/2024\/05\/Fuchi-Kashira-shakudo-carpenters.webp?fit=1200%2C800&ssl=1&resize=525%2C300 1.5x, https:\/\/i0.wp.com\/www.supeinnihonto.com\/wp-content\/uploads\/2024\/05\/Fuchi-Kashira-shakudo-carpenters.webp?fit=1200%2C800&ssl=1&resize=700%2C400 2x, https:\/\/i0.wp.com\/www.supeinnihonto.com\/wp-content\/uploads\/2024\/05\/Fuchi-Kashira-shakudo-carpenters.webp?fit=1200%2C800&ssl=1&resize=1050%2C600 3x"},"classes":[]},{"id":14457,"url":"https:\/\/www.supeinnihonto.com\/nl\/product\/shakudo-fuchi-kashira-met-apen\/","url_meta":{"origin":14477,"position":2},"title":"Shakud\u014d-fuchi-kashira met apen","author":"Supein Nihonto","date":"13 de mei de 2024","format":false,"excerpt":"Object: Fuchi-kashira van shakud\u014d met apen. Shakud\u014d-nanako in reli\u00ebf gegraveerd en ingelegd met goud en andere metalen en legeringen, met een niet-ge\u00efdentificeerde historische sc\u00e8ne met jagers en apen, gesigneerd Soheishi Nyudo Soten sei. Zeer gedetailleerd stuk met prachtige reli\u00ebfs. Edo-periode. Fuchi: 4 x 2,4 cm Kashira: 3,5 x 1,7 cm\u2026","rel":"","context":"Soortgelijk bericht","block_context":{"text":"Soortgelijk bericht","link":""},"img":{"alt_text":"Fuchi kashira shakudo monkeys","src":"https:\/\/i0.wp.com\/www.supeinnihonto.com\/wp-content\/uploads\/2024\/05\/DSC_3856-scaled.jpg?fit=1200%2C800&ssl=1&resize=350%2C200","width":350,"height":200,"srcset":"https:\/\/i0.wp.com\/www.supeinnihonto.com\/wp-content\/uploads\/2024\/05\/DSC_3856-scaled.jpg?fit=1200%2C800&ssl=1&resize=350%2C200 1x, https:\/\/i0.wp.com\/www.supeinnihonto.com\/wp-content\/uploads\/2024\/05\/DSC_3856-scaled.jpg?fit=1200%2C800&ssl=1&resize=525%2C300 1.5x, https:\/\/i0.wp.com\/www.supeinnihonto.com\/wp-content\/uploads\/2024\/05\/DSC_3856-scaled.jpg?fit=1200%2C800&ssl=1&resize=700%2C400 2x, https:\/\/i0.wp.com\/www.supeinnihonto.com\/wp-content\/uploads\/2024\/05\/DSC_3856-scaled.jpg?fit=1200%2C800&ssl=1&resize=1050%2C600 3x"},"classes":[]},{"id":14469,"url":"https:\/\/www.supeinnihonto.com\/nl\/product\/fuchi-kashira-van-shakudo-historische-scene\/","url_meta":{"origin":14477,"position":3},"title":"Fuchi-kashira van shakud\u014d, historische sc\u00e8ne","author":"ericmontero","date":"14 de mei de 2024","format":false,"excerpt":"Item: Fuchi kashira shakudo sc\u00e8ne. Shakudo nanako gegraveerd in reli\u00ebf en ingelegd met goud en andere metalen en legeringen. Een niet-ge\u00efdentificeerde historische sc\u00e8ne met samoerai, dennen en paard. Gesigneerd Soheishi Nyudo Soten sei. Edo-periode. Fuchi: 4 x 2,4 cm Kashira: 3,4 x 1,8 cm Geschikt voor Katana en Wakizashi. Wat\u2026","rel":"","context":"Soortgelijk bericht","block_context":{"text":"Soortgelijk bericht","link":""},"img":{"alt_text":"Fuchi kashira shakudo scene","src":"https:\/\/i0.wp.com\/www.supeinnihonto.com\/wp-content\/uploads\/2024\/05\/DSC_3844-scaled.jpg?fit=1200%2C800&ssl=1&resize=350%2C200","width":350,"height":200,"srcset":"https:\/\/i0.wp.com\/www.supeinnihonto.com\/wp-content\/uploads\/2024\/05\/DSC_3844-scaled.jpg?fit=1200%2C800&ssl=1&resize=350%2C200 1x, https:\/\/i0.wp.com\/www.supeinnihonto.com\/wp-content\/uploads\/2024\/05\/DSC_3844-scaled.jpg?fit=1200%2C800&ssl=1&resize=525%2C300 1.5x, https:\/\/i0.wp.com\/www.supeinnihonto.com\/wp-content\/uploads\/2024\/05\/DSC_3844-scaled.jpg?fit=1200%2C800&ssl=1&resize=700%2C400 2x, https:\/\/i0.wp.com\/www.supeinnihonto.com\/wp-content\/uploads\/2024\/05\/DSC_3844-scaled.jpg?fit=1200%2C800&ssl=1&resize=1050%2C600 3x"},"classes":[]},{"id":14621,"url":"https:\/\/www.supeinnihonto.com\/nl\/product\/fuchi-kashira-van-shakudo-met-zwaluwmotief\/","url_meta":{"origin":14477,"position":4},"title":"Fuchi kashira van shakud\u014d met zwaluwmotief","author":"Supein Nihonto","date":"13 de mei de 2024","format":false,"excerpt":"Object: Fuchi kashira van shakud\u014d met zwaluwmotief. Gemaakt van shibuichi, koper, shakud\u014d en goud, met een voorstelling van feestvierders op een boot onder een wilg en een zwaluw, gesigneerd Tsunenao met een kao. Edo-periode. Fuchi: 3,5 x 2,1 cm Kashira: 3,0 x 1,7 cm Geschikt voor wakizashi en tant\u014d. Wat\u2026","rel":"","context":"Soortgelijk bericht","block_context":{"text":"Soortgelijk bericht","link":""},"img":{"alt_text":"Fuchi kashira shakudo swallow","src":"https:\/\/i0.wp.com\/www.supeinnihonto.com\/wp-content\/uploads\/2024\/05\/DSC_3878-scaled.jpg?fit=1200%2C800&ssl=1&resize=350%2C200","width":350,"height":200,"srcset":"https:\/\/i0.wp.com\/www.supeinnihonto.com\/wp-content\/uploads\/2024\/05\/DSC_3878-scaled.jpg?fit=1200%2C800&ssl=1&resize=350%2C200 1x, https:\/\/i0.wp.com\/www.supeinnihonto.com\/wp-content\/uploads\/2024\/05\/DSC_3878-scaled.jpg?fit=1200%2C800&ssl=1&resize=525%2C300 1.5x, https:\/\/i0.wp.com\/www.supeinnihonto.com\/wp-content\/uploads\/2024\/05\/DSC_3878-scaled.jpg?fit=1200%2C800&ssl=1&resize=700%2C400 2x, https:\/\/i0.wp.com\/www.supeinnihonto.com\/wp-content\/uploads\/2024\/05\/DSC_3878-scaled.jpg?fit=1200%2C800&ssl=1&resize=1050%2C600 3x"},"classes":[]},{"id":14629,"url":"https:\/\/www.supeinnihonto.com\/nl\/product\/fuchi-kashira-van-shakudo-met-ossenmotief\/","url_meta":{"origin":14477,"position":5},"title":"Fuchi kashira van shakud\u014d met ossenmotief","author":"Supein Nihonto","date":"13 de mei de 2024","format":false,"excerpt":"Object: Fuchi kashira van shakud\u014d met ossenmotief. Fuchi Kashira van shakud\u014d met een voorstelling van de veedrijver Kengy\u016b (Chinees: Qianniu) die een os door de wolken leidt, gesigneerd Asami Hoky\u016b (Haynes 1613, waarbij de familienaam daar foutief als Asagai werd gelezen) met kao. Zeer gedetailleerd stuk met uitstekende snijwerk van\u2026","rel":"","context":"Soortgelijk bericht","block_context":{"text":"Soortgelijk bericht","link":""},"img":{"alt_text":"Fuchi kashira shakudo ox","src":"https:\/\/i0.wp.com\/www.supeinnihonto.com\/wp-content\/uploads\/2024\/05\/DSC_3882-scaled.jpg?fit=1200%2C800&ssl=1&resize=350%2C200","width":350,"height":200,"srcset":"https:\/\/i0.wp.com\/www.supeinnihonto.com\/wp-content\/uploads\/2024\/05\/DSC_3882-scaled.jpg?fit=1200%2C800&ssl=1&resize=350%2C200 1x, https:\/\/i0.wp.com\/www.supeinnihonto.com\/wp-content\/uploads\/2024\/05\/DSC_3882-scaled.jpg?fit=1200%2C800&ssl=1&resize=525%2C300 1.5x, https:\/\/i0.wp.com\/www.supeinnihonto.com\/wp-content\/uploads\/2024\/05\/DSC_3882-scaled.jpg?fit=1200%2C800&ssl=1&resize=700%2C400 2x, https:\/\/i0.wp.com\/www.supeinnihonto.com\/wp-content\/uploads\/2024\/05\/DSC_3882-scaled.jpg?fit=1200%2C800&ssl=1&resize=1050%2C600 3x"},"classes":[]}],"jetpack_sharing_enabled":true,"_links":{"self":[{"href":"https:\/\/www.supeinnihonto.com\/nl\/wp-json\/wp\/v2\/product\/14477","targetHints":{"allow":["GET"]}}],"collection":[{"href":"https:\/\/www.supeinnihonto.com\/nl\/wp-json\/wp\/v2\/product"}],"about":[{"href":"https:\/\/www.supeinnihonto.com\/nl\/wp-json\/wp\/v2\/types\/product"}],"wp:featuredmedia":[{"embeddable":true,"href":"https:\/\/www.supeinnihonto.com\/nl\/wp-json\/wp\/v2\/media\/14478"}],"wp:attachment":[{"href":"https:\/\/www.supeinnihonto.com\/nl\/wp-json\/wp\/v2\/media?parent=14477"}],"wp:term":[{"taxonomy":"product_brand","embeddable":true,"href":"https:\/\/www.supeinnihonto.com\/nl\/wp-json\/wp\/v2\/product_brand?post=14477"},{"taxonomy":"product_cat","embeddable":true,"href":"https:\/\/www.supeinnihonto.com\/nl\/wp-json\/wp\/v2\/product_cat?post=14477"},{"taxonomy":"product_tag","embeddable":true,"href":"https:\/\/www.supeinnihonto.com\/nl\/wp-json\/wp\/v2\/product_tag?post=14477"}],"curies":[{"name":"wp","href":"https:\/\/api.w.org\/{rel}","templated":true}]}}