{"id":14409,"date":"2024-05-27T09:12:15","date_gmt":"2024-05-27T09:12:15","guid":{"rendered":"https:\/\/www.supeinnihonto.com\/product\/netsuke-sennin-wood\/"},"modified":"2025-12-26T18:56:15","modified_gmt":"2025-12-26T18:56:15","slug":"netsuke-sennin-van-hout","status":"publish","type":"product","link":"https:\/\/www.supeinnihonto.com\/nl\/product\/netsuke-sennin-van-hout\/","title":{"rendered":"Netsuke sennin van hout"},"content":{"rendered":"<p data-start=\"3111\" data-end=\"3249\">Netsuke die een sennin voorstelt in een geamuseerde houding, terwijl hij zich aan het hoofd krabt alsof hij iets is vergeten. Edo-periode.<\/p>\n<p data-start=\"3251\" data-end=\"3855\">De term <em data-start=\"3259\" data-end=\"3267\">sennin<\/em> komt uit de Japanse folklore en literatuur en verwijst naar een onsterfelijke of een uitzonderlijk wijze kluizenaar of wijze, met bovennatuurlijke vermogens en diepgaande kennis van mystieke kunsten. Zij worden vaak afgebeeld als teruggetrokken figuren die spirituele verlichting of meesterschap over een bepaalde vaardigheid hebben bereikt door toegewijde beoefening en langdurige training. Sennin staan bekend om hun magische krachten, hun vermogen om met de natuur te communiceren en hun rol als spirituele gidsen of mentoren van de hoofdpersoon in talrijke volksverhalen en legendes.<\/p>\n<p data-start=\"3857\" data-end=\"3873\">4,5 x 4,5 x 3 cm<\/p>\n<p data-start=\"3875\" data-end=\"3893\">Gratis verzending.<\/p>\n","protected":false},"excerpt":{"rendered":"<p>Netsuke die een sennin voorstelt in een geamuseerde houding, terwijl hij zich aan het hoofd krabt alsof hij iets is vergeten. Edo-periode. De term sennin komt uit de Japanse folklore en literatuur en verwijst naar een onsterfelijke of een uitzonderlijk wijze kluizenaar of wijze, met bovennatuurlijke vermogens en diepgaande kennis [&hellip;]<\/p>\n","protected":false},"featured_media":14410,"template":"","meta":{"jetpack_post_was_ever_published":true},"product_brand":[],"product_cat":[357],"product_tag":[678,648,649],"class_list":{"0":"post-14409","1":"product","2":"type-product","3":"status-publish","4":"has-post-thumbnail","6":"product_cat-netsuke","7":"product_tag-wood","8":"product_tag-netsuke","9":"product_tag-okimono","10":"product_shipping_class-light","12":"first","13":"instock","14":"featured","15":"sold-individually","16":"shipping-taxable","17":"purchasable","18":"product-type-simple"},"yoast_head":"<!-- This site is optimized with the Yoast SEO plugin v27.4 - https:\/\/yoast.com\/product\/yoast-seo-wordpress\/ -->\n<title>Netsuke sennin van hout - Supein Nihonto<\/title>\n<meta name=\"description\" content=\"Netsuke die een sennin voorstelt in een geamuseerde houding, terwijl hij zich aan het hoofd krabt alsof hij iets is vergeten. Edo-periode.\" \/>\n<meta name=\"robots\" content=\"index, follow, max-snippet:-1, max-image-preview:large, max-video-preview:-1\" \/>\n<link rel=\"canonical\" href=\"https:\/\/www.supeinnihonto.com\/nl\/product\/netsuke-sennin-van-hout\/\" \/>\n<meta property=\"og:locale\" content=\"nl_NL\" \/>\n<meta property=\"og:type\" content=\"article\" \/>\n<meta property=\"og:title\" content=\"Netsuke sennin van hout - Supein Nihonto\" \/>\n<meta property=\"og:description\" content=\"Netsuke die een sennin voorstelt in een geamuseerde houding, terwijl hij zich aan het hoofd krabt alsof hij iets is vergeten. Edo-periode.\" \/>\n<meta property=\"og:url\" content=\"https:\/\/www.supeinnihonto.com\/nl\/product\/netsuke-sennin-van-hout\/\" \/>\n<meta property=\"og:site_name\" content=\"Supein Nihonto\" \/>\n<meta property=\"article:modified_time\" content=\"2025-12-26T18:56:15+00:00\" \/>\n<meta property=\"og:image\" content=\"https:\/\/www.supeinnihonto.com\/wp-content\/uploads\/2024\/05\/DSC_3915-scaled.jpg\" \/>\n\t<meta property=\"og:image:width\" content=\"2560\" \/>\n\t<meta property=\"og:image:height\" content=\"1707\" \/>\n\t<meta property=\"og:image:type\" content=\"image\/jpeg\" \/>\n<meta name=\"twitter:card\" content=\"summary_large_image\" \/>\n<meta name=\"twitter:label1\" content=\"Geschatte leestijd\" \/>\n\t<meta name=\"twitter:data1\" content=\"1 minuut\" \/>\n<script type=\"application\/ld+json\" class=\"yoast-schema-graph\">{\"@context\":\"https:\\\/\\\/schema.org\",\"@graph\":[{\"@type\":\"WebPage\",\"@id\":\"https:\\\/\\\/www.supeinnihonto.com\\\/nl\\\/product\\\/netsuke-sennin-van-hout\\\/\",\"url\":\"https:\\\/\\\/www.supeinnihonto.com\\\/nl\\\/product\\\/netsuke-sennin-van-hout\\\/\",\"name\":\"Netsuke sennin van hout - Supein Nihonto\",\"isPartOf\":{\"@id\":\"https:\\\/\\\/www.supeinnihonto.com\\\/nl\\\/#website\"},\"primaryImageOfPage\":{\"@id\":\"https:\\\/\\\/www.supeinnihonto.com\\\/nl\\\/product\\\/netsuke-sennin-van-hout\\\/#primaryimage\"},\"image\":{\"@id\":\"https:\\\/\\\/www.supeinnihonto.com\\\/nl\\\/product\\\/netsuke-sennin-van-hout\\\/#primaryimage\"},\"thumbnailUrl\":\"https:\\\/\\\/i0.wp.com\\\/www.supeinnihonto.com\\\/wp-content\\\/uploads\\\/2024\\\/05\\\/DSC_3915-scaled.jpg?fit=2560%2C1707&ssl=1\",\"datePublished\":\"2024-05-27T09:12:15+00:00\",\"dateModified\":\"2025-12-26T18:56:15+00:00\",\"description\":\"Netsuke die een sennin voorstelt in een geamuseerde houding, terwijl hij zich aan het hoofd krabt alsof hij iets is vergeten. Edo-periode.\",\"breadcrumb\":{\"@id\":\"https:\\\/\\\/www.supeinnihonto.com\\\/nl\\\/product\\\/netsuke-sennin-van-hout\\\/#breadcrumb\"},\"inLanguage\":\"nl-NL\",\"potentialAction\":[{\"@type\":\"ReadAction\",\"target\":[\"https:\\\/\\\/www.supeinnihonto.com\\\/nl\\\/product\\\/netsuke-sennin-van-hout\\\/\"]}]},{\"@type\":\"ImageObject\",\"inLanguage\":\"nl-NL\",\"@id\":\"https:\\\/\\\/www.supeinnihonto.com\\\/nl\\\/product\\\/netsuke-sennin-van-hout\\\/#primaryimage\",\"url\":\"https:\\\/\\\/i0.wp.com\\\/www.supeinnihonto.com\\\/wp-content\\\/uploads\\\/2024\\\/05\\\/DSC_3915-scaled.jpg?fit=2560%2C1707&ssl=1\",\"contentUrl\":\"https:\\\/\\\/i0.wp.com\\\/www.supeinnihonto.com\\\/wp-content\\\/uploads\\\/2024\\\/05\\\/DSC_3915-scaled.jpg?fit=2560%2C1707&ssl=1\",\"width\":2560,\"height\":1707,\"caption\":\"Netsuke sennin wood\"},{\"@type\":\"BreadcrumbList\",\"@id\":\"https:\\\/\\\/www.supeinnihonto.com\\\/nl\\\/product\\\/netsuke-sennin-van-hout\\\/#breadcrumb\",\"itemListElement\":[{\"@type\":\"ListItem\",\"position\":1,\"name\":\"Portada\",\"item\":\"https:\\\/\\\/www.supeinnihonto.com\\\/nl\\\/\"},{\"@type\":\"ListItem\",\"position\":2,\"name\":\"Shop\",\"item\":\"https:\\\/\\\/www.supeinnihonto.com\\\/nl\\\/shop\\\/\"},{\"@type\":\"ListItem\",\"position\":3,\"name\":\"Netsuke sennin van hout\"}]},{\"@type\":\"WebSite\",\"@id\":\"https:\\\/\\\/www.supeinnihonto.com\\\/nl\\\/#website\",\"url\":\"https:\\\/\\\/www.supeinnihonto.com\\\/nl\\\/\",\"name\":\"Supein Nihonto\",\"description\":\"Authentic japanese Nihonto katana \",\"publisher\":{\"@id\":\"https:\\\/\\\/www.supeinnihonto.com\\\/nl\\\/#organization\"},\"potentialAction\":[{\"@type\":\"SearchAction\",\"target\":{\"@type\":\"EntryPoint\",\"urlTemplate\":\"https:\\\/\\\/www.supeinnihonto.com\\\/nl\\\/?s={search_term_string}\"},\"query-input\":{\"@type\":\"PropertyValueSpecification\",\"valueRequired\":true,\"valueName\":\"search_term_string\"}}],\"inLanguage\":\"nl-NL\"},{\"@type\":\"Organization\",\"@id\":\"https:\\\/\\\/www.supeinnihonto.com\\\/nl\\\/#organization\",\"name\":\"SupeinNihonto\",\"url\":\"https:\\\/\\\/www.supeinnihonto.com\\\/nl\\\/\",\"logo\":{\"@type\":\"ImageObject\",\"inLanguage\":\"nl-NL\",\"@id\":\"https:\\\/\\\/www.supeinnihonto.com\\\/nl\\\/#\\\/schema\\\/logo\\\/image\\\/\",\"url\":\"https:\\\/\\\/www.supeinnihonto.com\\\/wp-content\\\/uploads\\\/2021\\\/11\\\/animation_Default_3szk0jcenoloop.gif\",\"contentUrl\":\"https:\\\/\\\/www.supeinnihonto.com\\\/wp-content\\\/uploads\\\/2021\\\/11\\\/animation_Default_3szk0jcenoloop.gif\",\"width\":750,\"height\":641,\"caption\":\"SupeinNihonto\"},\"image\":{\"@id\":\"https:\\\/\\\/www.supeinnihonto.com\\\/nl\\\/#\\\/schema\\\/logo\\\/image\\\/\"}}]}<\/script>\n<!-- \/ Yoast SEO plugin. -->","yoast_head_json":{"title":"Netsuke sennin van hout - Supein Nihonto","description":"Netsuke die een sennin voorstelt in een geamuseerde houding, terwijl hij zich aan het hoofd krabt alsof hij iets is vergeten. Edo-periode.","robots":{"index":"index","follow":"follow","max-snippet":"max-snippet:-1","max-image-preview":"max-image-preview:large","max-video-preview":"max-video-preview:-1"},"canonical":"https:\/\/www.supeinnihonto.com\/nl\/product\/netsuke-sennin-van-hout\/","og_locale":"nl_NL","og_type":"article","og_title":"Netsuke sennin van hout - Supein Nihonto","og_description":"Netsuke die een sennin voorstelt in een geamuseerde houding, terwijl hij zich aan het hoofd krabt alsof hij iets is vergeten. Edo-periode.","og_url":"https:\/\/www.supeinnihonto.com\/nl\/product\/netsuke-sennin-van-hout\/","og_site_name":"Supein Nihonto","article_modified_time":"2025-12-26T18:56:15+00:00","og_image":[{"width":2560,"height":1707,"url":"https:\/\/www.supeinnihonto.com\/wp-content\/uploads\/2024\/05\/DSC_3915-scaled.jpg","type":"image\/jpeg"}],"twitter_card":"summary_large_image","twitter_misc":{"Geschatte leestijd":"1 minuut"},"schema":{"@context":"https:\/\/schema.org","@graph":[{"@type":"WebPage","@id":"https:\/\/www.supeinnihonto.com\/nl\/product\/netsuke-sennin-van-hout\/","url":"https:\/\/www.supeinnihonto.com\/nl\/product\/netsuke-sennin-van-hout\/","name":"Netsuke sennin van hout - Supein Nihonto","isPartOf":{"@id":"https:\/\/www.supeinnihonto.com\/nl\/#website"},"primaryImageOfPage":{"@id":"https:\/\/www.supeinnihonto.com\/nl\/product\/netsuke-sennin-van-hout\/#primaryimage"},"image":{"@id":"https:\/\/www.supeinnihonto.com\/nl\/product\/netsuke-sennin-van-hout\/#primaryimage"},"thumbnailUrl":"https:\/\/i0.wp.com\/www.supeinnihonto.com\/wp-content\/uploads\/2024\/05\/DSC_3915-scaled.jpg?fit=2560%2C1707&ssl=1","datePublished":"2024-05-27T09:12:15+00:00","dateModified":"2025-12-26T18:56:15+00:00","description":"Netsuke die een sennin voorstelt in een geamuseerde houding, terwijl hij zich aan het hoofd krabt alsof hij iets is vergeten. Edo-periode.","breadcrumb":{"@id":"https:\/\/www.supeinnihonto.com\/nl\/product\/netsuke-sennin-van-hout\/#breadcrumb"},"inLanguage":"nl-NL","potentialAction":[{"@type":"ReadAction","target":["https:\/\/www.supeinnihonto.com\/nl\/product\/netsuke-sennin-van-hout\/"]}]},{"@type":"ImageObject","inLanguage":"nl-NL","@id":"https:\/\/www.supeinnihonto.com\/nl\/product\/netsuke-sennin-van-hout\/#primaryimage","url":"https:\/\/i0.wp.com\/www.supeinnihonto.com\/wp-content\/uploads\/2024\/05\/DSC_3915-scaled.jpg?fit=2560%2C1707&ssl=1","contentUrl":"https:\/\/i0.wp.com\/www.supeinnihonto.com\/wp-content\/uploads\/2024\/05\/DSC_3915-scaled.jpg?fit=2560%2C1707&ssl=1","width":2560,"height":1707,"caption":"Netsuke sennin wood"},{"@type":"BreadcrumbList","@id":"https:\/\/www.supeinnihonto.com\/nl\/product\/netsuke-sennin-van-hout\/#breadcrumb","itemListElement":[{"@type":"ListItem","position":1,"name":"Portada","item":"https:\/\/www.supeinnihonto.com\/nl\/"},{"@type":"ListItem","position":2,"name":"Shop","item":"https:\/\/www.supeinnihonto.com\/nl\/shop\/"},{"@type":"ListItem","position":3,"name":"Netsuke sennin van hout"}]},{"@type":"WebSite","@id":"https:\/\/www.supeinnihonto.com\/nl\/#website","url":"https:\/\/www.supeinnihonto.com\/nl\/","name":"Supein Nihonto","description":"Authentic japanese Nihonto katana ","publisher":{"@id":"https:\/\/www.supeinnihonto.com\/nl\/#organization"},"potentialAction":[{"@type":"SearchAction","target":{"@type":"EntryPoint","urlTemplate":"https:\/\/www.supeinnihonto.com\/nl\/?s={search_term_string}"},"query-input":{"@type":"PropertyValueSpecification","valueRequired":true,"valueName":"search_term_string"}}],"inLanguage":"nl-NL"},{"@type":"Organization","@id":"https:\/\/www.supeinnihonto.com\/nl\/#organization","name":"SupeinNihonto","url":"https:\/\/www.supeinnihonto.com\/nl\/","logo":{"@type":"ImageObject","inLanguage":"nl-NL","@id":"https:\/\/www.supeinnihonto.com\/nl\/#\/schema\/logo\/image\/","url":"https:\/\/www.supeinnihonto.com\/wp-content\/uploads\/2021\/11\/animation_Default_3szk0jcenoloop.gif","contentUrl":"https:\/\/www.supeinnihonto.com\/wp-content\/uploads\/2021\/11\/animation_Default_3szk0jcenoloop.gif","width":750,"height":641,"caption":"SupeinNihonto"},"image":{"@id":"https:\/\/www.supeinnihonto.com\/nl\/#\/schema\/logo\/image\/"}}]}},"jetpack-related-posts":[{"id":14189,"url":"https:\/\/www.supeinnihonto.com\/nl\/product\/netsuke-sennin-met-pad-van-hout\/","url_meta":{"origin":14409,"position":0},"title":"Netsuke sennin met pad van hout","author":"Supein Nihonto","date":"27 de mei de 2024","format":false,"excerpt":"Gratis verzending. Gesneden houten netsuke die een staande Gama Sennin voorstelt, met een pad op zijn rechterschouder terwijl hij met zijn linkerhand op een staf leunt. Edo-periode. 7,7 x 2,6 x 2,4 cm","rel":"","context":"Soortgelijk bericht","block_context":{"text":"Soortgelijk bericht","link":""},"img":{"alt_text":"Netsuke sennin toad wood","src":"https:\/\/i0.wp.com\/www.supeinnihonto.com\/wp-content\/uploads\/2024\/05\/DSC_3971-scaled.jpg?fit=1200%2C800&ssl=1&resize=350%2C200","width":350,"height":200,"srcset":"https:\/\/i0.wp.com\/www.supeinnihonto.com\/wp-content\/uploads\/2024\/05\/DSC_3971-scaled.jpg?fit=1200%2C800&ssl=1&resize=350%2C200 1x, https:\/\/i0.wp.com\/www.supeinnihonto.com\/wp-content\/uploads\/2024\/05\/DSC_3971-scaled.jpg?fit=1200%2C800&ssl=1&resize=525%2C300 1.5x, https:\/\/i0.wp.com\/www.supeinnihonto.com\/wp-content\/uploads\/2024\/05\/DSC_3971-scaled.jpg?fit=1200%2C800&ssl=1&resize=700%2C400 2x, https:\/\/i0.wp.com\/www.supeinnihonto.com\/wp-content\/uploads\/2024\/05\/DSC_3971-scaled.jpg?fit=1200%2C800&ssl=1&resize=1050%2C600 3x"},"classes":[]},{"id":13299,"url":"https:\/\/www.supeinnihonto.com\/nl\/product\/netsuke-sennin-met-draak-van-ivoor\/","url_meta":{"origin":14409,"position":1},"title":"Netsuke sennin met draak van ivoor","author":"Supein Nihonto","date":"28 de mei de 2024","format":false,"excerpt":"Gratis verzending. Antieke hashi-netsuke die een sennin afbeeldt met een draak op zijn schouder, gesneden uit ivoor. Prachtige netsuke, museumwaardig vanwege zijn ouderdom en kwaliteit. Edo-periode, begin tot midden 18e eeuw. Wordt geleverd met taxatiecertificaat en CITES-document. 7,7 x 3,8 x 2,3 cm","rel":"","context":"Soortgelijk bericht","block_context":{"text":"Soortgelijk bericht","link":""},"img":{"alt_text":"Netsuke seinnen drafon ivory","src":"https:\/\/i0.wp.com\/www.supeinnihonto.com\/wp-content\/uploads\/2024\/05\/DSC_4045-scaled.jpg?fit=1200%2C800&ssl=1&resize=350%2C200","width":350,"height":200,"srcset":"https:\/\/i0.wp.com\/www.supeinnihonto.com\/wp-content\/uploads\/2024\/05\/DSC_4045-scaled.jpg?fit=1200%2C800&ssl=1&resize=350%2C200 1x, https:\/\/i0.wp.com\/www.supeinnihonto.com\/wp-content\/uploads\/2024\/05\/DSC_4045-scaled.jpg?fit=1200%2C800&ssl=1&resize=525%2C300 1.5x, https:\/\/i0.wp.com\/www.supeinnihonto.com\/wp-content\/uploads\/2024\/05\/DSC_4045-scaled.jpg?fit=1200%2C800&ssl=1&resize=700%2C400 2x, https:\/\/i0.wp.com\/www.supeinnihonto.com\/wp-content\/uploads\/2024\/05\/DSC_4045-scaled.jpg?fit=1200%2C800&ssl=1&resize=1050%2C600 3x"},"classes":[]},{"id":13303,"url":"https:\/\/www.supeinnihonto.com\/nl\/product\/netsuke-sennin-met-pompoen-van-ivoor\/","url_meta":{"origin":14409,"position":2},"title":"Netsuke sennin met pompoen van ivoor","author":"Supein Nihonto","date":"28 de mei de 2024","format":false,"excerpt":"Gratis verzending. Antieke hashi-netsuke die een sennin afbeeldt met een pompoen op zijn schouder, gesneden uit ivoor. Prachtige netsuke, museumwaardig vanwege zijn ouderdom en kwaliteit. Edo-periode, eind 18e of begin 19e eeuw. Wordt geleverd met taxatiecertificaat en CITES-document. 7,3 x 2,5 x 2,3 cm","rel":"","context":"Soortgelijk bericht","block_context":{"text":"Soortgelijk bericht","link":""},"img":{"alt_text":"Netsuke seinnen pumpkin ivory","src":"https:\/\/i0.wp.com\/www.supeinnihonto.com\/wp-content\/uploads\/2024\/05\/DSC_4049-scaled.jpg?fit=1200%2C800&ssl=1&resize=350%2C200","width":350,"height":200,"srcset":"https:\/\/i0.wp.com\/www.supeinnihonto.com\/wp-content\/uploads\/2024\/05\/DSC_4049-scaled.jpg?fit=1200%2C800&ssl=1&resize=350%2C200 1x, https:\/\/i0.wp.com\/www.supeinnihonto.com\/wp-content\/uploads\/2024\/05\/DSC_4049-scaled.jpg?fit=1200%2C800&ssl=1&resize=525%2C300 1.5x, https:\/\/i0.wp.com\/www.supeinnihonto.com\/wp-content\/uploads\/2024\/05\/DSC_4049-scaled.jpg?fit=1200%2C800&ssl=1&resize=700%2C400 2x, https:\/\/i0.wp.com\/www.supeinnihonto.com\/wp-content\/uploads\/2024\/05\/DSC_4049-scaled.jpg?fit=1200%2C800&ssl=1&resize=1050%2C600 3x"},"classes":[]},{"id":14249,"url":"https:\/\/www.supeinnihonto.com\/nl\/product\/netsuke-fukurukuju-van-hout\/","url_meta":{"origin":14409,"position":3},"title":"Netsuke Fukurukuju van hout","author":"Supein Nihonto","date":"27 de mei de 2024","format":false,"excerpt":"Gratis verzending. Netsuke Fukurukuju van hout. Spectaculaire en zeer oude netsuke die Fukurukuju voorstelt, een van de zeven geluksgoden. Hoogwaardige Shichifukujin-stukken zijn zeer gewild bij verzamelaars vanwege hun symboliek en zeldzaamheid, en er bestaan grote exclusieve collecties die hieraan zijn gewijd.In de Japanse mythologie worden de Zeven Geluksgoden of Zeven\u2026","rel":"","context":"Soortgelijk bericht","block_context":{"text":"Soortgelijk bericht","link":""},"img":{"alt_text":"Netsuke Fukurukuju wood","src":"https:\/\/i0.wp.com\/www.supeinnihonto.com\/wp-content\/uploads\/2024\/05\/DSC_3930-scaled.jpg?fit=1200%2C800&ssl=1&resize=350%2C200","width":350,"height":200,"srcset":"https:\/\/i0.wp.com\/www.supeinnihonto.com\/wp-content\/uploads\/2024\/05\/DSC_3930-scaled.jpg?fit=1200%2C800&ssl=1&resize=350%2C200 1x, https:\/\/i0.wp.com\/www.supeinnihonto.com\/wp-content\/uploads\/2024\/05\/DSC_3930-scaled.jpg?fit=1200%2C800&ssl=1&resize=525%2C300 1.5x, https:\/\/i0.wp.com\/www.supeinnihonto.com\/wp-content\/uploads\/2024\/05\/DSC_3930-scaled.jpg?fit=1200%2C800&ssl=1&resize=700%2C400 2x, https:\/\/i0.wp.com\/www.supeinnihonto.com\/wp-content\/uploads\/2024\/05\/DSC_3930-scaled.jpg?fit=1200%2C800&ssl=1&resize=1050%2C600 3x"},"classes":[]},{"id":14411,"url":"https:\/\/www.supeinnihonto.com\/fr\/produit\/netsuke-sennin-en-bois\/","url_meta":{"origin":14409,"position":4},"title":"Netsuke Sennin en bois","author":"Supein Nihonto","date":"27 de mei de 2024","format":false,"excerpt":"Netsuke repr\u00e9sentant un sennin dans une posture amus\u00e9e, se grattant la t\u00eate comme s\u2019il avait oubli\u00e9 quelque chose. P\u00e9riode Edo. Le terme sennin provient du folklore et de la litt\u00e9rature japonais et d\u00e9signe un immortel ou un ermite ou sage d\u2019une sagesse exceptionnelle, dot\u00e9 de capacit\u00e9s surnaturelles et d\u2019une connaissance\u2026","rel":"","context":"Soortgelijk bericht","block_context":{"text":"Soortgelijk bericht","link":""},"img":{"alt_text":"Netsuke sennin wood","src":"https:\/\/i0.wp.com\/www.supeinnihonto.com\/wp-content\/uploads\/2024\/05\/DSC_3915-scaled.jpg?fit=1200%2C800&ssl=1&resize=350%2C200","width":350,"height":200,"srcset":"https:\/\/i0.wp.com\/www.supeinnihonto.com\/wp-content\/uploads\/2024\/05\/DSC_3915-scaled.jpg?fit=1200%2C800&ssl=1&resize=350%2C200 1x, https:\/\/i0.wp.com\/www.supeinnihonto.com\/wp-content\/uploads\/2024\/05\/DSC_3915-scaled.jpg?fit=1200%2C800&ssl=1&resize=525%2C300 1.5x, https:\/\/i0.wp.com\/www.supeinnihonto.com\/wp-content\/uploads\/2024\/05\/DSC_3915-scaled.jpg?fit=1200%2C800&ssl=1&resize=700%2C400 2x, https:\/\/i0.wp.com\/www.supeinnihonto.com\/wp-content\/uploads\/2024\/05\/DSC_3915-scaled.jpg?fit=1200%2C800&ssl=1&resize=1050%2C600 3x"},"classes":[]},{"id":12476,"url":"https:\/\/www.supeinnihonto.com\/nl\/product\/houten-netsuke-met-een-man-op-een-boomstronk\/","url_meta":{"origin":14409,"position":5},"title":"Houten netsuke met een man op een boomstronk","author":"Eric Majo","date":"7 de november de 2024","format":false,"excerpt":"Gratis verzending. Prachtige en zeer gedetailleerde netsuke met een man op een boomstronk, gesigneerd. Ingelegd met ivoor. De kwaliteit van het snijwerk is uitstekend en toont vele verfijnde details, zoals ivoren bloemen die het ontluiken van de boom voorstellen en de houtnerf, die op meesterlijke wijze is gebruikt om de\u2026","rel":"","context":"Soortgelijk bericht","block_context":{"text":"Soortgelijk bericht","link":""},"img":{"alt_text":"Netsuke man on stump wood","src":"https:\/\/i0.wp.com\/www.supeinnihonto.com\/wp-content\/uploads\/2024\/11\/DSC2052-scaled.jpg?fit=1200%2C800&ssl=1&resize=350%2C200","width":350,"height":200,"srcset":"https:\/\/i0.wp.com\/www.supeinnihonto.com\/wp-content\/uploads\/2024\/11\/DSC2052-scaled.jpg?fit=1200%2C800&ssl=1&resize=350%2C200 1x, https:\/\/i0.wp.com\/www.supeinnihonto.com\/wp-content\/uploads\/2024\/11\/DSC2052-scaled.jpg?fit=1200%2C800&ssl=1&resize=525%2C300 1.5x, https:\/\/i0.wp.com\/www.supeinnihonto.com\/wp-content\/uploads\/2024\/11\/DSC2052-scaled.jpg?fit=1200%2C800&ssl=1&resize=700%2C400 2x, https:\/\/i0.wp.com\/www.supeinnihonto.com\/wp-content\/uploads\/2024\/11\/DSC2052-scaled.jpg?fit=1200%2C800&ssl=1&resize=1050%2C600 3x"},"classes":[]}],"jetpack_sharing_enabled":true,"_links":{"self":[{"href":"https:\/\/www.supeinnihonto.com\/nl\/wp-json\/wp\/v2\/product\/14409","targetHints":{"allow":["GET"]}}],"collection":[{"href":"https:\/\/www.supeinnihonto.com\/nl\/wp-json\/wp\/v2\/product"}],"about":[{"href":"https:\/\/www.supeinnihonto.com\/nl\/wp-json\/wp\/v2\/types\/product"}],"wp:featuredmedia":[{"embeddable":true,"href":"https:\/\/www.supeinnihonto.com\/nl\/wp-json\/wp\/v2\/media\/14410"}],"wp:attachment":[{"href":"https:\/\/www.supeinnihonto.com\/nl\/wp-json\/wp\/v2\/media?parent=14409"}],"wp:term":[{"taxonomy":"product_brand","embeddable":true,"href":"https:\/\/www.supeinnihonto.com\/nl\/wp-json\/wp\/v2\/product_brand?post=14409"},{"taxonomy":"product_cat","embeddable":true,"href":"https:\/\/www.supeinnihonto.com\/nl\/wp-json\/wp\/v2\/product_cat?post=14409"},{"taxonomy":"product_tag","embeddable":true,"href":"https:\/\/www.supeinnihonto.com\/nl\/wp-json\/wp\/v2\/product_tag?post=14409"}],"curies":[{"name":"wp","href":"https:\/\/api.w.org\/{rel}","templated":true}]}}