{"id":14249,"date":"2024-05-27T09:43:46","date_gmt":"2024-05-27T09:43:46","guid":{"rendered":"https:\/\/www.supeinnihonto.com\/product\/netsuke-fukurukuju-wood\/"},"modified":"2025-12-26T18:42:19","modified_gmt":"2025-12-26T18:42:19","slug":"netsuke-fukurukuju-van-hout","status":"publish","type":"product","link":"https:\/\/www.supeinnihonto.com\/nl\/product\/netsuke-fukurukuju-van-hout\/","title":{"rendered":"Netsuke Fukurukuju van hout"},"content":{"rendered":"<p data-start=\"4259\" data-end=\"4277\">Gratis verzending.<\/p>\n<p data-start=\"4279\" data-end=\"4873\">Netsuke Fukurukuju van hout. Spectaculaire en zeer oude netsuke die Fukurukuju voorstelt, een van de zeven geluksgoden. Hoogwaardige Shichifukujin-stukken zijn zeer gewild bij verzamelaars vanwege hun symboliek en zeldzaamheid, en er bestaan grote exclusieve collecties die hieraan zijn gewijd.<br data-start=\"4573\" data-end=\"4576\" \/>In de Japanse mythologie worden de Zeven Geluksgoden of Zeven Goden van Fortuin (\u4e03\u798f\u795e, shichifukujin in het Japans) beschouwd als brengers van geluk en worden zij vaak afgebeeld op netsuke en andere kunstwerken. Van \u00e9\u00e9n van hen (Jur\u014djin) wordt gezegd dat hij is gebaseerd op een historische figuur.<\/p>\n<p data-start=\"4875\" data-end=\"5378\">Oorspronkelijk waren deze godheden afstandelijk en onpersoonlijk, maar geleidelijk werden zij meer toegankelijke, canonieke figuren die verbonden raakten met bepaalde Japanse beroepen en kunsten. In de loop van hun geschiedenis heeft de onderlinge be\u00efnvloeding tussen de goden geleid tot verwarring over welke god de beschermheer was van specifieke beroepen. De verering van deze groep goden is ook te danken aan het belang van het getal zeven in Japan, dat wordt gezien als een geluksgetal. Gesigneerd.<\/p>\n<p data-start=\"5380\" data-end=\"5398\">4,4 x 3,1 x 2,5 cm<\/p>\n","protected":false},"excerpt":{"rendered":"<p>Gratis verzending. Netsuke Fukurukuju van hout. Spectaculaire en zeer oude netsuke die Fukurukuju voorstelt, een van de zeven geluksgoden. Hoogwaardige Shichifukujin-stukken zijn zeer gewild bij verzamelaars vanwege hun symboliek en zeldzaamheid, en er bestaan grote exclusieve collecties die hieraan zijn gewijd.In de Japanse mythologie worden de Zeven Geluksgoden of Zeven [&hellip;]<\/p>\n","protected":false},"featured_media":14250,"template":"","meta":{"jetpack_post_was_ever_published":false},"product_brand":[],"product_cat":[357],"product_tag":[678,648,649],"class_list":{"0":"post-14249","1":"product","2":"type-product","3":"status-publish","4":"has-post-thumbnail","6":"product_cat-netsuke","7":"product_tag-wood","8":"product_tag-netsuke","9":"product_tag-okimono","10":"product_shipping_class-light","12":"first","13":"instock","14":"featured","15":"sold-individually","16":"shipping-taxable","17":"purchasable","18":"product-type-simple"},"yoast_head":"<!-- This site is optimized with the Yoast SEO plugin v27.4 - https:\/\/yoast.com\/product\/yoast-seo-wordpress\/ -->\n<title>Netsuke Fukurukuju van hout - Supein Nihonto<\/title>\n<meta name=\"description\" content=\"Netsuke Fukurukuju van hout. Spectaculaire en zeer oude netsuke die Fukurukuju voorstelt, een van de zeven geluksgoden. Hoogwaardige Shichifukujin-stukken zijn zeer\u2026\" \/>\n<meta name=\"robots\" content=\"index, follow, max-snippet:-1, max-image-preview:large, max-video-preview:-1\" \/>\n<link rel=\"canonical\" href=\"https:\/\/www.supeinnihonto.com\/nl\/product\/netsuke-fukurukuju-van-hout\/\" \/>\n<meta property=\"og:locale\" content=\"nl_NL\" \/>\n<meta property=\"og:type\" content=\"article\" \/>\n<meta property=\"og:title\" content=\"Netsuke Fukurukuju van hout - Supein Nihonto\" \/>\n<meta property=\"og:description\" content=\"Netsuke Fukurukuju van hout. Spectaculaire en zeer oude netsuke die Fukurukuju voorstelt, een van de zeven geluksgoden. Hoogwaardige Shichifukujin-stukken zijn zeer\u2026\" \/>\n<meta property=\"og:url\" content=\"https:\/\/www.supeinnihonto.com\/nl\/product\/netsuke-fukurukuju-van-hout\/\" \/>\n<meta property=\"og:site_name\" content=\"Supein Nihonto\" \/>\n<meta property=\"article:modified_time\" content=\"2025-12-26T18:42:19+00:00\" \/>\n<meta property=\"og:image\" content=\"https:\/\/www.supeinnihonto.com\/wp-content\/uploads\/2024\/05\/DSC_3930-scaled.jpg\" \/>\n\t<meta property=\"og:image:width\" content=\"2560\" \/>\n\t<meta property=\"og:image:height\" content=\"1707\" \/>\n\t<meta property=\"og:image:type\" content=\"image\/jpeg\" \/>\n<meta name=\"twitter:card\" content=\"summary_large_image\" \/>\n<meta name=\"twitter:label1\" content=\"Geschatte leestijd\" \/>\n\t<meta name=\"twitter:data1\" content=\"1 minuut\" \/>\n<script type=\"application\/ld+json\" class=\"yoast-schema-graph\">{\"@context\":\"https:\\\/\\\/schema.org\",\"@graph\":[{\"@type\":\"WebPage\",\"@id\":\"https:\\\/\\\/www.supeinnihonto.com\\\/nl\\\/product\\\/netsuke-fukurukuju-van-hout\\\/\",\"url\":\"https:\\\/\\\/www.supeinnihonto.com\\\/nl\\\/product\\\/netsuke-fukurukuju-van-hout\\\/\",\"name\":\"Netsuke Fukurukuju van hout - Supein Nihonto\",\"isPartOf\":{\"@id\":\"https:\\\/\\\/www.supeinnihonto.com\\\/nl\\\/#website\"},\"primaryImageOfPage\":{\"@id\":\"https:\\\/\\\/www.supeinnihonto.com\\\/nl\\\/product\\\/netsuke-fukurukuju-van-hout\\\/#primaryimage\"},\"image\":{\"@id\":\"https:\\\/\\\/www.supeinnihonto.com\\\/nl\\\/product\\\/netsuke-fukurukuju-van-hout\\\/#primaryimage\"},\"thumbnailUrl\":\"https:\\\/\\\/i0.wp.com\\\/www.supeinnihonto.com\\\/wp-content\\\/uploads\\\/2024\\\/05\\\/DSC_3930-scaled.jpg?fit=2560%2C1707&ssl=1\",\"datePublished\":\"2024-05-27T09:43:46+00:00\",\"dateModified\":\"2025-12-26T18:42:19+00:00\",\"description\":\"Netsuke Fukurukuju van hout. Spectaculaire en zeer oude netsuke die Fukurukuju voorstelt, een van de zeven geluksgoden. Hoogwaardige Shichifukujin-stukken zijn zeer\u2026\",\"breadcrumb\":{\"@id\":\"https:\\\/\\\/www.supeinnihonto.com\\\/nl\\\/product\\\/netsuke-fukurukuju-van-hout\\\/#breadcrumb\"},\"inLanguage\":\"nl-NL\",\"potentialAction\":[{\"@type\":\"ReadAction\",\"target\":[\"https:\\\/\\\/www.supeinnihonto.com\\\/nl\\\/product\\\/netsuke-fukurukuju-van-hout\\\/\"]}]},{\"@type\":\"ImageObject\",\"inLanguage\":\"nl-NL\",\"@id\":\"https:\\\/\\\/www.supeinnihonto.com\\\/nl\\\/product\\\/netsuke-fukurukuju-van-hout\\\/#primaryimage\",\"url\":\"https:\\\/\\\/i0.wp.com\\\/www.supeinnihonto.com\\\/wp-content\\\/uploads\\\/2024\\\/05\\\/DSC_3930-scaled.jpg?fit=2560%2C1707&ssl=1\",\"contentUrl\":\"https:\\\/\\\/i0.wp.com\\\/www.supeinnihonto.com\\\/wp-content\\\/uploads\\\/2024\\\/05\\\/DSC_3930-scaled.jpg?fit=2560%2C1707&ssl=1\",\"width\":2560,\"height\":1707,\"caption\":\"Netsuke Fukurukuju wood\"},{\"@type\":\"BreadcrumbList\",\"@id\":\"https:\\\/\\\/www.supeinnihonto.com\\\/nl\\\/product\\\/netsuke-fukurukuju-van-hout\\\/#breadcrumb\",\"itemListElement\":[{\"@type\":\"ListItem\",\"position\":1,\"name\":\"Portada\",\"item\":\"https:\\\/\\\/www.supeinnihonto.com\\\/nl\\\/\"},{\"@type\":\"ListItem\",\"position\":2,\"name\":\"Shop\",\"item\":\"https:\\\/\\\/www.supeinnihonto.com\\\/nl\\\/shop\\\/\"},{\"@type\":\"ListItem\",\"position\":3,\"name\":\"Netsuke Fukurukuju van hout\"}]},{\"@type\":\"WebSite\",\"@id\":\"https:\\\/\\\/www.supeinnihonto.com\\\/nl\\\/#website\",\"url\":\"https:\\\/\\\/www.supeinnihonto.com\\\/nl\\\/\",\"name\":\"Supein Nihonto\",\"description\":\"Authentic japanese Nihonto katana \",\"publisher\":{\"@id\":\"https:\\\/\\\/www.supeinnihonto.com\\\/nl\\\/#organization\"},\"potentialAction\":[{\"@type\":\"SearchAction\",\"target\":{\"@type\":\"EntryPoint\",\"urlTemplate\":\"https:\\\/\\\/www.supeinnihonto.com\\\/nl\\\/?s={search_term_string}\"},\"query-input\":{\"@type\":\"PropertyValueSpecification\",\"valueRequired\":true,\"valueName\":\"search_term_string\"}}],\"inLanguage\":\"nl-NL\"},{\"@type\":\"Organization\",\"@id\":\"https:\\\/\\\/www.supeinnihonto.com\\\/nl\\\/#organization\",\"name\":\"SupeinNihonto\",\"url\":\"https:\\\/\\\/www.supeinnihonto.com\\\/nl\\\/\",\"logo\":{\"@type\":\"ImageObject\",\"inLanguage\":\"nl-NL\",\"@id\":\"https:\\\/\\\/www.supeinnihonto.com\\\/nl\\\/#\\\/schema\\\/logo\\\/image\\\/\",\"url\":\"https:\\\/\\\/www.supeinnihonto.com\\\/wp-content\\\/uploads\\\/2021\\\/11\\\/animation_Default_3szk0jcenoloop.gif\",\"contentUrl\":\"https:\\\/\\\/www.supeinnihonto.com\\\/wp-content\\\/uploads\\\/2021\\\/11\\\/animation_Default_3szk0jcenoloop.gif\",\"width\":750,\"height\":641,\"caption\":\"SupeinNihonto\"},\"image\":{\"@id\":\"https:\\\/\\\/www.supeinnihonto.com\\\/nl\\\/#\\\/schema\\\/logo\\\/image\\\/\"}}]}<\/script>\n<!-- \/ Yoast SEO plugin. -->","yoast_head_json":{"title":"Netsuke Fukurukuju van hout - Supein Nihonto","description":"Netsuke Fukurukuju van hout. Spectaculaire en zeer oude netsuke die Fukurukuju voorstelt, een van de zeven geluksgoden. Hoogwaardige Shichifukujin-stukken zijn zeer\u2026","robots":{"index":"index","follow":"follow","max-snippet":"max-snippet:-1","max-image-preview":"max-image-preview:large","max-video-preview":"max-video-preview:-1"},"canonical":"https:\/\/www.supeinnihonto.com\/nl\/product\/netsuke-fukurukuju-van-hout\/","og_locale":"nl_NL","og_type":"article","og_title":"Netsuke Fukurukuju van hout - Supein Nihonto","og_description":"Netsuke Fukurukuju van hout. Spectaculaire en zeer oude netsuke die Fukurukuju voorstelt, een van de zeven geluksgoden. Hoogwaardige Shichifukujin-stukken zijn zeer\u2026","og_url":"https:\/\/www.supeinnihonto.com\/nl\/product\/netsuke-fukurukuju-van-hout\/","og_site_name":"Supein Nihonto","article_modified_time":"2025-12-26T18:42:19+00:00","og_image":[{"width":2560,"height":1707,"url":"https:\/\/www.supeinnihonto.com\/wp-content\/uploads\/2024\/05\/DSC_3930-scaled.jpg","type":"image\/jpeg"}],"twitter_card":"summary_large_image","twitter_misc":{"Geschatte leestijd":"1 minuut"},"schema":{"@context":"https:\/\/schema.org","@graph":[{"@type":"WebPage","@id":"https:\/\/www.supeinnihonto.com\/nl\/product\/netsuke-fukurukuju-van-hout\/","url":"https:\/\/www.supeinnihonto.com\/nl\/product\/netsuke-fukurukuju-van-hout\/","name":"Netsuke Fukurukuju van hout - Supein Nihonto","isPartOf":{"@id":"https:\/\/www.supeinnihonto.com\/nl\/#website"},"primaryImageOfPage":{"@id":"https:\/\/www.supeinnihonto.com\/nl\/product\/netsuke-fukurukuju-van-hout\/#primaryimage"},"image":{"@id":"https:\/\/www.supeinnihonto.com\/nl\/product\/netsuke-fukurukuju-van-hout\/#primaryimage"},"thumbnailUrl":"https:\/\/i0.wp.com\/www.supeinnihonto.com\/wp-content\/uploads\/2024\/05\/DSC_3930-scaled.jpg?fit=2560%2C1707&ssl=1","datePublished":"2024-05-27T09:43:46+00:00","dateModified":"2025-12-26T18:42:19+00:00","description":"Netsuke Fukurukuju van hout. Spectaculaire en zeer oude netsuke die Fukurukuju voorstelt, een van de zeven geluksgoden. Hoogwaardige Shichifukujin-stukken zijn zeer\u2026","breadcrumb":{"@id":"https:\/\/www.supeinnihonto.com\/nl\/product\/netsuke-fukurukuju-van-hout\/#breadcrumb"},"inLanguage":"nl-NL","potentialAction":[{"@type":"ReadAction","target":["https:\/\/www.supeinnihonto.com\/nl\/product\/netsuke-fukurukuju-van-hout\/"]}]},{"@type":"ImageObject","inLanguage":"nl-NL","@id":"https:\/\/www.supeinnihonto.com\/nl\/product\/netsuke-fukurukuju-van-hout\/#primaryimage","url":"https:\/\/i0.wp.com\/www.supeinnihonto.com\/wp-content\/uploads\/2024\/05\/DSC_3930-scaled.jpg?fit=2560%2C1707&ssl=1","contentUrl":"https:\/\/i0.wp.com\/www.supeinnihonto.com\/wp-content\/uploads\/2024\/05\/DSC_3930-scaled.jpg?fit=2560%2C1707&ssl=1","width":2560,"height":1707,"caption":"Netsuke Fukurukuju wood"},{"@type":"BreadcrumbList","@id":"https:\/\/www.supeinnihonto.com\/nl\/product\/netsuke-fukurukuju-van-hout\/#breadcrumb","itemListElement":[{"@type":"ListItem","position":1,"name":"Portada","item":"https:\/\/www.supeinnihonto.com\/nl\/"},{"@type":"ListItem","position":2,"name":"Shop","item":"https:\/\/www.supeinnihonto.com\/nl\/shop\/"},{"@type":"ListItem","position":3,"name":"Netsuke Fukurukuju van hout"}]},{"@type":"WebSite","@id":"https:\/\/www.supeinnihonto.com\/nl\/#website","url":"https:\/\/www.supeinnihonto.com\/nl\/","name":"Supein Nihonto","description":"Authentic japanese Nihonto katana ","publisher":{"@id":"https:\/\/www.supeinnihonto.com\/nl\/#organization"},"potentialAction":[{"@type":"SearchAction","target":{"@type":"EntryPoint","urlTemplate":"https:\/\/www.supeinnihonto.com\/nl\/?s={search_term_string}"},"query-input":{"@type":"PropertyValueSpecification","valueRequired":true,"valueName":"search_term_string"}}],"inLanguage":"nl-NL"},{"@type":"Organization","@id":"https:\/\/www.supeinnihonto.com\/nl\/#organization","name":"SupeinNihonto","url":"https:\/\/www.supeinnihonto.com\/nl\/","logo":{"@type":"ImageObject","inLanguage":"nl-NL","@id":"https:\/\/www.supeinnihonto.com\/nl\/#\/schema\/logo\/image\/","url":"https:\/\/www.supeinnihonto.com\/wp-content\/uploads\/2021\/11\/animation_Default_3szk0jcenoloop.gif","contentUrl":"https:\/\/www.supeinnihonto.com\/wp-content\/uploads\/2021\/11\/animation_Default_3szk0jcenoloop.gif","width":750,"height":641,"caption":"SupeinNihonto"},"image":{"@id":"https:\/\/www.supeinnihonto.com\/nl\/#\/schema\/logo\/image\/"}}]}},"jetpack-related-posts":[{"id":14140,"url":"https:\/\/www.supeinnihonto.com\/nl\/product\/netsuke-shichifukujin-van-ivoor\/","url_meta":{"origin":14249,"position":0},"title":"Netsuke Shichifukujin van ivoor","author":"Supein Nihonto","date":"28 de mei de 2024","format":false,"excerpt":"Gratis verzending. Prachtige netsuke die de zeven geluksgoden voorstelt onder een kersenboom met een os. Uitstekend snijwerk waarbij alle details van dit kleine kunstwerk zichtbaar zijn. Stukken zoals deze, waarop alle figuren zijn afgebeeld, zijn zeer gewild en gewaardeerd door verzamelaars, vooral wanneer de kwaliteit van het snijwerk zo hoog\u2026","rel":"","context":"Soortgelijk bericht","block_context":{"text":"Soortgelijk bericht","link":""},"img":{"alt_text":"Netsuke Shichifukujin ivory","src":"https:\/\/i0.wp.com\/www.supeinnihonto.com\/wp-content\/uploads\/2024\/05\/DSC_4006-scaled.jpg?fit=1200%2C800&ssl=1&resize=350%2C200","width":350,"height":200,"srcset":"https:\/\/i0.wp.com\/www.supeinnihonto.com\/wp-content\/uploads\/2024\/05\/DSC_4006-scaled.jpg?fit=1200%2C800&ssl=1&resize=350%2C200 1x, https:\/\/i0.wp.com\/www.supeinnihonto.com\/wp-content\/uploads\/2024\/05\/DSC_4006-scaled.jpg?fit=1200%2C800&ssl=1&resize=525%2C300 1.5x, https:\/\/i0.wp.com\/www.supeinnihonto.com\/wp-content\/uploads\/2024\/05\/DSC_4006-scaled.jpg?fit=1200%2C800&ssl=1&resize=700%2C400 2x, https:\/\/i0.wp.com\/www.supeinnihonto.com\/wp-content\/uploads\/2024\/05\/DSC_4006-scaled.jpg?fit=1200%2C800&ssl=1&resize=1050%2C600 3x"},"classes":[]},{"id":12600,"url":"https:\/\/www.supeinnihonto.com\/nl\/product\/netsuke-daikokuten-van-hout\/","url_meta":{"origin":14249,"position":1},"title":"Netsuke Daikokuten van hout","author":"Eric Majo","date":"5 de november de 2024","format":false,"excerpt":"Gratis verzending. Prachtige houten netsuke van Daikokuten, een van de shichifukujin, de zeven geluksgoden van Japan. Deze snijwerken zijn zeer geliefd omdat men gelooft dat ze de eigenaar geluk brengen. Edo-periode. 4,5 x 4 x 3 cm","rel":"","context":"Soortgelijk bericht","block_context":{"text":"Soortgelijk bericht","link":""},"img":{"alt_text":"Netsuke Daikokuten wood","src":"https:\/\/i0.wp.com\/www.supeinnihonto.com\/wp-content\/uploads\/2024\/11\/Netsuke-Daikokuten-wood.webp?fit=1200%2C800&ssl=1&resize=350%2C200","width":350,"height":200,"srcset":"https:\/\/i0.wp.com\/www.supeinnihonto.com\/wp-content\/uploads\/2024\/11\/Netsuke-Daikokuten-wood.webp?fit=1200%2C800&ssl=1&resize=350%2C200 1x, https:\/\/i0.wp.com\/www.supeinnihonto.com\/wp-content\/uploads\/2024\/11\/Netsuke-Daikokuten-wood.webp?fit=1200%2C800&ssl=1&resize=525%2C300 1.5x, https:\/\/i0.wp.com\/www.supeinnihonto.com\/wp-content\/uploads\/2024\/11\/Netsuke-Daikokuten-wood.webp?fit=1200%2C800&ssl=1&resize=700%2C400 2x, https:\/\/i0.wp.com\/www.supeinnihonto.com\/wp-content\/uploads\/2024\/11\/Netsuke-Daikokuten-wood.webp?fit=1200%2C800&ssl=1&resize=1050%2C600 3x"},"classes":[]},{"id":14409,"url":"https:\/\/www.supeinnihonto.com\/nl\/product\/netsuke-sennin-van-hout\/","url_meta":{"origin":14249,"position":2},"title":"Netsuke sennin van hout","author":"Supein Nihonto","date":"27 de mei de 2024","format":false,"excerpt":"Netsuke die een sennin voorstelt in een geamuseerde houding, terwijl hij zich aan het hoofd krabt alsof hij iets is vergeten. Edo-periode. De term sennin komt uit de Japanse folklore en literatuur en verwijst naar een onsterfelijke of een uitzonderlijk wijze kluizenaar of wijze, met bovennatuurlijke vermogens en diepgaande kennis\u2026","rel":"","context":"Soortgelijk bericht","block_context":{"text":"Soortgelijk bericht","link":""},"img":{"alt_text":"Netsuke sennin wood","src":"https:\/\/i0.wp.com\/www.supeinnihonto.com\/wp-content\/uploads\/2024\/05\/DSC_3915-scaled.jpg?fit=1200%2C800&ssl=1&resize=350%2C200","width":350,"height":200,"srcset":"https:\/\/i0.wp.com\/www.supeinnihonto.com\/wp-content\/uploads\/2024\/05\/DSC_3915-scaled.jpg?fit=1200%2C800&ssl=1&resize=350%2C200 1x, https:\/\/i0.wp.com\/www.supeinnihonto.com\/wp-content\/uploads\/2024\/05\/DSC_3915-scaled.jpg?fit=1200%2C800&ssl=1&resize=525%2C300 1.5x, https:\/\/i0.wp.com\/www.supeinnihonto.com\/wp-content\/uploads\/2024\/05\/DSC_3915-scaled.jpg?fit=1200%2C800&ssl=1&resize=700%2C400 2x, https:\/\/i0.wp.com\/www.supeinnihonto.com\/wp-content\/uploads\/2024\/05\/DSC_3915-scaled.jpg?fit=1200%2C800&ssl=1&resize=1050%2C600 3x"},"classes":[]},{"id":14265,"url":"https:\/\/www.supeinnihonto.com\/nl\/product\/netsuke-daruma-van-gelakt-hout\/","url_meta":{"origin":14249,"position":3},"title":"Netsuke Daruma van gelakt hout","author":"Supein Nihonto","date":"27 de mei de 2024","format":false,"excerpt":"Gratis verzending. Mooie netsuke die Daruma voorstelt terwijl hij ontwaakt na een lange periode van meditatie. Edo-periode. Zeer mooie patina en uitstekend uitgevoerd rood en zwart lakwerk. Daruma-netsuke zijn zeldzaam en zeer geliefd bij verzamelaars vanwege hun betekenis. Daruma stelt Bodhidharma voor, een Chinese boeddhistische monnik uit de 5e eeuw\u2026","rel":"","context":"Soortgelijk bericht","block_context":{"text":"Soortgelijk bericht","link":""},"img":{"alt_text":"Netsuke Daruma lacquer wood","src":"https:\/\/i0.wp.com\/www.supeinnihonto.com\/wp-content\/uploads\/2024\/05\/DSC_3920-scaled.jpg?fit=1200%2C800&ssl=1&resize=350%2C200","width":350,"height":200,"srcset":"https:\/\/i0.wp.com\/www.supeinnihonto.com\/wp-content\/uploads\/2024\/05\/DSC_3920-scaled.jpg?fit=1200%2C800&ssl=1&resize=350%2C200 1x, https:\/\/i0.wp.com\/www.supeinnihonto.com\/wp-content\/uploads\/2024\/05\/DSC_3920-scaled.jpg?fit=1200%2C800&ssl=1&resize=525%2C300 1.5x, https:\/\/i0.wp.com\/www.supeinnihonto.com\/wp-content\/uploads\/2024\/05\/DSC_3920-scaled.jpg?fit=1200%2C800&ssl=1&resize=700%2C400 2x, https:\/\/i0.wp.com\/www.supeinnihonto.com\/wp-content\/uploads\/2024\/05\/DSC_3920-scaled.jpg?fit=1200%2C800&ssl=1&resize=1050%2C600 3x"},"classes":[]},{"id":14425,"url":"https:\/\/www.supeinnihonto.com\/nl\/product\/kashira-shakudo-bishamonten\/","url_meta":{"origin":14249,"position":4},"title":"Kashira shakudo Bishamonten","author":"ericmontero","date":"14 de mei de 2024","format":false,"excerpt":"Object: Kashira van shakud\u014d met Bishamonten. Kashira met uitstekende gravure van Bishamonten, een van de Shichifukujin of Zeven Geluksgoden. Helaas is alleen de kashira bewaard gebleven, maar het is nog steeds een prachtig verzamelobject. Met de bijpassende fuchi-set zou de waarde waarschijnlijk vier keer zo hoog zijn. Kashira: 3,6 x\u2026","rel":"","context":"Soortgelijk bericht","block_context":{"text":"Soortgelijk bericht","link":""},"img":{"alt_text":"Kashira shakudo","src":"https:\/\/i0.wp.com\/www.supeinnihonto.com\/wp-content\/uploads\/2024\/05\/DSC_3803-scaled.jpg?fit=1200%2C800&ssl=1&resize=350%2C200","width":350,"height":200,"srcset":"https:\/\/i0.wp.com\/www.supeinnihonto.com\/wp-content\/uploads\/2024\/05\/DSC_3803-scaled.jpg?fit=1200%2C800&ssl=1&resize=350%2C200 1x, https:\/\/i0.wp.com\/www.supeinnihonto.com\/wp-content\/uploads\/2024\/05\/DSC_3803-scaled.jpg?fit=1200%2C800&ssl=1&resize=525%2C300 1.5x, https:\/\/i0.wp.com\/www.supeinnihonto.com\/wp-content\/uploads\/2024\/05\/DSC_3803-scaled.jpg?fit=1200%2C800&ssl=1&resize=700%2C400 2x, https:\/\/i0.wp.com\/www.supeinnihonto.com\/wp-content\/uploads\/2024\/05\/DSC_3803-scaled.jpg?fit=1200%2C800&ssl=1&resize=1050%2C600 3x"},"classes":[]},{"id":13287,"url":"https:\/\/www.supeinnihonto.com\/nl\/product\/netsuke-ebisu-en-kind-van-ivoor\/","url_meta":{"origin":14249,"position":5},"title":"Netsuke Ebisu en kind van ivoor","author":"Supein Nihonto","date":"28 de mei de 2024","format":false,"excerpt":"Gratis verzending. Mooie netsuke van Ebisu, een van de zeven geluksgoden, met een vis in de hand en een kind. Goede snijkunst en prachtige patina. Aan de onderzijde gesigneerd. Meiji-periode, begin 19e eeuw. Wordt geleverd met taxatiecertificaat en CITES-document. 3 x 3 x 2 cm","rel":"","context":"Soortgelijk bericht","block_context":{"text":"Soortgelijk bericht","link":""},"img":{"alt_text":"Netsuke Hotei and boy ivory","src":"https:\/\/i0.wp.com\/www.supeinnihonto.com\/wp-content\/uploads\/2024\/05\/DSC_4041-scaled.jpg?fit=1200%2C800&ssl=1&resize=350%2C200","width":350,"height":200,"srcset":"https:\/\/i0.wp.com\/www.supeinnihonto.com\/wp-content\/uploads\/2024\/05\/DSC_4041-scaled.jpg?fit=1200%2C800&ssl=1&resize=350%2C200 1x, https:\/\/i0.wp.com\/www.supeinnihonto.com\/wp-content\/uploads\/2024\/05\/DSC_4041-scaled.jpg?fit=1200%2C800&ssl=1&resize=525%2C300 1.5x, https:\/\/i0.wp.com\/www.supeinnihonto.com\/wp-content\/uploads\/2024\/05\/DSC_4041-scaled.jpg?fit=1200%2C800&ssl=1&resize=700%2C400 2x, https:\/\/i0.wp.com\/www.supeinnihonto.com\/wp-content\/uploads\/2024\/05\/DSC_4041-scaled.jpg?fit=1200%2C800&ssl=1&resize=1050%2C600 3x"},"classes":[]}],"jetpack_sharing_enabled":true,"_links":{"self":[{"href":"https:\/\/www.supeinnihonto.com\/nl\/wp-json\/wp\/v2\/product\/14249","targetHints":{"allow":["GET"]}}],"collection":[{"href":"https:\/\/www.supeinnihonto.com\/nl\/wp-json\/wp\/v2\/product"}],"about":[{"href":"https:\/\/www.supeinnihonto.com\/nl\/wp-json\/wp\/v2\/types\/product"}],"wp:featuredmedia":[{"embeddable":true,"href":"https:\/\/www.supeinnihonto.com\/nl\/wp-json\/wp\/v2\/media\/14250"}],"wp:attachment":[{"href":"https:\/\/www.supeinnihonto.com\/nl\/wp-json\/wp\/v2\/media?parent=14249"}],"wp:term":[{"taxonomy":"product_brand","embeddable":true,"href":"https:\/\/www.supeinnihonto.com\/nl\/wp-json\/wp\/v2\/product_brand?post=14249"},{"taxonomy":"product_cat","embeddable":true,"href":"https:\/\/www.supeinnihonto.com\/nl\/wp-json\/wp\/v2\/product_cat?post=14249"},{"taxonomy":"product_tag","embeddable":true,"href":"https:\/\/www.supeinnihonto.com\/nl\/wp-json\/wp\/v2\/product_tag?post=14249"}],"curies":[{"name":"wp","href":"https:\/\/api.w.org\/{rel}","templated":true}]}}