{"id":14197,"date":"2024-05-27T11:43:12","date_gmt":"2024-05-27T11:43:12","guid":{"rendered":"https:\/\/www.supeinnihonto.com\/product\/netsuke-monkey-persimmon-wood\/"},"modified":"2025-12-26T18:13:33","modified_gmt":"2025-12-26T18:13:33","slug":"netsuke-aap-en-kaki-van-hout","status":"publish","type":"product","link":"https:\/\/www.supeinnihonto.com\/nl\/product\/netsuke-aap-en-kaki-van-hout\/","title":{"rendered":"Netsuke aap en kaki van hout"},"content":{"rendered":"<p data-start=\"1267\" data-end=\"1285\">Gratis verzending.<\/p>\n<p data-start=\"1287\" data-end=\"1408\">Charmante netsuke van een aap naast een grote kaki. Mooie patina en fraaie houtkleur. Natuurlijke himotoshi. Edo-periode.<\/p>\n<p data-start=\"1410\" data-end=\"1426\">4 x 3,3 x 3,3 cm<\/p>\n","protected":false},"excerpt":{"rendered":"<p>Gratis verzending. Charmante netsuke van een aap naast een grote kaki. Mooie patina en fraaie houtkleur. Natuurlijke himotoshi. Edo-periode. 4 x 3,3 x 3,3 cm<\/p>\n","protected":false},"featured_media":14198,"template":"","meta":{"jetpack_post_was_ever_published":false},"product_brand":[],"product_cat":[357],"product_tag":[678,648,649],"class_list":{"0":"post-14197","1":"product","2":"type-product","3":"status-publish","4":"has-post-thumbnail","6":"product_cat-netsuke","7":"product_tag-wood","8":"product_tag-netsuke","9":"product_tag-okimono","10":"product_shipping_class-light","12":"first","13":"instock","14":"featured","15":"sold-individually","16":"shipping-taxable","17":"purchasable","18":"product-type-simple"},"yoast_head":"<!-- This site is optimized with the Yoast SEO plugin v27.5 - https:\/\/yoast.com\/product\/yoast-seo-wordpress\/ -->\n<title>Netsuke aap en kaki van hout - Supein Nihonto<\/title>\n<meta name=\"description\" content=\"Charmante netsuke van een aap naast een grote kaki. Mooie patina en fraaie houtkleur. Edo-periode.\" \/>\n<meta name=\"robots\" content=\"index, follow, max-snippet:-1, max-image-preview:large, max-video-preview:-1\" \/>\n<link rel=\"canonical\" href=\"https:\/\/www.supeinnihonto.com\/nl\/product\/netsuke-aap-en-kaki-van-hout\/\" \/>\n<meta property=\"og:locale\" content=\"nl_NL\" \/>\n<meta property=\"og:type\" content=\"article\" \/>\n<meta property=\"og:title\" content=\"Netsuke aap en kaki van hout - Supein Nihonto\" \/>\n<meta property=\"og:description\" content=\"Charmante netsuke van een aap naast een grote kaki. Mooie patina en fraaie houtkleur. Edo-periode.\" \/>\n<meta property=\"og:url\" content=\"https:\/\/www.supeinnihonto.com\/nl\/product\/netsuke-aap-en-kaki-van-hout\/\" \/>\n<meta property=\"og:site_name\" content=\"Supein Nihonto\" \/>\n<meta property=\"article:modified_time\" content=\"2025-12-26T18:13:33+00:00\" \/>\n<meta property=\"og:image\" content=\"https:\/\/www.supeinnihonto.com\/wp-content\/uploads\/2024\/05\/DSC_3966-scaled.jpg\" \/>\n\t<meta property=\"og:image:width\" content=\"2560\" \/>\n\t<meta property=\"og:image:height\" content=\"1707\" \/>\n\t<meta property=\"og:image:type\" content=\"image\/jpeg\" \/>\n<meta name=\"twitter:card\" content=\"summary_large_image\" \/>\n<meta name=\"twitter:label1\" content=\"Geschatte leestijd\" \/>\n\t<meta name=\"twitter:data1\" content=\"1 minuut\" \/>\n<script type=\"application\/ld+json\" class=\"yoast-schema-graph\">{\"@context\":\"https:\\\/\\\/schema.org\",\"@graph\":[{\"@type\":\"WebPage\",\"@id\":\"https:\\\/\\\/www.supeinnihonto.com\\\/nl\\\/product\\\/netsuke-aap-en-kaki-van-hout\\\/\",\"url\":\"https:\\\/\\\/www.supeinnihonto.com\\\/nl\\\/product\\\/netsuke-aap-en-kaki-van-hout\\\/\",\"name\":\"Netsuke aap en kaki van hout - Supein Nihonto\",\"isPartOf\":{\"@id\":\"https:\\\/\\\/www.supeinnihonto.com\\\/nl\\\/#website\"},\"primaryImageOfPage\":{\"@id\":\"https:\\\/\\\/www.supeinnihonto.com\\\/nl\\\/product\\\/netsuke-aap-en-kaki-van-hout\\\/#primaryimage\"},\"image\":{\"@id\":\"https:\\\/\\\/www.supeinnihonto.com\\\/nl\\\/product\\\/netsuke-aap-en-kaki-van-hout\\\/#primaryimage\"},\"thumbnailUrl\":\"https:\\\/\\\/i0.wp.com\\\/www.supeinnihonto.com\\\/wp-content\\\/uploads\\\/2024\\\/05\\\/DSC_3966-scaled.jpg?fit=2560%2C1707&ssl=1\",\"datePublished\":\"2024-05-27T11:43:12+00:00\",\"dateModified\":\"2025-12-26T18:13:33+00:00\",\"description\":\"Charmante netsuke van een aap naast een grote kaki. Mooie patina en fraaie houtkleur. Edo-periode.\",\"breadcrumb\":{\"@id\":\"https:\\\/\\\/www.supeinnihonto.com\\\/nl\\\/product\\\/netsuke-aap-en-kaki-van-hout\\\/#breadcrumb\"},\"inLanguage\":\"nl-NL\",\"potentialAction\":[{\"@type\":\"ReadAction\",\"target\":[\"https:\\\/\\\/www.supeinnihonto.com\\\/nl\\\/product\\\/netsuke-aap-en-kaki-van-hout\\\/\"]}]},{\"@type\":\"ImageObject\",\"inLanguage\":\"nl-NL\",\"@id\":\"https:\\\/\\\/www.supeinnihonto.com\\\/nl\\\/product\\\/netsuke-aap-en-kaki-van-hout\\\/#primaryimage\",\"url\":\"https:\\\/\\\/i0.wp.com\\\/www.supeinnihonto.com\\\/wp-content\\\/uploads\\\/2024\\\/05\\\/DSC_3966-scaled.jpg?fit=2560%2C1707&ssl=1\",\"contentUrl\":\"https:\\\/\\\/i0.wp.com\\\/www.supeinnihonto.com\\\/wp-content\\\/uploads\\\/2024\\\/05\\\/DSC_3966-scaled.jpg?fit=2560%2C1707&ssl=1\",\"width\":2560,\"height\":1707,\"caption\":\"Netsuke Monkey peach wood\"},{\"@type\":\"BreadcrumbList\",\"@id\":\"https:\\\/\\\/www.supeinnihonto.com\\\/nl\\\/product\\\/netsuke-aap-en-kaki-van-hout\\\/#breadcrumb\",\"itemListElement\":[{\"@type\":\"ListItem\",\"position\":1,\"name\":\"Portada\",\"item\":\"https:\\\/\\\/www.supeinnihonto.com\\\/nl\\\/\"},{\"@type\":\"ListItem\",\"position\":2,\"name\":\"Shop\",\"item\":\"https:\\\/\\\/www.supeinnihonto.com\\\/nl\\\/shop\\\/\"},{\"@type\":\"ListItem\",\"position\":3,\"name\":\"Netsuke aap en kaki van hout\"}]},{\"@type\":\"WebSite\",\"@id\":\"https:\\\/\\\/www.supeinnihonto.com\\\/nl\\\/#website\",\"url\":\"https:\\\/\\\/www.supeinnihonto.com\\\/nl\\\/\",\"name\":\"Supein Nihonto\",\"description\":\"Authentic japanese Nihonto katana \",\"publisher\":{\"@id\":\"https:\\\/\\\/www.supeinnihonto.com\\\/nl\\\/#organization\"},\"potentialAction\":[{\"@type\":\"SearchAction\",\"target\":{\"@type\":\"EntryPoint\",\"urlTemplate\":\"https:\\\/\\\/www.supeinnihonto.com\\\/nl\\\/?s={search_term_string}\"},\"query-input\":{\"@type\":\"PropertyValueSpecification\",\"valueRequired\":true,\"valueName\":\"search_term_string\"}}],\"inLanguage\":\"nl-NL\"},{\"@type\":\"Organization\",\"@id\":\"https:\\\/\\\/www.supeinnihonto.com\\\/nl\\\/#organization\",\"name\":\"SupeinNihonto\",\"url\":\"https:\\\/\\\/www.supeinnihonto.com\\\/nl\\\/\",\"logo\":{\"@type\":\"ImageObject\",\"inLanguage\":\"nl-NL\",\"@id\":\"https:\\\/\\\/www.supeinnihonto.com\\\/nl\\\/#\\\/schema\\\/logo\\\/image\\\/\",\"url\":\"https:\\\/\\\/www.supeinnihonto.com\\\/wp-content\\\/uploads\\\/2021\\\/11\\\/animation_Default_3szk0jcenoloop.gif\",\"contentUrl\":\"https:\\\/\\\/www.supeinnihonto.com\\\/wp-content\\\/uploads\\\/2021\\\/11\\\/animation_Default_3szk0jcenoloop.gif\",\"width\":750,\"height\":641,\"caption\":\"SupeinNihonto\"},\"image\":{\"@id\":\"https:\\\/\\\/www.supeinnihonto.com\\\/nl\\\/#\\\/schema\\\/logo\\\/image\\\/\"}}]}<\/script>\n<!-- \/ Yoast SEO plugin. -->","yoast_head_json":{"title":"Netsuke aap en kaki van hout - Supein Nihonto","description":"Charmante netsuke van een aap naast een grote kaki. Mooie patina en fraaie houtkleur. Edo-periode.","robots":{"index":"index","follow":"follow","max-snippet":"max-snippet:-1","max-image-preview":"max-image-preview:large","max-video-preview":"max-video-preview:-1"},"canonical":"https:\/\/www.supeinnihonto.com\/nl\/product\/netsuke-aap-en-kaki-van-hout\/","og_locale":"nl_NL","og_type":"article","og_title":"Netsuke aap en kaki van hout - Supein Nihonto","og_description":"Charmante netsuke van een aap naast een grote kaki. Mooie patina en fraaie houtkleur. Edo-periode.","og_url":"https:\/\/www.supeinnihonto.com\/nl\/product\/netsuke-aap-en-kaki-van-hout\/","og_site_name":"Supein Nihonto","article_modified_time":"2025-12-26T18:13:33+00:00","og_image":[{"width":2560,"height":1707,"url":"https:\/\/www.supeinnihonto.com\/wp-content\/uploads\/2024\/05\/DSC_3966-scaled.jpg","type":"image\/jpeg"}],"twitter_card":"summary_large_image","twitter_misc":{"Geschatte leestijd":"1 minuut"},"schema":{"@context":"https:\/\/schema.org","@graph":[{"@type":"WebPage","@id":"https:\/\/www.supeinnihonto.com\/nl\/product\/netsuke-aap-en-kaki-van-hout\/","url":"https:\/\/www.supeinnihonto.com\/nl\/product\/netsuke-aap-en-kaki-van-hout\/","name":"Netsuke aap en kaki van hout - Supein Nihonto","isPartOf":{"@id":"https:\/\/www.supeinnihonto.com\/nl\/#website"},"primaryImageOfPage":{"@id":"https:\/\/www.supeinnihonto.com\/nl\/product\/netsuke-aap-en-kaki-van-hout\/#primaryimage"},"image":{"@id":"https:\/\/www.supeinnihonto.com\/nl\/product\/netsuke-aap-en-kaki-van-hout\/#primaryimage"},"thumbnailUrl":"https:\/\/i0.wp.com\/www.supeinnihonto.com\/wp-content\/uploads\/2024\/05\/DSC_3966-scaled.jpg?fit=2560%2C1707&ssl=1","datePublished":"2024-05-27T11:43:12+00:00","dateModified":"2025-12-26T18:13:33+00:00","description":"Charmante netsuke van een aap naast een grote kaki. Mooie patina en fraaie houtkleur. Edo-periode.","breadcrumb":{"@id":"https:\/\/www.supeinnihonto.com\/nl\/product\/netsuke-aap-en-kaki-van-hout\/#breadcrumb"},"inLanguage":"nl-NL","potentialAction":[{"@type":"ReadAction","target":["https:\/\/www.supeinnihonto.com\/nl\/product\/netsuke-aap-en-kaki-van-hout\/"]}]},{"@type":"ImageObject","inLanguage":"nl-NL","@id":"https:\/\/www.supeinnihonto.com\/nl\/product\/netsuke-aap-en-kaki-van-hout\/#primaryimage","url":"https:\/\/i0.wp.com\/www.supeinnihonto.com\/wp-content\/uploads\/2024\/05\/DSC_3966-scaled.jpg?fit=2560%2C1707&ssl=1","contentUrl":"https:\/\/i0.wp.com\/www.supeinnihonto.com\/wp-content\/uploads\/2024\/05\/DSC_3966-scaled.jpg?fit=2560%2C1707&ssl=1","width":2560,"height":1707,"caption":"Netsuke Monkey peach wood"},{"@type":"BreadcrumbList","@id":"https:\/\/www.supeinnihonto.com\/nl\/product\/netsuke-aap-en-kaki-van-hout\/#breadcrumb","itemListElement":[{"@type":"ListItem","position":1,"name":"Portada","item":"https:\/\/www.supeinnihonto.com\/nl\/"},{"@type":"ListItem","position":2,"name":"Shop","item":"https:\/\/www.supeinnihonto.com\/nl\/shop\/"},{"@type":"ListItem","position":3,"name":"Netsuke aap en kaki van hout"}]},{"@type":"WebSite","@id":"https:\/\/www.supeinnihonto.com\/nl\/#website","url":"https:\/\/www.supeinnihonto.com\/nl\/","name":"Supein Nihonto","description":"Authentic japanese Nihonto katana ","publisher":{"@id":"https:\/\/www.supeinnihonto.com\/nl\/#organization"},"potentialAction":[{"@type":"SearchAction","target":{"@type":"EntryPoint","urlTemplate":"https:\/\/www.supeinnihonto.com\/nl\/?s={search_term_string}"},"query-input":{"@type":"PropertyValueSpecification","valueRequired":true,"valueName":"search_term_string"}}],"inLanguage":"nl-NL"},{"@type":"Organization","@id":"https:\/\/www.supeinnihonto.com\/nl\/#organization","name":"SupeinNihonto","url":"https:\/\/www.supeinnihonto.com\/nl\/","logo":{"@type":"ImageObject","inLanguage":"nl-NL","@id":"https:\/\/www.supeinnihonto.com\/nl\/#\/schema\/logo\/image\/","url":"https:\/\/www.supeinnihonto.com\/wp-content\/uploads\/2021\/11\/animation_Default_3szk0jcenoloop.gif","contentUrl":"https:\/\/www.supeinnihonto.com\/wp-content\/uploads\/2021\/11\/animation_Default_3szk0jcenoloop.gif","width":750,"height":641,"caption":"SupeinNihonto"},"image":{"@id":"https:\/\/www.supeinnihonto.com\/nl\/#\/schema\/logo\/image\/"}}]}},"jetpack-related-posts":[{"id":12592,"url":"https:\/\/www.supeinnihonto.com\/nl\/product\/netsuke-aap-met-kaki-ii-van-hout\/","url_meta":{"origin":14197,"position":0},"title":"Netsuke aap met kaki II van hout","author":"Eric Majo","date":"5 de november de 2024","format":false,"excerpt":"Gratis verzending. Kostbare netsuke van een aap die een kaki eet, gesigneerd Masami. Prachtige patina en zeer goede staat. Mooi snijwerk in de stijl van Masanao. 4 x 4 x 3,2 cm","rel":"","context":"Soortgelijk bericht","block_context":{"text":"Soortgelijk bericht","link":""},"img":{"alt_text":"Monkey persimon 2 wood","src":"https:\/\/i0.wp.com\/www.supeinnihonto.com\/wp-content\/uploads\/2024\/11\/DSC1321-scaled.jpg?fit=1200%2C892&ssl=1&resize=350%2C200","width":350,"height":200,"srcset":"https:\/\/i0.wp.com\/www.supeinnihonto.com\/wp-content\/uploads\/2024\/11\/DSC1321-scaled.jpg?fit=1200%2C892&ssl=1&resize=350%2C200 1x, https:\/\/i0.wp.com\/www.supeinnihonto.com\/wp-content\/uploads\/2024\/11\/DSC1321-scaled.jpg?fit=1200%2C892&ssl=1&resize=525%2C300 1.5x, https:\/\/i0.wp.com\/www.supeinnihonto.com\/wp-content\/uploads\/2024\/11\/DSC1321-scaled.jpg?fit=1200%2C892&ssl=1&resize=700%2C400 2x, https:\/\/i0.wp.com\/www.supeinnihonto.com\/wp-content\/uploads\/2024\/11\/DSC1321-scaled.jpg?fit=1200%2C892&ssl=1&resize=1050%2C600 3x"},"classes":[]},{"id":12696,"url":"https:\/\/www.supeinnihonto.com\/nl\/product\/netsuke-aap-met-kaki-ii\/","url_meta":{"origin":14197,"position":1},"title":"Netsuke aap met kaki II","author":"Eric Majo","date":"5 de november de 2024","format":false,"excerpt":"Gratis verzending. Spectaculaire houten netsuke van een aap die een kaki eet. Het snijwerk is ongelooflijk gedetailleerd en de uitdrukking van de aap is fantastisch. Met veel oog voor detail gesneden. Meiji-periode. 4,5 x 4 x 2,8 cm","rel":"","context":"Soortgelijk bericht","block_context":{"text":"Soortgelijk bericht","link":""},"img":{"alt_text":"Netsuke monkey persimmon III","src":"https:\/\/i0.wp.com\/www.supeinnihonto.com\/wp-content\/uploads\/2024\/11\/DSC1552-scaled.jpg?fit=1200%2C810&ssl=1&resize=350%2C200","width":350,"height":200,"srcset":"https:\/\/i0.wp.com\/www.supeinnihonto.com\/wp-content\/uploads\/2024\/11\/DSC1552-scaled.jpg?fit=1200%2C810&ssl=1&resize=350%2C200 1x, https:\/\/i0.wp.com\/www.supeinnihonto.com\/wp-content\/uploads\/2024\/11\/DSC1552-scaled.jpg?fit=1200%2C810&ssl=1&resize=525%2C300 1.5x, https:\/\/i0.wp.com\/www.supeinnihonto.com\/wp-content\/uploads\/2024\/11\/DSC1552-scaled.jpg?fit=1200%2C810&ssl=1&resize=700%2C400 2x, https:\/\/i0.wp.com\/www.supeinnihonto.com\/wp-content\/uploads\/2024\/11\/DSC1552-scaled.jpg?fit=1200%2C810&ssl=1&resize=1050%2C600 3x"},"classes":[]},{"id":13416,"url":"https:\/\/www.supeinnihonto.com\/nl\/product\/netsuke-aap-met-octopus-van-ivoor\/","url_meta":{"origin":14197,"position":2},"title":"Netsuke aap met octopus van ivoor","author":"Supein Nihonto","date":"28 de mei de 2024","format":false,"excerpt":"Gratis verzending. Zeer humoristische en prachtig gesneden netsuke van een aap die worstelt met een octopus. Bevat rode, gele en zwarte polychromie in de tekeningen op het jasje. Ogen ingelegd met zwart buffelhoorn. Gesigneerd \u201cMatsuyama\u201d met rode inleg. Meiji-periode. Wordt geleverd met certificaat en CITES-document. 4 x 3,3 x 3\u2026","rel":"","context":"Soortgelijk bericht","block_context":{"text":"Soortgelijk bericht","link":""},"img":{"alt_text":"Netsuke Monkey octopus ivory","src":"https:\/\/i0.wp.com\/www.supeinnihonto.com\/wp-content\/uploads\/2024\/05\/DSC_4125-scaled.jpg?fit=1200%2C800&ssl=1&resize=350%2C200","width":350,"height":200,"srcset":"https:\/\/i0.wp.com\/www.supeinnihonto.com\/wp-content\/uploads\/2024\/05\/DSC_4125-scaled.jpg?fit=1200%2C800&ssl=1&resize=350%2C200 1x, https:\/\/i0.wp.com\/www.supeinnihonto.com\/wp-content\/uploads\/2024\/05\/DSC_4125-scaled.jpg?fit=1200%2C800&ssl=1&resize=525%2C300 1.5x, https:\/\/i0.wp.com\/www.supeinnihonto.com\/wp-content\/uploads\/2024\/05\/DSC_4125-scaled.jpg?fit=1200%2C800&ssl=1&resize=700%2C400 2x, https:\/\/i0.wp.com\/www.supeinnihonto.com\/wp-content\/uploads\/2024\/05\/DSC_4125-scaled.jpg?fit=1200%2C800&ssl=1&resize=1050%2C600 3x"},"classes":[]},{"id":14199,"url":"https:\/\/www.supeinnihonto.com\/fr\/produit\/netsuke-singe-et-kaki-en-bois\/","url_meta":{"origin":14197,"position":3},"title":"Netsuke singe et kaki en bois","author":"Supein Nihonto","date":"27 de mei de 2024","format":false,"excerpt":"Livraison gratuite. Charmant netsuke repr\u00e9sentant un singe \u00e0 c\u00f4t\u00e9 d\u2019un kaki g\u00e9ant. Belle patine et belle couleur du bois. Himotoshi naturel. P\u00e9riode Edo. 4 x 3,3 x 3,3 cm","rel":"","context":"Soortgelijk bericht","block_context":{"text":"Soortgelijk bericht","link":""},"img":{"alt_text":"Netsuke Monkey peach wood","src":"https:\/\/i0.wp.com\/www.supeinnihonto.com\/wp-content\/uploads\/2024\/05\/DSC_3966-scaled.jpg?fit=1200%2C800&ssl=1&resize=350%2C200","width":350,"height":200,"srcset":"https:\/\/i0.wp.com\/www.supeinnihonto.com\/wp-content\/uploads\/2024\/05\/DSC_3966-scaled.jpg?fit=1200%2C800&ssl=1&resize=350%2C200 1x, https:\/\/i0.wp.com\/www.supeinnihonto.com\/wp-content\/uploads\/2024\/05\/DSC_3966-scaled.jpg?fit=1200%2C800&ssl=1&resize=525%2C300 1.5x, https:\/\/i0.wp.com\/www.supeinnihonto.com\/wp-content\/uploads\/2024\/05\/DSC_3966-scaled.jpg?fit=1200%2C800&ssl=1&resize=700%2C400 2x, https:\/\/i0.wp.com\/www.supeinnihonto.com\/wp-content\/uploads\/2024\/05\/DSC_3966-scaled.jpg?fit=1200%2C800&ssl=1&resize=1050%2C600 3x"},"classes":[]},{"id":13343,"url":"https:\/\/www.supeinnihonto.com\/nl\/product\/netsuke-aap-met-masker-van-ivoor\/","url_meta":{"origin":14197,"position":4},"title":"Netsuke aap met masker van ivoor","author":"Supein Nihonto","date":"28 de mei de 2024","format":false,"excerpt":"Gratis verzending. Zeer humoristische en fijn gesneden netsuke van een aap die een N\u014d-theatermasker snijdt met een geconcentreerde uitdrukking. Ogen ingelegd met zwart buffelhoorn. Gesigneerd \u201cMatsuyama\u201d met rode inleg. Meiji-periode. Wordt geleverd met certificaat en CITES-document. 4 x 3 x 2,8 cm","rel":"","context":"Soortgelijk bericht","block_context":{"text":"Soortgelijk bericht","link":""},"img":{"alt_text":"Netsuke monkey mask ivory","src":"https:\/\/i0.wp.com\/www.supeinnihonto.com\/wp-content\/uploads\/2024\/05\/Netsuke-monkey-mask-ivory.webp?fit=1200%2C800&ssl=1&resize=350%2C200","width":350,"height":200,"srcset":"https:\/\/i0.wp.com\/www.supeinnihonto.com\/wp-content\/uploads\/2024\/05\/Netsuke-monkey-mask-ivory.webp?fit=1200%2C800&ssl=1&resize=350%2C200 1x, https:\/\/i0.wp.com\/www.supeinnihonto.com\/wp-content\/uploads\/2024\/05\/Netsuke-monkey-mask-ivory.webp?fit=1200%2C800&ssl=1&resize=525%2C300 1.5x, https:\/\/i0.wp.com\/www.supeinnihonto.com\/wp-content\/uploads\/2024\/05\/Netsuke-monkey-mask-ivory.webp?fit=1200%2C800&ssl=1&resize=700%2C400 2x, https:\/\/i0.wp.com\/www.supeinnihonto.com\/wp-content\/uploads\/2024\/05\/Netsuke-monkey-mask-ivory.webp?fit=1200%2C800&ssl=1&resize=1050%2C600 3x"},"classes":[]},{"id":13424,"url":"https:\/\/www.supeinnihonto.com\/nl\/product\/netsuke-aap-ii-van-ivoor\/","url_meta":{"origin":14197,"position":5},"title":"Netsuke aap II van ivoor","author":"Supein Nihonto","date":"29 de mei de 2024","format":false,"excerpt":"Gratis verzending. Netsuke van een aap die met zijn handen en \u00e9\u00e9n voet zijn mond, ogen en oren bedekt, waarmee het gezegde \u201cgeen kwaad spreken, geen kwaad horen en geen kwaad zien\u201d wordt uitgebeeld. Gesigneerd \u201cMatsuyama\u201d. Meiji- of Taish\u014d-periode. Wordt geleverd met certificaat en CITES-document. 4 x 3,5 x 2,7\u2026","rel":"","context":"Soortgelijk bericht","block_context":{"text":"Soortgelijk bericht","link":""},"img":{"alt_text":"Netsuke monkey II ivory","src":"https:\/\/i0.wp.com\/www.supeinnihonto.com\/wp-content\/uploads\/2024\/05\/DSC_4137-scaled.jpg?fit=1200%2C800&ssl=1&resize=350%2C200","width":350,"height":200,"srcset":"https:\/\/i0.wp.com\/www.supeinnihonto.com\/wp-content\/uploads\/2024\/05\/DSC_4137-scaled.jpg?fit=1200%2C800&ssl=1&resize=350%2C200 1x, https:\/\/i0.wp.com\/www.supeinnihonto.com\/wp-content\/uploads\/2024\/05\/DSC_4137-scaled.jpg?fit=1200%2C800&ssl=1&resize=525%2C300 1.5x, https:\/\/i0.wp.com\/www.supeinnihonto.com\/wp-content\/uploads\/2024\/05\/DSC_4137-scaled.jpg?fit=1200%2C800&ssl=1&resize=700%2C400 2x, https:\/\/i0.wp.com\/www.supeinnihonto.com\/wp-content\/uploads\/2024\/05\/DSC_4137-scaled.jpg?fit=1200%2C800&ssl=1&resize=1050%2C600 3x"},"classes":[]}],"jetpack_sharing_enabled":true,"_links":{"self":[{"href":"https:\/\/www.supeinnihonto.com\/nl\/wp-json\/wp\/v2\/product\/14197","targetHints":{"allow":["GET"]}}],"collection":[{"href":"https:\/\/www.supeinnihonto.com\/nl\/wp-json\/wp\/v2\/product"}],"about":[{"href":"https:\/\/www.supeinnihonto.com\/nl\/wp-json\/wp\/v2\/types\/product"}],"wp:featuredmedia":[{"embeddable":true,"href":"https:\/\/www.supeinnihonto.com\/nl\/wp-json\/wp\/v2\/media\/14198"}],"wp:attachment":[{"href":"https:\/\/www.supeinnihonto.com\/nl\/wp-json\/wp\/v2\/media?parent=14197"}],"wp:term":[{"taxonomy":"product_brand","embeddable":true,"href":"https:\/\/www.supeinnihonto.com\/nl\/wp-json\/wp\/v2\/product_brand?post=14197"},{"taxonomy":"product_cat","embeddable":true,"href":"https:\/\/www.supeinnihonto.com\/nl\/wp-json\/wp\/v2\/product_cat?post=14197"},{"taxonomy":"product_tag","embeddable":true,"href":"https:\/\/www.supeinnihonto.com\/nl\/wp-json\/wp\/v2\/product_tag?post=14197"}],"curies":[{"name":"wp","href":"https:\/\/api.w.org\/{rel}","templated":true}]}}