{"id":14116,"date":"2024-05-28T10:09:00","date_gmt":"2024-05-28T10:09:00","guid":{"rendered":"https:\/\/www.supeinnihonto.com\/product\/okimono-fudo-wrestling-ivory\/"},"modified":"2025-12-26T17:03:43","modified_gmt":"2025-12-26T17:03:43","slug":"okimono-fudo-in-gevecht-van-ivoor","status":"publish","type":"product","link":"https:\/\/www.supeinnihonto.com\/nl\/product\/okimono-fudo-in-gevecht-van-ivoor\/","title":{"rendered":"Okimono Fud\u014d in gevecht van ivoor"},"content":{"rendered":"<p data-start=\"2202\" data-end=\"2220\">Gratis verzending.<\/p>\n<p data-start=\"2222\" data-end=\"2599\">Prachtige okimono die Fud\u014d (godheid) voorstelt in gevecht met een man. Zeer zeldzaam en bijzonder motief. Fud\u014d-netsuke en -okimono zijn zeer gewild vanwege hun betekenis. Dit stuk is schitterend gesneden, met veel beweging en een uitzonderlijke museale kwaliteit. Gesigneerd met rode inleg. Meiji-periode, eind 19e eeuw. Wordt geleverd met taxatiecertificaat en CITES-document.<\/p>\n<p data-start=\"2601\" data-end=\"2619\">9,5 x 5,5 x 4,9 cm<\/p>\n","protected":false},"excerpt":{"rendered":"<p>Gratis verzending. Prachtige okimono die Fud\u014d (godheid) voorstelt in gevecht met een man. Zeer zeldzaam en bijzonder motief. Fud\u014d-netsuke en -okimono zijn zeer gewild vanwege hun betekenis. Dit stuk is schitterend gesneden, met veel beweging en een uitzonderlijke museale kwaliteit. Gesigneerd met rode inleg. Meiji-periode, eind 19e eeuw. Wordt geleverd [&hellip;]<\/p>\n","protected":false},"featured_media":14117,"template":"","meta":{"jetpack_post_was_ever_published":false},"product_brand":[],"product_cat":[357],"product_tag":[630,648,649],"class_list":{"0":"post-14116","1":"product","2":"type-product","3":"status-publish","4":"has-post-thumbnail","6":"product_cat-netsuke","7":"product_tag-ivory","8":"product_tag-netsuke","9":"product_tag-okimono","10":"product_shipping_class-light","12":"first","13":"instock","14":"featured","15":"sold-individually","16":"shipping-taxable","17":"purchasable","18":"product-type-simple"},"yoast_head":"<!-- This site is optimized with the Yoast SEO plugin v27.5 - https:\/\/yoast.com\/product\/yoast-seo-wordpress\/ -->\n<title>Okimono Fud\u014d in gevecht van ivoor - Supein Nihonto<\/title>\n<meta name=\"description\" content=\"Prachtige okimono die Fud\u014d (godheid) voorstelt in gevecht met een man. Zeer zeldzaam en bijzonder motief. Fud\u014d-netsuke en -okimono zijn zeer gewild.\" \/>\n<meta name=\"robots\" content=\"index, follow, max-snippet:-1, max-image-preview:large, max-video-preview:-1\" \/>\n<link rel=\"canonical\" href=\"https:\/\/www.supeinnihonto.com\/nl\/product\/okimono-fudo-in-gevecht-van-ivoor\/\" \/>\n<meta property=\"og:locale\" content=\"nl_NL\" \/>\n<meta property=\"og:type\" content=\"article\" \/>\n<meta property=\"og:title\" content=\"Okimono Fud\u014d in gevecht van ivoor - Supein Nihonto\" \/>\n<meta property=\"og:description\" content=\"Prachtige okimono die Fud\u014d (godheid) voorstelt in gevecht met een man. Zeer zeldzaam en bijzonder motief. Fud\u014d-netsuke en -okimono zijn zeer gewild.\" \/>\n<meta property=\"og:url\" content=\"https:\/\/www.supeinnihonto.com\/nl\/product\/okimono-fudo-in-gevecht-van-ivoor\/\" \/>\n<meta property=\"og:site_name\" content=\"Supein Nihonto\" \/>\n<meta property=\"article:modified_time\" content=\"2025-12-26T17:03:43+00:00\" \/>\n<meta property=\"og:image\" content=\"https:\/\/www.supeinnihonto.com\/wp-content\/uploads\/2024\/05\/DSC_4019-scaled.jpg\" \/>\n\t<meta property=\"og:image:width\" content=\"2560\" \/>\n\t<meta property=\"og:image:height\" content=\"1707\" \/>\n\t<meta property=\"og:image:type\" content=\"image\/jpeg\" \/>\n<meta name=\"twitter:card\" content=\"summary_large_image\" \/>\n<meta name=\"twitter:label1\" content=\"Geschatte leestijd\" \/>\n\t<meta name=\"twitter:data1\" content=\"1 minuut\" \/>\n<script type=\"application\/ld+json\" class=\"yoast-schema-graph\">{\"@context\":\"https:\\\/\\\/schema.org\",\"@graph\":[{\"@type\":\"WebPage\",\"@id\":\"https:\\\/\\\/www.supeinnihonto.com\\\/nl\\\/product\\\/okimono-fudo-in-gevecht-van-ivoor\\\/\",\"url\":\"https:\\\/\\\/www.supeinnihonto.com\\\/nl\\\/product\\\/okimono-fudo-in-gevecht-van-ivoor\\\/\",\"name\":\"Okimono Fud\u014d in gevecht van ivoor - Supein Nihonto\",\"isPartOf\":{\"@id\":\"https:\\\/\\\/www.supeinnihonto.com\\\/nl\\\/#website\"},\"primaryImageOfPage\":{\"@id\":\"https:\\\/\\\/www.supeinnihonto.com\\\/nl\\\/product\\\/okimono-fudo-in-gevecht-van-ivoor\\\/#primaryimage\"},\"image\":{\"@id\":\"https:\\\/\\\/www.supeinnihonto.com\\\/nl\\\/product\\\/okimono-fudo-in-gevecht-van-ivoor\\\/#primaryimage\"},\"thumbnailUrl\":\"https:\\\/\\\/i0.wp.com\\\/www.supeinnihonto.com\\\/wp-content\\\/uploads\\\/2024\\\/05\\\/DSC_4019-scaled.jpg?fit=2560%2C1707&ssl=1\",\"datePublished\":\"2024-05-28T10:09:00+00:00\",\"dateModified\":\"2025-12-26T17:03:43+00:00\",\"description\":\"Prachtige okimono die Fud\u014d (godheid) voorstelt in gevecht met een man. Zeer zeldzaam en bijzonder motief. Fud\u014d-netsuke en -okimono zijn zeer gewild.\",\"breadcrumb\":{\"@id\":\"https:\\\/\\\/www.supeinnihonto.com\\\/nl\\\/product\\\/okimono-fudo-in-gevecht-van-ivoor\\\/#breadcrumb\"},\"inLanguage\":\"nl-NL\",\"potentialAction\":[{\"@type\":\"ReadAction\",\"target\":[\"https:\\\/\\\/www.supeinnihonto.com\\\/nl\\\/product\\\/okimono-fudo-in-gevecht-van-ivoor\\\/\"]}]},{\"@type\":\"ImageObject\",\"inLanguage\":\"nl-NL\",\"@id\":\"https:\\\/\\\/www.supeinnihonto.com\\\/nl\\\/product\\\/okimono-fudo-in-gevecht-van-ivoor\\\/#primaryimage\",\"url\":\"https:\\\/\\\/i0.wp.com\\\/www.supeinnihonto.com\\\/wp-content\\\/uploads\\\/2024\\\/05\\\/DSC_4019-scaled.jpg?fit=2560%2C1707&ssl=1\",\"contentUrl\":\"https:\\\/\\\/i0.wp.com\\\/www.supeinnihonto.com\\\/wp-content\\\/uploads\\\/2024\\\/05\\\/DSC_4019-scaled.jpg?fit=2560%2C1707&ssl=1\",\"width\":2560,\"height\":1707,\"caption\":\"Okimono Fudo wrestling ivory\"},{\"@type\":\"BreadcrumbList\",\"@id\":\"https:\\\/\\\/www.supeinnihonto.com\\\/nl\\\/product\\\/okimono-fudo-in-gevecht-van-ivoor\\\/#breadcrumb\",\"itemListElement\":[{\"@type\":\"ListItem\",\"position\":1,\"name\":\"Portada\",\"item\":\"https:\\\/\\\/www.supeinnihonto.com\\\/nl\\\/\"},{\"@type\":\"ListItem\",\"position\":2,\"name\":\"Shop\",\"item\":\"https:\\\/\\\/www.supeinnihonto.com\\\/nl\\\/shop\\\/\"},{\"@type\":\"ListItem\",\"position\":3,\"name\":\"Okimono Fud\u014d in gevecht van ivoor\"}]},{\"@type\":\"WebSite\",\"@id\":\"https:\\\/\\\/www.supeinnihonto.com\\\/nl\\\/#website\",\"url\":\"https:\\\/\\\/www.supeinnihonto.com\\\/nl\\\/\",\"name\":\"Supein Nihonto\",\"description\":\"Authentic japanese Nihonto katana \",\"publisher\":{\"@id\":\"https:\\\/\\\/www.supeinnihonto.com\\\/nl\\\/#organization\"},\"potentialAction\":[{\"@type\":\"SearchAction\",\"target\":{\"@type\":\"EntryPoint\",\"urlTemplate\":\"https:\\\/\\\/www.supeinnihonto.com\\\/nl\\\/?s={search_term_string}\"},\"query-input\":{\"@type\":\"PropertyValueSpecification\",\"valueRequired\":true,\"valueName\":\"search_term_string\"}}],\"inLanguage\":\"nl-NL\"},{\"@type\":\"Organization\",\"@id\":\"https:\\\/\\\/www.supeinnihonto.com\\\/nl\\\/#organization\",\"name\":\"SupeinNihonto\",\"url\":\"https:\\\/\\\/www.supeinnihonto.com\\\/nl\\\/\",\"logo\":{\"@type\":\"ImageObject\",\"inLanguage\":\"nl-NL\",\"@id\":\"https:\\\/\\\/www.supeinnihonto.com\\\/nl\\\/#\\\/schema\\\/logo\\\/image\\\/\",\"url\":\"https:\\\/\\\/www.supeinnihonto.com\\\/wp-content\\\/uploads\\\/2021\\\/11\\\/animation_Default_3szk0jcenoloop.gif\",\"contentUrl\":\"https:\\\/\\\/www.supeinnihonto.com\\\/wp-content\\\/uploads\\\/2021\\\/11\\\/animation_Default_3szk0jcenoloop.gif\",\"width\":750,\"height\":641,\"caption\":\"SupeinNihonto\"},\"image\":{\"@id\":\"https:\\\/\\\/www.supeinnihonto.com\\\/nl\\\/#\\\/schema\\\/logo\\\/image\\\/\"}}]}<\/script>\n<!-- \/ Yoast SEO plugin. -->","yoast_head_json":{"title":"Okimono Fud\u014d in gevecht van ivoor - Supein Nihonto","description":"Prachtige okimono die Fud\u014d (godheid) voorstelt in gevecht met een man. Zeer zeldzaam en bijzonder motief. Fud\u014d-netsuke en -okimono zijn zeer gewild.","robots":{"index":"index","follow":"follow","max-snippet":"max-snippet:-1","max-image-preview":"max-image-preview:large","max-video-preview":"max-video-preview:-1"},"canonical":"https:\/\/www.supeinnihonto.com\/nl\/product\/okimono-fudo-in-gevecht-van-ivoor\/","og_locale":"nl_NL","og_type":"article","og_title":"Okimono Fud\u014d in gevecht van ivoor - Supein Nihonto","og_description":"Prachtige okimono die Fud\u014d (godheid) voorstelt in gevecht met een man. Zeer zeldzaam en bijzonder motief. Fud\u014d-netsuke en -okimono zijn zeer gewild.","og_url":"https:\/\/www.supeinnihonto.com\/nl\/product\/okimono-fudo-in-gevecht-van-ivoor\/","og_site_name":"Supein Nihonto","article_modified_time":"2025-12-26T17:03:43+00:00","og_image":[{"width":2560,"height":1707,"url":"https:\/\/www.supeinnihonto.com\/wp-content\/uploads\/2024\/05\/DSC_4019-scaled.jpg","type":"image\/jpeg"}],"twitter_card":"summary_large_image","twitter_misc":{"Geschatte leestijd":"1 minuut"},"schema":{"@context":"https:\/\/schema.org","@graph":[{"@type":"WebPage","@id":"https:\/\/www.supeinnihonto.com\/nl\/product\/okimono-fudo-in-gevecht-van-ivoor\/","url":"https:\/\/www.supeinnihonto.com\/nl\/product\/okimono-fudo-in-gevecht-van-ivoor\/","name":"Okimono Fud\u014d in gevecht van ivoor - Supein Nihonto","isPartOf":{"@id":"https:\/\/www.supeinnihonto.com\/nl\/#website"},"primaryImageOfPage":{"@id":"https:\/\/www.supeinnihonto.com\/nl\/product\/okimono-fudo-in-gevecht-van-ivoor\/#primaryimage"},"image":{"@id":"https:\/\/www.supeinnihonto.com\/nl\/product\/okimono-fudo-in-gevecht-van-ivoor\/#primaryimage"},"thumbnailUrl":"https:\/\/i0.wp.com\/www.supeinnihonto.com\/wp-content\/uploads\/2024\/05\/DSC_4019-scaled.jpg?fit=2560%2C1707&ssl=1","datePublished":"2024-05-28T10:09:00+00:00","dateModified":"2025-12-26T17:03:43+00:00","description":"Prachtige okimono die Fud\u014d (godheid) voorstelt in gevecht met een man. Zeer zeldzaam en bijzonder motief. Fud\u014d-netsuke en -okimono zijn zeer gewild.","breadcrumb":{"@id":"https:\/\/www.supeinnihonto.com\/nl\/product\/okimono-fudo-in-gevecht-van-ivoor\/#breadcrumb"},"inLanguage":"nl-NL","potentialAction":[{"@type":"ReadAction","target":["https:\/\/www.supeinnihonto.com\/nl\/product\/okimono-fudo-in-gevecht-van-ivoor\/"]}]},{"@type":"ImageObject","inLanguage":"nl-NL","@id":"https:\/\/www.supeinnihonto.com\/nl\/product\/okimono-fudo-in-gevecht-van-ivoor\/#primaryimage","url":"https:\/\/i0.wp.com\/www.supeinnihonto.com\/wp-content\/uploads\/2024\/05\/DSC_4019-scaled.jpg?fit=2560%2C1707&ssl=1","contentUrl":"https:\/\/i0.wp.com\/www.supeinnihonto.com\/wp-content\/uploads\/2024\/05\/DSC_4019-scaled.jpg?fit=2560%2C1707&ssl=1","width":2560,"height":1707,"caption":"Okimono Fudo wrestling ivory"},{"@type":"BreadcrumbList","@id":"https:\/\/www.supeinnihonto.com\/nl\/product\/okimono-fudo-in-gevecht-van-ivoor\/#breadcrumb","itemListElement":[{"@type":"ListItem","position":1,"name":"Portada","item":"https:\/\/www.supeinnihonto.com\/nl\/"},{"@type":"ListItem","position":2,"name":"Shop","item":"https:\/\/www.supeinnihonto.com\/nl\/shop\/"},{"@type":"ListItem","position":3,"name":"Okimono Fud\u014d in gevecht van ivoor"}]},{"@type":"WebSite","@id":"https:\/\/www.supeinnihonto.com\/nl\/#website","url":"https:\/\/www.supeinnihonto.com\/nl\/","name":"Supein Nihonto","description":"Authentic japanese Nihonto katana ","publisher":{"@id":"https:\/\/www.supeinnihonto.com\/nl\/#organization"},"potentialAction":[{"@type":"SearchAction","target":{"@type":"EntryPoint","urlTemplate":"https:\/\/www.supeinnihonto.com\/nl\/?s={search_term_string}"},"query-input":{"@type":"PropertyValueSpecification","valueRequired":true,"valueName":"search_term_string"}}],"inLanguage":"nl-NL"},{"@type":"Organization","@id":"https:\/\/www.supeinnihonto.com\/nl\/#organization","name":"SupeinNihonto","url":"https:\/\/www.supeinnihonto.com\/nl\/","logo":{"@type":"ImageObject","inLanguage":"nl-NL","@id":"https:\/\/www.supeinnihonto.com\/nl\/#\/schema\/logo\/image\/","url":"https:\/\/www.supeinnihonto.com\/wp-content\/uploads\/2021\/11\/animation_Default_3szk0jcenoloop.gif","contentUrl":"https:\/\/www.supeinnihonto.com\/wp-content\/uploads\/2021\/11\/animation_Default_3szk0jcenoloop.gif","width":750,"height":641,"caption":"SupeinNihonto"},"image":{"@id":"https:\/\/www.supeinnihonto.com\/nl\/#\/schema\/logo\/image\/"}}]}},"jetpack-related-posts":[{"id":14118,"url":"https:\/\/www.supeinnihonto.com\/fr\/produit\/okimono-fudo-luttant-en-ivoire\/","url_meta":{"origin":14116,"position":0},"title":"Okimono Fud\u014d luttant en ivoire","author":"Supein Nihonto","date":"28 de mei de 2024","format":false,"excerpt":"Livraison gratuite. Magnifique okimono repr\u00e9sentant Fud\u014d (divinit\u00e9) combattant un homme. Motif tr\u00e8s rare et particulier. Les netsuke et okimono de Fud\u014d sont tr\u00e8s recherch\u00e9s pour leur signification. Celui-ci est magnifiquement sculpt\u00e9, avec un grand sens du mouvement et une qualit\u00e9 mus\u00e9ale exceptionnelle. Sign\u00e9 avec incrustation rouge. P\u00e9riode Meiji, fin du\u2026","rel":"","context":"Soortgelijk bericht","block_context":{"text":"Soortgelijk bericht","link":""},"img":{"alt_text":"Okimono Fudo wrestling ivory","src":"https:\/\/i0.wp.com\/www.supeinnihonto.com\/wp-content\/uploads\/2024\/05\/DSC_4019-scaled.jpg?fit=1200%2C800&ssl=1&resize=350%2C200","width":350,"height":200,"srcset":"https:\/\/i0.wp.com\/www.supeinnihonto.com\/wp-content\/uploads\/2024\/05\/DSC_4019-scaled.jpg?fit=1200%2C800&ssl=1&resize=350%2C200 1x, https:\/\/i0.wp.com\/www.supeinnihonto.com\/wp-content\/uploads\/2024\/05\/DSC_4019-scaled.jpg?fit=1200%2C800&ssl=1&resize=525%2C300 1.5x, https:\/\/i0.wp.com\/www.supeinnihonto.com\/wp-content\/uploads\/2024\/05\/DSC_4019-scaled.jpg?fit=1200%2C800&ssl=1&resize=700%2C400 2x, https:\/\/i0.wp.com\/www.supeinnihonto.com\/wp-content\/uploads\/2024\/05\/DSC_4019-scaled.jpg?fit=1200%2C800&ssl=1&resize=1050%2C600 3x"},"classes":[]},{"id":13524,"url":"https:\/\/www.supeinnihonto.com\/nl\/product\/okimono-ashinaga-tenaga-van-ivoor\/","url_meta":{"origin":14116,"position":1},"title":"Okimono Ashinaga Tenaga van ivoor","author":"Supein Nihonto","date":"30 de mei de 2024","format":false,"excerpt":"Gratis verzending. Fantastisch en indrukwekkend okimono van Ashinaga en Tenaga, twee klassieke figuren uit de Japanse folklore. In hun avonturen heeft de een zeer lange benen terwijl de ander zeer lange armen heeft, waardoor ze samen een team vormen en elkaar helpen. In dit prachtige okimono zijn ze krabben aan\u2026","rel":"","context":"Soortgelijk bericht","block_context":{"text":"Soortgelijk bericht","link":""},"img":{"alt_text":"Okimono Ashinaga Tenaga ivory","src":"https:\/\/i0.wp.com\/www.supeinnihonto.com\/wp-content\/uploads\/2024\/05\/Okimono-Ashinaga-Tenaga-ivory.webp?fit=800%2C1200&ssl=1&resize=350%2C200","width":350,"height":200,"srcset":"https:\/\/i0.wp.com\/www.supeinnihonto.com\/wp-content\/uploads\/2024\/05\/Okimono-Ashinaga-Tenaga-ivory.webp?fit=800%2C1200&ssl=1&resize=350%2C200 1x, https:\/\/i0.wp.com\/www.supeinnihonto.com\/wp-content\/uploads\/2024\/05\/Okimono-Ashinaga-Tenaga-ivory.webp?fit=800%2C1200&ssl=1&resize=525%2C300 1.5x, https:\/\/i0.wp.com\/www.supeinnihonto.com\/wp-content\/uploads\/2024\/05\/Okimono-Ashinaga-Tenaga-ivory.webp?fit=800%2C1200&ssl=1&resize=700%2C400 2x"},"classes":[]},{"id":14148,"url":"https:\/\/www.supeinnihonto.com\/nl\/product\/okimono-dronken-vechters-van-ivoor\/","url_meta":{"origin":14116,"position":2},"title":"Okimono dronken vechters van ivoor","author":"Supein Nihonto","date":"28 de mei de 2024","format":false,"excerpt":"Gratis verzending. Grappige en zeer hoogwaardige okimono die meerdere dronkaards voorstelt die met elkaar vechten. Het stuk zit vol details en is van superieure kwaliteit: de gezichten, kleding en zelfs de voeten zijn prachtig gesneden. Bovendien heeft het een zeer mooie patina die het geheel extra uitstraling geeft. Aan de\u2026","rel":"","context":"Soortgelijk bericht","block_context":{"text":"Soortgelijk bericht","link":""},"img":{"alt_text":"Okimono drunk fighters ivory","src":"https:\/\/i0.wp.com\/www.supeinnihonto.com\/wp-content\/uploads\/2024\/05\/DSC_4002-scaled.jpg?fit=1200%2C800&ssl=1&resize=350%2C200","width":350,"height":200,"srcset":"https:\/\/i0.wp.com\/www.supeinnihonto.com\/wp-content\/uploads\/2024\/05\/DSC_4002-scaled.jpg?fit=1200%2C800&ssl=1&resize=350%2C200 1x, https:\/\/i0.wp.com\/www.supeinnihonto.com\/wp-content\/uploads\/2024\/05\/DSC_4002-scaled.jpg?fit=1200%2C800&ssl=1&resize=525%2C300 1.5x, https:\/\/i0.wp.com\/www.supeinnihonto.com\/wp-content\/uploads\/2024\/05\/DSC_4002-scaled.jpg?fit=1200%2C800&ssl=1&resize=700%2C400 2x, https:\/\/i0.wp.com\/www.supeinnihonto.com\/wp-content\/uploads\/2024\/05\/DSC_4002-scaled.jpg?fit=1200%2C800&ssl=1&resize=1050%2C600 3x"},"classes":[]},{"id":13500,"url":"https:\/\/www.supeinnihonto.com\/nl\/product\/okimono-hofedelman-van-ivoor\/","url_meta":{"origin":14116,"position":3},"title":"Okimono hofedelman van ivoor","author":"Supein Nihonto","date":"30 de mei de 2024","format":false,"excerpt":"Gratis verzending. Buitenlandse figuren zoals Chinese, Nederlandse of eilandbewoners zijn zeer gewild bij verzamelaars en brengen hoge bedragen op veilingen op. Een voorbeeld hiervan is de veilingprijs die werd behaald voor een vergelijkbaar stuk bij Bonhams in Londen. Slanke figuur met een zacht glimlachende uitdrukking, die een bloesem tegen zijn\u2026","rel":"","context":"Soortgelijk bericht","block_context":{"text":"Soortgelijk bericht","link":""},"img":{"alt_text":"Okimono court noble ivory","src":"https:\/\/i0.wp.com\/www.supeinnihonto.com\/wp-content\/uploads\/2024\/05\/DSC_4668-scaled.jpg?fit=1200%2C800&ssl=1&resize=350%2C200","width":350,"height":200,"srcset":"https:\/\/i0.wp.com\/www.supeinnihonto.com\/wp-content\/uploads\/2024\/05\/DSC_4668-scaled.jpg?fit=1200%2C800&ssl=1&resize=350%2C200 1x, https:\/\/i0.wp.com\/www.supeinnihonto.com\/wp-content\/uploads\/2024\/05\/DSC_4668-scaled.jpg?fit=1200%2C800&ssl=1&resize=525%2C300 1.5x, https:\/\/i0.wp.com\/www.supeinnihonto.com\/wp-content\/uploads\/2024\/05\/DSC_4668-scaled.jpg?fit=1200%2C800&ssl=1&resize=700%2C400 2x, https:\/\/i0.wp.com\/www.supeinnihonto.com\/wp-content\/uploads\/2024\/05\/DSC_4668-scaled.jpg?fit=1200%2C800&ssl=1&resize=1050%2C600 3x"},"classes":[]},{"id":3494,"url":"https:\/\/www.supeinnihonto.com\/product\/okimono-fudo-wrestling-ivory\/","url_meta":{"origin":14116,"position":4},"title":"Okimono Fudo wrestling ivory","author":"Supein Nihonto","date":"28 de mei de 2024","format":false,"excerpt":"Free shipping. Magnificent okimono depicting a Fudo (deity) fighting a man. Very rare and special motif. Fudo netsukes and okimono are very sought after for their significance. This one is magnificently carved, with a great movement and an exceptional museum quality. Signed in red inlay. Meiji period late 19th century.\u2026","rel":"","context":"Soortgelijk bericht","block_context":{"text":"Soortgelijk bericht","link":""},"img":{"alt_text":"Okimono Fudo wrestling ivory","src":"https:\/\/i0.wp.com\/www.supeinnihonto.com\/wp-content\/uploads\/2024\/05\/DSC_4019-scaled.jpg?fit=1200%2C800&ssl=1&resize=350%2C200","width":350,"height":200,"srcset":"https:\/\/i0.wp.com\/www.supeinnihonto.com\/wp-content\/uploads\/2024\/05\/DSC_4019-scaled.jpg?fit=1200%2C800&ssl=1&resize=350%2C200 1x, https:\/\/i0.wp.com\/www.supeinnihonto.com\/wp-content\/uploads\/2024\/05\/DSC_4019-scaled.jpg?fit=1200%2C800&ssl=1&resize=525%2C300 1.5x, https:\/\/i0.wp.com\/www.supeinnihonto.com\/wp-content\/uploads\/2024\/05\/DSC_4019-scaled.jpg?fit=1200%2C800&ssl=1&resize=700%2C400 2x, https:\/\/i0.wp.com\/www.supeinnihonto.com\/wp-content\/uploads\/2024\/05\/DSC_4019-scaled.jpg?fit=1200%2C800&ssl=1&resize=1050%2C600 3x"},"classes":[]},{"id":14122,"url":"https:\/\/www.supeinnihonto.com\/it\/prodotto\/okimono-fudo-in-lotta-in-avorio\/","url_meta":{"origin":14116,"position":5},"title":"Okimono Fud\u014d in lotta in avorio","author":"Supein Nihonto","date":"28 de mei de 2024","format":false,"excerpt":"Spedizione gratuita. Magnifico okimono raffigurante Fud\u014d (divinit\u00e0) in lotta con un uomo. Soggetto molto raro e speciale. I netsuke e gli okimono di Fud\u014d sono molto ricercati per il loro significato. Questo esemplare \u00e8 intagliato magnificamente, con grande senso del movimento e una qualit\u00e0 museale eccezionale. Firmato con intarsio rosso.\u2026","rel":"","context":"Soortgelijk bericht","block_context":{"text":"Soortgelijk bericht","link":""},"img":{"alt_text":"Okimono Fudo wrestling ivory","src":"https:\/\/i0.wp.com\/www.supeinnihonto.com\/wp-content\/uploads\/2024\/05\/DSC_4019-scaled.jpg?fit=1200%2C800&ssl=1&resize=350%2C200","width":350,"height":200,"srcset":"https:\/\/i0.wp.com\/www.supeinnihonto.com\/wp-content\/uploads\/2024\/05\/DSC_4019-scaled.jpg?fit=1200%2C800&ssl=1&resize=350%2C200 1x, https:\/\/i0.wp.com\/www.supeinnihonto.com\/wp-content\/uploads\/2024\/05\/DSC_4019-scaled.jpg?fit=1200%2C800&ssl=1&resize=525%2C300 1.5x, https:\/\/i0.wp.com\/www.supeinnihonto.com\/wp-content\/uploads\/2024\/05\/DSC_4019-scaled.jpg?fit=1200%2C800&ssl=1&resize=700%2C400 2x, https:\/\/i0.wp.com\/www.supeinnihonto.com\/wp-content\/uploads\/2024\/05\/DSC_4019-scaled.jpg?fit=1200%2C800&ssl=1&resize=1050%2C600 3x"},"classes":[]}],"jetpack_sharing_enabled":true,"_links":{"self":[{"href":"https:\/\/www.supeinnihonto.com\/nl\/wp-json\/wp\/v2\/product\/14116","targetHints":{"allow":["GET"]}}],"collection":[{"href":"https:\/\/www.supeinnihonto.com\/nl\/wp-json\/wp\/v2\/product"}],"about":[{"href":"https:\/\/www.supeinnihonto.com\/nl\/wp-json\/wp\/v2\/types\/product"}],"wp:featuredmedia":[{"embeddable":true,"href":"https:\/\/www.supeinnihonto.com\/nl\/wp-json\/wp\/v2\/media\/14117"}],"wp:attachment":[{"href":"https:\/\/www.supeinnihonto.com\/nl\/wp-json\/wp\/v2\/media?parent=14116"}],"wp:term":[{"taxonomy":"product_brand","embeddable":true,"href":"https:\/\/www.supeinnihonto.com\/nl\/wp-json\/wp\/v2\/product_brand?post=14116"},{"taxonomy":"product_cat","embeddable":true,"href":"https:\/\/www.supeinnihonto.com\/nl\/wp-json\/wp\/v2\/product_cat?post=14116"},{"taxonomy":"product_tag","embeddable":true,"href":"https:\/\/www.supeinnihonto.com\/nl\/wp-json\/wp\/v2\/product_tag?post=14116"}],"curies":[{"name":"wp","href":"https:\/\/api.w.org\/{rel}","templated":true}]}}