{"id":13544,"date":"2024-05-31T10:11:38","date_gmt":"2024-05-31T10:11:38","guid":{"rendered":"https:\/\/www.supeinnihonto.com\/product\/menuki-horses-shakudo\/"},"modified":"2025-12-23T22:46:51","modified_gmt":"2025-12-23T22:46:51","slug":"menuki-paarden-in-shakudo","status":"publish","type":"product","link":"https:\/\/www.supeinnihonto.com\/nl\/product\/menuki-paarden-in-shakudo\/","title":{"rendered":"Menuki paarden in shakud\u014d"},"content":{"rendered":"<div><em><strong>Object:<\/strong><\/em><\/div>\n<div><\/div>\n<div>Prachtige menuki met paardenmotief in shakud\u014d met goudinleg, met zeer hoge kwaliteit vakmanschap en fijne details. In zeer goede staat gezien hun leeftijd. Edo-periode.<\/div>\n<div><\/div>\n<div>Menuki: 6 x 2 cm<\/div>\n<div><\/div>\n<div>Geschikt voor katana, tant\u014d en wakizashi.<\/div>\n<div><\/div>\n<div class=\"accordion-title active\">\n<div class=\"accordion-title active\"><strong>Wat is een menuki?<\/strong> <i class=\"fas fa-caret-up\"><\/i><\/div>\n<div><\/div>\n<div class=\"accordion-content active\" id=\"tab2\">\n<p>Een menuki is een klein decoratief ornament dat wordt bevestigd op de handgreep (tsuka) van een Japans zwaard, zoals een katana, wakizashi of tant\u014d. Deze ornamenten worden meestal onder de handgreepwikkeling (tsukamaki) geplaatst en hebben zowel een functionele als esthetische rol. Functioneel zorgen menuki voor extra grip en stabiliteit door de ruimte tussen de kern van de handgreep en de wikkeling op te vullen, waardoor wordt voorkomen dat de wikkeling tijdens gebruik verschuift. Dit draagt bij aan meer comfort en controle voor de gebruiker.<\/p>\n<p>Esthetisch gezien worden menuki vervaardigd met verfijnde ontwerpen en motieven, vaak ge\u00efnspireerd door de natuur, mythologie of Japanse cultuur. Ze kunnen gemaakt zijn van verschillende materialen, waaronder metalen (zoals koper, messing of zilver), ivoor of andere materialen. Menuki worden beschouwd als een essentieel onderdeel van de decoratie van het zwaard en worden vaak afgestemd op andere onderdelen zoals de tsuba (stootplaat) en de fuchi-kashira (kraag en pommel).<\/p>\n<p>Menuki spelen een belangrijke rol in de algehele esthetische uitstraling van Japanse zwaarden en worden gewaardeerd om hun vakmanschap, detailniveau en symbolische betekenis. Ze zijn ook belangrijk voor het identificeren van de stijl en herkomst van een bepaald zwaard of een specifieke zwaardmaker.<\/p>\n<\/div><\/div>\n","protected":false},"excerpt":{"rendered":"<p>Object: Prachtige menuki met paardenmotief in shakud\u014d met goudinleg, met zeer hoge kwaliteit vakmanschap en fijne details. In zeer goede staat gezien hun leeftijd. Edo-periode. Menuki: 6 x 2 cm Geschikt voor katana, tant\u014d en wakizashi. Wat is een menuki? Een menuki is een klein decoratief ornament dat wordt bevestigd [&hellip;]<\/p>\n","protected":false},"featured_media":13546,"template":"","meta":{"jetpack_post_was_ever_published":false},"product_brand":[],"product_cat":[349,347],"product_tag":[615,645,650,433,657],"class_list":{"0":"post-13544","1":"product","2":"type-product","3":"status-publish","4":"has-post-thumbnail","6":"product_cat-fuchi-kashira","7":"product_cat-menukis","8":"product_tag-koper-2","9":"product_tag-menuki","10":"product_tag-menukis","11":"product_tag-shakudo","12":"product_tag-tosogu","13":"product_shipping_class-light","15":"first","16":"instock","17":"featured","18":"sold-individually","19":"shipping-taxable","20":"purchasable","21":"product-type-simple"},"yoast_head":"<!-- This site is optimized with the Yoast SEO plugin v27.5 - https:\/\/yoast.com\/product\/yoast-seo-wordpress\/ -->\n<title>Menuki paarden in shakud\u014d - Supein Nihonto<\/title>\n<meta name=\"description\" content=\"Prachtige menuki met paardenmotief in shakud\u014d en goudinleg, met uitstekend vakmanschap en rijke details. Zeer goede staat voor hun leeftijd. Edo-periode.\" \/>\n<meta name=\"robots\" content=\"index, follow, max-snippet:-1, max-image-preview:large, max-video-preview:-1\" \/>\n<link rel=\"canonical\" href=\"https:\/\/www.supeinnihonto.com\/nl\/product\/menuki-paarden-in-shakudo\/\" \/>\n<meta property=\"og:locale\" content=\"nl_NL\" \/>\n<meta property=\"og:type\" content=\"article\" \/>\n<meta property=\"og:title\" content=\"Menuki paarden in shakud\u014d - Supein Nihonto\" \/>\n<meta property=\"og:description\" content=\"Prachtige menuki met paardenmotief in shakud\u014d en goudinleg, met uitstekend vakmanschap en rijke details. Zeer goede staat voor hun leeftijd. Edo-periode.\" \/>\n<meta property=\"og:url\" content=\"https:\/\/www.supeinnihonto.com\/nl\/product\/menuki-paarden-in-shakudo\/\" \/>\n<meta property=\"og:site_name\" content=\"Supein Nihonto\" \/>\n<meta property=\"article:modified_time\" content=\"2025-12-23T22:46:51+00:00\" \/>\n<meta property=\"og:image\" content=\"https:\/\/www.supeinnihonto.com\/wp-content\/uploads\/2024\/05\/DSC_5403-scaled.jpg\" \/>\n\t<meta property=\"og:image:width\" content=\"2560\" \/>\n\t<meta property=\"og:image:height\" content=\"1707\" \/>\n\t<meta property=\"og:image:type\" content=\"image\/jpeg\" \/>\n<meta name=\"twitter:card\" content=\"summary_large_image\" \/>\n<meta name=\"twitter:label1\" content=\"Geschatte leestijd\" \/>\n\t<meta name=\"twitter:data1\" content=\"2 minuten\" \/>\n<script type=\"application\/ld+json\" class=\"yoast-schema-graph\">{\"@context\":\"https:\\\/\\\/schema.org\",\"@graph\":[{\"@type\":\"WebPage\",\"@id\":\"https:\\\/\\\/www.supeinnihonto.com\\\/nl\\\/product\\\/menuki-paarden-in-shakudo\\\/\",\"url\":\"https:\\\/\\\/www.supeinnihonto.com\\\/nl\\\/product\\\/menuki-paarden-in-shakudo\\\/\",\"name\":\"Menuki paarden in shakud\u014d - Supein Nihonto\",\"isPartOf\":{\"@id\":\"https:\\\/\\\/www.supeinnihonto.com\\\/nl\\\/#website\"},\"primaryImageOfPage\":{\"@id\":\"https:\\\/\\\/www.supeinnihonto.com\\\/nl\\\/product\\\/menuki-paarden-in-shakudo\\\/#primaryimage\"},\"image\":{\"@id\":\"https:\\\/\\\/www.supeinnihonto.com\\\/nl\\\/product\\\/menuki-paarden-in-shakudo\\\/#primaryimage\"},\"thumbnailUrl\":\"https:\\\/\\\/i0.wp.com\\\/www.supeinnihonto.com\\\/wp-content\\\/uploads\\\/2024\\\/05\\\/DSC_5403-scaled.jpg?fit=2560%2C1707&ssl=1\",\"datePublished\":\"2024-05-31T10:11:38+00:00\",\"dateModified\":\"2025-12-23T22:46:51+00:00\",\"description\":\"Prachtige menuki met paardenmotief in shakud\u014d en goudinleg, met uitstekend vakmanschap en rijke details. Zeer goede staat voor hun leeftijd. Edo-periode.\",\"breadcrumb\":{\"@id\":\"https:\\\/\\\/www.supeinnihonto.com\\\/nl\\\/product\\\/menuki-paarden-in-shakudo\\\/#breadcrumb\"},\"inLanguage\":\"nl-NL\",\"potentialAction\":[{\"@type\":\"ReadAction\",\"target\":[\"https:\\\/\\\/www.supeinnihonto.com\\\/nl\\\/product\\\/menuki-paarden-in-shakudo\\\/\"]}]},{\"@type\":\"ImageObject\",\"inLanguage\":\"nl-NL\",\"@id\":\"https:\\\/\\\/www.supeinnihonto.com\\\/nl\\\/product\\\/menuki-paarden-in-shakudo\\\/#primaryimage\",\"url\":\"https:\\\/\\\/i0.wp.com\\\/www.supeinnihonto.com\\\/wp-content\\\/uploads\\\/2024\\\/05\\\/DSC_5403-scaled.jpg?fit=2560%2C1707&ssl=1\",\"contentUrl\":\"https:\\\/\\\/i0.wp.com\\\/www.supeinnihonto.com\\\/wp-content\\\/uploads\\\/2024\\\/05\\\/DSC_5403-scaled.jpg?fit=2560%2C1707&ssl=1\",\"width\":2560,\"height\":1707,\"caption\":\"Menuki horses shakudo\"},{\"@type\":\"BreadcrumbList\",\"@id\":\"https:\\\/\\\/www.supeinnihonto.com\\\/nl\\\/product\\\/menuki-paarden-in-shakudo\\\/#breadcrumb\",\"itemListElement\":[{\"@type\":\"ListItem\",\"position\":1,\"name\":\"Portada\",\"item\":\"https:\\\/\\\/www.supeinnihonto.com\\\/nl\\\/\"},{\"@type\":\"ListItem\",\"position\":2,\"name\":\"Shop\",\"item\":\"https:\\\/\\\/www.supeinnihonto.com\\\/nl\\\/shop\\\/\"},{\"@type\":\"ListItem\",\"position\":3,\"name\":\"Menuki paarden in shakud\u014d\"}]},{\"@type\":\"WebSite\",\"@id\":\"https:\\\/\\\/www.supeinnihonto.com\\\/nl\\\/#website\",\"url\":\"https:\\\/\\\/www.supeinnihonto.com\\\/nl\\\/\",\"name\":\"Supein Nihonto\",\"description\":\"Authentic japanese Nihonto katana \",\"publisher\":{\"@id\":\"https:\\\/\\\/www.supeinnihonto.com\\\/nl\\\/#organization\"},\"potentialAction\":[{\"@type\":\"SearchAction\",\"target\":{\"@type\":\"EntryPoint\",\"urlTemplate\":\"https:\\\/\\\/www.supeinnihonto.com\\\/nl\\\/?s={search_term_string}\"},\"query-input\":{\"@type\":\"PropertyValueSpecification\",\"valueRequired\":true,\"valueName\":\"search_term_string\"}}],\"inLanguage\":\"nl-NL\"},{\"@type\":\"Organization\",\"@id\":\"https:\\\/\\\/www.supeinnihonto.com\\\/nl\\\/#organization\",\"name\":\"SupeinNihonto\",\"url\":\"https:\\\/\\\/www.supeinnihonto.com\\\/nl\\\/\",\"logo\":{\"@type\":\"ImageObject\",\"inLanguage\":\"nl-NL\",\"@id\":\"https:\\\/\\\/www.supeinnihonto.com\\\/nl\\\/#\\\/schema\\\/logo\\\/image\\\/\",\"url\":\"https:\\\/\\\/www.supeinnihonto.com\\\/wp-content\\\/uploads\\\/2021\\\/11\\\/animation_Default_3szk0jcenoloop.gif\",\"contentUrl\":\"https:\\\/\\\/www.supeinnihonto.com\\\/wp-content\\\/uploads\\\/2021\\\/11\\\/animation_Default_3szk0jcenoloop.gif\",\"width\":750,\"height\":641,\"caption\":\"SupeinNihonto\"},\"image\":{\"@id\":\"https:\\\/\\\/www.supeinnihonto.com\\\/nl\\\/#\\\/schema\\\/logo\\\/image\\\/\"}}]}<\/script>\n<!-- \/ Yoast SEO plugin. -->","yoast_head_json":{"title":"Menuki paarden in shakud\u014d - Supein Nihonto","description":"Prachtige menuki met paardenmotief in shakud\u014d en goudinleg, met uitstekend vakmanschap en rijke details. Zeer goede staat voor hun leeftijd. Edo-periode.","robots":{"index":"index","follow":"follow","max-snippet":"max-snippet:-1","max-image-preview":"max-image-preview:large","max-video-preview":"max-video-preview:-1"},"canonical":"https:\/\/www.supeinnihonto.com\/nl\/product\/menuki-paarden-in-shakudo\/","og_locale":"nl_NL","og_type":"article","og_title":"Menuki paarden in shakud\u014d - Supein Nihonto","og_description":"Prachtige menuki met paardenmotief in shakud\u014d en goudinleg, met uitstekend vakmanschap en rijke details. Zeer goede staat voor hun leeftijd. Edo-periode.","og_url":"https:\/\/www.supeinnihonto.com\/nl\/product\/menuki-paarden-in-shakudo\/","og_site_name":"Supein Nihonto","article_modified_time":"2025-12-23T22:46:51+00:00","og_image":[{"width":2560,"height":1707,"url":"https:\/\/www.supeinnihonto.com\/wp-content\/uploads\/2024\/05\/DSC_5403-scaled.jpg","type":"image\/jpeg"}],"twitter_card":"summary_large_image","twitter_misc":{"Geschatte leestijd":"2 minuten"},"schema":{"@context":"https:\/\/schema.org","@graph":[{"@type":"WebPage","@id":"https:\/\/www.supeinnihonto.com\/nl\/product\/menuki-paarden-in-shakudo\/","url":"https:\/\/www.supeinnihonto.com\/nl\/product\/menuki-paarden-in-shakudo\/","name":"Menuki paarden in shakud\u014d - Supein Nihonto","isPartOf":{"@id":"https:\/\/www.supeinnihonto.com\/nl\/#website"},"primaryImageOfPage":{"@id":"https:\/\/www.supeinnihonto.com\/nl\/product\/menuki-paarden-in-shakudo\/#primaryimage"},"image":{"@id":"https:\/\/www.supeinnihonto.com\/nl\/product\/menuki-paarden-in-shakudo\/#primaryimage"},"thumbnailUrl":"https:\/\/i0.wp.com\/www.supeinnihonto.com\/wp-content\/uploads\/2024\/05\/DSC_5403-scaled.jpg?fit=2560%2C1707&ssl=1","datePublished":"2024-05-31T10:11:38+00:00","dateModified":"2025-12-23T22:46:51+00:00","description":"Prachtige menuki met paardenmotief in shakud\u014d en goudinleg, met uitstekend vakmanschap en rijke details. Zeer goede staat voor hun leeftijd. Edo-periode.","breadcrumb":{"@id":"https:\/\/www.supeinnihonto.com\/nl\/product\/menuki-paarden-in-shakudo\/#breadcrumb"},"inLanguage":"nl-NL","potentialAction":[{"@type":"ReadAction","target":["https:\/\/www.supeinnihonto.com\/nl\/product\/menuki-paarden-in-shakudo\/"]}]},{"@type":"ImageObject","inLanguage":"nl-NL","@id":"https:\/\/www.supeinnihonto.com\/nl\/product\/menuki-paarden-in-shakudo\/#primaryimage","url":"https:\/\/i0.wp.com\/www.supeinnihonto.com\/wp-content\/uploads\/2024\/05\/DSC_5403-scaled.jpg?fit=2560%2C1707&ssl=1","contentUrl":"https:\/\/i0.wp.com\/www.supeinnihonto.com\/wp-content\/uploads\/2024\/05\/DSC_5403-scaled.jpg?fit=2560%2C1707&ssl=1","width":2560,"height":1707,"caption":"Menuki horses shakudo"},{"@type":"BreadcrumbList","@id":"https:\/\/www.supeinnihonto.com\/nl\/product\/menuki-paarden-in-shakudo\/#breadcrumb","itemListElement":[{"@type":"ListItem","position":1,"name":"Portada","item":"https:\/\/www.supeinnihonto.com\/nl\/"},{"@type":"ListItem","position":2,"name":"Shop","item":"https:\/\/www.supeinnihonto.com\/nl\/shop\/"},{"@type":"ListItem","position":3,"name":"Menuki paarden in shakud\u014d"}]},{"@type":"WebSite","@id":"https:\/\/www.supeinnihonto.com\/nl\/#website","url":"https:\/\/www.supeinnihonto.com\/nl\/","name":"Supein Nihonto","description":"Authentic japanese Nihonto katana ","publisher":{"@id":"https:\/\/www.supeinnihonto.com\/nl\/#organization"},"potentialAction":[{"@type":"SearchAction","target":{"@type":"EntryPoint","urlTemplate":"https:\/\/www.supeinnihonto.com\/nl\/?s={search_term_string}"},"query-input":{"@type":"PropertyValueSpecification","valueRequired":true,"valueName":"search_term_string"}}],"inLanguage":"nl-NL"},{"@type":"Organization","@id":"https:\/\/www.supeinnihonto.com\/nl\/#organization","name":"SupeinNihonto","url":"https:\/\/www.supeinnihonto.com\/nl\/","logo":{"@type":"ImageObject","inLanguage":"nl-NL","@id":"https:\/\/www.supeinnihonto.com\/nl\/#\/schema\/logo\/image\/","url":"https:\/\/www.supeinnihonto.com\/wp-content\/uploads\/2021\/11\/animation_Default_3szk0jcenoloop.gif","contentUrl":"https:\/\/www.supeinnihonto.com\/wp-content\/uploads\/2021\/11\/animation_Default_3szk0jcenoloop.gif","width":750,"height":641,"caption":"SupeinNihonto"},"image":{"@id":"https:\/\/www.supeinnihonto.com\/nl\/#\/schema\/logo\/image\/"}}]}},"jetpack-related-posts":[{"id":14457,"url":"https:\/\/www.supeinnihonto.com\/nl\/product\/shakudo-fuchi-kashira-met-apen\/","url_meta":{"origin":13544,"position":0},"title":"Shakud\u014d-fuchi-kashira met apen","author":"Supein Nihonto","date":"13 de mei de 2024","format":false,"excerpt":"Object: Fuchi-kashira van shakud\u014d met apen. Shakud\u014d-nanako in reli\u00ebf gegraveerd en ingelegd met goud en andere metalen en legeringen, met een niet-ge\u00efdentificeerde historische sc\u00e8ne met jagers en apen, gesigneerd Soheishi Nyudo Soten sei. Zeer gedetailleerd stuk met prachtige reli\u00ebfs. Edo-periode. Fuchi: 4 x 2,4 cm Kashira: 3,5 x 1,7 cm\u2026","rel":"","context":"Soortgelijk bericht","block_context":{"text":"Soortgelijk bericht","link":""},"img":{"alt_text":"sold","src":"https:\/\/i0.wp.com\/www.supeinnihonto.com\/wp-content\/uploads\/2024\/02\/logo-sold-scaled.png?fit=1200%2C720&ssl=1&resize=350%2C200","width":350,"height":200,"srcset":"https:\/\/i0.wp.com\/www.supeinnihonto.com\/wp-content\/uploads\/2024\/02\/logo-sold-scaled.png?fit=1200%2C720&ssl=1&resize=350%2C200 1x, https:\/\/i0.wp.com\/www.supeinnihonto.com\/wp-content\/uploads\/2024\/02\/logo-sold-scaled.png?fit=1200%2C720&ssl=1&resize=525%2C300 1.5x, https:\/\/i0.wp.com\/www.supeinnihonto.com\/wp-content\/uploads\/2024\/02\/logo-sold-scaled.png?fit=1200%2C720&ssl=1&resize=700%2C400 2x, https:\/\/i0.wp.com\/www.supeinnihonto.com\/wp-content\/uploads\/2024\/02\/logo-sold-scaled.png?fit=1200%2C720&ssl=1&resize=1050%2C600 3x"},"classes":[]},{"id":14645,"url":"https:\/\/www.supeinnihonto.com\/nl\/product\/fuchi-kashira-van-shakudo-met-paarden\/","url_meta":{"origin":13544,"position":1},"title":"Fuchi Kashira van shakud\u014d met paarden","author":"Supein Nihonto","date":"13 de mei de 2024","format":false,"excerpt":"Object: Fuchi Kashira van shakud\u014d met paarden. Uitstekend fuchi-kashira-paar, zeer fijn gesneden en rijk aan details. Gemaakt van shakud\u014d, ingelegd met paarden en stalknechten in een dennenbos, gesigneerd Soheishi Kitagawa Ny\u016bd\u014d S\u014dten sei. S\u014dten-school. Door de eeuwen heen zeer goed bewaard gebleven. Edo-periode. Fuchi: 4 x 2,5 cm Kashira: 3,8\u2026","rel":"","context":"Soortgelijk bericht","block_context":{"text":"Soortgelijk bericht","link":""},"img":{"alt_text":"Fuchi Kashira shakudo Battle","src":"https:\/\/i0.wp.com\/www.supeinnihonto.com\/wp-content\/uploads\/2024\/05\/DSC_3892-scaled.jpg?fit=1200%2C800&ssl=1&resize=350%2C200","width":350,"height":200,"srcset":"https:\/\/i0.wp.com\/www.supeinnihonto.com\/wp-content\/uploads\/2024\/05\/DSC_3892-scaled.jpg?fit=1200%2C800&ssl=1&resize=350%2C200 1x, https:\/\/i0.wp.com\/www.supeinnihonto.com\/wp-content\/uploads\/2024\/05\/DSC_3892-scaled.jpg?fit=1200%2C800&ssl=1&resize=525%2C300 1.5x, https:\/\/i0.wp.com\/www.supeinnihonto.com\/wp-content\/uploads\/2024\/05\/DSC_3892-scaled.jpg?fit=1200%2C800&ssl=1&resize=700%2C400 2x, https:\/\/i0.wp.com\/www.supeinnihonto.com\/wp-content\/uploads\/2024\/05\/DSC_3892-scaled.jpg?fit=1200%2C800&ssl=1&resize=1050%2C600 3x"},"classes":[]},{"id":14629,"url":"https:\/\/www.supeinnihonto.com\/nl\/product\/fuchi-kashira-van-shakudo-met-ossenmotief\/","url_meta":{"origin":13544,"position":2},"title":"Fuchi kashira van shakud\u014d met ossenmotief","author":"Supein Nihonto","date":"13 de mei de 2024","format":false,"excerpt":"Object: Fuchi kashira van shakud\u014d met ossenmotief. Fuchi Kashira van shakud\u014d met een voorstelling van de veedrijver Kengy\u016b (Chinees: Qianniu) die een os door de wolken leidt, gesigneerd Asami Hoky\u016b (Haynes 1613, waarbij de familienaam daar foutief als Asagai werd gelezen) met kao. Zeer gedetailleerd stuk met uitstekende snijwerk van\u2026","rel":"","context":"Soortgelijk bericht","block_context":{"text":"Soortgelijk bericht","link":""},"img":{"alt_text":"Fuchi kashira shakudo ox","src":"https:\/\/i0.wp.com\/www.supeinnihonto.com\/wp-content\/uploads\/2024\/05\/DSC_3882-scaled.jpg?fit=1200%2C800&ssl=1&resize=350%2C200","width":350,"height":200,"srcset":"https:\/\/i0.wp.com\/www.supeinnihonto.com\/wp-content\/uploads\/2024\/05\/DSC_3882-scaled.jpg?fit=1200%2C800&ssl=1&resize=350%2C200 1x, https:\/\/i0.wp.com\/www.supeinnihonto.com\/wp-content\/uploads\/2024\/05\/DSC_3882-scaled.jpg?fit=1200%2C800&ssl=1&resize=525%2C300 1.5x, https:\/\/i0.wp.com\/www.supeinnihonto.com\/wp-content\/uploads\/2024\/05\/DSC_3882-scaled.jpg?fit=1200%2C800&ssl=1&resize=700%2C400 2x, https:\/\/i0.wp.com\/www.supeinnihonto.com\/wp-content\/uploads\/2024\/05\/DSC_3882-scaled.jpg?fit=1200%2C800&ssl=1&resize=1050%2C600 3x"},"classes":[]},{"id":14425,"url":"https:\/\/www.supeinnihonto.com\/nl\/product\/kashira-shakudo-bishamonten\/","url_meta":{"origin":13544,"position":3},"title":"Kashira shakudo Bishamonten","author":"ericmontero","date":"14 de mei de 2024","format":false,"excerpt":"Object: Kashira van shakud\u014d met Bishamonten. Kashira met uitstekende gravure van Bishamonten, een van de Shichifukujin of Zeven Geluksgoden. Helaas is alleen de kashira bewaard gebleven, maar het is nog steeds een prachtig verzamelobject. Met de bijpassende fuchi-set zou de waarde waarschijnlijk vier keer zo hoog zijn. Kashira: 3,6 x\u2026","rel":"","context":"Soortgelijk bericht","block_context":{"text":"Soortgelijk bericht","link":""},"img":{"alt_text":"Kashira shakudo","src":"https:\/\/i0.wp.com\/www.supeinnihonto.com\/wp-content\/uploads\/2024\/05\/DSC_3803-scaled.jpg?fit=1200%2C800&ssl=1&resize=350%2C200","width":350,"height":200,"srcset":"https:\/\/i0.wp.com\/www.supeinnihonto.com\/wp-content\/uploads\/2024\/05\/DSC_3803-scaled.jpg?fit=1200%2C800&ssl=1&resize=350%2C200 1x, https:\/\/i0.wp.com\/www.supeinnihonto.com\/wp-content\/uploads\/2024\/05\/DSC_3803-scaled.jpg?fit=1200%2C800&ssl=1&resize=525%2C300 1.5x, https:\/\/i0.wp.com\/www.supeinnihonto.com\/wp-content\/uploads\/2024\/05\/DSC_3803-scaled.jpg?fit=1200%2C800&ssl=1&resize=700%2C400 2x, https:\/\/i0.wp.com\/www.supeinnihonto.com\/wp-content\/uploads\/2024\/05\/DSC_3803-scaled.jpg?fit=1200%2C800&ssl=1&resize=1050%2C600 3x"},"classes":[]},{"id":11131,"url":"https:\/\/www.supeinnihonto.com\/nl\/product\/nihonto-wakizashi-shakudo-fuchikashira\/","url_meta":{"origin":13544,"position":4},"title":"Nihonto Wakizashi Shakudo Fuchikashira","author":"ericmontero","date":"5 de november de 2025","format":false,"excerpt":"ITEMBESCHRIJVING: Wordt geleverd met kimono of katoenen tas. Wordt geleverd met certificaat van supein Nihonto. Mes: aanwezigheid van traditionele handgesmede techniek. De kissaki vertoont enkele oxidatieplekken nabij de boshi, maar de algehele geometrie van het lemmet blijft intact. De tang (nakago) heeft drie mekugi-ana, wat suggereert dat het lemmet meerdere\u2026","rel":"","context":"Soortgelijk bericht","block_context":{"text":"Soortgelijk bericht","link":""},"img":{"alt_text":"","src":"https:\/\/i0.wp.com\/www.supeinnihonto.com\/wp-content\/uploads\/2025\/11\/DSC_2558-scaled-1.webp?fit=1200%2C685&ssl=1&resize=350%2C200","width":350,"height":200,"srcset":"https:\/\/i0.wp.com\/www.supeinnihonto.com\/wp-content\/uploads\/2025\/11\/DSC_2558-scaled-1.webp?fit=1200%2C685&ssl=1&resize=350%2C200 1x, https:\/\/i0.wp.com\/www.supeinnihonto.com\/wp-content\/uploads\/2025\/11\/DSC_2558-scaled-1.webp?fit=1200%2C685&ssl=1&resize=525%2C300 1.5x, https:\/\/i0.wp.com\/www.supeinnihonto.com\/wp-content\/uploads\/2025\/11\/DSC_2558-scaled-1.webp?fit=1200%2C685&ssl=1&resize=700%2C400 2x, https:\/\/i0.wp.com\/www.supeinnihonto.com\/wp-content\/uploads\/2025\/11\/DSC_2558-scaled-1.webp?fit=1200%2C685&ssl=1&resize=1050%2C600 3x"},"classes":[]},{"id":14477,"url":"https:\/\/www.supeinnihonto.com\/nl\/product\/fuchi-kashira-van-shakudo-rivier-de-uji\/","url_meta":{"origin":13544,"position":5},"title":"Fuchi-kashira van shakud\u014d, rivier de Uji","author":"Supein Nihonto","date":"14 de mei de 2024","format":false,"excerpt":"Object: Fuchi-kashira van shakud\u014d, rivier de Uji. Shakud\u014d-nanako in reli\u00ebf gegraveerd en ingelegd met goud en andere metalen en legeringen. Historische sc\u00e8ne met Genta Kagesue en Sasaki Takatsuna die de Uji-rivier oversteken in een race. Prachtig reli\u00ebf. Edo-periode. Fuchi: 4 x 2,4 cm Kashira: 3,5 x 1,9 cm Geschikt voor\u2026","rel":"","context":"Soortgelijk bericht","block_context":{"text":"Soortgelijk bericht","link":""},"img":{"alt_text":"Fuchi kashira shakudo uji river","src":"https:\/\/i0.wp.com\/www.supeinnihonto.com\/wp-content\/uploads\/2024\/05\/DSC_3839-scaled.jpg?fit=1200%2C800&ssl=1&resize=350%2C200","width":350,"height":200,"srcset":"https:\/\/i0.wp.com\/www.supeinnihonto.com\/wp-content\/uploads\/2024\/05\/DSC_3839-scaled.jpg?fit=1200%2C800&ssl=1&resize=350%2C200 1x, https:\/\/i0.wp.com\/www.supeinnihonto.com\/wp-content\/uploads\/2024\/05\/DSC_3839-scaled.jpg?fit=1200%2C800&ssl=1&resize=525%2C300 1.5x, https:\/\/i0.wp.com\/www.supeinnihonto.com\/wp-content\/uploads\/2024\/05\/DSC_3839-scaled.jpg?fit=1200%2C800&ssl=1&resize=700%2C400 2x, https:\/\/i0.wp.com\/www.supeinnihonto.com\/wp-content\/uploads\/2024\/05\/DSC_3839-scaled.jpg?fit=1200%2C800&ssl=1&resize=1050%2C600 3x"},"classes":[]}],"jetpack_sharing_enabled":true,"_links":{"self":[{"href":"https:\/\/www.supeinnihonto.com\/nl\/wp-json\/wp\/v2\/product\/13544","targetHints":{"allow":["GET"]}}],"collection":[{"href":"https:\/\/www.supeinnihonto.com\/nl\/wp-json\/wp\/v2\/product"}],"about":[{"href":"https:\/\/www.supeinnihonto.com\/nl\/wp-json\/wp\/v2\/types\/product"}],"wp:featuredmedia":[{"embeddable":true,"href":"https:\/\/www.supeinnihonto.com\/nl\/wp-json\/wp\/v2\/media\/13546"}],"wp:attachment":[{"href":"https:\/\/www.supeinnihonto.com\/nl\/wp-json\/wp\/v2\/media?parent=13544"}],"wp:term":[{"taxonomy":"product_brand","embeddable":true,"href":"https:\/\/www.supeinnihonto.com\/nl\/wp-json\/wp\/v2\/product_brand?post=13544"},{"taxonomy":"product_cat","embeddable":true,"href":"https:\/\/www.supeinnihonto.com\/nl\/wp-json\/wp\/v2\/product_cat?post=13544"},{"taxonomy":"product_tag","embeddable":true,"href":"https:\/\/www.supeinnihonto.com\/nl\/wp-json\/wp\/v2\/product_tag?post=13544"}],"curies":[{"name":"wp","href":"https:\/\/api.w.org\/{rel}","templated":true}]}}