{"id":13492,"date":"2024-05-30T07:40:29","date_gmt":"2024-05-30T07:40:29","guid":{"rendered":"https:\/\/www.supeinnihonto.com\/product\/netsuke-manju-skulls-ivory\/"},"modified":"2025-12-24T19:29:43","modified_gmt":"2025-12-24T19:29:43","slug":"netsuke-manju-schedels-van-ivoor","status":"publish","type":"product","link":"https:\/\/www.supeinnihonto.com\/nl\/product\/netsuke-manju-schedels-van-ivoor\/","title":{"rendered":"Netsuke manju schedels van ivoor"},"content":{"rendered":"<p data-start=\"1633\" data-end=\"1651\">Gratis verzending.<\/p>\n<p data-start=\"1653\" data-end=\"1850\">Vreemde en zeldzame manju-netsuke met drie schedels in een spiraalvorm, die het <em data-start=\"1733\" data-end=\"1747\">memento mori<\/em> symboliseren. Gesigneerd \u201cMatsuyama\u201d. Meiji-periode. Wordt geleverd met certificaat en CITES-document.<\/p>\n<p data-start=\"1852\" data-end=\"1870\">3,6 x 3,6 x 3,6 cm<\/p>\n","protected":false},"excerpt":{"rendered":"<p>Gratis verzending. Vreemde en zeldzame manju-netsuke met drie schedels in een spiraalvorm, die het memento mori symboliseren. Gesigneerd \u201cMatsuyama\u201d. Meiji-periode. Wordt geleverd met certificaat en CITES-document. 3,6 x 3,6 x 3,6 cm<\/p>\n","protected":false},"featured_media":13493,"template":"","meta":{"jetpack_post_was_ever_published":false},"product_brand":[],"product_cat":[357],"product_tag":[630,648,649],"class_list":{"0":"post-13492","1":"product","2":"type-product","3":"status-publish","4":"has-post-thumbnail","6":"product_cat-netsuke","7":"product_tag-ivory","8":"product_tag-netsuke","9":"product_tag-okimono","10":"product_shipping_class-light","12":"first","13":"instock","14":"featured","15":"sold-individually","16":"shipping-taxable","17":"purchasable","18":"product-type-simple"},"yoast_head":"<!-- This site is optimized with the Yoast SEO plugin v27.5 - https:\/\/yoast.com\/product\/yoast-seo-wordpress\/ -->\n<title>Netsuke manju schedels van ivoor - Supein Nihonto<\/title>\n<meta name=\"description\" content=\"Vreemde en zeldzame manju-netsuke met drie schedels in een spiraalvorm, die het memento mori symboliseren. Gesigneerd \u201cMatsuyama\u201d. Meiji-periode. Wordt geleverd met certificaat en CITES-document.\" \/>\n<meta name=\"robots\" content=\"index, follow, max-snippet:-1, max-image-preview:large, max-video-preview:-1\" \/>\n<link rel=\"canonical\" href=\"https:\/\/www.supeinnihonto.com\/nl\/product\/netsuke-manju-schedels-van-ivoor\/\" \/>\n<meta property=\"og:locale\" content=\"nl_NL\" \/>\n<meta property=\"og:type\" content=\"article\" \/>\n<meta property=\"og:title\" content=\"Netsuke manju schedels van ivoor - Supein Nihonto\" \/>\n<meta property=\"og:description\" content=\"Vreemde en zeldzame manju-netsuke met drie schedels in een spiraalvorm, die het memento mori symboliseren. Gesigneerd \u201cMatsuyama\u201d. Meiji-periode. Wordt geleverd met certificaat en CITES-document.\" \/>\n<meta property=\"og:url\" content=\"https:\/\/www.supeinnihonto.com\/nl\/product\/netsuke-manju-schedels-van-ivoor\/\" \/>\n<meta property=\"og:site_name\" content=\"Supein Nihonto\" \/>\n<meta property=\"article:modified_time\" content=\"2025-12-24T19:29:43+00:00\" \/>\n<meta property=\"og:image\" content=\"https:\/\/www.supeinnihonto.com\/wp-content\/uploads\/2024\/05\/DSC_4662-scaled.jpg\" \/>\n\t<meta property=\"og:image:width\" content=\"2560\" \/>\n\t<meta property=\"og:image:height\" content=\"1707\" \/>\n\t<meta property=\"og:image:type\" content=\"image\/jpeg\" \/>\n<meta name=\"twitter:card\" content=\"summary_large_image\" \/>\n<meta name=\"twitter:label1\" content=\"Geschatte leestijd\" \/>\n\t<meta name=\"twitter:data1\" content=\"1 minuut\" \/>\n<script type=\"application\/ld+json\" class=\"yoast-schema-graph\">{\"@context\":\"https:\\\/\\\/schema.org\",\"@graph\":[{\"@type\":\"WebPage\",\"@id\":\"https:\\\/\\\/www.supeinnihonto.com\\\/nl\\\/product\\\/netsuke-manju-schedels-van-ivoor\\\/\",\"url\":\"https:\\\/\\\/www.supeinnihonto.com\\\/nl\\\/product\\\/netsuke-manju-schedels-van-ivoor\\\/\",\"name\":\"Netsuke manju schedels van ivoor - Supein Nihonto\",\"isPartOf\":{\"@id\":\"https:\\\/\\\/www.supeinnihonto.com\\\/nl\\\/#website\"},\"primaryImageOfPage\":{\"@id\":\"https:\\\/\\\/www.supeinnihonto.com\\\/nl\\\/product\\\/netsuke-manju-schedels-van-ivoor\\\/#primaryimage\"},\"image\":{\"@id\":\"https:\\\/\\\/www.supeinnihonto.com\\\/nl\\\/product\\\/netsuke-manju-schedels-van-ivoor\\\/#primaryimage\"},\"thumbnailUrl\":\"https:\\\/\\\/i0.wp.com\\\/www.supeinnihonto.com\\\/wp-content\\\/uploads\\\/2024\\\/05\\\/DSC_4662-scaled.jpg?fit=2560%2C1707&ssl=1\",\"datePublished\":\"2024-05-30T07:40:29+00:00\",\"dateModified\":\"2025-12-24T19:29:43+00:00\",\"description\":\"Vreemde en zeldzame manju-netsuke met drie schedels in een spiraalvorm, die het memento mori symboliseren. Gesigneerd \u201cMatsuyama\u201d. Meiji-periode. Wordt geleverd met certificaat en CITES-document.\",\"breadcrumb\":{\"@id\":\"https:\\\/\\\/www.supeinnihonto.com\\\/nl\\\/product\\\/netsuke-manju-schedels-van-ivoor\\\/#breadcrumb\"},\"inLanguage\":\"nl-NL\",\"potentialAction\":[{\"@type\":\"ReadAction\",\"target\":[\"https:\\\/\\\/www.supeinnihonto.com\\\/nl\\\/product\\\/netsuke-manju-schedels-van-ivoor\\\/\"]}]},{\"@type\":\"ImageObject\",\"inLanguage\":\"nl-NL\",\"@id\":\"https:\\\/\\\/www.supeinnihonto.com\\\/nl\\\/product\\\/netsuke-manju-schedels-van-ivoor\\\/#primaryimage\",\"url\":\"https:\\\/\\\/i0.wp.com\\\/www.supeinnihonto.com\\\/wp-content\\\/uploads\\\/2024\\\/05\\\/DSC_4662-scaled.jpg?fit=2560%2C1707&ssl=1\",\"contentUrl\":\"https:\\\/\\\/i0.wp.com\\\/www.supeinnihonto.com\\\/wp-content\\\/uploads\\\/2024\\\/05\\\/DSC_4662-scaled.jpg?fit=2560%2C1707&ssl=1\",\"width\":2560,\"height\":1707,\"caption\":\"Netsuke manju skulls ivory\"},{\"@type\":\"BreadcrumbList\",\"@id\":\"https:\\\/\\\/www.supeinnihonto.com\\\/nl\\\/product\\\/netsuke-manju-schedels-van-ivoor\\\/#breadcrumb\",\"itemListElement\":[{\"@type\":\"ListItem\",\"position\":1,\"name\":\"Portada\",\"item\":\"https:\\\/\\\/www.supeinnihonto.com\\\/nl\\\/\"},{\"@type\":\"ListItem\",\"position\":2,\"name\":\"Shop\",\"item\":\"https:\\\/\\\/www.supeinnihonto.com\\\/nl\\\/shop\\\/\"},{\"@type\":\"ListItem\",\"position\":3,\"name\":\"Netsuke manju schedels van ivoor\"}]},{\"@type\":\"WebSite\",\"@id\":\"https:\\\/\\\/www.supeinnihonto.com\\\/nl\\\/#website\",\"url\":\"https:\\\/\\\/www.supeinnihonto.com\\\/nl\\\/\",\"name\":\"Supein Nihonto\",\"description\":\"Authentic japanese Nihonto katana \",\"publisher\":{\"@id\":\"https:\\\/\\\/www.supeinnihonto.com\\\/nl\\\/#organization\"},\"potentialAction\":[{\"@type\":\"SearchAction\",\"target\":{\"@type\":\"EntryPoint\",\"urlTemplate\":\"https:\\\/\\\/www.supeinnihonto.com\\\/nl\\\/?s={search_term_string}\"},\"query-input\":{\"@type\":\"PropertyValueSpecification\",\"valueRequired\":true,\"valueName\":\"search_term_string\"}}],\"inLanguage\":\"nl-NL\"},{\"@type\":\"Organization\",\"@id\":\"https:\\\/\\\/www.supeinnihonto.com\\\/nl\\\/#organization\",\"name\":\"SupeinNihonto\",\"url\":\"https:\\\/\\\/www.supeinnihonto.com\\\/nl\\\/\",\"logo\":{\"@type\":\"ImageObject\",\"inLanguage\":\"nl-NL\",\"@id\":\"https:\\\/\\\/www.supeinnihonto.com\\\/nl\\\/#\\\/schema\\\/logo\\\/image\\\/\",\"url\":\"https:\\\/\\\/www.supeinnihonto.com\\\/wp-content\\\/uploads\\\/2021\\\/11\\\/animation_Default_3szk0jcenoloop.gif\",\"contentUrl\":\"https:\\\/\\\/www.supeinnihonto.com\\\/wp-content\\\/uploads\\\/2021\\\/11\\\/animation_Default_3szk0jcenoloop.gif\",\"width\":750,\"height\":641,\"caption\":\"SupeinNihonto\"},\"image\":{\"@id\":\"https:\\\/\\\/www.supeinnihonto.com\\\/nl\\\/#\\\/schema\\\/logo\\\/image\\\/\"}}]}<\/script>\n<!-- \/ Yoast SEO plugin. -->","yoast_head_json":{"title":"Netsuke manju schedels van ivoor - Supein Nihonto","description":"Vreemde en zeldzame manju-netsuke met drie schedels in een spiraalvorm, die het memento mori symboliseren. Gesigneerd \u201cMatsuyama\u201d. Meiji-periode. Wordt geleverd met certificaat en CITES-document.","robots":{"index":"index","follow":"follow","max-snippet":"max-snippet:-1","max-image-preview":"max-image-preview:large","max-video-preview":"max-video-preview:-1"},"canonical":"https:\/\/www.supeinnihonto.com\/nl\/product\/netsuke-manju-schedels-van-ivoor\/","og_locale":"nl_NL","og_type":"article","og_title":"Netsuke manju schedels van ivoor - Supein Nihonto","og_description":"Vreemde en zeldzame manju-netsuke met drie schedels in een spiraalvorm, die het memento mori symboliseren. Gesigneerd \u201cMatsuyama\u201d. Meiji-periode. Wordt geleverd met certificaat en CITES-document.","og_url":"https:\/\/www.supeinnihonto.com\/nl\/product\/netsuke-manju-schedels-van-ivoor\/","og_site_name":"Supein Nihonto","article_modified_time":"2025-12-24T19:29:43+00:00","og_image":[{"width":2560,"height":1707,"url":"https:\/\/www.supeinnihonto.com\/wp-content\/uploads\/2024\/05\/DSC_4662-scaled.jpg","type":"image\/jpeg"}],"twitter_card":"summary_large_image","twitter_misc":{"Geschatte leestijd":"1 minuut"},"schema":{"@context":"https:\/\/schema.org","@graph":[{"@type":"WebPage","@id":"https:\/\/www.supeinnihonto.com\/nl\/product\/netsuke-manju-schedels-van-ivoor\/","url":"https:\/\/www.supeinnihonto.com\/nl\/product\/netsuke-manju-schedels-van-ivoor\/","name":"Netsuke manju schedels van ivoor - Supein Nihonto","isPartOf":{"@id":"https:\/\/www.supeinnihonto.com\/nl\/#website"},"primaryImageOfPage":{"@id":"https:\/\/www.supeinnihonto.com\/nl\/product\/netsuke-manju-schedels-van-ivoor\/#primaryimage"},"image":{"@id":"https:\/\/www.supeinnihonto.com\/nl\/product\/netsuke-manju-schedels-van-ivoor\/#primaryimage"},"thumbnailUrl":"https:\/\/i0.wp.com\/www.supeinnihonto.com\/wp-content\/uploads\/2024\/05\/DSC_4662-scaled.jpg?fit=2560%2C1707&ssl=1","datePublished":"2024-05-30T07:40:29+00:00","dateModified":"2025-12-24T19:29:43+00:00","description":"Vreemde en zeldzame manju-netsuke met drie schedels in een spiraalvorm, die het memento mori symboliseren. Gesigneerd \u201cMatsuyama\u201d. Meiji-periode. Wordt geleverd met certificaat en CITES-document.","breadcrumb":{"@id":"https:\/\/www.supeinnihonto.com\/nl\/product\/netsuke-manju-schedels-van-ivoor\/#breadcrumb"},"inLanguage":"nl-NL","potentialAction":[{"@type":"ReadAction","target":["https:\/\/www.supeinnihonto.com\/nl\/product\/netsuke-manju-schedels-van-ivoor\/"]}]},{"@type":"ImageObject","inLanguage":"nl-NL","@id":"https:\/\/www.supeinnihonto.com\/nl\/product\/netsuke-manju-schedels-van-ivoor\/#primaryimage","url":"https:\/\/i0.wp.com\/www.supeinnihonto.com\/wp-content\/uploads\/2024\/05\/DSC_4662-scaled.jpg?fit=2560%2C1707&ssl=1","contentUrl":"https:\/\/i0.wp.com\/www.supeinnihonto.com\/wp-content\/uploads\/2024\/05\/DSC_4662-scaled.jpg?fit=2560%2C1707&ssl=1","width":2560,"height":1707,"caption":"Netsuke manju skulls ivory"},{"@type":"BreadcrumbList","@id":"https:\/\/www.supeinnihonto.com\/nl\/product\/netsuke-manju-schedels-van-ivoor\/#breadcrumb","itemListElement":[{"@type":"ListItem","position":1,"name":"Portada","item":"https:\/\/www.supeinnihonto.com\/nl\/"},{"@type":"ListItem","position":2,"name":"Shop","item":"https:\/\/www.supeinnihonto.com\/nl\/shop\/"},{"@type":"ListItem","position":3,"name":"Netsuke manju schedels van ivoor"}]},{"@type":"WebSite","@id":"https:\/\/www.supeinnihonto.com\/nl\/#website","url":"https:\/\/www.supeinnihonto.com\/nl\/","name":"Supein Nihonto","description":"Authentic japanese Nihonto katana ","publisher":{"@id":"https:\/\/www.supeinnihonto.com\/nl\/#organization"},"potentialAction":[{"@type":"SearchAction","target":{"@type":"EntryPoint","urlTemplate":"https:\/\/www.supeinnihonto.com\/nl\/?s={search_term_string}"},"query-input":{"@type":"PropertyValueSpecification","valueRequired":true,"valueName":"search_term_string"}}],"inLanguage":"nl-NL"},{"@type":"Organization","@id":"https:\/\/www.supeinnihonto.com\/nl\/#organization","name":"SupeinNihonto","url":"https:\/\/www.supeinnihonto.com\/nl\/","logo":{"@type":"ImageObject","inLanguage":"nl-NL","@id":"https:\/\/www.supeinnihonto.com\/nl\/#\/schema\/logo\/image\/","url":"https:\/\/www.supeinnihonto.com\/wp-content\/uploads\/2021\/11\/animation_Default_3szk0jcenoloop.gif","contentUrl":"https:\/\/www.supeinnihonto.com\/wp-content\/uploads\/2021\/11\/animation_Default_3szk0jcenoloop.gif","width":750,"height":641,"caption":"SupeinNihonto"},"image":{"@id":"https:\/\/www.supeinnihonto.com\/nl\/#\/schema\/logo\/image\/"}}]}},"jetpack-related-posts":[{"id":13494,"url":"https:\/\/www.supeinnihonto.com\/fr\/produit\/netsuke-manju-cranes-en-ivoire\/","url_meta":{"origin":13492,"position":0},"title":"Netsuke manju cr\u00e2nes en ivoire","author":"Supein Nihonto","date":"30 de mei de 2024","format":false,"excerpt":"Livraison gratuite. \u00c9trange netsuke manju repr\u00e9sentant trois cr\u00e2nes dispos\u00e9s en spirale, symbolisant le memento mori. Sign\u00e9 \u00ab Matsuyama \u00bb. P\u00e9riode Meiji. Livr\u00e9 avec certificat et document CITES. 3,6 x 3,6 x 3,6 cm","rel":"","context":"Soortgelijk bericht","block_context":{"text":"Soortgelijk bericht","link":""},"img":{"alt_text":"Netsuke manju skulls ivory","src":"https:\/\/i0.wp.com\/www.supeinnihonto.com\/wp-content\/uploads\/2024\/05\/DSC_4662-scaled.jpg?fit=1200%2C800&ssl=1&resize=350%2C200","width":350,"height":200,"srcset":"https:\/\/i0.wp.com\/www.supeinnihonto.com\/wp-content\/uploads\/2024\/05\/DSC_4662-scaled.jpg?fit=1200%2C800&ssl=1&resize=350%2C200 1x, https:\/\/i0.wp.com\/www.supeinnihonto.com\/wp-content\/uploads\/2024\/05\/DSC_4662-scaled.jpg?fit=1200%2C800&ssl=1&resize=525%2C300 1.5x, https:\/\/i0.wp.com\/www.supeinnihonto.com\/wp-content\/uploads\/2024\/05\/DSC_4662-scaled.jpg?fit=1200%2C800&ssl=1&resize=700%2C400 2x, https:\/\/i0.wp.com\/www.supeinnihonto.com\/wp-content\/uploads\/2024\/05\/DSC_4662-scaled.jpg?fit=1200%2C800&ssl=1&resize=1050%2C600 3x"},"classes":[]},{"id":3656,"url":"https:\/\/www.supeinnihonto.com\/product\/netsuke-manju-skulls-ivory\/","url_meta":{"origin":13492,"position":1},"title":"Netsuke manju skulls ivory","author":"Supein Nihonto","date":"30 de mei de 2024","format":false,"excerpt":"Free shipping. Strange manju netsuke of three skulls on a spiral representing momento mori. Signed \"Matsuyama\". Meiji Period. Comes with certificate CITES document. 3,6 x 3,6 x 3,6 cm","rel":"","context":"Soortgelijk bericht","block_context":{"text":"Soortgelijk bericht","link":""},"img":{"alt_text":"Netsuke manju skulls ivory","src":"https:\/\/i0.wp.com\/www.supeinnihonto.com\/wp-content\/uploads\/2024\/05\/DSC_4662-scaled.jpg?fit=1200%2C800&ssl=1&resize=350%2C200","width":350,"height":200,"srcset":"https:\/\/i0.wp.com\/www.supeinnihonto.com\/wp-content\/uploads\/2024\/05\/DSC_4662-scaled.jpg?fit=1200%2C800&ssl=1&resize=350%2C200 1x, https:\/\/i0.wp.com\/www.supeinnihonto.com\/wp-content\/uploads\/2024\/05\/DSC_4662-scaled.jpg?fit=1200%2C800&ssl=1&resize=525%2C300 1.5x, https:\/\/i0.wp.com\/www.supeinnihonto.com\/wp-content\/uploads\/2024\/05\/DSC_4662-scaled.jpg?fit=1200%2C800&ssl=1&resize=700%2C400 2x, https:\/\/i0.wp.com\/www.supeinnihonto.com\/wp-content\/uploads\/2024\/05\/DSC_4662-scaled.jpg?fit=1200%2C800&ssl=1&resize=1050%2C600 3x"},"classes":[]},{"id":13498,"url":"https:\/\/www.supeinnihonto.com\/it\/prodotto\/netsuke-manju-con-teschi-in-avorio\/","url_meta":{"origin":13492,"position":2},"title":"Netsuke manju con teschi in avorio","author":"Supein Nihonto","date":"30 de mei de 2024","format":false,"excerpt":"Spedizione gratuita. Singolare netsuke manju raffigurante tre teschi disposti a spirale, simbolo del memento mori. Firmato \u201cMatsuyama\u201d. Periodo Meiji. Fornito con certificato e documento CITES. 3,6 x 3,6 x 3,6 cm","rel":"","context":"Soortgelijk bericht","block_context":{"text":"Soortgelijk bericht","link":""},"img":{"alt_text":"Netsuke manju skulls ivory","src":"https:\/\/i0.wp.com\/www.supeinnihonto.com\/wp-content\/uploads\/2024\/05\/DSC_4662-scaled.jpg?fit=1200%2C800&ssl=1&resize=350%2C200","width":350,"height":200,"srcset":"https:\/\/i0.wp.com\/www.supeinnihonto.com\/wp-content\/uploads\/2024\/05\/DSC_4662-scaled.jpg?fit=1200%2C800&ssl=1&resize=350%2C200 1x, https:\/\/i0.wp.com\/www.supeinnihonto.com\/wp-content\/uploads\/2024\/05\/DSC_4662-scaled.jpg?fit=1200%2C800&ssl=1&resize=525%2C300 1.5x, https:\/\/i0.wp.com\/www.supeinnihonto.com\/wp-content\/uploads\/2024\/05\/DSC_4662-scaled.jpg?fit=1200%2C800&ssl=1&resize=700%2C400 2x, https:\/\/i0.wp.com\/www.supeinnihonto.com\/wp-content\/uploads\/2024\/05\/DSC_4662-scaled.jpg?fit=1200%2C800&ssl=1&resize=1050%2C600 3x"},"classes":[]},{"id":13496,"url":"https:\/\/www.supeinnihonto.com\/de\/produkt\/netsuke-manju-schaedel-aus-elfenbein\/","url_meta":{"origin":13492,"position":3},"title":"Netsuke Manju Sch\u00e4del aus Elfenbein","author":"Supein Nihonto","date":"30 de mei de 2024","format":false,"excerpt":"Kostenloser Versand. Seltenes und ungew\u00f6hnliches Manju-Netsuke mit drei Sch\u00e4deln in Spiralform, die das Memento mori symbolisieren. Signiert \u201eMatsuyama\u201c. Meiji-Zeit. Wird mit Zertifikat und CITES-Dokument geliefert. 3,6 x 3,6 x 3,6 cm","rel":"","context":"Soortgelijk bericht","block_context":{"text":"Soortgelijk bericht","link":""},"img":{"alt_text":"Netsuke manju skulls ivory","src":"https:\/\/i0.wp.com\/www.supeinnihonto.com\/wp-content\/uploads\/2024\/05\/DSC_4662-scaled.jpg?fit=1200%2C800&ssl=1&resize=350%2C200","width":350,"height":200,"srcset":"https:\/\/i0.wp.com\/www.supeinnihonto.com\/wp-content\/uploads\/2024\/05\/DSC_4662-scaled.jpg?fit=1200%2C800&ssl=1&resize=350%2C200 1x, https:\/\/i0.wp.com\/www.supeinnihonto.com\/wp-content\/uploads\/2024\/05\/DSC_4662-scaled.jpg?fit=1200%2C800&ssl=1&resize=525%2C300 1.5x, https:\/\/i0.wp.com\/www.supeinnihonto.com\/wp-content\/uploads\/2024\/05\/DSC_4662-scaled.jpg?fit=1200%2C800&ssl=1&resize=700%2C400 2x, https:\/\/i0.wp.com\/www.supeinnihonto.com\/wp-content\/uploads\/2024\/05\/DSC_4662-scaled.jpg?fit=1200%2C800&ssl=1&resize=1050%2C600 3x"},"classes":[]},{"id":13476,"url":"https:\/\/www.supeinnihonto.com\/nl\/product\/netsuke-schedel-shibayama-van-ivoor\/","url_meta":{"origin":13492,"position":4},"title":"Netsuke schedel shibayama van ivoor","author":"Supein Nihonto","date":"30 de mei de 2024","format":false,"excerpt":"Gratis verzending. Prachtig en meesterlijk gesneden netsuke in de vorm van een schedel. Een uitzonderlijk werk van fantastische kwaliteit dat het memento mori uitbeeldt. De schedel is uitgevoerd met shibayama-inleg van parelmoer, barnsteen en andere halfedelstenen om verschillende insecten weer te geven die uit de schedel tevoorschijn komen of erop\u2026","rel":"","context":"Soortgelijk bericht","block_context":{"text":"Soortgelijk bericht","link":""},"img":{"alt_text":"Netsuke skull shibayama ivory","src":"https:\/\/i0.wp.com\/www.supeinnihonto.com\/wp-content\/uploads\/2024\/05\/DSC_4648-scaled.jpg?fit=1200%2C800&ssl=1&resize=350%2C200","width":350,"height":200,"srcset":"https:\/\/i0.wp.com\/www.supeinnihonto.com\/wp-content\/uploads\/2024\/05\/DSC_4648-scaled.jpg?fit=1200%2C800&ssl=1&resize=350%2C200 1x, https:\/\/i0.wp.com\/www.supeinnihonto.com\/wp-content\/uploads\/2024\/05\/DSC_4648-scaled.jpg?fit=1200%2C800&ssl=1&resize=525%2C300 1.5x, https:\/\/i0.wp.com\/www.supeinnihonto.com\/wp-content\/uploads\/2024\/05\/DSC_4648-scaled.jpg?fit=1200%2C800&ssl=1&resize=700%2C400 2x, https:\/\/i0.wp.com\/www.supeinnihonto.com\/wp-content\/uploads\/2024\/05\/DSC_4648-scaled.jpg?fit=1200%2C800&ssl=1&resize=1050%2C600 3x"},"classes":[]},{"id":13468,"url":"https:\/\/www.supeinnihonto.com\/nl\/product\/netsuke-schedel-met-slang-van-ivoor\/","url_meta":{"origin":13492,"position":5},"title":"Netsuke schedel met slang van ivoor","author":"Supein Nihonto","date":"29 de mei de 2024","format":false,"excerpt":"Gratis verzending. Netsuke gesneden in de vorm van een schedel met een slang die een kikker aanvalt bovenop. Memento mori-symboliek. Gesneden uit ivoor en aan de onderzijde gesigneerd door de maker. Meiji-periode. Wordt geleverd met certificaat en CITES-document. 4 x 3,2 x 3 cm","rel":"","context":"Soortgelijk bericht","block_context":{"text":"Soortgelijk bericht","link":""},"img":{"alt_text":"Netsuke skull snake ivory","src":"https:\/\/i0.wp.com\/www.supeinnihonto.com\/wp-content\/uploads\/2024\/05\/DSC_4641-scaled.jpg?fit=1200%2C800&ssl=1&resize=350%2C200","width":350,"height":200,"srcset":"https:\/\/i0.wp.com\/www.supeinnihonto.com\/wp-content\/uploads\/2024\/05\/DSC_4641-scaled.jpg?fit=1200%2C800&ssl=1&resize=350%2C200 1x, https:\/\/i0.wp.com\/www.supeinnihonto.com\/wp-content\/uploads\/2024\/05\/DSC_4641-scaled.jpg?fit=1200%2C800&ssl=1&resize=525%2C300 1.5x, https:\/\/i0.wp.com\/www.supeinnihonto.com\/wp-content\/uploads\/2024\/05\/DSC_4641-scaled.jpg?fit=1200%2C800&ssl=1&resize=700%2C400 2x, https:\/\/i0.wp.com\/www.supeinnihonto.com\/wp-content\/uploads\/2024\/05\/DSC_4641-scaled.jpg?fit=1200%2C800&ssl=1&resize=1050%2C600 3x"},"classes":[]}],"jetpack_sharing_enabled":true,"_links":{"self":[{"href":"https:\/\/www.supeinnihonto.com\/nl\/wp-json\/wp\/v2\/product\/13492","targetHints":{"allow":["GET"]}}],"collection":[{"href":"https:\/\/www.supeinnihonto.com\/nl\/wp-json\/wp\/v2\/product"}],"about":[{"href":"https:\/\/www.supeinnihonto.com\/nl\/wp-json\/wp\/v2\/types\/product"}],"wp:featuredmedia":[{"embeddable":true,"href":"https:\/\/www.supeinnihonto.com\/nl\/wp-json\/wp\/v2\/media\/13493"}],"wp:attachment":[{"href":"https:\/\/www.supeinnihonto.com\/nl\/wp-json\/wp\/v2\/media?parent=13492"}],"wp:term":[{"taxonomy":"product_brand","embeddable":true,"href":"https:\/\/www.supeinnihonto.com\/nl\/wp-json\/wp\/v2\/product_brand?post=13492"},{"taxonomy":"product_cat","embeddable":true,"href":"https:\/\/www.supeinnihonto.com\/nl\/wp-json\/wp\/v2\/product_cat?post=13492"},{"taxonomy":"product_tag","embeddable":true,"href":"https:\/\/www.supeinnihonto.com\/nl\/wp-json\/wp\/v2\/product_tag?post=13492"}],"curies":[{"name":"wp","href":"https:\/\/api.w.org\/{rel}","templated":true}]}}