{"id":13387,"date":"2024-05-28T15:53:56","date_gmt":"2024-05-28T15:53:56","guid":{"rendered":"https:\/\/www.supeinnihonto.com\/product\/okimono-dog-and-puppy-ivory\/"},"modified":"2025-12-26T10:57:35","modified_gmt":"2025-12-26T10:57:35","slug":"okimono-hond-en-puppy-van-ivoor","status":"publish","type":"product","link":"https:\/\/www.supeinnihonto.com\/nl\/product\/okimono-hond-en-puppy-van-ivoor\/","title":{"rendered":"Okimono hond en puppy van ivoor"},"content":{"rendered":"<p data-start=\"1504\" data-end=\"1522\">Gratis verzending.<\/p>\n<p data-start=\"1524\" data-end=\"1689\">Okimono van een hond en een puppy, gesneden uit ivoor en aan de onderzijde gesigneerd door de maker. Meiji-periode. Wordt geleverd met certificaat en CITES-document.<\/p>\n<p data-start=\"1691\" data-end=\"1705\">5 x 5 x 3,5 cm<\/p>\n","protected":false},"excerpt":{"rendered":"<p>Gratis verzending. Okimono van een hond en een puppy, gesneden uit ivoor en aan de onderzijde gesigneerd door de maker. Meiji-periode. Wordt geleverd met certificaat en CITES-document. 5 x 5 x 3,5 cm<\/p>\n","protected":false},"featured_media":13388,"template":"","meta":{"jetpack_post_was_ever_published":true},"product_brand":[],"product_cat":[357],"product_tag":[630,648,649],"class_list":{"0":"post-13387","1":"product","2":"type-product","3":"status-publish","4":"has-post-thumbnail","6":"product_cat-netsuke","7":"product_tag-ivory","8":"product_tag-netsuke","9":"product_tag-okimono","10":"product_shipping_class-light","12":"first","13":"instock","14":"featured","15":"sold-individually","16":"shipping-taxable","17":"purchasable","18":"product-type-simple"},"yoast_head":"<!-- This site is optimized with the Yoast SEO plugin v27.3 - https:\/\/yoast.com\/product\/yoast-seo-wordpress\/ -->\n<title>Okimono hond en puppy van ivoor - Supein Nihonto<\/title>\n<meta name=\"description\" content=\"Okimono van een hond en een puppy, gesneden uit ivoor en aan de onderzijde gesigneerd door de maker. Meiji-periode. Wordt geleverd met certificaat en CITES-document.\" \/>\n<meta name=\"robots\" content=\"index, follow, max-snippet:-1, max-image-preview:large, max-video-preview:-1\" \/>\n<link rel=\"canonical\" href=\"https:\/\/www.supeinnihonto.com\/nl\/product\/okimono-hond-en-puppy-van-ivoor\/\" \/>\n<meta property=\"og:locale\" content=\"nl_NL\" \/>\n<meta property=\"og:type\" content=\"article\" \/>\n<meta property=\"og:title\" content=\"Okimono hond en puppy van ivoor - Supein Nihonto\" \/>\n<meta property=\"og:description\" content=\"Okimono van een hond en een puppy, gesneden uit ivoor en aan de onderzijde gesigneerd door de maker. Meiji-periode. Wordt geleverd met certificaat en CITES-document.\" \/>\n<meta property=\"og:url\" content=\"https:\/\/www.supeinnihonto.com\/nl\/product\/okimono-hond-en-puppy-van-ivoor\/\" \/>\n<meta property=\"og:site_name\" content=\"Supein Nihonto\" \/>\n<meta property=\"article:modified_time\" content=\"2025-12-26T10:57:35+00:00\" \/>\n<meta property=\"og:image\" content=\"https:\/\/www.supeinnihonto.com\/wp-content\/uploads\/2024\/05\/DSC_4091-scaled.jpg\" \/>\n\t<meta property=\"og:image:width\" content=\"2560\" \/>\n\t<meta property=\"og:image:height\" content=\"1707\" \/>\n\t<meta property=\"og:image:type\" content=\"image\/jpeg\" \/>\n<meta name=\"twitter:card\" content=\"summary_large_image\" \/>\n<meta name=\"twitter:label1\" content=\"Geschatte leestijd\" \/>\n\t<meta name=\"twitter:data1\" content=\"1 minuut\" \/>\n<script type=\"application\/ld+json\" class=\"yoast-schema-graph\">{\"@context\":\"https:\\\/\\\/schema.org\",\"@graph\":[{\"@type\":\"WebPage\",\"@id\":\"https:\\\/\\\/www.supeinnihonto.com\\\/nl\\\/product\\\/okimono-hond-en-puppy-van-ivoor\\\/\",\"url\":\"https:\\\/\\\/www.supeinnihonto.com\\\/nl\\\/product\\\/okimono-hond-en-puppy-van-ivoor\\\/\",\"name\":\"Okimono hond en puppy van ivoor - Supein Nihonto\",\"isPartOf\":{\"@id\":\"https:\\\/\\\/www.supeinnihonto.com\\\/nl\\\/#website\"},\"primaryImageOfPage\":{\"@id\":\"https:\\\/\\\/www.supeinnihonto.com\\\/nl\\\/product\\\/okimono-hond-en-puppy-van-ivoor\\\/#primaryimage\"},\"image\":{\"@id\":\"https:\\\/\\\/www.supeinnihonto.com\\\/nl\\\/product\\\/okimono-hond-en-puppy-van-ivoor\\\/#primaryimage\"},\"thumbnailUrl\":\"https:\\\/\\\/i0.wp.com\\\/www.supeinnihonto.com\\\/wp-content\\\/uploads\\\/2024\\\/05\\\/DSC_4091-scaled.jpg?fit=2560%2C1707&ssl=1\",\"datePublished\":\"2024-05-28T15:53:56+00:00\",\"dateModified\":\"2025-12-26T10:57:35+00:00\",\"description\":\"Okimono van een hond en een puppy, gesneden uit ivoor en aan de onderzijde gesigneerd door de maker. Meiji-periode. Wordt geleverd met certificaat en CITES-document.\",\"breadcrumb\":{\"@id\":\"https:\\\/\\\/www.supeinnihonto.com\\\/nl\\\/product\\\/okimono-hond-en-puppy-van-ivoor\\\/#breadcrumb\"},\"inLanguage\":\"nl-NL\",\"potentialAction\":[{\"@type\":\"ReadAction\",\"target\":[\"https:\\\/\\\/www.supeinnihonto.com\\\/nl\\\/product\\\/okimono-hond-en-puppy-van-ivoor\\\/\"]}]},{\"@type\":\"ImageObject\",\"inLanguage\":\"nl-NL\",\"@id\":\"https:\\\/\\\/www.supeinnihonto.com\\\/nl\\\/product\\\/okimono-hond-en-puppy-van-ivoor\\\/#primaryimage\",\"url\":\"https:\\\/\\\/i0.wp.com\\\/www.supeinnihonto.com\\\/wp-content\\\/uploads\\\/2024\\\/05\\\/DSC_4091-scaled.jpg?fit=2560%2C1707&ssl=1\",\"contentUrl\":\"https:\\\/\\\/i0.wp.com\\\/www.supeinnihonto.com\\\/wp-content\\\/uploads\\\/2024\\\/05\\\/DSC_4091-scaled.jpg?fit=2560%2C1707&ssl=1\",\"width\":2560,\"height\":1707,\"caption\":\"Okimono dog and puppy ivory\"},{\"@type\":\"BreadcrumbList\",\"@id\":\"https:\\\/\\\/www.supeinnihonto.com\\\/nl\\\/product\\\/okimono-hond-en-puppy-van-ivoor\\\/#breadcrumb\",\"itemListElement\":[{\"@type\":\"ListItem\",\"position\":1,\"name\":\"Portada\",\"item\":\"https:\\\/\\\/www.supeinnihonto.com\\\/nl\\\/\"},{\"@type\":\"ListItem\",\"position\":2,\"name\":\"Shop\",\"item\":\"https:\\\/\\\/www.supeinnihonto.com\\\/nl\\\/shop\\\/\"},{\"@type\":\"ListItem\",\"position\":3,\"name\":\"Okimono hond en puppy van ivoor\"}]},{\"@type\":\"WebSite\",\"@id\":\"https:\\\/\\\/www.supeinnihonto.com\\\/nl\\\/#website\",\"url\":\"https:\\\/\\\/www.supeinnihonto.com\\\/nl\\\/\",\"name\":\"Supein Nihonto\",\"description\":\"Authentic japanese Nihonto katana \",\"publisher\":{\"@id\":\"https:\\\/\\\/www.supeinnihonto.com\\\/nl\\\/#organization\"},\"potentialAction\":[{\"@type\":\"SearchAction\",\"target\":{\"@type\":\"EntryPoint\",\"urlTemplate\":\"https:\\\/\\\/www.supeinnihonto.com\\\/nl\\\/?s={search_term_string}\"},\"query-input\":{\"@type\":\"PropertyValueSpecification\",\"valueRequired\":true,\"valueName\":\"search_term_string\"}}],\"inLanguage\":\"nl-NL\"},{\"@type\":\"Organization\",\"@id\":\"https:\\\/\\\/www.supeinnihonto.com\\\/nl\\\/#organization\",\"name\":\"SupeinNihonto\",\"url\":\"https:\\\/\\\/www.supeinnihonto.com\\\/nl\\\/\",\"logo\":{\"@type\":\"ImageObject\",\"inLanguage\":\"nl-NL\",\"@id\":\"https:\\\/\\\/www.supeinnihonto.com\\\/nl\\\/#\\\/schema\\\/logo\\\/image\\\/\",\"url\":\"https:\\\/\\\/www.supeinnihonto.com\\\/wp-content\\\/uploads\\\/2021\\\/11\\\/animation_Default_3szk0jcenoloop.gif\",\"contentUrl\":\"https:\\\/\\\/www.supeinnihonto.com\\\/wp-content\\\/uploads\\\/2021\\\/11\\\/animation_Default_3szk0jcenoloop.gif\",\"width\":750,\"height\":641,\"caption\":\"SupeinNihonto\"},\"image\":{\"@id\":\"https:\\\/\\\/www.supeinnihonto.com\\\/nl\\\/#\\\/schema\\\/logo\\\/image\\\/\"}}]}<\/script>\n<!-- \/ Yoast SEO plugin. -->","yoast_head_json":{"title":"Okimono hond en puppy van ivoor - Supein Nihonto","description":"Okimono van een hond en een puppy, gesneden uit ivoor en aan de onderzijde gesigneerd door de maker. Meiji-periode. Wordt geleverd met certificaat en CITES-document.","robots":{"index":"index","follow":"follow","max-snippet":"max-snippet:-1","max-image-preview":"max-image-preview:large","max-video-preview":"max-video-preview:-1"},"canonical":"https:\/\/www.supeinnihonto.com\/nl\/product\/okimono-hond-en-puppy-van-ivoor\/","og_locale":"nl_NL","og_type":"article","og_title":"Okimono hond en puppy van ivoor - Supein Nihonto","og_description":"Okimono van een hond en een puppy, gesneden uit ivoor en aan de onderzijde gesigneerd door de maker. Meiji-periode. Wordt geleverd met certificaat en CITES-document.","og_url":"https:\/\/www.supeinnihonto.com\/nl\/product\/okimono-hond-en-puppy-van-ivoor\/","og_site_name":"Supein Nihonto","article_modified_time":"2025-12-26T10:57:35+00:00","og_image":[{"width":2560,"height":1707,"url":"https:\/\/www.supeinnihonto.com\/wp-content\/uploads\/2024\/05\/DSC_4091-scaled.jpg","type":"image\/jpeg"}],"twitter_card":"summary_large_image","twitter_misc":{"Geschatte leestijd":"1 minuut"},"schema":{"@context":"https:\/\/schema.org","@graph":[{"@type":"WebPage","@id":"https:\/\/www.supeinnihonto.com\/nl\/product\/okimono-hond-en-puppy-van-ivoor\/","url":"https:\/\/www.supeinnihonto.com\/nl\/product\/okimono-hond-en-puppy-van-ivoor\/","name":"Okimono hond en puppy van ivoor - Supein Nihonto","isPartOf":{"@id":"https:\/\/www.supeinnihonto.com\/nl\/#website"},"primaryImageOfPage":{"@id":"https:\/\/www.supeinnihonto.com\/nl\/product\/okimono-hond-en-puppy-van-ivoor\/#primaryimage"},"image":{"@id":"https:\/\/www.supeinnihonto.com\/nl\/product\/okimono-hond-en-puppy-van-ivoor\/#primaryimage"},"thumbnailUrl":"https:\/\/i0.wp.com\/www.supeinnihonto.com\/wp-content\/uploads\/2024\/05\/DSC_4091-scaled.jpg?fit=2560%2C1707&ssl=1","datePublished":"2024-05-28T15:53:56+00:00","dateModified":"2025-12-26T10:57:35+00:00","description":"Okimono van een hond en een puppy, gesneden uit ivoor en aan de onderzijde gesigneerd door de maker. Meiji-periode. Wordt geleverd met certificaat en CITES-document.","breadcrumb":{"@id":"https:\/\/www.supeinnihonto.com\/nl\/product\/okimono-hond-en-puppy-van-ivoor\/#breadcrumb"},"inLanguage":"nl-NL","potentialAction":[{"@type":"ReadAction","target":["https:\/\/www.supeinnihonto.com\/nl\/product\/okimono-hond-en-puppy-van-ivoor\/"]}]},{"@type":"ImageObject","inLanguage":"nl-NL","@id":"https:\/\/www.supeinnihonto.com\/nl\/product\/okimono-hond-en-puppy-van-ivoor\/#primaryimage","url":"https:\/\/i0.wp.com\/www.supeinnihonto.com\/wp-content\/uploads\/2024\/05\/DSC_4091-scaled.jpg?fit=2560%2C1707&ssl=1","contentUrl":"https:\/\/i0.wp.com\/www.supeinnihonto.com\/wp-content\/uploads\/2024\/05\/DSC_4091-scaled.jpg?fit=2560%2C1707&ssl=1","width":2560,"height":1707,"caption":"Okimono dog and puppy ivory"},{"@type":"BreadcrumbList","@id":"https:\/\/www.supeinnihonto.com\/nl\/product\/okimono-hond-en-puppy-van-ivoor\/#breadcrumb","itemListElement":[{"@type":"ListItem","position":1,"name":"Portada","item":"https:\/\/www.supeinnihonto.com\/nl\/"},{"@type":"ListItem","position":2,"name":"Shop","item":"https:\/\/www.supeinnihonto.com\/nl\/shop\/"},{"@type":"ListItem","position":3,"name":"Okimono hond en puppy van ivoor"}]},{"@type":"WebSite","@id":"https:\/\/www.supeinnihonto.com\/nl\/#website","url":"https:\/\/www.supeinnihonto.com\/nl\/","name":"Supein Nihonto","description":"Authentic japanese Nihonto katana ","publisher":{"@id":"https:\/\/www.supeinnihonto.com\/nl\/#organization"},"potentialAction":[{"@type":"SearchAction","target":{"@type":"EntryPoint","urlTemplate":"https:\/\/www.supeinnihonto.com\/nl\/?s={search_term_string}"},"query-input":{"@type":"PropertyValueSpecification","valueRequired":true,"valueName":"search_term_string"}}],"inLanguage":"nl-NL"},{"@type":"Organization","@id":"https:\/\/www.supeinnihonto.com\/nl\/#organization","name":"SupeinNihonto","url":"https:\/\/www.supeinnihonto.com\/nl\/","logo":{"@type":"ImageObject","inLanguage":"nl-NL","@id":"https:\/\/www.supeinnihonto.com\/nl\/#\/schema\/logo\/image\/","url":"https:\/\/www.supeinnihonto.com\/wp-content\/uploads\/2021\/11\/animation_Default_3szk0jcenoloop.gif","contentUrl":"https:\/\/www.supeinnihonto.com\/wp-content\/uploads\/2021\/11\/animation_Default_3szk0jcenoloop.gif","width":750,"height":641,"caption":"SupeinNihonto"},"image":{"@id":"https:\/\/www.supeinnihonto.com\/nl\/#\/schema\/logo\/image\/"}}]}},"jetpack-related-posts":[{"id":45208,"url":"https:\/\/www.supeinnihonto.com\/nl\/product\/marugata-koperen-tsuba-met-koi-motief-nbthk-hozon-gecertificeerd-5\/","url_meta":{"origin":13387,"position":0},"title":"Marugata koperen tsuba met koi-motief, NBTHK Hozon-gecertificeerd","author":"Eric Majo","date":"1 de maart de 2026","format":false,"excerpt":"ITEM: Wordt geleverd met certificaat van Supein Nihonto. Inclusief NBTHK Hozon-certificaat. Inclusief houten doos. Prachtige koperen tsuba uit de 19e eeuw, gesigneerd, met rand en reli\u00ebfs in shakud\u014d (legering van goud en koper), waarop een karper is afgebeeld met ogen ingelegd in goud. Een uniek kunstwerk.De koi-karper wordt in de\u2026","rel":"","context":"Soortgelijk bericht","block_context":{"text":"Soortgelijk bericht","link":""},"img":{"alt_text":"Iron dragon Edo tsuba for sale","src":"https:\/\/i0.wp.com\/www.supeinnihonto.com\/wp-content\/uploads\/2026\/03\/DSC_6506-scaled.jpg?fit=1200%2C800&ssl=1&resize=350%2C200","width":350,"height":200,"srcset":"https:\/\/i0.wp.com\/www.supeinnihonto.com\/wp-content\/uploads\/2026\/03\/DSC_6506-scaled.jpg?fit=1200%2C800&ssl=1&resize=350%2C200 1x, https:\/\/i0.wp.com\/www.supeinnihonto.com\/wp-content\/uploads\/2026\/03\/DSC_6506-scaled.jpg?fit=1200%2C800&ssl=1&resize=525%2C300 1.5x, https:\/\/i0.wp.com\/www.supeinnihonto.com\/wp-content\/uploads\/2026\/03\/DSC_6506-scaled.jpg?fit=1200%2C800&ssl=1&resize=700%2C400 2x, https:\/\/i0.wp.com\/www.supeinnihonto.com\/wp-content\/uploads\/2026\/03\/DSC_6506-scaled.jpg?fit=1200%2C800&ssl=1&resize=1050%2C600 3x"},"classes":[]},{"id":45207,"url":"https:\/\/www.supeinnihonto.com\/product\/iron-marugata-tsuba-dragon\/","url_meta":{"origin":13387,"position":1},"title":"Iron Marugata Tsuba Dragon","author":"Eric Majo","date":"1 de maart de 2026","format":false,"excerpt":"ITEM: It Comes with certificate of SupeinNihonto. Comes with wood box. Iron Tsuba for Katana \u2013 Dragon in Relief (Edo Period) Iron mokk\u014d-gata tsuba forged from a solid plate and decorated in high relief with a sinuous dragon that travels along the right and lower perimeter. The carving shows convincing\u2026","rel":"","context":"Soortgelijk bericht","block_context":{"text":"Soortgelijk bericht","link":""},"img":{"alt_text":"Iron dragon Edo tsuba for sale","src":"https:\/\/i0.wp.com\/www.supeinnihonto.com\/wp-content\/uploads\/2026\/03\/DSC_6506-scaled.jpg?fit=1200%2C800&ssl=1&resize=350%2C200","width":350,"height":200,"srcset":"https:\/\/i0.wp.com\/www.supeinnihonto.com\/wp-content\/uploads\/2026\/03\/DSC_6506-scaled.jpg?fit=1200%2C800&ssl=1&resize=350%2C200 1x, https:\/\/i0.wp.com\/www.supeinnihonto.com\/wp-content\/uploads\/2026\/03\/DSC_6506-scaled.jpg?fit=1200%2C800&ssl=1&resize=525%2C300 1.5x, https:\/\/i0.wp.com\/www.supeinnihonto.com\/wp-content\/uploads\/2026\/03\/DSC_6506-scaled.jpg?fit=1200%2C800&ssl=1&resize=700%2C400 2x, https:\/\/i0.wp.com\/www.supeinnihonto.com\/wp-content\/uploads\/2026\/03\/DSC_6506-scaled.jpg?fit=1200%2C800&ssl=1&resize=1050%2C600 3x"},"classes":[]},{"id":45209,"url":"https:\/\/www.supeinnihonto.com\/fr\/produit\/tsuba-marugata-en-cuivre-a-motif-de-carpe-koi-certifiee-nbthk-hozon-5\/","url_meta":{"origin":13387,"position":2},"title":"Tsuba marugata en cuivre \u00e0 motif de carpe (koi), certifi\u00e9e NBTHK Hozon.","author":"Eric Majo","date":"1 de maart de 2026","format":false,"excerpt":"ARTICLE : Livr\u00e9 avec certificat de Supein Nihonto. Livr\u00e9 avec certificat NBTHK Hozon. Fourni avec une bo\u00eete en bois. Magnifique tsuba en cuivre du XIX\u1d49 si\u00e8cle, sign\u00e9e, avec bordure et reliefs en shakud\u014d (alliage d\u2019or et de cuivre), repr\u00e9sentant une carpe dont les yeux sont sertis d\u2019or. Une \u0153uvre d\u2019art\u2026","rel":"","context":"Soortgelijk bericht","block_context":{"text":"Soortgelijk bericht","link":""},"img":{"alt_text":"Iron dragon Edo tsuba for sale","src":"https:\/\/i0.wp.com\/www.supeinnihonto.com\/wp-content\/uploads\/2026\/03\/DSC_6506-scaled.jpg?fit=1200%2C800&ssl=1&resize=350%2C200","width":350,"height":200,"srcset":"https:\/\/i0.wp.com\/www.supeinnihonto.com\/wp-content\/uploads\/2026\/03\/DSC_6506-scaled.jpg?fit=1200%2C800&ssl=1&resize=350%2C200 1x, https:\/\/i0.wp.com\/www.supeinnihonto.com\/wp-content\/uploads\/2026\/03\/DSC_6506-scaled.jpg?fit=1200%2C800&ssl=1&resize=525%2C300 1.5x, https:\/\/i0.wp.com\/www.supeinnihonto.com\/wp-content\/uploads\/2026\/03\/DSC_6506-scaled.jpg?fit=1200%2C800&ssl=1&resize=700%2C400 2x, https:\/\/i0.wp.com\/www.supeinnihonto.com\/wp-content\/uploads\/2026\/03\/DSC_6506-scaled.jpg?fit=1200%2C800&ssl=1&resize=1050%2C600 3x"},"classes":[]},{"id":45303,"url":"https:\/\/www.supeinnihonto.com\/fr\/produit\/gusoku-gunbai-mon-5\/","url_meta":{"origin":13387,"position":3},"title":"Gusoku Gunbai Mon","author":"Eric Majo","date":"2 de maart de 2026","format":false,"excerpt":"\u00c0 propos de nous : Nos photographies sont r\u00e9alis\u00e9es sans retouche ni Photoshop afin de permettre au client de juger de la r\u00e9alit\u00e9 de l\u2019objet. Gr\u00e2ce \u00e0 un travail constant men\u00e9 directement avec les meilleurs collectionneurs, mus\u00e9es et galeries au Japon, ainsi qu\u2019aux relations d\u2019amiti\u00e9 que nous entretenons avec eux,\u2026","rel":"","context":"Soortgelijk bericht","block_context":{"text":"Soortgelijk bericht","link":""},"img":{"alt_text":"Gusoku armor a vendre samourai","src":"https:\/\/i0.wp.com\/www.supeinnihonto.com\/wp-content\/uploads\/2026\/03\/DSC_6652-scaled.jpg?fit=800%2C1200&ssl=1&resize=350%2C200","width":350,"height":200,"srcset":"https:\/\/i0.wp.com\/www.supeinnihonto.com\/wp-content\/uploads\/2026\/03\/DSC_6652-scaled.jpg?fit=800%2C1200&ssl=1&resize=350%2C200 1x, https:\/\/i0.wp.com\/www.supeinnihonto.com\/wp-content\/uploads\/2026\/03\/DSC_6652-scaled.jpg?fit=800%2C1200&ssl=1&resize=525%2C300 1.5x, https:\/\/i0.wp.com\/www.supeinnihonto.com\/wp-content\/uploads\/2026\/03\/DSC_6652-scaled.jpg?fit=800%2C1200&ssl=1&resize=700%2C400 2x"},"classes":[]}],"jetpack_sharing_enabled":true,"_links":{"self":[{"href":"https:\/\/www.supeinnihonto.com\/nl\/wp-json\/wp\/v2\/product\/13387","targetHints":{"allow":["GET"]}}],"collection":[{"href":"https:\/\/www.supeinnihonto.com\/nl\/wp-json\/wp\/v2\/product"}],"about":[{"href":"https:\/\/www.supeinnihonto.com\/nl\/wp-json\/wp\/v2\/types\/product"}],"wp:featuredmedia":[{"embeddable":true,"href":"https:\/\/www.supeinnihonto.com\/nl\/wp-json\/wp\/v2\/media\/13388"}],"wp:attachment":[{"href":"https:\/\/www.supeinnihonto.com\/nl\/wp-json\/wp\/v2\/media?parent=13387"}],"wp:term":[{"taxonomy":"product_brand","embeddable":true,"href":"https:\/\/www.supeinnihonto.com\/nl\/wp-json\/wp\/v2\/product_brand?post=13387"},{"taxonomy":"product_cat","embeddable":true,"href":"https:\/\/www.supeinnihonto.com\/nl\/wp-json\/wp\/v2\/product_cat?post=13387"},{"taxonomy":"product_tag","embeddable":true,"href":"https:\/\/www.supeinnihonto.com\/nl\/wp-json\/wp\/v2\/product_tag?post=13387"}],"curies":[{"name":"wp","href":"https:\/\/api.w.org\/{rel}","templated":true}]}}