{"id":13127,"date":"2024-08-01T16:59:53","date_gmt":"2024-08-01T16:59:53","guid":{"rendered":"https:\/\/www.supeinnihonto.com\/product\/gusoku-red-menpo\/"},"modified":"2025-12-13T23:13:06","modified_gmt":"2025-12-13T23:13:06","slug":"gusoku-red-menpo","status":"publish","type":"product","link":"https:\/\/www.supeinnihonto.com\/nl\/product\/gusoku-red-menpo\/","title":{"rendered":"Gusoku Red Mempo"},"content":{"rendered":"<p><em><strong>About US:<\/strong><\/em><\/p>\n<p>Our photographs are taken without retouching or photoshop to ensure that the customer can judge the reality of the object.<\/p>\n<p>Thanks to a constant work directly with the best collectors, museums and galleries in Japan and friendship with them, along with a profit margin much lower than the European competition we can offer objects so that many people can choose to have authentic pieces with hundreds of years at more than competitive prices. After all, samurai art is our passion and we want to share it with the world.<\/p>\n<p><em><strong>About The armor: <\/strong><\/em><\/p>\n<p><span>It Comes with certificate of SupeinNihonto.<\/span><\/p>\n<p><span><br \/>\nBeautiful armor from early edo period (1600-1700) with red lacquered maedate, in an almost pristine state of preservation despite its more than 300 years old. A piece worthy of the best museums. The quality and detail undoubtedly belonged to a daimyo or samurai of high rank. The colors of the ito in eggplant color are very rare because the dyeing was expensive. The lacquer of the do is incredibly well preserved and has authentic bear hair on the underside. The armor is complete and all its parts form one whole. Carved bone pieces such as anchors for the do or the beautiful red flame maedate complete this work of art. Masterpiece for the best samurai collections.<br \/>\n<\/span><\/p>\n<p><span>The armour has gilded details that show the quality of the piece. The incredible workmanship accentuates such ornate pieces as the kabuto, the mempo and the Do. The stand to assemble it and the box are included. This armour is sure to delight any collector of Asian art and will be the focal point of any visitor&#8217;s home, shop or office.\u00a0<\/span><\/p>\n<p>Free Shipping in all Europe.<\/p>\n","protected":false},"excerpt":{"rendered":"<p>About US: Our photographs are taken without retouching or photoshop to ensure that the customer can judge the reality of the object. Thanks to a constant work directly with the best collectors, museums and galleries in Japan and friendship with them, along with a profit margin much lower than the [&hellip;]<\/p>\n","protected":false},"featured_media":11073,"template":"","meta":{"jetpack_post_was_ever_published":false},"product_brand":[],"product_cat":[240,239],"product_tag":[242,244,243],"class_list":{"0":"post-13127","1":"product","2":"type-product","3":"status-publish","4":"has-post-thumbnail","6":"product_cat-gusoku-yoroi","7":"product_cat-harnas","8":"product_tag-edo","9":"product_tag-ijzer","10":"product_tag-yoroi","11":"product_shipping_class-zwaar","13":"first","14":"outofstock","15":"sold-individually","16":"shipping-taxable","17":"purchasable","18":"product-type-simple"},"yoast_head":"<!-- This site is optimized with the Yoast SEO plugin v27.5 - https:\/\/yoast.com\/product\/yoast-seo-wordpress\/ -->\n<title>Gusoku Red Mempo - Supein Nihonto<\/title>\n<meta name=\"robots\" content=\"index, follow, max-snippet:-1, max-image-preview:large, max-video-preview:-1\" \/>\n<link rel=\"canonical\" href=\"https:\/\/www.supeinnihonto.com\/nl\/product\/gusoku-red-menpo\/\" \/>\n<meta property=\"og:locale\" content=\"nl_NL\" \/>\n<meta property=\"og:type\" content=\"article\" \/>\n<meta property=\"og:title\" content=\"Gusoku Red Mempo - Supein Nihonto\" \/>\n<meta property=\"og:description\" content=\"About US: Our photographs are taken without retouching or photoshop to ensure that the customer can judge the reality of the object. Thanks to a constant work directly with the best collectors, museums and galleries in Japan and friendship with them, along with a profit margin much lower than the [&hellip;]\" \/>\n<meta property=\"og:url\" content=\"https:\/\/www.supeinnihonto.com\/nl\/product\/gusoku-red-menpo\/\" \/>\n<meta property=\"og:site_name\" content=\"Supein Nihonto\" \/>\n<meta property=\"article:modified_time\" content=\"2025-12-13T23:13:06+00:00\" \/>\n<meta name=\"twitter:card\" content=\"summary_large_image\" \/>\n<meta name=\"twitter:label1\" content=\"Geschatte leestijd\" \/>\n\t<meta name=\"twitter:data1\" content=\"1 minuut\" \/>\n<script type=\"application\/ld+json\" class=\"yoast-schema-graph\">{\"@context\":\"https:\\\/\\\/schema.org\",\"@graph\":[{\"@type\":\"WebPage\",\"@id\":\"https:\\\/\\\/www.supeinnihonto.com\\\/nl\\\/product\\\/gusoku-red-menpo\\\/\",\"url\":\"https:\\\/\\\/www.supeinnihonto.com\\\/nl\\\/product\\\/gusoku-red-menpo\\\/\",\"name\":\"Gusoku Red Mempo - Supein Nihonto\",\"isPartOf\":{\"@id\":\"https:\\\/\\\/www.supeinnihonto.com\\\/nl\\\/#website\"},\"primaryImageOfPage\":{\"@id\":\"https:\\\/\\\/www.supeinnihonto.com\\\/nl\\\/product\\\/gusoku-red-menpo\\\/#primaryimage\"},\"image\":{\"@id\":\"https:\\\/\\\/www.supeinnihonto.com\\\/nl\\\/product\\\/gusoku-red-menpo\\\/#primaryimage\"},\"thumbnailUrl\":\"https:\\\/\\\/i0.wp.com\\\/www.supeinnihonto.com\\\/wp-content\\\/uploads\\\/2024\\\/01\\\/logo-sold-scaled.png?fit=3125%2C1875&ssl=1\",\"datePublished\":\"2024-08-01T16:59:53+00:00\",\"dateModified\":\"2025-12-13T23:13:06+00:00\",\"breadcrumb\":{\"@id\":\"https:\\\/\\\/www.supeinnihonto.com\\\/nl\\\/product\\\/gusoku-red-menpo\\\/#breadcrumb\"},\"inLanguage\":\"nl-NL\",\"potentialAction\":[{\"@type\":\"ReadAction\",\"target\":[\"https:\\\/\\\/www.supeinnihonto.com\\\/nl\\\/product\\\/gusoku-red-menpo\\\/\"]}]},{\"@type\":\"ImageObject\",\"inLanguage\":\"nl-NL\",\"@id\":\"https:\\\/\\\/www.supeinnihonto.com\\\/nl\\\/product\\\/gusoku-red-menpo\\\/#primaryimage\",\"url\":\"https:\\\/\\\/i0.wp.com\\\/www.supeinnihonto.com\\\/wp-content\\\/uploads\\\/2024\\\/01\\\/logo-sold-scaled.png?fit=3125%2C1875&ssl=1\",\"contentUrl\":\"https:\\\/\\\/i0.wp.com\\\/www.supeinnihonto.com\\\/wp-content\\\/uploads\\\/2024\\\/01\\\/logo-sold-scaled.png?fit=3125%2C1875&ssl=1\",\"width\":3125,\"height\":1875,\"caption\":\"Sold\"},{\"@type\":\"BreadcrumbList\",\"@id\":\"https:\\\/\\\/www.supeinnihonto.com\\\/nl\\\/product\\\/gusoku-red-menpo\\\/#breadcrumb\",\"itemListElement\":[{\"@type\":\"ListItem\",\"position\":1,\"name\":\"Portada\",\"item\":\"https:\\\/\\\/www.supeinnihonto.com\\\/nl\\\/\"},{\"@type\":\"ListItem\",\"position\":2,\"name\":\"Shop\",\"item\":\"https:\\\/\\\/www.supeinnihonto.com\\\/nl\\\/shop\\\/\"},{\"@type\":\"ListItem\",\"position\":3,\"name\":\"Gusoku Red Mempo\"}]},{\"@type\":\"WebSite\",\"@id\":\"https:\\\/\\\/www.supeinnihonto.com\\\/nl\\\/#website\",\"url\":\"https:\\\/\\\/www.supeinnihonto.com\\\/nl\\\/\",\"name\":\"Supein Nihonto\",\"description\":\"Authentic japanese Nihonto katana \",\"publisher\":{\"@id\":\"https:\\\/\\\/www.supeinnihonto.com\\\/nl\\\/#organization\"},\"potentialAction\":[{\"@type\":\"SearchAction\",\"target\":{\"@type\":\"EntryPoint\",\"urlTemplate\":\"https:\\\/\\\/www.supeinnihonto.com\\\/nl\\\/?s={search_term_string}\"},\"query-input\":{\"@type\":\"PropertyValueSpecification\",\"valueRequired\":true,\"valueName\":\"search_term_string\"}}],\"inLanguage\":\"nl-NL\"},{\"@type\":\"Organization\",\"@id\":\"https:\\\/\\\/www.supeinnihonto.com\\\/nl\\\/#organization\",\"name\":\"SupeinNihonto\",\"url\":\"https:\\\/\\\/www.supeinnihonto.com\\\/nl\\\/\",\"logo\":{\"@type\":\"ImageObject\",\"inLanguage\":\"nl-NL\",\"@id\":\"https:\\\/\\\/www.supeinnihonto.com\\\/nl\\\/#\\\/schema\\\/logo\\\/image\\\/\",\"url\":\"https:\\\/\\\/www.supeinnihonto.com\\\/wp-content\\\/uploads\\\/2021\\\/11\\\/animation_Default_3szk0jcenoloop.gif\",\"contentUrl\":\"https:\\\/\\\/www.supeinnihonto.com\\\/wp-content\\\/uploads\\\/2021\\\/11\\\/animation_Default_3szk0jcenoloop.gif\",\"width\":750,\"height\":641,\"caption\":\"SupeinNihonto\"},\"image\":{\"@id\":\"https:\\\/\\\/www.supeinnihonto.com\\\/nl\\\/#\\\/schema\\\/logo\\\/image\\\/\"}}]}<\/script>\n<!-- \/ Yoast SEO plugin. -->","yoast_head_json":{"title":"Gusoku Red Mempo - Supein Nihonto","robots":{"index":"index","follow":"follow","max-snippet":"max-snippet:-1","max-image-preview":"max-image-preview:large","max-video-preview":"max-video-preview:-1"},"canonical":"https:\/\/www.supeinnihonto.com\/nl\/product\/gusoku-red-menpo\/","og_locale":"nl_NL","og_type":"article","og_title":"Gusoku Red Mempo - Supein Nihonto","og_description":"About US: Our photographs are taken without retouching or photoshop to ensure that the customer can judge the reality of the object. Thanks to a constant work directly with the best collectors, museums and galleries in Japan and friendship with them, along with a profit margin much lower than the [&hellip;]","og_url":"https:\/\/www.supeinnihonto.com\/nl\/product\/gusoku-red-menpo\/","og_site_name":"Supein Nihonto","article_modified_time":"2025-12-13T23:13:06+00:00","twitter_card":"summary_large_image","twitter_misc":{"Geschatte leestijd":"1 minuut"},"schema":{"@context":"https:\/\/schema.org","@graph":[{"@type":"WebPage","@id":"https:\/\/www.supeinnihonto.com\/nl\/product\/gusoku-red-menpo\/","url":"https:\/\/www.supeinnihonto.com\/nl\/product\/gusoku-red-menpo\/","name":"Gusoku Red Mempo - Supein Nihonto","isPartOf":{"@id":"https:\/\/www.supeinnihonto.com\/nl\/#website"},"primaryImageOfPage":{"@id":"https:\/\/www.supeinnihonto.com\/nl\/product\/gusoku-red-menpo\/#primaryimage"},"image":{"@id":"https:\/\/www.supeinnihonto.com\/nl\/product\/gusoku-red-menpo\/#primaryimage"},"thumbnailUrl":"https:\/\/i0.wp.com\/www.supeinnihonto.com\/wp-content\/uploads\/2024\/01\/logo-sold-scaled.png?fit=3125%2C1875&ssl=1","datePublished":"2024-08-01T16:59:53+00:00","dateModified":"2025-12-13T23:13:06+00:00","breadcrumb":{"@id":"https:\/\/www.supeinnihonto.com\/nl\/product\/gusoku-red-menpo\/#breadcrumb"},"inLanguage":"nl-NL","potentialAction":[{"@type":"ReadAction","target":["https:\/\/www.supeinnihonto.com\/nl\/product\/gusoku-red-menpo\/"]}]},{"@type":"ImageObject","inLanguage":"nl-NL","@id":"https:\/\/www.supeinnihonto.com\/nl\/product\/gusoku-red-menpo\/#primaryimage","url":"https:\/\/i0.wp.com\/www.supeinnihonto.com\/wp-content\/uploads\/2024\/01\/logo-sold-scaled.png?fit=3125%2C1875&ssl=1","contentUrl":"https:\/\/i0.wp.com\/www.supeinnihonto.com\/wp-content\/uploads\/2024\/01\/logo-sold-scaled.png?fit=3125%2C1875&ssl=1","width":3125,"height":1875,"caption":"Sold"},{"@type":"BreadcrumbList","@id":"https:\/\/www.supeinnihonto.com\/nl\/product\/gusoku-red-menpo\/#breadcrumb","itemListElement":[{"@type":"ListItem","position":1,"name":"Portada","item":"https:\/\/www.supeinnihonto.com\/nl\/"},{"@type":"ListItem","position":2,"name":"Shop","item":"https:\/\/www.supeinnihonto.com\/nl\/shop\/"},{"@type":"ListItem","position":3,"name":"Gusoku Red Mempo"}]},{"@type":"WebSite","@id":"https:\/\/www.supeinnihonto.com\/nl\/#website","url":"https:\/\/www.supeinnihonto.com\/nl\/","name":"Supein Nihonto","description":"Authentic japanese Nihonto katana ","publisher":{"@id":"https:\/\/www.supeinnihonto.com\/nl\/#organization"},"potentialAction":[{"@type":"SearchAction","target":{"@type":"EntryPoint","urlTemplate":"https:\/\/www.supeinnihonto.com\/nl\/?s={search_term_string}"},"query-input":{"@type":"PropertyValueSpecification","valueRequired":true,"valueName":"search_term_string"}}],"inLanguage":"nl-NL"},{"@type":"Organization","@id":"https:\/\/www.supeinnihonto.com\/nl\/#organization","name":"SupeinNihonto","url":"https:\/\/www.supeinnihonto.com\/nl\/","logo":{"@type":"ImageObject","inLanguage":"nl-NL","@id":"https:\/\/www.supeinnihonto.com\/nl\/#\/schema\/logo\/image\/","url":"https:\/\/www.supeinnihonto.com\/wp-content\/uploads\/2021\/11\/animation_Default_3szk0jcenoloop.gif","contentUrl":"https:\/\/www.supeinnihonto.com\/wp-content\/uploads\/2021\/11\/animation_Default_3szk0jcenoloop.gif","width":750,"height":641,"caption":"SupeinNihonto"},"image":{"@id":"https:\/\/www.supeinnihonto.com\/nl\/#\/schema\/logo\/image\/"}}]}},"jetpack-related-posts":[{"id":4463,"url":"https:\/\/www.supeinnihonto.com\/product\/gusoku-red-menpo\/","url_meta":{"origin":13127,"position":0},"title":"Gusoku Red Mempo","author":"Eric Majo","date":"1 de augustus de 2024","format":false,"excerpt":"About US: Our photographs are taken without retouching or photoshop to ensure that the customer can judge the reality of the object. Thanks to a constant work directly with the best collectors, museums and galleries in Japan and friendship with them, along with a profit margin much lower than the\u2026","rel":"","context":"Soortgelijk bericht","block_context":{"text":"Soortgelijk bericht","link":""},"img":{"alt_text":"Sold","src":"https:\/\/i0.wp.com\/www.supeinnihonto.com\/wp-content\/uploads\/2024\/01\/logo-sold-scaled.png?fit=1200%2C720&ssl=1&resize=350%2C200","width":350,"height":200,"srcset":"https:\/\/i0.wp.com\/www.supeinnihonto.com\/wp-content\/uploads\/2024\/01\/logo-sold-scaled.png?fit=1200%2C720&ssl=1&resize=350%2C200 1x, https:\/\/i0.wp.com\/www.supeinnihonto.com\/wp-content\/uploads\/2024\/01\/logo-sold-scaled.png?fit=1200%2C720&ssl=1&resize=525%2C300 1.5x, https:\/\/i0.wp.com\/www.supeinnihonto.com\/wp-content\/uploads\/2024\/01\/logo-sold-scaled.png?fit=1200%2C720&ssl=1&resize=700%2C400 2x, https:\/\/i0.wp.com\/www.supeinnihonto.com\/wp-content\/uploads\/2024\/01\/logo-sold-scaled.png?fit=1200%2C720&ssl=1&resize=1050%2C600 3x"},"classes":[]},{"id":13129,"url":"https:\/\/www.supeinnihonto.com\/de\/produkt\/gusoku-red-menpo\/","url_meta":{"origin":13127,"position":1},"title":"Gusoku Rote Mempo","author":"Eric Majo","date":"1 de augustus de 2024","format":false,"excerpt":"\u00dcber uns: Unsere Fotografien werden ohne Retusche oder Photoshop aufgenommen, um sicherzustellen, dass der Kunde die Realit\u00e4t des Objekts beurteilen kann. Dank einer kontinuierlichen Zusammenarbeit direkt mit den besten Sammlern, Museen und Galerien in Japan sowie durch Freundschaften mit ihnen und einer Gewinnspanne, die deutlich unter der europ\u00e4ischen Konkurrenz liegt,\u2026","rel":"","context":"Soortgelijk bericht","block_context":{"text":"Soortgelijk bericht","link":""},"img":{"alt_text":"Sold","src":"https:\/\/i0.wp.com\/www.supeinnihonto.com\/wp-content\/uploads\/2024\/01\/logo-sold-scaled.png?fit=1200%2C720&ssl=1&resize=350%2C200","width":350,"height":200,"srcset":"https:\/\/i0.wp.com\/www.supeinnihonto.com\/wp-content\/uploads\/2024\/01\/logo-sold-scaled.png?fit=1200%2C720&ssl=1&resize=350%2C200 1x, https:\/\/i0.wp.com\/www.supeinnihonto.com\/wp-content\/uploads\/2024\/01\/logo-sold-scaled.png?fit=1200%2C720&ssl=1&resize=525%2C300 1.5x, https:\/\/i0.wp.com\/www.supeinnihonto.com\/wp-content\/uploads\/2024\/01\/logo-sold-scaled.png?fit=1200%2C720&ssl=1&resize=700%2C400 2x, https:\/\/i0.wp.com\/www.supeinnihonto.com\/wp-content\/uploads\/2024\/01\/logo-sold-scaled.png?fit=1200%2C720&ssl=1&resize=1050%2C600 3x"},"classes":[]},{"id":13128,"url":"https:\/\/www.supeinnihonto.com\/fr\/produit\/gusoku-red-menpo\/","url_meta":{"origin":13127,"position":2},"title":"Gusoku Mempo Rouge","author":"Eric Majo","date":"1 de augustus de 2024","format":false,"excerpt":"\u00c0 propos de nous : Nos photographies sont prises sans retouche ni photoshop afin de garantir que le client puisse juger de la r\u00e9alit\u00e9 de l'objet. Gr\u00e2ce \u00e0 un travail constant directement avec les meilleurs collectionneurs, mus\u00e9es et galeries au Japon et \u00e0 notre amiti\u00e9 avec eux, ainsi qu'\u00e0 une\u2026","rel":"","context":"Soortgelijk bericht","block_context":{"text":"Soortgelijk bericht","link":""},"img":{"alt_text":"Sold","src":"https:\/\/i0.wp.com\/www.supeinnihonto.com\/wp-content\/uploads\/2024\/01\/logo-sold-scaled.png?fit=1200%2C720&ssl=1&resize=350%2C200","width":350,"height":200,"srcset":"https:\/\/i0.wp.com\/www.supeinnihonto.com\/wp-content\/uploads\/2024\/01\/logo-sold-scaled.png?fit=1200%2C720&ssl=1&resize=350%2C200 1x, https:\/\/i0.wp.com\/www.supeinnihonto.com\/wp-content\/uploads\/2024\/01\/logo-sold-scaled.png?fit=1200%2C720&ssl=1&resize=525%2C300 1.5x, https:\/\/i0.wp.com\/www.supeinnihonto.com\/wp-content\/uploads\/2024\/01\/logo-sold-scaled.png?fit=1200%2C720&ssl=1&resize=700%2C400 2x, https:\/\/i0.wp.com\/www.supeinnihonto.com\/wp-content\/uploads\/2024\/01\/logo-sold-scaled.png?fit=1200%2C720&ssl=1&resize=1050%2C600 3x"},"classes":[]},{"id":13130,"url":"https:\/\/www.supeinnihonto.com\/it\/prodotto\/gusoku-red-menpo\/","url_meta":{"origin":13127,"position":3},"title":"Gusoku Mempo Rosso","author":"Eric Majo","date":"1 de augustus de 2024","format":false,"excerpt":"Chi Siamo: Le nostre fotografie sono scattate senza ritocchi o photoshop per garantire che il cliente possa giudicare la realt\u00e0 dell'oggetto. Grazie a un lavoro costante direttamente con i migliori collezionisti, musei e gallerie in Giappone e all'amicizia con loro, insieme a un margine di profitto molto inferiore rispetto alla\u2026","rel":"","context":"Soortgelijk bericht","block_context":{"text":"Soortgelijk bericht","link":""},"img":{"alt_text":"Sold","src":"https:\/\/i0.wp.com\/www.supeinnihonto.com\/wp-content\/uploads\/2024\/01\/logo-sold-scaled.png?fit=1200%2C720&ssl=1&resize=350%2C200","width":350,"height":200,"srcset":"https:\/\/i0.wp.com\/www.supeinnihonto.com\/wp-content\/uploads\/2024\/01\/logo-sold-scaled.png?fit=1200%2C720&ssl=1&resize=350%2C200 1x, https:\/\/i0.wp.com\/www.supeinnihonto.com\/wp-content\/uploads\/2024\/01\/logo-sold-scaled.png?fit=1200%2C720&ssl=1&resize=525%2C300 1.5x, https:\/\/i0.wp.com\/www.supeinnihonto.com\/wp-content\/uploads\/2024\/01\/logo-sold-scaled.png?fit=1200%2C720&ssl=1&resize=700%2C400 2x, https:\/\/i0.wp.com\/www.supeinnihonto.com\/wp-content\/uploads\/2024\/01\/logo-sold-scaled.png?fit=1200%2C720&ssl=1&resize=1050%2C600 3x"},"classes":[]},{"id":10568,"url":"https:\/\/www.supeinnihonto.com\/product\/gusoku-tengu-menpo\/","url_meta":{"origin":13127,"position":4},"title":"Gusoku Tengu Menpo","author":"Eric Majo","date":"10 de december de 2025","format":false,"excerpt":"About US: Our photographs are taken without retouching or photoshop to ensure that the customer can judge the reality of the object. Thanks to a constant work directly with the best collectors, museums and galleries in Japan and friendship with them, along with a profit margin much lower than the\u2026","rel":"","context":"Soortgelijk bericht","block_context":{"text":"Soortgelijk bericht","link":""},"img":{"alt_text":"Samurai armor yoroi gusoku for sale \/ Samurai armor yoroi gusoku a katana Samurai armor yoroi gusoku zu verkaufen \/ Samurai armor yoroi gusoku kaufen Samurai armor yoroi gusoku in vendita \/ Acquistare Samurai armor yoroi gusoku Samurai armor yoroi gusoku \u00e0 venda \/ Comprar Samurai armor yoroi gusoku Samurai armor yoroi gusoku \u00e0 vendre \/ Acheter un Samurai armor yoroi gusoku Samurai armor yoroi gusoku te koop \/ Samurai armor yoroi gusoku katana kopen Samurai armor yoroi gusoku na predaj \/ K\u00fapi\u0165 Samurai armor yoroi gusoku Samurai armor yoroi gusoku za prodajo \/ Kupite Samurai armor yoroi gusoku Samurai armor yoroi gusoku zum Verkaf \/ Kaaft eng Samurai armor yoroi gusoku Samurai armor yoroi gusoku na sprzeda\u017c \/ Kup Samurai armor yoroi gusoku","src":"https:\/\/i0.wp.com\/www.supeinnihonto.com\/wp-content\/uploads\/2025\/12\/GEO9283.jpg?fit=1200%2C827&ssl=1&resize=350%2C200","width":350,"height":200,"srcset":"https:\/\/i0.wp.com\/www.supeinnihonto.com\/wp-content\/uploads\/2025\/12\/GEO9283.jpg?fit=1200%2C827&ssl=1&resize=350%2C200 1x, https:\/\/i0.wp.com\/www.supeinnihonto.com\/wp-content\/uploads\/2025\/12\/GEO9283.jpg?fit=1200%2C827&ssl=1&resize=525%2C300 1.5x, https:\/\/i0.wp.com\/www.supeinnihonto.com\/wp-content\/uploads\/2025\/12\/GEO9283.jpg?fit=1200%2C827&ssl=1&resize=700%2C400 2x, https:\/\/i0.wp.com\/www.supeinnihonto.com\/wp-content\/uploads\/2025\/12\/GEO9283.jpg?fit=1200%2C827&ssl=1&resize=1050%2C600 3x"},"classes":[]},{"id":10484,"url":"https:\/\/www.supeinnihonto.com\/product\/gusoku-toyotomi-mon\/","url_meta":{"origin":13127,"position":5},"title":"Gusoku Toyotomi Mon","author":"Eric Majo","date":"9 de december de 2025","format":false,"excerpt":"About US: Our photographs are taken without retouching or photoshop to ensure that the customer can judge the reality of the object. Thanks to a constant work directly with the best collectors, museums and galleries in Japan and friendship with them, along with a profit margin much lower than the\u2026","rel":"","context":"Soortgelijk bericht","block_context":{"text":"Soortgelijk bericht","link":""},"img":{"alt_text":"Samurai armor yoroi gusoku for sale \/ Samurai armor yoroi gusoku a katana Samurai armor yoroi gusoku zu verkaufen \/ Samurai armor yoroi gusoku kaufen Samurai armor yoroi gusoku in vendita \/ Acquistare Samurai armor yoroi gusoku Samurai armor yoroi gusoku \u00e0 venda \/ Comprar Samurai armor yoroi gusoku Samurai armor yoroi gusoku \u00e0 vendre \/ Acheter un Samurai armor yoroi gusoku Samurai armor yoroi gusoku te koop \/ Samurai armor yoroi gusoku katana kopen Samurai armor yoroi gusoku na predaj \/ K\u00fapi\u0165 Samurai armor yoroi gusoku Samurai armor yoroi gusoku za prodajo \/ Kupite Samurai armor yoroi gusoku Samurai armor yoroi gusoku zum Verkaf \/ Kaaft eng Samurai armor yoroi gusoku Samurai armor yoroi gusoku na sprzeda\u017c \/ Kup Samurai armor yoroi gusoku","src":"https:\/\/i0.wp.com\/www.supeinnihonto.com\/wp-content\/uploads\/2025\/12\/GEO9136-scaled-1.webp?fit=1200%2C799&ssl=1&resize=350%2C200","width":350,"height":200,"srcset":"https:\/\/i0.wp.com\/www.supeinnihonto.com\/wp-content\/uploads\/2025\/12\/GEO9136-scaled-1.webp?fit=1200%2C799&ssl=1&resize=350%2C200 1x, https:\/\/i0.wp.com\/www.supeinnihonto.com\/wp-content\/uploads\/2025\/12\/GEO9136-scaled-1.webp?fit=1200%2C799&ssl=1&resize=525%2C300 1.5x, https:\/\/i0.wp.com\/www.supeinnihonto.com\/wp-content\/uploads\/2025\/12\/GEO9136-scaled-1.webp?fit=1200%2C799&ssl=1&resize=700%2C400 2x, https:\/\/i0.wp.com\/www.supeinnihonto.com\/wp-content\/uploads\/2025\/12\/GEO9136-scaled-1.webp?fit=1200%2C799&ssl=1&resize=1050%2C600 3x"},"classes":[]}],"jetpack_sharing_enabled":true,"_links":{"self":[{"href":"https:\/\/www.supeinnihonto.com\/nl\/wp-json\/wp\/v2\/product\/13127","targetHints":{"allow":["GET"]}}],"collection":[{"href":"https:\/\/www.supeinnihonto.com\/nl\/wp-json\/wp\/v2\/product"}],"about":[{"href":"https:\/\/www.supeinnihonto.com\/nl\/wp-json\/wp\/v2\/types\/product"}],"wp:featuredmedia":[{"embeddable":true,"href":"https:\/\/www.supeinnihonto.com\/nl\/wp-json\/wp\/v2\/media\/11073"}],"wp:attachment":[{"href":"https:\/\/www.supeinnihonto.com\/nl\/wp-json\/wp\/v2\/media?parent=13127"}],"wp:term":[{"taxonomy":"product_brand","embeddable":true,"href":"https:\/\/www.supeinnihonto.com\/nl\/wp-json\/wp\/v2\/product_brand?post=13127"},{"taxonomy":"product_cat","embeddable":true,"href":"https:\/\/www.supeinnihonto.com\/nl\/wp-json\/wp\/v2\/product_cat?post=13127"},{"taxonomy":"product_tag","embeddable":true,"href":"https:\/\/www.supeinnihonto.com\/nl\/wp-json\/wp\/v2\/product_tag?post=13127"}],"curies":[{"name":"wp","href":"https:\/\/api.w.org\/{rel}","templated":true}]}}