{"id":12973,"date":"2024-08-06T17:38:41","date_gmt":"2024-08-06T17:38:41","guid":{"rendered":"https:\/\/www.supeinnihonto.com\/product\/nihonto-katana-saijo-ju-nyudo-saku-dated-1937\/"},"modified":"2025-12-13T23:09:51","modified_gmt":"2025-12-13T23:09:51","slug":"nihonto-katana-saijo-ju-nyudo-saku-dated-1937","status":"publish","type":"product","link":"https:\/\/www.supeinnihonto.com\/nl\/product\/nihonto-katana-saijo-ju-nyudo-saku-dated-1937\/","title":{"rendered":"Nihonto Katana &#8220;Saijo ju Nyudo saku&#8221; dated 1937"},"content":{"rendered":"<p>Free Shipping.<\/p>\n<p>ITEM DESCRIPTION:<\/p>\n<p><span>Comes with Authenticy certificate from Supein Nihonto. It comes with Torokusho prefecture paper.<\/span><\/p>\n<p><span>Real long Katana Gendaito sword signed &#8220;Saijo~ ju~ Nyu~do~ saku&#8221; and dated 1937.\u00a0 Probably was used during second world war. The blade is polish but with no rest of hamon and a few kizus proppers of the ancient technique of tamahagane forging and old cleaned rust spots. The antique koshirae is in very good condition due the ages. A great oportunity to own an authentic Japanese katana at a very low price, perfect for those who want to start a collection or have an authentic historical piece at a price well below the usual.<\/span><\/p>\n<p><span>\u00a0There are around 150-200 swordsmiths in Japan today. To legally produce Japanese swords, one needs to pass the national exam given by the Agency for Cultural Affairs(Bunka-Cho) and receive the license. Before taking the exam, one must finish his\u00a0 apprenticeship under a licensed master for more than five years.<\/span><\/p>\n<p><span>Those who practice Iaido(\u5c45\u5408\u9053) tend to use those modern swords, and there are modern Japanese sword collectors nationwide. <\/span><span>The modern Japanese sword makers are researching old ways to forge swords and trying to recreate ancient style swords. They are the ones who keep the tradition of Japanese history alive.<\/span><\/p>\n<p><span>An Authentic nihonto japanese sword, difficult to find in Europe, without the consequent costs of importing from Japan or from Japanese sellers, which can increase the price of the sword by up to 30% and a months waiting for shipment and custom paperwork. A truly real nihonto to delight both new and experienced collectors.<\/span><\/p>\n<p><span>All our swords are originals, imported from japan and Europe from the best dealers and collectors during many years of collection and passion.<\/span><\/p>\n<p><span>Nagasa: 65.4 cm. Sori: 1.4 cm.<\/span><br \/>\n<span>Moto-haba: 3.2 cm. Saki-haba: 2.3 cm.<\/span><br \/>\n<span>Moto-gasane: 0.7 cm. Saki-gasane: 0.5 cm.<\/span><\/p>\n","protected":false},"excerpt":{"rendered":"<p>Free Shipping. ITEM DESCRIPTION: Comes with Authenticy certificate from Supein Nihonto. It comes with Torokusho prefecture paper. Real long Katana Gendaito sword signed &#8220;Saijo~ ju~ Nyu~do~ saku&#8221; and dated 1937.\u00a0 Probably was used during second world war. The blade is polish but with no rest of hamon and a few [&hellip;]<\/p>\n","protected":false},"featured_media":10951,"template":"","meta":{"jetpack_post_was_ever_published":false},"product_brand":[],"product_cat":[355,356],"product_tag":[455,437,477],"class_list":{"0":"post-12973","1":"product","2":"type-product","3":"status-publish","4":"has-post-thumbnail","6":"product_cat-katana-tachi","7":"product_cat-nihonto","8":"product_tag-katana","9":"product_tag-nihonto","10":"product_tag-verkocht","12":"first","13":"outofstock","14":"sold-individually","15":"shipping-taxable","16":"purchasable","17":"product-type-simple"},"yoast_head":"<!-- This site is optimized with the Yoast SEO plugin v27.3 - https:\/\/yoast.com\/product\/yoast-seo-wordpress\/ -->\n<title>Nihonto Katana &quot;Saijo ju Nyudo saku&quot; dated 1937 - Supein Nihonto<\/title>\n<meta name=\"robots\" content=\"index, follow, max-snippet:-1, max-image-preview:large, max-video-preview:-1\" \/>\n<link rel=\"canonical\" href=\"https:\/\/www.supeinnihonto.com\/nl\/product\/nihonto-katana-saijo-ju-nyudo-saku-dated-1937\/\" \/>\n<meta property=\"og:locale\" content=\"nl_NL\" \/>\n<meta property=\"og:type\" content=\"article\" \/>\n<meta property=\"og:title\" content=\"Nihonto Katana &quot;Saijo ju Nyudo saku&quot; dated 1937 - Supein Nihonto\" \/>\n<meta property=\"og:description\" content=\"Free Shipping. ITEM DESCRIPTION: Comes with Authenticy certificate from Supein Nihonto. It comes with Torokusho prefecture paper. Real long Katana Gendaito sword signed &#8220;Saijo~ ju~ Nyu~do~ saku&#8221; and dated 1937.\u00a0 Probably was used during second world war. The blade is polish but with no rest of hamon and a few [&hellip;]\" \/>\n<meta property=\"og:url\" content=\"https:\/\/www.supeinnihonto.com\/nl\/product\/nihonto-katana-saijo-ju-nyudo-saku-dated-1937\/\" \/>\n<meta property=\"og:site_name\" content=\"Supein Nihonto\" \/>\n<meta property=\"article:modified_time\" content=\"2025-12-13T23:09:51+00:00\" \/>\n<meta name=\"twitter:card\" content=\"summary_large_image\" \/>\n<meta name=\"twitter:label1\" content=\"Geschatte leestijd\" \/>\n\t<meta name=\"twitter:data1\" content=\"1 minuut\" \/>\n<script type=\"application\/ld+json\" class=\"yoast-schema-graph\">{\"@context\":\"https:\\\/\\\/schema.org\",\"@graph\":[{\"@type\":\"WebPage\",\"@id\":\"https:\\\/\\\/www.supeinnihonto.com\\\/nl\\\/product\\\/nihonto-katana-saijo-ju-nyudo-saku-dated-1937\\\/\",\"url\":\"https:\\\/\\\/www.supeinnihonto.com\\\/nl\\\/product\\\/nihonto-katana-saijo-ju-nyudo-saku-dated-1937\\\/\",\"name\":\"Nihonto Katana \\\"Saijo ju Nyudo saku\\\" dated 1937 - Supein Nihonto\",\"isPartOf\":{\"@id\":\"https:\\\/\\\/www.supeinnihonto.com\\\/nl\\\/#website\"},\"primaryImageOfPage\":{\"@id\":\"https:\\\/\\\/www.supeinnihonto.com\\\/nl\\\/product\\\/nihonto-katana-saijo-ju-nyudo-saku-dated-1937\\\/#primaryimage\"},\"image\":{\"@id\":\"https:\\\/\\\/www.supeinnihonto.com\\\/nl\\\/product\\\/nihonto-katana-saijo-ju-nyudo-saku-dated-1937\\\/#primaryimage\"},\"thumbnailUrl\":\"https:\\\/\\\/i0.wp.com\\\/www.supeinnihonto.com\\\/wp-content\\\/uploads\\\/2024\\\/02\\\/logo-sold-scaled.png?fit=3125%2C1875&ssl=1\",\"datePublished\":\"2024-08-06T17:38:41+00:00\",\"dateModified\":\"2025-12-13T23:09:51+00:00\",\"breadcrumb\":{\"@id\":\"https:\\\/\\\/www.supeinnihonto.com\\\/nl\\\/product\\\/nihonto-katana-saijo-ju-nyudo-saku-dated-1937\\\/#breadcrumb\"},\"inLanguage\":\"nl-NL\",\"potentialAction\":[{\"@type\":\"ReadAction\",\"target\":[\"https:\\\/\\\/www.supeinnihonto.com\\\/nl\\\/product\\\/nihonto-katana-saijo-ju-nyudo-saku-dated-1937\\\/\"]}]},{\"@type\":\"ImageObject\",\"inLanguage\":\"nl-NL\",\"@id\":\"https:\\\/\\\/www.supeinnihonto.com\\\/nl\\\/product\\\/nihonto-katana-saijo-ju-nyudo-saku-dated-1937\\\/#primaryimage\",\"url\":\"https:\\\/\\\/i0.wp.com\\\/www.supeinnihonto.com\\\/wp-content\\\/uploads\\\/2024\\\/02\\\/logo-sold-scaled.png?fit=3125%2C1875&ssl=1\",\"contentUrl\":\"https:\\\/\\\/i0.wp.com\\\/www.supeinnihonto.com\\\/wp-content\\\/uploads\\\/2024\\\/02\\\/logo-sold-scaled.png?fit=3125%2C1875&ssl=1\",\"width\":3125,\"height\":1875,\"caption\":\"sold\"},{\"@type\":\"BreadcrumbList\",\"@id\":\"https:\\\/\\\/www.supeinnihonto.com\\\/nl\\\/product\\\/nihonto-katana-saijo-ju-nyudo-saku-dated-1937\\\/#breadcrumb\",\"itemListElement\":[{\"@type\":\"ListItem\",\"position\":1,\"name\":\"Portada\",\"item\":\"https:\\\/\\\/www.supeinnihonto.com\\\/nl\\\/\"},{\"@type\":\"ListItem\",\"position\":2,\"name\":\"Shop\",\"item\":\"https:\\\/\\\/www.supeinnihonto.com\\\/nl\\\/shop\\\/\"},{\"@type\":\"ListItem\",\"position\":3,\"name\":\"Nihonto Katana &#8220;Saijo ju Nyudo saku&#8221; dated 1937\"}]},{\"@type\":\"WebSite\",\"@id\":\"https:\\\/\\\/www.supeinnihonto.com\\\/nl\\\/#website\",\"url\":\"https:\\\/\\\/www.supeinnihonto.com\\\/nl\\\/\",\"name\":\"Supein Nihonto\",\"description\":\"Authentic japanese Nihonto katana \",\"publisher\":{\"@id\":\"https:\\\/\\\/www.supeinnihonto.com\\\/nl\\\/#organization\"},\"potentialAction\":[{\"@type\":\"SearchAction\",\"target\":{\"@type\":\"EntryPoint\",\"urlTemplate\":\"https:\\\/\\\/www.supeinnihonto.com\\\/nl\\\/?s={search_term_string}\"},\"query-input\":{\"@type\":\"PropertyValueSpecification\",\"valueRequired\":true,\"valueName\":\"search_term_string\"}}],\"inLanguage\":\"nl-NL\"},{\"@type\":\"Organization\",\"@id\":\"https:\\\/\\\/www.supeinnihonto.com\\\/nl\\\/#organization\",\"name\":\"SupeinNihonto\",\"url\":\"https:\\\/\\\/www.supeinnihonto.com\\\/nl\\\/\",\"logo\":{\"@type\":\"ImageObject\",\"inLanguage\":\"nl-NL\",\"@id\":\"https:\\\/\\\/www.supeinnihonto.com\\\/nl\\\/#\\\/schema\\\/logo\\\/image\\\/\",\"url\":\"https:\\\/\\\/www.supeinnihonto.com\\\/wp-content\\\/uploads\\\/2021\\\/11\\\/animation_Default_3szk0jcenoloop.gif\",\"contentUrl\":\"https:\\\/\\\/www.supeinnihonto.com\\\/wp-content\\\/uploads\\\/2021\\\/11\\\/animation_Default_3szk0jcenoloop.gif\",\"width\":750,\"height\":641,\"caption\":\"SupeinNihonto\"},\"image\":{\"@id\":\"https:\\\/\\\/www.supeinnihonto.com\\\/nl\\\/#\\\/schema\\\/logo\\\/image\\\/\"}}]}<\/script>\n<!-- \/ Yoast SEO plugin. -->","yoast_head_json":{"title":"Nihonto Katana \"Saijo ju Nyudo saku\" dated 1937 - Supein Nihonto","robots":{"index":"index","follow":"follow","max-snippet":"max-snippet:-1","max-image-preview":"max-image-preview:large","max-video-preview":"max-video-preview:-1"},"canonical":"https:\/\/www.supeinnihonto.com\/nl\/product\/nihonto-katana-saijo-ju-nyudo-saku-dated-1937\/","og_locale":"nl_NL","og_type":"article","og_title":"Nihonto Katana \"Saijo ju Nyudo saku\" dated 1937 - Supein Nihonto","og_description":"Free Shipping. ITEM DESCRIPTION: Comes with Authenticy certificate from Supein Nihonto. It comes with Torokusho prefecture paper. Real long Katana Gendaito sword signed &#8220;Saijo~ ju~ Nyu~do~ saku&#8221; and dated 1937.\u00a0 Probably was used during second world war. The blade is polish but with no rest of hamon and a few [&hellip;]","og_url":"https:\/\/www.supeinnihonto.com\/nl\/product\/nihonto-katana-saijo-ju-nyudo-saku-dated-1937\/","og_site_name":"Supein Nihonto","article_modified_time":"2025-12-13T23:09:51+00:00","twitter_card":"summary_large_image","twitter_misc":{"Geschatte leestijd":"1 minuut"},"schema":{"@context":"https:\/\/schema.org","@graph":[{"@type":"WebPage","@id":"https:\/\/www.supeinnihonto.com\/nl\/product\/nihonto-katana-saijo-ju-nyudo-saku-dated-1937\/","url":"https:\/\/www.supeinnihonto.com\/nl\/product\/nihonto-katana-saijo-ju-nyudo-saku-dated-1937\/","name":"Nihonto Katana \"Saijo ju Nyudo saku\" dated 1937 - Supein Nihonto","isPartOf":{"@id":"https:\/\/www.supeinnihonto.com\/nl\/#website"},"primaryImageOfPage":{"@id":"https:\/\/www.supeinnihonto.com\/nl\/product\/nihonto-katana-saijo-ju-nyudo-saku-dated-1937\/#primaryimage"},"image":{"@id":"https:\/\/www.supeinnihonto.com\/nl\/product\/nihonto-katana-saijo-ju-nyudo-saku-dated-1937\/#primaryimage"},"thumbnailUrl":"https:\/\/i0.wp.com\/www.supeinnihonto.com\/wp-content\/uploads\/2024\/02\/logo-sold-scaled.png?fit=3125%2C1875&ssl=1","datePublished":"2024-08-06T17:38:41+00:00","dateModified":"2025-12-13T23:09:51+00:00","breadcrumb":{"@id":"https:\/\/www.supeinnihonto.com\/nl\/product\/nihonto-katana-saijo-ju-nyudo-saku-dated-1937\/#breadcrumb"},"inLanguage":"nl-NL","potentialAction":[{"@type":"ReadAction","target":["https:\/\/www.supeinnihonto.com\/nl\/product\/nihonto-katana-saijo-ju-nyudo-saku-dated-1937\/"]}]},{"@type":"ImageObject","inLanguage":"nl-NL","@id":"https:\/\/www.supeinnihonto.com\/nl\/product\/nihonto-katana-saijo-ju-nyudo-saku-dated-1937\/#primaryimage","url":"https:\/\/i0.wp.com\/www.supeinnihonto.com\/wp-content\/uploads\/2024\/02\/logo-sold-scaled.png?fit=3125%2C1875&ssl=1","contentUrl":"https:\/\/i0.wp.com\/www.supeinnihonto.com\/wp-content\/uploads\/2024\/02\/logo-sold-scaled.png?fit=3125%2C1875&ssl=1","width":3125,"height":1875,"caption":"sold"},{"@type":"BreadcrumbList","@id":"https:\/\/www.supeinnihonto.com\/nl\/product\/nihonto-katana-saijo-ju-nyudo-saku-dated-1937\/#breadcrumb","itemListElement":[{"@type":"ListItem","position":1,"name":"Portada","item":"https:\/\/www.supeinnihonto.com\/nl\/"},{"@type":"ListItem","position":2,"name":"Shop","item":"https:\/\/www.supeinnihonto.com\/nl\/shop\/"},{"@type":"ListItem","position":3,"name":"Nihonto Katana &#8220;Saijo ju Nyudo saku&#8221; dated 1937"}]},{"@type":"WebSite","@id":"https:\/\/www.supeinnihonto.com\/nl\/#website","url":"https:\/\/www.supeinnihonto.com\/nl\/","name":"Supein Nihonto","description":"Authentic japanese Nihonto katana ","publisher":{"@id":"https:\/\/www.supeinnihonto.com\/nl\/#organization"},"potentialAction":[{"@type":"SearchAction","target":{"@type":"EntryPoint","urlTemplate":"https:\/\/www.supeinnihonto.com\/nl\/?s={search_term_string}"},"query-input":{"@type":"PropertyValueSpecification","valueRequired":true,"valueName":"search_term_string"}}],"inLanguage":"nl-NL"},{"@type":"Organization","@id":"https:\/\/www.supeinnihonto.com\/nl\/#organization","name":"SupeinNihonto","url":"https:\/\/www.supeinnihonto.com\/nl\/","logo":{"@type":"ImageObject","inLanguage":"nl-NL","@id":"https:\/\/www.supeinnihonto.com\/nl\/#\/schema\/logo\/image\/","url":"https:\/\/www.supeinnihonto.com\/wp-content\/uploads\/2021\/11\/animation_Default_3szk0jcenoloop.gif","contentUrl":"https:\/\/www.supeinnihonto.com\/wp-content\/uploads\/2021\/11\/animation_Default_3szk0jcenoloop.gif","width":750,"height":641,"caption":"SupeinNihonto"},"image":{"@id":"https:\/\/www.supeinnihonto.com\/nl\/#\/schema\/logo\/image\/"}}]}},"jetpack-related-posts":[{"id":12975,"url":"https:\/\/www.supeinnihonto.com\/fr\/produit\/nihonto-katana-saijo-ju-nyudo-saku-dated-1937\/","url_meta":{"origin":12973,"position":0},"title":"Nihonto Katana &#8220;Saijo ju Nyudo saku&#8221; dat\u00e9 de 1937","author":"Eric Majo","date":"6 de augustus de 2024","format":false,"excerpt":"Livraison gratuite. DESCRIPTION DE L'ARTICLE : Livr\u00e9 avec un certificat d'authenticit\u00e9 de Supein Nihonto. Il est accompagn\u00e9 d'un papier Torokusho de la pr\u00e9fecture. V\u00e9ritable longue \u00e9p\u00e9e Katana Gendaito sign\u00e9e \"Saijo~ ju~ Nyu~do~ saku\" et dat\u00e9e de 1937. Probablement utilis\u00e9e pendant la Seconde Guerre mondiale. La lame est polie mais sans\u2026","rel":"","context":"Soortgelijk bericht","block_context":{"text":"Soortgelijk bericht","link":""},"img":{"alt_text":"sold","src":"https:\/\/i0.wp.com\/www.supeinnihonto.com\/wp-content\/uploads\/2024\/02\/logo-sold-scaled.png?fit=1200%2C720&ssl=1&resize=350%2C200","width":350,"height":200,"srcset":"https:\/\/i0.wp.com\/www.supeinnihonto.com\/wp-content\/uploads\/2024\/02\/logo-sold-scaled.png?fit=1200%2C720&ssl=1&resize=350%2C200 1x, https:\/\/i0.wp.com\/www.supeinnihonto.com\/wp-content\/uploads\/2024\/02\/logo-sold-scaled.png?fit=1200%2C720&ssl=1&resize=525%2C300 1.5x, https:\/\/i0.wp.com\/www.supeinnihonto.com\/wp-content\/uploads\/2024\/02\/logo-sold-scaled.png?fit=1200%2C720&ssl=1&resize=700%2C400 2x, https:\/\/i0.wp.com\/www.supeinnihonto.com\/wp-content\/uploads\/2024\/02\/logo-sold-scaled.png?fit=1200%2C720&ssl=1&resize=1050%2C600 3x"},"classes":[]},{"id":12977,"url":"https:\/\/www.supeinnihonto.com\/de\/produkt\/nihonto-katana-saijo-ju-nyudo-saku-dated-1937\/","url_meta":{"origin":12973,"position":1},"title":"Nihonto Katana &#8220;Saijo ju Nyudo saku&#8221; datiert 1937","author":"Eric Majo","date":"6 de augustus de 2024","format":false,"excerpt":"Kostenloser Versand. ARTIKELBESCHREIBUNG: Lieferung mit Echtheitszertifikat von Supein Nihonto. Es wird mit Torokusho Pr\u00e4fektur-Papier geliefert. Echtes langes Katana Gendaito Schwert, signiert mit \"Saijo~ ju~ Nyu~do~ saku\" und datiert auf 1937. Wahrscheinlich im Zweiten Weltkrieg verwendet. Die Klinge ist poliert, jedoch ohne sichtbaren Hamon und mit einigen Kizu, typisch f\u00fcr die\u2026","rel":"","context":"Soortgelijk bericht","block_context":{"text":"Soortgelijk bericht","link":""},"img":{"alt_text":"sold","src":"https:\/\/i0.wp.com\/www.supeinnihonto.com\/wp-content\/uploads\/2024\/02\/logo-sold-scaled.png?fit=1200%2C720&ssl=1&resize=350%2C200","width":350,"height":200,"srcset":"https:\/\/i0.wp.com\/www.supeinnihonto.com\/wp-content\/uploads\/2024\/02\/logo-sold-scaled.png?fit=1200%2C720&ssl=1&resize=350%2C200 1x, https:\/\/i0.wp.com\/www.supeinnihonto.com\/wp-content\/uploads\/2024\/02\/logo-sold-scaled.png?fit=1200%2C720&ssl=1&resize=525%2C300 1.5x, https:\/\/i0.wp.com\/www.supeinnihonto.com\/wp-content\/uploads\/2024\/02\/logo-sold-scaled.png?fit=1200%2C720&ssl=1&resize=700%2C400 2x, https:\/\/i0.wp.com\/www.supeinnihonto.com\/wp-content\/uploads\/2024\/02\/logo-sold-scaled.png?fit=1200%2C720&ssl=1&resize=1050%2C600 3x"},"classes":[]},{"id":12979,"url":"https:\/\/www.supeinnihonto.com\/it\/prodotto\/nihonto-katana-saijo-ju-nyudo-saku-dated-1937\/","url_meta":{"origin":12973,"position":2},"title":"Nihonto Katana &#8220;Saijo ju Nyudo saku&#8221; datata 1937","author":"Eric Majo","date":"6 de augustus de 2024","format":false,"excerpt":"Spedizione gratuita. DESCRIZIONE DELL'ARTICOLO: Accompagnato da certificato di autenticit\u00e0 di Supein Nihonto. Include il documento Torokusho della prefettura. Vera spada Katana Gendaito lunga firmata \"Saijo~ ju~ Nyu~do~ saku\" e datata 1937. Probabilmente utilizzata durante la Seconda Guerra Mondiale. La lama \u00e8 lucidata ma senza tracce di hamon e con pochi\u2026","rel":"","context":"Soortgelijk bericht","block_context":{"text":"Soortgelijk bericht","link":""},"img":{"alt_text":"sold","src":"https:\/\/i0.wp.com\/www.supeinnihonto.com\/wp-content\/uploads\/2024\/02\/logo-sold-scaled.png?fit=1200%2C720&ssl=1&resize=350%2C200","width":350,"height":200,"srcset":"https:\/\/i0.wp.com\/www.supeinnihonto.com\/wp-content\/uploads\/2024\/02\/logo-sold-scaled.png?fit=1200%2C720&ssl=1&resize=350%2C200 1x, https:\/\/i0.wp.com\/www.supeinnihonto.com\/wp-content\/uploads\/2024\/02\/logo-sold-scaled.png?fit=1200%2C720&ssl=1&resize=525%2C300 1.5x, https:\/\/i0.wp.com\/www.supeinnihonto.com\/wp-content\/uploads\/2024\/02\/logo-sold-scaled.png?fit=1200%2C720&ssl=1&resize=700%2C400 2x, https:\/\/i0.wp.com\/www.supeinnihonto.com\/wp-content\/uploads\/2024\/02\/logo-sold-scaled.png?fit=1200%2C720&ssl=1&resize=1050%2C600 3x"},"classes":[]},{"id":4941,"url":"https:\/\/www.supeinnihonto.com\/product\/nihonto-katana-saijo-ju-nyudo-saku-dated-1937\/","url_meta":{"origin":12973,"position":3},"title":"Nihonto Katana &#8220;Saijo ju Nyudo saku&#8221; dated 1937","author":"Eric Majo","date":"6 de augustus de 2024","format":false,"excerpt":"Free Shipping. ITEM DESCRIPTION: Comes with Authenticy certificate from Supein Nihonto. It comes with Torokusho prefecture paper. Real long Katana Gendaito sword signed \"Saijo~ ju~ Nyu~do~ saku\" and dated 1937.\u00a0 Probably was used during second world war. The blade is polish but with no rest of hamon and a few\u2026","rel":"","context":"Soortgelijk bericht","block_context":{"text":"Soortgelijk bericht","link":""},"img":{"alt_text":"sold","src":"https:\/\/i0.wp.com\/www.supeinnihonto.com\/wp-content\/uploads\/2024\/02\/logo-sold-scaled.png?fit=1200%2C720&ssl=1&resize=350%2C200","width":350,"height":200,"srcset":"https:\/\/i0.wp.com\/www.supeinnihonto.com\/wp-content\/uploads\/2024\/02\/logo-sold-scaled.png?fit=1200%2C720&ssl=1&resize=350%2C200 1x, https:\/\/i0.wp.com\/www.supeinnihonto.com\/wp-content\/uploads\/2024\/02\/logo-sold-scaled.png?fit=1200%2C720&ssl=1&resize=525%2C300 1.5x, https:\/\/i0.wp.com\/www.supeinnihonto.com\/wp-content\/uploads\/2024\/02\/logo-sold-scaled.png?fit=1200%2C720&ssl=1&resize=700%2C400 2x, https:\/\/i0.wp.com\/www.supeinnihonto.com\/wp-content\/uploads\/2024\/02\/logo-sold-scaled.png?fit=1200%2C720&ssl=1&resize=1050%2C600 3x"},"classes":[]},{"id":12280,"url":"https:\/\/www.supeinnihonto.com\/nl\/product\/nihonto-katana-kanetoki-dated-1605\/","url_meta":{"origin":12973,"position":4},"title":"Nihonto katana &#8220;Kanetoki&#8221; dated 1605","author":"Eric Majo","date":"18 de november de 2024","format":false,"excerpt":"Free Shipping. ITEM DESCRIPTION: Comes with kimono or cotton bag. Comes with certificate of supein Nihonto. Signed: \u6fc3\u5dde\u4e0a\u6709\u77e5\u4e4b\u4f4f\u517c\u8fb0\u4f5c Noshu kamiuchi no ju Kanetoki saku, and dated \u6176\u9577\u5341\u5e74 1605, just 2 years befor the edo period starts. Kanetoki ID KAN2515 Province Mino Start Era Bunroku (1592-1596) End Era Keich\u014d (1596-1615) Active\u2026","rel":"","context":"Soortgelijk bericht","block_context":{"text":"Soortgelijk bericht","link":""},"img":{"alt_text":"sold","src":"https:\/\/i0.wp.com\/www.supeinnihonto.com\/wp-content\/uploads\/2024\/02\/logo-sold-scaled.png?fit=1200%2C720&ssl=1&resize=350%2C200","width":350,"height":200,"srcset":"https:\/\/i0.wp.com\/www.supeinnihonto.com\/wp-content\/uploads\/2024\/02\/logo-sold-scaled.png?fit=1200%2C720&ssl=1&resize=350%2C200 1x, https:\/\/i0.wp.com\/www.supeinnihonto.com\/wp-content\/uploads\/2024\/02\/logo-sold-scaled.png?fit=1200%2C720&ssl=1&resize=525%2C300 1.5x, https:\/\/i0.wp.com\/www.supeinnihonto.com\/wp-content\/uploads\/2024\/02\/logo-sold-scaled.png?fit=1200%2C720&ssl=1&resize=700%2C400 2x, https:\/\/i0.wp.com\/www.supeinnihonto.com\/wp-content\/uploads\/2024\/02\/logo-sold-scaled.png?fit=1200%2C720&ssl=1&resize=1050%2C600 3x"},"classes":[]},{"id":12281,"url":"https:\/\/www.supeinnihonto.com\/fr\/produit\/nihonto-katana-kanetoki-dated-1605\/","url_meta":{"origin":12973,"position":5},"title":"Nihonto katana \u00ab Kanetoki \u00bb dat\u00e9 de 1605","author":"Eric Majo","date":"18 de november de 2024","format":false,"excerpt":"Livraison gratuite. DESCRIPTION DE L'ARTICLE : Livr\u00e9 avec kimono ou sac en coton. Livr\u00e9 avec certificat de Nihonto espagnol. Sign\u00e9 : \u6fc3\u5dde\u4e0a\u6709\u77e5\u4e4b\u4f4f\u517c\u8fb0\u4f5c Noshu kamiuchi no ju Kanetoki saku, dat\u00e9 de \u6176\u9577\u5341\u5e74 1605, juste 2 ans avant le d\u00e9but de la p\u00e9riode Edo. Kanetoki ID KAN2515 Province Mino D\u00e9but de l\u2019\u00e8re\u2026","rel":"","context":"Soortgelijk bericht","block_context":{"text":"Soortgelijk bericht","link":""},"img":{"alt_text":"sold","src":"https:\/\/i0.wp.com\/www.supeinnihonto.com\/wp-content\/uploads\/2024\/02\/logo-sold-scaled.png?fit=1200%2C720&ssl=1&resize=350%2C200","width":350,"height":200,"srcset":"https:\/\/i0.wp.com\/www.supeinnihonto.com\/wp-content\/uploads\/2024\/02\/logo-sold-scaled.png?fit=1200%2C720&ssl=1&resize=350%2C200 1x, https:\/\/i0.wp.com\/www.supeinnihonto.com\/wp-content\/uploads\/2024\/02\/logo-sold-scaled.png?fit=1200%2C720&ssl=1&resize=525%2C300 1.5x, https:\/\/i0.wp.com\/www.supeinnihonto.com\/wp-content\/uploads\/2024\/02\/logo-sold-scaled.png?fit=1200%2C720&ssl=1&resize=700%2C400 2x, https:\/\/i0.wp.com\/www.supeinnihonto.com\/wp-content\/uploads\/2024\/02\/logo-sold-scaled.png?fit=1200%2C720&ssl=1&resize=1050%2C600 3x"},"classes":[]}],"jetpack_sharing_enabled":true,"_links":{"self":[{"href":"https:\/\/www.supeinnihonto.com\/nl\/wp-json\/wp\/v2\/product\/12973","targetHints":{"allow":["GET"]}}],"collection":[{"href":"https:\/\/www.supeinnihonto.com\/nl\/wp-json\/wp\/v2\/product"}],"about":[{"href":"https:\/\/www.supeinnihonto.com\/nl\/wp-json\/wp\/v2\/types\/product"}],"wp:featuredmedia":[{"embeddable":true,"href":"https:\/\/www.supeinnihonto.com\/nl\/wp-json\/wp\/v2\/media\/10951"}],"wp:attachment":[{"href":"https:\/\/www.supeinnihonto.com\/nl\/wp-json\/wp\/v2\/media?parent=12973"}],"wp:term":[{"taxonomy":"product_brand","embeddable":true,"href":"https:\/\/www.supeinnihonto.com\/nl\/wp-json\/wp\/v2\/product_brand?post=12973"},{"taxonomy":"product_cat","embeddable":true,"href":"https:\/\/www.supeinnihonto.com\/nl\/wp-json\/wp\/v2\/product_cat?post=12973"},{"taxonomy":"product_tag","embeddable":true,"href":"https:\/\/www.supeinnihonto.com\/nl\/wp-json\/wp\/v2\/product_tag?post=12973"}],"curies":[{"name":"wp","href":"https:\/\/api.w.org\/{rel}","templated":true}]}}