{"id":12712,"date":"2024-11-05T11:39:20","date_gmt":"2024-11-05T11:39:20","guid":{"rendered":"https:\/\/www.supeinnihonto.com\/product\/netsuke-toad-wood-ii\/"},"modified":"2025-12-23T19:18:01","modified_gmt":"2025-12-23T19:18:01","slug":"netsuke-pad-van-hout-ii","status":"publish","type":"product","link":"https:\/\/www.supeinnihonto.com\/nl\/product\/netsuke-pad-van-hout-ii\/","title":{"rendered":"Netsuke pad van hout II"},"content":{"rendered":"<p data-start=\"1635\" data-end=\"1653\">Gratis verzending.<\/p>\n<p data-start=\"1655\" data-end=\"1831\">Charmante houten netsuke die een pad voorstelt. Fantastische patina en slijtage die het stuk veel karakter geven. Prachtige himotoshi met gebruikssporen. Edo-periode, 18e eeuw.<\/p>\n<p data-start=\"1833\" data-end=\"1849\">5,7 x 4,3 x 3 cm<\/p>\n","protected":false},"excerpt":{"rendered":"<p>Gratis verzending. Charmante houten netsuke die een pad voorstelt. Fantastische patina en slijtage die het stuk veel karakter geven. Prachtige himotoshi met gebruikssporen. Edo-periode, 18e eeuw. 5,7 x 4,3 x 3 cm<\/p>\n","protected":false},"featured_media":12713,"template":"","meta":{"jetpack_post_was_ever_published":true},"product_brand":[],"product_cat":[357],"product_tag":[678,648,649],"class_list":{"0":"post-12712","1":"product","2":"type-product","3":"status-publish","4":"has-post-thumbnail","6":"product_cat-netsuke","7":"product_tag-wood","8":"product_tag-netsuke","9":"product_tag-okimono","10":"product_shipping_class-light","12":"first","13":"instock","14":"featured","15":"sold-individually","16":"shipping-taxable","17":"purchasable","18":"product-type-simple"},"yoast_head":"<!-- This site is optimized with the Yoast SEO plugin v27.4 - https:\/\/yoast.com\/product\/yoast-seo-wordpress\/ -->\n<title>Netsuke pad van hout II - Supein Nihonto<\/title>\n<meta name=\"description\" content=\"Charmante houten netsuke die een pad voorstelt. Fantastische patina en slijtage die het stuk veel karakter geven. Prachtige himotoshi met gebruikssporen. Edo-periode, 18e eeuw.\" \/>\n<meta name=\"robots\" content=\"index, follow, max-snippet:-1, max-image-preview:large, max-video-preview:-1\" \/>\n<link rel=\"canonical\" href=\"https:\/\/www.supeinnihonto.com\/nl\/product\/netsuke-pad-van-hout-ii\/\" \/>\n<meta property=\"og:locale\" content=\"nl_NL\" \/>\n<meta property=\"og:type\" content=\"article\" \/>\n<meta property=\"og:title\" content=\"Netsuke pad van hout II - Supein Nihonto\" \/>\n<meta property=\"og:description\" content=\"Charmante houten netsuke die een pad voorstelt. Fantastische patina en slijtage die het stuk veel karakter geven. Prachtige himotoshi met gebruikssporen. Edo-periode, 18e eeuw.\" \/>\n<meta property=\"og:url\" content=\"https:\/\/www.supeinnihonto.com\/nl\/product\/netsuke-pad-van-hout-ii\/\" \/>\n<meta property=\"og:site_name\" content=\"Supein Nihonto\" \/>\n<meta property=\"article:modified_time\" content=\"2025-12-23T19:18:01+00:00\" \/>\n<meta property=\"og:image\" content=\"https:\/\/www.supeinnihonto.com\/wp-content\/uploads\/2024\/11\/DSC1512-scaled.jpg\" \/>\n\t<meta property=\"og:image:width\" content=\"2560\" \/>\n\t<meta property=\"og:image:height\" content=\"1730\" \/>\n\t<meta property=\"og:image:type\" content=\"image\/jpeg\" \/>\n<meta name=\"twitter:card\" content=\"summary_large_image\" \/>\n<meta name=\"twitter:label1\" content=\"Geschatte leestijd\" \/>\n\t<meta name=\"twitter:data1\" content=\"1 minuut\" \/>\n<script type=\"application\/ld+json\" class=\"yoast-schema-graph\">{\"@context\":\"https:\\\/\\\/schema.org\",\"@graph\":[{\"@type\":\"WebPage\",\"@id\":\"https:\\\/\\\/www.supeinnihonto.com\\\/nl\\\/product\\\/netsuke-pad-van-hout-ii\\\/\",\"url\":\"https:\\\/\\\/www.supeinnihonto.com\\\/nl\\\/product\\\/netsuke-pad-van-hout-ii\\\/\",\"name\":\"Netsuke pad van hout II - Supein Nihonto\",\"isPartOf\":{\"@id\":\"https:\\\/\\\/www.supeinnihonto.com\\\/nl\\\/#website\"},\"primaryImageOfPage\":{\"@id\":\"https:\\\/\\\/www.supeinnihonto.com\\\/nl\\\/product\\\/netsuke-pad-van-hout-ii\\\/#primaryimage\"},\"image\":{\"@id\":\"https:\\\/\\\/www.supeinnihonto.com\\\/nl\\\/product\\\/netsuke-pad-van-hout-ii\\\/#primaryimage\"},\"thumbnailUrl\":\"https:\\\/\\\/i0.wp.com\\\/www.supeinnihonto.com\\\/wp-content\\\/uploads\\\/2024\\\/11\\\/DSC1512-scaled.jpg?fit=2560%2C1730&ssl=1\",\"datePublished\":\"2024-11-05T11:39:20+00:00\",\"dateModified\":\"2025-12-23T19:18:01+00:00\",\"description\":\"Charmante houten netsuke die een pad voorstelt. Fantastische patina en slijtage die het stuk veel karakter geven. Prachtige himotoshi met gebruikssporen. Edo-periode, 18e eeuw.\",\"breadcrumb\":{\"@id\":\"https:\\\/\\\/www.supeinnihonto.com\\\/nl\\\/product\\\/netsuke-pad-van-hout-ii\\\/#breadcrumb\"},\"inLanguage\":\"nl-NL\",\"potentialAction\":[{\"@type\":\"ReadAction\",\"target\":[\"https:\\\/\\\/www.supeinnihonto.com\\\/nl\\\/product\\\/netsuke-pad-van-hout-ii\\\/\"]}]},{\"@type\":\"ImageObject\",\"inLanguage\":\"nl-NL\",\"@id\":\"https:\\\/\\\/www.supeinnihonto.com\\\/nl\\\/product\\\/netsuke-pad-van-hout-ii\\\/#primaryimage\",\"url\":\"https:\\\/\\\/i0.wp.com\\\/www.supeinnihonto.com\\\/wp-content\\\/uploads\\\/2024\\\/11\\\/DSC1512-scaled.jpg?fit=2560%2C1730&ssl=1\",\"contentUrl\":\"https:\\\/\\\/i0.wp.com\\\/www.supeinnihonto.com\\\/wp-content\\\/uploads\\\/2024\\\/11\\\/DSC1512-scaled.jpg?fit=2560%2C1730&ssl=1\",\"width\":2560,\"height\":1730,\"caption\":\"netsuke toad II\"},{\"@type\":\"BreadcrumbList\",\"@id\":\"https:\\\/\\\/www.supeinnihonto.com\\\/nl\\\/product\\\/netsuke-pad-van-hout-ii\\\/#breadcrumb\",\"itemListElement\":[{\"@type\":\"ListItem\",\"position\":1,\"name\":\"Portada\",\"item\":\"https:\\\/\\\/www.supeinnihonto.com\\\/nl\\\/\"},{\"@type\":\"ListItem\",\"position\":2,\"name\":\"Shop\",\"item\":\"https:\\\/\\\/www.supeinnihonto.com\\\/nl\\\/shop\\\/\"},{\"@type\":\"ListItem\",\"position\":3,\"name\":\"Netsuke pad van hout II\"}]},{\"@type\":\"WebSite\",\"@id\":\"https:\\\/\\\/www.supeinnihonto.com\\\/nl\\\/#website\",\"url\":\"https:\\\/\\\/www.supeinnihonto.com\\\/nl\\\/\",\"name\":\"Supein Nihonto\",\"description\":\"Authentic japanese Nihonto katana \",\"publisher\":{\"@id\":\"https:\\\/\\\/www.supeinnihonto.com\\\/nl\\\/#organization\"},\"potentialAction\":[{\"@type\":\"SearchAction\",\"target\":{\"@type\":\"EntryPoint\",\"urlTemplate\":\"https:\\\/\\\/www.supeinnihonto.com\\\/nl\\\/?s={search_term_string}\"},\"query-input\":{\"@type\":\"PropertyValueSpecification\",\"valueRequired\":true,\"valueName\":\"search_term_string\"}}],\"inLanguage\":\"nl-NL\"},{\"@type\":\"Organization\",\"@id\":\"https:\\\/\\\/www.supeinnihonto.com\\\/nl\\\/#organization\",\"name\":\"SupeinNihonto\",\"url\":\"https:\\\/\\\/www.supeinnihonto.com\\\/nl\\\/\",\"logo\":{\"@type\":\"ImageObject\",\"inLanguage\":\"nl-NL\",\"@id\":\"https:\\\/\\\/www.supeinnihonto.com\\\/nl\\\/#\\\/schema\\\/logo\\\/image\\\/\",\"url\":\"https:\\\/\\\/www.supeinnihonto.com\\\/wp-content\\\/uploads\\\/2021\\\/11\\\/animation_Default_3szk0jcenoloop.gif\",\"contentUrl\":\"https:\\\/\\\/www.supeinnihonto.com\\\/wp-content\\\/uploads\\\/2021\\\/11\\\/animation_Default_3szk0jcenoloop.gif\",\"width\":750,\"height\":641,\"caption\":\"SupeinNihonto\"},\"image\":{\"@id\":\"https:\\\/\\\/www.supeinnihonto.com\\\/nl\\\/#\\\/schema\\\/logo\\\/image\\\/\"}}]}<\/script>\n<!-- \/ Yoast SEO plugin. -->","yoast_head_json":{"title":"Netsuke pad van hout II - Supein Nihonto","description":"Charmante houten netsuke die een pad voorstelt. Fantastische patina en slijtage die het stuk veel karakter geven. Prachtige himotoshi met gebruikssporen. Edo-periode, 18e eeuw.","robots":{"index":"index","follow":"follow","max-snippet":"max-snippet:-1","max-image-preview":"max-image-preview:large","max-video-preview":"max-video-preview:-1"},"canonical":"https:\/\/www.supeinnihonto.com\/nl\/product\/netsuke-pad-van-hout-ii\/","og_locale":"nl_NL","og_type":"article","og_title":"Netsuke pad van hout II - Supein Nihonto","og_description":"Charmante houten netsuke die een pad voorstelt. Fantastische patina en slijtage die het stuk veel karakter geven. Prachtige himotoshi met gebruikssporen. Edo-periode, 18e eeuw.","og_url":"https:\/\/www.supeinnihonto.com\/nl\/product\/netsuke-pad-van-hout-ii\/","og_site_name":"Supein Nihonto","article_modified_time":"2025-12-23T19:18:01+00:00","og_image":[{"width":2560,"height":1730,"url":"https:\/\/www.supeinnihonto.com\/wp-content\/uploads\/2024\/11\/DSC1512-scaled.jpg","type":"image\/jpeg"}],"twitter_card":"summary_large_image","twitter_misc":{"Geschatte leestijd":"1 minuut"},"schema":{"@context":"https:\/\/schema.org","@graph":[{"@type":"WebPage","@id":"https:\/\/www.supeinnihonto.com\/nl\/product\/netsuke-pad-van-hout-ii\/","url":"https:\/\/www.supeinnihonto.com\/nl\/product\/netsuke-pad-van-hout-ii\/","name":"Netsuke pad van hout II - Supein Nihonto","isPartOf":{"@id":"https:\/\/www.supeinnihonto.com\/nl\/#website"},"primaryImageOfPage":{"@id":"https:\/\/www.supeinnihonto.com\/nl\/product\/netsuke-pad-van-hout-ii\/#primaryimage"},"image":{"@id":"https:\/\/www.supeinnihonto.com\/nl\/product\/netsuke-pad-van-hout-ii\/#primaryimage"},"thumbnailUrl":"https:\/\/i0.wp.com\/www.supeinnihonto.com\/wp-content\/uploads\/2024\/11\/DSC1512-scaled.jpg?fit=2560%2C1730&ssl=1","datePublished":"2024-11-05T11:39:20+00:00","dateModified":"2025-12-23T19:18:01+00:00","description":"Charmante houten netsuke die een pad voorstelt. Fantastische patina en slijtage die het stuk veel karakter geven. Prachtige himotoshi met gebruikssporen. Edo-periode, 18e eeuw.","breadcrumb":{"@id":"https:\/\/www.supeinnihonto.com\/nl\/product\/netsuke-pad-van-hout-ii\/#breadcrumb"},"inLanguage":"nl-NL","potentialAction":[{"@type":"ReadAction","target":["https:\/\/www.supeinnihonto.com\/nl\/product\/netsuke-pad-van-hout-ii\/"]}]},{"@type":"ImageObject","inLanguage":"nl-NL","@id":"https:\/\/www.supeinnihonto.com\/nl\/product\/netsuke-pad-van-hout-ii\/#primaryimage","url":"https:\/\/i0.wp.com\/www.supeinnihonto.com\/wp-content\/uploads\/2024\/11\/DSC1512-scaled.jpg?fit=2560%2C1730&ssl=1","contentUrl":"https:\/\/i0.wp.com\/www.supeinnihonto.com\/wp-content\/uploads\/2024\/11\/DSC1512-scaled.jpg?fit=2560%2C1730&ssl=1","width":2560,"height":1730,"caption":"netsuke toad II"},{"@type":"BreadcrumbList","@id":"https:\/\/www.supeinnihonto.com\/nl\/product\/netsuke-pad-van-hout-ii\/#breadcrumb","itemListElement":[{"@type":"ListItem","position":1,"name":"Portada","item":"https:\/\/www.supeinnihonto.com\/nl\/"},{"@type":"ListItem","position":2,"name":"Shop","item":"https:\/\/www.supeinnihonto.com\/nl\/shop\/"},{"@type":"ListItem","position":3,"name":"Netsuke pad van hout II"}]},{"@type":"WebSite","@id":"https:\/\/www.supeinnihonto.com\/nl\/#website","url":"https:\/\/www.supeinnihonto.com\/nl\/","name":"Supein Nihonto","description":"Authentic japanese Nihonto katana ","publisher":{"@id":"https:\/\/www.supeinnihonto.com\/nl\/#organization"},"potentialAction":[{"@type":"SearchAction","target":{"@type":"EntryPoint","urlTemplate":"https:\/\/www.supeinnihonto.com\/nl\/?s={search_term_string}"},"query-input":{"@type":"PropertyValueSpecification","valueRequired":true,"valueName":"search_term_string"}}],"inLanguage":"nl-NL"},{"@type":"Organization","@id":"https:\/\/www.supeinnihonto.com\/nl\/#organization","name":"SupeinNihonto","url":"https:\/\/www.supeinnihonto.com\/nl\/","logo":{"@type":"ImageObject","inLanguage":"nl-NL","@id":"https:\/\/www.supeinnihonto.com\/nl\/#\/schema\/logo\/image\/","url":"https:\/\/www.supeinnihonto.com\/wp-content\/uploads\/2021\/11\/animation_Default_3szk0jcenoloop.gif","contentUrl":"https:\/\/www.supeinnihonto.com\/wp-content\/uploads\/2021\/11\/animation_Default_3szk0jcenoloop.gif","width":750,"height":641,"caption":"SupeinNihonto"},"image":{"@id":"https:\/\/www.supeinnihonto.com\/nl\/#\/schema\/logo\/image\/"}}]}},"jetpack-related-posts":[{"id":14189,"url":"https:\/\/www.supeinnihonto.com\/nl\/product\/netsuke-sennin-met-pad-van-hout\/","url_meta":{"origin":12712,"position":0},"title":"Netsuke sennin met pad van hout","author":"Supein Nihonto","date":"27 de mei de 2024","format":false,"excerpt":"Gratis verzending. Gesneden houten netsuke die een staande Gama Sennin voorstelt, met een pad op zijn rechterschouder terwijl hij met zijn linkerhand op een staf leunt. Edo-periode. 7,7 x 2,6 x 2,4 cm","rel":"","context":"Soortgelijk bericht","block_context":{"text":"Soortgelijk bericht","link":""},"img":{"alt_text":"Netsuke sennin toad wood","src":"https:\/\/i0.wp.com\/www.supeinnihonto.com\/wp-content\/uploads\/2024\/05\/DSC_3971-scaled.jpg?fit=1200%2C800&ssl=1&resize=350%2C200","width":350,"height":200,"srcset":"https:\/\/i0.wp.com\/www.supeinnihonto.com\/wp-content\/uploads\/2024\/05\/DSC_3971-scaled.jpg?fit=1200%2C800&ssl=1&resize=350%2C200 1x, https:\/\/i0.wp.com\/www.supeinnihonto.com\/wp-content\/uploads\/2024\/05\/DSC_3971-scaled.jpg?fit=1200%2C800&ssl=1&resize=525%2C300 1.5x, https:\/\/i0.wp.com\/www.supeinnihonto.com\/wp-content\/uploads\/2024\/05\/DSC_3971-scaled.jpg?fit=1200%2C800&ssl=1&resize=700%2C400 2x, https:\/\/i0.wp.com\/www.supeinnihonto.com\/wp-content\/uploads\/2024\/05\/DSC_3971-scaled.jpg?fit=1200%2C800&ssl=1&resize=1050%2C600 3x"},"classes":[]},{"id":12644,"url":"https:\/\/www.supeinnihonto.com\/nl\/product\/netsuke-pad-van-hout\/","url_meta":{"origin":12712,"position":1},"title":"Netsuke pad van hout","author":"Eric Majo","date":"5 de november de 2024","format":false,"excerpt":"Gratis verzending. Snijwerk van een pad met ingelegde zilveren ogen. Edo-periode. Mooie patina en uitstekende himotoshi. Het stuk heeft een zeer mooie patina door eeuwenlang gebruik, wat zorgt voor een prachtige diepte en afwerking. 5,5 x 4 x 3 cm","rel":"","context":"Soortgelijk bericht","block_context":{"text":"Soortgelijk bericht","link":""},"img":{"alt_text":"toad netsuke wood","src":"https:\/\/i0.wp.com\/www.supeinnihonto.com\/wp-content\/uploads\/2024\/11\/DSC1406-scaled.jpg?fit=1200%2C800&ssl=1&resize=350%2C200","width":350,"height":200,"srcset":"https:\/\/i0.wp.com\/www.supeinnihonto.com\/wp-content\/uploads\/2024\/11\/DSC1406-scaled.jpg?fit=1200%2C800&ssl=1&resize=350%2C200 1x, https:\/\/i0.wp.com\/www.supeinnihonto.com\/wp-content\/uploads\/2024\/11\/DSC1406-scaled.jpg?fit=1200%2C800&ssl=1&resize=525%2C300 1.5x, https:\/\/i0.wp.com\/www.supeinnihonto.com\/wp-content\/uploads\/2024\/11\/DSC1406-scaled.jpg?fit=1200%2C800&ssl=1&resize=700%2C400 2x, https:\/\/i0.wp.com\/www.supeinnihonto.com\/wp-content\/uploads\/2024\/11\/DSC1406-scaled.jpg?fit=1200%2C800&ssl=1&resize=1050%2C600 3x"},"classes":[]},{"id":14217,"url":"https:\/\/www.supeinnihonto.com\/de\/produkt\/netsuke-shishi-iii-aus-holz\/","url_meta":{"origin":12712,"position":2},"title":"Netsuke Shishi III aus Holz","author":"Supein Nihonto","date":"27 de mei de 2024","format":false,"excerpt":"Kostenloser Versand. Wundersch\u00f6nes Shishi-Netsuke aus fein geschnitztem Holz. Dieses Netsuke ist recht selten, da es nicht den klassischen, kleineren und gedrungeneren Shishi darstellt, sondern eher die Form eines Tigers oder L\u00f6wen aufweist, was m\u00f6glicherweise auf diese Interpretation hindeutet. Sehr sch\u00f6ne Patina und breite, klassische Himotoshi zur Befestigung der Schnur, typisch\u2026","rel":"","context":"Soortgelijk bericht","block_context":{"text":"Soortgelijk bericht","link":""},"img":{"alt_text":"Netsuke Shishi III wood","src":"https:\/\/i0.wp.com\/www.supeinnihonto.com\/wp-content\/uploads\/2024\/05\/DSC_3956-scaled.jpg?fit=1200%2C800&ssl=1&resize=350%2C200","width":350,"height":200,"srcset":"https:\/\/i0.wp.com\/www.supeinnihonto.com\/wp-content\/uploads\/2024\/05\/DSC_3956-scaled.jpg?fit=1200%2C800&ssl=1&resize=350%2C200 1x, https:\/\/i0.wp.com\/www.supeinnihonto.com\/wp-content\/uploads\/2024\/05\/DSC_3956-scaled.jpg?fit=1200%2C800&ssl=1&resize=525%2C300 1.5x, https:\/\/i0.wp.com\/www.supeinnihonto.com\/wp-content\/uploads\/2024\/05\/DSC_3956-scaled.jpg?fit=1200%2C800&ssl=1&resize=700%2C400 2x, https:\/\/i0.wp.com\/www.supeinnihonto.com\/wp-content\/uploads\/2024\/05\/DSC_3956-scaled.jpg?fit=1200%2C800&ssl=1&resize=1050%2C600 3x"},"classes":[]},{"id":12688,"url":"https:\/\/www.supeinnihonto.com\/nl\/product\/netsuke-theeceremonie\/","url_meta":{"origin":12712,"position":3},"title":"Netsuke theeceremonie","author":"Eric Majo","date":"5 de november de 2024","format":false,"excerpt":"Gratis verzending. Netsuke van ebbenhout die een man tijdens een theeceremonie afbeeldt, die zich verwarmt door een mizusashi, of waterkom, te omhelzen. Ebbenhout is zeldzaam en zeer geliefd bij netsuke-verzamelaars. Edo\u2013Meiji-periode. 4,5 x 3 x 2,5 cm","rel":"","context":"Soortgelijk bericht","block_context":{"text":"Soortgelijk bericht","link":""},"img":{"alt_text":"netsuke tea ceremony","src":"https:\/\/i0.wp.com\/www.supeinnihonto.com\/wp-content\/uploads\/2024\/11\/DSC1557-scaled.jpg?fit=1200%2C800&ssl=1&resize=350%2C200","width":350,"height":200,"srcset":"https:\/\/i0.wp.com\/www.supeinnihonto.com\/wp-content\/uploads\/2024\/11\/DSC1557-scaled.jpg?fit=1200%2C800&ssl=1&resize=350%2C200 1x, https:\/\/i0.wp.com\/www.supeinnihonto.com\/wp-content\/uploads\/2024\/11\/DSC1557-scaled.jpg?fit=1200%2C800&ssl=1&resize=525%2C300 1.5x, https:\/\/i0.wp.com\/www.supeinnihonto.com\/wp-content\/uploads\/2024\/11\/DSC1557-scaled.jpg?fit=1200%2C800&ssl=1&resize=700%2C400 2x, https:\/\/i0.wp.com\/www.supeinnihonto.com\/wp-content\/uploads\/2024\/11\/DSC1557-scaled.jpg?fit=1200%2C800&ssl=1&resize=1050%2C600 3x"},"classes":[]},{"id":14213,"url":"https:\/\/www.supeinnihonto.com\/nl\/product\/netsuke-shishi-iii-van-hout\/","url_meta":{"origin":12712,"position":4},"title":"Netsuke Shishi III van hout","author":"Supein Nihonto","date":"27 de mei de 2024","format":false,"excerpt":"Gratis verzending. Prachtige shishi-netsuke van fijn gesneden hout. Deze netsuke is vrij zeldzaam omdat hij niet de klassieke shishi voorstelt, die meestal kleiner en gedrongener is, maar eerder de vorm heeft van een tijger of leeuw, wat mogelijk op die interpretatie wijst. Zeer mooie patina en een brede, klassieke himotoshi\u2026","rel":"","context":"Soortgelijk bericht","block_context":{"text":"Soortgelijk bericht","link":""},"img":{"alt_text":"Netsuke Shishi III wood","src":"https:\/\/i0.wp.com\/www.supeinnihonto.com\/wp-content\/uploads\/2024\/05\/DSC_3956-scaled.jpg?fit=1200%2C800&ssl=1&resize=350%2C200","width":350,"height":200,"srcset":"https:\/\/i0.wp.com\/www.supeinnihonto.com\/wp-content\/uploads\/2024\/05\/DSC_3956-scaled.jpg?fit=1200%2C800&ssl=1&resize=350%2C200 1x, https:\/\/i0.wp.com\/www.supeinnihonto.com\/wp-content\/uploads\/2024\/05\/DSC_3956-scaled.jpg?fit=1200%2C800&ssl=1&resize=525%2C300 1.5x, https:\/\/i0.wp.com\/www.supeinnihonto.com\/wp-content\/uploads\/2024\/05\/DSC_3956-scaled.jpg?fit=1200%2C800&ssl=1&resize=700%2C400 2x, https:\/\/i0.wp.com\/www.supeinnihonto.com\/wp-content\/uploads\/2024\/05\/DSC_3956-scaled.jpg?fit=1200%2C800&ssl=1&resize=1050%2C600 3x"},"classes":[]},{"id":14156,"url":"https:\/\/www.supeinnihonto.com\/nl\/product\/netsuke-hannya-en-samoerai-van-ivoor\/","url_meta":{"origin":12712,"position":5},"title":"Netsuke Hannya en samoerai van ivoor","author":"Supein Nihonto","date":"28 de mei de 2024","format":false,"excerpt":"Gratis verzending. Prachtige netsuke van ivoor die een Hannya voorstelt die een samoerai van achteren verrast terwijl hij aan land gaat. Een zeer origineel en hoogwaardig stuk. Aan de onderzijde gesigneerd en gedecoreerd. Meiji-periode, eind 19e eeuw. Wordt geleverd met taxatiecertificaat en CITES-document. 4,3 x 3,5 x 3 cm","rel":"","context":"Soortgelijk bericht","block_context":{"text":"Soortgelijk bericht","link":""},"img":{"alt_text":"Netsuke Hannya and samurai ivory","src":"https:\/\/i0.wp.com\/www.supeinnihonto.com\/wp-content\/uploads\/2024\/05\/DSC_3993-1-scaled.jpg?fit=1200%2C800&ssl=1&resize=350%2C200","width":350,"height":200,"srcset":"https:\/\/i0.wp.com\/www.supeinnihonto.com\/wp-content\/uploads\/2024\/05\/DSC_3993-1-scaled.jpg?fit=1200%2C800&ssl=1&resize=350%2C200 1x, https:\/\/i0.wp.com\/www.supeinnihonto.com\/wp-content\/uploads\/2024\/05\/DSC_3993-1-scaled.jpg?fit=1200%2C800&ssl=1&resize=525%2C300 1.5x, https:\/\/i0.wp.com\/www.supeinnihonto.com\/wp-content\/uploads\/2024\/05\/DSC_3993-1-scaled.jpg?fit=1200%2C800&ssl=1&resize=700%2C400 2x, https:\/\/i0.wp.com\/www.supeinnihonto.com\/wp-content\/uploads\/2024\/05\/DSC_3993-1-scaled.jpg?fit=1200%2C800&ssl=1&resize=1050%2C600 3x"},"classes":[]}],"jetpack_sharing_enabled":true,"_links":{"self":[{"href":"https:\/\/www.supeinnihonto.com\/nl\/wp-json\/wp\/v2\/product\/12712","targetHints":{"allow":["GET"]}}],"collection":[{"href":"https:\/\/www.supeinnihonto.com\/nl\/wp-json\/wp\/v2\/product"}],"about":[{"href":"https:\/\/www.supeinnihonto.com\/nl\/wp-json\/wp\/v2\/types\/product"}],"wp:featuredmedia":[{"embeddable":true,"href":"https:\/\/www.supeinnihonto.com\/nl\/wp-json\/wp\/v2\/media\/12713"}],"wp:attachment":[{"href":"https:\/\/www.supeinnihonto.com\/nl\/wp-json\/wp\/v2\/media?parent=12712"}],"wp:term":[{"taxonomy":"product_brand","embeddable":true,"href":"https:\/\/www.supeinnihonto.com\/nl\/wp-json\/wp\/v2\/product_brand?post=12712"},{"taxonomy":"product_cat","embeddable":true,"href":"https:\/\/www.supeinnihonto.com\/nl\/wp-json\/wp\/v2\/product_cat?post=12712"},{"taxonomy":"product_tag","embeddable":true,"href":"https:\/\/www.supeinnihonto.com\/nl\/wp-json\/wp\/v2\/product_tag?post=12712"}],"curies":[{"name":"wp","href":"https:\/\/api.w.org\/{rel}","templated":true}]}}