{"id":12624,"date":"2024-11-05T07:42:42","date_gmt":"2024-11-05T07:42:42","guid":{"rendered":"https:\/\/www.supeinnihonto.com\/product\/netsuke-tanuki-wood\/"},"modified":"2025-12-23T22:17:57","modified_gmt":"2025-12-23T22:17:57","slug":"netsuke-tanuki-van-hout","status":"publish","type":"product","link":"https:\/\/www.supeinnihonto.com\/nl\/product\/netsuke-tanuki-van-hout\/","title":{"rendered":"Netsuke tanuki van hout"},"content":{"rendered":"<p data-start=\"1798\" data-end=\"1816\">Gratis verzending.<\/p>\n<p data-start=\"1818\" data-end=\"2056\">Mooi snijwerk dat een tanuki voorstelt, een Japanse wasbeerhond (Nyctereutes procyonoides) die wordt geassocieerd met geluk. Dit is een populair netsuke-ontwerp, \u201cTanuki no haratsuzumi\u201d. Snijwerk in de stijl van Masanao van Ise, 19e eeuw.<\/p>\n<p data-start=\"2058\" data-end=\"2074\">4,3 x 4 x 3,6 cm<\/p>\n","protected":false},"excerpt":{"rendered":"<p>Gratis verzending. Mooi snijwerk dat een tanuki voorstelt, een Japanse wasbeerhond (Nyctereutes procyonoides) die wordt geassocieerd met geluk. Dit is een populair netsuke-ontwerp, \u201cTanuki no haratsuzumi\u201d. Snijwerk in de stijl van Masanao van Ise, 19e eeuw. 4,3 x 4 x 3,6 cm<\/p>\n","protected":false},"featured_media":12626,"template":"","meta":{"jetpack_post_was_ever_published":true},"product_brand":[],"product_cat":[357],"product_tag":[678,648,649],"class_list":{"0":"post-12624","1":"product","2":"type-product","3":"status-publish","4":"has-post-thumbnail","6":"product_cat-netsuke","7":"product_tag-wood","8":"product_tag-netsuke","9":"product_tag-okimono","10":"product_shipping_class-light","12":"first","13":"instock","14":"featured","15":"sold-individually","16":"shipping-taxable","17":"purchasable","18":"product-type-simple"},"yoast_head":"<!-- This site is optimized with the Yoast SEO plugin v27.3 - https:\/\/yoast.com\/product\/yoast-seo-wordpress\/ -->\n<title>Netsuke tanuki van hout - Supein Nihonto<\/title>\n<meta name=\"description\" content=\"Mooi snijwerk dat een tanuki voorstelt, een Japanse wasbeerhond (Nyctereutes procyonoides) die wordt geassocieerd met geluk. Dit is een populair netsuke-ontwerp, \u201cTanuki no haratsuzumi\u201d.\" \/>\n<meta name=\"robots\" content=\"index, follow, max-snippet:-1, max-image-preview:large, max-video-preview:-1\" \/>\n<link rel=\"canonical\" href=\"https:\/\/www.supeinnihonto.com\/nl\/product\/netsuke-tanuki-van-hout\/\" \/>\n<meta property=\"og:locale\" content=\"nl_NL\" \/>\n<meta property=\"og:type\" content=\"article\" \/>\n<meta property=\"og:title\" content=\"Netsuke tanuki van hout - Supein Nihonto\" \/>\n<meta property=\"og:description\" content=\"Mooi snijwerk dat een tanuki voorstelt, een Japanse wasbeerhond (Nyctereutes procyonoides) die wordt geassocieerd met geluk. Dit is een populair netsuke-ontwerp, \u201cTanuki no haratsuzumi\u201d.\" \/>\n<meta property=\"og:url\" content=\"https:\/\/www.supeinnihonto.com\/nl\/product\/netsuke-tanuki-van-hout\/\" \/>\n<meta property=\"og:site_name\" content=\"Supein Nihonto\" \/>\n<meta property=\"article:modified_time\" content=\"2025-12-23T22:17:57+00:00\" \/>\n<meta property=\"og:image\" content=\"https:\/\/www.supeinnihonto.com\/wp-content\/uploads\/2024\/11\/DSC1377-scaled.jpg\" \/>\n\t<meta property=\"og:image:width\" content=\"2560\" \/>\n\t<meta property=\"og:image:height\" content=\"1707\" \/>\n\t<meta property=\"og:image:type\" content=\"image\/jpeg\" \/>\n<meta name=\"twitter:card\" content=\"summary_large_image\" \/>\n<meta name=\"twitter:label1\" content=\"Geschatte leestijd\" \/>\n\t<meta name=\"twitter:data1\" content=\"1 minuut\" \/>\n<script type=\"application\/ld+json\" class=\"yoast-schema-graph\">{\"@context\":\"https:\\\/\\\/schema.org\",\"@graph\":[{\"@type\":\"WebPage\",\"@id\":\"https:\\\/\\\/www.supeinnihonto.com\\\/nl\\\/product\\\/netsuke-tanuki-van-hout\\\/\",\"url\":\"https:\\\/\\\/www.supeinnihonto.com\\\/nl\\\/product\\\/netsuke-tanuki-van-hout\\\/\",\"name\":\"Netsuke tanuki van hout - Supein Nihonto\",\"isPartOf\":{\"@id\":\"https:\\\/\\\/www.supeinnihonto.com\\\/nl\\\/#website\"},\"primaryImageOfPage\":{\"@id\":\"https:\\\/\\\/www.supeinnihonto.com\\\/nl\\\/product\\\/netsuke-tanuki-van-hout\\\/#primaryimage\"},\"image\":{\"@id\":\"https:\\\/\\\/www.supeinnihonto.com\\\/nl\\\/product\\\/netsuke-tanuki-van-hout\\\/#primaryimage\"},\"thumbnailUrl\":\"https:\\\/\\\/i0.wp.com\\\/www.supeinnihonto.com\\\/wp-content\\\/uploads\\\/2024\\\/11\\\/DSC1377-scaled.jpg?fit=2560%2C1707&ssl=1\",\"datePublished\":\"2024-11-05T07:42:42+00:00\",\"dateModified\":\"2025-12-23T22:17:57+00:00\",\"description\":\"Mooi snijwerk dat een tanuki voorstelt, een Japanse wasbeerhond (Nyctereutes procyonoides) die wordt geassocieerd met geluk. Dit is een populair netsuke-ontwerp, \u201cTanuki no haratsuzumi\u201d.\",\"breadcrumb\":{\"@id\":\"https:\\\/\\\/www.supeinnihonto.com\\\/nl\\\/product\\\/netsuke-tanuki-van-hout\\\/#breadcrumb\"},\"inLanguage\":\"nl-NL\",\"potentialAction\":[{\"@type\":\"ReadAction\",\"target\":[\"https:\\\/\\\/www.supeinnihonto.com\\\/nl\\\/product\\\/netsuke-tanuki-van-hout\\\/\"]}]},{\"@type\":\"ImageObject\",\"inLanguage\":\"nl-NL\",\"@id\":\"https:\\\/\\\/www.supeinnihonto.com\\\/nl\\\/product\\\/netsuke-tanuki-van-hout\\\/#primaryimage\",\"url\":\"https:\\\/\\\/i0.wp.com\\\/www.supeinnihonto.com\\\/wp-content\\\/uploads\\\/2024\\\/11\\\/DSC1377-scaled.jpg?fit=2560%2C1707&ssl=1\",\"contentUrl\":\"https:\\\/\\\/i0.wp.com\\\/www.supeinnihonto.com\\\/wp-content\\\/uploads\\\/2024\\\/11\\\/DSC1377-scaled.jpg?fit=2560%2C1707&ssl=1\",\"width\":2560,\"height\":1707,\"caption\":\"Tanuki netsuke wood\"},{\"@type\":\"BreadcrumbList\",\"@id\":\"https:\\\/\\\/www.supeinnihonto.com\\\/nl\\\/product\\\/netsuke-tanuki-van-hout\\\/#breadcrumb\",\"itemListElement\":[{\"@type\":\"ListItem\",\"position\":1,\"name\":\"Portada\",\"item\":\"https:\\\/\\\/www.supeinnihonto.com\\\/nl\\\/\"},{\"@type\":\"ListItem\",\"position\":2,\"name\":\"Shop\",\"item\":\"https:\\\/\\\/www.supeinnihonto.com\\\/nl\\\/shop\\\/\"},{\"@type\":\"ListItem\",\"position\":3,\"name\":\"Netsuke tanuki van hout\"}]},{\"@type\":\"WebSite\",\"@id\":\"https:\\\/\\\/www.supeinnihonto.com\\\/nl\\\/#website\",\"url\":\"https:\\\/\\\/www.supeinnihonto.com\\\/nl\\\/\",\"name\":\"Supein Nihonto\",\"description\":\"Authentic japanese Nihonto katana \",\"publisher\":{\"@id\":\"https:\\\/\\\/www.supeinnihonto.com\\\/nl\\\/#organization\"},\"potentialAction\":[{\"@type\":\"SearchAction\",\"target\":{\"@type\":\"EntryPoint\",\"urlTemplate\":\"https:\\\/\\\/www.supeinnihonto.com\\\/nl\\\/?s={search_term_string}\"},\"query-input\":{\"@type\":\"PropertyValueSpecification\",\"valueRequired\":true,\"valueName\":\"search_term_string\"}}],\"inLanguage\":\"nl-NL\"},{\"@type\":\"Organization\",\"@id\":\"https:\\\/\\\/www.supeinnihonto.com\\\/nl\\\/#organization\",\"name\":\"SupeinNihonto\",\"url\":\"https:\\\/\\\/www.supeinnihonto.com\\\/nl\\\/\",\"logo\":{\"@type\":\"ImageObject\",\"inLanguage\":\"nl-NL\",\"@id\":\"https:\\\/\\\/www.supeinnihonto.com\\\/nl\\\/#\\\/schema\\\/logo\\\/image\\\/\",\"url\":\"https:\\\/\\\/www.supeinnihonto.com\\\/wp-content\\\/uploads\\\/2021\\\/11\\\/animation_Default_3szk0jcenoloop.gif\",\"contentUrl\":\"https:\\\/\\\/www.supeinnihonto.com\\\/wp-content\\\/uploads\\\/2021\\\/11\\\/animation_Default_3szk0jcenoloop.gif\",\"width\":750,\"height\":641,\"caption\":\"SupeinNihonto\"},\"image\":{\"@id\":\"https:\\\/\\\/www.supeinnihonto.com\\\/nl\\\/#\\\/schema\\\/logo\\\/image\\\/\"}}]}<\/script>\n<!-- \/ Yoast SEO plugin. -->","yoast_head_json":{"title":"Netsuke tanuki van hout - Supein Nihonto","description":"Mooi snijwerk dat een tanuki voorstelt, een Japanse wasbeerhond (Nyctereutes procyonoides) die wordt geassocieerd met geluk. Dit is een populair netsuke-ontwerp, \u201cTanuki no haratsuzumi\u201d.","robots":{"index":"index","follow":"follow","max-snippet":"max-snippet:-1","max-image-preview":"max-image-preview:large","max-video-preview":"max-video-preview:-1"},"canonical":"https:\/\/www.supeinnihonto.com\/nl\/product\/netsuke-tanuki-van-hout\/","og_locale":"nl_NL","og_type":"article","og_title":"Netsuke tanuki van hout - Supein Nihonto","og_description":"Mooi snijwerk dat een tanuki voorstelt, een Japanse wasbeerhond (Nyctereutes procyonoides) die wordt geassocieerd met geluk. Dit is een populair netsuke-ontwerp, \u201cTanuki no haratsuzumi\u201d.","og_url":"https:\/\/www.supeinnihonto.com\/nl\/product\/netsuke-tanuki-van-hout\/","og_site_name":"Supein Nihonto","article_modified_time":"2025-12-23T22:17:57+00:00","og_image":[{"width":2560,"height":1707,"url":"https:\/\/www.supeinnihonto.com\/wp-content\/uploads\/2024\/11\/DSC1377-scaled.jpg","type":"image\/jpeg"}],"twitter_card":"summary_large_image","twitter_misc":{"Geschatte leestijd":"1 minuut"},"schema":{"@context":"https:\/\/schema.org","@graph":[{"@type":"WebPage","@id":"https:\/\/www.supeinnihonto.com\/nl\/product\/netsuke-tanuki-van-hout\/","url":"https:\/\/www.supeinnihonto.com\/nl\/product\/netsuke-tanuki-van-hout\/","name":"Netsuke tanuki van hout - Supein Nihonto","isPartOf":{"@id":"https:\/\/www.supeinnihonto.com\/nl\/#website"},"primaryImageOfPage":{"@id":"https:\/\/www.supeinnihonto.com\/nl\/product\/netsuke-tanuki-van-hout\/#primaryimage"},"image":{"@id":"https:\/\/www.supeinnihonto.com\/nl\/product\/netsuke-tanuki-van-hout\/#primaryimage"},"thumbnailUrl":"https:\/\/i0.wp.com\/www.supeinnihonto.com\/wp-content\/uploads\/2024\/11\/DSC1377-scaled.jpg?fit=2560%2C1707&ssl=1","datePublished":"2024-11-05T07:42:42+00:00","dateModified":"2025-12-23T22:17:57+00:00","description":"Mooi snijwerk dat een tanuki voorstelt, een Japanse wasbeerhond (Nyctereutes procyonoides) die wordt geassocieerd met geluk. Dit is een populair netsuke-ontwerp, \u201cTanuki no haratsuzumi\u201d.","breadcrumb":{"@id":"https:\/\/www.supeinnihonto.com\/nl\/product\/netsuke-tanuki-van-hout\/#breadcrumb"},"inLanguage":"nl-NL","potentialAction":[{"@type":"ReadAction","target":["https:\/\/www.supeinnihonto.com\/nl\/product\/netsuke-tanuki-van-hout\/"]}]},{"@type":"ImageObject","inLanguage":"nl-NL","@id":"https:\/\/www.supeinnihonto.com\/nl\/product\/netsuke-tanuki-van-hout\/#primaryimage","url":"https:\/\/i0.wp.com\/www.supeinnihonto.com\/wp-content\/uploads\/2024\/11\/DSC1377-scaled.jpg?fit=2560%2C1707&ssl=1","contentUrl":"https:\/\/i0.wp.com\/www.supeinnihonto.com\/wp-content\/uploads\/2024\/11\/DSC1377-scaled.jpg?fit=2560%2C1707&ssl=1","width":2560,"height":1707,"caption":"Tanuki netsuke wood"},{"@type":"BreadcrumbList","@id":"https:\/\/www.supeinnihonto.com\/nl\/product\/netsuke-tanuki-van-hout\/#breadcrumb","itemListElement":[{"@type":"ListItem","position":1,"name":"Portada","item":"https:\/\/www.supeinnihonto.com\/nl\/"},{"@type":"ListItem","position":2,"name":"Shop","item":"https:\/\/www.supeinnihonto.com\/nl\/shop\/"},{"@type":"ListItem","position":3,"name":"Netsuke tanuki van hout"}]},{"@type":"WebSite","@id":"https:\/\/www.supeinnihonto.com\/nl\/#website","url":"https:\/\/www.supeinnihonto.com\/nl\/","name":"Supein Nihonto","description":"Authentic japanese Nihonto katana ","publisher":{"@id":"https:\/\/www.supeinnihonto.com\/nl\/#organization"},"potentialAction":[{"@type":"SearchAction","target":{"@type":"EntryPoint","urlTemplate":"https:\/\/www.supeinnihonto.com\/nl\/?s={search_term_string}"},"query-input":{"@type":"PropertyValueSpecification","valueRequired":true,"valueName":"search_term_string"}}],"inLanguage":"nl-NL"},{"@type":"Organization","@id":"https:\/\/www.supeinnihonto.com\/nl\/#organization","name":"SupeinNihonto","url":"https:\/\/www.supeinnihonto.com\/nl\/","logo":{"@type":"ImageObject","inLanguage":"nl-NL","@id":"https:\/\/www.supeinnihonto.com\/nl\/#\/schema\/logo\/image\/","url":"https:\/\/www.supeinnihonto.com\/wp-content\/uploads\/2021\/11\/animation_Default_3szk0jcenoloop.gif","contentUrl":"https:\/\/www.supeinnihonto.com\/wp-content\/uploads\/2021\/11\/animation_Default_3szk0jcenoloop.gif","width":750,"height":641,"caption":"SupeinNihonto"},"image":{"@id":"https:\/\/www.supeinnihonto.com\/nl\/#\/schema\/logo\/image\/"}}]}},"jetpack-related-posts":[{"id":14140,"url":"https:\/\/www.supeinnihonto.com\/nl\/product\/netsuke-shichifukujin-van-ivoor\/","url_meta":{"origin":12624,"position":0},"title":"Netsuke Shichifukujin van ivoor","author":"Supein Nihonto","date":"28 de mei de 2024","format":false,"excerpt":"Gratis verzending. Prachtige netsuke die de zeven geluksgoden voorstelt onder een kersenboom met een os. Uitstekend snijwerk waarbij alle details van dit kleine kunstwerk zichtbaar zijn. Stukken zoals deze, waarop alle figuren zijn afgebeeld, zijn zeer gewild en gewaardeerd door verzamelaars, vooral wanneer de kwaliteit van het snijwerk zo hoog\u2026","rel":"","context":"Soortgelijk bericht","block_context":{"text":"Soortgelijk bericht","link":""},"img":{"alt_text":"Netsuke Shichifukujin ivory","src":"https:\/\/i0.wp.com\/www.supeinnihonto.com\/wp-content\/uploads\/2024\/05\/DSC_4006-scaled.jpg?fit=1200%2C800&ssl=1&resize=350%2C200","width":350,"height":200,"srcset":"https:\/\/i0.wp.com\/www.supeinnihonto.com\/wp-content\/uploads\/2024\/05\/DSC_4006-scaled.jpg?fit=1200%2C800&ssl=1&resize=350%2C200 1x, https:\/\/i0.wp.com\/www.supeinnihonto.com\/wp-content\/uploads\/2024\/05\/DSC_4006-scaled.jpg?fit=1200%2C800&ssl=1&resize=525%2C300 1.5x, https:\/\/i0.wp.com\/www.supeinnihonto.com\/wp-content\/uploads\/2024\/05\/DSC_4006-scaled.jpg?fit=1200%2C800&ssl=1&resize=700%2C400 2x, https:\/\/i0.wp.com\/www.supeinnihonto.com\/wp-content\/uploads\/2024\/05\/DSC_4006-scaled.jpg?fit=1200%2C800&ssl=1&resize=1050%2C600 3x"},"classes":[]},{"id":5671,"url":"https:\/\/www.supeinnihonto.com\/product\/netsuke-tanuki-wood\/","url_meta":{"origin":12624,"position":1},"title":"Netsuke Tanuki wood","author":"Eric Majo","date":"5 de november de 2024","format":false,"excerpt":"Free shipping. Nice carving representing a Tanuki, a Japanese raccoon dog (Nyctereutes procyonoides) associated with good fortune. This is a popular Netsuke design \u201cTanuki no haratsuzumi\u201d. Masanao of Ise 19th century style carving. 4,3 x 4 x 3,6 cm","rel":"","context":"Soortgelijk bericht","block_context":{"text":"Soortgelijk bericht","link":""},"img":{"alt_text":"Tanuki netsuke wood","src":"https:\/\/i0.wp.com\/www.supeinnihonto.com\/wp-content\/uploads\/2024\/11\/DSC1377-scaled.jpg?fit=1200%2C800&ssl=1&resize=350%2C200","width":350,"height":200,"srcset":"https:\/\/i0.wp.com\/www.supeinnihonto.com\/wp-content\/uploads\/2024\/11\/DSC1377-scaled.jpg?fit=1200%2C800&ssl=1&resize=350%2C200 1x, https:\/\/i0.wp.com\/www.supeinnihonto.com\/wp-content\/uploads\/2024\/11\/DSC1377-scaled.jpg?fit=1200%2C800&ssl=1&resize=525%2C300 1.5x, https:\/\/i0.wp.com\/www.supeinnihonto.com\/wp-content\/uploads\/2024\/11\/DSC1377-scaled.jpg?fit=1200%2C800&ssl=1&resize=700%2C400 2x, https:\/\/i0.wp.com\/www.supeinnihonto.com\/wp-content\/uploads\/2024\/11\/DSC1377-scaled.jpg?fit=1200%2C800&ssl=1&resize=1050%2C600 3x"},"classes":[]},{"id":12732,"url":"https:\/\/www.supeinnihonto.com\/nl\/product\/netsuke-kluizenaar-van-hout-gesigneerd\/","url_meta":{"origin":12624,"position":2},"title":"Netsuke kluizenaar van hout, gesigneerd","author":"Eric Majo","date":"5 de november de 2024","format":false,"excerpt":"Gratis verzending. Houten netsuke van een kluizenaar met een tros perziken, gesigneerd. Meiji-periode, 19e eeuw. In zeer goede staat van behoud met een prachtige patina. Prachtig snijwerk en een uitzonderlijke gezichtsuitdrukking. 6,1 x 3,5 x 2,8 cm","rel":"","context":"Soortgelijk bericht","block_context":{"text":"Soortgelijk bericht","link":""},"img":{"alt_text":"Netsuke seinnen","src":"https:\/\/i0.wp.com\/www.supeinnihonto.com\/wp-content\/uploads\/2024\/11\/DSC1449-scaled.jpg?fit=1200%2C800&ssl=1&resize=350%2C200","width":350,"height":200,"srcset":"https:\/\/i0.wp.com\/www.supeinnihonto.com\/wp-content\/uploads\/2024\/11\/DSC1449-scaled.jpg?fit=1200%2C800&ssl=1&resize=350%2C200 1x, https:\/\/i0.wp.com\/www.supeinnihonto.com\/wp-content\/uploads\/2024\/11\/DSC1449-scaled.jpg?fit=1200%2C800&ssl=1&resize=525%2C300 1.5x, https:\/\/i0.wp.com\/www.supeinnihonto.com\/wp-content\/uploads\/2024\/11\/DSC1449-scaled.jpg?fit=1200%2C800&ssl=1&resize=700%2C400 2x, https:\/\/i0.wp.com\/www.supeinnihonto.com\/wp-content\/uploads\/2024\/11\/DSC1449-scaled.jpg?fit=1200%2C800&ssl=1&resize=1050%2C600 3x"},"classes":[]},{"id":12633,"url":"https:\/\/www.supeinnihonto.com\/it\/prodotto\/netsuke-tanuki-in-legno\/","url_meta":{"origin":12624,"position":3},"title":"Netsuke tanuki in legno","author":"Eric Majo","date":"5 de november de 2024","format":false,"excerpt":"Spedizione gratuita. Bel intaglio raffigurante un tanuki, cane procione giapponese (Nyctereutes procyonoides) associato alla buona fortuna. Si tratta di un popolare soggetto di netsuke, \u201cTanuki no haratsuzumi\u201d. Intaglio in stile Masanao di Ise, XIX secolo. 4,3 x 4 x 3,6 cm","rel":"","context":"Soortgelijk bericht","block_context":{"text":"Soortgelijk bericht","link":""},"img":{"alt_text":"Tanuki netsuke wood","src":"https:\/\/i0.wp.com\/www.supeinnihonto.com\/wp-content\/uploads\/2024\/11\/DSC1377-scaled.jpg?fit=1200%2C800&ssl=1&resize=350%2C200","width":350,"height":200,"srcset":"https:\/\/i0.wp.com\/www.supeinnihonto.com\/wp-content\/uploads\/2024\/11\/DSC1377-scaled.jpg?fit=1200%2C800&ssl=1&resize=350%2C200 1x, https:\/\/i0.wp.com\/www.supeinnihonto.com\/wp-content\/uploads\/2024\/11\/DSC1377-scaled.jpg?fit=1200%2C800&ssl=1&resize=525%2C300 1.5x, https:\/\/i0.wp.com\/www.supeinnihonto.com\/wp-content\/uploads\/2024\/11\/DSC1377-scaled.jpg?fit=1200%2C800&ssl=1&resize=700%2C400 2x, https:\/\/i0.wp.com\/www.supeinnihonto.com\/wp-content\/uploads\/2024\/11\/DSC1377-scaled.jpg?fit=1200%2C800&ssl=1&resize=1050%2C600 3x"},"classes":[]},{"id":12627,"url":"https:\/\/www.supeinnihonto.com\/fr\/produit\/netsuke-tanuki-en-bois\/","url_meta":{"origin":12624,"position":4},"title":"Netsuke tanuki en bois","author":"Eric Majo","date":"5 de november de 2024","format":false,"excerpt":"Livraison gratuite. Belle sculpture repr\u00e9sentant un tanuki, chien viverrin japonais (Nyctereutes procyonoides) associ\u00e9 \u00e0 la bonne fortune. Il s\u2019agit d\u2019un motif populaire de netsuke, \u00ab Tanuki no haratsuzumi \u00bb. Sculpture de style Masanao d\u2019Ise, XIXe si\u00e8cle. 4,3 x 4 x 3,6 cm","rel":"","context":"Soortgelijk bericht","block_context":{"text":"Soortgelijk bericht","link":""},"img":{"alt_text":"Tanuki netsuke wood","src":"https:\/\/i0.wp.com\/www.supeinnihonto.com\/wp-content\/uploads\/2024\/11\/DSC1377-scaled.jpg?fit=1200%2C800&ssl=1&resize=350%2C200","width":350,"height":200,"srcset":"https:\/\/i0.wp.com\/www.supeinnihonto.com\/wp-content\/uploads\/2024\/11\/DSC1377-scaled.jpg?fit=1200%2C800&ssl=1&resize=350%2C200 1x, https:\/\/i0.wp.com\/www.supeinnihonto.com\/wp-content\/uploads\/2024\/11\/DSC1377-scaled.jpg?fit=1200%2C800&ssl=1&resize=525%2C300 1.5x, https:\/\/i0.wp.com\/www.supeinnihonto.com\/wp-content\/uploads\/2024\/11\/DSC1377-scaled.jpg?fit=1200%2C800&ssl=1&resize=700%2C400 2x, https:\/\/i0.wp.com\/www.supeinnihonto.com\/wp-content\/uploads\/2024\/11\/DSC1377-scaled.jpg?fit=1200%2C800&ssl=1&resize=1050%2C600 3x"},"classes":[]},{"id":12630,"url":"https:\/\/www.supeinnihonto.com\/de\/produkt\/netsuke-tanuki-aus-holz\/","url_meta":{"origin":12624,"position":5},"title":"Netsuke Tanuki aus Holz","author":"Eric Majo","date":"5 de november de 2024","format":false,"excerpt":"Kostenloser Versand. Sch\u00f6ne Schnitzarbeit, die einen Tanuki darstellt, einen japanischen Marderhund (Nyctereutes procyonoides), der mit Gl\u00fcck assoziiert wird. Dies ist ein beliebtes Netsuke-Motiv \u201eTanuki no haratsuzumi\u201c. Schnitzarbeit im Stil von Masanao von Ise, 19. Jahrhundert. 4,3 x 4 x 3,6 cm","rel":"","context":"Soortgelijk bericht","block_context":{"text":"Soortgelijk bericht","link":""},"img":{"alt_text":"Tanuki netsuke wood","src":"https:\/\/i0.wp.com\/www.supeinnihonto.com\/wp-content\/uploads\/2024\/11\/DSC1377-scaled.jpg?fit=1200%2C800&ssl=1&resize=350%2C200","width":350,"height":200,"srcset":"https:\/\/i0.wp.com\/www.supeinnihonto.com\/wp-content\/uploads\/2024\/11\/DSC1377-scaled.jpg?fit=1200%2C800&ssl=1&resize=350%2C200 1x, https:\/\/i0.wp.com\/www.supeinnihonto.com\/wp-content\/uploads\/2024\/11\/DSC1377-scaled.jpg?fit=1200%2C800&ssl=1&resize=525%2C300 1.5x, https:\/\/i0.wp.com\/www.supeinnihonto.com\/wp-content\/uploads\/2024\/11\/DSC1377-scaled.jpg?fit=1200%2C800&ssl=1&resize=700%2C400 2x, https:\/\/i0.wp.com\/www.supeinnihonto.com\/wp-content\/uploads\/2024\/11\/DSC1377-scaled.jpg?fit=1200%2C800&ssl=1&resize=1050%2C600 3x"},"classes":[]}],"jetpack_sharing_enabled":true,"_links":{"self":[{"href":"https:\/\/www.supeinnihonto.com\/nl\/wp-json\/wp\/v2\/product\/12624","targetHints":{"allow":["GET"]}}],"collection":[{"href":"https:\/\/www.supeinnihonto.com\/nl\/wp-json\/wp\/v2\/product"}],"about":[{"href":"https:\/\/www.supeinnihonto.com\/nl\/wp-json\/wp\/v2\/types\/product"}],"wp:featuredmedia":[{"embeddable":true,"href":"https:\/\/www.supeinnihonto.com\/nl\/wp-json\/wp\/v2\/media\/12626"}],"wp:attachment":[{"href":"https:\/\/www.supeinnihonto.com\/nl\/wp-json\/wp\/v2\/media?parent=12624"}],"wp:term":[{"taxonomy":"product_brand","embeddable":true,"href":"https:\/\/www.supeinnihonto.com\/nl\/wp-json\/wp\/v2\/product_brand?post=12624"},{"taxonomy":"product_cat","embeddable":true,"href":"https:\/\/www.supeinnihonto.com\/nl\/wp-json\/wp\/v2\/product_cat?post=12624"},{"taxonomy":"product_tag","embeddable":true,"href":"https:\/\/www.supeinnihonto.com\/nl\/wp-json\/wp\/v2\/product_tag?post=12624"}],"curies":[{"name":"wp","href":"https:\/\/api.w.org\/{rel}","templated":true}]}}