{"id":12552,"date":"2024-11-07T08:20:13","date_gmt":"2024-11-07T08:20:13","guid":{"rendered":"https:\/\/www.supeinnihonto.com\/product\/noh-mask-yoroboshi-2\/"},"modified":"2025-12-20T21:12:15","modified_gmt":"2025-12-20T21:12:15","slug":"no-masker-yoroboshi-met-doos","status":"publish","type":"product","link":"https:\/\/www.supeinnihonto.com\/nl\/product\/no-masker-yoroboshi-met-doos\/","title":{"rendered":"N\u014d-masker Yoroboshi met doos"},"content":{"rendered":"<p data-start=\"1928\" data-end=\"2115\">Gesneden houten masker uit het N\u014d-theater, Sh\u014dwa-periode. Gesigneerd <em data-start=\"1997\" data-end=\"2013\">Naohiro Kaneko<\/em> en gedateerd 1957, met doos. Gesigneerd Japans N\u014d-masker dat <em data-start=\"2075\" data-end=\"2086\">Yoroboshi<\/em> (blinde monnik) voorstelt.<\/p>\n<p data-start=\"2117\" data-end=\"2516\">N\u014d-maskers maken al lange tijd integraal deel uit van Japanse religieuze rituelen, festivals en het theater. Zij stellen historische figuren en geesten voor, aangeduid als <em data-start=\"2289\" data-end=\"2295\">kami<\/em>, die hun oorsprong hebben in de inheemse geloofsovertuigingen van Japan. Traditioneel symboliseert het masker \u2018bezieling\u2019 of \u2018bezit\u2019, waarbij de drager wordt getransformeerd in de <em data-start=\"2476\" data-end=\"2482\">kami<\/em> of diens menselijke incarnatie.<\/p>\n<p data-start=\"2518\" data-end=\"2545\">Schaal 1:1 (ca. 20 \u00d7 15 cm)<\/p>\n","protected":false},"excerpt":{"rendered":"<p>Gesneden houten masker uit het N\u014d-theater, Sh\u014dwa-periode. Gesigneerd Naohiro Kaneko en gedateerd 1957, met doos. Gesigneerd Japans N\u014d-masker dat Yoroboshi (blinde monnik) voorstelt. N\u014d-maskers maken al lange tijd integraal deel uit van Japanse religieuze rituelen, festivals en het theater. Zij stellen historische figuren en geesten voor, aangeduid als kami, die [&hellip;]<\/p>\n","protected":false},"featured_media":38776,"template":"","meta":{"jetpack_post_was_ever_published":false},"product_brand":[],"product_cat":[352],"product_tag":[679,475,476],"class_list":{"0":"post-12552","1":"product","2":"type-product","3":"status-publish","4":"has-post-thumbnail","6":"product_cat-noh-masks","7":"product_tag-hout-noh-masker","8":"product_tag-noh-masker","9":"product_tag-noh-theater","10":"product_shipping_class-light","12":"first","13":"instock","14":"featured","15":"shipping-taxable","16":"purchasable","17":"product-type-simple"},"yoast_head":"<!-- This site is optimized with the Yoast SEO plugin v27.5 - https:\/\/yoast.com\/product\/yoast-seo-wordpress\/ -->\n<title>N\u014d-masker Yoroboshi met doos - Supein Nihonto<\/title>\n<meta name=\"description\" content=\"Gesneden houten masker uit het N\u014d-theater, Sh\u014dwa-periode. Gesigneerd Naohiro Kaneko en gedateerd 1957, met doos. Gesigneerd Japans N\u014d-masker dat Yoroboshi (blinde monnik) voorstelt.\" \/>\n<meta name=\"robots\" content=\"index, follow, max-snippet:-1, max-image-preview:large, max-video-preview:-1\" \/>\n<link rel=\"canonical\" href=\"https:\/\/www.supeinnihonto.com\/nl\/product\/no-masker-yoroboshi-met-doos\/\" \/>\n<meta property=\"og:locale\" content=\"nl_NL\" \/>\n<meta property=\"og:type\" content=\"article\" \/>\n<meta property=\"og:title\" content=\"N\u014d-masker Yoroboshi met doos - Supein Nihonto\" \/>\n<meta property=\"og:description\" content=\"Gesneden houten masker uit het N\u014d-theater, Sh\u014dwa-periode. Gesigneerd Naohiro Kaneko en gedateerd 1957, met doos. Gesigneerd Japans N\u014d-masker dat Yoroboshi (blinde monnik) voorstelt.\" \/>\n<meta property=\"og:url\" content=\"https:\/\/www.supeinnihonto.com\/nl\/product\/no-masker-yoroboshi-met-doos\/\" \/>\n<meta property=\"og:site_name\" content=\"Supein Nihonto\" \/>\n<meta property=\"article:modified_time\" content=\"2025-12-20T21:12:15+00:00\" \/>\n<meta property=\"og:image\" content=\"https:\/\/www.supeinnihonto.com\/wp-content\/uploads\/2024\/11\/GEO9415.webp\" \/>\n\t<meta property=\"og:image:width\" content=\"2048\" \/>\n\t<meta property=\"og:image:height\" content=\"1363\" \/>\n\t<meta property=\"og:image:type\" content=\"image\/webp\" \/>\n<meta name=\"twitter:card\" content=\"summary_large_image\" \/>\n<meta name=\"twitter:label1\" content=\"Geschatte leestijd\" \/>\n\t<meta name=\"twitter:data1\" content=\"1 minuut\" \/>\n<script type=\"application\/ld+json\" class=\"yoast-schema-graph\">{\"@context\":\"https:\\\/\\\/schema.org\",\"@graph\":[{\"@type\":\"WebPage\",\"@id\":\"https:\\\/\\\/www.supeinnihonto.com\\\/nl\\\/product\\\/no-masker-yoroboshi-met-doos\\\/\",\"url\":\"https:\\\/\\\/www.supeinnihonto.com\\\/nl\\\/product\\\/no-masker-yoroboshi-met-doos\\\/\",\"name\":\"N\u014d-masker Yoroboshi met doos - Supein Nihonto\",\"isPartOf\":{\"@id\":\"https:\\\/\\\/www.supeinnihonto.com\\\/nl\\\/#website\"},\"primaryImageOfPage\":{\"@id\":\"https:\\\/\\\/www.supeinnihonto.com\\\/nl\\\/product\\\/no-masker-yoroboshi-met-doos\\\/#primaryimage\"},\"image\":{\"@id\":\"https:\\\/\\\/www.supeinnihonto.com\\\/nl\\\/product\\\/no-masker-yoroboshi-met-doos\\\/#primaryimage\"},\"thumbnailUrl\":\"https:\\\/\\\/i0.wp.com\\\/www.supeinnihonto.com\\\/wp-content\\\/uploads\\\/2024\\\/11\\\/GEO9415.webp?fit=2048%2C1363&ssl=1\",\"datePublished\":\"2024-11-07T08:20:13+00:00\",\"dateModified\":\"2025-12-20T21:12:15+00:00\",\"description\":\"Gesneden houten masker uit het N\u014d-theater, Sh\u014dwa-periode. Gesigneerd Naohiro Kaneko en gedateerd 1957, met doos. Gesigneerd Japans N\u014d-masker dat Yoroboshi (blinde monnik) voorstelt.\",\"breadcrumb\":{\"@id\":\"https:\\\/\\\/www.supeinnihonto.com\\\/nl\\\/product\\\/no-masker-yoroboshi-met-doos\\\/#breadcrumb\"},\"inLanguage\":\"nl-NL\",\"potentialAction\":[{\"@type\":\"ReadAction\",\"target\":[\"https:\\\/\\\/www.supeinnihonto.com\\\/nl\\\/product\\\/no-masker-yoroboshi-met-doos\\\/\"]}]},{\"@type\":\"ImageObject\",\"inLanguage\":\"nl-NL\",\"@id\":\"https:\\\/\\\/www.supeinnihonto.com\\\/nl\\\/product\\\/no-masker-yoroboshi-met-doos\\\/#primaryimage\",\"url\":\"https:\\\/\\\/i0.wp.com\\\/www.supeinnihonto.com\\\/wp-content\\\/uploads\\\/2024\\\/11\\\/GEO9415.webp?fit=2048%2C1363&ssl=1\",\"contentUrl\":\"https:\\\/\\\/i0.wp.com\\\/www.supeinnihonto.com\\\/wp-content\\\/uploads\\\/2024\\\/11\\\/GEO9415.webp?fit=2048%2C1363&ssl=1\",\"width\":2048,\"height\":1363,\"caption\":\"Noh mask Yoroboshi with box\"},{\"@type\":\"BreadcrumbList\",\"@id\":\"https:\\\/\\\/www.supeinnihonto.com\\\/nl\\\/product\\\/no-masker-yoroboshi-met-doos\\\/#breadcrumb\",\"itemListElement\":[{\"@type\":\"ListItem\",\"position\":1,\"name\":\"Portada\",\"item\":\"https:\\\/\\\/www.supeinnihonto.com\\\/nl\\\/\"},{\"@type\":\"ListItem\",\"position\":2,\"name\":\"Shop\",\"item\":\"https:\\\/\\\/www.supeinnihonto.com\\\/nl\\\/shop\\\/\"},{\"@type\":\"ListItem\",\"position\":3,\"name\":\"N\u014d-masker Yoroboshi met doos\"}]},{\"@type\":\"WebSite\",\"@id\":\"https:\\\/\\\/www.supeinnihonto.com\\\/nl\\\/#website\",\"url\":\"https:\\\/\\\/www.supeinnihonto.com\\\/nl\\\/\",\"name\":\"Supein Nihonto\",\"description\":\"Authentic japanese Nihonto katana \",\"publisher\":{\"@id\":\"https:\\\/\\\/www.supeinnihonto.com\\\/nl\\\/#organization\"},\"potentialAction\":[{\"@type\":\"SearchAction\",\"target\":{\"@type\":\"EntryPoint\",\"urlTemplate\":\"https:\\\/\\\/www.supeinnihonto.com\\\/nl\\\/?s={search_term_string}\"},\"query-input\":{\"@type\":\"PropertyValueSpecification\",\"valueRequired\":true,\"valueName\":\"search_term_string\"}}],\"inLanguage\":\"nl-NL\"},{\"@type\":\"Organization\",\"@id\":\"https:\\\/\\\/www.supeinnihonto.com\\\/nl\\\/#organization\",\"name\":\"SupeinNihonto\",\"url\":\"https:\\\/\\\/www.supeinnihonto.com\\\/nl\\\/\",\"logo\":{\"@type\":\"ImageObject\",\"inLanguage\":\"nl-NL\",\"@id\":\"https:\\\/\\\/www.supeinnihonto.com\\\/nl\\\/#\\\/schema\\\/logo\\\/image\\\/\",\"url\":\"https:\\\/\\\/www.supeinnihonto.com\\\/wp-content\\\/uploads\\\/2021\\\/11\\\/animation_Default_3szk0jcenoloop.gif\",\"contentUrl\":\"https:\\\/\\\/www.supeinnihonto.com\\\/wp-content\\\/uploads\\\/2021\\\/11\\\/animation_Default_3szk0jcenoloop.gif\",\"width\":750,\"height\":641,\"caption\":\"SupeinNihonto\"},\"image\":{\"@id\":\"https:\\\/\\\/www.supeinnihonto.com\\\/nl\\\/#\\\/schema\\\/logo\\\/image\\\/\"}}]}<\/script>\n<!-- \/ Yoast SEO plugin. -->","yoast_head_json":{"title":"N\u014d-masker Yoroboshi met doos - Supein Nihonto","description":"Gesneden houten masker uit het N\u014d-theater, Sh\u014dwa-periode. Gesigneerd Naohiro Kaneko en gedateerd 1957, met doos. Gesigneerd Japans N\u014d-masker dat Yoroboshi (blinde monnik) voorstelt.","robots":{"index":"index","follow":"follow","max-snippet":"max-snippet:-1","max-image-preview":"max-image-preview:large","max-video-preview":"max-video-preview:-1"},"canonical":"https:\/\/www.supeinnihonto.com\/nl\/product\/no-masker-yoroboshi-met-doos\/","og_locale":"nl_NL","og_type":"article","og_title":"N\u014d-masker Yoroboshi met doos - Supein Nihonto","og_description":"Gesneden houten masker uit het N\u014d-theater, Sh\u014dwa-periode. Gesigneerd Naohiro Kaneko en gedateerd 1957, met doos. Gesigneerd Japans N\u014d-masker dat Yoroboshi (blinde monnik) voorstelt.","og_url":"https:\/\/www.supeinnihonto.com\/nl\/product\/no-masker-yoroboshi-met-doos\/","og_site_name":"Supein Nihonto","article_modified_time":"2025-12-20T21:12:15+00:00","og_image":[{"width":2048,"height":1363,"url":"https:\/\/www.supeinnihonto.com\/wp-content\/uploads\/2024\/11\/GEO9415.webp","type":"image\/webp"}],"twitter_card":"summary_large_image","twitter_misc":{"Geschatte leestijd":"1 minuut"},"schema":{"@context":"https:\/\/schema.org","@graph":[{"@type":"WebPage","@id":"https:\/\/www.supeinnihonto.com\/nl\/product\/no-masker-yoroboshi-met-doos\/","url":"https:\/\/www.supeinnihonto.com\/nl\/product\/no-masker-yoroboshi-met-doos\/","name":"N\u014d-masker Yoroboshi met doos - Supein Nihonto","isPartOf":{"@id":"https:\/\/www.supeinnihonto.com\/nl\/#website"},"primaryImageOfPage":{"@id":"https:\/\/www.supeinnihonto.com\/nl\/product\/no-masker-yoroboshi-met-doos\/#primaryimage"},"image":{"@id":"https:\/\/www.supeinnihonto.com\/nl\/product\/no-masker-yoroboshi-met-doos\/#primaryimage"},"thumbnailUrl":"https:\/\/i0.wp.com\/www.supeinnihonto.com\/wp-content\/uploads\/2024\/11\/GEO9415.webp?fit=2048%2C1363&ssl=1","datePublished":"2024-11-07T08:20:13+00:00","dateModified":"2025-12-20T21:12:15+00:00","description":"Gesneden houten masker uit het N\u014d-theater, Sh\u014dwa-periode. Gesigneerd Naohiro Kaneko en gedateerd 1957, met doos. Gesigneerd Japans N\u014d-masker dat Yoroboshi (blinde monnik) voorstelt.","breadcrumb":{"@id":"https:\/\/www.supeinnihonto.com\/nl\/product\/no-masker-yoroboshi-met-doos\/#breadcrumb"},"inLanguage":"nl-NL","potentialAction":[{"@type":"ReadAction","target":["https:\/\/www.supeinnihonto.com\/nl\/product\/no-masker-yoroboshi-met-doos\/"]}]},{"@type":"ImageObject","inLanguage":"nl-NL","@id":"https:\/\/www.supeinnihonto.com\/nl\/product\/no-masker-yoroboshi-met-doos\/#primaryimage","url":"https:\/\/i0.wp.com\/www.supeinnihonto.com\/wp-content\/uploads\/2024\/11\/GEO9415.webp?fit=2048%2C1363&ssl=1","contentUrl":"https:\/\/i0.wp.com\/www.supeinnihonto.com\/wp-content\/uploads\/2024\/11\/GEO9415.webp?fit=2048%2C1363&ssl=1","width":2048,"height":1363,"caption":"Noh mask Yoroboshi with box"},{"@type":"BreadcrumbList","@id":"https:\/\/www.supeinnihonto.com\/nl\/product\/no-masker-yoroboshi-met-doos\/#breadcrumb","itemListElement":[{"@type":"ListItem","position":1,"name":"Portada","item":"https:\/\/www.supeinnihonto.com\/nl\/"},{"@type":"ListItem","position":2,"name":"Shop","item":"https:\/\/www.supeinnihonto.com\/nl\/shop\/"},{"@type":"ListItem","position":3,"name":"N\u014d-masker Yoroboshi met doos"}]},{"@type":"WebSite","@id":"https:\/\/www.supeinnihonto.com\/nl\/#website","url":"https:\/\/www.supeinnihonto.com\/nl\/","name":"Supein Nihonto","description":"Authentic japanese Nihonto katana ","publisher":{"@id":"https:\/\/www.supeinnihonto.com\/nl\/#organization"},"potentialAction":[{"@type":"SearchAction","target":{"@type":"EntryPoint","urlTemplate":"https:\/\/www.supeinnihonto.com\/nl\/?s={search_term_string}"},"query-input":{"@type":"PropertyValueSpecification","valueRequired":true,"valueName":"search_term_string"}}],"inLanguage":"nl-NL"},{"@type":"Organization","@id":"https:\/\/www.supeinnihonto.com\/nl\/#organization","name":"SupeinNihonto","url":"https:\/\/www.supeinnihonto.com\/nl\/","logo":{"@type":"ImageObject","inLanguage":"nl-NL","@id":"https:\/\/www.supeinnihonto.com\/nl\/#\/schema\/logo\/image\/","url":"https:\/\/www.supeinnihonto.com\/wp-content\/uploads\/2021\/11\/animation_Default_3szk0jcenoloop.gif","contentUrl":"https:\/\/www.supeinnihonto.com\/wp-content\/uploads\/2021\/11\/animation_Default_3szk0jcenoloop.gif","width":750,"height":641,"caption":"SupeinNihonto"},"image":{"@id":"https:\/\/www.supeinnihonto.com\/nl\/#\/schema\/logo\/image\/"}}]}},"jetpack-related-posts":[{"id":12764,"url":"https:\/\/www.supeinnihonto.com\/nl\/product\/no-masker-yoroboshi\/","url_meta":{"origin":12552,"position":0},"title":"N\u014d-masker Yoroboshi","author":"Eric Majo","date":"7 de november de 2024","format":false,"excerpt":"Gesneden houten masker uit het N\u014d-theater, Sh\u014dwa-periode. Gesigneerd Seiun (\u9759\u96f2). Voorstelling van Yoroboshi, een blinde monnik. N\u014d-maskers maken al lange tijd integraal deel uit van Japanse religieuze rituelen, festivals en het theater. Zij stellen historische figuren en geesten voor, aangeduid als kami, die hun oorsprong hebben in de inheemse geloofsovertuigingen\u2026","rel":"","context":"Soortgelijk bericht","block_context":{"text":"Soortgelijk bericht","link":""},"img":{"alt_text":"noh mask Yoroboshi","src":"https:\/\/i0.wp.com\/www.supeinnihonto.com\/wp-content\/uploads\/2024\/11\/GEO9320.jpg?fit=1200%2C799&ssl=1&resize=350%2C200","width":350,"height":200,"srcset":"https:\/\/i0.wp.com\/www.supeinnihonto.com\/wp-content\/uploads\/2024\/11\/GEO9320.jpg?fit=1200%2C799&ssl=1&resize=350%2C200 1x, https:\/\/i0.wp.com\/www.supeinnihonto.com\/wp-content\/uploads\/2024\/11\/GEO9320.jpg?fit=1200%2C799&ssl=1&resize=525%2C300 1.5x, https:\/\/i0.wp.com\/www.supeinnihonto.com\/wp-content\/uploads\/2024\/11\/GEO9320.jpg?fit=1200%2C799&ssl=1&resize=700%2C400 2x, https:\/\/i0.wp.com\/www.supeinnihonto.com\/wp-content\/uploads\/2024\/11\/GEO9320.jpg?fit=1200%2C799&ssl=1&resize=1050%2C600 3x"},"classes":[]},{"id":12564,"url":"https:\/\/www.supeinnihonto.com\/nl\/product\/no-masker-ikazuchi\/","url_meta":{"origin":12552,"position":1},"title":"N\u014d-masker Ikazuchi","author":"Eric Majo","date":"7 de november de 2024","format":false,"excerpt":"Gesneden houten masker uit het N\u014d-theater, Sh\u014dwa-periode. Gesigneerd Seiun (\u9759\u96f2). Voorstelling van Ikazuchi, afgebeeld als een oni (demon). Fantastische en ongebruikelijke kleurstelling. N\u014d-maskers maken al lange tijd integraal deel uit van Japanse religieuze rituelen, festivals en het theater. Zij stellen historische figuren en geesten voor, aangeduid als kami, die hun\u2026","rel":"","context":"Soortgelijk bericht","block_context":{"text":"Soortgelijk bericht","link":""},"img":{"alt_text":"Gesneden houten masker uit het N\u014d-theater, Sh\u014dwa-periode. Gesigneerd Seiun (\u9759\u96f2). Voorstelling van Ikazuchi, afgebeeld als een oni (demon).","src":"https:\/\/i0.wp.com\/www.supeinnihonto.com\/wp-content\/uploads\/2024\/11\/GEO9362.webp?fit=1200%2C980&ssl=1&resize=350%2C200","width":350,"height":200,"srcset":"https:\/\/i0.wp.com\/www.supeinnihonto.com\/wp-content\/uploads\/2024\/11\/GEO9362.webp?fit=1200%2C980&ssl=1&resize=350%2C200 1x, https:\/\/i0.wp.com\/www.supeinnihonto.com\/wp-content\/uploads\/2024\/11\/GEO9362.webp?fit=1200%2C980&ssl=1&resize=525%2C300 1.5x, https:\/\/i0.wp.com\/www.supeinnihonto.com\/wp-content\/uploads\/2024\/11\/GEO9362.webp?fit=1200%2C980&ssl=1&resize=700%2C400 2x, https:\/\/i0.wp.com\/www.supeinnihonto.com\/wp-content\/uploads\/2024\/11\/GEO9362.webp?fit=1200%2C980&ssl=1&resize=1050%2C600 3x"},"classes":[]},{"id":12756,"url":"https:\/\/www.supeinnihonto.com\/nl\/product\/no-masker-oto\/","url_meta":{"origin":12552,"position":2},"title":"N\u014d-masker Oto","author":"Eric Majo","date":"7 de november de 2024","format":false,"excerpt":"Gesneden houten masker uit het N\u014d-theater, Sh\u014dwa-periode. Gesigneerd Seiun (\u9759\u96f2). Voorstelling van Oto, een vrouwenmasker. Overmatig rond en met duidelijke kuiltjes vormt zij een volkse parodie van lagere rang op het verfijnde Ko-omote-masker binnen het N\u014d-theater. N\u014d-maskers maken al lange tijd integraal deel uit van Japanse religieuze rituelen, festivals en\u2026","rel":"","context":"Soortgelijk bericht","block_context":{"text":"Soortgelijk bericht","link":""},"img":{"alt_text":"oto noh mask","src":"https:\/\/i0.wp.com\/www.supeinnihonto.com\/wp-content\/uploads\/2024\/11\/GEO9333.jpg?fit=1200%2C921&ssl=1&resize=350%2C200","width":350,"height":200,"srcset":"https:\/\/i0.wp.com\/www.supeinnihonto.com\/wp-content\/uploads\/2024\/11\/GEO9333.jpg?fit=1200%2C921&ssl=1&resize=350%2C200 1x, https:\/\/i0.wp.com\/www.supeinnihonto.com\/wp-content\/uploads\/2024\/11\/GEO9333.jpg?fit=1200%2C921&ssl=1&resize=525%2C300 1.5x, https:\/\/i0.wp.com\/www.supeinnihonto.com\/wp-content\/uploads\/2024\/11\/GEO9333.jpg?fit=1200%2C921&ssl=1&resize=700%2C400 2x, https:\/\/i0.wp.com\/www.supeinnihonto.com\/wp-content\/uploads\/2024\/11\/GEO9333.jpg?fit=1200%2C921&ssl=1&resize=1050%2C600 3x"},"classes":[]},{"id":12536,"url":"https:\/\/www.supeinnihonto.com\/nl\/product\/no-masker-deikuro\/","url_meta":{"origin":12552,"position":3},"title":"N\u014d-masker Deikur\u014d","author":"Eric Majo","date":"7 de november de 2024","format":false,"excerpt":"Gesneden houten masker uit het N\u014d-theater, gesigneerd Seiun (\u9759\u96f2), Sh\u014dwa-periode. Snijwerk van hoge kwaliteit. Voorstelling van Deikur\u014d, een mythologische demon (oni). N\u014d-maskers maken al lange tijd integraal deel uit van Japanse religieuze rituelen, festivals en het theater. Zij stellen historische figuren en geesten voor, aangeduid als kami, die hun oorsprong\u2026","rel":"","context":"Soortgelijk bericht","block_context":{"text":"Soortgelijk bericht","link":""},"img":{"alt_text":"Noh mask Deikuro","src":"https:\/\/i0.wp.com\/www.supeinnihonto.com\/wp-content\/uploads\/2024\/11\/GEO5972.webp?fit=1200%2C1147&ssl=1&resize=350%2C200","width":350,"height":200,"srcset":"https:\/\/i0.wp.com\/www.supeinnihonto.com\/wp-content\/uploads\/2024\/11\/GEO5972.webp?fit=1200%2C1147&ssl=1&resize=350%2C200 1x, https:\/\/i0.wp.com\/www.supeinnihonto.com\/wp-content\/uploads\/2024\/11\/GEO5972.webp?fit=1200%2C1147&ssl=1&resize=525%2C300 1.5x, https:\/\/i0.wp.com\/www.supeinnihonto.com\/wp-content\/uploads\/2024\/11\/GEO5972.webp?fit=1200%2C1147&ssl=1&resize=700%2C400 2x, https:\/\/i0.wp.com\/www.supeinnihonto.com\/wp-content\/uploads\/2024\/11\/GEO5972.webp?fit=1200%2C1147&ssl=1&resize=1050%2C600 3x"},"classes":[]},{"id":12772,"url":"https:\/\/www.supeinnihonto.com\/nl\/product\/no-masker-yaseonna\/","url_meta":{"origin":12552,"position":4},"title":"N\u014d-masker Yaseonna","author":"Eric Majo","date":"7 de november de 2024","format":false,"excerpt":"Gesneden houten masker uit het N\u014d-theater, Sh\u014dwa-periode. Gesigneerd Seiun (\u9759\u96f2). Voorstelling van de lijdende geest van een vrouw die is gestorven aan de problemen van een liefdesrelatie. N\u014d-maskers maken al lange tijd integraal deel uit van Japanse religieuze rituelen, festivals en het theater. Zij stellen historische figuren en geesten voor,\u2026","rel":"","context":"Soortgelijk bericht","block_context":{"text":"Soortgelijk bericht","link":""},"img":{"alt_text":"Noh mask Yaseonna","src":"https:\/\/i0.wp.com\/www.supeinnihonto.com\/wp-content\/uploads\/2024\/11\/GEO9306.webp?fit=1200%2C1107&ssl=1&resize=350%2C200","width":350,"height":200,"srcset":"https:\/\/i0.wp.com\/www.supeinnihonto.com\/wp-content\/uploads\/2024\/11\/GEO9306.webp?fit=1200%2C1107&ssl=1&resize=350%2C200 1x, https:\/\/i0.wp.com\/www.supeinnihonto.com\/wp-content\/uploads\/2024\/11\/GEO9306.webp?fit=1200%2C1107&ssl=1&resize=525%2C300 1.5x, https:\/\/i0.wp.com\/www.supeinnihonto.com\/wp-content\/uploads\/2024\/11\/GEO9306.webp?fit=1200%2C1107&ssl=1&resize=700%2C400 2x, https:\/\/i0.wp.com\/www.supeinnihonto.com\/wp-content\/uploads\/2024\/11\/GEO9306.webp?fit=1200%2C1107&ssl=1&resize=1050%2C600 3x"},"classes":[]},{"id":12572,"url":"https:\/\/www.supeinnihonto.com\/nl\/product\/no-masker-ko-omote\/","url_meta":{"origin":12552,"position":5},"title":"N\u014d-masker Ko-omote","author":"Eric Majo","date":"7 de november de 2024","format":false,"excerpt":"Gesneden houten masker uit het N\u014d-theater, Sh\u014dwa-periode. Gesigneerd Seiun (\u9759\u96f2). Voorstelling van Ko-omote: \u201cKo\u201d betekent tederheid, jeugd en schoonheid, en \u201cOmote\u201d betekent gezicht. Het masker toont het mooie gezicht van een jonge vrouw met een rustige en serene aard. N\u014d-maskers maken al lange tijd integraal deel uit van Japanse religieuze\u2026","rel":"","context":"Soortgelijk bericht","block_context":{"text":"Soortgelijk bericht","link":""},"img":{"alt_text":"Carved wooden mask from the Noh theatre, Showa period. Signed Seiun \u9759\u96f2. Representing Ko omote, \u2018Ko\u2019 means tenderness, youth and beauty. \u2018Omote\u2019 means face. The mask shows the beautiful face of a young woman whose nature is calm and serene.","src":"https:\/\/i0.wp.com\/www.supeinnihonto.com\/wp-content\/uploads\/2024\/11\/GEO9348.webp?fit=1200%2C933&ssl=1&resize=350%2C200","width":350,"height":200,"srcset":"https:\/\/i0.wp.com\/www.supeinnihonto.com\/wp-content\/uploads\/2024\/11\/GEO9348.webp?fit=1200%2C933&ssl=1&resize=350%2C200 1x, https:\/\/i0.wp.com\/www.supeinnihonto.com\/wp-content\/uploads\/2024\/11\/GEO9348.webp?fit=1200%2C933&ssl=1&resize=525%2C300 1.5x, https:\/\/i0.wp.com\/www.supeinnihonto.com\/wp-content\/uploads\/2024\/11\/GEO9348.webp?fit=1200%2C933&ssl=1&resize=700%2C400 2x, https:\/\/i0.wp.com\/www.supeinnihonto.com\/wp-content\/uploads\/2024\/11\/GEO9348.webp?fit=1200%2C933&ssl=1&resize=1050%2C600 3x"},"classes":[]}],"jetpack_sharing_enabled":true,"_links":{"self":[{"href":"https:\/\/www.supeinnihonto.com\/nl\/wp-json\/wp\/v2\/product\/12552","targetHints":{"allow":["GET"]}}],"collection":[{"href":"https:\/\/www.supeinnihonto.com\/nl\/wp-json\/wp\/v2\/product"}],"about":[{"href":"https:\/\/www.supeinnihonto.com\/nl\/wp-json\/wp\/v2\/types\/product"}],"wp:featuredmedia":[{"embeddable":true,"href":"https:\/\/www.supeinnihonto.com\/nl\/wp-json\/wp\/v2\/media\/38776"}],"wp:attachment":[{"href":"https:\/\/www.supeinnihonto.com\/nl\/wp-json\/wp\/v2\/media?parent=12552"}],"wp:term":[{"taxonomy":"product_brand","embeddable":true,"href":"https:\/\/www.supeinnihonto.com\/nl\/wp-json\/wp\/v2\/product_brand?post=12552"},{"taxonomy":"product_cat","embeddable":true,"href":"https:\/\/www.supeinnihonto.com\/nl\/wp-json\/wp\/v2\/product_cat?post=12552"},{"taxonomy":"product_tag","embeddable":true,"href":"https:\/\/www.supeinnihonto.com\/nl\/wp-json\/wp\/v2\/product_tag?post=12552"}],"curies":[{"name":"wp","href":"https:\/\/api.w.org\/{rel}","templated":true}]}}