{"id":12536,"date":"2024-11-07T08:38:29","date_gmt":"2024-11-07T08:38:29","guid":{"rendered":"https:\/\/www.supeinnihonto.com\/product\/noh-mask-deikuro\/"},"modified":"2025-12-20T20:37:56","modified_gmt":"2025-12-20T20:37:56","slug":"no-masker-deikuro","status":"publish","type":"product","link":"https:\/\/www.supeinnihonto.com\/nl\/product\/no-masker-deikuro\/","title":{"rendered":"N\u014d-masker Deikur\u014d"},"content":{"rendered":"<p data-start=\"1864\" data-end=\"2038\">Gesneden houten masker uit het N\u014d-theater, gesigneerd <em data-start=\"1918\" data-end=\"1925\">Seiun<\/em> (\u9759\u96f2), Sh\u014dwa-periode. Snijwerk van hoge kwaliteit. Voorstelling van <em data-start=\"1993\" data-end=\"2002\">Deikur\u014d<\/em>, een mythologische demon (<em data-start=\"2029\" data-end=\"2034\">oni<\/em>).<\/p>\n<p data-start=\"2040\" data-end=\"2439\">N\u014d-maskers maken al lange tijd integraal deel uit van Japanse religieuze rituelen, festivals en het theater. Zij stellen historische figuren en geesten voor, aangeduid als <em data-start=\"2212\" data-end=\"2218\">kami<\/em>, die hun oorsprong hebben in de inheemse geloofsovertuigingen van Japan. Traditioneel symboliseert het masker \u2018bezieling\u2019 of \u2018bezit\u2019, waarbij de drager wordt getransformeerd in de <em data-start=\"2399\" data-end=\"2405\">kami<\/em> of diens menselijke incarnatie.<\/p>\n<p data-start=\"2441\" data-end=\"2468\">Schaal 1:1 (ca. 20 \u00d7 15 cm)<\/p>\n","protected":false},"excerpt":{"rendered":"<p>Gesneden houten masker uit het N\u014d-theater, gesigneerd Seiun (\u9759\u96f2), Sh\u014dwa-periode. Snijwerk van hoge kwaliteit. Voorstelling van Deikur\u014d, een mythologische demon (oni). N\u014d-maskers maken al lange tijd integraal deel uit van Japanse religieuze rituelen, festivals en het theater. Zij stellen historische figuren en geesten voor, aangeduid als kami, die hun oorsprong [&hellip;]<\/p>\n","protected":false},"featured_media":38746,"template":"","meta":{"jetpack_post_was_ever_published":false},"product_brand":[],"product_cat":[352],"product_tag":[679,475,476],"class_list":{"0":"post-12536","1":"product","2":"type-product","3":"status-publish","4":"has-post-thumbnail","6":"product_cat-noh-masks","7":"product_tag-hout-noh-masker","8":"product_tag-noh-masker","9":"product_tag-noh-theater","10":"product_shipping_class-light","12":"first","13":"instock","14":"featured","15":"shipping-taxable","16":"purchasable","17":"product-type-simple"},"yoast_head":"<!-- This site is optimized with the Yoast SEO plugin v27.4 - https:\/\/yoast.com\/product\/yoast-seo-wordpress\/ -->\n<title>N\u014d-masker Deikur\u014d - Supein Nihonto<\/title>\n<meta name=\"description\" content=\"Gesneden houten masker uit het N\u014d-theater, gesigneerd Seiun (\u9759\u96f2), Sh\u014dwa-periode. Voorstelling van Deikur\u014d, een mythologische demon (oni).\" \/>\n<meta name=\"robots\" content=\"index, follow, max-snippet:-1, max-image-preview:large, max-video-preview:-1\" \/>\n<link rel=\"canonical\" href=\"https:\/\/www.supeinnihonto.com\/nl\/product\/no-masker-deikuro\/\" \/>\n<meta property=\"og:locale\" content=\"nl_NL\" \/>\n<meta property=\"og:type\" content=\"article\" \/>\n<meta property=\"og:title\" content=\"N\u014d-masker Deikur\u014d - Supein Nihonto\" \/>\n<meta property=\"og:description\" content=\"Gesneden houten masker uit het N\u014d-theater, gesigneerd Seiun (\u9759\u96f2), Sh\u014dwa-periode. Voorstelling van Deikur\u014d, een mythologische demon (oni).\" \/>\n<meta property=\"og:url\" content=\"https:\/\/www.supeinnihonto.com\/nl\/product\/no-masker-deikuro\/\" \/>\n<meta property=\"og:site_name\" content=\"Supein Nihonto\" \/>\n<meta property=\"article:modified_time\" content=\"2025-12-20T20:37:56+00:00\" \/>\n<meta property=\"og:image\" content=\"https:\/\/www.supeinnihonto.com\/wp-content\/uploads\/2024\/11\/GEO5972.webp\" \/>\n\t<meta property=\"og:image:width\" content=\"2048\" \/>\n\t<meta property=\"og:image:height\" content=\"1958\" \/>\n\t<meta property=\"og:image:type\" content=\"image\/webp\" \/>\n<meta name=\"twitter:card\" content=\"summary_large_image\" \/>\n<meta name=\"twitter:label1\" content=\"Geschatte leestijd\" \/>\n\t<meta name=\"twitter:data1\" content=\"1 minuut\" \/>\n<script type=\"application\/ld+json\" class=\"yoast-schema-graph\">{\"@context\":\"https:\\\/\\\/schema.org\",\"@graph\":[{\"@type\":\"WebPage\",\"@id\":\"https:\\\/\\\/www.supeinnihonto.com\\\/nl\\\/product\\\/no-masker-deikuro\\\/\",\"url\":\"https:\\\/\\\/www.supeinnihonto.com\\\/nl\\\/product\\\/no-masker-deikuro\\\/\",\"name\":\"N\u014d-masker Deikur\u014d - Supein Nihonto\",\"isPartOf\":{\"@id\":\"https:\\\/\\\/www.supeinnihonto.com\\\/nl\\\/#website\"},\"primaryImageOfPage\":{\"@id\":\"https:\\\/\\\/www.supeinnihonto.com\\\/nl\\\/product\\\/no-masker-deikuro\\\/#primaryimage\"},\"image\":{\"@id\":\"https:\\\/\\\/www.supeinnihonto.com\\\/nl\\\/product\\\/no-masker-deikuro\\\/#primaryimage\"},\"thumbnailUrl\":\"https:\\\/\\\/i0.wp.com\\\/www.supeinnihonto.com\\\/wp-content\\\/uploads\\\/2024\\\/11\\\/GEO5972.webp?fit=2048%2C1958&ssl=1\",\"datePublished\":\"2024-11-07T08:38:29+00:00\",\"dateModified\":\"2025-12-20T20:37:56+00:00\",\"description\":\"Gesneden houten masker uit het N\u014d-theater, gesigneerd Seiun (\u9759\u96f2), Sh\u014dwa-periode. Voorstelling van Deikur\u014d, een mythologische demon (oni).\",\"breadcrumb\":{\"@id\":\"https:\\\/\\\/www.supeinnihonto.com\\\/nl\\\/product\\\/no-masker-deikuro\\\/#breadcrumb\"},\"inLanguage\":\"nl-NL\",\"potentialAction\":[{\"@type\":\"ReadAction\",\"target\":[\"https:\\\/\\\/www.supeinnihonto.com\\\/nl\\\/product\\\/no-masker-deikuro\\\/\"]}]},{\"@type\":\"ImageObject\",\"inLanguage\":\"nl-NL\",\"@id\":\"https:\\\/\\\/www.supeinnihonto.com\\\/nl\\\/product\\\/no-masker-deikuro\\\/#primaryimage\",\"url\":\"https:\\\/\\\/i0.wp.com\\\/www.supeinnihonto.com\\\/wp-content\\\/uploads\\\/2024\\\/11\\\/GEO5972.webp?fit=2048%2C1958&ssl=1\",\"contentUrl\":\"https:\\\/\\\/i0.wp.com\\\/www.supeinnihonto.com\\\/wp-content\\\/uploads\\\/2024\\\/11\\\/GEO5972.webp?fit=2048%2C1958&ssl=1\",\"width\":2048,\"height\":1958,\"caption\":\"Noh mask Deikuro\"},{\"@type\":\"BreadcrumbList\",\"@id\":\"https:\\\/\\\/www.supeinnihonto.com\\\/nl\\\/product\\\/no-masker-deikuro\\\/#breadcrumb\",\"itemListElement\":[{\"@type\":\"ListItem\",\"position\":1,\"name\":\"Portada\",\"item\":\"https:\\\/\\\/www.supeinnihonto.com\\\/nl\\\/\"},{\"@type\":\"ListItem\",\"position\":2,\"name\":\"Shop\",\"item\":\"https:\\\/\\\/www.supeinnihonto.com\\\/nl\\\/shop\\\/\"},{\"@type\":\"ListItem\",\"position\":3,\"name\":\"N\u014d-masker Deikur\u014d\"}]},{\"@type\":\"WebSite\",\"@id\":\"https:\\\/\\\/www.supeinnihonto.com\\\/nl\\\/#website\",\"url\":\"https:\\\/\\\/www.supeinnihonto.com\\\/nl\\\/\",\"name\":\"Supein Nihonto\",\"description\":\"Authentic japanese Nihonto katana \",\"publisher\":{\"@id\":\"https:\\\/\\\/www.supeinnihonto.com\\\/nl\\\/#organization\"},\"potentialAction\":[{\"@type\":\"SearchAction\",\"target\":{\"@type\":\"EntryPoint\",\"urlTemplate\":\"https:\\\/\\\/www.supeinnihonto.com\\\/nl\\\/?s={search_term_string}\"},\"query-input\":{\"@type\":\"PropertyValueSpecification\",\"valueRequired\":true,\"valueName\":\"search_term_string\"}}],\"inLanguage\":\"nl-NL\"},{\"@type\":\"Organization\",\"@id\":\"https:\\\/\\\/www.supeinnihonto.com\\\/nl\\\/#organization\",\"name\":\"SupeinNihonto\",\"url\":\"https:\\\/\\\/www.supeinnihonto.com\\\/nl\\\/\",\"logo\":{\"@type\":\"ImageObject\",\"inLanguage\":\"nl-NL\",\"@id\":\"https:\\\/\\\/www.supeinnihonto.com\\\/nl\\\/#\\\/schema\\\/logo\\\/image\\\/\",\"url\":\"https:\\\/\\\/www.supeinnihonto.com\\\/wp-content\\\/uploads\\\/2021\\\/11\\\/animation_Default_3szk0jcenoloop.gif\",\"contentUrl\":\"https:\\\/\\\/www.supeinnihonto.com\\\/wp-content\\\/uploads\\\/2021\\\/11\\\/animation_Default_3szk0jcenoloop.gif\",\"width\":750,\"height\":641,\"caption\":\"SupeinNihonto\"},\"image\":{\"@id\":\"https:\\\/\\\/www.supeinnihonto.com\\\/nl\\\/#\\\/schema\\\/logo\\\/image\\\/\"}}]}<\/script>\n<!-- \/ Yoast SEO plugin. -->","yoast_head_json":{"title":"N\u014d-masker Deikur\u014d - Supein Nihonto","description":"Gesneden houten masker uit het N\u014d-theater, gesigneerd Seiun (\u9759\u96f2), Sh\u014dwa-periode. Voorstelling van Deikur\u014d, een mythologische demon (oni).","robots":{"index":"index","follow":"follow","max-snippet":"max-snippet:-1","max-image-preview":"max-image-preview:large","max-video-preview":"max-video-preview:-1"},"canonical":"https:\/\/www.supeinnihonto.com\/nl\/product\/no-masker-deikuro\/","og_locale":"nl_NL","og_type":"article","og_title":"N\u014d-masker Deikur\u014d - Supein Nihonto","og_description":"Gesneden houten masker uit het N\u014d-theater, gesigneerd Seiun (\u9759\u96f2), Sh\u014dwa-periode. Voorstelling van Deikur\u014d, een mythologische demon (oni).","og_url":"https:\/\/www.supeinnihonto.com\/nl\/product\/no-masker-deikuro\/","og_site_name":"Supein Nihonto","article_modified_time":"2025-12-20T20:37:56+00:00","og_image":[{"width":2048,"height":1958,"url":"https:\/\/www.supeinnihonto.com\/wp-content\/uploads\/2024\/11\/GEO5972.webp","type":"image\/webp"}],"twitter_card":"summary_large_image","twitter_misc":{"Geschatte leestijd":"1 minuut"},"schema":{"@context":"https:\/\/schema.org","@graph":[{"@type":"WebPage","@id":"https:\/\/www.supeinnihonto.com\/nl\/product\/no-masker-deikuro\/","url":"https:\/\/www.supeinnihonto.com\/nl\/product\/no-masker-deikuro\/","name":"N\u014d-masker Deikur\u014d - Supein Nihonto","isPartOf":{"@id":"https:\/\/www.supeinnihonto.com\/nl\/#website"},"primaryImageOfPage":{"@id":"https:\/\/www.supeinnihonto.com\/nl\/product\/no-masker-deikuro\/#primaryimage"},"image":{"@id":"https:\/\/www.supeinnihonto.com\/nl\/product\/no-masker-deikuro\/#primaryimage"},"thumbnailUrl":"https:\/\/i0.wp.com\/www.supeinnihonto.com\/wp-content\/uploads\/2024\/11\/GEO5972.webp?fit=2048%2C1958&ssl=1","datePublished":"2024-11-07T08:38:29+00:00","dateModified":"2025-12-20T20:37:56+00:00","description":"Gesneden houten masker uit het N\u014d-theater, gesigneerd Seiun (\u9759\u96f2), Sh\u014dwa-periode. Voorstelling van Deikur\u014d, een mythologische demon (oni).","breadcrumb":{"@id":"https:\/\/www.supeinnihonto.com\/nl\/product\/no-masker-deikuro\/#breadcrumb"},"inLanguage":"nl-NL","potentialAction":[{"@type":"ReadAction","target":["https:\/\/www.supeinnihonto.com\/nl\/product\/no-masker-deikuro\/"]}]},{"@type":"ImageObject","inLanguage":"nl-NL","@id":"https:\/\/www.supeinnihonto.com\/nl\/product\/no-masker-deikuro\/#primaryimage","url":"https:\/\/i0.wp.com\/www.supeinnihonto.com\/wp-content\/uploads\/2024\/11\/GEO5972.webp?fit=2048%2C1958&ssl=1","contentUrl":"https:\/\/i0.wp.com\/www.supeinnihonto.com\/wp-content\/uploads\/2024\/11\/GEO5972.webp?fit=2048%2C1958&ssl=1","width":2048,"height":1958,"caption":"Noh mask Deikuro"},{"@type":"BreadcrumbList","@id":"https:\/\/www.supeinnihonto.com\/nl\/product\/no-masker-deikuro\/#breadcrumb","itemListElement":[{"@type":"ListItem","position":1,"name":"Portada","item":"https:\/\/www.supeinnihonto.com\/nl\/"},{"@type":"ListItem","position":2,"name":"Shop","item":"https:\/\/www.supeinnihonto.com\/nl\/shop\/"},{"@type":"ListItem","position":3,"name":"N\u014d-masker Deikur\u014d"}]},{"@type":"WebSite","@id":"https:\/\/www.supeinnihonto.com\/nl\/#website","url":"https:\/\/www.supeinnihonto.com\/nl\/","name":"Supein Nihonto","description":"Authentic japanese Nihonto katana ","publisher":{"@id":"https:\/\/www.supeinnihonto.com\/nl\/#organization"},"potentialAction":[{"@type":"SearchAction","target":{"@type":"EntryPoint","urlTemplate":"https:\/\/www.supeinnihonto.com\/nl\/?s={search_term_string}"},"query-input":{"@type":"PropertyValueSpecification","valueRequired":true,"valueName":"search_term_string"}}],"inLanguage":"nl-NL"},{"@type":"Organization","@id":"https:\/\/www.supeinnihonto.com\/nl\/#organization","name":"SupeinNihonto","url":"https:\/\/www.supeinnihonto.com\/nl\/","logo":{"@type":"ImageObject","inLanguage":"nl-NL","@id":"https:\/\/www.supeinnihonto.com\/nl\/#\/schema\/logo\/image\/","url":"https:\/\/www.supeinnihonto.com\/wp-content\/uploads\/2021\/11\/animation_Default_3szk0jcenoloop.gif","contentUrl":"https:\/\/www.supeinnihonto.com\/wp-content\/uploads\/2021\/11\/animation_Default_3szk0jcenoloop.gif","width":750,"height":641,"caption":"SupeinNihonto"},"image":{"@id":"https:\/\/www.supeinnihonto.com\/nl\/#\/schema\/logo\/image\/"}}]}},"jetpack-related-posts":[{"id":12564,"url":"https:\/\/www.supeinnihonto.com\/nl\/product\/no-masker-ikazuchi\/","url_meta":{"origin":12536,"position":0},"title":"N\u014d-masker Ikazuchi","author":"Eric Majo","date":"7 de november de 2024","format":false,"excerpt":"Gesneden houten masker uit het N\u014d-theater, Sh\u014dwa-periode. Gesigneerd Seiun (\u9759\u96f2). Voorstelling van Ikazuchi, afgebeeld als een oni (demon). Fantastische en ongebruikelijke kleurstelling. N\u014d-maskers maken al lange tijd integraal deel uit van Japanse religieuze rituelen, festivals en het theater. Zij stellen historische figuren en geesten voor, aangeduid als kami, die hun\u2026","rel":"","context":"Soortgelijk bericht","block_context":{"text":"Soortgelijk bericht","link":""},"img":{"alt_text":"Gesneden houten masker uit het N\u014d-theater, Sh\u014dwa-periode. Gesigneerd Seiun (\u9759\u96f2). Voorstelling van Ikazuchi, afgebeeld als een oni (demon).","src":"https:\/\/i0.wp.com\/www.supeinnihonto.com\/wp-content\/uploads\/2024\/11\/GEO9362.webp?fit=1200%2C980&ssl=1&resize=350%2C200","width":350,"height":200,"srcset":"https:\/\/i0.wp.com\/www.supeinnihonto.com\/wp-content\/uploads\/2024\/11\/GEO9362.webp?fit=1200%2C980&ssl=1&resize=350%2C200 1x, https:\/\/i0.wp.com\/www.supeinnihonto.com\/wp-content\/uploads\/2024\/11\/GEO9362.webp?fit=1200%2C980&ssl=1&resize=525%2C300 1.5x, https:\/\/i0.wp.com\/www.supeinnihonto.com\/wp-content\/uploads\/2024\/11\/GEO9362.webp?fit=1200%2C980&ssl=1&resize=700%2C400 2x, https:\/\/i0.wp.com\/www.supeinnihonto.com\/wp-content\/uploads\/2024\/11\/GEO9362.webp?fit=1200%2C980&ssl=1&resize=1050%2C600 3x"},"classes":[]},{"id":12756,"url":"https:\/\/www.supeinnihonto.com\/nl\/product\/no-masker-oto\/","url_meta":{"origin":12536,"position":1},"title":"N\u014d-masker Oto","author":"Eric Majo","date":"7 de november de 2024","format":false,"excerpt":"Gesneden houten masker uit het N\u014d-theater, Sh\u014dwa-periode. Gesigneerd Seiun (\u9759\u96f2). Voorstelling van Oto, een vrouwenmasker. Overmatig rond en met duidelijke kuiltjes vormt zij een volkse parodie van lagere rang op het verfijnde Ko-omote-masker binnen het N\u014d-theater. N\u014d-maskers maken al lange tijd integraal deel uit van Japanse religieuze rituelen, festivals en\u2026","rel":"","context":"Soortgelijk bericht","block_context":{"text":"Soortgelijk bericht","link":""},"img":{"alt_text":"oto noh mask","src":"https:\/\/i0.wp.com\/www.supeinnihonto.com\/wp-content\/uploads\/2024\/11\/GEO9333.jpg?fit=1200%2C921&ssl=1&resize=350%2C200","width":350,"height":200,"srcset":"https:\/\/i0.wp.com\/www.supeinnihonto.com\/wp-content\/uploads\/2024\/11\/GEO9333.jpg?fit=1200%2C921&ssl=1&resize=350%2C200 1x, https:\/\/i0.wp.com\/www.supeinnihonto.com\/wp-content\/uploads\/2024\/11\/GEO9333.jpg?fit=1200%2C921&ssl=1&resize=525%2C300 1.5x, https:\/\/i0.wp.com\/www.supeinnihonto.com\/wp-content\/uploads\/2024\/11\/GEO9333.jpg?fit=1200%2C921&ssl=1&resize=700%2C400 2x, https:\/\/i0.wp.com\/www.supeinnihonto.com\/wp-content\/uploads\/2024\/11\/GEO9333.jpg?fit=1200%2C921&ssl=1&resize=1050%2C600 3x"},"classes":[]},{"id":12772,"url":"https:\/\/www.supeinnihonto.com\/nl\/product\/no-masker-yaseonna\/","url_meta":{"origin":12536,"position":2},"title":"N\u014d-masker Yaseonna","author":"Eric Majo","date":"7 de november de 2024","format":false,"excerpt":"Gesneden houten masker uit het N\u014d-theater, Sh\u014dwa-periode. Gesigneerd Seiun (\u9759\u96f2). Voorstelling van de lijdende geest van een vrouw die is gestorven aan de problemen van een liefdesrelatie. N\u014d-maskers maken al lange tijd integraal deel uit van Japanse religieuze rituelen, festivals en het theater. Zij stellen historische figuren en geesten voor,\u2026","rel":"","context":"Soortgelijk bericht","block_context":{"text":"Soortgelijk bericht","link":""},"img":{"alt_text":"Noh mask Yaseonna","src":"https:\/\/i0.wp.com\/www.supeinnihonto.com\/wp-content\/uploads\/2024\/11\/GEO9306.webp?fit=1200%2C1107&ssl=1&resize=350%2C200","width":350,"height":200,"srcset":"https:\/\/i0.wp.com\/www.supeinnihonto.com\/wp-content\/uploads\/2024\/11\/GEO9306.webp?fit=1200%2C1107&ssl=1&resize=350%2C200 1x, https:\/\/i0.wp.com\/www.supeinnihonto.com\/wp-content\/uploads\/2024\/11\/GEO9306.webp?fit=1200%2C1107&ssl=1&resize=525%2C300 1.5x, https:\/\/i0.wp.com\/www.supeinnihonto.com\/wp-content\/uploads\/2024\/11\/GEO9306.webp?fit=1200%2C1107&ssl=1&resize=700%2C400 2x, https:\/\/i0.wp.com\/www.supeinnihonto.com\/wp-content\/uploads\/2024\/11\/GEO9306.webp?fit=1200%2C1107&ssl=1&resize=1050%2C600 3x"},"classes":[]},{"id":12764,"url":"https:\/\/www.supeinnihonto.com\/nl\/product\/no-masker-yoroboshi\/","url_meta":{"origin":12536,"position":3},"title":"N\u014d-masker Yoroboshi","author":"Eric Majo","date":"7 de november de 2024","format":false,"excerpt":"Gesneden houten masker uit het N\u014d-theater, Sh\u014dwa-periode. Gesigneerd Seiun (\u9759\u96f2). Voorstelling van Yoroboshi, een blinde monnik. N\u014d-maskers maken al lange tijd integraal deel uit van Japanse religieuze rituelen, festivals en het theater. Zij stellen historische figuren en geesten voor, aangeduid als kami, die hun oorsprong hebben in de inheemse geloofsovertuigingen\u2026","rel":"","context":"Soortgelijk bericht","block_context":{"text":"Soortgelijk bericht","link":""},"img":{"alt_text":"noh mask Yoroboshi","src":"https:\/\/i0.wp.com\/www.supeinnihonto.com\/wp-content\/uploads\/2024\/11\/GEO9320.jpg?fit=1200%2C799&ssl=1&resize=350%2C200","width":350,"height":200,"srcset":"https:\/\/i0.wp.com\/www.supeinnihonto.com\/wp-content\/uploads\/2024\/11\/GEO9320.jpg?fit=1200%2C799&ssl=1&resize=350%2C200 1x, https:\/\/i0.wp.com\/www.supeinnihonto.com\/wp-content\/uploads\/2024\/11\/GEO9320.jpg?fit=1200%2C799&ssl=1&resize=525%2C300 1.5x, https:\/\/i0.wp.com\/www.supeinnihonto.com\/wp-content\/uploads\/2024\/11\/GEO9320.jpg?fit=1200%2C799&ssl=1&resize=700%2C400 2x, https:\/\/i0.wp.com\/www.supeinnihonto.com\/wp-content\/uploads\/2024\/11\/GEO9320.jpg?fit=1200%2C799&ssl=1&resize=1050%2C600 3x"},"classes":[]},{"id":12528,"url":"https:\/\/www.supeinnihonto.com\/nl\/product\/noh-mask-beshimi-akujo\/","url_meta":{"origin":12536,"position":4},"title":"N\u014d-masker Beshimi Akujo.","author":"Eric Majo","date":"7 de november de 2024","format":false,"excerpt":"Gesneden houten masker uit het N\u014d-theater, gesigneerd Seiun (\u9759\u96f2), Sh\u014dwa-periode. Snijwerk van zeer hoge kwaliteit. In het algemeen betekent \u201cAku\u201d ondeugd of kwaad, maar in dit geval verwijst het naar een angstaanjagende woestheid. Het Beshimi-Akujo-masker wordt daarom begrepen als het gezicht van een oude, angstwekkende godheid. N\u014d-maskers maken al lange\u2026","rel":"","context":"Soortgelijk bericht","block_context":{"text":"Soortgelijk bericht","link":""},"img":{"alt_text":"Noh mask Beshimi Akujo","src":"https:\/\/i0.wp.com\/www.supeinnihonto.com\/wp-content\/uploads\/2024\/11\/GEO6018.webp?fit=1200%2C1096&ssl=1&resize=350%2C200","width":350,"height":200,"srcset":"https:\/\/i0.wp.com\/www.supeinnihonto.com\/wp-content\/uploads\/2024\/11\/GEO6018.webp?fit=1200%2C1096&ssl=1&resize=350%2C200 1x, https:\/\/i0.wp.com\/www.supeinnihonto.com\/wp-content\/uploads\/2024\/11\/GEO6018.webp?fit=1200%2C1096&ssl=1&resize=525%2C300 1.5x, https:\/\/i0.wp.com\/www.supeinnihonto.com\/wp-content\/uploads\/2024\/11\/GEO6018.webp?fit=1200%2C1096&ssl=1&resize=700%2C400 2x, https:\/\/i0.wp.com\/www.supeinnihonto.com\/wp-content\/uploads\/2024\/11\/GEO6018.webp?fit=1200%2C1096&ssl=1&resize=1050%2C600 3x"},"classes":[]},{"id":12552,"url":"https:\/\/www.supeinnihonto.com\/nl\/product\/no-masker-yoroboshi-met-doos\/","url_meta":{"origin":12536,"position":5},"title":"N\u014d-masker Yoroboshi met doos","author":"Eric Majo","date":"7 de november de 2024","format":false,"excerpt":"Gesneden houten masker uit het N\u014d-theater, Sh\u014dwa-periode. Gesigneerd Naohiro Kaneko en gedateerd 1957, met doos. Gesigneerd Japans N\u014d-masker dat Yoroboshi (blinde monnik) voorstelt. N\u014d-maskers maken al lange tijd integraal deel uit van Japanse religieuze rituelen, festivals en het theater. Zij stellen historische figuren en geesten voor, aangeduid als kami, die\u2026","rel":"","context":"Soortgelijk bericht","block_context":{"text":"Soortgelijk bericht","link":""},"img":{"alt_text":"Noh mask Yoroboshi with box","src":"https:\/\/i0.wp.com\/www.supeinnihonto.com\/wp-content\/uploads\/2024\/11\/GEO9415.webp?fit=1200%2C799&ssl=1&resize=350%2C200","width":350,"height":200,"srcset":"https:\/\/i0.wp.com\/www.supeinnihonto.com\/wp-content\/uploads\/2024\/11\/GEO9415.webp?fit=1200%2C799&ssl=1&resize=350%2C200 1x, https:\/\/i0.wp.com\/www.supeinnihonto.com\/wp-content\/uploads\/2024\/11\/GEO9415.webp?fit=1200%2C799&ssl=1&resize=525%2C300 1.5x, https:\/\/i0.wp.com\/www.supeinnihonto.com\/wp-content\/uploads\/2024\/11\/GEO9415.webp?fit=1200%2C799&ssl=1&resize=700%2C400 2x, https:\/\/i0.wp.com\/www.supeinnihonto.com\/wp-content\/uploads\/2024\/11\/GEO9415.webp?fit=1200%2C799&ssl=1&resize=1050%2C600 3x"},"classes":[]}],"jetpack_sharing_enabled":true,"_links":{"self":[{"href":"https:\/\/www.supeinnihonto.com\/nl\/wp-json\/wp\/v2\/product\/12536","targetHints":{"allow":["GET"]}}],"collection":[{"href":"https:\/\/www.supeinnihonto.com\/nl\/wp-json\/wp\/v2\/product"}],"about":[{"href":"https:\/\/www.supeinnihonto.com\/nl\/wp-json\/wp\/v2\/types\/product"}],"wp:featuredmedia":[{"embeddable":true,"href":"https:\/\/www.supeinnihonto.com\/nl\/wp-json\/wp\/v2\/media\/38746"}],"wp:attachment":[{"href":"https:\/\/www.supeinnihonto.com\/nl\/wp-json\/wp\/v2\/media?parent=12536"}],"wp:term":[{"taxonomy":"product_brand","embeddable":true,"href":"https:\/\/www.supeinnihonto.com\/nl\/wp-json\/wp\/v2\/product_brand?post=12536"},{"taxonomy":"product_cat","embeddable":true,"href":"https:\/\/www.supeinnihonto.com\/nl\/wp-json\/wp\/v2\/product_cat?post=12536"},{"taxonomy":"product_tag","embeddable":true,"href":"https:\/\/www.supeinnihonto.com\/nl\/wp-json\/wp\/v2\/product_tag?post=12536"}],"curies":[{"name":"wp","href":"https:\/\/api.w.org\/{rel}","templated":true}]}}