{"id":12340,"date":"2024-11-12T10:58:37","date_gmt":"2024-11-12T10:58:37","guid":{"rendered":"https:\/\/www.supeinnihonto.com\/product\/marugata-shakudo-samurai\/"},"modified":"2025-12-20T10:13:22","modified_gmt":"2025-12-20T10:13:22","slug":"marugata-shakudo-samurai","status":"publish","type":"product","link":"https:\/\/www.supeinnihonto.com\/nl\/product\/marugata-shakudo-samurai\/","title":{"rendered":"Marugata shakudo tsuba samurai"},"content":{"rendered":"<p data-start=\"6087\" data-end=\"6098\"><strong data-start=\"6087\" data-end=\"6096\">ITEM:<\/strong><\/p>\n<p data-start=\"6100\" data-end=\"6175\">Wordt geleverd met certificaat van Supein Nihonto. Inclusief houten doos.<\/p>\n<p data-start=\"6177\" data-end=\"6610\">Gesigneerd \u201cNara Naoyoshi\u201d, marugata-tsuba van k\u0101\u014d-shakud\u014d (legering van goud en koper). Een stuk van onge\u00ebvenaarde kwaliteit, waardig aan de beste musea ter wereld. De uitzonderlijke detaillering en het verfijnde snijwerk van dit prachtige object, dat een oorlogssc\u00e8ne van Dan no Ura voorstelt, zijn duidelijk zichtbaar. Ingelegd met koper, goud en zilver. Sublieme topkwaliteit voor deze kostbare tsuba, werkelijk het allerbeste.<\/p>\n<p data-start=\"6612\" data-end=\"6624\">7,2 \u00d7 7 cm<\/p>\n<p data-start=\"6626\" data-end=\"6641\"><strong data-start=\"6626\" data-end=\"6639\">OVER ONS:<\/strong><\/p>\n<p data-start=\"6643\" data-end=\"7988\">Bij Supein Nihonto streven wij ernaar om samurai-zwaarden en harnassen van hoge kwaliteit aan te bieden tegen prijzen die ver onder die van de concurrentie liggen. Wij zijn waarschijnlijk de grootste exporteur in Europa en zijn er trots op de <strong data-start=\"6886\" data-end=\"6912\">nummer \u00e9\u00e9n topverkoper<\/strong> te zijn in Samurai- en Japanse veilingen op Catawiki.<br data-start=\"6966\" data-end=\"6969\" \/>Dit is vooral belangrijk om belastingen en wachttijden te besparen, die bij Japanse verkopers meer dan vier maanden kunnen bedragen, evenals omslachtige en soms problematische procedures die de levering verder vertragen, zelfs tot het terugsturen van het pakket naar de afzender, met daarnaast meer dan 35 % extra kosten op de eindprijs door douane, heffingen en toeslagen, die de prijs verhogen maar niet de kwaliteit of de toekomstige doorverkoopwaarde.<br data-start=\"7424\" data-end=\"7427\" \/>Wij zijn professionele verkopers en bieden daarom een superieure tevredenheidsgarantie, expertise en normen, evenals een sterkere aftersales-service dan particuliere verkopers. Dankzij dit alles, onze zeer scherpe professionele prijzen en onze snelle en effici\u00ebnte verzendmethode \u2014 zelden meer dan drie dagen binnen Europa \u2014 zijn wij ervan overtuigd dat u deze unieke kans zult waarderen om een kunstwerk te bezitten dat in de loop der jaren in waarde zal stijgen en een uitstekende investering vormt. Vertrouw op ons om te genieten van de kunst van de samurai.<\/p>\n","protected":false},"excerpt":{"rendered":"<p>ITEM: Wordt geleverd met certificaat van Supein Nihonto. Inclusief houten doos. Gesigneerd \u201cNara Naoyoshi\u201d, marugata-tsuba van k\u0101\u014d-shakud\u014d (legering van goud en koper). Een stuk van onge\u00ebvenaarde kwaliteit, waardig aan de beste musea ter wereld. De uitzonderlijke detaillering en het verfijnde snijwerk van dit prachtige object, dat een oorlogssc\u00e8ne van Dan [&hellip;]<\/p>\n","protected":false},"featured_media":12341,"template":"","meta":{"jetpack_post_was_ever_published":false},"product_brand":[],"product_cat":[350,346],"product_tag":[451,455,467,621],"class_list":{"0":"post-12340","1":"product","2":"type-product","3":"status-publish","4":"has-post-thumbnail","6":"product_cat-tosogu","7":"product_cat-tsuba","8":"product_tag-hozon","9":"product_tag-katana","10":"product_tag-nbthk","11":"product_tag-tsuba","12":"product_shipping_class-light","14":"first","15":"instock","16":"featured","17":"sold-individually","18":"shipping-taxable","19":"purchasable","20":"product-type-simple"},"yoast_head":"<!-- This site is optimized with the Yoast SEO plugin v27.5 - https:\/\/yoast.com\/product\/yoast-seo-wordpress\/ -->\n<title>Marugata shakudo tsuba samurai - Supein Nihonto<\/title>\n<meta name=\"description\" content=\"Gesigneerd met een marugata-tsuba van kao-shakud\u014d (legering van goud en koper). Een stuk van onge\u00ebvenaarde kwaliteit, waardig aan de beste musea ter wereld. De uitzonderlijke kwaliteit van de detaillering en het snijwerk van dit prachtige object, dat een oorlogssc\u00e8ne van Dan no Ura voorstelt, is onmiddellijk zichtbaar. Ingelegd met koper, goud en zilver. Sublieme topkwaliteit voor deze kostbare tsuba, werkelijk het allerbeste.\" \/>\n<meta name=\"robots\" content=\"index, follow, max-snippet:-1, max-image-preview:large, max-video-preview:-1\" \/>\n<link rel=\"canonical\" href=\"https:\/\/www.supeinnihonto.com\/nl\/product\/marugata-shakudo-samurai\/\" \/>\n<meta property=\"og:locale\" content=\"nl_NL\" \/>\n<meta property=\"og:type\" content=\"article\" \/>\n<meta property=\"og:title\" content=\"Marugata shakudo tsuba samurai - Supein Nihonto\" \/>\n<meta property=\"og:description\" content=\"Gesigneerd met een marugata-tsuba van kao-shakud\u014d (legering van goud en koper). Een stuk van onge\u00ebvenaarde kwaliteit, waardig aan de beste musea ter wereld. De uitzonderlijke kwaliteit van de detaillering en het snijwerk van dit prachtige object, dat een oorlogssc\u00e8ne van Dan no Ura voorstelt, is onmiddellijk zichtbaar. Ingelegd met koper, goud en zilver. Sublieme topkwaliteit voor deze kostbare tsuba, werkelijk het allerbeste.\" \/>\n<meta property=\"og:url\" content=\"https:\/\/www.supeinnihonto.com\/nl\/product\/marugata-shakudo-samurai\/\" \/>\n<meta property=\"og:site_name\" content=\"Supein Nihonto\" \/>\n<meta property=\"article:modified_time\" content=\"2025-12-20T10:13:22+00:00\" \/>\n<meta property=\"og:image\" content=\"https:\/\/www.supeinnihonto.com\/wp-content\/uploads\/2024\/11\/DSC1956-scaled.jpg\" \/>\n\t<meta property=\"og:image:width\" content=\"2560\" \/>\n\t<meta property=\"og:image:height\" content=\"1707\" \/>\n\t<meta property=\"og:image:type\" content=\"image\/jpeg\" \/>\n<meta name=\"twitter:card\" content=\"summary_large_image\" \/>\n<meta name=\"twitter:label1\" content=\"Geschatte leestijd\" \/>\n\t<meta name=\"twitter:data1\" content=\"2 minuten\" \/>\n<script type=\"application\/ld+json\" class=\"yoast-schema-graph\">{\"@context\":\"https:\\\/\\\/schema.org\",\"@graph\":[{\"@type\":\"WebPage\",\"@id\":\"https:\\\/\\\/www.supeinnihonto.com\\\/nl\\\/product\\\/marugata-shakudo-samurai\\\/\",\"url\":\"https:\\\/\\\/www.supeinnihonto.com\\\/nl\\\/product\\\/marugata-shakudo-samurai\\\/\",\"name\":\"Marugata shakudo tsuba samurai - Supein Nihonto\",\"isPartOf\":{\"@id\":\"https:\\\/\\\/www.supeinnihonto.com\\\/nl\\\/#website\"},\"primaryImageOfPage\":{\"@id\":\"https:\\\/\\\/www.supeinnihonto.com\\\/nl\\\/product\\\/marugata-shakudo-samurai\\\/#primaryimage\"},\"image\":{\"@id\":\"https:\\\/\\\/www.supeinnihonto.com\\\/nl\\\/product\\\/marugata-shakudo-samurai\\\/#primaryimage\"},\"thumbnailUrl\":\"https:\\\/\\\/i0.wp.com\\\/www.supeinnihonto.com\\\/wp-content\\\/uploads\\\/2024\\\/11\\\/DSC1956-scaled.jpg?fit=2560%2C1707&ssl=1\",\"datePublished\":\"2024-11-12T10:58:37+00:00\",\"dateModified\":\"2025-12-20T10:13:22+00:00\",\"description\":\"Gesigneerd met een marugata-tsuba van kao-shakud\u014d (legering van goud en koper). Een stuk van onge\u00ebvenaarde kwaliteit, waardig aan de beste musea ter wereld. De uitzonderlijke kwaliteit van de detaillering en het snijwerk van dit prachtige object, dat een oorlogssc\u00e8ne van Dan no Ura voorstelt, is onmiddellijk zichtbaar. Ingelegd met koper, goud en zilver. Sublieme topkwaliteit voor deze kostbare tsuba, werkelijk het allerbeste.\",\"breadcrumb\":{\"@id\":\"https:\\\/\\\/www.supeinnihonto.com\\\/nl\\\/product\\\/marugata-shakudo-samurai\\\/#breadcrumb\"},\"inLanguage\":\"nl-NL\",\"potentialAction\":[{\"@type\":\"ReadAction\",\"target\":[\"https:\\\/\\\/www.supeinnihonto.com\\\/nl\\\/product\\\/marugata-shakudo-samurai\\\/\"]}]},{\"@type\":\"ImageObject\",\"inLanguage\":\"nl-NL\",\"@id\":\"https:\\\/\\\/www.supeinnihonto.com\\\/nl\\\/product\\\/marugata-shakudo-samurai\\\/#primaryimage\",\"url\":\"https:\\\/\\\/i0.wp.com\\\/www.supeinnihonto.com\\\/wp-content\\\/uploads\\\/2024\\\/11\\\/DSC1956-scaled.jpg?fit=2560%2C1707&ssl=1\",\"contentUrl\":\"https:\\\/\\\/i0.wp.com\\\/www.supeinnihonto.com\\\/wp-content\\\/uploads\\\/2024\\\/11\\\/DSC1956-scaled.jpg?fit=2560%2C1707&ssl=1\",\"width\":2560,\"height\":1707,\"caption\":\"Marugata shakudo tsuba samurai\"},{\"@type\":\"BreadcrumbList\",\"@id\":\"https:\\\/\\\/www.supeinnihonto.com\\\/nl\\\/product\\\/marugata-shakudo-samurai\\\/#breadcrumb\",\"itemListElement\":[{\"@type\":\"ListItem\",\"position\":1,\"name\":\"Portada\",\"item\":\"https:\\\/\\\/www.supeinnihonto.com\\\/nl\\\/\"},{\"@type\":\"ListItem\",\"position\":2,\"name\":\"Shop\",\"item\":\"https:\\\/\\\/www.supeinnihonto.com\\\/nl\\\/shop\\\/\"},{\"@type\":\"ListItem\",\"position\":3,\"name\":\"Marugata shakudo tsuba samurai\"}]},{\"@type\":\"WebSite\",\"@id\":\"https:\\\/\\\/www.supeinnihonto.com\\\/nl\\\/#website\",\"url\":\"https:\\\/\\\/www.supeinnihonto.com\\\/nl\\\/\",\"name\":\"Supein Nihonto\",\"description\":\"Authentic japanese Nihonto katana \",\"publisher\":{\"@id\":\"https:\\\/\\\/www.supeinnihonto.com\\\/nl\\\/#organization\"},\"potentialAction\":[{\"@type\":\"SearchAction\",\"target\":{\"@type\":\"EntryPoint\",\"urlTemplate\":\"https:\\\/\\\/www.supeinnihonto.com\\\/nl\\\/?s={search_term_string}\"},\"query-input\":{\"@type\":\"PropertyValueSpecification\",\"valueRequired\":true,\"valueName\":\"search_term_string\"}}],\"inLanguage\":\"nl-NL\"},{\"@type\":\"Organization\",\"@id\":\"https:\\\/\\\/www.supeinnihonto.com\\\/nl\\\/#organization\",\"name\":\"SupeinNihonto\",\"url\":\"https:\\\/\\\/www.supeinnihonto.com\\\/nl\\\/\",\"logo\":{\"@type\":\"ImageObject\",\"inLanguage\":\"nl-NL\",\"@id\":\"https:\\\/\\\/www.supeinnihonto.com\\\/nl\\\/#\\\/schema\\\/logo\\\/image\\\/\",\"url\":\"https:\\\/\\\/www.supeinnihonto.com\\\/wp-content\\\/uploads\\\/2021\\\/11\\\/animation_Default_3szk0jcenoloop.gif\",\"contentUrl\":\"https:\\\/\\\/www.supeinnihonto.com\\\/wp-content\\\/uploads\\\/2021\\\/11\\\/animation_Default_3szk0jcenoloop.gif\",\"width\":750,\"height\":641,\"caption\":\"SupeinNihonto\"},\"image\":{\"@id\":\"https:\\\/\\\/www.supeinnihonto.com\\\/nl\\\/#\\\/schema\\\/logo\\\/image\\\/\"}}]}<\/script>\n<!-- \/ Yoast SEO plugin. -->","yoast_head_json":{"title":"Marugata shakudo tsuba samurai - Supein Nihonto","description":"Gesigneerd met een marugata-tsuba van kao-shakud\u014d (legering van goud en koper). Een stuk van onge\u00ebvenaarde kwaliteit, waardig aan de beste musea ter wereld. De uitzonderlijke kwaliteit van de detaillering en het snijwerk van dit prachtige object, dat een oorlogssc\u00e8ne van Dan no Ura voorstelt, is onmiddellijk zichtbaar. Ingelegd met koper, goud en zilver. Sublieme topkwaliteit voor deze kostbare tsuba, werkelijk het allerbeste.","robots":{"index":"index","follow":"follow","max-snippet":"max-snippet:-1","max-image-preview":"max-image-preview:large","max-video-preview":"max-video-preview:-1"},"canonical":"https:\/\/www.supeinnihonto.com\/nl\/product\/marugata-shakudo-samurai\/","og_locale":"nl_NL","og_type":"article","og_title":"Marugata shakudo tsuba samurai - Supein Nihonto","og_description":"Gesigneerd met een marugata-tsuba van kao-shakud\u014d (legering van goud en koper). Een stuk van onge\u00ebvenaarde kwaliteit, waardig aan de beste musea ter wereld. De uitzonderlijke kwaliteit van de detaillering en het snijwerk van dit prachtige object, dat een oorlogssc\u00e8ne van Dan no Ura voorstelt, is onmiddellijk zichtbaar. Ingelegd met koper, goud en zilver. Sublieme topkwaliteit voor deze kostbare tsuba, werkelijk het allerbeste.","og_url":"https:\/\/www.supeinnihonto.com\/nl\/product\/marugata-shakudo-samurai\/","og_site_name":"Supein Nihonto","article_modified_time":"2025-12-20T10:13:22+00:00","og_image":[{"width":2560,"height":1707,"url":"https:\/\/www.supeinnihonto.com\/wp-content\/uploads\/2024\/11\/DSC1956-scaled.jpg","type":"image\/jpeg"}],"twitter_card":"summary_large_image","twitter_misc":{"Geschatte leestijd":"2 minuten"},"schema":{"@context":"https:\/\/schema.org","@graph":[{"@type":"WebPage","@id":"https:\/\/www.supeinnihonto.com\/nl\/product\/marugata-shakudo-samurai\/","url":"https:\/\/www.supeinnihonto.com\/nl\/product\/marugata-shakudo-samurai\/","name":"Marugata shakudo tsuba samurai - Supein Nihonto","isPartOf":{"@id":"https:\/\/www.supeinnihonto.com\/nl\/#website"},"primaryImageOfPage":{"@id":"https:\/\/www.supeinnihonto.com\/nl\/product\/marugata-shakudo-samurai\/#primaryimage"},"image":{"@id":"https:\/\/www.supeinnihonto.com\/nl\/product\/marugata-shakudo-samurai\/#primaryimage"},"thumbnailUrl":"https:\/\/i0.wp.com\/www.supeinnihonto.com\/wp-content\/uploads\/2024\/11\/DSC1956-scaled.jpg?fit=2560%2C1707&ssl=1","datePublished":"2024-11-12T10:58:37+00:00","dateModified":"2025-12-20T10:13:22+00:00","description":"Gesigneerd met een marugata-tsuba van kao-shakud\u014d (legering van goud en koper). Een stuk van onge\u00ebvenaarde kwaliteit, waardig aan de beste musea ter wereld. De uitzonderlijke kwaliteit van de detaillering en het snijwerk van dit prachtige object, dat een oorlogssc\u00e8ne van Dan no Ura voorstelt, is onmiddellijk zichtbaar. Ingelegd met koper, goud en zilver. Sublieme topkwaliteit voor deze kostbare tsuba, werkelijk het allerbeste.","breadcrumb":{"@id":"https:\/\/www.supeinnihonto.com\/nl\/product\/marugata-shakudo-samurai\/#breadcrumb"},"inLanguage":"nl-NL","potentialAction":[{"@type":"ReadAction","target":["https:\/\/www.supeinnihonto.com\/nl\/product\/marugata-shakudo-samurai\/"]}]},{"@type":"ImageObject","inLanguage":"nl-NL","@id":"https:\/\/www.supeinnihonto.com\/nl\/product\/marugata-shakudo-samurai\/#primaryimage","url":"https:\/\/i0.wp.com\/www.supeinnihonto.com\/wp-content\/uploads\/2024\/11\/DSC1956-scaled.jpg?fit=2560%2C1707&ssl=1","contentUrl":"https:\/\/i0.wp.com\/www.supeinnihonto.com\/wp-content\/uploads\/2024\/11\/DSC1956-scaled.jpg?fit=2560%2C1707&ssl=1","width":2560,"height":1707,"caption":"Marugata shakudo tsuba samurai"},{"@type":"BreadcrumbList","@id":"https:\/\/www.supeinnihonto.com\/nl\/product\/marugata-shakudo-samurai\/#breadcrumb","itemListElement":[{"@type":"ListItem","position":1,"name":"Portada","item":"https:\/\/www.supeinnihonto.com\/nl\/"},{"@type":"ListItem","position":2,"name":"Shop","item":"https:\/\/www.supeinnihonto.com\/nl\/shop\/"},{"@type":"ListItem","position":3,"name":"Marugata shakudo tsuba samurai"}]},{"@type":"WebSite","@id":"https:\/\/www.supeinnihonto.com\/nl\/#website","url":"https:\/\/www.supeinnihonto.com\/nl\/","name":"Supein Nihonto","description":"Authentic japanese Nihonto katana ","publisher":{"@id":"https:\/\/www.supeinnihonto.com\/nl\/#organization"},"potentialAction":[{"@type":"SearchAction","target":{"@type":"EntryPoint","urlTemplate":"https:\/\/www.supeinnihonto.com\/nl\/?s={search_term_string}"},"query-input":{"@type":"PropertyValueSpecification","valueRequired":true,"valueName":"search_term_string"}}],"inLanguage":"nl-NL"},{"@type":"Organization","@id":"https:\/\/www.supeinnihonto.com\/nl\/#organization","name":"SupeinNihonto","url":"https:\/\/www.supeinnihonto.com\/nl\/","logo":{"@type":"ImageObject","inLanguage":"nl-NL","@id":"https:\/\/www.supeinnihonto.com\/nl\/#\/schema\/logo\/image\/","url":"https:\/\/www.supeinnihonto.com\/wp-content\/uploads\/2021\/11\/animation_Default_3szk0jcenoloop.gif","contentUrl":"https:\/\/www.supeinnihonto.com\/wp-content\/uploads\/2021\/11\/animation_Default_3szk0jcenoloop.gif","width":750,"height":641,"caption":"SupeinNihonto"},"image":{"@id":"https:\/\/www.supeinnihonto.com\/nl\/#\/schema\/logo\/image\/"}}]}},"jetpack-related-posts":[{"id":12420,"url":"https:\/\/www.supeinnihonto.com\/nl\/product\/marugata-shakudo-tsuba-met-folkloristisch-motief\/","url_meta":{"origin":12340,"position":0},"title":"Marugata shakud\u014d-tsuba met folkloristisch motief","author":"ericmontero","date":"11 de november de 2024","format":false,"excerpt":"ITEM: Wordt geleverd met certificaat van Supein Nihonto. Prachtige marugata-tsuba van shakud\u014d uit de 18e\u201319e eeuw, met een fraai gesneden Japans folkloristisch motief en inleg van goud, koper en zilver. Een bijzonder mooi stuk. 8,2 \u00d7 7,8 cm OVER ONS: Bij Supein Nihonto streven wij ernaar om samurai-zwaarden en harnassen\u2026","rel":"","context":"Soortgelijk bericht","block_context":{"text":"Soortgelijk bericht","link":""},"img":{"alt_text":"Marugata shakudo folklore tsuba","src":"https:\/\/i0.wp.com\/www.supeinnihonto.com\/wp-content\/uploads\/2024\/11\/DSC1790-scaled.jpg?fit=1200%2C800&ssl=1&resize=350%2C200","width":350,"height":200,"srcset":"https:\/\/i0.wp.com\/www.supeinnihonto.com\/wp-content\/uploads\/2024\/11\/DSC1790-scaled.jpg?fit=1200%2C800&ssl=1&resize=350%2C200 1x, https:\/\/i0.wp.com\/www.supeinnihonto.com\/wp-content\/uploads\/2024\/11\/DSC1790-scaled.jpg?fit=1200%2C800&ssl=1&resize=525%2C300 1.5x, https:\/\/i0.wp.com\/www.supeinnihonto.com\/wp-content\/uploads\/2024\/11\/DSC1790-scaled.jpg?fit=1200%2C800&ssl=1&resize=700%2C400 2x, https:\/\/i0.wp.com\/www.supeinnihonto.com\/wp-content\/uploads\/2024\/11\/DSC1790-scaled.jpg?fit=1200%2C800&ssl=1&resize=1050%2C600 3x"},"classes":[]},{"id":12404,"url":"https:\/\/www.supeinnihonto.com\/nl\/product\/marugata-koperen-tsuba-met-koi-motief-nbthk-hozon-gecertificeerd\/","url_meta":{"origin":12340,"position":1},"title":"Marugata koperen tsuba met koi-motief, NBTHK Hozon-gecertificeerd","author":"Eric Majo","date":"11 de november de 2024","format":false,"excerpt":"ITEM: Wordt geleverd met certificaat van Supein Nihonto. Inclusief NBTHK Hozon-certificaat. Inclusief houten doos. Prachtige koperen tsuba uit de 19e eeuw, gesigneerd, met rand en reli\u00ebfs in shakud\u014d (legering van goud en koper), waarop een karper is afgebeeld met ogen ingelegd in goud. Een uniek kunstwerk.De koi-karper wordt in de\u2026","rel":"","context":"Soortgelijk bericht","block_context":{"text":"Soortgelijk bericht","link":""},"img":{"alt_text":"Marugata copper koi tsuba NBTHK hozon","src":"https:\/\/i0.wp.com\/www.supeinnihonto.com\/wp-content\/uploads\/2024\/11\/DSC1819-scaled.jpg?fit=1200%2C800&ssl=1&resize=350%2C200","width":350,"height":200,"srcset":"https:\/\/i0.wp.com\/www.supeinnihonto.com\/wp-content\/uploads\/2024\/11\/DSC1819-scaled.jpg?fit=1200%2C800&ssl=1&resize=350%2C200 1x, https:\/\/i0.wp.com\/www.supeinnihonto.com\/wp-content\/uploads\/2024\/11\/DSC1819-scaled.jpg?fit=1200%2C800&ssl=1&resize=525%2C300 1.5x, https:\/\/i0.wp.com\/www.supeinnihonto.com\/wp-content\/uploads\/2024\/11\/DSC1819-scaled.jpg?fit=1200%2C800&ssl=1&resize=700%2C400 2x, https:\/\/i0.wp.com\/www.supeinnihonto.com\/wp-content\/uploads\/2024\/11\/DSC1819-scaled.jpg?fit=1200%2C800&ssl=1&resize=1050%2C600 3x"},"classes":[]},{"id":45203,"url":"https:\/\/www.supeinnihonto.com\/nl\/product\/marugata-koperen-tsuba-met-koi-motief-nbthk-hozon-gecertificeerd-6\/","url_meta":{"origin":12340,"position":2},"title":"Marugata koperen tsuba met koi-motief, NBTHK Hozon-gecertificeerd","author":"Eric Majo","date":"1 de maart de 2026","format":false,"excerpt":"ITEM: Wordt geleverd met certificaat van Supein Nihonto. Inclusief NBTHK Hozon-certificaat. Inclusief houten doos. Prachtige koperen tsuba uit de 19e eeuw, gesigneerd, met rand en reli\u00ebfs in shakud\u014d (legering van goud en koper), waarop een karper is afgebeeld met ogen ingelegd in goud. Een uniek kunstwerk.De koi-karper wordt in de\u2026","rel":"","context":"Soortgelijk bericht","block_context":{"text":"Soortgelijk bericht","link":""},"img":{"alt_text":"Dragon tsuba a vendre","src":"https:\/\/i0.wp.com\/www.supeinnihonto.com\/wp-content\/uploads\/2026\/03\/DSC_6473-scaled.jpg?fit=1200%2C800&ssl=1&resize=350%2C200","width":350,"height":200,"srcset":"https:\/\/i0.wp.com\/www.supeinnihonto.com\/wp-content\/uploads\/2026\/03\/DSC_6473-scaled.jpg?fit=1200%2C800&ssl=1&resize=350%2C200 1x, https:\/\/i0.wp.com\/www.supeinnihonto.com\/wp-content\/uploads\/2026\/03\/DSC_6473-scaled.jpg?fit=1200%2C800&ssl=1&resize=525%2C300 1.5x, https:\/\/i0.wp.com\/www.supeinnihonto.com\/wp-content\/uploads\/2026\/03\/DSC_6473-scaled.jpg?fit=1200%2C800&ssl=1&resize=700%2C400 2x, https:\/\/i0.wp.com\/www.supeinnihonto.com\/wp-content\/uploads\/2026\/03\/DSC_6473-scaled.jpg?fit=1200%2C800&ssl=1&resize=1050%2C600 3x"},"classes":[]},{"id":45249,"url":"https:\/\/www.supeinnihonto.com\/nl\/product\/marugata-koperen-tsuba-met-koi-motief-nbthk-hozon-gecertificeerd-3\/","url_meta":{"origin":12340,"position":3},"title":"Marugata koperen tsuba met koi-motief, NBTHK Hozon-gecertificeerd","author":"Eric Majo","date":"1 de maart de 2026","format":false,"excerpt":"ITEM: Wordt geleverd met certificaat van Supein Nihonto. Inclusief NBTHK Hozon-certificaat. Inclusief houten doos. Prachtige koperen tsuba uit de 19e eeuw, gesigneerd, met rand en reli\u00ebfs in shakud\u014d (legering van goud en koper), waarop een karper is afgebeeld met ogen ingelegd in goud. Een uniek kunstwerk.De koi-karper wordt in de\u2026","rel":"","context":"Soortgelijk bericht","block_context":{"text":"Soortgelijk bericht","link":""},"img":{"alt_text":"Tsuba koi Meiji period","src":"https:\/\/i0.wp.com\/www.supeinnihonto.com\/wp-content\/uploads\/2026\/03\/DSC_6545-scaled.jpg?fit=1200%2C800&ssl=1&resize=350%2C200","width":350,"height":200,"srcset":"https:\/\/i0.wp.com\/www.supeinnihonto.com\/wp-content\/uploads\/2026\/03\/DSC_6545-scaled.jpg?fit=1200%2C800&ssl=1&resize=350%2C200 1x, https:\/\/i0.wp.com\/www.supeinnihonto.com\/wp-content\/uploads\/2026\/03\/DSC_6545-scaled.jpg?fit=1200%2C800&ssl=1&resize=525%2C300 1.5x, https:\/\/i0.wp.com\/www.supeinnihonto.com\/wp-content\/uploads\/2026\/03\/DSC_6545-scaled.jpg?fit=1200%2C800&ssl=1&resize=700%2C400 2x, https:\/\/i0.wp.com\/www.supeinnihonto.com\/wp-content\/uploads\/2026\/03\/DSC_6545-scaled.jpg?fit=1200%2C800&ssl=1&resize=1050%2C600 3x"},"classes":[]},{"id":45068,"url":"https:\/\/www.supeinnihonto.com\/nl\/product\/marugata-koperen-tsuba-met-koi-motief-nbthk-hozon-gecertificeerd-12\/","url_meta":{"origin":12340,"position":4},"title":"Marugata koperen tsuba met koi-motief, NBTHK Hozon-gecertificeerd","author":"Eric Majo","date":"1 de maart de 2026","format":false,"excerpt":"ITEM: Wordt geleverd met certificaat van Supein Nihonto. Inclusief NBTHK Hozon-certificaat. Inclusief houten doos. Prachtige koperen tsuba uit de 19e eeuw, gesigneerd, met rand en reli\u00ebfs in shakud\u014d (legering van goud en koper), waarop een karper is afgebeeld met ogen ingelegd in goud. Een uniek kunstwerk.De koi-karper wordt in de\u2026","rel":"","context":"Soortgelijk bericht","block_context":{"text":"Soortgelijk bericht","link":""},"img":{"alt_text":"sold","src":"https:\/\/i0.wp.com\/www.supeinnihonto.com\/wp-content\/uploads\/2024\/02\/logo-sold-scaled.png?fit=1200%2C720&ssl=1&resize=350%2C200","width":350,"height":200,"srcset":"https:\/\/i0.wp.com\/www.supeinnihonto.com\/wp-content\/uploads\/2024\/02\/logo-sold-scaled.png?fit=1200%2C720&ssl=1&resize=350%2C200 1x, https:\/\/i0.wp.com\/www.supeinnihonto.com\/wp-content\/uploads\/2024\/02\/logo-sold-scaled.png?fit=1200%2C720&ssl=1&resize=525%2C300 1.5x, https:\/\/i0.wp.com\/www.supeinnihonto.com\/wp-content\/uploads\/2024\/02\/logo-sold-scaled.png?fit=1200%2C720&ssl=1&resize=700%2C400 2x, https:\/\/i0.wp.com\/www.supeinnihonto.com\/wp-content\/uploads\/2024\/02\/logo-sold-scaled.png?fit=1200%2C720&ssl=1&resize=1050%2C600 3x"},"classes":[]},{"id":45084,"url":"https:\/\/www.supeinnihonto.com\/nl\/product\/marugata-koperen-tsuba-met-koi-motief-nbthk-hozon-gecertificeerd-11\/","url_meta":{"origin":12340,"position":5},"title":"Marugata koperen tsuba met koi-motief, NBTHK Hozon-gecertificeerd","author":"Eric Majo","date":"1 de maart de 2026","format":false,"excerpt":"ITEM: Wordt geleverd met certificaat van Supein Nihonto. Inclusief NBTHK Hozon-certificaat. Inclusief houten doos. Prachtige koperen tsuba uit de 19e eeuw, gesigneerd, met rand en reli\u00ebfs in shakud\u014d (legering van goud en koper), waarop een karper is afgebeeld met ogen ingelegd in goud. Een uniek kunstwerk.De koi-karper wordt in de\u2026","rel":"","context":"Soortgelijk bericht","block_context":{"text":"Soortgelijk bericht","link":""},"img":{"alt_text":"Sukashi iron tusba for sale","src":"https:\/\/i0.wp.com\/www.supeinnihonto.com\/wp-content\/uploads\/2026\/03\/DSC_6410-scaled.jpg?fit=1200%2C800&ssl=1&resize=350%2C200","width":350,"height":200,"srcset":"https:\/\/i0.wp.com\/www.supeinnihonto.com\/wp-content\/uploads\/2026\/03\/DSC_6410-scaled.jpg?fit=1200%2C800&ssl=1&resize=350%2C200 1x, https:\/\/i0.wp.com\/www.supeinnihonto.com\/wp-content\/uploads\/2026\/03\/DSC_6410-scaled.jpg?fit=1200%2C800&ssl=1&resize=525%2C300 1.5x, https:\/\/i0.wp.com\/www.supeinnihonto.com\/wp-content\/uploads\/2026\/03\/DSC_6410-scaled.jpg?fit=1200%2C800&ssl=1&resize=700%2C400 2x, https:\/\/i0.wp.com\/www.supeinnihonto.com\/wp-content\/uploads\/2026\/03\/DSC_6410-scaled.jpg?fit=1200%2C800&ssl=1&resize=1050%2C600 3x"},"classes":[]}],"jetpack_sharing_enabled":true,"_links":{"self":[{"href":"https:\/\/www.supeinnihonto.com\/nl\/wp-json\/wp\/v2\/product\/12340","targetHints":{"allow":["GET"]}}],"collection":[{"href":"https:\/\/www.supeinnihonto.com\/nl\/wp-json\/wp\/v2\/product"}],"about":[{"href":"https:\/\/www.supeinnihonto.com\/nl\/wp-json\/wp\/v2\/types\/product"}],"wp:featuredmedia":[{"embeddable":true,"href":"https:\/\/www.supeinnihonto.com\/nl\/wp-json\/wp\/v2\/media\/12341"}],"wp:attachment":[{"href":"https:\/\/www.supeinnihonto.com\/nl\/wp-json\/wp\/v2\/media?parent=12340"}],"wp:term":[{"taxonomy":"product_brand","embeddable":true,"href":"https:\/\/www.supeinnihonto.com\/nl\/wp-json\/wp\/v2\/product_brand?post=12340"},{"taxonomy":"product_cat","embeddable":true,"href":"https:\/\/www.supeinnihonto.com\/nl\/wp-json\/wp\/v2\/product_cat?post=12340"},{"taxonomy":"product_tag","embeddable":true,"href":"https:\/\/www.supeinnihonto.com\/nl\/wp-json\/wp\/v2\/product_tag?post=12340"}],"curies":[{"name":"wp","href":"https:\/\/api.w.org\/{rel}","templated":true}]}}