{"id":11902,"date":"2025-04-15T12:29:19","date_gmt":"2025-04-15T12:29:19","guid":{"rendered":"https:\/\/www.supeinnihonto.com\/product\/yoroi-gold-and-orange\/"},"modified":"2025-12-13T22:30:42","modified_gmt":"2025-12-13T22:30:42","slug":"yoroi-gold-and-orange","status":"publish","type":"product","link":"https:\/\/www.supeinnihonto.com\/nl\/product\/yoroi-gold-and-orange\/","title":{"rendered":"Yoroi gold and Orange"},"content":{"rendered":"<p><em><strong>About US:<\/strong><\/em><\/p>\n<p>Our photographs are taken without retouching or photoshop to ensure that the customer can judge the reality of the object.<\/p>\n<p>Thanks to a constant work directly with the best collectors, museums and galleries in Japan and friendship with them, along with a profit margin much lower than the European competition we can offer objects so that many people can choose to have authentic pieces with hundreds of years at more than competitive prices. After all, samurai art is our passion and we want to share it with the world.<\/p>\n<p><em><strong>About The armor: <\/strong><\/em><\/p>\n<p><span>It Comes with certificate of SupeinNihonto.<\/span><\/p>\n<p><span>Impressive and very tall Edo period armour (circa 1750) in very good condition. Elegant and colourful armour with lots of decorative elements like the beautiful dragon maedate, covered in gold leaf and red lacquer. Gold plated parts. These pieces were very expensive and denoted a high status so they are highly prized among collectors. It retains all the elements including the fan which was used to send orders to the front. This type of armour was not worn by mere samurai but commonly belonged to daimyos or feudal lords who commanded part of the armies under their command. That is why they were so colourful and large in size, offering higher protection than gusoku. While gusoku were made for fighting on foot, the origin of yoroi like these was to fight on horseback. The large sode or shoulder pads were designed to be used as shields against arrows.A beautiful piece for any collector of Japanese art. Includes its antique very huge box for transport and exhibition and a stand to assemble the armor.<\/span><\/p>\n<p>This exclusive piece is making it an incredible opportunity for any collector of Japanese, war or simply historical art to get their hands on a piece that will attract attention wherever it is displayed, from offices, to private homes, offices or restaurants and will give a regal look to any place. The armour has gilded details that show the quality of the piece. The incredible workmanship accentuates such ornate pieces as the kabuto, the mempo and the Do. The stand to assemble it and the box are included. This armour is sure to delight any collector of Asian art and will be the focal point of any visitor&#8217;s home, shop or office. There is a very ancient object and there are damaged by time and tears. Due to the delicacy of continuous assembly and disassembly, returns are not allowed on old armor.<\/p>\n<p>&nbsp;<\/p>\n","protected":false},"excerpt":{"rendered":"<p>About US: Our photographs are taken without retouching or photoshop to ensure that the customer can judge the reality of the object. Thanks to a constant work directly with the best collectors, museums and galleries in Japan and friendship with them, along with a profit margin much lower than the [&hellip;]<\/p>\n","protected":false},"featured_media":10951,"template":"","meta":{"jetpack_post_was_ever_published":false},"product_brand":[],"product_cat":[240,239],"product_tag":[242,244,243],"class_list":{"0":"post-11902","1":"product","2":"type-product","3":"status-publish","4":"has-post-thumbnail","6":"product_cat-gusoku-yoroi","7":"product_cat-harnas","8":"product_tag-edo","9":"product_tag-ijzer","10":"product_tag-yoroi","11":"product_shipping_class-zwaar","13":"first","14":"outofstock","15":"sold-individually","16":"shipping-taxable","17":"purchasable","18":"product-type-simple"},"yoast_head":"<!-- This site is optimized with the Yoast SEO plugin v27.3 - https:\/\/yoast.com\/product\/yoast-seo-wordpress\/ -->\n<title>Yoroi gold and Orange - Supein Nihonto<\/title>\n<meta name=\"robots\" content=\"index, follow, max-snippet:-1, max-image-preview:large, max-video-preview:-1\" \/>\n<link rel=\"canonical\" href=\"https:\/\/www.supeinnihonto.com\/nl\/product\/yoroi-gold-and-orange\/\" \/>\n<meta property=\"og:locale\" content=\"nl_NL\" \/>\n<meta property=\"og:type\" content=\"article\" \/>\n<meta property=\"og:title\" content=\"Yoroi gold and Orange - Supein Nihonto\" \/>\n<meta property=\"og:description\" content=\"About US: Our photographs are taken without retouching or photoshop to ensure that the customer can judge the reality of the object. Thanks to a constant work directly with the best collectors, museums and galleries in Japan and friendship with them, along with a profit margin much lower than the [&hellip;]\" \/>\n<meta property=\"og:url\" content=\"https:\/\/www.supeinnihonto.com\/nl\/product\/yoroi-gold-and-orange\/\" \/>\n<meta property=\"og:site_name\" content=\"Supein Nihonto\" \/>\n<meta property=\"article:modified_time\" content=\"2025-12-13T22:30:42+00:00\" \/>\n<meta name=\"twitter:card\" content=\"summary_large_image\" \/>\n<meta name=\"twitter:label1\" content=\"Geschatte leestijd\" \/>\n\t<meta name=\"twitter:data1\" content=\"2 minuten\" \/>\n<script type=\"application\/ld+json\" class=\"yoast-schema-graph\">{\"@context\":\"https:\\\/\\\/schema.org\",\"@graph\":[{\"@type\":\"WebPage\",\"@id\":\"https:\\\/\\\/www.supeinnihonto.com\\\/nl\\\/product\\\/yoroi-gold-and-orange\\\/\",\"url\":\"https:\\\/\\\/www.supeinnihonto.com\\\/nl\\\/product\\\/yoroi-gold-and-orange\\\/\",\"name\":\"Yoroi gold and Orange - Supein Nihonto\",\"isPartOf\":{\"@id\":\"https:\\\/\\\/www.supeinnihonto.com\\\/nl\\\/#website\"},\"primaryImageOfPage\":{\"@id\":\"https:\\\/\\\/www.supeinnihonto.com\\\/nl\\\/product\\\/yoroi-gold-and-orange\\\/#primaryimage\"},\"image\":{\"@id\":\"https:\\\/\\\/www.supeinnihonto.com\\\/nl\\\/product\\\/yoroi-gold-and-orange\\\/#primaryimage\"},\"thumbnailUrl\":\"https:\\\/\\\/i0.wp.com\\\/www.supeinnihonto.com\\\/wp-content\\\/uploads\\\/2024\\\/02\\\/logo-sold-scaled.png?fit=3125%2C1875&ssl=1\",\"datePublished\":\"2025-04-15T12:29:19+00:00\",\"dateModified\":\"2025-12-13T22:30:42+00:00\",\"breadcrumb\":{\"@id\":\"https:\\\/\\\/www.supeinnihonto.com\\\/nl\\\/product\\\/yoroi-gold-and-orange\\\/#breadcrumb\"},\"inLanguage\":\"nl-NL\",\"potentialAction\":[{\"@type\":\"ReadAction\",\"target\":[\"https:\\\/\\\/www.supeinnihonto.com\\\/nl\\\/product\\\/yoroi-gold-and-orange\\\/\"]}]},{\"@type\":\"ImageObject\",\"inLanguage\":\"nl-NL\",\"@id\":\"https:\\\/\\\/www.supeinnihonto.com\\\/nl\\\/product\\\/yoroi-gold-and-orange\\\/#primaryimage\",\"url\":\"https:\\\/\\\/i0.wp.com\\\/www.supeinnihonto.com\\\/wp-content\\\/uploads\\\/2024\\\/02\\\/logo-sold-scaled.png?fit=3125%2C1875&ssl=1\",\"contentUrl\":\"https:\\\/\\\/i0.wp.com\\\/www.supeinnihonto.com\\\/wp-content\\\/uploads\\\/2024\\\/02\\\/logo-sold-scaled.png?fit=3125%2C1875&ssl=1\",\"width\":3125,\"height\":1875,\"caption\":\"sold\"},{\"@type\":\"BreadcrumbList\",\"@id\":\"https:\\\/\\\/www.supeinnihonto.com\\\/nl\\\/product\\\/yoroi-gold-and-orange\\\/#breadcrumb\",\"itemListElement\":[{\"@type\":\"ListItem\",\"position\":1,\"name\":\"Portada\",\"item\":\"https:\\\/\\\/www.supeinnihonto.com\\\/nl\\\/\"},{\"@type\":\"ListItem\",\"position\":2,\"name\":\"Shop\",\"item\":\"https:\\\/\\\/www.supeinnihonto.com\\\/nl\\\/shop\\\/\"},{\"@type\":\"ListItem\",\"position\":3,\"name\":\"Yoroi gold and Orange\"}]},{\"@type\":\"WebSite\",\"@id\":\"https:\\\/\\\/www.supeinnihonto.com\\\/nl\\\/#website\",\"url\":\"https:\\\/\\\/www.supeinnihonto.com\\\/nl\\\/\",\"name\":\"Supein Nihonto\",\"description\":\"Authentic japanese Nihonto katana \",\"publisher\":{\"@id\":\"https:\\\/\\\/www.supeinnihonto.com\\\/nl\\\/#organization\"},\"potentialAction\":[{\"@type\":\"SearchAction\",\"target\":{\"@type\":\"EntryPoint\",\"urlTemplate\":\"https:\\\/\\\/www.supeinnihonto.com\\\/nl\\\/?s={search_term_string}\"},\"query-input\":{\"@type\":\"PropertyValueSpecification\",\"valueRequired\":true,\"valueName\":\"search_term_string\"}}],\"inLanguage\":\"nl-NL\"},{\"@type\":\"Organization\",\"@id\":\"https:\\\/\\\/www.supeinnihonto.com\\\/nl\\\/#organization\",\"name\":\"SupeinNihonto\",\"url\":\"https:\\\/\\\/www.supeinnihonto.com\\\/nl\\\/\",\"logo\":{\"@type\":\"ImageObject\",\"inLanguage\":\"nl-NL\",\"@id\":\"https:\\\/\\\/www.supeinnihonto.com\\\/nl\\\/#\\\/schema\\\/logo\\\/image\\\/\",\"url\":\"https:\\\/\\\/www.supeinnihonto.com\\\/wp-content\\\/uploads\\\/2021\\\/11\\\/animation_Default_3szk0jcenoloop.gif\",\"contentUrl\":\"https:\\\/\\\/www.supeinnihonto.com\\\/wp-content\\\/uploads\\\/2021\\\/11\\\/animation_Default_3szk0jcenoloop.gif\",\"width\":750,\"height\":641,\"caption\":\"SupeinNihonto\"},\"image\":{\"@id\":\"https:\\\/\\\/www.supeinnihonto.com\\\/nl\\\/#\\\/schema\\\/logo\\\/image\\\/\"}}]}<\/script>\n<!-- \/ Yoast SEO plugin. -->","yoast_head_json":{"title":"Yoroi gold and Orange - Supein Nihonto","robots":{"index":"index","follow":"follow","max-snippet":"max-snippet:-1","max-image-preview":"max-image-preview:large","max-video-preview":"max-video-preview:-1"},"canonical":"https:\/\/www.supeinnihonto.com\/nl\/product\/yoroi-gold-and-orange\/","og_locale":"nl_NL","og_type":"article","og_title":"Yoroi gold and Orange - Supein Nihonto","og_description":"About US: Our photographs are taken without retouching or photoshop to ensure that the customer can judge the reality of the object. Thanks to a constant work directly with the best collectors, museums and galleries in Japan and friendship with them, along with a profit margin much lower than the [&hellip;]","og_url":"https:\/\/www.supeinnihonto.com\/nl\/product\/yoroi-gold-and-orange\/","og_site_name":"Supein Nihonto","article_modified_time":"2025-12-13T22:30:42+00:00","twitter_card":"summary_large_image","twitter_misc":{"Geschatte leestijd":"2 minuten"},"schema":{"@context":"https:\/\/schema.org","@graph":[{"@type":"WebPage","@id":"https:\/\/www.supeinnihonto.com\/nl\/product\/yoroi-gold-and-orange\/","url":"https:\/\/www.supeinnihonto.com\/nl\/product\/yoroi-gold-and-orange\/","name":"Yoroi gold and Orange - Supein Nihonto","isPartOf":{"@id":"https:\/\/www.supeinnihonto.com\/nl\/#website"},"primaryImageOfPage":{"@id":"https:\/\/www.supeinnihonto.com\/nl\/product\/yoroi-gold-and-orange\/#primaryimage"},"image":{"@id":"https:\/\/www.supeinnihonto.com\/nl\/product\/yoroi-gold-and-orange\/#primaryimage"},"thumbnailUrl":"https:\/\/i0.wp.com\/www.supeinnihonto.com\/wp-content\/uploads\/2024\/02\/logo-sold-scaled.png?fit=3125%2C1875&ssl=1","datePublished":"2025-04-15T12:29:19+00:00","dateModified":"2025-12-13T22:30:42+00:00","breadcrumb":{"@id":"https:\/\/www.supeinnihonto.com\/nl\/product\/yoroi-gold-and-orange\/#breadcrumb"},"inLanguage":"nl-NL","potentialAction":[{"@type":"ReadAction","target":["https:\/\/www.supeinnihonto.com\/nl\/product\/yoroi-gold-and-orange\/"]}]},{"@type":"ImageObject","inLanguage":"nl-NL","@id":"https:\/\/www.supeinnihonto.com\/nl\/product\/yoroi-gold-and-orange\/#primaryimage","url":"https:\/\/i0.wp.com\/www.supeinnihonto.com\/wp-content\/uploads\/2024\/02\/logo-sold-scaled.png?fit=3125%2C1875&ssl=1","contentUrl":"https:\/\/i0.wp.com\/www.supeinnihonto.com\/wp-content\/uploads\/2024\/02\/logo-sold-scaled.png?fit=3125%2C1875&ssl=1","width":3125,"height":1875,"caption":"sold"},{"@type":"BreadcrumbList","@id":"https:\/\/www.supeinnihonto.com\/nl\/product\/yoroi-gold-and-orange\/#breadcrumb","itemListElement":[{"@type":"ListItem","position":1,"name":"Portada","item":"https:\/\/www.supeinnihonto.com\/nl\/"},{"@type":"ListItem","position":2,"name":"Shop","item":"https:\/\/www.supeinnihonto.com\/nl\/shop\/"},{"@type":"ListItem","position":3,"name":"Yoroi gold and Orange"}]},{"@type":"WebSite","@id":"https:\/\/www.supeinnihonto.com\/nl\/#website","url":"https:\/\/www.supeinnihonto.com\/nl\/","name":"Supein Nihonto","description":"Authentic japanese Nihonto katana ","publisher":{"@id":"https:\/\/www.supeinnihonto.com\/nl\/#organization"},"potentialAction":[{"@type":"SearchAction","target":{"@type":"EntryPoint","urlTemplate":"https:\/\/www.supeinnihonto.com\/nl\/?s={search_term_string}"},"query-input":{"@type":"PropertyValueSpecification","valueRequired":true,"valueName":"search_term_string"}}],"inLanguage":"nl-NL"},{"@type":"Organization","@id":"https:\/\/www.supeinnihonto.com\/nl\/#organization","name":"SupeinNihonto","url":"https:\/\/www.supeinnihonto.com\/nl\/","logo":{"@type":"ImageObject","inLanguage":"nl-NL","@id":"https:\/\/www.supeinnihonto.com\/nl\/#\/schema\/logo\/image\/","url":"https:\/\/www.supeinnihonto.com\/wp-content\/uploads\/2021\/11\/animation_Default_3szk0jcenoloop.gif","contentUrl":"https:\/\/www.supeinnihonto.com\/wp-content\/uploads\/2021\/11\/animation_Default_3szk0jcenoloop.gif","width":750,"height":641,"caption":"SupeinNihonto"},"image":{"@id":"https:\/\/www.supeinnihonto.com\/nl\/#\/schema\/logo\/image\/"}}]}},"jetpack-related-posts":[{"id":11904,"url":"https:\/\/www.supeinnihonto.com\/de\/produkt\/yoroi-gold-and-orange\/","url_meta":{"origin":11902,"position":0},"title":"Yoroi Gold und Orange","author":"Eric Majo","date":"15 de april de 2025","format":false,"excerpt":"\u00dcber uns: Unsere Fotografien werden ohne Retusche oder Photoshop aufgenommen, um sicherzustellen, dass der Kunde die Realit\u00e4t des Objekts beurteilen kann. Dank der st\u00e4ndigen Zusammenarbeit direkt mit den besten Sammlern, Museen und Galerien in Japan sowie der Freundschaft zu ihnen und einer Gewinnspanne, die deutlich unter der europ\u00e4ischen Konkurrenz liegt,\u2026","rel":"","context":"Soortgelijk bericht","block_context":{"text":"Soortgelijk bericht","link":""},"img":{"alt_text":"sold","src":"https:\/\/i0.wp.com\/www.supeinnihonto.com\/wp-content\/uploads\/2024\/02\/logo-sold-scaled.png?fit=1200%2C720&ssl=1&resize=350%2C200","width":350,"height":200,"srcset":"https:\/\/i0.wp.com\/www.supeinnihonto.com\/wp-content\/uploads\/2024\/02\/logo-sold-scaled.png?fit=1200%2C720&ssl=1&resize=350%2C200 1x, https:\/\/i0.wp.com\/www.supeinnihonto.com\/wp-content\/uploads\/2024\/02\/logo-sold-scaled.png?fit=1200%2C720&ssl=1&resize=525%2C300 1.5x, https:\/\/i0.wp.com\/www.supeinnihonto.com\/wp-content\/uploads\/2024\/02\/logo-sold-scaled.png?fit=1200%2C720&ssl=1&resize=700%2C400 2x, https:\/\/i0.wp.com\/www.supeinnihonto.com\/wp-content\/uploads\/2024\/02\/logo-sold-scaled.png?fit=1200%2C720&ssl=1&resize=1050%2C600 3x"},"classes":[]},{"id":11903,"url":"https:\/\/www.supeinnihonto.com\/fr\/produit\/yoroi-gold-and-orange\/","url_meta":{"origin":11902,"position":1},"title":"Or Yoroi et orange","author":"Eric Majo","date":"15 de april de 2025","format":false,"excerpt":"\u00c0 propos de nous : Nos photographies sont prises sans retouche ni photoshop afin de garantir que le client puisse juger de la r\u00e9alit\u00e9 de l\u2019objet. Gr\u00e2ce \u00e0 un travail constant directement avec les meilleurs collectionneurs, mus\u00e9es et galeries au Japon et \u00e0 notre amiti\u00e9 avec eux, ainsi qu\u2019\u00e0 une\u2026","rel":"","context":"Soortgelijk bericht","block_context":{"text":"Soortgelijk bericht","link":""},"img":{"alt_text":"sold","src":"https:\/\/i0.wp.com\/www.supeinnihonto.com\/wp-content\/uploads\/2024\/02\/logo-sold-scaled.png?fit=1200%2C720&ssl=1&resize=350%2C200","width":350,"height":200,"srcset":"https:\/\/i0.wp.com\/www.supeinnihonto.com\/wp-content\/uploads\/2024\/02\/logo-sold-scaled.png?fit=1200%2C720&ssl=1&resize=350%2C200 1x, https:\/\/i0.wp.com\/www.supeinnihonto.com\/wp-content\/uploads\/2024\/02\/logo-sold-scaled.png?fit=1200%2C720&ssl=1&resize=525%2C300 1.5x, https:\/\/i0.wp.com\/www.supeinnihonto.com\/wp-content\/uploads\/2024\/02\/logo-sold-scaled.png?fit=1200%2C720&ssl=1&resize=700%2C400 2x, https:\/\/i0.wp.com\/www.supeinnihonto.com\/wp-content\/uploads\/2024\/02\/logo-sold-scaled.png?fit=1200%2C720&ssl=1&resize=1050%2C600 3x"},"classes":[]},{"id":11905,"url":"https:\/\/www.supeinnihonto.com\/it\/prodotto\/yoroi-gold-and-orange\/","url_meta":{"origin":11902,"position":2},"title":"Oro Yoroi e Arancione","author":"Eric Majo","date":"15 de april de 2025","format":false,"excerpt":"Chi Siamo: Le nostre fotografie sono scattate senza ritocchi o photoshop per garantire che il cliente possa giudicare la realt\u00e0 dell'oggetto. Grazie a un lavoro costante direttamente con i migliori collezionisti, musei e gallerie in Giappone e all'amicizia con loro, insieme a un margine di profitto molto inferiore rispetto alla\u2026","rel":"","context":"Soortgelijk bericht","block_context":{"text":"Soortgelijk bericht","link":""},"img":{"alt_text":"sold","src":"https:\/\/i0.wp.com\/www.supeinnihonto.com\/wp-content\/uploads\/2024\/02\/logo-sold-scaled.png?fit=1200%2C720&ssl=1&resize=350%2C200","width":350,"height":200,"srcset":"https:\/\/i0.wp.com\/www.supeinnihonto.com\/wp-content\/uploads\/2024\/02\/logo-sold-scaled.png?fit=1200%2C720&ssl=1&resize=350%2C200 1x, https:\/\/i0.wp.com\/www.supeinnihonto.com\/wp-content\/uploads\/2024\/02\/logo-sold-scaled.png?fit=1200%2C720&ssl=1&resize=525%2C300 1.5x, https:\/\/i0.wp.com\/www.supeinnihonto.com\/wp-content\/uploads\/2024\/02\/logo-sold-scaled.png?fit=1200%2C720&ssl=1&resize=700%2C400 2x, https:\/\/i0.wp.com\/www.supeinnihonto.com\/wp-content\/uploads\/2024\/02\/logo-sold-scaled.png?fit=1200%2C720&ssl=1&resize=1050%2C600 3x"},"classes":[]},{"id":8327,"url":"https:\/\/www.supeinnihonto.com\/product\/yoroi-gold-and-orange\/","url_meta":{"origin":11902,"position":3},"title":"Yoroi gold and Orange","author":"Eric Majo","date":"15 de april de 2025","format":false,"excerpt":"About US: Our photographs are taken without retouching or photoshop to ensure that the customer can judge the reality of the object. Thanks to a constant work directly with the best collectors, museums and galleries in Japan and friendship with them, along with a profit margin much lower than the\u2026","rel":"","context":"Soortgelijk bericht","block_context":{"text":"Soortgelijk bericht","link":""},"img":{"alt_text":"sold","src":"https:\/\/i0.wp.com\/www.supeinnihonto.com\/wp-content\/uploads\/2024\/02\/logo-sold-scaled.png?fit=1200%2C720&ssl=1&resize=350%2C200","width":350,"height":200,"srcset":"https:\/\/i0.wp.com\/www.supeinnihonto.com\/wp-content\/uploads\/2024\/02\/logo-sold-scaled.png?fit=1200%2C720&ssl=1&resize=350%2C200 1x, https:\/\/i0.wp.com\/www.supeinnihonto.com\/wp-content\/uploads\/2024\/02\/logo-sold-scaled.png?fit=1200%2C720&ssl=1&resize=525%2C300 1.5x, https:\/\/i0.wp.com\/www.supeinnihonto.com\/wp-content\/uploads\/2024\/02\/logo-sold-scaled.png?fit=1200%2C720&ssl=1&resize=700%2C400 2x, https:\/\/i0.wp.com\/www.supeinnihonto.com\/wp-content\/uploads\/2024\/02\/logo-sold-scaled.png?fit=1200%2C720&ssl=1&resize=1050%2C600 3x"},"classes":[]},{"id":12004,"url":"https:\/\/www.supeinnihonto.com\/de\/produkt\/gusoku-antique\/","url_meta":{"origin":11902,"position":4},"title":"Gusoku antik","author":"Eric Majo","date":"15 de april de 2025","format":false,"excerpt":"\u00dcber uns: Unsere Fotografien werden ohne Retusche oder Photoshop aufgenommen, um sicherzustellen, dass der Kunde die Realit\u00e4t des Objekts beurteilen kann. Dank einer konstanten Zusammenarbeit direkt mit den besten Sammlern, Museen und Galerien in Japan und der Freundschaft mit ihnen sowie einer Gewinnspanne, die deutlich unter der europ\u00e4ischen Konkurrenz liegt,\u2026","rel":"","context":"Soortgelijk bericht","block_context":{"text":"Soortgelijk bericht","link":""},"img":{"alt_text":"sold","src":"https:\/\/i0.wp.com\/www.supeinnihonto.com\/wp-content\/uploads\/2024\/02\/logo-sold-scaled.png?fit=1200%2C720&ssl=1&resize=350%2C200","width":350,"height":200,"srcset":"https:\/\/i0.wp.com\/www.supeinnihonto.com\/wp-content\/uploads\/2024\/02\/logo-sold-scaled.png?fit=1200%2C720&ssl=1&resize=350%2C200 1x, https:\/\/i0.wp.com\/www.supeinnihonto.com\/wp-content\/uploads\/2024\/02\/logo-sold-scaled.png?fit=1200%2C720&ssl=1&resize=525%2C300 1.5x, https:\/\/i0.wp.com\/www.supeinnihonto.com\/wp-content\/uploads\/2024\/02\/logo-sold-scaled.png?fit=1200%2C720&ssl=1&resize=700%2C400 2x, https:\/\/i0.wp.com\/www.supeinnihonto.com\/wp-content\/uploads\/2024\/02\/logo-sold-scaled.png?fit=1200%2C720&ssl=1&resize=1050%2C600 3x"},"classes":[]},{"id":12006,"url":"https:\/\/www.supeinnihonto.com\/it\/prodotto\/gusoku-antique\/","url_meta":{"origin":11902,"position":5},"title":"Gusoku antico","author":"Eric Majo","date":"15 de april de 2025","format":false,"excerpt":"Chi Siamo: Le nostre fotografie sono scattate senza ritocchi o photoshop per garantire che il cliente possa giudicare la realt\u00e0 dell'oggetto. Grazie a un lavoro costante direttamente con i migliori collezionisti, musei e gallerie in Giappone e all'amicizia con loro, insieme a un margine di profitto molto inferiore rispetto alla\u2026","rel":"","context":"Soortgelijk bericht","block_context":{"text":"Soortgelijk bericht","link":""},"img":{"alt_text":"sold","src":"https:\/\/i0.wp.com\/www.supeinnihonto.com\/wp-content\/uploads\/2024\/02\/logo-sold-scaled.png?fit=1200%2C720&ssl=1&resize=350%2C200","width":350,"height":200,"srcset":"https:\/\/i0.wp.com\/www.supeinnihonto.com\/wp-content\/uploads\/2024\/02\/logo-sold-scaled.png?fit=1200%2C720&ssl=1&resize=350%2C200 1x, https:\/\/i0.wp.com\/www.supeinnihonto.com\/wp-content\/uploads\/2024\/02\/logo-sold-scaled.png?fit=1200%2C720&ssl=1&resize=525%2C300 1.5x, https:\/\/i0.wp.com\/www.supeinnihonto.com\/wp-content\/uploads\/2024\/02\/logo-sold-scaled.png?fit=1200%2C720&ssl=1&resize=700%2C400 2x, https:\/\/i0.wp.com\/www.supeinnihonto.com\/wp-content\/uploads\/2024\/02\/logo-sold-scaled.png?fit=1200%2C720&ssl=1&resize=1050%2C600 3x"},"classes":[]}],"jetpack_sharing_enabled":true,"_links":{"self":[{"href":"https:\/\/www.supeinnihonto.com\/nl\/wp-json\/wp\/v2\/product\/11902","targetHints":{"allow":["GET"]}}],"collection":[{"href":"https:\/\/www.supeinnihonto.com\/nl\/wp-json\/wp\/v2\/product"}],"about":[{"href":"https:\/\/www.supeinnihonto.com\/nl\/wp-json\/wp\/v2\/types\/product"}],"wp:featuredmedia":[{"embeddable":true,"href":"https:\/\/www.supeinnihonto.com\/nl\/wp-json\/wp\/v2\/media\/10951"}],"wp:attachment":[{"href":"https:\/\/www.supeinnihonto.com\/nl\/wp-json\/wp\/v2\/media?parent=11902"}],"wp:term":[{"taxonomy":"product_brand","embeddable":true,"href":"https:\/\/www.supeinnihonto.com\/nl\/wp-json\/wp\/v2\/product_brand?post=11902"},{"taxonomy":"product_cat","embeddable":true,"href":"https:\/\/www.supeinnihonto.com\/nl\/wp-json\/wp\/v2\/product_cat?post=11902"},{"taxonomy":"product_tag","embeddable":true,"href":"https:\/\/www.supeinnihonto.com\/nl\/wp-json\/wp\/v2\/product_tag?post=11902"}],"curies":[{"name":"wp","href":"https:\/\/api.w.org\/{rel}","templated":true}]}}