{"id":45206,"date":"2026-03-01T17:32:08","date_gmt":"2026-03-01T17:32:08","guid":{"rendered":"https:\/\/www.supeinnihonto.com\/?post_type=product&#038;p=45206"},"modified":"2026-03-04T11:05:24","modified_gmt":"2026-03-04T11:05:24","slug":"tsuba-marugata-in-rame-con-motivo-di-carpa-koi-certificata-nbthk-hozon-6","status":"publish","type":"product","link":"https:\/\/www.supeinnihonto.com\/it\/prodotto\/tsuba-marugata-in-rame-con-motivo-di-carpa-koi-certificata-nbthk-hozon-6\/","title":{"rendered":"Tsuba marugata in rame con motivo di carpa (koi), certificata NBTHK Hozon"},"content":{"rendered":"<p data-start=\"4749\" data-end=\"4764\"><strong data-start=\"4749\" data-end=\"4762\">ARTICOLO:<\/strong><\/p>\n<p data-start=\"4766\" data-end=\"4873\">Fornito con certificato di Supein Nihonto. Fornito con certificato NBTHK Hozon. Include scatola in legno.<\/p>\n<p data-start=\"4875\" data-end=\"5547\">Splendido tsuba in rame del XIX secolo, firmato, con bordo e rilievi in shakud\u014d (lega di oro e rame), raffigurante una carpa con occhi incastonati in oro. Un\u2019opera d\u2019arte unica.<br data-start=\"5052\" data-end=\"5055\" \/>La carpa koi \u00e8 molto apprezzata nella cultura giapponese ed \u00e8 uno dei motivi preferiti in molte arti; tuttavia, i tsuba con questo soggetto sono molto rari e poco comuni e quindi particolarmente ricercati dai collezionisti. Inoltre, questo esemplare \u00e8 di qualit\u00e0 eccezionalmente elevata ed \u00e8 accompagnato da un certificato NBTHK \u2014 la pi\u00f9 importante associazione al mondo per la conservazione della spada giapponese \u2014 che lo dichiara opera di speciale interesse culturale e di conservazione.<\/p>\n<p data-start=\"5549\" data-end=\"5563\">7,4 \u00d7 7,2 cm<\/p>\n<p data-start=\"5565\" data-end=\"5581\"><strong data-start=\"5565\" data-end=\"5579\">CHI SIAMO:<\/strong><\/p>\n<p data-start=\"5583\" data-end=\"6943\">In Supein Nihonto ci impegniamo a offrire spade e armature samurai di alta qualit\u00e0 a prezzi nettamente inferiori rispetto alla concorrenza. Siamo probabilmente il maggiore esportatore in Europa e siamo orgogliosi di annunciare di essere il <strong data-start=\"5823\" data-end=\"5847\">venditore numero uno<\/strong> nelle aste Samurai e giapponesi su Catawiki.<br data-start=\"5892\" data-end=\"5895\" \/>Questo \u00e8 particolarmente importante per evitare tasse e lunghi tempi di attesa, che con i venditori giapponesi possono superare i quattro mesi, oltre a procedure complesse e talvolta problematiche che allungano ulteriormente le consegne, arrivando persino alla restituzione del pacco al mittente, con un aumento di oltre il 35 % sul prezzo finale dovuto a dogane, dazi e commissioni, che incidono sul costo ma non sulla qualit\u00e0 n\u00e9 sul valore di rivendita futura.<br data-start=\"6357\" data-end=\"6360\" \/>Siamo venditori professionali e, pertanto, offriamo una garanzia di soddisfazione, competenza e standard superiori rispetto ai venditori privati, con un servizio post-vendita pi\u00f9 solido. Grazie a ci\u00f2, ai nostri prezzi professionali tra i pi\u00f9 bassi del settore e al nostro metodo di spedizione rapido ed efficiente \u2014 raramente oltre tre giorni in Europa \u2014 siamo certi che apprezzerete questa straordinaria opportunit\u00e0 di possedere un\u2019opera d\u2019arte destinata ad aumentare di valore negli anni e a rappresentare un eccellente investimento. Affidatevi a noi per vivere l\u2019arte dei samurai.<\/p>\n","protected":false},"excerpt":{"rendered":"<p>ARTICOLO: Fornito con certificato di Supein Nihonto. Fornito con certificato NBTHK Hozon. Include scatola in legno. Splendido tsuba in rame del XIX secolo, firmato, con bordo e rilievi in shakud\u014d (lega di oro e rame), raffigurante una carpa con occhi incastonati in oro. Un\u2019opera d\u2019arte unica.La carpa koi \u00e8 molto [&hellip;]<\/p>\n","protected":false},"featured_media":45187,"template":"","meta":{"jetpack_post_was_ever_published":false},"product_brand":[],"product_cat":[737,733],"product_tag":[772,754,775,765],"class_list":{"0":"post-45206","1":"product","2":"type-product","3":"status-publish","4":"has-post-thumbnail","6":"product_cat-tosogu","7":"product_cat-tsuba","8":"product_tag-hozon","9":"product_tag-katana","10":"product_tag-nbthk","11":"product_tag-tsuba","12":"product_shipping_class-tosogu","14":"first","15":"instock","16":"featured","17":"sold-individually","18":"shipping-taxable","19":"purchasable","20":"product-type-simple"},"yoast_head":"<!-- This site is optimized with the Yoast SEO plugin v27.4 - https:\/\/yoast.com\/product\/yoast-seo-wordpress\/ -->\n<title>Tsuba marugata in rame con motivo di carpa (koi), certificata NBTHK Hozon - Supein Nihonto<\/title>\n<meta name=\"description\" content=\"Splendido tsuba in rame del XIX secolo con bordo e rilievi in shakud\u014d (lega di oro e rame), raffigurante una carpa con occhi incastonati in oro. Un\u2019opera d\u2019arte unica.\" \/>\n<meta name=\"robots\" content=\"index, follow, max-snippet:-1, max-image-preview:large, max-video-preview:-1\" \/>\n<link rel=\"canonical\" href=\"https:\/\/www.supeinnihonto.com\/it\/prodotto\/tsuba-marugata-in-rame-con-motivo-di-carpa-koi-certificata-nbthk-hozon-6\/\" \/>\n<meta property=\"og:locale\" content=\"it_IT\" \/>\n<meta property=\"og:type\" content=\"article\" \/>\n<meta property=\"og:title\" content=\"Tsuba marugata in rame con motivo di carpa (koi), certificata NBTHK Hozon - Supein Nihonto\" \/>\n<meta property=\"og:description\" content=\"Splendido tsuba in rame del XIX secolo con bordo e rilievi in shakud\u014d (lega di oro e rame), raffigurante una carpa con occhi incastonati in oro. Un\u2019opera d\u2019arte unica.\" \/>\n<meta property=\"og:url\" content=\"https:\/\/www.supeinnihonto.com\/it\/prodotto\/tsuba-marugata-in-rame-con-motivo-di-carpa-koi-certificata-nbthk-hozon-6\/\" \/>\n<meta property=\"og:site_name\" content=\"Supein Nihonto\" \/>\n<meta property=\"article:modified_time\" content=\"2026-03-04T11:05:24+00:00\" \/>\n<meta property=\"og:image\" content=\"https:\/\/www.supeinnihonto.com\/wp-content\/uploads\/2026\/03\/DSC_6473-scaled.jpg\" \/>\n\t<meta property=\"og:image:width\" content=\"2560\" \/>\n\t<meta property=\"og:image:height\" content=\"1707\" \/>\n\t<meta property=\"og:image:type\" content=\"image\/jpeg\" \/>\n<meta name=\"twitter:card\" content=\"summary_large_image\" \/>\n<meta name=\"twitter:label1\" content=\"Tempo di lettura stimato\" \/>\n\t<meta name=\"twitter:data1\" content=\"2 minuto\" \/>\n<script type=\"application\/ld+json\" class=\"yoast-schema-graph\">{\"@context\":\"https:\\\/\\\/schema.org\",\"@graph\":[{\"@type\":\"WebPage\",\"@id\":\"https:\\\/\\\/www.supeinnihonto.com\\\/it\\\/prodotto\\\/tsuba-marugata-in-rame-con-motivo-di-carpa-koi-certificata-nbthk-hozon-6\\\/\",\"url\":\"https:\\\/\\\/www.supeinnihonto.com\\\/it\\\/prodotto\\\/tsuba-marugata-in-rame-con-motivo-di-carpa-koi-certificata-nbthk-hozon-6\\\/\",\"name\":\"Tsuba marugata in rame con motivo di carpa (koi), certificata NBTHK Hozon - Supein Nihonto\",\"isPartOf\":{\"@id\":\"https:\\\/\\\/www.supeinnihonto.com\\\/it\\\/#website\"},\"primaryImageOfPage\":{\"@id\":\"https:\\\/\\\/www.supeinnihonto.com\\\/it\\\/prodotto\\\/tsuba-marugata-in-rame-con-motivo-di-carpa-koi-certificata-nbthk-hozon-6\\\/#primaryimage\"},\"image\":{\"@id\":\"https:\\\/\\\/www.supeinnihonto.com\\\/it\\\/prodotto\\\/tsuba-marugata-in-rame-con-motivo-di-carpa-koi-certificata-nbthk-hozon-6\\\/#primaryimage\"},\"thumbnailUrl\":\"https:\\\/\\\/i0.wp.com\\\/www.supeinnihonto.com\\\/wp-content\\\/uploads\\\/2026\\\/03\\\/DSC_6473-scaled.jpg?fit=2560%2C1707&ssl=1\",\"datePublished\":\"2026-03-01T17:32:08+00:00\",\"dateModified\":\"2026-03-04T11:05:24+00:00\",\"description\":\"Splendido tsuba in rame del XIX secolo con bordo e rilievi in shakud\u014d (lega di oro e rame), raffigurante una carpa con occhi incastonati in oro. Un\u2019opera d\u2019arte unica.\",\"breadcrumb\":{\"@id\":\"https:\\\/\\\/www.supeinnihonto.com\\\/it\\\/prodotto\\\/tsuba-marugata-in-rame-con-motivo-di-carpa-koi-certificata-nbthk-hozon-6\\\/#breadcrumb\"},\"inLanguage\":\"it-IT\",\"potentialAction\":[{\"@type\":\"ReadAction\",\"target\":[\"https:\\\/\\\/www.supeinnihonto.com\\\/it\\\/prodotto\\\/tsuba-marugata-in-rame-con-motivo-di-carpa-koi-certificata-nbthk-hozon-6\\\/\"]}]},{\"@type\":\"ImageObject\",\"inLanguage\":\"it-IT\",\"@id\":\"https:\\\/\\\/www.supeinnihonto.com\\\/it\\\/prodotto\\\/tsuba-marugata-in-rame-con-motivo-di-carpa-koi-certificata-nbthk-hozon-6\\\/#primaryimage\",\"url\":\"https:\\\/\\\/i0.wp.com\\\/www.supeinnihonto.com\\\/wp-content\\\/uploads\\\/2026\\\/03\\\/DSC_6473-scaled.jpg?fit=2560%2C1707&ssl=1\",\"contentUrl\":\"https:\\\/\\\/i0.wp.com\\\/www.supeinnihonto.com\\\/wp-content\\\/uploads\\\/2026\\\/03\\\/DSC_6473-scaled.jpg?fit=2560%2C1707&ssl=1\",\"width\":2560,\"height\":1707,\"caption\":\"Dragon tsuba a vendre\"},{\"@type\":\"BreadcrumbList\",\"@id\":\"https:\\\/\\\/www.supeinnihonto.com\\\/it\\\/prodotto\\\/tsuba-marugata-in-rame-con-motivo-di-carpa-koi-certificata-nbthk-hozon-6\\\/#breadcrumb\",\"itemListElement\":[{\"@type\":\"ListItem\",\"position\":1,\"name\":\"Portada\",\"item\":\"https:\\\/\\\/www.supeinnihonto.com\\\/it\\\/\"},{\"@type\":\"ListItem\",\"position\":2,\"name\":\"Shop\",\"item\":\"https:\\\/\\\/www.supeinnihonto.com\\\/it\\\/shop\\\/\"},{\"@type\":\"ListItem\",\"position\":3,\"name\":\"Tsuba marugata in rame con motivo di carpa (koi), certificata NBTHK Hozon\"}]},{\"@type\":\"WebSite\",\"@id\":\"https:\\\/\\\/www.supeinnihonto.com\\\/it\\\/#website\",\"url\":\"https:\\\/\\\/www.supeinnihonto.com\\\/it\\\/\",\"name\":\"Supein Nihonto\",\"description\":\"Authentic japanese Nihonto katana \",\"publisher\":{\"@id\":\"https:\\\/\\\/www.supeinnihonto.com\\\/it\\\/#organization\"},\"potentialAction\":[{\"@type\":\"SearchAction\",\"target\":{\"@type\":\"EntryPoint\",\"urlTemplate\":\"https:\\\/\\\/www.supeinnihonto.com\\\/it\\\/?s={search_term_string}\"},\"query-input\":{\"@type\":\"PropertyValueSpecification\",\"valueRequired\":true,\"valueName\":\"search_term_string\"}}],\"inLanguage\":\"it-IT\"},{\"@type\":\"Organization\",\"@id\":\"https:\\\/\\\/www.supeinnihonto.com\\\/it\\\/#organization\",\"name\":\"SupeinNihonto\",\"url\":\"https:\\\/\\\/www.supeinnihonto.com\\\/it\\\/\",\"logo\":{\"@type\":\"ImageObject\",\"inLanguage\":\"it-IT\",\"@id\":\"https:\\\/\\\/www.supeinnihonto.com\\\/it\\\/#\\\/schema\\\/logo\\\/image\\\/\",\"url\":\"https:\\\/\\\/www.supeinnihonto.com\\\/wp-content\\\/uploads\\\/2021\\\/11\\\/animation_Default_3szk0jcenoloop.gif\",\"contentUrl\":\"https:\\\/\\\/www.supeinnihonto.com\\\/wp-content\\\/uploads\\\/2021\\\/11\\\/animation_Default_3szk0jcenoloop.gif\",\"width\":750,\"height\":641,\"caption\":\"SupeinNihonto\"},\"image\":{\"@id\":\"https:\\\/\\\/www.supeinnihonto.com\\\/it\\\/#\\\/schema\\\/logo\\\/image\\\/\"}}]}<\/script>\n<!-- \/ Yoast SEO plugin. -->","yoast_head_json":{"title":"Tsuba marugata in rame con motivo di carpa (koi), certificata NBTHK Hozon - Supein Nihonto","description":"Splendido tsuba in rame del XIX secolo con bordo e rilievi in shakud\u014d (lega di oro e rame), raffigurante una carpa con occhi incastonati in oro. Un\u2019opera d\u2019arte unica.","robots":{"index":"index","follow":"follow","max-snippet":"max-snippet:-1","max-image-preview":"max-image-preview:large","max-video-preview":"max-video-preview:-1"},"canonical":"https:\/\/www.supeinnihonto.com\/it\/prodotto\/tsuba-marugata-in-rame-con-motivo-di-carpa-koi-certificata-nbthk-hozon-6\/","og_locale":"it_IT","og_type":"article","og_title":"Tsuba marugata in rame con motivo di carpa (koi), certificata NBTHK Hozon - Supein Nihonto","og_description":"Splendido tsuba in rame del XIX secolo con bordo e rilievi in shakud\u014d (lega di oro e rame), raffigurante una carpa con occhi incastonati in oro. Un\u2019opera d\u2019arte unica.","og_url":"https:\/\/www.supeinnihonto.com\/it\/prodotto\/tsuba-marugata-in-rame-con-motivo-di-carpa-koi-certificata-nbthk-hozon-6\/","og_site_name":"Supein Nihonto","article_modified_time":"2026-03-04T11:05:24+00:00","og_image":[{"width":2560,"height":1707,"url":"https:\/\/www.supeinnihonto.com\/wp-content\/uploads\/2026\/03\/DSC_6473-scaled.jpg","type":"image\/jpeg"}],"twitter_card":"summary_large_image","twitter_misc":{"Tempo di lettura stimato":"2 minuto"},"schema":{"@context":"https:\/\/schema.org","@graph":[{"@type":"WebPage","@id":"https:\/\/www.supeinnihonto.com\/it\/prodotto\/tsuba-marugata-in-rame-con-motivo-di-carpa-koi-certificata-nbthk-hozon-6\/","url":"https:\/\/www.supeinnihonto.com\/it\/prodotto\/tsuba-marugata-in-rame-con-motivo-di-carpa-koi-certificata-nbthk-hozon-6\/","name":"Tsuba marugata in rame con motivo di carpa (koi), certificata NBTHK Hozon - Supein Nihonto","isPartOf":{"@id":"https:\/\/www.supeinnihonto.com\/it\/#website"},"primaryImageOfPage":{"@id":"https:\/\/www.supeinnihonto.com\/it\/prodotto\/tsuba-marugata-in-rame-con-motivo-di-carpa-koi-certificata-nbthk-hozon-6\/#primaryimage"},"image":{"@id":"https:\/\/www.supeinnihonto.com\/it\/prodotto\/tsuba-marugata-in-rame-con-motivo-di-carpa-koi-certificata-nbthk-hozon-6\/#primaryimage"},"thumbnailUrl":"https:\/\/i0.wp.com\/www.supeinnihonto.com\/wp-content\/uploads\/2026\/03\/DSC_6473-scaled.jpg?fit=2560%2C1707&ssl=1","datePublished":"2026-03-01T17:32:08+00:00","dateModified":"2026-03-04T11:05:24+00:00","description":"Splendido tsuba in rame del XIX secolo con bordo e rilievi in shakud\u014d (lega di oro e rame), raffigurante una carpa con occhi incastonati in oro. Un\u2019opera d\u2019arte unica.","breadcrumb":{"@id":"https:\/\/www.supeinnihonto.com\/it\/prodotto\/tsuba-marugata-in-rame-con-motivo-di-carpa-koi-certificata-nbthk-hozon-6\/#breadcrumb"},"inLanguage":"it-IT","potentialAction":[{"@type":"ReadAction","target":["https:\/\/www.supeinnihonto.com\/it\/prodotto\/tsuba-marugata-in-rame-con-motivo-di-carpa-koi-certificata-nbthk-hozon-6\/"]}]},{"@type":"ImageObject","inLanguage":"it-IT","@id":"https:\/\/www.supeinnihonto.com\/it\/prodotto\/tsuba-marugata-in-rame-con-motivo-di-carpa-koi-certificata-nbthk-hozon-6\/#primaryimage","url":"https:\/\/i0.wp.com\/www.supeinnihonto.com\/wp-content\/uploads\/2026\/03\/DSC_6473-scaled.jpg?fit=2560%2C1707&ssl=1","contentUrl":"https:\/\/i0.wp.com\/www.supeinnihonto.com\/wp-content\/uploads\/2026\/03\/DSC_6473-scaled.jpg?fit=2560%2C1707&ssl=1","width":2560,"height":1707,"caption":"Dragon tsuba a vendre"},{"@type":"BreadcrumbList","@id":"https:\/\/www.supeinnihonto.com\/it\/prodotto\/tsuba-marugata-in-rame-con-motivo-di-carpa-koi-certificata-nbthk-hozon-6\/#breadcrumb","itemListElement":[{"@type":"ListItem","position":1,"name":"Portada","item":"https:\/\/www.supeinnihonto.com\/it\/"},{"@type":"ListItem","position":2,"name":"Shop","item":"https:\/\/www.supeinnihonto.com\/it\/shop\/"},{"@type":"ListItem","position":3,"name":"Tsuba marugata in rame con motivo di carpa (koi), certificata NBTHK Hozon"}]},{"@type":"WebSite","@id":"https:\/\/www.supeinnihonto.com\/it\/#website","url":"https:\/\/www.supeinnihonto.com\/it\/","name":"Supein Nihonto","description":"Authentic japanese Nihonto katana ","publisher":{"@id":"https:\/\/www.supeinnihonto.com\/it\/#organization"},"potentialAction":[{"@type":"SearchAction","target":{"@type":"EntryPoint","urlTemplate":"https:\/\/www.supeinnihonto.com\/it\/?s={search_term_string}"},"query-input":{"@type":"PropertyValueSpecification","valueRequired":true,"valueName":"search_term_string"}}],"inLanguage":"it-IT"},{"@type":"Organization","@id":"https:\/\/www.supeinnihonto.com\/it\/#organization","name":"SupeinNihonto","url":"https:\/\/www.supeinnihonto.com\/it\/","logo":{"@type":"ImageObject","inLanguage":"it-IT","@id":"https:\/\/www.supeinnihonto.com\/it\/#\/schema\/logo\/image\/","url":"https:\/\/www.supeinnihonto.com\/wp-content\/uploads\/2021\/11\/animation_Default_3szk0jcenoloop.gif","contentUrl":"https:\/\/www.supeinnihonto.com\/wp-content\/uploads\/2021\/11\/animation_Default_3szk0jcenoloop.gif","width":750,"height":641,"caption":"SupeinNihonto"},"image":{"@id":"https:\/\/www.supeinnihonto.com\/it\/#\/schema\/logo\/image\/"}}]}},"jetpack-related-posts":[{"id":12410,"url":"https:\/\/www.supeinnihonto.com\/it\/prodotto\/tsuba-marugata-in-rame-con-motivo-di-carpa-koi-certificata-nbthk-hozon\/","url_meta":{"origin":45206,"position":0},"title":"Tsuba marugata in rame con motivo di carpa (koi), certificata NBTHK Hozon","author":"Eric Majo","date":"11 de Novembre de 2024","format":false,"excerpt":"ARTICOLO: Fornito con certificato di Supein Nihonto. Fornito con certificato NBTHK Hozon. Include scatola in legno. Splendido tsuba in rame del XIX secolo, firmato, con bordo e rilievi in shakud\u014d (lega di oro e rame), raffigurante una carpa con occhi incastonati in oro. Un\u2019opera d\u2019arte unica.La carpa koi \u00e8 molto\u2026","rel":"","context":"Articolo simile","block_context":{"text":"Articolo simile","link":""},"img":{"alt_text":"Marugata copper koi tsuba NBTHK hozon","src":"https:\/\/i0.wp.com\/www.supeinnihonto.com\/wp-content\/uploads\/2024\/11\/DSC1819-scaled.jpg?fit=1200%2C800&ssl=1&resize=350%2C200","width":350,"height":200,"srcset":"https:\/\/i0.wp.com\/www.supeinnihonto.com\/wp-content\/uploads\/2024\/11\/DSC1819-scaled.jpg?fit=1200%2C800&ssl=1&resize=350%2C200 1x, https:\/\/i0.wp.com\/www.supeinnihonto.com\/wp-content\/uploads\/2024\/11\/DSC1819-scaled.jpg?fit=1200%2C800&ssl=1&resize=525%2C300 1.5x, https:\/\/i0.wp.com\/www.supeinnihonto.com\/wp-content\/uploads\/2024\/11\/DSC1819-scaled.jpg?fit=1200%2C800&ssl=1&resize=700%2C400 2x, https:\/\/i0.wp.com\/www.supeinnihonto.com\/wp-content\/uploads\/2024\/11\/DSC1819-scaled.jpg?fit=1200%2C800&ssl=1&resize=1050%2C600 3x"},"classes":[]},{"id":45252,"url":"https:\/\/www.supeinnihonto.com\/it\/prodotto\/tsuba-marugata-in-rame-con-motivo-di-carpa-koi-certificata-nbthk-hozon-3\/","url_meta":{"origin":45206,"position":1},"title":"Tsuba marugata in rame con motivo di carpa (koi), certificata NBTHK Hozon","author":"Eric Majo","date":"1 de Marzo de 2026","format":false,"excerpt":"ARTICOLO: Fornito con certificato di Supein Nihonto. Fornito con certificato NBTHK Hozon. Include scatola in legno. Splendido tsuba in rame del XIX secolo, firmato, con bordo e rilievi in shakud\u014d (lega di oro e rame), raffigurante una carpa con occhi incastonati in oro. Un\u2019opera d\u2019arte unica.La carpa koi \u00e8 molto\u2026","rel":"","context":"Articolo simile","block_context":{"text":"Articolo simile","link":""},"img":{"alt_text":"Tsuba koi Meiji period","src":"https:\/\/i0.wp.com\/www.supeinnihonto.com\/wp-content\/uploads\/2026\/03\/DSC_6545-scaled.jpg?fit=1200%2C800&ssl=1&resize=350%2C200","width":350,"height":200,"srcset":"https:\/\/i0.wp.com\/www.supeinnihonto.com\/wp-content\/uploads\/2026\/03\/DSC_6545-scaled.jpg?fit=1200%2C800&ssl=1&resize=350%2C200 1x, https:\/\/i0.wp.com\/www.supeinnihonto.com\/wp-content\/uploads\/2026\/03\/DSC_6545-scaled.jpg?fit=1200%2C800&ssl=1&resize=525%2C300 1.5x, https:\/\/i0.wp.com\/www.supeinnihonto.com\/wp-content\/uploads\/2026\/03\/DSC_6545-scaled.jpg?fit=1200%2C800&ssl=1&resize=700%2C400 2x, https:\/\/i0.wp.com\/www.supeinnihonto.com\/wp-content\/uploads\/2026\/03\/DSC_6545-scaled.jpg?fit=1200%2C800&ssl=1&resize=1050%2C600 3x"},"classes":[]},{"id":45211,"url":"https:\/\/www.supeinnihonto.com\/it\/prodotto\/tsuba-marugata-in-rame-con-motivo-di-carpa-koi-certificata-nbthk-hozon-5\/","url_meta":{"origin":45206,"position":2},"title":"Tsuba marugata in rame con motivo di carpa (koi), certificata NBTHK Hozon","author":"Eric Majo","date":"1 de Marzo de 2026","format":false,"excerpt":"ARTICOLO: Fornito con certificato di Supein Nihonto. Fornito con certificato NBTHK Hozon. Include scatola in legno. Splendido tsuba in rame del XIX secolo, firmato, con bordo e rilievi in shakud\u014d (lega di oro e rame), raffigurante una carpa con occhi incastonati in oro. Un\u2019opera d\u2019arte unica.La carpa koi \u00e8 molto\u2026","rel":"","context":"Articolo simile","block_context":{"text":"Articolo simile","link":""},"img":{"alt_text":"Iron dragon Edo tsuba for sale","src":"https:\/\/i0.wp.com\/www.supeinnihonto.com\/wp-content\/uploads\/2026\/03\/DSC_6506-scaled.jpg?fit=1200%2C800&ssl=1&resize=350%2C200","width":350,"height":200,"srcset":"https:\/\/i0.wp.com\/www.supeinnihonto.com\/wp-content\/uploads\/2026\/03\/DSC_6506-scaled.jpg?fit=1200%2C800&ssl=1&resize=350%2C200 1x, https:\/\/i0.wp.com\/www.supeinnihonto.com\/wp-content\/uploads\/2026\/03\/DSC_6506-scaled.jpg?fit=1200%2C800&ssl=1&resize=525%2C300 1.5x, https:\/\/i0.wp.com\/www.supeinnihonto.com\/wp-content\/uploads\/2026\/03\/DSC_6506-scaled.jpg?fit=1200%2C800&ssl=1&resize=700%2C400 2x, https:\/\/i0.wp.com\/www.supeinnihonto.com\/wp-content\/uploads\/2026\/03\/DSC_6506-scaled.jpg?fit=1200%2C800&ssl=1&resize=1050%2C600 3x"},"classes":[]},{"id":45071,"url":"https:\/\/www.supeinnihonto.com\/it\/prodotto\/tsuba-marugata-in-rame-con-motivo-di-carpa-koi-certificata-nbthk-hozon-12\/","url_meta":{"origin":45206,"position":3},"title":"Tsuba marugata in rame con motivo di carpa (koi), certificata NBTHK Hozon","author":"Eric Majo","date":"1 de Marzo de 2026","format":false,"excerpt":"ARTICOLO: Fornito con certificato di Supein Nihonto. Fornito con certificato NBTHK Hozon. Include scatola in legno. Splendido tsuba in rame del XIX secolo, firmato, con bordo e rilievi in shakud\u014d (lega di oro e rame), raffigurante una carpa con occhi incastonati in oro. Un\u2019opera d\u2019arte unica.La carpa koi \u00e8 molto\u2026","rel":"","context":"Articolo simile","block_context":{"text":"Articolo simile","link":""},"img":{"alt_text":"Silver tsuba for sale","src":"https:\/\/i0.wp.com\/www.supeinnihonto.com\/wp-content\/uploads\/2026\/03\/DSC_6396-scaled.jpg?fit=1200%2C800&ssl=1&resize=350%2C200","width":350,"height":200,"srcset":"https:\/\/i0.wp.com\/www.supeinnihonto.com\/wp-content\/uploads\/2026\/03\/DSC_6396-scaled.jpg?fit=1200%2C800&ssl=1&resize=350%2C200 1x, https:\/\/i0.wp.com\/www.supeinnihonto.com\/wp-content\/uploads\/2026\/03\/DSC_6396-scaled.jpg?fit=1200%2C800&ssl=1&resize=525%2C300 1.5x, https:\/\/i0.wp.com\/www.supeinnihonto.com\/wp-content\/uploads\/2026\/03\/DSC_6396-scaled.jpg?fit=1200%2C800&ssl=1&resize=700%2C400 2x, https:\/\/i0.wp.com\/www.supeinnihonto.com\/wp-content\/uploads\/2026\/03\/DSC_6396-scaled.jpg?fit=1200%2C800&ssl=1&resize=1050%2C600 3x"},"classes":[]},{"id":45102,"url":"https:\/\/www.supeinnihonto.com\/it\/prodotto\/tsuba-marugata-in-rame-con-motivo-di-carpa-koi-certificata-nbthk-hozon-10\/","url_meta":{"origin":45206,"position":4},"title":"Tsuba marugata in rame con motivo di carpa (koi), certificata NBTHK Hozon","author":"Eric Majo","date":"1 de Marzo de 2026","format":false,"excerpt":"ARTICOLO: Fornito con certificato di Supein Nihonto. Fornito con certificato NBTHK Hozon. Include scatola in legno. Splendido tsuba in rame del XIX secolo, firmato, con bordo e rilievi in shakud\u014d (lega di oro e rame), raffigurante una carpa con occhi incastonati in oro. Un\u2019opera d\u2019arte unica.La carpa koi \u00e8 molto\u2026","rel":"","context":"Articolo simile","block_context":{"text":"Articolo simile","link":""},"img":{"alt_text":"Iron tsuba soten for sale","src":"https:\/\/i0.wp.com\/www.supeinnihonto.com\/wp-content\/uploads\/2026\/03\/DSC_6419-scaled.jpg?fit=1200%2C800&ssl=1&resize=350%2C200","width":350,"height":200,"srcset":"https:\/\/i0.wp.com\/www.supeinnihonto.com\/wp-content\/uploads\/2026\/03\/DSC_6419-scaled.jpg?fit=1200%2C800&ssl=1&resize=350%2C200 1x, https:\/\/i0.wp.com\/www.supeinnihonto.com\/wp-content\/uploads\/2026\/03\/DSC_6419-scaled.jpg?fit=1200%2C800&ssl=1&resize=525%2C300 1.5x, https:\/\/i0.wp.com\/www.supeinnihonto.com\/wp-content\/uploads\/2026\/03\/DSC_6419-scaled.jpg?fit=1200%2C800&ssl=1&resize=700%2C400 2x, https:\/\/i0.wp.com\/www.supeinnihonto.com\/wp-content\/uploads\/2026\/03\/DSC_6419-scaled.jpg?fit=1200%2C800&ssl=1&resize=1050%2C600 3x"},"classes":[]},{"id":45139,"url":"https:\/\/www.supeinnihonto.com\/it\/prodotto\/tsuba-marugata-in-rame-con-motivo-di-carpa-koi-certificata-nbthk-hozon-8\/","url_meta":{"origin":45206,"position":5},"title":"Tsuba marugata in rame con motivo di carpa (koi), certificata NBTHK Hozon","author":"Eric Majo","date":"1 de Marzo de 2026","format":false,"excerpt":"ARTICOLO: Fornito con certificato di Supein Nihonto. Fornito con certificato NBTHK Hozon. Include scatola in legno. Splendido tsuba in rame del XIX secolo, firmato, con bordo e rilievi in shakud\u014d (lega di oro e rame), raffigurante una carpa con occhi incastonati in oro. Un\u2019opera d\u2019arte unica.La carpa koi \u00e8 molto\u2026","rel":"","context":"Articolo simile","block_context":{"text":"Articolo simile","link":""},"img":{"alt_text":"Daisho tsuba for sale","src":"https:\/\/i0.wp.com\/www.supeinnihonto.com\/wp-content\/uploads\/2026\/03\/DSC_6444-scaled.jpg?fit=1200%2C800&ssl=1&resize=350%2C200","width":350,"height":200,"srcset":"https:\/\/i0.wp.com\/www.supeinnihonto.com\/wp-content\/uploads\/2026\/03\/DSC_6444-scaled.jpg?fit=1200%2C800&ssl=1&resize=350%2C200 1x, https:\/\/i0.wp.com\/www.supeinnihonto.com\/wp-content\/uploads\/2026\/03\/DSC_6444-scaled.jpg?fit=1200%2C800&ssl=1&resize=525%2C300 1.5x, https:\/\/i0.wp.com\/www.supeinnihonto.com\/wp-content\/uploads\/2026\/03\/DSC_6444-scaled.jpg?fit=1200%2C800&ssl=1&resize=700%2C400 2x, https:\/\/i0.wp.com\/www.supeinnihonto.com\/wp-content\/uploads\/2026\/03\/DSC_6444-scaled.jpg?fit=1200%2C800&ssl=1&resize=1050%2C600 3x"},"classes":[]}],"jetpack_sharing_enabled":true,"_links":{"self":[{"href":"https:\/\/www.supeinnihonto.com\/it\/wp-json\/wp\/v2\/product\/45206","targetHints":{"allow":["GET"]}}],"collection":[{"href":"https:\/\/www.supeinnihonto.com\/it\/wp-json\/wp\/v2\/product"}],"about":[{"href":"https:\/\/www.supeinnihonto.com\/it\/wp-json\/wp\/v2\/types\/product"}],"wp:featuredmedia":[{"embeddable":true,"href":"https:\/\/www.supeinnihonto.com\/it\/wp-json\/wp\/v2\/media\/45187"}],"wp:attachment":[{"href":"https:\/\/www.supeinnihonto.com\/it\/wp-json\/wp\/v2\/media?parent=45206"}],"wp:term":[{"taxonomy":"product_brand","embeddable":true,"href":"https:\/\/www.supeinnihonto.com\/it\/wp-json\/wp\/v2\/product_brand?post=45206"},{"taxonomy":"product_cat","embeddable":true,"href":"https:\/\/www.supeinnihonto.com\/it\/wp-json\/wp\/v2\/product_cat?post=45206"},{"taxonomy":"product_tag","embeddable":true,"href":"https:\/\/www.supeinnihonto.com\/it\/wp-json\/wp\/v2\/product_tag?post=45206"}],"curies":[{"name":"wp","href":"https:\/\/api.w.org\/{rel}","templated":true}]}}