{"id":39177,"date":"2025-12-26T12:29:05","date_gmt":"2025-12-26T12:29:05","guid":{"rendered":"https:\/\/www.supeinnihonto.com\/?post_type=product&#038;p=39177"},"modified":"2026-03-05T10:04:42","modified_gmt":"2026-03-05T10:04:42","slug":"suji-bachi-kabuto-4","status":"publish","type":"product","link":"https:\/\/www.supeinnihonto.com\/it\/prodotto\/suji-bachi-kabuto-4\/","title":{"rendered":"Suji Bachi Kabuto"},"content":{"rendered":"<p><em><strong>Chi siamo:<\/strong><\/em><\/p>\n<p>Le nostre fotografie sono scattate senza ritocchi o photoshop per garantire che il cliente possa giudicare la realt\u00e0 dell&#8217;oggetto.<\/p>\n<p>Grazie a un lavoro costante direttamente con i migliori collezionisti, musei e gallerie in Giappone e all&#8217;amicizia con loro, insieme a un margine di profitto molto inferiore rispetto alla concorrenza europea, possiamo offrire oggetti affinch\u00e9 molte persone possano scegliere di possedere pezzi autentici con centinaia di anni a prezzi pi\u00f9 che competitivi. Dopotutto, l&#8217;arte dei samurai \u00e8 la nostra passione e vogliamo condividerla con il mondo.<\/p>\n<p><span>DESCRIZIONE DELL&#8217;OGGETTO:<\/span><\/p>\n<p><span>Accompagnato da certificato di supein Nihonto.<\/span><\/p>\n<p><span>Periodo Edo (1615-1868)<\/span><\/p>\n<p><span>Descrizione del Kabuto<\/span><\/p>\n<p><span>Tipo di elmo:<\/span><\/p>\n<p><span>Magnifico kabuto giapponese del XVIII-XIX secolo, realizzato in ferro forgiato con squisito lavoro di lacca sullo shikoro. Questo elmo \u00e8 un eccellente esempio del tipo suji bachi a 62 placche, composto da molteplici placche verticali rivettate insieme, convergenti nella parte superiore nel tehen no kanamono, delicatamente decorato in metallo dorato. La forgiatura mostra una maestria eccezionale, con un allineamento preciso dei rivetti che rafforza sia la resistenza che la simmetria.<\/span><\/p>\n<p><span>Lo shikoro (protezione per il collo) presenta una ricca lacca nera con legature in seta blu scuro, perfettamente conservate e visivamente impressionanti. I grandi fukigaeshi su entrambi i lati sono adornati con un mon metallico (stemma di famiglia) che raffigura un motivo floreale stilizzato, incorniciato da residui di doratura e sottili decorazioni vegetali sulla superficie della lacca.<\/span><\/p>\n<p><span>Un grande maedate a forma di corna di cervo (kuwagata) domina la parte frontale, realizzato in cuoio indurito o legno (nerikawa) e rifinito con lacca marrone rossiccia e oro. Questo design simboleggia forza, resilienza e armonia con la natura \u2014 e serviva sia come identificatore in battaglia sia come dichiarazione di prestigio.<\/span><\/p>\n<p><span>Il tehen no kanamono, che corona la sommit\u00e0, mostra un&#8217;ornamentazione floreale concentrica intricata in metallo dorato, tipica degli elmi di alta qualit\u00e0 del periodo Edo.<\/span><\/p>\n<p><span>Nel complesso, questo kabuto esemplifica la maestria giapponese nel combinare funzionalit\u00e0 e bellezza \u2014 un&#8217;armoniosa fusione di utilit\u00e0 marziale, raffinata arte e significato simbolico profondamente radicato nell&#8217;etica samurai.<\/span><\/p>\n","protected":false},"excerpt":{"rendered":"<p>Chi siamo: Le nostre fotografie sono scattate senza ritocchi o photoshop per garantire che il cliente possa giudicare la realt\u00e0 dell&#8217;oggetto. Grazie a un lavoro costante direttamente con i migliori collezionisti, musei e gallerie in Giappone e all&#8217;amicizia con loro, insieme a un margine di profitto molto inferiore rispetto alla [&hellip;]<\/p>\n","protected":false},"featured_media":11082,"template":"","meta":{"jetpack_post_was_ever_published":false},"product_brand":[],"product_cat":[741],"product_tag":[750,760,751],"class_list":{"0":"post-39177","1":"product","2":"type-product","3":"status-publish","4":"has-post-thumbnail","6":"product_cat-kabuto","7":"product_tag-edo","8":"product_tag-kabuto","9":"product_tag-yoroi","10":"product_shipping_class-tosogu","12":"first","13":"outofstock","14":"shipping-taxable","15":"purchasable","16":"product-type-simple"},"yoast_head":"<!-- This site is optimized with the Yoast SEO plugin v27.4 - https:\/\/yoast.com\/product\/yoast-seo-wordpress\/ -->\n<title>Suji Bachi Kabuto - Supein Nihonto<\/title>\n<meta name=\"description\" content=\"Magnifico kabuto giapponese del XVIII\u2013XIX secolo, realizzato in ferro forgiato con un raffinato lavoro di laccatura sullo shikoro. Questo elmo \u00e8 un eccellente esempio del tipo suji bachi kabuto a 62 piastre, composto da numerose piastre verticali rivettate tra loro, che convergono nella parte superiore nel tehen no kanamono, finemente decorato in metallo dorato.\" \/>\n<meta name=\"robots\" content=\"index, follow, max-snippet:-1, max-image-preview:large, max-video-preview:-1\" \/>\n<link rel=\"canonical\" href=\"https:\/\/www.supeinnihonto.com\/it\/prodotto\/suji-bachi-kabuto-4\/\" \/>\n<meta property=\"og:locale\" content=\"it_IT\" \/>\n<meta property=\"og:type\" content=\"article\" \/>\n<meta property=\"og:title\" content=\"Suji Bachi Kabuto - Supein Nihonto\" \/>\n<meta property=\"og:description\" content=\"Magnifico kabuto giapponese del XVIII\u2013XIX secolo, realizzato in ferro forgiato con un raffinato lavoro di laccatura sullo shikoro. Questo elmo \u00e8 un eccellente esempio del tipo suji bachi kabuto a 62 piastre, composto da numerose piastre verticali rivettate tra loro, che convergono nella parte superiore nel tehen no kanamono, finemente decorato in metallo dorato.\" \/>\n<meta property=\"og:url\" content=\"https:\/\/www.supeinnihonto.com\/it\/prodotto\/suji-bachi-kabuto-4\/\" \/>\n<meta property=\"og:site_name\" content=\"Supein Nihonto\" \/>\n<meta property=\"article:modified_time\" content=\"2026-03-05T10:04:42+00:00\" \/>\n<meta property=\"og:image\" content=\"https:\/\/www.supeinnihonto.com\/wp-content\/uploads\/2024\/01\/logo-sold-scaled.png\" \/>\n\t<meta property=\"og:image:width\" content=\"3125\" \/>\n\t<meta property=\"og:image:height\" content=\"1875\" \/>\n\t<meta property=\"og:image:type\" content=\"image\/png\" \/>\n<meta name=\"twitter:card\" content=\"summary_large_image\" \/>\n<meta name=\"twitter:label1\" content=\"Tempo di lettura stimato\" \/>\n\t<meta name=\"twitter:data1\" content=\"2 minuto\" \/>\n<script type=\"application\/ld+json\" class=\"yoast-schema-graph\">{\"@context\":\"https:\\\/\\\/schema.org\",\"@graph\":[{\"@type\":\"WebPage\",\"@id\":\"https:\\\/\\\/www.supeinnihonto.com\\\/it\\\/prodotto\\\/suji-bachi-kabuto-4\\\/\",\"url\":\"https:\\\/\\\/www.supeinnihonto.com\\\/it\\\/prodotto\\\/suji-bachi-kabuto-4\\\/\",\"name\":\"Suji Bachi Kabuto - Supein Nihonto\",\"isPartOf\":{\"@id\":\"https:\\\/\\\/www.supeinnihonto.com\\\/it\\\/#website\"},\"primaryImageOfPage\":{\"@id\":\"https:\\\/\\\/www.supeinnihonto.com\\\/it\\\/prodotto\\\/suji-bachi-kabuto-4\\\/#primaryimage\"},\"image\":{\"@id\":\"https:\\\/\\\/www.supeinnihonto.com\\\/it\\\/prodotto\\\/suji-bachi-kabuto-4\\\/#primaryimage\"},\"thumbnailUrl\":\"https:\\\/\\\/i0.wp.com\\\/www.supeinnihonto.com\\\/wp-content\\\/uploads\\\/2024\\\/01\\\/logo-sold-scaled.png?fit=3125%2C1875&ssl=1\",\"datePublished\":\"2025-12-26T12:29:05+00:00\",\"dateModified\":\"2026-03-05T10:04:42+00:00\",\"description\":\"Magnifico kabuto giapponese del XVIII\u2013XIX secolo, realizzato in ferro forgiato con un raffinato lavoro di laccatura sullo shikoro. Questo elmo \u00e8 un eccellente esempio del tipo suji bachi kabuto a 62 piastre, composto da numerose piastre verticali rivettate tra loro, che convergono nella parte superiore nel tehen no kanamono, finemente decorato in metallo dorato.\",\"breadcrumb\":{\"@id\":\"https:\\\/\\\/www.supeinnihonto.com\\\/it\\\/prodotto\\\/suji-bachi-kabuto-4\\\/#breadcrumb\"},\"inLanguage\":\"it-IT\",\"potentialAction\":[{\"@type\":\"ReadAction\",\"target\":[\"https:\\\/\\\/www.supeinnihonto.com\\\/it\\\/prodotto\\\/suji-bachi-kabuto-4\\\/\"]}]},{\"@type\":\"ImageObject\",\"inLanguage\":\"it-IT\",\"@id\":\"https:\\\/\\\/www.supeinnihonto.com\\\/it\\\/prodotto\\\/suji-bachi-kabuto-4\\\/#primaryimage\",\"url\":\"https:\\\/\\\/i0.wp.com\\\/www.supeinnihonto.com\\\/wp-content\\\/uploads\\\/2024\\\/01\\\/logo-sold-scaled.png?fit=3125%2C1875&ssl=1\",\"contentUrl\":\"https:\\\/\\\/i0.wp.com\\\/www.supeinnihonto.com\\\/wp-content\\\/uploads\\\/2024\\\/01\\\/logo-sold-scaled.png?fit=3125%2C1875&ssl=1\",\"width\":3125,\"height\":1875,\"caption\":\"Sold\"},{\"@type\":\"BreadcrumbList\",\"@id\":\"https:\\\/\\\/www.supeinnihonto.com\\\/it\\\/prodotto\\\/suji-bachi-kabuto-4\\\/#breadcrumb\",\"itemListElement\":[{\"@type\":\"ListItem\",\"position\":1,\"name\":\"Portada\",\"item\":\"https:\\\/\\\/www.supeinnihonto.com\\\/it\\\/\"},{\"@type\":\"ListItem\",\"position\":2,\"name\":\"Shop\",\"item\":\"https:\\\/\\\/www.supeinnihonto.com\\\/it\\\/shop\\\/\"},{\"@type\":\"ListItem\",\"position\":3,\"name\":\"Suji Bachi Kabuto\"}]},{\"@type\":\"WebSite\",\"@id\":\"https:\\\/\\\/www.supeinnihonto.com\\\/it\\\/#website\",\"url\":\"https:\\\/\\\/www.supeinnihonto.com\\\/it\\\/\",\"name\":\"Supein Nihonto\",\"description\":\"Authentic japanese Nihonto katana \",\"publisher\":{\"@id\":\"https:\\\/\\\/www.supeinnihonto.com\\\/it\\\/#organization\"},\"potentialAction\":[{\"@type\":\"SearchAction\",\"target\":{\"@type\":\"EntryPoint\",\"urlTemplate\":\"https:\\\/\\\/www.supeinnihonto.com\\\/it\\\/?s={search_term_string}\"},\"query-input\":{\"@type\":\"PropertyValueSpecification\",\"valueRequired\":true,\"valueName\":\"search_term_string\"}}],\"inLanguage\":\"it-IT\"},{\"@type\":\"Organization\",\"@id\":\"https:\\\/\\\/www.supeinnihonto.com\\\/it\\\/#organization\",\"name\":\"SupeinNihonto\",\"url\":\"https:\\\/\\\/www.supeinnihonto.com\\\/it\\\/\",\"logo\":{\"@type\":\"ImageObject\",\"inLanguage\":\"it-IT\",\"@id\":\"https:\\\/\\\/www.supeinnihonto.com\\\/it\\\/#\\\/schema\\\/logo\\\/image\\\/\",\"url\":\"https:\\\/\\\/www.supeinnihonto.com\\\/wp-content\\\/uploads\\\/2021\\\/11\\\/animation_Default_3szk0jcenoloop.gif\",\"contentUrl\":\"https:\\\/\\\/www.supeinnihonto.com\\\/wp-content\\\/uploads\\\/2021\\\/11\\\/animation_Default_3szk0jcenoloop.gif\",\"width\":750,\"height\":641,\"caption\":\"SupeinNihonto\"},\"image\":{\"@id\":\"https:\\\/\\\/www.supeinnihonto.com\\\/it\\\/#\\\/schema\\\/logo\\\/image\\\/\"}}]}<\/script>\n<!-- \/ Yoast SEO plugin. -->","yoast_head_json":{"title":"Suji Bachi Kabuto - Supein Nihonto","description":"Magnifico kabuto giapponese del XVIII\u2013XIX secolo, realizzato in ferro forgiato con un raffinato lavoro di laccatura sullo shikoro. Questo elmo \u00e8 un eccellente esempio del tipo suji bachi kabuto a 62 piastre, composto da numerose piastre verticali rivettate tra loro, che convergono nella parte superiore nel tehen no kanamono, finemente decorato in metallo dorato.","robots":{"index":"index","follow":"follow","max-snippet":"max-snippet:-1","max-image-preview":"max-image-preview:large","max-video-preview":"max-video-preview:-1"},"canonical":"https:\/\/www.supeinnihonto.com\/it\/prodotto\/suji-bachi-kabuto-4\/","og_locale":"it_IT","og_type":"article","og_title":"Suji Bachi Kabuto - Supein Nihonto","og_description":"Magnifico kabuto giapponese del XVIII\u2013XIX secolo, realizzato in ferro forgiato con un raffinato lavoro di laccatura sullo shikoro. Questo elmo \u00e8 un eccellente esempio del tipo suji bachi kabuto a 62 piastre, composto da numerose piastre verticali rivettate tra loro, che convergono nella parte superiore nel tehen no kanamono, finemente decorato in metallo dorato.","og_url":"https:\/\/www.supeinnihonto.com\/it\/prodotto\/suji-bachi-kabuto-4\/","og_site_name":"Supein Nihonto","article_modified_time":"2026-03-05T10:04:42+00:00","og_image":[{"width":3125,"height":1875,"url":"https:\/\/www.supeinnihonto.com\/wp-content\/uploads\/2024\/01\/logo-sold-scaled.png","type":"image\/png"}],"twitter_card":"summary_large_image","twitter_misc":{"Tempo di lettura stimato":"2 minuto"},"schema":{"@context":"https:\/\/schema.org","@graph":[{"@type":"WebPage","@id":"https:\/\/www.supeinnihonto.com\/it\/prodotto\/suji-bachi-kabuto-4\/","url":"https:\/\/www.supeinnihonto.com\/it\/prodotto\/suji-bachi-kabuto-4\/","name":"Suji Bachi Kabuto - Supein Nihonto","isPartOf":{"@id":"https:\/\/www.supeinnihonto.com\/it\/#website"},"primaryImageOfPage":{"@id":"https:\/\/www.supeinnihonto.com\/it\/prodotto\/suji-bachi-kabuto-4\/#primaryimage"},"image":{"@id":"https:\/\/www.supeinnihonto.com\/it\/prodotto\/suji-bachi-kabuto-4\/#primaryimage"},"thumbnailUrl":"https:\/\/i0.wp.com\/www.supeinnihonto.com\/wp-content\/uploads\/2024\/01\/logo-sold-scaled.png?fit=3125%2C1875&ssl=1","datePublished":"2025-12-26T12:29:05+00:00","dateModified":"2026-03-05T10:04:42+00:00","description":"Magnifico kabuto giapponese del XVIII\u2013XIX secolo, realizzato in ferro forgiato con un raffinato lavoro di laccatura sullo shikoro. Questo elmo \u00e8 un eccellente esempio del tipo suji bachi kabuto a 62 piastre, composto da numerose piastre verticali rivettate tra loro, che convergono nella parte superiore nel tehen no kanamono, finemente decorato in metallo dorato.","breadcrumb":{"@id":"https:\/\/www.supeinnihonto.com\/it\/prodotto\/suji-bachi-kabuto-4\/#breadcrumb"},"inLanguage":"it-IT","potentialAction":[{"@type":"ReadAction","target":["https:\/\/www.supeinnihonto.com\/it\/prodotto\/suji-bachi-kabuto-4\/"]}]},{"@type":"ImageObject","inLanguage":"it-IT","@id":"https:\/\/www.supeinnihonto.com\/it\/prodotto\/suji-bachi-kabuto-4\/#primaryimage","url":"https:\/\/i0.wp.com\/www.supeinnihonto.com\/wp-content\/uploads\/2024\/01\/logo-sold-scaled.png?fit=3125%2C1875&ssl=1","contentUrl":"https:\/\/i0.wp.com\/www.supeinnihonto.com\/wp-content\/uploads\/2024\/01\/logo-sold-scaled.png?fit=3125%2C1875&ssl=1","width":3125,"height":1875,"caption":"Sold"},{"@type":"BreadcrumbList","@id":"https:\/\/www.supeinnihonto.com\/it\/prodotto\/suji-bachi-kabuto-4\/#breadcrumb","itemListElement":[{"@type":"ListItem","position":1,"name":"Portada","item":"https:\/\/www.supeinnihonto.com\/it\/"},{"@type":"ListItem","position":2,"name":"Shop","item":"https:\/\/www.supeinnihonto.com\/it\/shop\/"},{"@type":"ListItem","position":3,"name":"Suji Bachi Kabuto"}]},{"@type":"WebSite","@id":"https:\/\/www.supeinnihonto.com\/it\/#website","url":"https:\/\/www.supeinnihonto.com\/it\/","name":"Supein Nihonto","description":"Authentic japanese Nihonto katana ","publisher":{"@id":"https:\/\/www.supeinnihonto.com\/it\/#organization"},"potentialAction":[{"@type":"SearchAction","target":{"@type":"EntryPoint","urlTemplate":"https:\/\/www.supeinnihonto.com\/it\/?s={search_term_string}"},"query-input":{"@type":"PropertyValueSpecification","valueRequired":true,"valueName":"search_term_string"}}],"inLanguage":"it-IT"},{"@type":"Organization","@id":"https:\/\/www.supeinnihonto.com\/it\/#organization","name":"SupeinNihonto","url":"https:\/\/www.supeinnihonto.com\/it\/","logo":{"@type":"ImageObject","inLanguage":"it-IT","@id":"https:\/\/www.supeinnihonto.com\/it\/#\/schema\/logo\/image\/","url":"https:\/\/www.supeinnihonto.com\/wp-content\/uploads\/2021\/11\/animation_Default_3szk0jcenoloop.gif","contentUrl":"https:\/\/www.supeinnihonto.com\/wp-content\/uploads\/2021\/11\/animation_Default_3szk0jcenoloop.gif","width":750,"height":641,"caption":"SupeinNihonto"},"image":{"@id":"https:\/\/www.supeinnihonto.com\/it\/#\/schema\/logo\/image\/"}}]}},"jetpack-related-posts":[{"id":10970,"url":"https:\/\/www.supeinnihonto.com\/it\/prodotto\/tengu-kawari-kabuto\/","url_meta":{"origin":39177,"position":0},"title":"Tengu Kawari Kabuto","author":"Eric Majo","date":"29 de Novembre de 2025","format":false,"excerpt":"Chi siamo: Le nostre fotografie sono scattate senza ritocchi o photoshop per garantire che il cliente possa giudicare la realt\u00e0 dell'oggetto. Grazie a un lavoro costante direttamente con i migliori collezionisti, musei e gallerie in Giappone e all'amicizia con loro, insieme a un margine di profitto molto inferiore rispetto alla\u2026","rel":"","context":"Articolo simile","block_context":{"text":"Articolo simile","link":""},"img":{"alt_text":"Tengu kabuto for sale","src":"https:\/\/i0.wp.com\/www.supeinnihonto.com\/wp-content\/uploads\/2025\/11\/DSC_4003-scaled.jpg?fit=1200%2C959&ssl=1&resize=350%2C200","width":350,"height":200,"srcset":"https:\/\/i0.wp.com\/www.supeinnihonto.com\/wp-content\/uploads\/2025\/11\/DSC_4003-scaled.jpg?fit=1200%2C959&ssl=1&resize=350%2C200 1x, https:\/\/i0.wp.com\/www.supeinnihonto.com\/wp-content\/uploads\/2025\/11\/DSC_4003-scaled.jpg?fit=1200%2C959&ssl=1&resize=525%2C300 1.5x, https:\/\/i0.wp.com\/www.supeinnihonto.com\/wp-content\/uploads\/2025\/11\/DSC_4003-scaled.jpg?fit=1200%2C959&ssl=1&resize=700%2C400 2x, https:\/\/i0.wp.com\/www.supeinnihonto.com\/wp-content\/uploads\/2025\/11\/DSC_4003-scaled.jpg?fit=1200%2C959&ssl=1&resize=1050%2C600 3x"},"classes":[]},{"id":11290,"url":"https:\/\/www.supeinnihonto.com\/it\/prodotto\/snake-maedate-kabuto\/","url_meta":{"origin":39177,"position":1},"title":"Snake Maedate Kabuto","author":"Eric Majo","date":"22 de Luglio de 2025","format":false,"excerpt":"About US: Le nostre fotografie sono realizzate senza ritocchi o Photoshop, per garantire che il cliente possa giudicare fedelmente la reale condizione dell\u2019oggetto. Grazie a un lavoro costante e diretto con i migliori collezionisti, musei e gallerie del Giappone, nonch\u00e9 a rapporti di amicizia con essi, uniti a un margine\u2026","rel":"","context":"Articolo simile","block_context":{"text":"Articolo simile","link":""},"img":{"alt_text":"Snake Maedate Kabuto","src":"https:\/\/i0.wp.com\/www.supeinnihonto.com\/wp-content\/uploads\/2025\/07\/DSC_9960-scaled-1.webp?fit=1200%2C966&ssl=1&resize=350%2C200","width":350,"height":200,"srcset":"https:\/\/i0.wp.com\/www.supeinnihonto.com\/wp-content\/uploads\/2025\/07\/DSC_9960-scaled-1.webp?fit=1200%2C966&ssl=1&resize=350%2C200 1x, https:\/\/i0.wp.com\/www.supeinnihonto.com\/wp-content\/uploads\/2025\/07\/DSC_9960-scaled-1.webp?fit=1200%2C966&ssl=1&resize=525%2C300 1.5x, https:\/\/i0.wp.com\/www.supeinnihonto.com\/wp-content\/uploads\/2025\/07\/DSC_9960-scaled-1.webp?fit=1200%2C966&ssl=1&resize=700%2C400 2x, https:\/\/i0.wp.com\/www.supeinnihonto.com\/wp-content\/uploads\/2025\/07\/DSC_9960-scaled-1.webp?fit=1200%2C966&ssl=1&resize=1050%2C600 3x"},"classes":[]},{"id":13521,"url":"https:\/\/www.supeinnihonto.com\/it\/prodotto\/kawari-kabuto-shachihoko\/","url_meta":{"origin":39177,"position":2},"title":"Kawari Kabuto Shachihoko","author":"Supein Nihonto","date":"30 de Maggio de 2024","format":false,"excerpt":"Chi Siamo: Le nostre fotografie sono scattate senza ritocchi o photoshop per garantire che il cliente possa giudicare la realt\u00e0 dell'oggetto. Grazie a un lavoro costante direttamente con i migliori collezionisti, musei e gallerie in Giappone e all'amicizia con loro, insieme a un margine di profitto molto inferiore rispetto alla\u2026","rel":"","context":"Articolo simile","block_context":{"text":"Articolo simile","link":""},"img":{"alt_text":"Kawari Kabuto Shachihoko","src":"https:\/\/i0.wp.com\/www.supeinnihonto.com\/wp-content\/uploads\/2024\/05\/DSC_4575-scaled.jpg?fit=800%2C1200&ssl=1&resize=350%2C200","width":350,"height":200,"srcset":"https:\/\/i0.wp.com\/www.supeinnihonto.com\/wp-content\/uploads\/2024\/05\/DSC_4575-scaled.jpg?fit=800%2C1200&ssl=1&resize=350%2C200 1x, https:\/\/i0.wp.com\/www.supeinnihonto.com\/wp-content\/uploads\/2024\/05\/DSC_4575-scaled.jpg?fit=800%2C1200&ssl=1&resize=525%2C300 1.5x, https:\/\/i0.wp.com\/www.supeinnihonto.com\/wp-content\/uploads\/2024\/05\/DSC_4575-scaled.jpg?fit=800%2C1200&ssl=1&resize=700%2C400 2x"},"classes":[]},{"id":10980,"url":"https:\/\/www.supeinnihonto.com\/it\/prodotto\/golden-kawari-kabuto\/","url_meta":{"origin":39177,"position":3},"title":"Golden Kawari Kabuto","author":"Eric Majo","date":"29 de Novembre de 2025","format":false,"excerpt":"Chi siamo: Le nostre fotografie sono scattate senza ritocchi o utilizzo di Photoshop, per permettere al cliente di valutare la reale condizione dell\u2019oggetto. Grazie a un lavoro costante svolto direttamente con i migliori collezionisti, musei e gallerie del Giappone, e a rapporti di amicizia con essi, insieme a un margine\u2026","rel":"","context":"Articolo simile","block_context":{"text":"Articolo simile","link":""},"img":{"alt_text":"Sold","src":"https:\/\/i0.wp.com\/www.supeinnihonto.com\/wp-content\/uploads\/2024\/01\/logo-sold-scaled.png?fit=1200%2C720&ssl=1&resize=350%2C200","width":350,"height":200,"srcset":"https:\/\/i0.wp.com\/www.supeinnihonto.com\/wp-content\/uploads\/2024\/01\/logo-sold-scaled.png?fit=1200%2C720&ssl=1&resize=350%2C200 1x, https:\/\/i0.wp.com\/www.supeinnihonto.com\/wp-content\/uploads\/2024\/01\/logo-sold-scaled.png?fit=1200%2C720&ssl=1&resize=525%2C300 1.5x, https:\/\/i0.wp.com\/www.supeinnihonto.com\/wp-content\/uploads\/2024\/01\/logo-sold-scaled.png?fit=1200%2C720&ssl=1&resize=700%2C400 2x, https:\/\/i0.wp.com\/www.supeinnihonto.com\/wp-content\/uploads\/2024\/01\/logo-sold-scaled.png?fit=1200%2C720&ssl=1&resize=1050%2C600 3x"},"classes":[]},{"id":11247,"url":"https:\/\/www.supeinnihonto.com\/it\/prodotto\/usagi-kabuto\/","url_meta":{"origin":39177,"position":4},"title":"Usagi Kabuto","author":"Eric Majo","date":"22 de Luglio de 2025","format":false,"excerpt":"About US: Le nostre fotografie sono realizzate senza ritocchi o Photoshop, per garantire che il cliente possa valutare fedelmente la reale condizione dell\u2019oggetto. Grazie a un lavoro costante e diretto con i migliori collezionisti, musei e gallerie del Giappone, e a rapporti di amicizia con essi, uniti a un margine\u2026","rel":"","context":"Articolo simile","block_context":{"text":"Articolo simile","link":""},"img":{"alt_text":"","src":"https:\/\/i0.wp.com\/www.supeinnihonto.com\/wp-content\/uploads\/2025\/07\/DSC_9977-scaled-1.webp?fit=1200%2C1103&ssl=1&resize=350%2C200","width":350,"height":200,"srcset":"https:\/\/i0.wp.com\/www.supeinnihonto.com\/wp-content\/uploads\/2025\/07\/DSC_9977-scaled-1.webp?fit=1200%2C1103&ssl=1&resize=350%2C200 1x, https:\/\/i0.wp.com\/www.supeinnihonto.com\/wp-content\/uploads\/2025\/07\/DSC_9977-scaled-1.webp?fit=1200%2C1103&ssl=1&resize=525%2C300 1.5x, https:\/\/i0.wp.com\/www.supeinnihonto.com\/wp-content\/uploads\/2025\/07\/DSC_9977-scaled-1.webp?fit=1200%2C1103&ssl=1&resize=700%2C400 2x, https:\/\/i0.wp.com\/www.supeinnihonto.com\/wp-content\/uploads\/2025\/07\/DSC_9977-scaled-1.webp?fit=1200%2C1103&ssl=1&resize=1050%2C600 3x"},"classes":[]},{"id":10993,"url":"https:\/\/www.supeinnihonto.com\/it\/prodotto\/kawari-kabuto\/","url_meta":{"origin":39177,"position":5},"title":"Kawari Kabuto","author":"Eric Majo","date":"25 de Novembre de 2025","format":false,"excerpt":"Chi siamo: Le nostre fotografie sono scattate senza ritocchi o photoshop per garantire che il cliente possa giudicare la realt\u00e0 dell'oggetto. Grazie a un lavoro costante direttamente con i migliori collezionisti, musei e gallerie in Giappone e all'amicizia con loro, insieme a un margine di profitto molto inferiore rispetto alla\u2026","rel":"","context":"Articolo simile","block_context":{"text":"Articolo simile","link":""},"img":{"alt_text":"Kabuto for sale","src":"https:\/\/i0.wp.com\/www.supeinnihonto.com\/wp-content\/uploads\/2025\/11\/DSC_3872-scaled.jpg?fit=975%2C1200&ssl=1&resize=350%2C200","width":350,"height":200,"srcset":"https:\/\/i0.wp.com\/www.supeinnihonto.com\/wp-content\/uploads\/2025\/11\/DSC_3872-scaled.jpg?fit=975%2C1200&ssl=1&resize=350%2C200 1x, https:\/\/i0.wp.com\/www.supeinnihonto.com\/wp-content\/uploads\/2025\/11\/DSC_3872-scaled.jpg?fit=975%2C1200&ssl=1&resize=525%2C300 1.5x, https:\/\/i0.wp.com\/www.supeinnihonto.com\/wp-content\/uploads\/2025\/11\/DSC_3872-scaled.jpg?fit=975%2C1200&ssl=1&resize=700%2C400 2x"},"classes":[]}],"jetpack_sharing_enabled":true,"_links":{"self":[{"href":"https:\/\/www.supeinnihonto.com\/it\/wp-json\/wp\/v2\/product\/39177","targetHints":{"allow":["GET"]}}],"collection":[{"href":"https:\/\/www.supeinnihonto.com\/it\/wp-json\/wp\/v2\/product"}],"about":[{"href":"https:\/\/www.supeinnihonto.com\/it\/wp-json\/wp\/v2\/types\/product"}],"wp:featuredmedia":[{"embeddable":true,"href":"https:\/\/www.supeinnihonto.com\/it\/wp-json\/wp\/v2\/media\/11082"}],"wp:attachment":[{"href":"https:\/\/www.supeinnihonto.com\/it\/wp-json\/wp\/v2\/media?parent=39177"}],"wp:term":[{"taxonomy":"product_brand","embeddable":true,"href":"https:\/\/www.supeinnihonto.com\/it\/wp-json\/wp\/v2\/product_brand?post=39177"},{"taxonomy":"product_cat","embeddable":true,"href":"https:\/\/www.supeinnihonto.com\/it\/wp-json\/wp\/v2\/product_cat?post=39177"},{"taxonomy":"product_tag","embeddable":true,"href":"https:\/\/www.supeinnihonto.com\/it\/wp-json\/wp\/v2\/product_tag?post=39177"}],"curies":[{"name":"wp","href":"https:\/\/api.w.org\/{rel}","templated":true}]}}