{"id":15115,"date":"2024-01-25T19:29:06","date_gmt":"2024-01-25T19:29:06","guid":{"rendered":"https:\/\/www.supeinnihonto.com\/product\/gusoku-kawari-kabuto\/"},"modified":"2025-12-15T06:19:44","modified_gmt":"2025-12-15T06:19:44","slug":"gusoku-kawari-kabuto","status":"publish","type":"product","link":"https:\/\/www.supeinnihonto.com\/it\/prodotto\/gusoku-kawari-kabuto\/","title":{"rendered":"Gusoku elmo kabuto kawari fagiano"},"content":{"rendered":"<p><em><strong>Chi Siamo:<\/strong><\/em><\/p>\n<p>Le nostre fotografie sono scattate senza ritocchi o photoshop per garantire che il cliente possa giudicare la realt\u00e0 dell&#8217;oggetto.<\/p>\n<p>Grazie a un lavoro costante direttamente con i migliori collezionisti, musei e gallerie in Giappone e all&#8217;amicizia con loro, insieme a un margine di profitto molto inferiore rispetto alla concorrenza europea, possiamo offrire oggetti affinch\u00e9 molte persone possano scegliere di avere pezzi autentici con centinaia di anni a prezzi pi\u00f9 che competitivi. Dopotutto, l&#8217;arte dei samurai \u00e8 la nostra passione e vogliamo condividerla con il mondo.<\/p>\n<p><em><strong>Informazioni sull&#8217;armatura:<\/strong><\/em><\/p>\n<p>&nbsp;<\/p>\n<p>Fantastica opportunit\u00e0 per mettere le mani su un&#8217;armatura unica. Questa fantastica armatura del periodo Edo XVIII-XIX secolo \u00e8 stata recentemente esposta alla mostra Geisha e samurai al Palazzo Martorell di Barcellona, Spagna. Una meravigliosa occasione per mettere le mani su un pezzo espositivo fantastico con il suo catalogo a colori completo di pezzi incluso, con pi\u00f9 di 200 pagine. Potete cercare informazioni sul web poich\u00e9 ci sono molti articoli e reportage dedicati a questa mostra, aperta al pubblico per pi\u00f9 di 6 mesi e prorogata pi\u00f9 volte grazie al grande successo che ha avuto, ed \u00e8 stata presentata in diverse televisioni e giornali e sponsorizzata dal consiglio comunale di Barcellona.<\/p>\n<p>Gusoku Kawari kabuto. Questa armatura include la scatola e la struttura di montaggio. Fantastica armatura del periodo Edo in eccellenti condizioni. Tutti gli elementi di questa armatura la rendono una delle migliori scelte. Dal fantastico kawari kabuto a forma di fagiano, realizzato in metallo e ricoperto di lacca, cos\u00ec come i suoi colori fantastici e poco comuni, oltre al suo stato quasi intatto. Indubbiamente un pezzo degno dei migliori musei. Include una bandiera (di periodo successivo) cos\u00ec come uno stendardo di bamb\u00f9 e un supporto per stendardo. Un pezzo spettacolare che delizier\u00e0 ogni collezionista professionista o amatoriale. Indubbiamente appartenuto a un signore feudale di grande potere economico, probabilmente realizzato su misura da un discendente. Il Kabuto \u00e8 una replica quasi esatta del Kabuto portato da Matsudaira Hideyasu (1574-1607) figlio di Tokugawa Ieyasu (immagine allegata).<\/p>\n<p>Vi \u00e8 un oggetto molto antico con alcuni danni o riparazioni, cosa pi\u00f9 che comprensibile in pezzi molto vecchi fatti per il combattimento. A causa della delicatezza del continuo montaggio e smontaggio, non sono accettati resi su armature antiche.<\/p>\n<p>Spedizione gratuita in tutta Europa. Gusoku Kawari Kabuto.<\/p>\n","protected":false},"excerpt":{"rendered":"<p>Chi Siamo: Le nostre fotografie sono scattate senza ritocchi o photoshop per garantire che il cliente possa giudicare la realt\u00e0 dell&#8217;oggetto. Grazie a un lavoro costante direttamente con i migliori collezionisti, musei e gallerie in Giappone e all&#8217;amicizia con loro, insieme a un margine di profitto molto inferiore rispetto alla [&hellip;]<\/p>\n","protected":false},"featured_media":10960,"template":"","meta":{"jetpack_post_was_ever_published":false},"product_brand":[],"product_cat":[731,732],"product_tag":[750,770,752,780,751],"class_list":{"0":"post-15115","1":"product","2":"type-product","3":"status-publish","4":"has-post-thumbnail","6":"product_cat-armatura","7":"product_cat-gusoku-yoroi","8":"product_tag-edo","9":"product_tag-gusoku","10":"product_tag-hierro","11":"product_tag-venduto","12":"product_tag-yoroi","14":"first","15":"outofstock","16":"sold-individually","17":"shipping-taxable","18":"purchasable","19":"product-type-simple"},"yoast_head":"<!-- This site is optimized with the Yoast SEO plugin v27.5 - https:\/\/yoast.com\/product\/yoast-seo-wordpress\/ -->\n<title>Gusoku elmo kabuto kawari fagiano - Supein Nihonto<\/title>\n<meta name=\"description\" content=\"Gusoku Kawari kabuto. This armor includes the box and mounting structure. Fantastic Edo period armor in excellent condition. All the elements of this...\" \/>\n<meta name=\"robots\" content=\"index, follow, max-snippet:-1, max-image-preview:large, max-video-preview:-1\" \/>\n<link rel=\"canonical\" href=\"https:\/\/www.supeinnihonto.com\/it\/prodotto\/gusoku-kawari-kabuto\/\" \/>\n<meta property=\"og:locale\" content=\"it_IT\" \/>\n<meta property=\"og:type\" content=\"article\" \/>\n<meta property=\"og:title\" content=\"Gusoku elmo kabuto kawari fagiano - Supein Nihonto\" \/>\n<meta property=\"og:description\" content=\"Gusoku Kawari kabuto. This armor includes the box and mounting structure. Fantastic Edo period armor in excellent condition. All the elements of this...\" \/>\n<meta property=\"og:url\" content=\"https:\/\/www.supeinnihonto.com\/it\/prodotto\/gusoku-kawari-kabuto\/\" \/>\n<meta property=\"og:site_name\" content=\"Supein Nihonto\" \/>\n<meta property=\"article:modified_time\" content=\"2025-12-15T06:19:44+00:00\" \/>\n<meta property=\"og:image\" content=\"https:\/\/www.supeinnihonto.com\/wp-content\/uploads\/2024\/02\/logo-sold.png\" \/>\n\t<meta property=\"og:image:width\" content=\"3125\" \/>\n\t<meta property=\"og:image:height\" content=\"1875\" \/>\n\t<meta property=\"og:image:type\" content=\"image\/png\" \/>\n<meta name=\"twitter:card\" content=\"summary_large_image\" \/>\n<meta name=\"twitter:label1\" content=\"Tempo di lettura stimato\" \/>\n\t<meta name=\"twitter:data1\" content=\"2 minuto\" \/>\n<script type=\"application\/ld+json\" class=\"yoast-schema-graph\">{\"@context\":\"https:\\\/\\\/schema.org\",\"@graph\":[{\"@type\":\"WebPage\",\"@id\":\"https:\\\/\\\/www.supeinnihonto.com\\\/it\\\/prodotto\\\/gusoku-kawari-kabuto\\\/\",\"url\":\"https:\\\/\\\/www.supeinnihonto.com\\\/it\\\/prodotto\\\/gusoku-kawari-kabuto\\\/\",\"name\":\"Gusoku elmo kabuto kawari fagiano - Supein Nihonto\",\"isPartOf\":{\"@id\":\"https:\\\/\\\/www.supeinnihonto.com\\\/it\\\/#website\"},\"primaryImageOfPage\":{\"@id\":\"https:\\\/\\\/www.supeinnihonto.com\\\/it\\\/prodotto\\\/gusoku-kawari-kabuto\\\/#primaryimage\"},\"image\":{\"@id\":\"https:\\\/\\\/www.supeinnihonto.com\\\/it\\\/prodotto\\\/gusoku-kawari-kabuto\\\/#primaryimage\"},\"thumbnailUrl\":\"https:\\\/\\\/i0.wp.com\\\/www.supeinnihonto.com\\\/wp-content\\\/uploads\\\/2024\\\/02\\\/logo-sold-scaled.png?fit=3125%2C1875&ssl=1\",\"datePublished\":\"2024-01-25T19:29:06+00:00\",\"dateModified\":\"2025-12-15T06:19:44+00:00\",\"description\":\"Gusoku Kawari kabuto. This armor includes the box and mounting structure. Fantastic Edo period armor in excellent condition. All the elements of this...\",\"breadcrumb\":{\"@id\":\"https:\\\/\\\/www.supeinnihonto.com\\\/it\\\/prodotto\\\/gusoku-kawari-kabuto\\\/#breadcrumb\"},\"inLanguage\":\"it-IT\",\"potentialAction\":[{\"@type\":\"ReadAction\",\"target\":[\"https:\\\/\\\/www.supeinnihonto.com\\\/it\\\/prodotto\\\/gusoku-kawari-kabuto\\\/\"]}]},{\"@type\":\"ImageObject\",\"inLanguage\":\"it-IT\",\"@id\":\"https:\\\/\\\/www.supeinnihonto.com\\\/it\\\/prodotto\\\/gusoku-kawari-kabuto\\\/#primaryimage\",\"url\":\"https:\\\/\\\/i0.wp.com\\\/www.supeinnihonto.com\\\/wp-content\\\/uploads\\\/2024\\\/02\\\/logo-sold-scaled.png?fit=3125%2C1875&ssl=1\",\"contentUrl\":\"https:\\\/\\\/i0.wp.com\\\/www.supeinnihonto.com\\\/wp-content\\\/uploads\\\/2024\\\/02\\\/logo-sold-scaled.png?fit=3125%2C1875&ssl=1\",\"width\":3125,\"height\":1875,\"caption\":\"sold\"},{\"@type\":\"BreadcrumbList\",\"@id\":\"https:\\\/\\\/www.supeinnihonto.com\\\/it\\\/prodotto\\\/gusoku-kawari-kabuto\\\/#breadcrumb\",\"itemListElement\":[{\"@type\":\"ListItem\",\"position\":1,\"name\":\"Portada\",\"item\":\"https:\\\/\\\/www.supeinnihonto.com\\\/it\\\/\"},{\"@type\":\"ListItem\",\"position\":2,\"name\":\"Shop\",\"item\":\"https:\\\/\\\/www.supeinnihonto.com\\\/it\\\/shop\\\/\"},{\"@type\":\"ListItem\",\"position\":3,\"name\":\"Gusoku elmo kabuto kawari fagiano\"}]},{\"@type\":\"WebSite\",\"@id\":\"https:\\\/\\\/www.supeinnihonto.com\\\/it\\\/#website\",\"url\":\"https:\\\/\\\/www.supeinnihonto.com\\\/it\\\/\",\"name\":\"Supein Nihonto\",\"description\":\"Authentic japanese Nihonto katana \",\"publisher\":{\"@id\":\"https:\\\/\\\/www.supeinnihonto.com\\\/it\\\/#organization\"},\"potentialAction\":[{\"@type\":\"SearchAction\",\"target\":{\"@type\":\"EntryPoint\",\"urlTemplate\":\"https:\\\/\\\/www.supeinnihonto.com\\\/it\\\/?s={search_term_string}\"},\"query-input\":{\"@type\":\"PropertyValueSpecification\",\"valueRequired\":true,\"valueName\":\"search_term_string\"}}],\"inLanguage\":\"it-IT\"},{\"@type\":\"Organization\",\"@id\":\"https:\\\/\\\/www.supeinnihonto.com\\\/it\\\/#organization\",\"name\":\"SupeinNihonto\",\"url\":\"https:\\\/\\\/www.supeinnihonto.com\\\/it\\\/\",\"logo\":{\"@type\":\"ImageObject\",\"inLanguage\":\"it-IT\",\"@id\":\"https:\\\/\\\/www.supeinnihonto.com\\\/it\\\/#\\\/schema\\\/logo\\\/image\\\/\",\"url\":\"https:\\\/\\\/www.supeinnihonto.com\\\/wp-content\\\/uploads\\\/2021\\\/11\\\/animation_Default_3szk0jcenoloop.gif\",\"contentUrl\":\"https:\\\/\\\/www.supeinnihonto.com\\\/wp-content\\\/uploads\\\/2021\\\/11\\\/animation_Default_3szk0jcenoloop.gif\",\"width\":750,\"height\":641,\"caption\":\"SupeinNihonto\"},\"image\":{\"@id\":\"https:\\\/\\\/www.supeinnihonto.com\\\/it\\\/#\\\/schema\\\/logo\\\/image\\\/\"}}]}<\/script>\n<!-- \/ Yoast SEO plugin. -->","yoast_head_json":{"title":"Gusoku elmo kabuto kawari fagiano - Supein Nihonto","description":"Gusoku Kawari kabuto. This armor includes the box and mounting structure. Fantastic Edo period armor in excellent condition. All the elements of this...","robots":{"index":"index","follow":"follow","max-snippet":"max-snippet:-1","max-image-preview":"max-image-preview:large","max-video-preview":"max-video-preview:-1"},"canonical":"https:\/\/www.supeinnihonto.com\/it\/prodotto\/gusoku-kawari-kabuto\/","og_locale":"it_IT","og_type":"article","og_title":"Gusoku elmo kabuto kawari fagiano - Supein Nihonto","og_description":"Gusoku Kawari kabuto. This armor includes the box and mounting structure. Fantastic Edo period armor in excellent condition. All the elements of this...","og_url":"https:\/\/www.supeinnihonto.com\/it\/prodotto\/gusoku-kawari-kabuto\/","og_site_name":"Supein Nihonto","article_modified_time":"2025-12-15T06:19:44+00:00","og_image":[{"width":3125,"height":1875,"url":"https:\/\/www.supeinnihonto.com\/wp-content\/uploads\/2024\/02\/logo-sold.png","type":"image\/png"}],"twitter_card":"summary_large_image","twitter_misc":{"Tempo di lettura stimato":"2 minuto"},"schema":{"@context":"https:\/\/schema.org","@graph":[{"@type":"WebPage","@id":"https:\/\/www.supeinnihonto.com\/it\/prodotto\/gusoku-kawari-kabuto\/","url":"https:\/\/www.supeinnihonto.com\/it\/prodotto\/gusoku-kawari-kabuto\/","name":"Gusoku elmo kabuto kawari fagiano - Supein Nihonto","isPartOf":{"@id":"https:\/\/www.supeinnihonto.com\/it\/#website"},"primaryImageOfPage":{"@id":"https:\/\/www.supeinnihonto.com\/it\/prodotto\/gusoku-kawari-kabuto\/#primaryimage"},"image":{"@id":"https:\/\/www.supeinnihonto.com\/it\/prodotto\/gusoku-kawari-kabuto\/#primaryimage"},"thumbnailUrl":"https:\/\/i0.wp.com\/www.supeinnihonto.com\/wp-content\/uploads\/2024\/02\/logo-sold-scaled.png?fit=3125%2C1875&ssl=1","datePublished":"2024-01-25T19:29:06+00:00","dateModified":"2025-12-15T06:19:44+00:00","description":"Gusoku Kawari kabuto. This armor includes the box and mounting structure. Fantastic Edo period armor in excellent condition. All the elements of this...","breadcrumb":{"@id":"https:\/\/www.supeinnihonto.com\/it\/prodotto\/gusoku-kawari-kabuto\/#breadcrumb"},"inLanguage":"it-IT","potentialAction":[{"@type":"ReadAction","target":["https:\/\/www.supeinnihonto.com\/it\/prodotto\/gusoku-kawari-kabuto\/"]}]},{"@type":"ImageObject","inLanguage":"it-IT","@id":"https:\/\/www.supeinnihonto.com\/it\/prodotto\/gusoku-kawari-kabuto\/#primaryimage","url":"https:\/\/i0.wp.com\/www.supeinnihonto.com\/wp-content\/uploads\/2024\/02\/logo-sold-scaled.png?fit=3125%2C1875&ssl=1","contentUrl":"https:\/\/i0.wp.com\/www.supeinnihonto.com\/wp-content\/uploads\/2024\/02\/logo-sold-scaled.png?fit=3125%2C1875&ssl=1","width":3125,"height":1875,"caption":"sold"},{"@type":"BreadcrumbList","@id":"https:\/\/www.supeinnihonto.com\/it\/prodotto\/gusoku-kawari-kabuto\/#breadcrumb","itemListElement":[{"@type":"ListItem","position":1,"name":"Portada","item":"https:\/\/www.supeinnihonto.com\/it\/"},{"@type":"ListItem","position":2,"name":"Shop","item":"https:\/\/www.supeinnihonto.com\/it\/shop\/"},{"@type":"ListItem","position":3,"name":"Gusoku elmo kabuto kawari fagiano"}]},{"@type":"WebSite","@id":"https:\/\/www.supeinnihonto.com\/it\/#website","url":"https:\/\/www.supeinnihonto.com\/it\/","name":"Supein Nihonto","description":"Authentic japanese Nihonto katana ","publisher":{"@id":"https:\/\/www.supeinnihonto.com\/it\/#organization"},"potentialAction":[{"@type":"SearchAction","target":{"@type":"EntryPoint","urlTemplate":"https:\/\/www.supeinnihonto.com\/it\/?s={search_term_string}"},"query-input":{"@type":"PropertyValueSpecification","valueRequired":true,"valueName":"search_term_string"}}],"inLanguage":"it-IT"},{"@type":"Organization","@id":"https:\/\/www.supeinnihonto.com\/it\/#organization","name":"SupeinNihonto","url":"https:\/\/www.supeinnihonto.com\/it\/","logo":{"@type":"ImageObject","inLanguage":"it-IT","@id":"https:\/\/www.supeinnihonto.com\/it\/#\/schema\/logo\/image\/","url":"https:\/\/www.supeinnihonto.com\/wp-content\/uploads\/2021\/11\/animation_Default_3szk0jcenoloop.gif","contentUrl":"https:\/\/www.supeinnihonto.com\/wp-content\/uploads\/2021\/11\/animation_Default_3szk0jcenoloop.gif","width":750,"height":641,"caption":"SupeinNihonto"},"image":{"@id":"https:\/\/www.supeinnihonto.com\/it\/#\/schema\/logo\/image\/"}}]}},"jetpack-related-posts":[{"id":12346,"url":"https:\/\/www.supeinnihonto.com\/it\/prodotto\/marugata-shakudo-samurai\/","url_meta":{"origin":15115,"position":0},"title":"Marugata shakudo tsuba samurai","author":"Eric Majo","date":"12 de Novembre de 2024","format":false,"excerpt":"ARTICOLO: Fornito con certificato di Supein Nihonto. Include scatola in legno. Firmato \u201cNara Naoyoshi\u201d, tsuba marugata in shakud\u014d k\u0101\u014d (lega di oro e rame). Un pezzo di qualit\u00e0 insuperabile, degno dei migliori musei del mondo. \u00c8 facile apprezzare l\u2019eccezionale livello di dettaglio e incisione di questa magnifica opera che raffigura\u2026","rel":"","context":"Articolo simile","block_context":{"text":"Articolo simile","link":""},"img":{"alt_text":"Marugata shakudo tsuba samurai","src":"https:\/\/i0.wp.com\/www.supeinnihonto.com\/wp-content\/uploads\/2024\/11\/DSC1956-scaled.jpg?fit=1200%2C800&ssl=1&resize=350%2C200","width":350,"height":200,"srcset":"https:\/\/i0.wp.com\/www.supeinnihonto.com\/wp-content\/uploads\/2024\/11\/DSC1956-scaled.jpg?fit=1200%2C800&ssl=1&resize=350%2C200 1x, https:\/\/i0.wp.com\/www.supeinnihonto.com\/wp-content\/uploads\/2024\/11\/DSC1956-scaled.jpg?fit=1200%2C800&ssl=1&resize=525%2C300 1.5x, https:\/\/i0.wp.com\/www.supeinnihonto.com\/wp-content\/uploads\/2024\/11\/DSC1956-scaled.jpg?fit=1200%2C800&ssl=1&resize=700%2C400 2x, https:\/\/i0.wp.com\/www.supeinnihonto.com\/wp-content\/uploads\/2024\/11\/DSC1956-scaled.jpg?fit=1200%2C800&ssl=1&resize=1050%2C600 3x"},"classes":[]},{"id":14663,"url":"https:\/\/www.supeinnihonto.com\/it\/prodotto\/fuchi-kashira-e-kurigata-con-samurai\/","url_meta":{"origin":15115,"position":1},"title":"Fuchi Kashira e kurigata con samurai","author":"Supein Nihonto","date":"13 de Maggio de 2024","format":false,"excerpt":"Oggetto: Fuchi Kashira e kurigata con samurai. Set molto raro di fuchi, kashira e kurigata per katana. Pezzo eccezionalmente raro per la presenza completa dei tre elementi e per la sua alta qualit\u00e0. \u00c8 inoltre raro trovare un kurigata, poich\u00e9 solitamente erano realizzati in legno o corno e solo raramente,\u2026","rel":"","context":"Articolo simile","block_context":{"text":"Articolo simile","link":""},"img":{"alt_text":"Fuchi Kashira and kojiri Samurais","src":"https:\/\/i0.wp.com\/www.supeinnihonto.com\/wp-content\/uploads\/2024\/05\/DSC_3903-scaled.jpg?fit=1200%2C800&ssl=1&resize=350%2C200","width":350,"height":200,"srcset":"https:\/\/i0.wp.com\/www.supeinnihonto.com\/wp-content\/uploads\/2024\/05\/DSC_3903-scaled.jpg?fit=1200%2C800&ssl=1&resize=350%2C200 1x, https:\/\/i0.wp.com\/www.supeinnihonto.com\/wp-content\/uploads\/2024\/05\/DSC_3903-scaled.jpg?fit=1200%2C800&ssl=1&resize=525%2C300 1.5x, https:\/\/i0.wp.com\/www.supeinnihonto.com\/wp-content\/uploads\/2024\/05\/DSC_3903-scaled.jpg?fit=1200%2C800&ssl=1&resize=700%2C400 2x, https:\/\/i0.wp.com\/www.supeinnihonto.com\/wp-content\/uploads\/2024\/05\/DSC_3903-scaled.jpg?fit=1200%2C800&ssl=1&resize=1050%2C600 3x"},"classes":[]},{"id":14799,"url":"https:\/\/www.supeinnihonto.com\/it\/prodotto\/marugata-iron-ox-tsuba\/","url_meta":{"origin":15115,"position":2},"title":"Tsuba marugata in ferro con bue","author":"Supein Nihonto","date":"8 de Maggio de 2024","format":false,"excerpt":"OGGETTO: Fornito con certificato di SupeinNihonto. Tsuba marugata in ferro con buoi. Bellissima tsuba di forma insolita (kawari), firmata, realizzata in ferro, raffigurante due buoi che formano un cerchio. Lo shogun e unificatore del Giappone Tokugawa Ieyasu possedeva una di queste tsuba su una delle sue spade. Ricchissima di dettagli.\u2026","rel":"","context":"Articolo simile","block_context":{"text":"Articolo simile","link":""},"img":{"alt_text":"Marugata Iron ox tsuba","src":"https:\/\/i0.wp.com\/www.supeinnihonto.com\/wp-content\/uploads\/2024\/05\/DSC_3555-scaled.jpg?fit=1200%2C800&ssl=1&resize=350%2C200","width":350,"height":200,"srcset":"https:\/\/i0.wp.com\/www.supeinnihonto.com\/wp-content\/uploads\/2024\/05\/DSC_3555-scaled.jpg?fit=1200%2C800&ssl=1&resize=350%2C200 1x, https:\/\/i0.wp.com\/www.supeinnihonto.com\/wp-content\/uploads\/2024\/05\/DSC_3555-scaled.jpg?fit=1200%2C800&ssl=1&resize=525%2C300 1.5x, https:\/\/i0.wp.com\/www.supeinnihonto.com\/wp-content\/uploads\/2024\/05\/DSC_3555-scaled.jpg?fit=1200%2C800&ssl=1&resize=700%2C400 2x, https:\/\/i0.wp.com\/www.supeinnihonto.com\/wp-content\/uploads\/2024\/05\/DSC_3555-scaled.jpg?fit=1200%2C800&ssl=1&resize=1050%2C600 3x"},"classes":[]},{"id":14759,"url":"https:\/\/www.supeinnihonto.com\/it\/prodotto\/tsuba-aorigata-in-shakudo-con-tigre\/","url_meta":{"origin":15115,"position":3},"title":"Tsuba aorigata in shakud\u014d con tigre","author":"Supein Nihonto","date":"8 de Maggio de 2024","format":false,"excerpt":"OGGETTO: Fornito con certificato di SupeinNihonto. Tsuba aorigata in shakud\u014d con tigre. Tsuba non comune di alta qualit\u00e0, degna di un museo, realizzata in shakud\u014d (lega di oro e rame) con un tigre finemente intagliato, intarsiato nella tsuba e realizzato in shibuichi (lega di argento e rame) o in argento.\u2026","rel":"","context":"Articolo simile","block_context":{"text":"Articolo simile","link":""},"img":{"alt_text":"Aorigata shakudo tiger tsuba","src":"https:\/\/i0.wp.com\/www.supeinnihonto.com\/wp-content\/uploads\/2024\/05\/DSC_3519-scaled.jpg?fit=1200%2C800&ssl=1&resize=350%2C200","width":350,"height":200,"srcset":"https:\/\/i0.wp.com\/www.supeinnihonto.com\/wp-content\/uploads\/2024\/05\/DSC_3519-scaled.jpg?fit=1200%2C800&ssl=1&resize=350%2C200 1x, https:\/\/i0.wp.com\/www.supeinnihonto.com\/wp-content\/uploads\/2024\/05\/DSC_3519-scaled.jpg?fit=1200%2C800&ssl=1&resize=525%2C300 1.5x, https:\/\/i0.wp.com\/www.supeinnihonto.com\/wp-content\/uploads\/2024\/05\/DSC_3519-scaled.jpg?fit=1200%2C800&ssl=1&resize=700%2C400 2x, https:\/\/i0.wp.com\/www.supeinnihonto.com\/wp-content\/uploads\/2024\/05\/DSC_3519-scaled.jpg?fit=1200%2C800&ssl=1&resize=1050%2C600 3x"},"classes":[]},{"id":12402,"url":"https:\/\/www.supeinnihonto.com\/it\/prodotto\/tsuba-marugata-in-ferro-con-motivo-di-capodanno-certificata-nbthk-hozon\/","url_meta":{"origin":15115,"position":4},"title":"Tsuba marugata in ferro con motivo di Capodanno, certificata NBTHK Hozon.","author":"Eric Majo","date":"11 de Novembre de 2024","format":false,"excerpt":"ARTICOLO: Fornito con certificato di Supein Nihonto. Fornito con certificato NBTHK Hozon. Include scatola in legno. Splendido tsuba firmato Unrinsai Naomori, risalente alla met\u00e0 del periodo Edo (circa 1700), raffigurante due uomini in festa che celebrano il Capodanno. Bellissimo tsuba in ferro, intarsiato con oro e argento e ricco di\u2026","rel":"","context":"Articolo simile","block_context":{"text":"Articolo simile","link":""},"img":{"alt_text":"Marugata iron tsuba new year NBTHK hozon","src":"https:\/\/i0.wp.com\/www.supeinnihonto.com\/wp-content\/uploads\/2024\/11\/DSC1858-scaled.jpg?fit=1200%2C800&ssl=1&resize=350%2C200","width":350,"height":200,"srcset":"https:\/\/i0.wp.com\/www.supeinnihonto.com\/wp-content\/uploads\/2024\/11\/DSC1858-scaled.jpg?fit=1200%2C800&ssl=1&resize=350%2C200 1x, https:\/\/i0.wp.com\/www.supeinnihonto.com\/wp-content\/uploads\/2024\/11\/DSC1858-scaled.jpg?fit=1200%2C800&ssl=1&resize=525%2C300 1.5x, https:\/\/i0.wp.com\/www.supeinnihonto.com\/wp-content\/uploads\/2024\/11\/DSC1858-scaled.jpg?fit=1200%2C800&ssl=1&resize=700%2C400 2x, https:\/\/i0.wp.com\/www.supeinnihonto.com\/wp-content\/uploads\/2024\/11\/DSC1858-scaled.jpg?fit=1200%2C800&ssl=1&resize=1050%2C600 3x"},"classes":[]},{"id":14751,"url":"https:\/\/www.supeinnihonto.com\/it\/prodotto\/tsuba-esagonale-in-rame-con-crisantemo\/","url_meta":{"origin":15115,"position":5},"title":"Tsuba esagonale in rame con crisantemo","author":"Supein Nihonto","date":"8 de Maggio de 2024","format":false,"excerpt":"OGGETTO: Fornito con certificato di SupeinNihonto. Raro esempio di tsuba esagonale realizzata con due materiali, esterno in rame e interno raffigurante un crisantemo in shakud\u014d. Tsuba molto rara e da collezione. 6,7 x 6,2 cm CHI SIAMO: Da Supein Nihonto ci impegniamo a offrirvi spade e armature da samurai di\u2026","rel":"","context":"Articolo simile","block_context":{"text":"Articolo simile","link":""},"img":{"alt_text":"Exagonal copper Chrisantemum tsuba","src":"https:\/\/i0.wp.com\/www.supeinnihonto.com\/wp-content\/uploads\/2024\/05\/Exagonal-copper-Chrisantemum.webp?fit=600%2C400&ssl=1&resize=350%2C200","width":350,"height":200,"srcset":"https:\/\/i0.wp.com\/www.supeinnihonto.com\/wp-content\/uploads\/2024\/05\/Exagonal-copper-Chrisantemum.webp?fit=600%2C400&ssl=1&resize=350%2C200 1x, https:\/\/i0.wp.com\/www.supeinnihonto.com\/wp-content\/uploads\/2024\/05\/Exagonal-copper-Chrisantemum.webp?fit=600%2C400&ssl=1&resize=525%2C300 1.5x"},"classes":[]}],"jetpack_sharing_enabled":true,"_links":{"self":[{"href":"https:\/\/www.supeinnihonto.com\/it\/wp-json\/wp\/v2\/product\/15115","targetHints":{"allow":["GET"]}}],"collection":[{"href":"https:\/\/www.supeinnihonto.com\/it\/wp-json\/wp\/v2\/product"}],"about":[{"href":"https:\/\/www.supeinnihonto.com\/it\/wp-json\/wp\/v2\/types\/product"}],"wp:featuredmedia":[{"embeddable":true,"href":"https:\/\/www.supeinnihonto.com\/it\/wp-json\/wp\/v2\/media\/10960"}],"wp:attachment":[{"href":"https:\/\/www.supeinnihonto.com\/it\/wp-json\/wp\/v2\/media?parent=15115"}],"wp:term":[{"taxonomy":"product_brand","embeddable":true,"href":"https:\/\/www.supeinnihonto.com\/it\/wp-json\/wp\/v2\/product_brand?post=15115"},{"taxonomy":"product_cat","embeddable":true,"href":"https:\/\/www.supeinnihonto.com\/it\/wp-json\/wp\/v2\/product_cat?post=15115"},{"taxonomy":"product_tag","embeddable":true,"href":"https:\/\/www.supeinnihonto.com\/it\/wp-json\/wp\/v2\/product_tag?post=15115"}],"curies":[{"name":"wp","href":"https:\/\/api.w.org\/{rel}","templated":true}]}}