{"id":15083,"date":"2024-01-31T13:02:59","date_gmt":"2024-01-31T13:02:59","guid":{"rendered":"https:\/\/www.supeinnihonto.com\/product\/nihonto-katana-fujiwara-korekazu\/"},"modified":"2025-12-15T06:19:54","modified_gmt":"2025-12-15T06:19:54","slug":"nihonto-katana-fujiwara-korekazu","status":"publish","type":"product","link":"https:\/\/www.supeinnihonto.com\/it\/prodotto\/nihonto-katana-fujiwara-korekazu\/","title":{"rendered":"&#8220;Oggetto da Esposizione&#8221; Nihonto Katana &#8220;Fujiwara Korekazu&#8221;"},"content":{"rendered":"<p><span>Fantastica opportunit\u00e0 per mettere le mani su un kabuto unico che \u00e8 stato recentemente esposto alla mostra Geisha e samurai al Palazzo Martorell di Barcellona, Spagna. Una meravigliosa occasione per acquisire un pezzo fantastico da esposizione con incluso il catalogo a colori completo delle opere, con pi\u00f9 di 200 pagine. Potete cercare informazioni sul web, poich\u00e9 ci sono molti articoli e reportage dedicati a questa mostra, aperta al pubblico per pi\u00f9 di 6 mesi e prorogata pi\u00f9 volte grazie al grande successo ottenuto, che \u00e8 stata presentata in diverse trasmissioni televisive e giornali, e sponsorizzata dal consiglio comunale di Barcellona.<\/span><\/p>\n<p>Nihonto Katana Fujiwara Korekazu.<\/p>\n<p>Da Supein Nihonto ci impegniamo a offrirvi spade samurai di alta qualit\u00e0 a prezzi molto inferiori rispetto alla concorrenza. Siamo probabilmente il pi\u00f9 grande esportatore in Europa. Questo \u00e8 particolarmente importante per risparmiare su tasse e tempi di attesa che possono superare i tre mesi con i venditori giapponesi e pi\u00f9 del 30% in pi\u00f9 sul prezzo finale. Grazie a questo e ai prezzi professionali pi\u00f9 bassi del settore, oltre al nostro metodo di spedizione rapido ed efficiente, siamo certi che apprezzerete questa grande opportunit\u00e0 di possedere un pezzo d\u2019arte che aumenter\u00e0 di valore negli anni a venire.<\/p>\n<p>Korekazu (2\u00aa generazione)<br \/>\nID KOR18<br \/>\nProvincia Musashi<br \/>\nEra Enp\u014d (1673-1681)<br \/>\nPeriodo Attivo 1673-1681<br \/>\nScuola Ishido<br \/>\nMaestro Korekazu<br \/>\nLineage Immagine \/ Interattivo<\/p>\n<p>Fonte Valutazione Riferimento\/Pagina<br \/>\nHawley 15 KOR18<br \/>\nToko Taikan \u00a53M 233<br \/>\nFujishiro Jo saku S356<br \/>\nFirme:<br \/>\n\u6b66\u8535\u5927\u63be\u85e4\u539f\u662f\u4e00<br \/>\nmusashi daij\u014d fujiwara korekazu<br \/>\n\u5ddd\u4e0a\u5de6\u8fd1\u662f\u4e00<br \/>\nkawakami sakon korekazu<br \/>\n\u77f3\u5802\u5de6\u8fd1\u662f\u4e00<br \/>\nishid\u014d sakon korekazu<br \/>\n\u5ddd\u4e0a\u6b66\u8535\u5927\u63be\u662f\u4e00<br \/>\nkawakami musashi daij\u014d korekazu<br \/>\nLa sua prima firma fu Korenaga \u662f\u9577.<\/p>\n<p>Accompagnata da kimono o borsa di cotone.<\/p>\n<p>Eccellente spada Katana con horimono firmata \u6b66\u8535\u5927\u63be\u85e4\u539f\u662f\u4e00 Musashi daij\u014d fujiwara Korekazu in koshirae Handachi del periodo Edo e shirasaya, dalla mia collezione personale. Bellissimo e vivido hamon e bel Jihada (pelle della lama). Non servono molte parole per vedere la bellezza di questa straordinaria spada. L\u2019horimono, l\u2019hamon perfetto e il grande jihada quasi perfetto rendono questa spada un\u2019aggiunta straordinaria per qualsiasi collezionista professionista. Molto raro e desiderabile trovare una lama con questa qualit\u00e0 di lucidatura in condizioni quasi perfette. Anche il koshirae \u00e8 in ottime condizioni. Un pezzo d\u2019arte sorprendente. Segni normali di uso e battaglia come \u00e8 normale per questo tipo di oggetto. Un grande pezzo da museo per ogni collezionista. Spada speciale e rara, piena di storia da raccontare.<\/p>\n<p>La lama \u00e8 in vecchia lucidatura giapponese, mantenuta in buone condizioni, il jihada dell\u2019acciaio \u00e8 dettagliato e ricco di particolari da apprezzare. Un capolavoro degno di un museo e una grande aggiunta a qualsiasi collezione privata.<\/p>\n<p>La lama \u00e8 in ottime condizioni considerando l\u2019et\u00e0. Nessun hagire n\u00e9 danni fatali, naturalmente. Questa \u00e8 un\u2019arma giapponese con un reale valore storico. \u00c8 un\u2019arma con secoli di storia, non fabbricata a macchina, quindi possono esserci piccoli movimenti di saya, tsuka, tsuba, ecc. A causa di dilatazioni, umidit\u00e0, ecc. e piccoli danni propri della sua et\u00e0 come piccole ruggini, graffi, ecc. Venduta cos\u00ec com\u2019\u00e8.<\/p>\n<p>Un\u2019autentica spada nihonto giapponese, difficile da trovare in Europa, senza i costi conseguenti di importazione dal Giappone o da venditori giapponesi, che possono aumentare il prezzo della spada fino al 30% e richiedere mesi di attesa per spedizione e pratiche doganali. Un vero nihonto per deliziare sia i collezionisti nuovi che quelli esperti.<\/p>\n<p>Nihonto Katana Fujiwara Korekazu<\/p>\n<p>Dimensioni: Koshirae lunghezza totale: 100 cm<br \/>\nLunghezza lama: 69,2 cm<br \/>\nSori: 1,5 cm<\/p>\n","protected":false},"excerpt":{"rendered":"<p>Fantastica opportunit\u00e0 per mettere le mani su un kabuto unico che \u00e8 stato recentemente esposto alla mostra Geisha e samurai al Palazzo Martorell di Barcellona, Spagna. Una meravigliosa occasione per acquisire un pezzo fantastico da esposizione con incluso il catalogo a colori completo delle opere, con pi\u00f9 di 200 pagine. [&hellip;]<\/p>\n","protected":false},"featured_media":10960,"template":"","meta":{"jetpack_post_was_ever_published":false},"product_brand":[],"product_cat":[746,743],"product_tag":[754,755],"class_list":{"0":"post-15083","1":"product","2":"type-product","3":"status-publish","4":"has-post-thumbnail","6":"product_cat-katana-tachi","7":"product_cat-nihonto","8":"product_tag-katana","9":"product_tag-nihonto","10":"product_shipping_class-swords","12":"first","13":"outofstock","14":"sold-individually","15":"shipping-taxable","16":"purchasable","17":"product-type-simple"},"yoast_head":"<!-- This site is optimized with the Yoast SEO plugin v27.5 - https:\/\/yoast.com\/product\/yoast-seo-wordpress\/ -->\n<title>&quot;Oggetto da Esposizione&quot; Nihonto Katana &quot;Fujiwara Korekazu&quot; - Supein Nihonto<\/title>\n<meta name=\"description\" content=\"Nihonto Katana Fujiwara Korekazu Excelent Katana sword with horimono signed \u6b66\u8535\u5927\u63be\u85e4\u539f\u662f\u4e00 Musashi daij\u014d fujiwara Korekazu in Handachi koshirae from Edo period\" \/>\n<meta name=\"robots\" content=\"index, follow, max-snippet:-1, max-image-preview:large, max-video-preview:-1\" \/>\n<link rel=\"canonical\" href=\"https:\/\/www.supeinnihonto.com\/it\/prodotto\/nihonto-katana-fujiwara-korekazu\/\" \/>\n<meta property=\"og:locale\" content=\"it_IT\" \/>\n<meta property=\"og:type\" content=\"article\" \/>\n<meta property=\"og:title\" content=\"&quot;Oggetto da Esposizione&quot; Nihonto Katana &quot;Fujiwara Korekazu&quot; - Supein Nihonto\" \/>\n<meta property=\"og:description\" content=\"Nihonto Katana Fujiwara Korekazu Excelent Katana sword with horimono signed \u6b66\u8535\u5927\u63be\u85e4\u539f\u662f\u4e00 Musashi daij\u014d fujiwara Korekazu in Handachi koshirae from Edo period\" \/>\n<meta property=\"og:url\" content=\"https:\/\/www.supeinnihonto.com\/it\/prodotto\/nihonto-katana-fujiwara-korekazu\/\" \/>\n<meta property=\"og:site_name\" content=\"Supein Nihonto\" \/>\n<meta property=\"article:modified_time\" content=\"2025-12-15T06:19:54+00:00\" \/>\n<meta property=\"og:image\" content=\"https:\/\/www.supeinnihonto.com\/wp-content\/uploads\/2024\/02\/logo-sold.png\" \/>\n\t<meta property=\"og:image:width\" content=\"3125\" \/>\n\t<meta property=\"og:image:height\" content=\"1875\" \/>\n\t<meta property=\"og:image:type\" content=\"image\/png\" \/>\n<meta name=\"twitter:card\" content=\"summary_large_image\" \/>\n<meta name=\"twitter:label1\" content=\"Tempo di lettura stimato\" \/>\n\t<meta name=\"twitter:data1\" content=\"3 minuto\" \/>\n<script type=\"application\/ld+json\" class=\"yoast-schema-graph\">{\"@context\":\"https:\\\/\\\/schema.org\",\"@graph\":[{\"@type\":\"WebPage\",\"@id\":\"https:\\\/\\\/www.supeinnihonto.com\\\/it\\\/prodotto\\\/nihonto-katana-fujiwara-korekazu\\\/\",\"url\":\"https:\\\/\\\/www.supeinnihonto.com\\\/it\\\/prodotto\\\/nihonto-katana-fujiwara-korekazu\\\/\",\"name\":\"\\\"Oggetto da Esposizione\\\" Nihonto Katana \\\"Fujiwara Korekazu\\\" - Supein Nihonto\",\"isPartOf\":{\"@id\":\"https:\\\/\\\/www.supeinnihonto.com\\\/it\\\/#website\"},\"primaryImageOfPage\":{\"@id\":\"https:\\\/\\\/www.supeinnihonto.com\\\/it\\\/prodotto\\\/nihonto-katana-fujiwara-korekazu\\\/#primaryimage\"},\"image\":{\"@id\":\"https:\\\/\\\/www.supeinnihonto.com\\\/it\\\/prodotto\\\/nihonto-katana-fujiwara-korekazu\\\/#primaryimage\"},\"thumbnailUrl\":\"https:\\\/\\\/i0.wp.com\\\/www.supeinnihonto.com\\\/wp-content\\\/uploads\\\/2024\\\/02\\\/logo-sold-scaled.png?fit=3125%2C1875&ssl=1\",\"datePublished\":\"2024-01-31T13:02:59+00:00\",\"dateModified\":\"2025-12-15T06:19:54+00:00\",\"description\":\"Nihonto Katana Fujiwara Korekazu Excelent Katana sword with horimono signed \u6b66\u8535\u5927\u63be\u85e4\u539f\u662f\u4e00 Musashi daij\u014d fujiwara Korekazu in Handachi koshirae from Edo period\",\"breadcrumb\":{\"@id\":\"https:\\\/\\\/www.supeinnihonto.com\\\/it\\\/prodotto\\\/nihonto-katana-fujiwara-korekazu\\\/#breadcrumb\"},\"inLanguage\":\"it-IT\",\"potentialAction\":[{\"@type\":\"ReadAction\",\"target\":[\"https:\\\/\\\/www.supeinnihonto.com\\\/it\\\/prodotto\\\/nihonto-katana-fujiwara-korekazu\\\/\"]}]},{\"@type\":\"ImageObject\",\"inLanguage\":\"it-IT\",\"@id\":\"https:\\\/\\\/www.supeinnihonto.com\\\/it\\\/prodotto\\\/nihonto-katana-fujiwara-korekazu\\\/#primaryimage\",\"url\":\"https:\\\/\\\/i0.wp.com\\\/www.supeinnihonto.com\\\/wp-content\\\/uploads\\\/2024\\\/02\\\/logo-sold-scaled.png?fit=3125%2C1875&ssl=1\",\"contentUrl\":\"https:\\\/\\\/i0.wp.com\\\/www.supeinnihonto.com\\\/wp-content\\\/uploads\\\/2024\\\/02\\\/logo-sold-scaled.png?fit=3125%2C1875&ssl=1\",\"width\":3125,\"height\":1875,\"caption\":\"sold\"},{\"@type\":\"BreadcrumbList\",\"@id\":\"https:\\\/\\\/www.supeinnihonto.com\\\/it\\\/prodotto\\\/nihonto-katana-fujiwara-korekazu\\\/#breadcrumb\",\"itemListElement\":[{\"@type\":\"ListItem\",\"position\":1,\"name\":\"Portada\",\"item\":\"https:\\\/\\\/www.supeinnihonto.com\\\/it\\\/\"},{\"@type\":\"ListItem\",\"position\":2,\"name\":\"Shop\",\"item\":\"https:\\\/\\\/www.supeinnihonto.com\\\/it\\\/shop\\\/\"},{\"@type\":\"ListItem\",\"position\":3,\"name\":\"\u00abOggetto da Esposizione\u00bb Nihonto Katana \u00abFujiwara Korekazu\u00bb\"}]},{\"@type\":\"WebSite\",\"@id\":\"https:\\\/\\\/www.supeinnihonto.com\\\/it\\\/#website\",\"url\":\"https:\\\/\\\/www.supeinnihonto.com\\\/it\\\/\",\"name\":\"Supein Nihonto\",\"description\":\"Authentic japanese Nihonto katana \",\"publisher\":{\"@id\":\"https:\\\/\\\/www.supeinnihonto.com\\\/it\\\/#organization\"},\"potentialAction\":[{\"@type\":\"SearchAction\",\"target\":{\"@type\":\"EntryPoint\",\"urlTemplate\":\"https:\\\/\\\/www.supeinnihonto.com\\\/it\\\/?s={search_term_string}\"},\"query-input\":{\"@type\":\"PropertyValueSpecification\",\"valueRequired\":true,\"valueName\":\"search_term_string\"}}],\"inLanguage\":\"it-IT\"},{\"@type\":\"Organization\",\"@id\":\"https:\\\/\\\/www.supeinnihonto.com\\\/it\\\/#organization\",\"name\":\"SupeinNihonto\",\"url\":\"https:\\\/\\\/www.supeinnihonto.com\\\/it\\\/\",\"logo\":{\"@type\":\"ImageObject\",\"inLanguage\":\"it-IT\",\"@id\":\"https:\\\/\\\/www.supeinnihonto.com\\\/it\\\/#\\\/schema\\\/logo\\\/image\\\/\",\"url\":\"https:\\\/\\\/www.supeinnihonto.com\\\/wp-content\\\/uploads\\\/2021\\\/11\\\/animation_Default_3szk0jcenoloop.gif\",\"contentUrl\":\"https:\\\/\\\/www.supeinnihonto.com\\\/wp-content\\\/uploads\\\/2021\\\/11\\\/animation_Default_3szk0jcenoloop.gif\",\"width\":750,\"height\":641,\"caption\":\"SupeinNihonto\"},\"image\":{\"@id\":\"https:\\\/\\\/www.supeinnihonto.com\\\/it\\\/#\\\/schema\\\/logo\\\/image\\\/\"}}]}<\/script>\n<!-- \/ Yoast SEO plugin. -->","yoast_head_json":{"title":"\"Oggetto da Esposizione\" Nihonto Katana \"Fujiwara Korekazu\" - Supein Nihonto","description":"Nihonto Katana Fujiwara Korekazu Excelent Katana sword with horimono signed \u6b66\u8535\u5927\u63be\u85e4\u539f\u662f\u4e00 Musashi daij\u014d fujiwara Korekazu in Handachi koshirae from Edo period","robots":{"index":"index","follow":"follow","max-snippet":"max-snippet:-1","max-image-preview":"max-image-preview:large","max-video-preview":"max-video-preview:-1"},"canonical":"https:\/\/www.supeinnihonto.com\/it\/prodotto\/nihonto-katana-fujiwara-korekazu\/","og_locale":"it_IT","og_type":"article","og_title":"\"Oggetto da Esposizione\" Nihonto Katana \"Fujiwara Korekazu\" - Supein Nihonto","og_description":"Nihonto Katana Fujiwara Korekazu Excelent Katana sword with horimono signed \u6b66\u8535\u5927\u63be\u85e4\u539f\u662f\u4e00 Musashi daij\u014d fujiwara Korekazu in Handachi koshirae from Edo period","og_url":"https:\/\/www.supeinnihonto.com\/it\/prodotto\/nihonto-katana-fujiwara-korekazu\/","og_site_name":"Supein Nihonto","article_modified_time":"2025-12-15T06:19:54+00:00","og_image":[{"width":3125,"height":1875,"url":"https:\/\/www.supeinnihonto.com\/wp-content\/uploads\/2024\/02\/logo-sold.png","type":"image\/png"}],"twitter_card":"summary_large_image","twitter_misc":{"Tempo di lettura stimato":"3 minuto"},"schema":{"@context":"https:\/\/schema.org","@graph":[{"@type":"WebPage","@id":"https:\/\/www.supeinnihonto.com\/it\/prodotto\/nihonto-katana-fujiwara-korekazu\/","url":"https:\/\/www.supeinnihonto.com\/it\/prodotto\/nihonto-katana-fujiwara-korekazu\/","name":"\"Oggetto da Esposizione\" Nihonto Katana \"Fujiwara Korekazu\" - Supein Nihonto","isPartOf":{"@id":"https:\/\/www.supeinnihonto.com\/it\/#website"},"primaryImageOfPage":{"@id":"https:\/\/www.supeinnihonto.com\/it\/prodotto\/nihonto-katana-fujiwara-korekazu\/#primaryimage"},"image":{"@id":"https:\/\/www.supeinnihonto.com\/it\/prodotto\/nihonto-katana-fujiwara-korekazu\/#primaryimage"},"thumbnailUrl":"https:\/\/i0.wp.com\/www.supeinnihonto.com\/wp-content\/uploads\/2024\/02\/logo-sold-scaled.png?fit=3125%2C1875&ssl=1","datePublished":"2024-01-31T13:02:59+00:00","dateModified":"2025-12-15T06:19:54+00:00","description":"Nihonto Katana Fujiwara Korekazu Excelent Katana sword with horimono signed \u6b66\u8535\u5927\u63be\u85e4\u539f\u662f\u4e00 Musashi daij\u014d fujiwara Korekazu in Handachi koshirae from Edo period","breadcrumb":{"@id":"https:\/\/www.supeinnihonto.com\/it\/prodotto\/nihonto-katana-fujiwara-korekazu\/#breadcrumb"},"inLanguage":"it-IT","potentialAction":[{"@type":"ReadAction","target":["https:\/\/www.supeinnihonto.com\/it\/prodotto\/nihonto-katana-fujiwara-korekazu\/"]}]},{"@type":"ImageObject","inLanguage":"it-IT","@id":"https:\/\/www.supeinnihonto.com\/it\/prodotto\/nihonto-katana-fujiwara-korekazu\/#primaryimage","url":"https:\/\/i0.wp.com\/www.supeinnihonto.com\/wp-content\/uploads\/2024\/02\/logo-sold-scaled.png?fit=3125%2C1875&ssl=1","contentUrl":"https:\/\/i0.wp.com\/www.supeinnihonto.com\/wp-content\/uploads\/2024\/02\/logo-sold-scaled.png?fit=3125%2C1875&ssl=1","width":3125,"height":1875,"caption":"sold"},{"@type":"BreadcrumbList","@id":"https:\/\/www.supeinnihonto.com\/it\/prodotto\/nihonto-katana-fujiwara-korekazu\/#breadcrumb","itemListElement":[{"@type":"ListItem","position":1,"name":"Portada","item":"https:\/\/www.supeinnihonto.com\/it\/"},{"@type":"ListItem","position":2,"name":"Shop","item":"https:\/\/www.supeinnihonto.com\/it\/shop\/"},{"@type":"ListItem","position":3,"name":"\u00abOggetto da Esposizione\u00bb Nihonto Katana \u00abFujiwara Korekazu\u00bb"}]},{"@type":"WebSite","@id":"https:\/\/www.supeinnihonto.com\/it\/#website","url":"https:\/\/www.supeinnihonto.com\/it\/","name":"Supein Nihonto","description":"Authentic japanese Nihonto katana ","publisher":{"@id":"https:\/\/www.supeinnihonto.com\/it\/#organization"},"potentialAction":[{"@type":"SearchAction","target":{"@type":"EntryPoint","urlTemplate":"https:\/\/www.supeinnihonto.com\/it\/?s={search_term_string}"},"query-input":{"@type":"PropertyValueSpecification","valueRequired":true,"valueName":"search_term_string"}}],"inLanguage":"it-IT"},{"@type":"Organization","@id":"https:\/\/www.supeinnihonto.com\/it\/#organization","name":"SupeinNihonto","url":"https:\/\/www.supeinnihonto.com\/it\/","logo":{"@type":"ImageObject","inLanguage":"it-IT","@id":"https:\/\/www.supeinnihonto.com\/it\/#\/schema\/logo\/image\/","url":"https:\/\/www.supeinnihonto.com\/wp-content\/uploads\/2021\/11\/animation_Default_3szk0jcenoloop.gif","contentUrl":"https:\/\/www.supeinnihonto.com\/wp-content\/uploads\/2021\/11\/animation_Default_3szk0jcenoloop.gif","width":750,"height":641,"caption":"SupeinNihonto"},"image":{"@id":"https:\/\/www.supeinnihonto.com\/it\/#\/schema\/logo\/image\/"}}]}},"jetpack-related-posts":[{"id":12402,"url":"https:\/\/www.supeinnihonto.com\/it\/prodotto\/tsuba-marugata-in-ferro-con-motivo-di-capodanno-certificata-nbthk-hozon\/","url_meta":{"origin":15083,"position":0},"title":"Tsuba marugata in ferro con motivo di Capodanno, certificata NBTHK Hozon.","author":"Eric Majo","date":"11 de Novembre de 2024","format":false,"excerpt":"ARTICOLO: Fornito con certificato di Supein Nihonto. Fornito con certificato NBTHK Hozon. Include scatola in legno. Splendido tsuba firmato Unrinsai Naomori, risalente alla met\u00e0 del periodo Edo (circa 1700), raffigurante due uomini in festa che celebrano il Capodanno. Bellissimo tsuba in ferro, intarsiato con oro e argento e ricco di\u2026","rel":"","context":"Articolo simile","block_context":{"text":"Articolo simile","link":""},"img":{"alt_text":"Marugata iron tsuba new year NBTHK hozon","src":"https:\/\/i0.wp.com\/www.supeinnihonto.com\/wp-content\/uploads\/2024\/11\/DSC1858-scaled.jpg?fit=1200%2C800&ssl=1&resize=350%2C200","width":350,"height":200,"srcset":"https:\/\/i0.wp.com\/www.supeinnihonto.com\/wp-content\/uploads\/2024\/11\/DSC1858-scaled.jpg?fit=1200%2C800&ssl=1&resize=350%2C200 1x, https:\/\/i0.wp.com\/www.supeinnihonto.com\/wp-content\/uploads\/2024\/11\/DSC1858-scaled.jpg?fit=1200%2C800&ssl=1&resize=525%2C300 1.5x, https:\/\/i0.wp.com\/www.supeinnihonto.com\/wp-content\/uploads\/2024\/11\/DSC1858-scaled.jpg?fit=1200%2C800&ssl=1&resize=700%2C400 2x, https:\/\/i0.wp.com\/www.supeinnihonto.com\/wp-content\/uploads\/2024\/11\/DSC1858-scaled.jpg?fit=1200%2C800&ssl=1&resize=1050%2C600 3x"},"classes":[]},{"id":12346,"url":"https:\/\/www.supeinnihonto.com\/it\/prodotto\/marugata-shakudo-samurai\/","url_meta":{"origin":15083,"position":1},"title":"Marugata shakudo tsuba samurai","author":"Eric Majo","date":"12 de Novembre de 2024","format":false,"excerpt":"ARTICOLO: Fornito con certificato di Supein Nihonto. Include scatola in legno. Firmato \u201cNara Naoyoshi\u201d, tsuba marugata in shakud\u014d k\u0101\u014d (lega di oro e rame). Un pezzo di qualit\u00e0 insuperabile, degno dei migliori musei del mondo. \u00c8 facile apprezzare l\u2019eccezionale livello di dettaglio e incisione di questa magnifica opera che raffigura\u2026","rel":"","context":"Articolo simile","block_context":{"text":"Articolo simile","link":""},"img":{"alt_text":"Marugata shakudo tsuba samurai","src":"https:\/\/i0.wp.com\/www.supeinnihonto.com\/wp-content\/uploads\/2024\/11\/DSC1956-scaled.jpg?fit=1200%2C800&ssl=1&resize=350%2C200","width":350,"height":200,"srcset":"https:\/\/i0.wp.com\/www.supeinnihonto.com\/wp-content\/uploads\/2024\/11\/DSC1956-scaled.jpg?fit=1200%2C800&ssl=1&resize=350%2C200 1x, https:\/\/i0.wp.com\/www.supeinnihonto.com\/wp-content\/uploads\/2024\/11\/DSC1956-scaled.jpg?fit=1200%2C800&ssl=1&resize=525%2C300 1.5x, https:\/\/i0.wp.com\/www.supeinnihonto.com\/wp-content\/uploads\/2024\/11\/DSC1956-scaled.jpg?fit=1200%2C800&ssl=1&resize=700%2C400 2x, https:\/\/i0.wp.com\/www.supeinnihonto.com\/wp-content\/uploads\/2024\/11\/DSC1956-scaled.jpg?fit=1200%2C800&ssl=1&resize=1050%2C600 3x"},"classes":[]},{"id":14751,"url":"https:\/\/www.supeinnihonto.com\/it\/prodotto\/tsuba-esagonale-in-rame-con-crisantemo\/","url_meta":{"origin":15083,"position":2},"title":"Tsuba esagonale in rame con crisantemo","author":"Supein Nihonto","date":"8 de Maggio de 2024","format":false,"excerpt":"OGGETTO: Fornito con certificato di SupeinNihonto. Raro esempio di tsuba esagonale realizzata con due materiali, esterno in rame e interno raffigurante un crisantemo in shakud\u014d. Tsuba molto rara e da collezione. 6,7 x 6,2 cm CHI SIAMO: Da Supein Nihonto ci impegniamo a offrirvi spade e armature da samurai di\u2026","rel":"","context":"Articolo simile","block_context":{"text":"Articolo simile","link":""},"img":{"alt_text":"Exagonal copper Chrisantemum tsuba","src":"https:\/\/i0.wp.com\/www.supeinnihonto.com\/wp-content\/uploads\/2024\/05\/Exagonal-copper-Chrisantemum.webp?fit=600%2C400&ssl=1&resize=350%2C200","width":350,"height":200,"srcset":"https:\/\/i0.wp.com\/www.supeinnihonto.com\/wp-content\/uploads\/2024\/05\/Exagonal-copper-Chrisantemum.webp?fit=600%2C400&ssl=1&resize=350%2C200 1x, https:\/\/i0.wp.com\/www.supeinnihonto.com\/wp-content\/uploads\/2024\/05\/Exagonal-copper-Chrisantemum.webp?fit=600%2C400&ssl=1&resize=525%2C300 1.5x"},"classes":[]},{"id":12410,"url":"https:\/\/www.supeinnihonto.com\/it\/prodotto\/tsuba-marugata-in-rame-con-motivo-di-carpa-koi-certificata-nbthk-hozon\/","url_meta":{"origin":15083,"position":3},"title":"Tsuba marugata in rame con motivo di carpa (koi), certificata NBTHK Hozon","author":"Eric Majo","date":"11 de Novembre de 2024","format":false,"excerpt":"ARTICOLO: Fornito con certificato di Supein Nihonto. Fornito con certificato NBTHK Hozon. Include scatola in legno. Splendido tsuba in rame del XIX secolo, firmato, con bordo e rilievi in shakud\u014d (lega di oro e rame), raffigurante una carpa con occhi incastonati in oro. Un\u2019opera d\u2019arte unica.La carpa koi \u00e8 molto\u2026","rel":"","context":"Articolo simile","block_context":{"text":"Articolo simile","link":""},"img":{"alt_text":"Marugata copper koi tsuba NBTHK hozon","src":"https:\/\/i0.wp.com\/www.supeinnihonto.com\/wp-content\/uploads\/2024\/11\/DSC1819-scaled.jpg?fit=1200%2C800&ssl=1&resize=350%2C200","width":350,"height":200,"srcset":"https:\/\/i0.wp.com\/www.supeinnihonto.com\/wp-content\/uploads\/2024\/11\/DSC1819-scaled.jpg?fit=1200%2C800&ssl=1&resize=350%2C200 1x, https:\/\/i0.wp.com\/www.supeinnihonto.com\/wp-content\/uploads\/2024\/11\/DSC1819-scaled.jpg?fit=1200%2C800&ssl=1&resize=525%2C300 1.5x, https:\/\/i0.wp.com\/www.supeinnihonto.com\/wp-content\/uploads\/2024\/11\/DSC1819-scaled.jpg?fit=1200%2C800&ssl=1&resize=700%2C400 2x, https:\/\/i0.wp.com\/www.supeinnihonto.com\/wp-content\/uploads\/2024\/11\/DSC1819-scaled.jpg?fit=1200%2C800&ssl=1&resize=1050%2C600 3x"},"classes":[]},{"id":45169,"url":"https:\/\/www.supeinnihonto.com\/it\/prodotto\/tsuba-marugata-in-rame-con-motivo-di-carpa-koi-certificata-nbthk-hozon-7\/","url_meta":{"origin":15083,"position":4},"title":"Tsuba marugata in rame con motivo di carpa (koi), certificata NBTHK Hozon","author":"Eric Majo","date":"1 de Marzo de 2026","format":false,"excerpt":"ARTICOLO: Fornito con certificato di Supein Nihonto. Fornito con certificato NBTHK Hozon. Include scatola in legno. Splendido tsuba in rame del XIX secolo, firmato, con bordo e rilievi in shakud\u014d (lega di oro e rame), raffigurante una carpa con occhi incastonati in oro. Un\u2019opera d\u2019arte unica.La carpa koi \u00e8 molto\u2026","rel":"","context":"Articolo simile","block_context":{"text":"Articolo simile","link":""},"img":{"alt_text":"","src":"https:\/\/i0.wp.com\/www.supeinnihonto.com\/wp-content\/uploads\/2026\/03\/DSC_6492-scaled.jpg?fit=1200%2C800&ssl=1&resize=350%2C200","width":350,"height":200,"srcset":"https:\/\/i0.wp.com\/www.supeinnihonto.com\/wp-content\/uploads\/2026\/03\/DSC_6492-scaled.jpg?fit=1200%2C800&ssl=1&resize=350%2C200 1x, https:\/\/i0.wp.com\/www.supeinnihonto.com\/wp-content\/uploads\/2026\/03\/DSC_6492-scaled.jpg?fit=1200%2C800&ssl=1&resize=525%2C300 1.5x, https:\/\/i0.wp.com\/www.supeinnihonto.com\/wp-content\/uploads\/2026\/03\/DSC_6492-scaled.jpg?fit=1200%2C800&ssl=1&resize=700%2C400 2x, https:\/\/i0.wp.com\/www.supeinnihonto.com\/wp-content\/uploads\/2026\/03\/DSC_6492-scaled.jpg?fit=1200%2C800&ssl=1&resize=1050%2C600 3x"},"classes":[]},{"id":45211,"url":"https:\/\/www.supeinnihonto.com\/it\/prodotto\/tsuba-marugata-in-rame-con-motivo-di-carpa-koi-certificata-nbthk-hozon-5\/","url_meta":{"origin":15083,"position":5},"title":"Tsuba marugata in rame con motivo di carpa (koi), certificata NBTHK Hozon","author":"Eric Majo","date":"1 de Marzo de 2026","format":false,"excerpt":"ARTICOLO: Fornito con certificato di Supein Nihonto. Fornito con certificato NBTHK Hozon. Include scatola in legno. Splendido tsuba in rame del XIX secolo, firmato, con bordo e rilievi in shakud\u014d (lega di oro e rame), raffigurante una carpa con occhi incastonati in oro. Un\u2019opera d\u2019arte unica.La carpa koi \u00e8 molto\u2026","rel":"","context":"Articolo simile","block_context":{"text":"Articolo simile","link":""},"img":{"alt_text":"Iron dragon Edo tsuba for sale","src":"https:\/\/i0.wp.com\/www.supeinnihonto.com\/wp-content\/uploads\/2026\/03\/DSC_6506-scaled.jpg?fit=1200%2C800&ssl=1&resize=350%2C200","width":350,"height":200,"srcset":"https:\/\/i0.wp.com\/www.supeinnihonto.com\/wp-content\/uploads\/2026\/03\/DSC_6506-scaled.jpg?fit=1200%2C800&ssl=1&resize=350%2C200 1x, https:\/\/i0.wp.com\/www.supeinnihonto.com\/wp-content\/uploads\/2026\/03\/DSC_6506-scaled.jpg?fit=1200%2C800&ssl=1&resize=525%2C300 1.5x, https:\/\/i0.wp.com\/www.supeinnihonto.com\/wp-content\/uploads\/2026\/03\/DSC_6506-scaled.jpg?fit=1200%2C800&ssl=1&resize=700%2C400 2x, https:\/\/i0.wp.com\/www.supeinnihonto.com\/wp-content\/uploads\/2026\/03\/DSC_6506-scaled.jpg?fit=1200%2C800&ssl=1&resize=1050%2C600 3x"},"classes":[]}],"jetpack_sharing_enabled":true,"_links":{"self":[{"href":"https:\/\/www.supeinnihonto.com\/it\/wp-json\/wp\/v2\/product\/15083","targetHints":{"allow":["GET"]}}],"collection":[{"href":"https:\/\/www.supeinnihonto.com\/it\/wp-json\/wp\/v2\/product"}],"about":[{"href":"https:\/\/www.supeinnihonto.com\/it\/wp-json\/wp\/v2\/types\/product"}],"wp:featuredmedia":[{"embeddable":true,"href":"https:\/\/www.supeinnihonto.com\/it\/wp-json\/wp\/v2\/media\/10960"}],"wp:attachment":[{"href":"https:\/\/www.supeinnihonto.com\/it\/wp-json\/wp\/v2\/media?parent=15083"}],"wp:term":[{"taxonomy":"product_brand","embeddable":true,"href":"https:\/\/www.supeinnihonto.com\/it\/wp-json\/wp\/v2\/product_brand?post=15083"},{"taxonomy":"product_cat","embeddable":true,"href":"https:\/\/www.supeinnihonto.com\/it\/wp-json\/wp\/v2\/product_cat?post=15083"},{"taxonomy":"product_tag","embeddable":true,"href":"https:\/\/www.supeinnihonto.com\/it\/wp-json\/wp\/v2\/product_tag?post=15083"}],"curies":[{"name":"wp","href":"https:\/\/api.w.org\/{rel}","templated":true}]}}