{"id":14971,"date":"2024-05-28T15:53:56","date_gmt":"2024-05-28T15:53:56","guid":{"rendered":"https:\/\/www.supeinnihonto.com\/product\/okimono-dog-and-puppy-ivory\/"},"modified":"2025-12-26T10:56:42","modified_gmt":"2025-12-26T10:56:42","slug":"okimono-cane-e-cucciolo-in-avorio","status":"publish","type":"product","link":"https:\/\/www.supeinnihonto.com\/it\/prodotto\/okimono-cane-e-cucciolo-in-avorio\/","title":{"rendered":"Okimono cane e cucciolo in avorio"},"content":{"rendered":"<p data-start=\"1081\" data-end=\"1101\">Spedizione gratuita.<\/p>\n<p data-start=\"1103\" data-end=\"1262\">Okimono raffigurante un cane e il suo cucciolo, realizzato in avorio e firmato alla base dall\u2019autore. Periodo Meiji. Fornito con certificato e documento CITES.<\/p>\n<p data-start=\"1264\" data-end=\"1278\">5 x 5 x 3,5 cm<\/p>\n","protected":false},"excerpt":{"rendered":"<p>Spedizione gratuita. Okimono raffigurante un cane e il suo cucciolo, realizzato in avorio e firmato alla base dall\u2019autore. Periodo Meiji. Fornito con certificato e documento CITES. 5 x 5 x 3,5 cm<\/p>\n","protected":false},"featured_media":14972,"template":"","meta":{"jetpack_post_was_ever_published":true},"product_brand":[],"product_cat":[740],"product_tag":[792,800,797],"class_list":{"0":"post-14971","1":"product","2":"type-product","3":"status-publish","4":"has-post-thumbnail","6":"product_cat-netsuke","7":"product_tag-ivory","8":"product_tag-netsuke","9":"product_tag-okimono","10":"product_shipping_class-tosogu","12":"first","13":"instock","14":"featured","15":"sold-individually","16":"shipping-taxable","17":"purchasable","18":"product-type-simple"},"yoast_head":"<!-- This site is optimized with the Yoast SEO plugin v27.4 - https:\/\/yoast.com\/product\/yoast-seo-wordpress\/ -->\n<title>Okimono cane e cucciolo in avorio - Supein Nihonto<\/title>\n<meta name=\"description\" content=\"Okimono raffigurante un cane e il suo cucciolo, realizzato in avorio e firmato alla base dall\u2019autore. Periodo Meiji. Fornito con certificato e documento CITES.\" \/>\n<meta name=\"robots\" content=\"index, follow, max-snippet:-1, max-image-preview:large, max-video-preview:-1\" \/>\n<link rel=\"canonical\" href=\"https:\/\/www.supeinnihonto.com\/it\/prodotto\/okimono-cane-e-cucciolo-in-avorio\/\" \/>\n<meta property=\"og:locale\" content=\"it_IT\" \/>\n<meta property=\"og:type\" content=\"article\" \/>\n<meta property=\"og:title\" content=\"Okimono cane e cucciolo in avorio - Supein Nihonto\" \/>\n<meta property=\"og:description\" content=\"Okimono raffigurante un cane e il suo cucciolo, realizzato in avorio e firmato alla base dall\u2019autore. Periodo Meiji. Fornito con certificato e documento CITES.\" \/>\n<meta property=\"og:url\" content=\"https:\/\/www.supeinnihonto.com\/it\/prodotto\/okimono-cane-e-cucciolo-in-avorio\/\" \/>\n<meta property=\"og:site_name\" content=\"Supein Nihonto\" \/>\n<meta property=\"article:modified_time\" content=\"2025-12-26T10:56:42+00:00\" \/>\n<meta property=\"og:image\" content=\"https:\/\/www.supeinnihonto.com\/wp-content\/uploads\/2024\/05\/DSC_4091-scaled.jpg\" \/>\n\t<meta property=\"og:image:width\" content=\"2560\" \/>\n\t<meta property=\"og:image:height\" content=\"1707\" \/>\n\t<meta property=\"og:image:type\" content=\"image\/jpeg\" \/>\n<meta name=\"twitter:card\" content=\"summary_large_image\" \/>\n<meta name=\"twitter:label1\" content=\"Tempo di lettura stimato\" \/>\n\t<meta name=\"twitter:data1\" content=\"1 minuto\" \/>\n<script type=\"application\/ld+json\" class=\"yoast-schema-graph\">{\"@context\":\"https:\\\/\\\/schema.org\",\"@graph\":[{\"@type\":\"WebPage\",\"@id\":\"https:\\\/\\\/www.supeinnihonto.com\\\/it\\\/prodotto\\\/okimono-cane-e-cucciolo-in-avorio\\\/\",\"url\":\"https:\\\/\\\/www.supeinnihonto.com\\\/it\\\/prodotto\\\/okimono-cane-e-cucciolo-in-avorio\\\/\",\"name\":\"Okimono cane e cucciolo in avorio - Supein Nihonto\",\"isPartOf\":{\"@id\":\"https:\\\/\\\/www.supeinnihonto.com\\\/it\\\/#website\"},\"primaryImageOfPage\":{\"@id\":\"https:\\\/\\\/www.supeinnihonto.com\\\/it\\\/prodotto\\\/okimono-cane-e-cucciolo-in-avorio\\\/#primaryimage\"},\"image\":{\"@id\":\"https:\\\/\\\/www.supeinnihonto.com\\\/it\\\/prodotto\\\/okimono-cane-e-cucciolo-in-avorio\\\/#primaryimage\"},\"thumbnailUrl\":\"https:\\\/\\\/i0.wp.com\\\/www.supeinnihonto.com\\\/wp-content\\\/uploads\\\/2024\\\/05\\\/DSC_4091-scaled.jpg?fit=2560%2C1707&ssl=1\",\"datePublished\":\"2024-05-28T15:53:56+00:00\",\"dateModified\":\"2025-12-26T10:56:42+00:00\",\"description\":\"Okimono raffigurante un cane e il suo cucciolo, realizzato in avorio e firmato alla base dall\u2019autore. Periodo Meiji. Fornito con certificato e documento CITES.\",\"breadcrumb\":{\"@id\":\"https:\\\/\\\/www.supeinnihonto.com\\\/it\\\/prodotto\\\/okimono-cane-e-cucciolo-in-avorio\\\/#breadcrumb\"},\"inLanguage\":\"it-IT\",\"potentialAction\":[{\"@type\":\"ReadAction\",\"target\":[\"https:\\\/\\\/www.supeinnihonto.com\\\/it\\\/prodotto\\\/okimono-cane-e-cucciolo-in-avorio\\\/\"]}]},{\"@type\":\"ImageObject\",\"inLanguage\":\"it-IT\",\"@id\":\"https:\\\/\\\/www.supeinnihonto.com\\\/it\\\/prodotto\\\/okimono-cane-e-cucciolo-in-avorio\\\/#primaryimage\",\"url\":\"https:\\\/\\\/i0.wp.com\\\/www.supeinnihonto.com\\\/wp-content\\\/uploads\\\/2024\\\/05\\\/DSC_4091-scaled.jpg?fit=2560%2C1707&ssl=1\",\"contentUrl\":\"https:\\\/\\\/i0.wp.com\\\/www.supeinnihonto.com\\\/wp-content\\\/uploads\\\/2024\\\/05\\\/DSC_4091-scaled.jpg?fit=2560%2C1707&ssl=1\",\"width\":2560,\"height\":1707,\"caption\":\"Okimono dog and puppy ivory\"},{\"@type\":\"BreadcrumbList\",\"@id\":\"https:\\\/\\\/www.supeinnihonto.com\\\/it\\\/prodotto\\\/okimono-cane-e-cucciolo-in-avorio\\\/#breadcrumb\",\"itemListElement\":[{\"@type\":\"ListItem\",\"position\":1,\"name\":\"Portada\",\"item\":\"https:\\\/\\\/www.supeinnihonto.com\\\/it\\\/\"},{\"@type\":\"ListItem\",\"position\":2,\"name\":\"Shop\",\"item\":\"https:\\\/\\\/www.supeinnihonto.com\\\/it\\\/shop\\\/\"},{\"@type\":\"ListItem\",\"position\":3,\"name\":\"Okimono cane e cucciolo in avorio\"}]},{\"@type\":\"WebSite\",\"@id\":\"https:\\\/\\\/www.supeinnihonto.com\\\/it\\\/#website\",\"url\":\"https:\\\/\\\/www.supeinnihonto.com\\\/it\\\/\",\"name\":\"Supein Nihonto\",\"description\":\"Authentic japanese Nihonto katana \",\"publisher\":{\"@id\":\"https:\\\/\\\/www.supeinnihonto.com\\\/it\\\/#organization\"},\"potentialAction\":[{\"@type\":\"SearchAction\",\"target\":{\"@type\":\"EntryPoint\",\"urlTemplate\":\"https:\\\/\\\/www.supeinnihonto.com\\\/it\\\/?s={search_term_string}\"},\"query-input\":{\"@type\":\"PropertyValueSpecification\",\"valueRequired\":true,\"valueName\":\"search_term_string\"}}],\"inLanguage\":\"it-IT\"},{\"@type\":\"Organization\",\"@id\":\"https:\\\/\\\/www.supeinnihonto.com\\\/it\\\/#organization\",\"name\":\"SupeinNihonto\",\"url\":\"https:\\\/\\\/www.supeinnihonto.com\\\/it\\\/\",\"logo\":{\"@type\":\"ImageObject\",\"inLanguage\":\"it-IT\",\"@id\":\"https:\\\/\\\/www.supeinnihonto.com\\\/it\\\/#\\\/schema\\\/logo\\\/image\\\/\",\"url\":\"https:\\\/\\\/www.supeinnihonto.com\\\/wp-content\\\/uploads\\\/2021\\\/11\\\/animation_Default_3szk0jcenoloop.gif\",\"contentUrl\":\"https:\\\/\\\/www.supeinnihonto.com\\\/wp-content\\\/uploads\\\/2021\\\/11\\\/animation_Default_3szk0jcenoloop.gif\",\"width\":750,\"height\":641,\"caption\":\"SupeinNihonto\"},\"image\":{\"@id\":\"https:\\\/\\\/www.supeinnihonto.com\\\/it\\\/#\\\/schema\\\/logo\\\/image\\\/\"}}]}<\/script>\n<!-- \/ Yoast SEO plugin. -->","yoast_head_json":{"title":"Okimono cane e cucciolo in avorio - Supein Nihonto","description":"Okimono raffigurante un cane e il suo cucciolo, realizzato in avorio e firmato alla base dall\u2019autore. Periodo Meiji. Fornito con certificato e documento CITES.","robots":{"index":"index","follow":"follow","max-snippet":"max-snippet:-1","max-image-preview":"max-image-preview:large","max-video-preview":"max-video-preview:-1"},"canonical":"https:\/\/www.supeinnihonto.com\/it\/prodotto\/okimono-cane-e-cucciolo-in-avorio\/","og_locale":"it_IT","og_type":"article","og_title":"Okimono cane e cucciolo in avorio - Supein Nihonto","og_description":"Okimono raffigurante un cane e il suo cucciolo, realizzato in avorio e firmato alla base dall\u2019autore. Periodo Meiji. Fornito con certificato e documento CITES.","og_url":"https:\/\/www.supeinnihonto.com\/it\/prodotto\/okimono-cane-e-cucciolo-in-avorio\/","og_site_name":"Supein Nihonto","article_modified_time":"2025-12-26T10:56:42+00:00","og_image":[{"width":2560,"height":1707,"url":"https:\/\/www.supeinnihonto.com\/wp-content\/uploads\/2024\/05\/DSC_4091-scaled.jpg","type":"image\/jpeg"}],"twitter_card":"summary_large_image","twitter_misc":{"Tempo di lettura stimato":"1 minuto"},"schema":{"@context":"https:\/\/schema.org","@graph":[{"@type":"WebPage","@id":"https:\/\/www.supeinnihonto.com\/it\/prodotto\/okimono-cane-e-cucciolo-in-avorio\/","url":"https:\/\/www.supeinnihonto.com\/it\/prodotto\/okimono-cane-e-cucciolo-in-avorio\/","name":"Okimono cane e cucciolo in avorio - Supein Nihonto","isPartOf":{"@id":"https:\/\/www.supeinnihonto.com\/it\/#website"},"primaryImageOfPage":{"@id":"https:\/\/www.supeinnihonto.com\/it\/prodotto\/okimono-cane-e-cucciolo-in-avorio\/#primaryimage"},"image":{"@id":"https:\/\/www.supeinnihonto.com\/it\/prodotto\/okimono-cane-e-cucciolo-in-avorio\/#primaryimage"},"thumbnailUrl":"https:\/\/i0.wp.com\/www.supeinnihonto.com\/wp-content\/uploads\/2024\/05\/DSC_4091-scaled.jpg?fit=2560%2C1707&ssl=1","datePublished":"2024-05-28T15:53:56+00:00","dateModified":"2025-12-26T10:56:42+00:00","description":"Okimono raffigurante un cane e il suo cucciolo, realizzato in avorio e firmato alla base dall\u2019autore. Periodo Meiji. Fornito con certificato e documento CITES.","breadcrumb":{"@id":"https:\/\/www.supeinnihonto.com\/it\/prodotto\/okimono-cane-e-cucciolo-in-avorio\/#breadcrumb"},"inLanguage":"it-IT","potentialAction":[{"@type":"ReadAction","target":["https:\/\/www.supeinnihonto.com\/it\/prodotto\/okimono-cane-e-cucciolo-in-avorio\/"]}]},{"@type":"ImageObject","inLanguage":"it-IT","@id":"https:\/\/www.supeinnihonto.com\/it\/prodotto\/okimono-cane-e-cucciolo-in-avorio\/#primaryimage","url":"https:\/\/i0.wp.com\/www.supeinnihonto.com\/wp-content\/uploads\/2024\/05\/DSC_4091-scaled.jpg?fit=2560%2C1707&ssl=1","contentUrl":"https:\/\/i0.wp.com\/www.supeinnihonto.com\/wp-content\/uploads\/2024\/05\/DSC_4091-scaled.jpg?fit=2560%2C1707&ssl=1","width":2560,"height":1707,"caption":"Okimono dog and puppy ivory"},{"@type":"BreadcrumbList","@id":"https:\/\/www.supeinnihonto.com\/it\/prodotto\/okimono-cane-e-cucciolo-in-avorio\/#breadcrumb","itemListElement":[{"@type":"ListItem","position":1,"name":"Portada","item":"https:\/\/www.supeinnihonto.com\/it\/"},{"@type":"ListItem","position":2,"name":"Shop","item":"https:\/\/www.supeinnihonto.com\/it\/shop\/"},{"@type":"ListItem","position":3,"name":"Okimono cane e cucciolo in avorio"}]},{"@type":"WebSite","@id":"https:\/\/www.supeinnihonto.com\/it\/#website","url":"https:\/\/www.supeinnihonto.com\/it\/","name":"Supein Nihonto","description":"Authentic japanese Nihonto katana ","publisher":{"@id":"https:\/\/www.supeinnihonto.com\/it\/#organization"},"potentialAction":[{"@type":"SearchAction","target":{"@type":"EntryPoint","urlTemplate":"https:\/\/www.supeinnihonto.com\/it\/?s={search_term_string}"},"query-input":{"@type":"PropertyValueSpecification","valueRequired":true,"valueName":"search_term_string"}}],"inLanguage":"it-IT"},{"@type":"Organization","@id":"https:\/\/www.supeinnihonto.com\/it\/#organization","name":"SupeinNihonto","url":"https:\/\/www.supeinnihonto.com\/it\/","logo":{"@type":"ImageObject","inLanguage":"it-IT","@id":"https:\/\/www.supeinnihonto.com\/it\/#\/schema\/logo\/image\/","url":"https:\/\/www.supeinnihonto.com\/wp-content\/uploads\/2021\/11\/animation_Default_3szk0jcenoloop.gif","contentUrl":"https:\/\/www.supeinnihonto.com\/wp-content\/uploads\/2021\/11\/animation_Default_3szk0jcenoloop.gif","width":750,"height":641,"caption":"SupeinNihonto"},"image":{"@id":"https:\/\/www.supeinnihonto.com\/it\/#\/schema\/logo\/image\/"}}]}},"jetpack-related-posts":[{"id":14138,"url":"https:\/\/www.supeinnihonto.com\/it\/prodotto\/netsuke-anziano-e-cane-in-avorio\/","url_meta":{"origin":14971,"position":0},"title":"Netsuke anziano e cane in avorio","author":"Supein Nihonto","date":"28 de Maggio de 2024","format":false,"excerpt":"Spedizione gratuita. Bel netsuke raffigurante un anziano che cammina con il suo cane in atteggiamento rilassato. Il volto dell\u2019anziano \u00e8 finemente intagliato. Periodo Meiji, fine XIX secolo. Fornito con certificato di perizia e documento CITES. 6,5 x 2,5 x 2,2 cm","rel":"","context":"Articolo simile","block_context":{"text":"Articolo simile","link":""},"img":{"alt_text":"Netsuke elder and dog ivory","src":"https:\/\/i0.wp.com\/www.supeinnihonto.com\/wp-content\/uploads\/2024\/05\/DSC_4009-scaled.jpg?fit=1200%2C800&ssl=1&resize=350%2C200","width":350,"height":200,"srcset":"https:\/\/i0.wp.com\/www.supeinnihonto.com\/wp-content\/uploads\/2024\/05\/DSC_4009-scaled.jpg?fit=1200%2C800&ssl=1&resize=350%2C200 1x, https:\/\/i0.wp.com\/www.supeinnihonto.com\/wp-content\/uploads\/2024\/05\/DSC_4009-scaled.jpg?fit=1200%2C800&ssl=1&resize=525%2C300 1.5x, https:\/\/i0.wp.com\/www.supeinnihonto.com\/wp-content\/uploads\/2024\/05\/DSC_4009-scaled.jpg?fit=1200%2C800&ssl=1&resize=700%2C400 2x, https:\/\/i0.wp.com\/www.supeinnihonto.com\/wp-content\/uploads\/2024\/05\/DSC_4009-scaled.jpg?fit=1200%2C800&ssl=1&resize=1050%2C600 3x"},"classes":[]},{"id":13414,"url":"https:\/\/www.supeinnihonto.com\/it\/prodotto\/netsuke-cane-e-tartaruga-in-avorio\/","url_meta":{"origin":14971,"position":1},"title":"Netsuke cane e tartaruga in avorio","author":"Supein Nihonto","date":"28 de Maggio de 2024","format":false,"excerpt":"Spedizione gratuita. Un lupo che gioca con una tartaruga, con patina bruna. Occhi intarsiati in corno di bufalo nero. Firmato \u201cTomotada\u201d. Periodo Meiji \u2013 Taish\u014d. Fornito con certificato e documento CITES. 3,7 x 3,4 x 2 cm","rel":"","context":"Articolo simile","block_context":{"text":"Articolo simile","link":""},"img":{"alt_text":"Netsuke dog and turttle ivory","src":"https:\/\/i0.wp.com\/www.supeinnihonto.com\/wp-content\/uploads\/2024\/05\/DSC_4087-scaled.jpg?fit=1200%2C800&ssl=1&resize=350%2C200","width":350,"height":200,"srcset":"https:\/\/i0.wp.com\/www.supeinnihonto.com\/wp-content\/uploads\/2024\/05\/DSC_4087-scaled.jpg?fit=1200%2C800&ssl=1&resize=350%2C200 1x, https:\/\/i0.wp.com\/www.supeinnihonto.com\/wp-content\/uploads\/2024\/05\/DSC_4087-scaled.jpg?fit=1200%2C800&ssl=1&resize=525%2C300 1.5x, https:\/\/i0.wp.com\/www.supeinnihonto.com\/wp-content\/uploads\/2024\/05\/DSC_4087-scaled.jpg?fit=1200%2C800&ssl=1&resize=700%2C400 2x, https:\/\/i0.wp.com\/www.supeinnihonto.com\/wp-content\/uploads\/2024\/05\/DSC_4087-scaled.jpg?fit=1200%2C800&ssl=1&resize=1050%2C600 3x"},"classes":[]},{"id":14154,"url":"https:\/\/www.supeinnihonto.com\/it\/prodotto\/okimono-lottatori-ubriachi-in-avorio\/","url_meta":{"origin":14971,"position":2},"title":"Okimono lottatori ubriachi in avorio","author":"Supein Nihonto","date":"28 de Maggio de 2024","format":false,"excerpt":"Spedizione gratuita. Okimono divertente e di altissima qualit\u00e0 raffigurante diversi ubriachi che combattono tra loro. L\u2019opera \u00e8 ricchissima di dettagli, rendendola un pezzo di qualit\u00e0 superiore: i volti, gli abiti e persino i piedi sono intagliati in modo straordinario. Presenta inoltre una splendida patina che la valorizza ulteriormente. Firmato alla\u2026","rel":"","context":"Articolo simile","block_context":{"text":"Articolo simile","link":""},"img":{"alt_text":"Okimono drunk fighters ivory","src":"https:\/\/i0.wp.com\/www.supeinnihonto.com\/wp-content\/uploads\/2024\/05\/DSC_4002-scaled.jpg?fit=1200%2C800&ssl=1&resize=350%2C200","width":350,"height":200,"srcset":"https:\/\/i0.wp.com\/www.supeinnihonto.com\/wp-content\/uploads\/2024\/05\/DSC_4002-scaled.jpg?fit=1200%2C800&ssl=1&resize=350%2C200 1x, https:\/\/i0.wp.com\/www.supeinnihonto.com\/wp-content\/uploads\/2024\/05\/DSC_4002-scaled.jpg?fit=1200%2C800&ssl=1&resize=525%2C300 1.5x, https:\/\/i0.wp.com\/www.supeinnihonto.com\/wp-content\/uploads\/2024\/05\/DSC_4002-scaled.jpg?fit=1200%2C800&ssl=1&resize=700%2C400 2x, https:\/\/i0.wp.com\/www.supeinnihonto.com\/wp-content\/uploads\/2024\/05\/DSC_4002-scaled.jpg?fit=1200%2C800&ssl=1&resize=1050%2C600 3x"},"classes":[]},{"id":14122,"url":"https:\/\/www.supeinnihonto.com\/it\/prodotto\/okimono-fudo-in-lotta-in-avorio\/","url_meta":{"origin":14971,"position":3},"title":"Okimono Fud\u014d in lotta in avorio","author":"Supein Nihonto","date":"28 de Maggio de 2024","format":false,"excerpt":"Spedizione gratuita. Magnifico okimono raffigurante Fud\u014d (divinit\u00e0) in lotta con un uomo. Soggetto molto raro e speciale. I netsuke e gli okimono di Fud\u014d sono molto ricercati per il loro significato. Questo esemplare \u00e8 intagliato magnificamente, con grande senso del movimento e una qualit\u00e0 museale eccezionale. Firmato con intarsio rosso.\u2026","rel":"","context":"Articolo simile","block_context":{"text":"Articolo simile","link":""},"img":{"alt_text":"Okimono Fudo wrestling ivory","src":"https:\/\/i0.wp.com\/www.supeinnihonto.com\/wp-content\/uploads\/2024\/05\/DSC_4019-scaled.jpg?fit=1200%2C800&ssl=1&resize=350%2C200","width":350,"height":200,"srcset":"https:\/\/i0.wp.com\/www.supeinnihonto.com\/wp-content\/uploads\/2024\/05\/DSC_4019-scaled.jpg?fit=1200%2C800&ssl=1&resize=350%2C200 1x, https:\/\/i0.wp.com\/www.supeinnihonto.com\/wp-content\/uploads\/2024\/05\/DSC_4019-scaled.jpg?fit=1200%2C800&ssl=1&resize=525%2C300 1.5x, https:\/\/i0.wp.com\/www.supeinnihonto.com\/wp-content\/uploads\/2024\/05\/DSC_4019-scaled.jpg?fit=1200%2C800&ssl=1&resize=700%2C400 2x, https:\/\/i0.wp.com\/www.supeinnihonto.com\/wp-content\/uploads\/2024\/05\/DSC_4019-scaled.jpg?fit=1200%2C800&ssl=1&resize=1050%2C600 3x"},"classes":[]},{"id":13533,"url":"https:\/\/www.supeinnihonto.com\/it\/prodotto\/okimono-ashinaga-tenaga-in-avorio\/","url_meta":{"origin":14971,"position":4},"title":"Okimono Ashinaga Tenaga in avorio","author":"Supein Nihonto","date":"30 de Maggio de 2024","format":false,"excerpt":"Spedizione gratuita. Fantastico e importante okimono raffigurante Ashinaga e Tenaga, due personaggi classici del folklore giapponese. Nelle loro avventure, uno ha gambe molto lunghe mentre l\u2019altro ha braccia molto lunghe, formando una squadra e aiutandosi a vicenda. In questo bellissimo okimono sono intenti a pescare granchi. Un pezzo straordinario con\u2026","rel":"","context":"Articolo simile","block_context":{"text":"Articolo simile","link":""},"img":{"alt_text":"Okimono Ashinaga Tenaga ivory","src":"https:\/\/i0.wp.com\/www.supeinnihonto.com\/wp-content\/uploads\/2024\/05\/Okimono-Ashinaga-Tenaga-ivory.webp?fit=800%2C1200&ssl=1&resize=350%2C200","width":350,"height":200,"srcset":"https:\/\/i0.wp.com\/www.supeinnihonto.com\/wp-content\/uploads\/2024\/05\/Okimono-Ashinaga-Tenaga-ivory.webp?fit=800%2C1200&ssl=1&resize=350%2C200 1x, https:\/\/i0.wp.com\/www.supeinnihonto.com\/wp-content\/uploads\/2024\/05\/Okimono-Ashinaga-Tenaga-ivory.webp?fit=800%2C1200&ssl=1&resize=525%2C300 1.5x, https:\/\/i0.wp.com\/www.supeinnihonto.com\/wp-content\/uploads\/2024\/05\/Okimono-Ashinaga-Tenaga-ivory.webp?fit=800%2C1200&ssl=1&resize=700%2C400 2x"},"classes":[]},{"id":13317,"url":"https:\/\/www.supeinnihonto.com\/it\/prodotto\/okimono-uomini-in-festa-in-avorio\/","url_meta":{"origin":14971,"position":5},"title":"Okimono uomini in festa in avorio","author":"Supein Nihonto","date":"28 de Maggio de 2024","format":false,"excerpt":"Spedizione gratuita. Okimono raffigurante una scena tradizionale di diversi uomini che festeggiano un matsuri. Alcuni portano mochis e una zucca con bevande, mentre sul terreno sono presenti alcuni piatti. Sia la base che l\u2019intera scultura sono finemente intagliate e ricche di dettagli, un lavoro di grande qualit\u00e0. La base \u00e8\u2026","rel":"","context":"Articolo simile","block_context":{"text":"Articolo simile","link":""},"img":{"alt_text":"Okimono festivity men ivory","src":"https:\/\/i0.wp.com\/www.supeinnihonto.com\/wp-content\/uploads\/2024\/05\/DSC_4053-scaled.jpg?fit=1200%2C800&ssl=1&resize=350%2C200","width":350,"height":200,"srcset":"https:\/\/i0.wp.com\/www.supeinnihonto.com\/wp-content\/uploads\/2024\/05\/DSC_4053-scaled.jpg?fit=1200%2C800&ssl=1&resize=350%2C200 1x, https:\/\/i0.wp.com\/www.supeinnihonto.com\/wp-content\/uploads\/2024\/05\/DSC_4053-scaled.jpg?fit=1200%2C800&ssl=1&resize=525%2C300 1.5x, https:\/\/i0.wp.com\/www.supeinnihonto.com\/wp-content\/uploads\/2024\/05\/DSC_4053-scaled.jpg?fit=1200%2C800&ssl=1&resize=700%2C400 2x, https:\/\/i0.wp.com\/www.supeinnihonto.com\/wp-content\/uploads\/2024\/05\/DSC_4053-scaled.jpg?fit=1200%2C800&ssl=1&resize=1050%2C600 3x"},"classes":[]}],"jetpack_sharing_enabled":true,"_links":{"self":[{"href":"https:\/\/www.supeinnihonto.com\/it\/wp-json\/wp\/v2\/product\/14971","targetHints":{"allow":["GET"]}}],"collection":[{"href":"https:\/\/www.supeinnihonto.com\/it\/wp-json\/wp\/v2\/product"}],"about":[{"href":"https:\/\/www.supeinnihonto.com\/it\/wp-json\/wp\/v2\/types\/product"}],"wp:featuredmedia":[{"embeddable":true,"href":"https:\/\/www.supeinnihonto.com\/it\/wp-json\/wp\/v2\/media\/14972"}],"wp:attachment":[{"href":"https:\/\/www.supeinnihonto.com\/it\/wp-json\/wp\/v2\/media?parent=14971"}],"wp:term":[{"taxonomy":"product_brand","embeddable":true,"href":"https:\/\/www.supeinnihonto.com\/it\/wp-json\/wp\/v2\/product_brand?post=14971"},{"taxonomy":"product_cat","embeddable":true,"href":"https:\/\/www.supeinnihonto.com\/it\/wp-json\/wp\/v2\/product_cat?post=14971"},{"taxonomy":"product_tag","embeddable":true,"href":"https:\/\/www.supeinnihonto.com\/it\/wp-json\/wp\/v2\/product_tag?post=14971"}],"curies":[{"name":"wp","href":"https:\/\/api.w.org\/{rel}","templated":true}]}}