{"id":14871,"date":"2024-05-09T08:41:40","date_gmt":"2024-05-09T08:41:40","guid":{"rendered":"https:\/\/www.supeinnihonto.com\/product\/inro-makie-shibayama-dragon\/"},"modified":"2025-12-27T19:34:40","modified_gmt":"2025-12-27T19:34:40","slug":"inro-in-maki-e-shibayama-con-drago","status":"publish","type":"product","link":"https:\/\/www.supeinnihonto.com\/it\/prodotto\/inro-in-maki-e-shibayama-con-drago\/","title":{"rendered":"Inr\u014d in maki-e Shibayama con drago"},"content":{"rendered":"<p><em><strong>Oggetto: <\/strong><\/em><\/p>\n<p><span>Inr\u014d a quattro scomparti intarsiato e laccato in oro. <\/span><i>Inr\u014d. <\/i><span>Periodo Meiji (1868\u20131912). <\/span><br \/>\n<span>Fondo lenticolare in <\/span><i>kinji<\/i><span> decorato in oro e <\/span><i>takamaki-e<\/i><span> leggermente policromo, <\/span><i>hiramaki-e<\/i><span> in oro, <\/span><i>kirikane<\/i><span> e stile Shibayama con Kosekik\u014d (cinese: Huangshigong) inginocchiato sulle rocce e intento a porgere una scarpa caduta a Ch\u014dry\u014d (Zhang Liang), raffigurato sull\u2019altro lato mentre attraversa un ponte a cavallo e tiene un rotolo. Il drago che salv\u00f2 Ch\u014dry\u014d dal fiume lo osserva dalle onde, firmato alla base in lacca d\u2019oro <\/span><i>Shokasai <span> \u677e\u82b1\u658e<\/span><\/i><span> e <\/span><i>Shibayama<\/i><span> \u829d\u5c71 entro una riserva rettangolare intarsiata in madreperla; con <\/span><i>ojime<\/i><span> circolare in metallo laccato e intarsiato e un netsuke circolare bombato in due parti, laccato in oro, decorato con un ramo di pruno fiorito sinuoso. Capolavoro museale.<\/span><\/p>\n<p>8 x 6 cm<\/p>\n<p><em><strong><span style=\"color: #000000;\">Che cos\u2019\u00e8 un inr\u014d?<\/span><\/strong><\/em><\/p>\n<p><span style=\"color: #000000;\">Un <i><b>inr\u014d<\/b><\/i> \u00e8 un contenitore tradizionale giapponese per piccoli oggetti, sospeso all\u2019<span title=\"Japanese-language romanization\"><i lang=\"ja-Latn\"><a href=\"https:\/\/en.wikipedia.org\/wiki\/Obi_(sash)\" title=\"Obi (sash)\" style=\"color: #000000;\">obi<\/a><\/i><\/span>. Viene spesso decorato con <a href=\"https:\/\/en.wikipedia.org\/wiki\/Lacquer\" title=\"Lacquer\" style=\"color: #000000;\">lacca<\/a> e tecniche come il <span title=\"Japanese-language romanization\"><i lang=\"ja-Latn\"><a href=\"https:\/\/en.wikipedia.org\/wiki\/Maki-e\" title=\"Maki-e\" style=\"color: #000000;\">maki-e<\/a><\/i><\/span>.<\/span><\/p>\n<p><span style=\"color: #000000;\">Il tipo chiamato <span title=\"Japanese-language romanization\"><i lang=\"ja-Latn\">inr\u014d<\/i><\/span> fu creato nel <a href=\"https:\/\/en.wikipedia.org\/wiki\/Sengoku_period\" title=\"Sengoku period\" style=\"color: #000000;\">periodo Sengoku<\/a> (1467\u20131615) come contenitore portatile per sigilli e medicinali.<\/span><\/p>\n","protected":false},"excerpt":{"rendered":"<p>Oggetto: Inr\u014d a quattro scomparti intarsiato e laccato in oro. Inr\u014d. Periodo Meiji (1868\u20131912). Fondo lenticolare in kinji decorato in oro e takamaki-e leggermente policromo, hiramaki-e in oro, kirikane e stile Shibayama con Kosekik\u014d (cinese: Huangshigong) inginocchiato sulle rocce e intento a porgere una scarpa caduta a Ch\u014dry\u014d (Zhang Liang), [&hellip;]<\/p>\n","protected":false},"featured_media":14872,"template":"","meta":{"jetpack_post_was_ever_published":false},"product_brand":[],"product_cat":[739],"product_tag":[],"class_list":{"0":"post-14871","1":"product","2":"type-product","3":"status-publish","4":"has-post-thumbnail","6":"product_cat-inro","7":"product_shipping_class-tosogu","9":"first","10":"instock","11":"featured","12":"sold-individually","13":"shipping-taxable","14":"purchasable","15":"product-type-simple"},"yoast_head":"<!-- This site is optimized with the Yoast SEO plugin v27.4 - https:\/\/yoast.com\/product\/yoast-seo-wordpress\/ -->\n<title>Inr\u014d in maki-e Shibayama con drago - Supein Nihonto<\/title>\n<meta name=\"description\" content=\"Inr\u014d a quattro scomparti intarsiato e laccato in oro. Periodo Meiji (1868\u20131912). Fondo lenticolare in kinji decorato in oro e takamaki-e leggermente policromo.\" \/>\n<meta name=\"robots\" content=\"index, follow, max-snippet:-1, max-image-preview:large, max-video-preview:-1\" \/>\n<link rel=\"canonical\" href=\"https:\/\/www.supeinnihonto.com\/it\/prodotto\/inro-in-maki-e-shibayama-con-drago\/\" \/>\n<meta property=\"og:locale\" content=\"it_IT\" \/>\n<meta property=\"og:type\" content=\"article\" \/>\n<meta property=\"og:title\" content=\"Inr\u014d in maki-e Shibayama con drago - Supein Nihonto\" \/>\n<meta property=\"og:description\" content=\"Inr\u014d a quattro scomparti intarsiato e laccato in oro. Periodo Meiji (1868\u20131912). Fondo lenticolare in kinji decorato in oro e takamaki-e leggermente policromo.\" \/>\n<meta property=\"og:url\" content=\"https:\/\/www.supeinnihonto.com\/it\/prodotto\/inro-in-maki-e-shibayama-con-drago\/\" \/>\n<meta property=\"og:site_name\" content=\"Supein Nihonto\" \/>\n<meta property=\"article:modified_time\" content=\"2025-12-27T19:34:40+00:00\" \/>\n<meta property=\"og:image\" content=\"https:\/\/www.supeinnihonto.com\/wp-content\/uploads\/2024\/05\/DSC_3591-scaled.jpg\" \/>\n\t<meta property=\"og:image:width\" content=\"1856\" \/>\n\t<meta property=\"og:image:height\" content=\"2560\" \/>\n\t<meta property=\"og:image:type\" content=\"image\/jpeg\" \/>\n<meta name=\"twitter:card\" content=\"summary_large_image\" \/>\n<meta name=\"twitter:label1\" content=\"Tempo di lettura stimato\" \/>\n\t<meta name=\"twitter:data1\" content=\"2 minuto\" \/>\n<script type=\"application\/ld+json\" class=\"yoast-schema-graph\">{\"@context\":\"https:\\\/\\\/schema.org\",\"@graph\":[{\"@type\":\"WebPage\",\"@id\":\"https:\\\/\\\/www.supeinnihonto.com\\\/it\\\/prodotto\\\/inro-in-maki-e-shibayama-con-drago\\\/\",\"url\":\"https:\\\/\\\/www.supeinnihonto.com\\\/it\\\/prodotto\\\/inro-in-maki-e-shibayama-con-drago\\\/\",\"name\":\"Inr\u014d in maki-e Shibayama con drago - Supein Nihonto\",\"isPartOf\":{\"@id\":\"https:\\\/\\\/www.supeinnihonto.com\\\/it\\\/#website\"},\"primaryImageOfPage\":{\"@id\":\"https:\\\/\\\/www.supeinnihonto.com\\\/it\\\/prodotto\\\/inro-in-maki-e-shibayama-con-drago\\\/#primaryimage\"},\"image\":{\"@id\":\"https:\\\/\\\/www.supeinnihonto.com\\\/it\\\/prodotto\\\/inro-in-maki-e-shibayama-con-drago\\\/#primaryimage\"},\"thumbnailUrl\":\"https:\\\/\\\/i0.wp.com\\\/www.supeinnihonto.com\\\/wp-content\\\/uploads\\\/2024\\\/05\\\/DSC_3591-scaled.jpg?fit=1856%2C2560&ssl=1\",\"datePublished\":\"2024-05-09T08:41:40+00:00\",\"dateModified\":\"2025-12-27T19:34:40+00:00\",\"description\":\"Inr\u014d a quattro scomparti intarsiato e laccato in oro. Periodo Meiji (1868\u20131912). Fondo lenticolare in kinji decorato in oro e takamaki-e leggermente policromo.\",\"breadcrumb\":{\"@id\":\"https:\\\/\\\/www.supeinnihonto.com\\\/it\\\/prodotto\\\/inro-in-maki-e-shibayama-con-drago\\\/#breadcrumb\"},\"inLanguage\":\"it-IT\",\"potentialAction\":[{\"@type\":\"ReadAction\",\"target\":[\"https:\\\/\\\/www.supeinnihonto.com\\\/it\\\/prodotto\\\/inro-in-maki-e-shibayama-con-drago\\\/\"]}]},{\"@type\":\"ImageObject\",\"inLanguage\":\"it-IT\",\"@id\":\"https:\\\/\\\/www.supeinnihonto.com\\\/it\\\/prodotto\\\/inro-in-maki-e-shibayama-con-drago\\\/#primaryimage\",\"url\":\"https:\\\/\\\/i0.wp.com\\\/www.supeinnihonto.com\\\/wp-content\\\/uploads\\\/2024\\\/05\\\/DSC_3591-scaled.jpg?fit=1856%2C2560&ssl=1\",\"contentUrl\":\"https:\\\/\\\/i0.wp.com\\\/www.supeinnihonto.com\\\/wp-content\\\/uploads\\\/2024\\\/05\\\/DSC_3591-scaled.jpg?fit=1856%2C2560&ssl=1\",\"width\":1856,\"height\":2560,\"caption\":\"Inro Makie shibayama dragon\"},{\"@type\":\"BreadcrumbList\",\"@id\":\"https:\\\/\\\/www.supeinnihonto.com\\\/it\\\/prodotto\\\/inro-in-maki-e-shibayama-con-drago\\\/#breadcrumb\",\"itemListElement\":[{\"@type\":\"ListItem\",\"position\":1,\"name\":\"Portada\",\"item\":\"https:\\\/\\\/www.supeinnihonto.com\\\/it\\\/\"},{\"@type\":\"ListItem\",\"position\":2,\"name\":\"Shop\",\"item\":\"https:\\\/\\\/www.supeinnihonto.com\\\/it\\\/shop\\\/\"},{\"@type\":\"ListItem\",\"position\":3,\"name\":\"Inr\u014d in maki-e Shibayama con drago\"}]},{\"@type\":\"WebSite\",\"@id\":\"https:\\\/\\\/www.supeinnihonto.com\\\/it\\\/#website\",\"url\":\"https:\\\/\\\/www.supeinnihonto.com\\\/it\\\/\",\"name\":\"Supein Nihonto\",\"description\":\"Authentic japanese Nihonto katana \",\"publisher\":{\"@id\":\"https:\\\/\\\/www.supeinnihonto.com\\\/it\\\/#organization\"},\"potentialAction\":[{\"@type\":\"SearchAction\",\"target\":{\"@type\":\"EntryPoint\",\"urlTemplate\":\"https:\\\/\\\/www.supeinnihonto.com\\\/it\\\/?s={search_term_string}\"},\"query-input\":{\"@type\":\"PropertyValueSpecification\",\"valueRequired\":true,\"valueName\":\"search_term_string\"}}],\"inLanguage\":\"it-IT\"},{\"@type\":\"Organization\",\"@id\":\"https:\\\/\\\/www.supeinnihonto.com\\\/it\\\/#organization\",\"name\":\"SupeinNihonto\",\"url\":\"https:\\\/\\\/www.supeinnihonto.com\\\/it\\\/\",\"logo\":{\"@type\":\"ImageObject\",\"inLanguage\":\"it-IT\",\"@id\":\"https:\\\/\\\/www.supeinnihonto.com\\\/it\\\/#\\\/schema\\\/logo\\\/image\\\/\",\"url\":\"https:\\\/\\\/www.supeinnihonto.com\\\/wp-content\\\/uploads\\\/2021\\\/11\\\/animation_Default_3szk0jcenoloop.gif\",\"contentUrl\":\"https:\\\/\\\/www.supeinnihonto.com\\\/wp-content\\\/uploads\\\/2021\\\/11\\\/animation_Default_3szk0jcenoloop.gif\",\"width\":750,\"height\":641,\"caption\":\"SupeinNihonto\"},\"image\":{\"@id\":\"https:\\\/\\\/www.supeinnihonto.com\\\/it\\\/#\\\/schema\\\/logo\\\/image\\\/\"}}]}<\/script>\n<!-- \/ Yoast SEO plugin. -->","yoast_head_json":{"title":"Inr\u014d in maki-e Shibayama con drago - Supein Nihonto","description":"Inr\u014d a quattro scomparti intarsiato e laccato in oro. Periodo Meiji (1868\u20131912). Fondo lenticolare in kinji decorato in oro e takamaki-e leggermente policromo.","robots":{"index":"index","follow":"follow","max-snippet":"max-snippet:-1","max-image-preview":"max-image-preview:large","max-video-preview":"max-video-preview:-1"},"canonical":"https:\/\/www.supeinnihonto.com\/it\/prodotto\/inro-in-maki-e-shibayama-con-drago\/","og_locale":"it_IT","og_type":"article","og_title":"Inr\u014d in maki-e Shibayama con drago - Supein Nihonto","og_description":"Inr\u014d a quattro scomparti intarsiato e laccato in oro. Periodo Meiji (1868\u20131912). Fondo lenticolare in kinji decorato in oro e takamaki-e leggermente policromo.","og_url":"https:\/\/www.supeinnihonto.com\/it\/prodotto\/inro-in-maki-e-shibayama-con-drago\/","og_site_name":"Supein Nihonto","article_modified_time":"2025-12-27T19:34:40+00:00","og_image":[{"width":1856,"height":2560,"url":"https:\/\/www.supeinnihonto.com\/wp-content\/uploads\/2024\/05\/DSC_3591-scaled.jpg","type":"image\/jpeg"}],"twitter_card":"summary_large_image","twitter_misc":{"Tempo di lettura stimato":"2 minuto"},"schema":{"@context":"https:\/\/schema.org","@graph":[{"@type":"WebPage","@id":"https:\/\/www.supeinnihonto.com\/it\/prodotto\/inro-in-maki-e-shibayama-con-drago\/","url":"https:\/\/www.supeinnihonto.com\/it\/prodotto\/inro-in-maki-e-shibayama-con-drago\/","name":"Inr\u014d in maki-e Shibayama con drago - Supein Nihonto","isPartOf":{"@id":"https:\/\/www.supeinnihonto.com\/it\/#website"},"primaryImageOfPage":{"@id":"https:\/\/www.supeinnihonto.com\/it\/prodotto\/inro-in-maki-e-shibayama-con-drago\/#primaryimage"},"image":{"@id":"https:\/\/www.supeinnihonto.com\/it\/prodotto\/inro-in-maki-e-shibayama-con-drago\/#primaryimage"},"thumbnailUrl":"https:\/\/i0.wp.com\/www.supeinnihonto.com\/wp-content\/uploads\/2024\/05\/DSC_3591-scaled.jpg?fit=1856%2C2560&ssl=1","datePublished":"2024-05-09T08:41:40+00:00","dateModified":"2025-12-27T19:34:40+00:00","description":"Inr\u014d a quattro scomparti intarsiato e laccato in oro. Periodo Meiji (1868\u20131912). Fondo lenticolare in kinji decorato in oro e takamaki-e leggermente policromo.","breadcrumb":{"@id":"https:\/\/www.supeinnihonto.com\/it\/prodotto\/inro-in-maki-e-shibayama-con-drago\/#breadcrumb"},"inLanguage":"it-IT","potentialAction":[{"@type":"ReadAction","target":["https:\/\/www.supeinnihonto.com\/it\/prodotto\/inro-in-maki-e-shibayama-con-drago\/"]}]},{"@type":"ImageObject","inLanguage":"it-IT","@id":"https:\/\/www.supeinnihonto.com\/it\/prodotto\/inro-in-maki-e-shibayama-con-drago\/#primaryimage","url":"https:\/\/i0.wp.com\/www.supeinnihonto.com\/wp-content\/uploads\/2024\/05\/DSC_3591-scaled.jpg?fit=1856%2C2560&ssl=1","contentUrl":"https:\/\/i0.wp.com\/www.supeinnihonto.com\/wp-content\/uploads\/2024\/05\/DSC_3591-scaled.jpg?fit=1856%2C2560&ssl=1","width":1856,"height":2560,"caption":"Inro Makie shibayama dragon"},{"@type":"BreadcrumbList","@id":"https:\/\/www.supeinnihonto.com\/it\/prodotto\/inro-in-maki-e-shibayama-con-drago\/#breadcrumb","itemListElement":[{"@type":"ListItem","position":1,"name":"Portada","item":"https:\/\/www.supeinnihonto.com\/it\/"},{"@type":"ListItem","position":2,"name":"Shop","item":"https:\/\/www.supeinnihonto.com\/it\/shop\/"},{"@type":"ListItem","position":3,"name":"Inr\u014d in maki-e Shibayama con drago"}]},{"@type":"WebSite","@id":"https:\/\/www.supeinnihonto.com\/it\/#website","url":"https:\/\/www.supeinnihonto.com\/it\/","name":"Supein Nihonto","description":"Authentic japanese Nihonto katana ","publisher":{"@id":"https:\/\/www.supeinnihonto.com\/it\/#organization"},"potentialAction":[{"@type":"SearchAction","target":{"@type":"EntryPoint","urlTemplate":"https:\/\/www.supeinnihonto.com\/it\/?s={search_term_string}"},"query-input":{"@type":"PropertyValueSpecification","valueRequired":true,"valueName":"search_term_string"}}],"inLanguage":"it-IT"},{"@type":"Organization","@id":"https:\/\/www.supeinnihonto.com\/it\/#organization","name":"SupeinNihonto","url":"https:\/\/www.supeinnihonto.com\/it\/","logo":{"@type":"ImageObject","inLanguage":"it-IT","@id":"https:\/\/www.supeinnihonto.com\/it\/#\/schema\/logo\/image\/","url":"https:\/\/www.supeinnihonto.com\/wp-content\/uploads\/2021\/11\/animation_Default_3szk0jcenoloop.gif","contentUrl":"https:\/\/www.supeinnihonto.com\/wp-content\/uploads\/2021\/11\/animation_Default_3szk0jcenoloop.gif","width":750,"height":641,"caption":"SupeinNihonto"},"image":{"@id":"https:\/\/www.supeinnihonto.com\/it\/#\/schema\/logo\/image\/"}}]}},"jetpack-related-posts":[{"id":14687,"url":"https:\/\/www.supeinnihonto.com\/it\/prodotto\/inro-in-maki-e-shibayama-con-pavone\/","url_meta":{"origin":14871,"position":0},"title":"Inr\u014d in maki-e Shibayama con pavone","author":"Supein Nihonto","date":"10 de Maggio de 2024","format":false,"excerpt":"Oggetto: Periodo Edo o prima era Meiji. XIX secolo. Inr\u014d in maki-e Shibayama con pavone. Decorato in oro takamaki-e, raffigurante un pavone in piedi con la coda eretta che si estende sull\u2019altro lato sopra una pavona; gli \u201cocchi\u201d delle penne del maschio sono intarsiati in madreperla, l\u2019interno riccamente decorato in\u2026","rel":"","context":"Articolo simile","block_context":{"text":"Articolo simile","link":""},"img":{"alt_text":"Inro Makie shibayama peacock","src":"https:\/\/i0.wp.com\/www.supeinnihonto.com\/wp-content\/uploads\/2024\/05\/DSC_3666-scaled.jpg?fit=1200%2C800&ssl=1&resize=350%2C200","width":350,"height":200,"srcset":"https:\/\/i0.wp.com\/www.supeinnihonto.com\/wp-content\/uploads\/2024\/05\/DSC_3666-scaled.jpg?fit=1200%2C800&ssl=1&resize=350%2C200 1x, https:\/\/i0.wp.com\/www.supeinnihonto.com\/wp-content\/uploads\/2024\/05\/DSC_3666-scaled.jpg?fit=1200%2C800&ssl=1&resize=525%2C300 1.5x, https:\/\/i0.wp.com\/www.supeinnihonto.com\/wp-content\/uploads\/2024\/05\/DSC_3666-scaled.jpg?fit=1200%2C800&ssl=1&resize=700%2C400 2x, https:\/\/i0.wp.com\/www.supeinnihonto.com\/wp-content\/uploads\/2024\/05\/DSC_3666-scaled.jpg?fit=1200%2C800&ssl=1&resize=1050%2C600 3x"},"classes":[]},{"id":14867,"url":"https:\/\/www.supeinnihonto.com\/fr\/produit\/inro-en-maki-e-shibayama-au-dragon\/","url_meta":{"origin":14871,"position":1},"title":"Inr\u014d en maki-e Shibayama au dragon","author":"Supein Nihonto","date":"9 de Maggio de 2024","format":false,"excerpt":"Objet : Inr\u014d \u00e0 quatre compartiments incrust\u00e9 et laqu\u00e9 \u00e0 l\u2019or. Inr\u014d. \u00c9poque Meiji (1868-1912). Fond lenticulaire en kinji d\u00e9cor\u00e9 en or et en takamaki-e l\u00e9g\u00e8rement polychrome, hiramaki-e en or, kirikane, et style Shibayama repr\u00e9sentant Kosekik\u014d (chinois : Huangshigong) agenouill\u00e9 sur des rochers et tenant une chaussure tomb\u00e9e vers Ch\u014dry\u014d\u2026","rel":"","context":"Articolo simile","block_context":{"text":"Articolo simile","link":""},"img":{"alt_text":"Inro Makie shibayama dragon","src":"https:\/\/i0.wp.com\/www.supeinnihonto.com\/wp-content\/uploads\/2024\/05\/DSC_3591-scaled.jpg?fit=870%2C1200&ssl=1&resize=350%2C200","width":350,"height":200,"srcset":"https:\/\/i0.wp.com\/www.supeinnihonto.com\/wp-content\/uploads\/2024\/05\/DSC_3591-scaled.jpg?fit=870%2C1200&ssl=1&resize=350%2C200 1x, https:\/\/i0.wp.com\/www.supeinnihonto.com\/wp-content\/uploads\/2024\/05\/DSC_3591-scaled.jpg?fit=870%2C1200&ssl=1&resize=525%2C300 1.5x, https:\/\/i0.wp.com\/www.supeinnihonto.com\/wp-content\/uploads\/2024\/05\/DSC_3591-scaled.jpg?fit=870%2C1200&ssl=1&resize=700%2C400 2x"},"classes":[]},{"id":14869,"url":"https:\/\/www.supeinnihonto.com\/de\/produkt\/inro-in-shibayama-maki-e-mit-drache\/","url_meta":{"origin":14871,"position":2},"title":"Inr\u014d in Shibayama-Maki-e mit Drache","author":"Supein Nihonto","date":"9 de Maggio de 2024","format":false,"excerpt":"Objekt: Vierfaches Inr\u014d mit Einlagen und Goldlack. Inr\u014d. Meiji-Zeit (1868\u20131912). Linsenf\u00f6rmiger Kinji-Grund, dekoriert in Gold und leicht farbigem Takamaki-e, Gold-Hiramaki-e, Kirikane und im Shibayama-Stil mit der Darstellung von Kosekik\u014d (chinesisch: Huangshigong), kniend auf Felsen und einen gefallenen Schuh zu Ch\u014dry\u014d (Zhang Liang) emporhaltend, der auf der anderen Seite zu Pferd\u2026","rel":"","context":"Articolo simile","block_context":{"text":"Articolo simile","link":""},"img":{"alt_text":"Inro Makie shibayama dragon","src":"https:\/\/i0.wp.com\/www.supeinnihonto.com\/wp-content\/uploads\/2024\/05\/DSC_3591-scaled.jpg?fit=870%2C1200&ssl=1&resize=350%2C200","width":350,"height":200,"srcset":"https:\/\/i0.wp.com\/www.supeinnihonto.com\/wp-content\/uploads\/2024\/05\/DSC_3591-scaled.jpg?fit=870%2C1200&ssl=1&resize=350%2C200 1x, https:\/\/i0.wp.com\/www.supeinnihonto.com\/wp-content\/uploads\/2024\/05\/DSC_3591-scaled.jpg?fit=870%2C1200&ssl=1&resize=525%2C300 1.5x, https:\/\/i0.wp.com\/www.supeinnihonto.com\/wp-content\/uploads\/2024\/05\/DSC_3591-scaled.jpg?fit=870%2C1200&ssl=1&resize=700%2C400 2x"},"classes":[]},{"id":14865,"url":"https:\/\/www.supeinnihonto.com\/nl\/product\/inro-in-shibayama-maki-e-met-draak\/","url_meta":{"origin":14871,"position":3},"title":"Inr\u014d in Shibayama-maki-e met draak","author":"Supein Nihonto","date":"9 de Maggio de 2024","format":false,"excerpt":"Object: Vierdelige inr\u014d met inlegwerk en goudlak. Inr\u014d. Meiji-periode (1868\u20131912). Lensvormige kinji-grond, gedecoreerd in goud en lichtgekleurd takamaki-e, goud hiramaki-e, kirikane en Shibayama-stijl met Kosekik\u014d (Chinees: Huangshigong), knielend op rotsen en een gevallen schoen aanbiedend aan Ch\u014dry\u014d (Zhang Liang), afgebeeld aan de andere zijde terwijl hij te paard een brug\u2026","rel":"","context":"Articolo simile","block_context":{"text":"Articolo simile","link":""},"img":{"alt_text":"Inro Makie shibayama dragon","src":"https:\/\/i0.wp.com\/www.supeinnihonto.com\/wp-content\/uploads\/2024\/05\/DSC_3591-scaled.jpg?fit=870%2C1200&ssl=1&resize=350%2C200","width":350,"height":200,"srcset":"https:\/\/i0.wp.com\/www.supeinnihonto.com\/wp-content\/uploads\/2024\/05\/DSC_3591-scaled.jpg?fit=870%2C1200&ssl=1&resize=350%2C200 1x, https:\/\/i0.wp.com\/www.supeinnihonto.com\/wp-content\/uploads\/2024\/05\/DSC_3591-scaled.jpg?fit=870%2C1200&ssl=1&resize=525%2C300 1.5x, https:\/\/i0.wp.com\/www.supeinnihonto.com\/wp-content\/uploads\/2024\/05\/DSC_3591-scaled.jpg?fit=870%2C1200&ssl=1&resize=700%2C400 2x"},"classes":[]},{"id":2979,"url":"https:\/\/www.supeinnihonto.com\/prodotto\/inro-makie-shibayama-dragon\/","url_meta":{"origin":14871,"position":4},"title":"Inro Makie shibayama dragon","author":"Supein Nihonto","date":"9 de Maggio de 2024","format":false,"excerpt":"Item:\u00a0 An Inlaid and Gold-Lacquer Four-Case\u00a0Inro. Meiji era (1868-1912). The lenticular\u00a0kinji\u00a0ground decorated in gold and slight-coloured\u00a0takamaki-e, gold\u00a0hiramaki-e,\u00a0kirikane, and Shibayama style with Kosekiko (Chinese: Huangshigong) kneeling on rocks and holding up a fallen shoe towards Choryo (Zhang Liang) shown on the other side, crossing a bridge on horseback and holding a\u2026","rel":"","context":"Articolo simile","block_context":{"text":"Articolo simile","link":""},"img":{"alt_text":"Inro Makie shibayama dragon","src":"https:\/\/i0.wp.com\/www.supeinnihonto.com\/wp-content\/uploads\/2024\/05\/DSC_3591-scaled.jpg?fit=870%2C1200&ssl=1&resize=350%2C200","width":350,"height":200,"srcset":"https:\/\/i0.wp.com\/www.supeinnihonto.com\/wp-content\/uploads\/2024\/05\/DSC_3591-scaled.jpg?fit=870%2C1200&ssl=1&resize=350%2C200 1x, https:\/\/i0.wp.com\/www.supeinnihonto.com\/wp-content\/uploads\/2024\/05\/DSC_3591-scaled.jpg?fit=870%2C1200&ssl=1&resize=525%2C300 1.5x, https:\/\/i0.wp.com\/www.supeinnihonto.com\/wp-content\/uploads\/2024\/05\/DSC_3591-scaled.jpg?fit=870%2C1200&ssl=1&resize=700%2C400 2x"},"classes":[]},{"id":14863,"url":"https:\/\/www.supeinnihonto.com\/it\/prodotto\/inro-in-maki-e-shibayama-con-funghi-kinoko\/","url_meta":{"origin":14871,"position":5},"title":"Inr\u014d in maki-e Shibayama con funghi (kinoko)","author":"Supein Nihonto","date":"9 de Maggio de 2024","format":false,"excerpt":"Oggetto: Bellissimo inro con maki-e e intarsi in madreperla shibayama. Firmato. L'inro \u00e8 in condizioni fantastiche cos\u00ec come il netsuke intagliato in legno a forma di funghi dell'era Edo. Ojime in vetro. XIX secolo. 8,7 x 6 cm Cos'\u00e8 un Inro? Un inro \u00e8 una custodia tradizionale giapponese per contenere\u2026","rel":"","context":"Articolo simile","block_context":{"text":"Articolo simile","link":""},"img":{"alt_text":"Inro makie shibayama kinoko","src":"https:\/\/i0.wp.com\/www.supeinnihonto.com\/wp-content\/uploads\/2024\/05\/DSC_3604-scaled.jpg?fit=800%2C1200&ssl=1&resize=350%2C200","width":350,"height":200,"srcset":"https:\/\/i0.wp.com\/www.supeinnihonto.com\/wp-content\/uploads\/2024\/05\/DSC_3604-scaled.jpg?fit=800%2C1200&ssl=1&resize=350%2C200 1x, https:\/\/i0.wp.com\/www.supeinnihonto.com\/wp-content\/uploads\/2024\/05\/DSC_3604-scaled.jpg?fit=800%2C1200&ssl=1&resize=525%2C300 1.5x, https:\/\/i0.wp.com\/www.supeinnihonto.com\/wp-content\/uploads\/2024\/05\/DSC_3604-scaled.jpg?fit=800%2C1200&ssl=1&resize=700%2C400 2x"},"classes":[]}],"jetpack_sharing_enabled":true,"_links":{"self":[{"href":"https:\/\/www.supeinnihonto.com\/it\/wp-json\/wp\/v2\/product\/14871","targetHints":{"allow":["GET"]}}],"collection":[{"href":"https:\/\/www.supeinnihonto.com\/it\/wp-json\/wp\/v2\/product"}],"about":[{"href":"https:\/\/www.supeinnihonto.com\/it\/wp-json\/wp\/v2\/types\/product"}],"wp:featuredmedia":[{"embeddable":true,"href":"https:\/\/www.supeinnihonto.com\/it\/wp-json\/wp\/v2\/media\/14872"}],"wp:attachment":[{"href":"https:\/\/www.supeinnihonto.com\/it\/wp-json\/wp\/v2\/media?parent=14871"}],"wp:term":[{"taxonomy":"product_brand","embeddable":true,"href":"https:\/\/www.supeinnihonto.com\/it\/wp-json\/wp\/v2\/product_brand?post=14871"},{"taxonomy":"product_cat","embeddable":true,"href":"https:\/\/www.supeinnihonto.com\/it\/wp-json\/wp\/v2\/product_cat?post=14871"},{"taxonomy":"product_tag","embeddable":true,"href":"https:\/\/www.supeinnihonto.com\/it\/wp-json\/wp\/v2\/product_tag?post=14871"}],"curies":[{"name":"wp","href":"https:\/\/api.w.org\/{rel}","templated":true}]}}