{"id":14847,"date":"2024-05-10T10:29:35","date_gmt":"2024-05-10T10:29:35","guid":{"rendered":"https:\/\/www.supeinnihonto.com\/product\/inro-makie-birds-and-pum\/"},"modified":"2025-12-27T18:40:57","modified_gmt":"2025-12-27T18:40:57","slug":"inro-in-maki-e-con-uccelli-e-pruno","status":"publish","type":"product","link":"https:\/\/www.supeinnihonto.com\/it\/prodotto\/inro-in-maki-e-con-uccelli-e-pruno\/","title":{"rendered":"Inr\u014d in maki-e con uccelli e pruno"},"content":{"rendered":"<p><em><strong>Oggetto: <\/strong><\/em><\/p>\n<p>Inr\u014d in maki-e con uccelli e pruno. Grande e magnifico inr\u014d a cinque scomparti, con un prezioso lavoro realizzato con diverse tecniche, in eccellente stato di conservazione. Dell\u2019era Meiji, fine XIX secolo. L\u2019inr\u014d include anche un ojime in metallo con decorazione cloisonn\u00e9 e un netsuke antico in legno del XIX secolo. Prima era Meiji.<\/p>\n<p>9,3 x 7,2 cm<\/p>\n<p><em><strong><span style=\"color: #000000;\">Che cos\u2019\u00e8 un inr\u014d?<\/span><\/strong><\/em><\/p>\n<p><span style=\"color: #000000;\">Un <i><b>inr\u014d<\/b><\/i> \u00e8 un contenitore tradizionale giapponese per piccoli oggetti, sospeso all\u2019<span title=\"Japanese-language romanization\"><i lang=\"ja-Latn\"><a href=\"https:\/\/en.wikipedia.org\/wiki\/Obi_(sash)\" title=\"Obi (sash)\" style=\"color: #000000;\">obi<\/a><\/i><\/span> (cintura) indossata intorno alla vita con il <a href=\"https:\/\/en.wikipedia.org\/wiki\/Kimono\" title=\"Kimono\" style=\"color: #000000;\">kimono<\/a>. Spesso sono riccamente decorati con materiali come la <a href=\"https:\/\/en.wikipedia.org\/wiki\/Lacquer\" title=\"Lacquer\" style=\"color: #000000;\">lacca<\/a> e tecniche come il <span title=\"Japanese-language romanization\"><i lang=\"ja-Latn\"><a href=\"https:\/\/en.wikipedia.org\/wiki\/Maki-e\" title=\"Maki-e\" style=\"color: #000000;\">maki-e<\/a><\/i><\/span>, risultando pi\u00f9 decorativi rispetto ad altri <a href=\"https:\/\/en.wikipedia.org\/wiki\/Japanese_lacquerware\" title=\"Japanese lacquerware\" style=\"color: #000000;\">oggetti in lacca giapponese<\/a>.<sup id=\"cite_ref-murata104_1-0\" class=\"reference\"><\/sup><sup id=\"cite_ref-saimitsu79_2-0\" class=\"reference\"><\/sup><\/span><\/p>\n<p><span style=\"color: #000000;\">Poich\u00e9 l\u2019abbigliamento tradizionale giapponese non prevedeva tasche, gli oggetti venivano spesso trasportati sospesi all\u2019<span title=\"Japanese-language romanization\"><i lang=\"ja-Latn\">obi<\/i><\/span> in contenitori chiamati <span title=\"Japanese-language romanization\"><i lang=\"ja-Latn\"><a href=\"https:\/\/en.wiktionary.org\/wiki\/sagemono\" class=\"extiw\" title=\"wikt:sagemono\" style=\"color: #000000;\">sagemono<\/a><\/i><\/span>. La maggior parte dei <span title=\"Japanese-language romanization\"><i lang=\"ja-Latn\">sagemono<\/i><\/span> era destinata a usi specifici come tabacco, pipe, pennelli e inchiostro, ma il tipo chiamato <span title=\"Japanese-language romanization\"><i lang=\"ja-Latn\">inr\u014d<\/i><\/span> era adatto a piccoli oggetti e fu creato nel <a href=\"https:\/\/en.wikipedia.org\/wiki\/Sengoku_period\" title=\"Sengoku period\" style=\"color: #000000;\">periodo Sengoku<\/a> (1467\u20131615) come contenitore portatile per sigilli e medicinali da viaggio.<\/span><sup id=\"cite_ref-murata104_1-1\" class=\"reference\"><\/sup><sup id=\"cite_ref-saimitsu79_2-1\" class=\"reference\"><\/sup><\/p>\n","protected":false},"excerpt":{"rendered":"<p>Oggetto: Inr\u014d in maki-e con uccelli e pruno. Grande e magnifico inr\u014d a cinque scomparti, con un prezioso lavoro realizzato con diverse tecniche, in eccellente stato di conservazione. Dell\u2019era Meiji, fine XIX secolo. L\u2019inr\u014d include anche un ojime in metallo con decorazione cloisonn\u00e9 e un netsuke antico in legno del [&hellip;]<\/p>\n","protected":false},"featured_media":14848,"template":"","meta":{"jetpack_post_was_ever_published":false},"product_brand":[],"product_cat":[739],"product_tag":[],"class_list":{"0":"post-14847","1":"product","2":"type-product","3":"status-publish","4":"has-post-thumbnail","6":"product_cat-inro","7":"product_shipping_class-tosogu","9":"first","10":"instock","11":"featured","12":"sold-individually","13":"shipping-taxable","14":"purchasable","15":"product-type-simple"},"yoast_head":"<!-- This site is optimized with the Yoast SEO plugin v27.4 - https:\/\/yoast.com\/product\/yoast-seo-wordpress\/ -->\n<title>Inr\u014d in maki-e con uccelli e pruno - Supein Nihonto<\/title>\n<meta name=\"description\" content=\"Inr\u014d in maki-e con uccelli e pruno. Fantastico e bellissimo inr\u014d a cinque scomparti, con un prezioso lavoro realizzato con diverse tecniche, in eccellente stato di conservazione. Prima era Meiji.\" \/>\n<meta name=\"robots\" content=\"index, follow, max-snippet:-1, max-image-preview:large, max-video-preview:-1\" \/>\n<link rel=\"canonical\" href=\"https:\/\/www.supeinnihonto.com\/it\/prodotto\/inro-in-maki-e-con-uccelli-e-pruno\/\" \/>\n<meta property=\"og:locale\" content=\"it_IT\" \/>\n<meta property=\"og:type\" content=\"article\" \/>\n<meta property=\"og:title\" content=\"Inr\u014d in maki-e con uccelli e pruno - Supein Nihonto\" \/>\n<meta property=\"og:description\" content=\"Inr\u014d in maki-e con uccelli e pruno. Fantastico e bellissimo inr\u014d a cinque scomparti, con un prezioso lavoro realizzato con diverse tecniche, in eccellente stato di conservazione. Prima era Meiji.\" \/>\n<meta property=\"og:url\" content=\"https:\/\/www.supeinnihonto.com\/it\/prodotto\/inro-in-maki-e-con-uccelli-e-pruno\/\" \/>\n<meta property=\"og:site_name\" content=\"Supein Nihonto\" \/>\n<meta property=\"article:modified_time\" content=\"2025-12-27T18:40:57+00:00\" \/>\n<meta property=\"og:image\" content=\"https:\/\/www.supeinnihonto.com\/wp-content\/uploads\/2024\/05\/DSC_3629-scaled.jpg\" \/>\n\t<meta property=\"og:image:width\" content=\"1707\" \/>\n\t<meta property=\"og:image:height\" content=\"2560\" \/>\n\t<meta property=\"og:image:type\" content=\"image\/jpeg\" \/>\n<meta name=\"twitter:card\" content=\"summary_large_image\" \/>\n<meta name=\"twitter:label1\" content=\"Tempo di lettura stimato\" \/>\n\t<meta name=\"twitter:data1\" content=\"2 minuto\" \/>\n<script type=\"application\/ld+json\" class=\"yoast-schema-graph\">{\"@context\":\"https:\\\/\\\/schema.org\",\"@graph\":[{\"@type\":\"WebPage\",\"@id\":\"https:\\\/\\\/www.supeinnihonto.com\\\/it\\\/prodotto\\\/inro-in-maki-e-con-uccelli-e-pruno\\\/\",\"url\":\"https:\\\/\\\/www.supeinnihonto.com\\\/it\\\/prodotto\\\/inro-in-maki-e-con-uccelli-e-pruno\\\/\",\"name\":\"Inr\u014d in maki-e con uccelli e pruno - Supein Nihonto\",\"isPartOf\":{\"@id\":\"https:\\\/\\\/www.supeinnihonto.com\\\/it\\\/#website\"},\"primaryImageOfPage\":{\"@id\":\"https:\\\/\\\/www.supeinnihonto.com\\\/it\\\/prodotto\\\/inro-in-maki-e-con-uccelli-e-pruno\\\/#primaryimage\"},\"image\":{\"@id\":\"https:\\\/\\\/www.supeinnihonto.com\\\/it\\\/prodotto\\\/inro-in-maki-e-con-uccelli-e-pruno\\\/#primaryimage\"},\"thumbnailUrl\":\"https:\\\/\\\/i0.wp.com\\\/www.supeinnihonto.com\\\/wp-content\\\/uploads\\\/2024\\\/05\\\/DSC_3629-scaled.jpg?fit=1707%2C2560&ssl=1\",\"datePublished\":\"2024-05-10T10:29:35+00:00\",\"dateModified\":\"2025-12-27T18:40:57+00:00\",\"description\":\"Inr\u014d in maki-e con uccelli e pruno. Fantastico e bellissimo inr\u014d a cinque scomparti, con un prezioso lavoro realizzato con diverse tecniche, in eccellente stato di conservazione. Prima era Meiji.\",\"breadcrumb\":{\"@id\":\"https:\\\/\\\/www.supeinnihonto.com\\\/it\\\/prodotto\\\/inro-in-maki-e-con-uccelli-e-pruno\\\/#breadcrumb\"},\"inLanguage\":\"it-IT\",\"potentialAction\":[{\"@type\":\"ReadAction\",\"target\":[\"https:\\\/\\\/www.supeinnihonto.com\\\/it\\\/prodotto\\\/inro-in-maki-e-con-uccelli-e-pruno\\\/\"]}]},{\"@type\":\"ImageObject\",\"inLanguage\":\"it-IT\",\"@id\":\"https:\\\/\\\/www.supeinnihonto.com\\\/it\\\/prodotto\\\/inro-in-maki-e-con-uccelli-e-pruno\\\/#primaryimage\",\"url\":\"https:\\\/\\\/i0.wp.com\\\/www.supeinnihonto.com\\\/wp-content\\\/uploads\\\/2024\\\/05\\\/DSC_3629-scaled.jpg?fit=1707%2C2560&ssl=1\",\"contentUrl\":\"https:\\\/\\\/i0.wp.com\\\/www.supeinnihonto.com\\\/wp-content\\\/uploads\\\/2024\\\/05\\\/DSC_3629-scaled.jpg?fit=1707%2C2560&ssl=1\",\"width\":1707,\"height\":2560,\"caption\":\"Inro makie birds\"},{\"@type\":\"BreadcrumbList\",\"@id\":\"https:\\\/\\\/www.supeinnihonto.com\\\/it\\\/prodotto\\\/inro-in-maki-e-con-uccelli-e-pruno\\\/#breadcrumb\",\"itemListElement\":[{\"@type\":\"ListItem\",\"position\":1,\"name\":\"Portada\",\"item\":\"https:\\\/\\\/www.supeinnihonto.com\\\/it\\\/\"},{\"@type\":\"ListItem\",\"position\":2,\"name\":\"Shop\",\"item\":\"https:\\\/\\\/www.supeinnihonto.com\\\/it\\\/shop\\\/\"},{\"@type\":\"ListItem\",\"position\":3,\"name\":\"Inr\u014d in maki-e con uccelli e pruno\"}]},{\"@type\":\"WebSite\",\"@id\":\"https:\\\/\\\/www.supeinnihonto.com\\\/it\\\/#website\",\"url\":\"https:\\\/\\\/www.supeinnihonto.com\\\/it\\\/\",\"name\":\"Supein Nihonto\",\"description\":\"Authentic japanese Nihonto katana \",\"publisher\":{\"@id\":\"https:\\\/\\\/www.supeinnihonto.com\\\/it\\\/#organization\"},\"potentialAction\":[{\"@type\":\"SearchAction\",\"target\":{\"@type\":\"EntryPoint\",\"urlTemplate\":\"https:\\\/\\\/www.supeinnihonto.com\\\/it\\\/?s={search_term_string}\"},\"query-input\":{\"@type\":\"PropertyValueSpecification\",\"valueRequired\":true,\"valueName\":\"search_term_string\"}}],\"inLanguage\":\"it-IT\"},{\"@type\":\"Organization\",\"@id\":\"https:\\\/\\\/www.supeinnihonto.com\\\/it\\\/#organization\",\"name\":\"SupeinNihonto\",\"url\":\"https:\\\/\\\/www.supeinnihonto.com\\\/it\\\/\",\"logo\":{\"@type\":\"ImageObject\",\"inLanguage\":\"it-IT\",\"@id\":\"https:\\\/\\\/www.supeinnihonto.com\\\/it\\\/#\\\/schema\\\/logo\\\/image\\\/\",\"url\":\"https:\\\/\\\/www.supeinnihonto.com\\\/wp-content\\\/uploads\\\/2021\\\/11\\\/animation_Default_3szk0jcenoloop.gif\",\"contentUrl\":\"https:\\\/\\\/www.supeinnihonto.com\\\/wp-content\\\/uploads\\\/2021\\\/11\\\/animation_Default_3szk0jcenoloop.gif\",\"width\":750,\"height\":641,\"caption\":\"SupeinNihonto\"},\"image\":{\"@id\":\"https:\\\/\\\/www.supeinnihonto.com\\\/it\\\/#\\\/schema\\\/logo\\\/image\\\/\"}}]}<\/script>\n<!-- \/ Yoast SEO plugin. -->","yoast_head_json":{"title":"Inr\u014d in maki-e con uccelli e pruno - Supein Nihonto","description":"Inr\u014d in maki-e con uccelli e pruno. Fantastico e bellissimo inr\u014d a cinque scomparti, con un prezioso lavoro realizzato con diverse tecniche, in eccellente stato di conservazione. Prima era Meiji.","robots":{"index":"index","follow":"follow","max-snippet":"max-snippet:-1","max-image-preview":"max-image-preview:large","max-video-preview":"max-video-preview:-1"},"canonical":"https:\/\/www.supeinnihonto.com\/it\/prodotto\/inro-in-maki-e-con-uccelli-e-pruno\/","og_locale":"it_IT","og_type":"article","og_title":"Inr\u014d in maki-e con uccelli e pruno - Supein Nihonto","og_description":"Inr\u014d in maki-e con uccelli e pruno. Fantastico e bellissimo inr\u014d a cinque scomparti, con un prezioso lavoro realizzato con diverse tecniche, in eccellente stato di conservazione. Prima era Meiji.","og_url":"https:\/\/www.supeinnihonto.com\/it\/prodotto\/inro-in-maki-e-con-uccelli-e-pruno\/","og_site_name":"Supein Nihonto","article_modified_time":"2025-12-27T18:40:57+00:00","og_image":[{"width":1707,"height":2560,"url":"https:\/\/www.supeinnihonto.com\/wp-content\/uploads\/2024\/05\/DSC_3629-scaled.jpg","type":"image\/jpeg"}],"twitter_card":"summary_large_image","twitter_misc":{"Tempo di lettura stimato":"2 minuto"},"schema":{"@context":"https:\/\/schema.org","@graph":[{"@type":"WebPage","@id":"https:\/\/www.supeinnihonto.com\/it\/prodotto\/inro-in-maki-e-con-uccelli-e-pruno\/","url":"https:\/\/www.supeinnihonto.com\/it\/prodotto\/inro-in-maki-e-con-uccelli-e-pruno\/","name":"Inr\u014d in maki-e con uccelli e pruno - Supein Nihonto","isPartOf":{"@id":"https:\/\/www.supeinnihonto.com\/it\/#website"},"primaryImageOfPage":{"@id":"https:\/\/www.supeinnihonto.com\/it\/prodotto\/inro-in-maki-e-con-uccelli-e-pruno\/#primaryimage"},"image":{"@id":"https:\/\/www.supeinnihonto.com\/it\/prodotto\/inro-in-maki-e-con-uccelli-e-pruno\/#primaryimage"},"thumbnailUrl":"https:\/\/i0.wp.com\/www.supeinnihonto.com\/wp-content\/uploads\/2024\/05\/DSC_3629-scaled.jpg?fit=1707%2C2560&ssl=1","datePublished":"2024-05-10T10:29:35+00:00","dateModified":"2025-12-27T18:40:57+00:00","description":"Inr\u014d in maki-e con uccelli e pruno. Fantastico e bellissimo inr\u014d a cinque scomparti, con un prezioso lavoro realizzato con diverse tecniche, in eccellente stato di conservazione. Prima era Meiji.","breadcrumb":{"@id":"https:\/\/www.supeinnihonto.com\/it\/prodotto\/inro-in-maki-e-con-uccelli-e-pruno\/#breadcrumb"},"inLanguage":"it-IT","potentialAction":[{"@type":"ReadAction","target":["https:\/\/www.supeinnihonto.com\/it\/prodotto\/inro-in-maki-e-con-uccelli-e-pruno\/"]}]},{"@type":"ImageObject","inLanguage":"it-IT","@id":"https:\/\/www.supeinnihonto.com\/it\/prodotto\/inro-in-maki-e-con-uccelli-e-pruno\/#primaryimage","url":"https:\/\/i0.wp.com\/www.supeinnihonto.com\/wp-content\/uploads\/2024\/05\/DSC_3629-scaled.jpg?fit=1707%2C2560&ssl=1","contentUrl":"https:\/\/i0.wp.com\/www.supeinnihonto.com\/wp-content\/uploads\/2024\/05\/DSC_3629-scaled.jpg?fit=1707%2C2560&ssl=1","width":1707,"height":2560,"caption":"Inro makie birds"},{"@type":"BreadcrumbList","@id":"https:\/\/www.supeinnihonto.com\/it\/prodotto\/inro-in-maki-e-con-uccelli-e-pruno\/#breadcrumb","itemListElement":[{"@type":"ListItem","position":1,"name":"Portada","item":"https:\/\/www.supeinnihonto.com\/it\/"},{"@type":"ListItem","position":2,"name":"Shop","item":"https:\/\/www.supeinnihonto.com\/it\/shop\/"},{"@type":"ListItem","position":3,"name":"Inr\u014d in maki-e con uccelli e pruno"}]},{"@type":"WebSite","@id":"https:\/\/www.supeinnihonto.com\/it\/#website","url":"https:\/\/www.supeinnihonto.com\/it\/","name":"Supein Nihonto","description":"Authentic japanese Nihonto katana ","publisher":{"@id":"https:\/\/www.supeinnihonto.com\/it\/#organization"},"potentialAction":[{"@type":"SearchAction","target":{"@type":"EntryPoint","urlTemplate":"https:\/\/www.supeinnihonto.com\/it\/?s={search_term_string}"},"query-input":{"@type":"PropertyValueSpecification","valueRequired":true,"valueName":"search_term_string"}}],"inLanguage":"it-IT"},{"@type":"Organization","@id":"https:\/\/www.supeinnihonto.com\/it\/#organization","name":"SupeinNihonto","url":"https:\/\/www.supeinnihonto.com\/it\/","logo":{"@type":"ImageObject","inLanguage":"it-IT","@id":"https:\/\/www.supeinnihonto.com\/it\/#\/schema\/logo\/image\/","url":"https:\/\/www.supeinnihonto.com\/wp-content\/uploads\/2021\/11\/animation_Default_3szk0jcenoloop.gif","contentUrl":"https:\/\/www.supeinnihonto.com\/wp-content\/uploads\/2021\/11\/animation_Default_3szk0jcenoloop.gif","width":750,"height":641,"caption":"SupeinNihonto"},"image":{"@id":"https:\/\/www.supeinnihonto.com\/it\/#\/schema\/logo\/image\/"}}]}},"jetpack-related-posts":[{"id":14855,"url":"https:\/\/www.supeinnihonto.com\/it\/prodotto\/inro-in-maki-e-con-gallo-e-gallina-2\/","url_meta":{"origin":14847,"position":0},"title":"Inr\u014d in maki-e con gallo e gallina","author":"Supein Nihonto","date":"9 de Maggio de 2024","format":false,"excerpt":"Oggetto: Inr\u014d in maki-e con uccelli e pruno. Grande e magnifico inr\u014d a cinque scomparti, con un prezioso lavoro realizzato con diverse tecniche, in eccellente stato di conservazione. Dell\u2019era Meiji, fine XIX secolo. L\u2019inr\u014d include anche un ojime in metallo con decorazione cloisonn\u00e9 e un netsuke antico in legno del\u2026","rel":"","context":"Articolo simile","block_context":{"text":"Articolo simile","link":""},"img":{"alt_text":"Inro Rooster and hen","src":"https:\/\/i0.wp.com\/www.supeinnihonto.com\/wp-content\/uploads\/2024\/05\/DSC_3622-scaled.jpg?fit=800%2C1200&ssl=1&resize=350%2C200","width":350,"height":200,"srcset":"https:\/\/i0.wp.com\/www.supeinnihonto.com\/wp-content\/uploads\/2024\/05\/DSC_3622-scaled.jpg?fit=800%2C1200&ssl=1&resize=350%2C200 1x, https:\/\/i0.wp.com\/www.supeinnihonto.com\/wp-content\/uploads\/2024\/05\/DSC_3622-scaled.jpg?fit=800%2C1200&ssl=1&resize=525%2C300 1.5x, https:\/\/i0.wp.com\/www.supeinnihonto.com\/wp-content\/uploads\/2024\/05\/DSC_3622-scaled.jpg?fit=800%2C1200&ssl=1&resize=700%2C400 2x"},"classes":[]},{"id":14687,"url":"https:\/\/www.supeinnihonto.com\/it\/prodotto\/inro-in-maki-e-shibayama-con-pavone\/","url_meta":{"origin":14847,"position":1},"title":"Inr\u014d in maki-e Shibayama con pavone","author":"Supein Nihonto","date":"10 de Maggio de 2024","format":false,"excerpt":"Oggetto: Periodo Edo o prima era Meiji. XIX secolo. Inr\u014d in maki-e Shibayama con pavone. Decorato in oro takamaki-e, raffigurante un pavone in piedi con la coda eretta che si estende sull\u2019altro lato sopra una pavona; gli \u201cocchi\u201d delle penne del maschio sono intarsiati in madreperla, l\u2019interno riccamente decorato in\u2026","rel":"","context":"Articolo simile","block_context":{"text":"Articolo simile","link":""},"img":{"alt_text":"Inro Makie shibayama peacock","src":"https:\/\/i0.wp.com\/www.supeinnihonto.com\/wp-content\/uploads\/2024\/05\/DSC_3666-scaled.jpg?fit=1200%2C800&ssl=1&resize=350%2C200","width":350,"height":200,"srcset":"https:\/\/i0.wp.com\/www.supeinnihonto.com\/wp-content\/uploads\/2024\/05\/DSC_3666-scaled.jpg?fit=1200%2C800&ssl=1&resize=350%2C200 1x, https:\/\/i0.wp.com\/www.supeinnihonto.com\/wp-content\/uploads\/2024\/05\/DSC_3666-scaled.jpg?fit=1200%2C800&ssl=1&resize=525%2C300 1.5x, https:\/\/i0.wp.com\/www.supeinnihonto.com\/wp-content\/uploads\/2024\/05\/DSC_3666-scaled.jpg?fit=1200%2C800&ssl=1&resize=700%2C400 2x, https:\/\/i0.wp.com\/www.supeinnihonto.com\/wp-content\/uploads\/2024\/05\/DSC_3666-scaled.jpg?fit=1200%2C800&ssl=1&resize=1050%2C600 3x"},"classes":[]},{"id":14879,"url":"https:\/\/www.supeinnihonto.com\/it\/prodotto\/inro-maki-e-con-cavalli-e-buoi\/","url_meta":{"origin":14847,"position":2},"title":"Inro maki-e con cavalli e buoi","author":"Supein Nihonto","date":"9 de Maggio de 2024","format":false,"excerpt":"Oggetto: Inro maki-e con cavalli e buoi. Firmato \u201cKajikawa Tomohide\u201d. Splendido inro in condizioni eccezionali, realizzato con una superba tecnica maki-e, con cavalli su un lato e buoi sull\u2019altro. Il pezzo \u00e8 in condizioni quasi impeccabili e conserva tutti i suoi elementi, come il netsuke manju anch\u2019esso laccato in maki-e\u2026","rel":"","context":"Articolo simile","block_context":{"text":"Articolo simile","link":""},"img":{"alt_text":"Inro Makie horses and oxen","src":"https:\/\/i0.wp.com\/www.supeinnihonto.com\/wp-content\/uploads\/2024\/05\/DSC_3581-scaled.jpg?fit=1200%2C800&ssl=1&resize=350%2C200","width":350,"height":200,"srcset":"https:\/\/i0.wp.com\/www.supeinnihonto.com\/wp-content\/uploads\/2024\/05\/DSC_3581-scaled.jpg?fit=1200%2C800&ssl=1&resize=350%2C200 1x, https:\/\/i0.wp.com\/www.supeinnihonto.com\/wp-content\/uploads\/2024\/05\/DSC_3581-scaled.jpg?fit=1200%2C800&ssl=1&resize=525%2C300 1.5x, https:\/\/i0.wp.com\/www.supeinnihonto.com\/wp-content\/uploads\/2024\/05\/DSC_3581-scaled.jpg?fit=1200%2C800&ssl=1&resize=700%2C400 2x, https:\/\/i0.wp.com\/www.supeinnihonto.com\/wp-content\/uploads\/2024\/05\/DSC_3581-scaled.jpg?fit=1200%2C800&ssl=1&resize=1050%2C600 3x"},"classes":[]},{"id":14863,"url":"https:\/\/www.supeinnihonto.com\/it\/prodotto\/inro-in-maki-e-shibayama-con-funghi-kinoko\/","url_meta":{"origin":14847,"position":3},"title":"Inr\u014d in maki-e Shibayama con funghi (kinoko)","author":"Supein Nihonto","date":"9 de Maggio de 2024","format":false,"excerpt":"Oggetto: Bellissimo inro con maki-e e intarsi in madreperla shibayama. Firmato. L'inro \u00e8 in condizioni fantastiche cos\u00ec come il netsuke intagliato in legno a forma di funghi dell'era Edo. Ojime in vetro. XIX secolo. 8,7 x 6 cm Cos'\u00e8 un Inro? Un inro \u00e8 una custodia tradizionale giapponese per contenere\u2026","rel":"","context":"Articolo simile","block_context":{"text":"Articolo simile","link":""},"img":{"alt_text":"Inro makie shibayama kinoko","src":"https:\/\/i0.wp.com\/www.supeinnihonto.com\/wp-content\/uploads\/2024\/05\/DSC_3604-scaled.jpg?fit=800%2C1200&ssl=1&resize=350%2C200","width":350,"height":200,"srcset":"https:\/\/i0.wp.com\/www.supeinnihonto.com\/wp-content\/uploads\/2024\/05\/DSC_3604-scaled.jpg?fit=800%2C1200&ssl=1&resize=350%2C200 1x, https:\/\/i0.wp.com\/www.supeinnihonto.com\/wp-content\/uploads\/2024\/05\/DSC_3604-scaled.jpg?fit=800%2C1200&ssl=1&resize=525%2C300 1.5x, https:\/\/i0.wp.com\/www.supeinnihonto.com\/wp-content\/uploads\/2024\/05\/DSC_3604-scaled.jpg?fit=800%2C1200&ssl=1&resize=700%2C400 2x"},"classes":[]},{"id":14843,"url":"https:\/\/www.supeinnihonto.com\/fr\/produit\/inro-en-maki-e-aux-oiseaux-et-prunier\/","url_meta":{"origin":14847,"position":4},"title":"Inr\u014d en maki-e aux oiseaux et prunier","author":"Supein Nihonto","date":"10 de Maggio de 2024","format":false,"excerpt":"Objet : Inr\u014d en maki-e aux oiseaux et prunier. Grand et remarquable inr\u014d \u00e0 cinq compartiments, pr\u00e9sentant un travail pr\u00e9cieux combinant diff\u00e9rentes techniques, en excellent \u00e9tat de conservation. De l\u2019\u00e8re Meiji, fin du XIXe si\u00e8cle. L\u2019inr\u014d comprend \u00e9galement un ojime en m\u00e9tal avec d\u00e9cor cloisonn\u00e9 ainsi qu\u2019un netsuke ancien en\u2026","rel":"","context":"Articolo simile","block_context":{"text":"Articolo simile","link":""},"img":{"alt_text":"Inro makie birds","src":"https:\/\/i0.wp.com\/www.supeinnihonto.com\/wp-content\/uploads\/2024\/05\/DSC_3629-scaled.jpg?fit=800%2C1200&ssl=1&resize=350%2C200","width":350,"height":200,"srcset":"https:\/\/i0.wp.com\/www.supeinnihonto.com\/wp-content\/uploads\/2024\/05\/DSC_3629-scaled.jpg?fit=800%2C1200&ssl=1&resize=350%2C200 1x, https:\/\/i0.wp.com\/www.supeinnihonto.com\/wp-content\/uploads\/2024\/05\/DSC_3629-scaled.jpg?fit=800%2C1200&ssl=1&resize=525%2C300 1.5x, https:\/\/i0.wp.com\/www.supeinnihonto.com\/wp-content\/uploads\/2024\/05\/DSC_3629-scaled.jpg?fit=800%2C1200&ssl=1&resize=700%2C400 2x"},"classes":[]},{"id":14782,"url":"https:\/\/www.supeinnihonto.com\/it\/prodotto\/inro-maki-e-con-fiori-di-crisantemo\/","url_meta":{"origin":14847,"position":5},"title":"Inro maki-e con fiori di crisantemo","author":"Supein Nihonto","date":"9 de Maggio de 2024","format":false,"excerpt":"Oggetto: Inro maki-e con fiori di crisantemo. Raro inro di dimensioni miniature di squisita fattura, con numerosi dettagli e alcuni intarsi shibayama in madreperla. Netsuke manju in bronzo e osso. Ojime in corallo rosso. Sia l\u2019inro che il netsuke sono in ottime condizioni, aspetto molto importante per la maggior parte\u2026","rel":"","context":"Articolo simile","block_context":{"text":"Articolo simile","link":""},"img":{"alt_text":"Inro Makie Chrisantemum flowers","src":"https:\/\/i0.wp.com\/www.supeinnihonto.com\/wp-content\/uploads\/2024\/05\/Inro-Makie-Chrisantemum-flowers.webp?fit=1200%2C800&ssl=1&resize=350%2C200","width":350,"height":200,"srcset":"https:\/\/i0.wp.com\/www.supeinnihonto.com\/wp-content\/uploads\/2024\/05\/Inro-Makie-Chrisantemum-flowers.webp?fit=1200%2C800&ssl=1&resize=350%2C200 1x, https:\/\/i0.wp.com\/www.supeinnihonto.com\/wp-content\/uploads\/2024\/05\/Inro-Makie-Chrisantemum-flowers.webp?fit=1200%2C800&ssl=1&resize=525%2C300 1.5x, https:\/\/i0.wp.com\/www.supeinnihonto.com\/wp-content\/uploads\/2024\/05\/Inro-Makie-Chrisantemum-flowers.webp?fit=1200%2C800&ssl=1&resize=700%2C400 2x, https:\/\/i0.wp.com\/www.supeinnihonto.com\/wp-content\/uploads\/2024\/05\/Inro-Makie-Chrisantemum-flowers.webp?fit=1200%2C800&ssl=1&resize=1050%2C600 3x"},"classes":[]}],"jetpack_sharing_enabled":true,"_links":{"self":[{"href":"https:\/\/www.supeinnihonto.com\/it\/wp-json\/wp\/v2\/product\/14847","targetHints":{"allow":["GET"]}}],"collection":[{"href":"https:\/\/www.supeinnihonto.com\/it\/wp-json\/wp\/v2\/product"}],"about":[{"href":"https:\/\/www.supeinnihonto.com\/it\/wp-json\/wp\/v2\/types\/product"}],"wp:featuredmedia":[{"embeddable":true,"href":"https:\/\/www.supeinnihonto.com\/it\/wp-json\/wp\/v2\/media\/14848"}],"wp:attachment":[{"href":"https:\/\/www.supeinnihonto.com\/it\/wp-json\/wp\/v2\/media?parent=14847"}],"wp:term":[{"taxonomy":"product_brand","embeddable":true,"href":"https:\/\/www.supeinnihonto.com\/it\/wp-json\/wp\/v2\/product_brand?post=14847"},{"taxonomy":"product_cat","embeddable":true,"href":"https:\/\/www.supeinnihonto.com\/it\/wp-json\/wp\/v2\/product_cat?post=14847"},{"taxonomy":"product_tag","embeddable":true,"href":"https:\/\/www.supeinnihonto.com\/it\/wp-json\/wp\/v2\/product_tag?post=14847"}],"curies":[{"name":"wp","href":"https:\/\/api.w.org\/{rel}","templated":true}]}}