{"id":14791,"date":"2024-05-09T07:27:46","date_gmt":"2024-05-09T07:27:46","guid":{"rendered":"https:\/\/www.supeinnihonto.com\/product\/inro-red-lacquer-horse\/"},"modified":"2026-01-02T11:08:50","modified_gmt":"2026-01-02T11:08:50","slug":"inro-in-lacca-rossa-con-cavallo","status":"publish","type":"product","link":"https:\/\/www.supeinnihonto.com\/it\/prodotto\/inro-in-lacca-rossa-con-cavallo\/","title":{"rendered":"Inro in lacca rossa con cavallo"},"content":{"rendered":"<p><em><strong>Oggetto: <\/strong><\/em><\/p>\n<p>Magnifico inro laccato in urushi rosso, con una figura in maki-e su ciascun lato, un cavallo su un lato e un bue sull\u2019altro. Firmato \u201cJ\u014dsen saku\u201d \u5e38\u5ddd\u4f5c, sigillo rosso: Seisan \u6e05\u4e09. La scatola \u00e8 suddivisa in cinque parti con quattro scomparti. \u00c8 inoltre corredato da un netsuke ryusha finemente intagliato di alta qualit\u00e0 e da un ojime in corallo rosso. Un autentico capolavoro dell\u2019artigianato del XIX secolo. Sia l\u2019inro che il netsuke sono in condizioni quasi impeccabili, aspetto di grande importanza per la maggior parte dei collezionisti e che rende questo pezzo degno di qualsiasi museo.<\/p>\n<p>8,8 x 5,4 cm<\/p>\n<p><em><strong><span style=\"color: #000000;\">Che cos\u2019\u00e8 un Inro?<\/span><\/strong><\/em><\/p>\n<p><span style=\"color: #000000;\">Un <i><b>inro<\/b><\/i> \u00e8 un contenitore tradizionale giapponese per piccoli oggetti, sospeso all\u2019<span title=\"Japanese-language romanization\"><i lang=\"ja-Latn\"><a href=\"https:\/\/en.wikipedia.org\/wiki\/Obi_(sash)\" title=\"Obi (sash)\" style=\"color: #000000;\">obi<\/a><\/i><\/span> (cintura) indossata in vita quando si porta un <a href=\"https:\/\/en.wikipedia.org\/wiki\/Kimono\" title=\"Kimono\" style=\"color: #000000;\">kimono<\/a>. Sono spesso riccamente decorati con materiali come la <a href=\"https:\/\/en.wikipedia.org\/wiki\/Lacquer\" title=\"Lacquer\" style=\"color: #000000;\">lacca<\/a> e con tecniche come il <span title=\"Japanese-language romanization\"><i lang=\"ja-Latn\"><a href=\"https:\/\/en.wikipedia.org\/wiki\/Maki-e\" title=\"Maki-e\" style=\"color: #000000;\">maki-e<\/a><\/i><\/span>, risultando pi\u00f9 decorativi rispetto ad altre <a href=\"https:\/\/en.wikipedia.org\/wiki\/Japanese_lacquerware\" title=\"Japanese lacquerware\" style=\"color: #000000;\">lacche giapponesi<\/a>.<sup id=\"cite_ref-murata104_1-0\" class=\"reference\"><\/sup><sup id=\"cite_ref-saimitsu79_2-0\" class=\"reference\"><\/sup><\/span><\/p>\n<p><span style=\"color: #000000;\">Poich\u00e9 l\u2019abbigliamento tradizionale giapponese non aveva tasche, gli oggetti venivano spesso trasportati sospesi all\u2019<span title=\"Japanese-language romanization\"><i lang=\"ja-Latn\">obi<\/i><\/span> in contenitori chiamati <span title=\"Japanese-language romanization\"><i lang=\"ja-Latn\"><a href=\"https:\/\/en.wiktionary.org\/wiki\/sagemono\" class=\"extiw\" title=\"wikt:sagemono\" style=\"color: #000000;\">sagemono<\/a><\/i><\/span> (oggetti sospesi fissati alla cintura). La maggior parte dei <span title=\"Japanese-language romanization\"><i lang=\"ja-Latn\"><\/p>\n","protected":false},"excerpt":{"rendered":"<p>Oggetto: Magnifico inro laccato in urushi rosso, con una figura in maki-e su ciascun lato, un cavallo su un lato e un bue sull\u2019altro. Firmato \u201cJ\u014dsen saku\u201d \u5e38\u5ddd\u4f5c, sigillo rosso: Seisan \u6e05\u4e09. La scatola \u00e8 suddivisa in cinque parti con quattro scomparti. \u00c8 inoltre corredato da un netsuke ryusha finemente [&hellip;]<\/p>\n","protected":false},"featured_media":14792,"template":"","meta":{"jetpack_post_was_ever_published":false},"product_brand":[],"product_cat":[739],"product_tag":[],"class_list":{"0":"post-14791","1":"product","2":"type-product","3":"status-publish","4":"has-post-thumbnail","6":"product_cat-inro","7":"product_shipping_class-tosogu","9":"first","10":"instock","11":"featured","12":"sold-individually","13":"shipping-taxable","14":"purchasable","15":"product-type-simple"},"yoast_head":"<!-- This site is optimized with the Yoast SEO plugin v27.5 - https:\/\/yoast.com\/product\/yoast-seo-wordpress\/ -->\n<title>Inro in lacca rossa con cavallo - Supein Nihonto<\/title>\n<meta name=\"description\" content=\"Magnifico inro laccato in urushi rosso, con una figura in maki-e su ciascun lato, un cavallo su un lato e un bue sull\u2019altro. Firmato. La scatola \u00e8 suddivisa in cinque parti con quattro scomparti.\" \/>\n<meta name=\"robots\" content=\"index, follow, max-snippet:-1, max-image-preview:large, max-video-preview:-1\" \/>\n<link rel=\"canonical\" href=\"https:\/\/www.supeinnihonto.com\/it\/prodotto\/inro-in-lacca-rossa-con-cavallo\/\" \/>\n<meta property=\"og:locale\" content=\"it_IT\" \/>\n<meta property=\"og:type\" content=\"article\" \/>\n<meta property=\"og:title\" content=\"Inro in lacca rossa con cavallo - Supein Nihonto\" \/>\n<meta property=\"og:description\" content=\"Magnifico inro laccato in urushi rosso, con una figura in maki-e su ciascun lato, un cavallo su un lato e un bue sull\u2019altro. Firmato. La scatola \u00e8 suddivisa in cinque parti con quattro scomparti.\" \/>\n<meta property=\"og:url\" content=\"https:\/\/www.supeinnihonto.com\/it\/prodotto\/inro-in-lacca-rossa-con-cavallo\/\" \/>\n<meta property=\"og:site_name\" content=\"Supein Nihonto\" \/>\n<meta property=\"article:modified_time\" content=\"2026-01-02T11:08:50+00:00\" \/>\n<meta property=\"og:image\" content=\"https:\/\/www.supeinnihonto.com\/wp-content\/uploads\/2024\/05\/DSC_3560-scaled.jpg\" \/>\n\t<meta property=\"og:image:width\" content=\"1707\" \/>\n\t<meta property=\"og:image:height\" content=\"2560\" \/>\n\t<meta property=\"og:image:type\" content=\"image\/jpeg\" \/>\n<meta name=\"twitter:card\" content=\"summary_large_image\" \/>\n<meta name=\"twitter:label1\" content=\"Tempo di lettura stimato\" \/>\n\t<meta name=\"twitter:data1\" content=\"2 minuto\" \/>\n<script type=\"application\/ld+json\" class=\"yoast-schema-graph\">{\"@context\":\"https:\\\/\\\/schema.org\",\"@graph\":[{\"@type\":\"WebPage\",\"@id\":\"https:\\\/\\\/www.supeinnihonto.com\\\/it\\\/prodotto\\\/inro-in-lacca-rossa-con-cavallo\\\/\",\"url\":\"https:\\\/\\\/www.supeinnihonto.com\\\/it\\\/prodotto\\\/inro-in-lacca-rossa-con-cavallo\\\/\",\"name\":\"Inro in lacca rossa con cavallo - Supein Nihonto\",\"isPartOf\":{\"@id\":\"https:\\\/\\\/www.supeinnihonto.com\\\/it\\\/#website\"},\"primaryImageOfPage\":{\"@id\":\"https:\\\/\\\/www.supeinnihonto.com\\\/it\\\/prodotto\\\/inro-in-lacca-rossa-con-cavallo\\\/#primaryimage\"},\"image\":{\"@id\":\"https:\\\/\\\/www.supeinnihonto.com\\\/it\\\/prodotto\\\/inro-in-lacca-rossa-con-cavallo\\\/#primaryimage\"},\"thumbnailUrl\":\"https:\\\/\\\/i0.wp.com\\\/www.supeinnihonto.com\\\/wp-content\\\/uploads\\\/2024\\\/05\\\/DSC_3560-scaled.jpg?fit=1707%2C2560&ssl=1\",\"datePublished\":\"2024-05-09T07:27:46+00:00\",\"dateModified\":\"2026-01-02T11:08:50+00:00\",\"description\":\"Magnifico inro laccato in urushi rosso, con una figura in maki-e su ciascun lato, un cavallo su un lato e un bue sull\u2019altro. Firmato. La scatola \u00e8 suddivisa in cinque parti con quattro scomparti.\",\"breadcrumb\":{\"@id\":\"https:\\\/\\\/www.supeinnihonto.com\\\/it\\\/prodotto\\\/inro-in-lacca-rossa-con-cavallo\\\/#breadcrumb\"},\"inLanguage\":\"it-IT\",\"potentialAction\":[{\"@type\":\"ReadAction\",\"target\":[\"https:\\\/\\\/www.supeinnihonto.com\\\/it\\\/prodotto\\\/inro-in-lacca-rossa-con-cavallo\\\/\"]}]},{\"@type\":\"ImageObject\",\"inLanguage\":\"it-IT\",\"@id\":\"https:\\\/\\\/www.supeinnihonto.com\\\/it\\\/prodotto\\\/inro-in-lacca-rossa-con-cavallo\\\/#primaryimage\",\"url\":\"https:\\\/\\\/i0.wp.com\\\/www.supeinnihonto.com\\\/wp-content\\\/uploads\\\/2024\\\/05\\\/DSC_3560-scaled.jpg?fit=1707%2C2560&ssl=1\",\"contentUrl\":\"https:\\\/\\\/i0.wp.com\\\/www.supeinnihonto.com\\\/wp-content\\\/uploads\\\/2024\\\/05\\\/DSC_3560-scaled.jpg?fit=1707%2C2560&ssl=1\",\"width\":1707,\"height\":2560,\"caption\":\"Inro Red lacquer horse\"},{\"@type\":\"BreadcrumbList\",\"@id\":\"https:\\\/\\\/www.supeinnihonto.com\\\/it\\\/prodotto\\\/inro-in-lacca-rossa-con-cavallo\\\/#breadcrumb\",\"itemListElement\":[{\"@type\":\"ListItem\",\"position\":1,\"name\":\"Portada\",\"item\":\"https:\\\/\\\/www.supeinnihonto.com\\\/it\\\/\"},{\"@type\":\"ListItem\",\"position\":2,\"name\":\"Shop\",\"item\":\"https:\\\/\\\/www.supeinnihonto.com\\\/it\\\/shop\\\/\"},{\"@type\":\"ListItem\",\"position\":3,\"name\":\"Inro in lacca rossa con cavallo\"}]},{\"@type\":\"WebSite\",\"@id\":\"https:\\\/\\\/www.supeinnihonto.com\\\/it\\\/#website\",\"url\":\"https:\\\/\\\/www.supeinnihonto.com\\\/it\\\/\",\"name\":\"Supein Nihonto\",\"description\":\"Authentic japanese Nihonto katana \",\"publisher\":{\"@id\":\"https:\\\/\\\/www.supeinnihonto.com\\\/it\\\/#organization\"},\"potentialAction\":[{\"@type\":\"SearchAction\",\"target\":{\"@type\":\"EntryPoint\",\"urlTemplate\":\"https:\\\/\\\/www.supeinnihonto.com\\\/it\\\/?s={search_term_string}\"},\"query-input\":{\"@type\":\"PropertyValueSpecification\",\"valueRequired\":true,\"valueName\":\"search_term_string\"}}],\"inLanguage\":\"it-IT\"},{\"@type\":\"Organization\",\"@id\":\"https:\\\/\\\/www.supeinnihonto.com\\\/it\\\/#organization\",\"name\":\"SupeinNihonto\",\"url\":\"https:\\\/\\\/www.supeinnihonto.com\\\/it\\\/\",\"logo\":{\"@type\":\"ImageObject\",\"inLanguage\":\"it-IT\",\"@id\":\"https:\\\/\\\/www.supeinnihonto.com\\\/it\\\/#\\\/schema\\\/logo\\\/image\\\/\",\"url\":\"https:\\\/\\\/www.supeinnihonto.com\\\/wp-content\\\/uploads\\\/2021\\\/11\\\/animation_Default_3szk0jcenoloop.gif\",\"contentUrl\":\"https:\\\/\\\/www.supeinnihonto.com\\\/wp-content\\\/uploads\\\/2021\\\/11\\\/animation_Default_3szk0jcenoloop.gif\",\"width\":750,\"height\":641,\"caption\":\"SupeinNihonto\"},\"image\":{\"@id\":\"https:\\\/\\\/www.supeinnihonto.com\\\/it\\\/#\\\/schema\\\/logo\\\/image\\\/\"}}]}<\/script>\n<!-- \/ Yoast SEO plugin. -->","yoast_head_json":{"title":"Inro in lacca rossa con cavallo - Supein Nihonto","description":"Magnifico inro laccato in urushi rosso, con una figura in maki-e su ciascun lato, un cavallo su un lato e un bue sull\u2019altro. Firmato. La scatola \u00e8 suddivisa in cinque parti con quattro scomparti.","robots":{"index":"index","follow":"follow","max-snippet":"max-snippet:-1","max-image-preview":"max-image-preview:large","max-video-preview":"max-video-preview:-1"},"canonical":"https:\/\/www.supeinnihonto.com\/it\/prodotto\/inro-in-lacca-rossa-con-cavallo\/","og_locale":"it_IT","og_type":"article","og_title":"Inro in lacca rossa con cavallo - Supein Nihonto","og_description":"Magnifico inro laccato in urushi rosso, con una figura in maki-e su ciascun lato, un cavallo su un lato e un bue sull\u2019altro. Firmato. La scatola \u00e8 suddivisa in cinque parti con quattro scomparti.","og_url":"https:\/\/www.supeinnihonto.com\/it\/prodotto\/inro-in-lacca-rossa-con-cavallo\/","og_site_name":"Supein Nihonto","article_modified_time":"2026-01-02T11:08:50+00:00","og_image":[{"width":1707,"height":2560,"url":"https:\/\/www.supeinnihonto.com\/wp-content\/uploads\/2024\/05\/DSC_3560-scaled.jpg","type":"image\/jpeg"}],"twitter_card":"summary_large_image","twitter_misc":{"Tempo di lettura stimato":"2 minuto"},"schema":{"@context":"https:\/\/schema.org","@graph":[{"@type":"WebPage","@id":"https:\/\/www.supeinnihonto.com\/it\/prodotto\/inro-in-lacca-rossa-con-cavallo\/","url":"https:\/\/www.supeinnihonto.com\/it\/prodotto\/inro-in-lacca-rossa-con-cavallo\/","name":"Inro in lacca rossa con cavallo - Supein Nihonto","isPartOf":{"@id":"https:\/\/www.supeinnihonto.com\/it\/#website"},"primaryImageOfPage":{"@id":"https:\/\/www.supeinnihonto.com\/it\/prodotto\/inro-in-lacca-rossa-con-cavallo\/#primaryimage"},"image":{"@id":"https:\/\/www.supeinnihonto.com\/it\/prodotto\/inro-in-lacca-rossa-con-cavallo\/#primaryimage"},"thumbnailUrl":"https:\/\/i0.wp.com\/www.supeinnihonto.com\/wp-content\/uploads\/2024\/05\/DSC_3560-scaled.jpg?fit=1707%2C2560&ssl=1","datePublished":"2024-05-09T07:27:46+00:00","dateModified":"2026-01-02T11:08:50+00:00","description":"Magnifico inro laccato in urushi rosso, con una figura in maki-e su ciascun lato, un cavallo su un lato e un bue sull\u2019altro. Firmato. La scatola \u00e8 suddivisa in cinque parti con quattro scomparti.","breadcrumb":{"@id":"https:\/\/www.supeinnihonto.com\/it\/prodotto\/inro-in-lacca-rossa-con-cavallo\/#breadcrumb"},"inLanguage":"it-IT","potentialAction":[{"@type":"ReadAction","target":["https:\/\/www.supeinnihonto.com\/it\/prodotto\/inro-in-lacca-rossa-con-cavallo\/"]}]},{"@type":"ImageObject","inLanguage":"it-IT","@id":"https:\/\/www.supeinnihonto.com\/it\/prodotto\/inro-in-lacca-rossa-con-cavallo\/#primaryimage","url":"https:\/\/i0.wp.com\/www.supeinnihonto.com\/wp-content\/uploads\/2024\/05\/DSC_3560-scaled.jpg?fit=1707%2C2560&ssl=1","contentUrl":"https:\/\/i0.wp.com\/www.supeinnihonto.com\/wp-content\/uploads\/2024\/05\/DSC_3560-scaled.jpg?fit=1707%2C2560&ssl=1","width":1707,"height":2560,"caption":"Inro Red lacquer horse"},{"@type":"BreadcrumbList","@id":"https:\/\/www.supeinnihonto.com\/it\/prodotto\/inro-in-lacca-rossa-con-cavallo\/#breadcrumb","itemListElement":[{"@type":"ListItem","position":1,"name":"Portada","item":"https:\/\/www.supeinnihonto.com\/it\/"},{"@type":"ListItem","position":2,"name":"Shop","item":"https:\/\/www.supeinnihonto.com\/it\/shop\/"},{"@type":"ListItem","position":3,"name":"Inro in lacca rossa con cavallo"}]},{"@type":"WebSite","@id":"https:\/\/www.supeinnihonto.com\/it\/#website","url":"https:\/\/www.supeinnihonto.com\/it\/","name":"Supein Nihonto","description":"Authentic japanese Nihonto katana ","publisher":{"@id":"https:\/\/www.supeinnihonto.com\/it\/#organization"},"potentialAction":[{"@type":"SearchAction","target":{"@type":"EntryPoint","urlTemplate":"https:\/\/www.supeinnihonto.com\/it\/?s={search_term_string}"},"query-input":{"@type":"PropertyValueSpecification","valueRequired":true,"valueName":"search_term_string"}}],"inLanguage":"it-IT"},{"@type":"Organization","@id":"https:\/\/www.supeinnihonto.com\/it\/#organization","name":"SupeinNihonto","url":"https:\/\/www.supeinnihonto.com\/it\/","logo":{"@type":"ImageObject","inLanguage":"it-IT","@id":"https:\/\/www.supeinnihonto.com\/it\/#\/schema\/logo\/image\/","url":"https:\/\/www.supeinnihonto.com\/wp-content\/uploads\/2021\/11\/animation_Default_3szk0jcenoloop.gif","contentUrl":"https:\/\/www.supeinnihonto.com\/wp-content\/uploads\/2021\/11\/animation_Default_3szk0jcenoloop.gif","width":750,"height":641,"caption":"SupeinNihonto"},"image":{"@id":"https:\/\/www.supeinnihonto.com\/it\/#\/schema\/logo\/image\/"}}]}},"jetpack-related-posts":[{"id":14879,"url":"https:\/\/www.supeinnihonto.com\/it\/prodotto\/inro-maki-e-con-cavalli-e-buoi\/","url_meta":{"origin":14791,"position":0},"title":"Inro maki-e con cavalli e buoi","author":"Supein Nihonto","date":"9 de Maggio de 2024","format":false,"excerpt":"Oggetto: Inro maki-e con cavalli e buoi. Firmato \u201cKajikawa Tomohide\u201d. Splendido inro in condizioni eccezionali, realizzato con una superba tecnica maki-e, con cavalli su un lato e buoi sull\u2019altro. Il pezzo \u00e8 in condizioni quasi impeccabili e conserva tutti i suoi elementi, come il netsuke manju anch\u2019esso laccato in maki-e\u2026","rel":"","context":"Articolo simile","block_context":{"text":"Articolo simile","link":""},"img":{"alt_text":"Inro Makie horses and oxen","src":"https:\/\/i0.wp.com\/www.supeinnihonto.com\/wp-content\/uploads\/2024\/05\/DSC_3581-scaled.jpg?fit=1200%2C800&ssl=1&resize=350%2C200","width":350,"height":200,"srcset":"https:\/\/i0.wp.com\/www.supeinnihonto.com\/wp-content\/uploads\/2024\/05\/DSC_3581-scaled.jpg?fit=1200%2C800&ssl=1&resize=350%2C200 1x, https:\/\/i0.wp.com\/www.supeinnihonto.com\/wp-content\/uploads\/2024\/05\/DSC_3581-scaled.jpg?fit=1200%2C800&ssl=1&resize=525%2C300 1.5x, https:\/\/i0.wp.com\/www.supeinnihonto.com\/wp-content\/uploads\/2024\/05\/DSC_3581-scaled.jpg?fit=1200%2C800&ssl=1&resize=700%2C400 2x, https:\/\/i0.wp.com\/www.supeinnihonto.com\/wp-content\/uploads\/2024\/05\/DSC_3581-scaled.jpg?fit=1200%2C800&ssl=1&resize=1050%2C600 3x"},"classes":[]},{"id":14782,"url":"https:\/\/www.supeinnihonto.com\/it\/prodotto\/inro-maki-e-con-fiori-di-crisantemo\/","url_meta":{"origin":14791,"position":1},"title":"Inro maki-e con fiori di crisantemo","author":"Supein Nihonto","date":"9 de Maggio de 2024","format":false,"excerpt":"Oggetto: Inro maki-e con fiori di crisantemo. Raro inro di dimensioni miniature di squisita fattura, con numerosi dettagli e alcuni intarsi shibayama in madreperla. Netsuke manju in bronzo e osso. Ojime in corallo rosso. Sia l\u2019inro che il netsuke sono in ottime condizioni, aspetto molto importante per la maggior parte\u2026","rel":"","context":"Articolo simile","block_context":{"text":"Articolo simile","link":""},"img":{"alt_text":"Inro Makie Chrisantemum flowers","src":"https:\/\/i0.wp.com\/www.supeinnihonto.com\/wp-content\/uploads\/2024\/05\/Inro-Makie-Chrisantemum-flowers.webp?fit=1200%2C800&ssl=1&resize=350%2C200","width":350,"height":200,"srcset":"https:\/\/i0.wp.com\/www.supeinnihonto.com\/wp-content\/uploads\/2024\/05\/Inro-Makie-Chrisantemum-flowers.webp?fit=1200%2C800&ssl=1&resize=350%2C200 1x, https:\/\/i0.wp.com\/www.supeinnihonto.com\/wp-content\/uploads\/2024\/05\/Inro-Makie-Chrisantemum-flowers.webp?fit=1200%2C800&ssl=1&resize=525%2C300 1.5x, https:\/\/i0.wp.com\/www.supeinnihonto.com\/wp-content\/uploads\/2024\/05\/Inro-Makie-Chrisantemum-flowers.webp?fit=1200%2C800&ssl=1&resize=700%2C400 2x, https:\/\/i0.wp.com\/www.supeinnihonto.com\/wp-content\/uploads\/2024\/05\/Inro-Makie-Chrisantemum-flowers.webp?fit=1200%2C800&ssl=1&resize=1050%2C600 3x"},"classes":[]},{"id":14871,"url":"https:\/\/www.supeinnihonto.com\/it\/prodotto\/inro-in-maki-e-shibayama-con-drago\/","url_meta":{"origin":14791,"position":2},"title":"Inr\u014d in maki-e Shibayama con drago","author":"Supein Nihonto","date":"9 de Maggio de 2024","format":false,"excerpt":"Oggetto: Inr\u014d a quattro scomparti intarsiato e laccato in oro. Inr\u014d. Periodo Meiji (1868\u20131912). Fondo lenticolare in kinji decorato in oro e takamaki-e leggermente policromo, hiramaki-e in oro, kirikane e stile Shibayama con Kosekik\u014d (cinese: Huangshigong) inginocchiato sulle rocce e intento a porgere una scarpa caduta a Ch\u014dry\u014d (Zhang Liang),\u2026","rel":"","context":"Articolo simile","block_context":{"text":"Articolo simile","link":""},"img":{"alt_text":"Inro Makie shibayama dragon","src":"https:\/\/i0.wp.com\/www.supeinnihonto.com\/wp-content\/uploads\/2024\/05\/DSC_3591-scaled.jpg?fit=870%2C1200&ssl=1&resize=350%2C200","width":350,"height":200,"srcset":"https:\/\/i0.wp.com\/www.supeinnihonto.com\/wp-content\/uploads\/2024\/05\/DSC_3591-scaled.jpg?fit=870%2C1200&ssl=1&resize=350%2C200 1x, https:\/\/i0.wp.com\/www.supeinnihonto.com\/wp-content\/uploads\/2024\/05\/DSC_3591-scaled.jpg?fit=870%2C1200&ssl=1&resize=525%2C300 1.5x, https:\/\/i0.wp.com\/www.supeinnihonto.com\/wp-content\/uploads\/2024\/05\/DSC_3591-scaled.jpg?fit=870%2C1200&ssl=1&resize=700%2C400 2x"},"classes":[]},{"id":14687,"url":"https:\/\/www.supeinnihonto.com\/it\/prodotto\/inro-in-maki-e-shibayama-con-pavone\/","url_meta":{"origin":14791,"position":3},"title":"Inr\u014d in maki-e Shibayama con pavone","author":"Supein Nihonto","date":"10 de Maggio de 2024","format":false,"excerpt":"Oggetto: Periodo Edo o prima era Meiji. XIX secolo. Inr\u014d in maki-e Shibayama con pavone. Decorato in oro takamaki-e, raffigurante un pavone in piedi con la coda eretta che si estende sull\u2019altro lato sopra una pavona; gli \u201cocchi\u201d delle penne del maschio sono intarsiati in madreperla, l\u2019interno riccamente decorato in\u2026","rel":"","context":"Articolo simile","block_context":{"text":"Articolo simile","link":""},"img":{"alt_text":"Inro Makie shibayama peacock","src":"https:\/\/i0.wp.com\/www.supeinnihonto.com\/wp-content\/uploads\/2024\/05\/DSC_3666-scaled.jpg?fit=1200%2C800&ssl=1&resize=350%2C200","width":350,"height":200,"srcset":"https:\/\/i0.wp.com\/www.supeinnihonto.com\/wp-content\/uploads\/2024\/05\/DSC_3666-scaled.jpg?fit=1200%2C800&ssl=1&resize=350%2C200 1x, https:\/\/i0.wp.com\/www.supeinnihonto.com\/wp-content\/uploads\/2024\/05\/DSC_3666-scaled.jpg?fit=1200%2C800&ssl=1&resize=525%2C300 1.5x, https:\/\/i0.wp.com\/www.supeinnihonto.com\/wp-content\/uploads\/2024\/05\/DSC_3666-scaled.jpg?fit=1200%2C800&ssl=1&resize=700%2C400 2x, https:\/\/i0.wp.com\/www.supeinnihonto.com\/wp-content\/uploads\/2024\/05\/DSC_3666-scaled.jpg?fit=1200%2C800&ssl=1&resize=1050%2C600 3x"},"classes":[]},{"id":14855,"url":"https:\/\/www.supeinnihonto.com\/it\/prodotto\/inro-in-maki-e-con-gallo-e-gallina-2\/","url_meta":{"origin":14791,"position":4},"title":"Inr\u014d in maki-e con gallo e gallina","author":"Supein Nihonto","date":"9 de Maggio de 2024","format":false,"excerpt":"Oggetto: Inr\u014d in maki-e con uccelli e pruno. Grande e magnifico inr\u014d a cinque scomparti, con un prezioso lavoro realizzato con diverse tecniche, in eccellente stato di conservazione. Dell\u2019era Meiji, fine XIX secolo. L\u2019inr\u014d include anche un ojime in metallo con decorazione cloisonn\u00e9 e un netsuke antico in legno del\u2026","rel":"","context":"Articolo simile","block_context":{"text":"Articolo simile","link":""},"img":{"alt_text":"Inro Rooster and hen","src":"https:\/\/i0.wp.com\/www.supeinnihonto.com\/wp-content\/uploads\/2024\/05\/DSC_3622-scaled.jpg?fit=800%2C1200&ssl=1&resize=350%2C200","width":350,"height":200,"srcset":"https:\/\/i0.wp.com\/www.supeinnihonto.com\/wp-content\/uploads\/2024\/05\/DSC_3622-scaled.jpg?fit=800%2C1200&ssl=1&resize=350%2C200 1x, https:\/\/i0.wp.com\/www.supeinnihonto.com\/wp-content\/uploads\/2024\/05\/DSC_3622-scaled.jpg?fit=800%2C1200&ssl=1&resize=525%2C300 1.5x, https:\/\/i0.wp.com\/www.supeinnihonto.com\/wp-content\/uploads\/2024\/05\/DSC_3622-scaled.jpg?fit=800%2C1200&ssl=1&resize=700%2C400 2x"},"classes":[]},{"id":14847,"url":"https:\/\/www.supeinnihonto.com\/it\/prodotto\/inro-in-maki-e-con-uccelli-e-pruno\/","url_meta":{"origin":14791,"position":5},"title":"Inr\u014d in maki-e con uccelli e pruno","author":"Supein Nihonto","date":"10 de Maggio de 2024","format":false,"excerpt":"Oggetto: Inr\u014d in maki-e con uccelli e pruno. Grande e magnifico inr\u014d a cinque scomparti, con un prezioso lavoro realizzato con diverse tecniche, in eccellente stato di conservazione. Dell\u2019era Meiji, fine XIX secolo. L\u2019inr\u014d include anche un ojime in metallo con decorazione cloisonn\u00e9 e un netsuke antico in legno del\u2026","rel":"","context":"Articolo simile","block_context":{"text":"Articolo simile","link":""},"img":{"alt_text":"Inro makie birds","src":"https:\/\/i0.wp.com\/www.supeinnihonto.com\/wp-content\/uploads\/2024\/05\/DSC_3629-scaled.jpg?fit=800%2C1200&ssl=1&resize=350%2C200","width":350,"height":200,"srcset":"https:\/\/i0.wp.com\/www.supeinnihonto.com\/wp-content\/uploads\/2024\/05\/DSC_3629-scaled.jpg?fit=800%2C1200&ssl=1&resize=350%2C200 1x, https:\/\/i0.wp.com\/www.supeinnihonto.com\/wp-content\/uploads\/2024\/05\/DSC_3629-scaled.jpg?fit=800%2C1200&ssl=1&resize=525%2C300 1.5x, https:\/\/i0.wp.com\/www.supeinnihonto.com\/wp-content\/uploads\/2024\/05\/DSC_3629-scaled.jpg?fit=800%2C1200&ssl=1&resize=700%2C400 2x"},"classes":[]}],"jetpack_sharing_enabled":true,"_links":{"self":[{"href":"https:\/\/www.supeinnihonto.com\/it\/wp-json\/wp\/v2\/product\/14791","targetHints":{"allow":["GET"]}}],"collection":[{"href":"https:\/\/www.supeinnihonto.com\/it\/wp-json\/wp\/v2\/product"}],"about":[{"href":"https:\/\/www.supeinnihonto.com\/it\/wp-json\/wp\/v2\/types\/product"}],"wp:featuredmedia":[{"embeddable":true,"href":"https:\/\/www.supeinnihonto.com\/it\/wp-json\/wp\/v2\/media\/14792"}],"wp:attachment":[{"href":"https:\/\/www.supeinnihonto.com\/it\/wp-json\/wp\/v2\/media?parent=14791"}],"wp:term":[{"taxonomy":"product_brand","embeddable":true,"href":"https:\/\/www.supeinnihonto.com\/it\/wp-json\/wp\/v2\/product_brand?post=14791"},{"taxonomy":"product_cat","embeddable":true,"href":"https:\/\/www.supeinnihonto.com\/it\/wp-json\/wp\/v2\/product_cat?post=14791"},{"taxonomy":"product_tag","embeddable":true,"href":"https:\/\/www.supeinnihonto.com\/it\/wp-json\/wp\/v2\/product_tag?post=14791"}],"curies":[{"name":"wp","href":"https:\/\/api.w.org\/{rel}","templated":true}]}}