{"id":14687,"date":"2024-05-10T16:42:15","date_gmt":"2024-05-10T16:42:15","guid":{"rendered":"https:\/\/www.supeinnihonto.com\/product\/inro-makie-shibayama-peacock\/"},"modified":"2025-12-27T15:51:57","modified_gmt":"2025-12-27T15:51:57","slug":"inro-in-maki-e-shibayama-con-pavone","status":"publish","type":"product","link":"https:\/\/www.supeinnihonto.com\/it\/prodotto\/inro-in-maki-e-shibayama-con-pavone\/","title":{"rendered":"Inr\u014d in maki-e Shibayama con pavone"},"content":{"rendered":"<p><em><strong>Oggetto: <\/strong><\/em><\/p>\n<p><span>Periodo Edo o prima era Meiji. XIX secolo.<\/span><\/p>\n<p>Inr\u014d in maki-e Shibayama con pavone. <span>Decorato in oro <\/span><i>takamaki-e<\/i><span>, raffigurante un pavone in piedi con la coda eretta che si estende sull\u2019altro lato sopra una pavona; gli \u201cocchi\u201d delle penne del maschio sono intarsiati in madreperla, l\u2019interno riccamente decorato in <\/span><i>nashiji<\/i><span>, firmato in lacca d\u2019oro alla base <\/span><i>J\u014dsen saku<\/i><span> con un sigillo a forma di <\/span><i>tsubo<\/i><span>,<\/span><span> con <\/span><i>ojime<\/i><span> tubolare in ottone traforato con zucche e tralci. <\/span>Prima era Meiji o tardo periodo Edo. XIX secolo.<\/p>\n<p>7,0 x 5,3 cm<\/p>\n<p><em><strong><span style=\"color: #000000;\">Che cos\u2019\u00e8 un inr\u014d?<\/span><\/strong><\/em><\/p>\n<p><span style=\"color: #000000;\">Un <i><b>inr\u014d<\/b><\/i> \u00e8 un contenitore tradizionale giapponese per piccoli oggetti, sospeso all\u2019<span title=\"Japanese-language romanization\"><i lang=\"ja-Latn\"><a href=\"https:\/\/en.wikipedia.org\/wiki\/Obi_(sash)\" title=\"Obi (sash)\" style=\"color: #000000;\">obi<\/a><\/i><\/span> (cintura) indossata intorno alla vita con il <a href=\"https:\/\/en.wikipedia.org\/wiki\/Kimono\" title=\"Kimono\" style=\"color: #000000;\">kimono<\/a>. Spesso sono riccamente decorati con materiali come la <a href=\"https:\/\/en.wikipedia.org\/wiki\/Lacquer\" title=\"Lacquer\" style=\"color: #000000;\">lacca<\/a> e tecniche come il <span title=\"Japanese-language romanization\"><i lang=\"ja-Latn\"><a href=\"https:\/\/en.wikipedia.org\/wiki\/Maki-e\" title=\"Maki-e\" style=\"color: #000000;\">maki-e<\/a><\/i><\/span>, risultando pi\u00f9 decorativi rispetto ad altri <a href=\"https:\/\/en.wikipedia.org\/wiki\/Japanese_lacquerware\" title=\"Japanese lacquerware\" style=\"color: #000000;\">oggetti in lacca giapponese<\/a>.<sup id=\"cite_ref-murata104_1-0\" class=\"reference\"><\/sup><sup id=\"cite_ref-saimitsu79_2-0\" class=\"reference\"><\/sup><\/span><\/p>\n<p><span style=\"color: #000000;\">Poich\u00e9 l\u2019abbigliamento tradizionale giapponese non prevedeva tasche, gli oggetti venivano spesso trasportati sospesi all\u2019<span title=\"Japanese-language romanization\"><i lang=\"ja-Latn\">obi<\/i><\/span> in contenitori chiamati <span title=\"Japanese-language romanization\"><i lang=\"ja-Latn\"><a href=\"https:\/\/en.wiktionary.org\/wiki\/sagemono\" class=\"extiw\" title=\"wikt:sagemono\" style=\"color: #000000;\">sagemono<\/a><\/i><\/span>. La maggior parte dei <span title=\"Japanese-language romanization\"><i lang=\"ja-Latn\">sagemono<\/i><\/span> era destinata a usi specifici come tabacco, pipe, pennelli e inchiostro, ma il tipo chiamato <span title=\"Japanese-language romanization\"><i lang=\"ja-Latn\">inr\u014d<\/i><\/span> era adatto a piccoli oggetti e fu creato nel <a href=\"https:\/\/en.wikipedia.org\/wiki\/Sengoku_period\" title=\"Sengoku period\" style=\"color: #000000;\">periodo Sengoku<\/a> (1467\u20131615) come contenitore portatile per sigilli e medicinali da viaggio.<\/span><sup id=\"cite_ref-murata104_1-1\" class=\"reference\"><\/sup><sup id=\"cite_ref-saimitsu79_2-1\" class=\"reference\"><\/sup><\/p>\n","protected":false},"excerpt":{"rendered":"<p>Oggetto: Periodo Edo o prima era Meiji. XIX secolo. Inr\u014d in maki-e Shibayama con pavone. Decorato in oro takamaki-e, raffigurante un pavone in piedi con la coda eretta che si estende sull\u2019altro lato sopra una pavona; gli \u201cocchi\u201d delle penne del maschio sono intarsiati in madreperla, l\u2019interno riccamente decorato in [&hellip;]<\/p>\n","protected":false},"featured_media":14688,"template":"","meta":{"jetpack_post_was_ever_published":false},"product_brand":[],"product_cat":[739],"product_tag":[],"class_list":{"0":"post-14687","1":"product","2":"type-product","3":"status-publish","4":"has-post-thumbnail","6":"product_cat-inro","7":"product_shipping_class-tosogu","9":"first","10":"instock","11":"featured","12":"sold-individually","13":"shipping-taxable","14":"purchasable","15":"product-type-simple"},"yoast_head":"<!-- This site is optimized with the Yoast SEO plugin v27.4 - https:\/\/yoast.com\/product\/yoast-seo-wordpress\/ -->\n<title>Inr\u014d in maki-e Shibayama con pavone - Supein Nihonto<\/title>\n<meta name=\"description\" content=\"Decorato in takamaki-e d\u2019oro, raffigurante un pavone in piedi con la coda eretta che si estende sull\u2019altro lato sopra una pavona.\" \/>\n<meta name=\"robots\" content=\"index, follow, max-snippet:-1, max-image-preview:large, max-video-preview:-1\" \/>\n<link rel=\"canonical\" href=\"https:\/\/www.supeinnihonto.com\/it\/prodotto\/inro-in-maki-e-shibayama-con-pavone\/\" \/>\n<meta property=\"og:locale\" content=\"it_IT\" \/>\n<meta property=\"og:type\" content=\"article\" \/>\n<meta property=\"og:title\" content=\"Inr\u014d in maki-e Shibayama con pavone - Supein Nihonto\" \/>\n<meta property=\"og:description\" content=\"Decorato in takamaki-e d\u2019oro, raffigurante un pavone in piedi con la coda eretta che si estende sull\u2019altro lato sopra una pavona.\" \/>\n<meta property=\"og:url\" content=\"https:\/\/www.supeinnihonto.com\/it\/prodotto\/inro-in-maki-e-shibayama-con-pavone\/\" \/>\n<meta property=\"og:site_name\" content=\"Supein Nihonto\" \/>\n<meta property=\"article:modified_time\" content=\"2025-12-27T15:51:57+00:00\" \/>\n<meta property=\"og:image\" content=\"https:\/\/www.supeinnihonto.com\/wp-content\/uploads\/2024\/05\/DSC_3666-scaled.jpg\" \/>\n\t<meta property=\"og:image:width\" content=\"2560\" \/>\n\t<meta property=\"og:image:height\" content=\"1707\" \/>\n\t<meta property=\"og:image:type\" content=\"image\/jpeg\" \/>\n<meta name=\"twitter:card\" content=\"summary_large_image\" \/>\n<meta name=\"twitter:label1\" content=\"Tempo di lettura stimato\" \/>\n\t<meta name=\"twitter:data1\" content=\"2 minuto\" \/>\n<script type=\"application\/ld+json\" class=\"yoast-schema-graph\">{\"@context\":\"https:\\\/\\\/schema.org\",\"@graph\":[{\"@type\":\"WebPage\",\"@id\":\"https:\\\/\\\/www.supeinnihonto.com\\\/it\\\/prodotto\\\/inro-in-maki-e-shibayama-con-pavone\\\/\",\"url\":\"https:\\\/\\\/www.supeinnihonto.com\\\/it\\\/prodotto\\\/inro-in-maki-e-shibayama-con-pavone\\\/\",\"name\":\"Inr\u014d in maki-e Shibayama con pavone - Supein Nihonto\",\"isPartOf\":{\"@id\":\"https:\\\/\\\/www.supeinnihonto.com\\\/it\\\/#website\"},\"primaryImageOfPage\":{\"@id\":\"https:\\\/\\\/www.supeinnihonto.com\\\/it\\\/prodotto\\\/inro-in-maki-e-shibayama-con-pavone\\\/#primaryimage\"},\"image\":{\"@id\":\"https:\\\/\\\/www.supeinnihonto.com\\\/it\\\/prodotto\\\/inro-in-maki-e-shibayama-con-pavone\\\/#primaryimage\"},\"thumbnailUrl\":\"https:\\\/\\\/i0.wp.com\\\/www.supeinnihonto.com\\\/wp-content\\\/uploads\\\/2024\\\/05\\\/DSC_3666-scaled.jpg?fit=2560%2C1707&ssl=1\",\"datePublished\":\"2024-05-10T16:42:15+00:00\",\"dateModified\":\"2025-12-27T15:51:57+00:00\",\"description\":\"Decorato in takamaki-e d\u2019oro, raffigurante un pavone in piedi con la coda eretta che si estende sull\u2019altro lato sopra una pavona.\",\"breadcrumb\":{\"@id\":\"https:\\\/\\\/www.supeinnihonto.com\\\/it\\\/prodotto\\\/inro-in-maki-e-shibayama-con-pavone\\\/#breadcrumb\"},\"inLanguage\":\"it-IT\",\"potentialAction\":[{\"@type\":\"ReadAction\",\"target\":[\"https:\\\/\\\/www.supeinnihonto.com\\\/it\\\/prodotto\\\/inro-in-maki-e-shibayama-con-pavone\\\/\"]}]},{\"@type\":\"ImageObject\",\"inLanguage\":\"it-IT\",\"@id\":\"https:\\\/\\\/www.supeinnihonto.com\\\/it\\\/prodotto\\\/inro-in-maki-e-shibayama-con-pavone\\\/#primaryimage\",\"url\":\"https:\\\/\\\/i0.wp.com\\\/www.supeinnihonto.com\\\/wp-content\\\/uploads\\\/2024\\\/05\\\/DSC_3666-scaled.jpg?fit=2560%2C1707&ssl=1\",\"contentUrl\":\"https:\\\/\\\/i0.wp.com\\\/www.supeinnihonto.com\\\/wp-content\\\/uploads\\\/2024\\\/05\\\/DSC_3666-scaled.jpg?fit=2560%2C1707&ssl=1\",\"width\":2560,\"height\":1707,\"caption\":\"Inro Makie shibayama peacock\"},{\"@type\":\"BreadcrumbList\",\"@id\":\"https:\\\/\\\/www.supeinnihonto.com\\\/it\\\/prodotto\\\/inro-in-maki-e-shibayama-con-pavone\\\/#breadcrumb\",\"itemListElement\":[{\"@type\":\"ListItem\",\"position\":1,\"name\":\"Portada\",\"item\":\"https:\\\/\\\/www.supeinnihonto.com\\\/it\\\/\"},{\"@type\":\"ListItem\",\"position\":2,\"name\":\"Shop\",\"item\":\"https:\\\/\\\/www.supeinnihonto.com\\\/it\\\/shop\\\/\"},{\"@type\":\"ListItem\",\"position\":3,\"name\":\"Inr\u014d in maki-e Shibayama con pavone\"}]},{\"@type\":\"WebSite\",\"@id\":\"https:\\\/\\\/www.supeinnihonto.com\\\/it\\\/#website\",\"url\":\"https:\\\/\\\/www.supeinnihonto.com\\\/it\\\/\",\"name\":\"Supein Nihonto\",\"description\":\"Authentic japanese Nihonto katana \",\"publisher\":{\"@id\":\"https:\\\/\\\/www.supeinnihonto.com\\\/it\\\/#organization\"},\"potentialAction\":[{\"@type\":\"SearchAction\",\"target\":{\"@type\":\"EntryPoint\",\"urlTemplate\":\"https:\\\/\\\/www.supeinnihonto.com\\\/it\\\/?s={search_term_string}\"},\"query-input\":{\"@type\":\"PropertyValueSpecification\",\"valueRequired\":true,\"valueName\":\"search_term_string\"}}],\"inLanguage\":\"it-IT\"},{\"@type\":\"Organization\",\"@id\":\"https:\\\/\\\/www.supeinnihonto.com\\\/it\\\/#organization\",\"name\":\"SupeinNihonto\",\"url\":\"https:\\\/\\\/www.supeinnihonto.com\\\/it\\\/\",\"logo\":{\"@type\":\"ImageObject\",\"inLanguage\":\"it-IT\",\"@id\":\"https:\\\/\\\/www.supeinnihonto.com\\\/it\\\/#\\\/schema\\\/logo\\\/image\\\/\",\"url\":\"https:\\\/\\\/www.supeinnihonto.com\\\/wp-content\\\/uploads\\\/2021\\\/11\\\/animation_Default_3szk0jcenoloop.gif\",\"contentUrl\":\"https:\\\/\\\/www.supeinnihonto.com\\\/wp-content\\\/uploads\\\/2021\\\/11\\\/animation_Default_3szk0jcenoloop.gif\",\"width\":750,\"height\":641,\"caption\":\"SupeinNihonto\"},\"image\":{\"@id\":\"https:\\\/\\\/www.supeinnihonto.com\\\/it\\\/#\\\/schema\\\/logo\\\/image\\\/\"}}]}<\/script>\n<!-- \/ Yoast SEO plugin. -->","yoast_head_json":{"title":"Inr\u014d in maki-e Shibayama con pavone - Supein Nihonto","description":"Decorato in takamaki-e d\u2019oro, raffigurante un pavone in piedi con la coda eretta che si estende sull\u2019altro lato sopra una pavona.","robots":{"index":"index","follow":"follow","max-snippet":"max-snippet:-1","max-image-preview":"max-image-preview:large","max-video-preview":"max-video-preview:-1"},"canonical":"https:\/\/www.supeinnihonto.com\/it\/prodotto\/inro-in-maki-e-shibayama-con-pavone\/","og_locale":"it_IT","og_type":"article","og_title":"Inr\u014d in maki-e Shibayama con pavone - Supein Nihonto","og_description":"Decorato in takamaki-e d\u2019oro, raffigurante un pavone in piedi con la coda eretta che si estende sull\u2019altro lato sopra una pavona.","og_url":"https:\/\/www.supeinnihonto.com\/it\/prodotto\/inro-in-maki-e-shibayama-con-pavone\/","og_site_name":"Supein Nihonto","article_modified_time":"2025-12-27T15:51:57+00:00","og_image":[{"width":2560,"height":1707,"url":"https:\/\/www.supeinnihonto.com\/wp-content\/uploads\/2024\/05\/DSC_3666-scaled.jpg","type":"image\/jpeg"}],"twitter_card":"summary_large_image","twitter_misc":{"Tempo di lettura stimato":"2 minuto"},"schema":{"@context":"https:\/\/schema.org","@graph":[{"@type":"WebPage","@id":"https:\/\/www.supeinnihonto.com\/it\/prodotto\/inro-in-maki-e-shibayama-con-pavone\/","url":"https:\/\/www.supeinnihonto.com\/it\/prodotto\/inro-in-maki-e-shibayama-con-pavone\/","name":"Inr\u014d in maki-e Shibayama con pavone - Supein Nihonto","isPartOf":{"@id":"https:\/\/www.supeinnihonto.com\/it\/#website"},"primaryImageOfPage":{"@id":"https:\/\/www.supeinnihonto.com\/it\/prodotto\/inro-in-maki-e-shibayama-con-pavone\/#primaryimage"},"image":{"@id":"https:\/\/www.supeinnihonto.com\/it\/prodotto\/inro-in-maki-e-shibayama-con-pavone\/#primaryimage"},"thumbnailUrl":"https:\/\/i0.wp.com\/www.supeinnihonto.com\/wp-content\/uploads\/2024\/05\/DSC_3666-scaled.jpg?fit=2560%2C1707&ssl=1","datePublished":"2024-05-10T16:42:15+00:00","dateModified":"2025-12-27T15:51:57+00:00","description":"Decorato in takamaki-e d\u2019oro, raffigurante un pavone in piedi con la coda eretta che si estende sull\u2019altro lato sopra una pavona.","breadcrumb":{"@id":"https:\/\/www.supeinnihonto.com\/it\/prodotto\/inro-in-maki-e-shibayama-con-pavone\/#breadcrumb"},"inLanguage":"it-IT","potentialAction":[{"@type":"ReadAction","target":["https:\/\/www.supeinnihonto.com\/it\/prodotto\/inro-in-maki-e-shibayama-con-pavone\/"]}]},{"@type":"ImageObject","inLanguage":"it-IT","@id":"https:\/\/www.supeinnihonto.com\/it\/prodotto\/inro-in-maki-e-shibayama-con-pavone\/#primaryimage","url":"https:\/\/i0.wp.com\/www.supeinnihonto.com\/wp-content\/uploads\/2024\/05\/DSC_3666-scaled.jpg?fit=2560%2C1707&ssl=1","contentUrl":"https:\/\/i0.wp.com\/www.supeinnihonto.com\/wp-content\/uploads\/2024\/05\/DSC_3666-scaled.jpg?fit=2560%2C1707&ssl=1","width":2560,"height":1707,"caption":"Inro Makie shibayama peacock"},{"@type":"BreadcrumbList","@id":"https:\/\/www.supeinnihonto.com\/it\/prodotto\/inro-in-maki-e-shibayama-con-pavone\/#breadcrumb","itemListElement":[{"@type":"ListItem","position":1,"name":"Portada","item":"https:\/\/www.supeinnihonto.com\/it\/"},{"@type":"ListItem","position":2,"name":"Shop","item":"https:\/\/www.supeinnihonto.com\/it\/shop\/"},{"@type":"ListItem","position":3,"name":"Inr\u014d in maki-e Shibayama con pavone"}]},{"@type":"WebSite","@id":"https:\/\/www.supeinnihonto.com\/it\/#website","url":"https:\/\/www.supeinnihonto.com\/it\/","name":"Supein Nihonto","description":"Authentic japanese Nihonto katana ","publisher":{"@id":"https:\/\/www.supeinnihonto.com\/it\/#organization"},"potentialAction":[{"@type":"SearchAction","target":{"@type":"EntryPoint","urlTemplate":"https:\/\/www.supeinnihonto.com\/it\/?s={search_term_string}"},"query-input":{"@type":"PropertyValueSpecification","valueRequired":true,"valueName":"search_term_string"}}],"inLanguage":"it-IT"},{"@type":"Organization","@id":"https:\/\/www.supeinnihonto.com\/it\/#organization","name":"SupeinNihonto","url":"https:\/\/www.supeinnihonto.com\/it\/","logo":{"@type":"ImageObject","inLanguage":"it-IT","@id":"https:\/\/www.supeinnihonto.com\/it\/#\/schema\/logo\/image\/","url":"https:\/\/www.supeinnihonto.com\/wp-content\/uploads\/2021\/11\/animation_Default_3szk0jcenoloop.gif","contentUrl":"https:\/\/www.supeinnihonto.com\/wp-content\/uploads\/2021\/11\/animation_Default_3szk0jcenoloop.gif","width":750,"height":641,"caption":"SupeinNihonto"},"image":{"@id":"https:\/\/www.supeinnihonto.com\/it\/#\/schema\/logo\/image\/"}}]}},"jetpack-related-posts":[{"id":14871,"url":"https:\/\/www.supeinnihonto.com\/it\/prodotto\/inro-in-maki-e-shibayama-con-drago\/","url_meta":{"origin":14687,"position":0},"title":"Inr\u014d in maki-e Shibayama con drago","author":"Supein Nihonto","date":"9 de Maggio de 2024","format":false,"excerpt":"Oggetto: Inr\u014d a quattro scomparti intarsiato e laccato in oro. Inr\u014d. Periodo Meiji (1868\u20131912). Fondo lenticolare in kinji decorato in oro e takamaki-e leggermente policromo, hiramaki-e in oro, kirikane e stile Shibayama con Kosekik\u014d (cinese: Huangshigong) inginocchiato sulle rocce e intento a porgere una scarpa caduta a Ch\u014dry\u014d (Zhang Liang),\u2026","rel":"","context":"Articolo simile","block_context":{"text":"Articolo simile","link":""},"img":{"alt_text":"Inro Makie shibayama dragon","src":"https:\/\/i0.wp.com\/www.supeinnihonto.com\/wp-content\/uploads\/2024\/05\/DSC_3591-scaled.jpg?fit=870%2C1200&ssl=1&resize=350%2C200","width":350,"height":200,"srcset":"https:\/\/i0.wp.com\/www.supeinnihonto.com\/wp-content\/uploads\/2024\/05\/DSC_3591-scaled.jpg?fit=870%2C1200&ssl=1&resize=350%2C200 1x, https:\/\/i0.wp.com\/www.supeinnihonto.com\/wp-content\/uploads\/2024\/05\/DSC_3591-scaled.jpg?fit=870%2C1200&ssl=1&resize=525%2C300 1.5x, https:\/\/i0.wp.com\/www.supeinnihonto.com\/wp-content\/uploads\/2024\/05\/DSC_3591-scaled.jpg?fit=870%2C1200&ssl=1&resize=700%2C400 2x"},"classes":[]},{"id":14847,"url":"https:\/\/www.supeinnihonto.com\/it\/prodotto\/inro-in-maki-e-con-uccelli-e-pruno\/","url_meta":{"origin":14687,"position":1},"title":"Inr\u014d in maki-e con uccelli e pruno","author":"Supein Nihonto","date":"10 de Maggio de 2024","format":false,"excerpt":"Oggetto: Inr\u014d in maki-e con uccelli e pruno. Grande e magnifico inr\u014d a cinque scomparti, con un prezioso lavoro realizzato con diverse tecniche, in eccellente stato di conservazione. Dell\u2019era Meiji, fine XIX secolo. L\u2019inr\u014d include anche un ojime in metallo con decorazione cloisonn\u00e9 e un netsuke antico in legno del\u2026","rel":"","context":"Articolo simile","block_context":{"text":"Articolo simile","link":""},"img":{"alt_text":"Inro makie birds","src":"https:\/\/i0.wp.com\/www.supeinnihonto.com\/wp-content\/uploads\/2024\/05\/DSC_3629-scaled.jpg?fit=800%2C1200&ssl=1&resize=350%2C200","width":350,"height":200,"srcset":"https:\/\/i0.wp.com\/www.supeinnihonto.com\/wp-content\/uploads\/2024\/05\/DSC_3629-scaled.jpg?fit=800%2C1200&ssl=1&resize=350%2C200 1x, https:\/\/i0.wp.com\/www.supeinnihonto.com\/wp-content\/uploads\/2024\/05\/DSC_3629-scaled.jpg?fit=800%2C1200&ssl=1&resize=525%2C300 1.5x, https:\/\/i0.wp.com\/www.supeinnihonto.com\/wp-content\/uploads\/2024\/05\/DSC_3629-scaled.jpg?fit=800%2C1200&ssl=1&resize=700%2C400 2x"},"classes":[]},{"id":14855,"url":"https:\/\/www.supeinnihonto.com\/it\/prodotto\/inro-in-maki-e-con-gallo-e-gallina-2\/","url_meta":{"origin":14687,"position":2},"title":"Inr\u014d in maki-e con gallo e gallina","author":"Supein Nihonto","date":"9 de Maggio de 2024","format":false,"excerpt":"Oggetto: Inr\u014d in maki-e con uccelli e pruno. Grande e magnifico inr\u014d a cinque scomparti, con un prezioso lavoro realizzato con diverse tecniche, in eccellente stato di conservazione. Dell\u2019era Meiji, fine XIX secolo. L\u2019inr\u014d include anche un ojime in metallo con decorazione cloisonn\u00e9 e un netsuke antico in legno del\u2026","rel":"","context":"Articolo simile","block_context":{"text":"Articolo simile","link":""},"img":{"alt_text":"Inro Rooster and hen","src":"https:\/\/i0.wp.com\/www.supeinnihonto.com\/wp-content\/uploads\/2024\/05\/DSC_3622-scaled.jpg?fit=800%2C1200&ssl=1&resize=350%2C200","width":350,"height":200,"srcset":"https:\/\/i0.wp.com\/www.supeinnihonto.com\/wp-content\/uploads\/2024\/05\/DSC_3622-scaled.jpg?fit=800%2C1200&ssl=1&resize=350%2C200 1x, https:\/\/i0.wp.com\/www.supeinnihonto.com\/wp-content\/uploads\/2024\/05\/DSC_3622-scaled.jpg?fit=800%2C1200&ssl=1&resize=525%2C300 1.5x, https:\/\/i0.wp.com\/www.supeinnihonto.com\/wp-content\/uploads\/2024\/05\/DSC_3622-scaled.jpg?fit=800%2C1200&ssl=1&resize=700%2C400 2x"},"classes":[]},{"id":14863,"url":"https:\/\/www.supeinnihonto.com\/it\/prodotto\/inro-in-maki-e-shibayama-con-funghi-kinoko\/","url_meta":{"origin":14687,"position":3},"title":"Inr\u014d in maki-e Shibayama con funghi (kinoko)","author":"Supein Nihonto","date":"9 de Maggio de 2024","format":false,"excerpt":"Oggetto: Bellissimo inro con maki-e e intarsi in madreperla shibayama. Firmato. L'inro \u00e8 in condizioni fantastiche cos\u00ec come il netsuke intagliato in legno a forma di funghi dell'era Edo. Ojime in vetro. XIX secolo. 8,7 x 6 cm Cos'\u00e8 un Inro? Un inro \u00e8 una custodia tradizionale giapponese per contenere\u2026","rel":"","context":"Articolo simile","block_context":{"text":"Articolo simile","link":""},"img":{"alt_text":"Inro makie shibayama kinoko","src":"https:\/\/i0.wp.com\/www.supeinnihonto.com\/wp-content\/uploads\/2024\/05\/DSC_3604-scaled.jpg?fit=800%2C1200&ssl=1&resize=350%2C200","width":350,"height":200,"srcset":"https:\/\/i0.wp.com\/www.supeinnihonto.com\/wp-content\/uploads\/2024\/05\/DSC_3604-scaled.jpg?fit=800%2C1200&ssl=1&resize=350%2C200 1x, https:\/\/i0.wp.com\/www.supeinnihonto.com\/wp-content\/uploads\/2024\/05\/DSC_3604-scaled.jpg?fit=800%2C1200&ssl=1&resize=525%2C300 1.5x, https:\/\/i0.wp.com\/www.supeinnihonto.com\/wp-content\/uploads\/2024\/05\/DSC_3604-scaled.jpg?fit=800%2C1200&ssl=1&resize=700%2C400 2x"},"classes":[]},{"id":14782,"url":"https:\/\/www.supeinnihonto.com\/it\/prodotto\/inro-maki-e-con-fiori-di-crisantemo\/","url_meta":{"origin":14687,"position":4},"title":"Inro maki-e con fiori di crisantemo","author":"Supein Nihonto","date":"9 de Maggio de 2024","format":false,"excerpt":"Oggetto: Inro maki-e con fiori di crisantemo. Raro inro di dimensioni miniature di squisita fattura, con numerosi dettagli e alcuni intarsi shibayama in madreperla. Netsuke manju in bronzo e osso. Ojime in corallo rosso. Sia l\u2019inro che il netsuke sono in ottime condizioni, aspetto molto importante per la maggior parte\u2026","rel":"","context":"Articolo simile","block_context":{"text":"Articolo simile","link":""},"img":{"alt_text":"Inro Makie Chrisantemum flowers","src":"https:\/\/i0.wp.com\/www.supeinnihonto.com\/wp-content\/uploads\/2024\/05\/Inro-Makie-Chrisantemum-flowers.webp?fit=1200%2C800&ssl=1&resize=350%2C200","width":350,"height":200,"srcset":"https:\/\/i0.wp.com\/www.supeinnihonto.com\/wp-content\/uploads\/2024\/05\/Inro-Makie-Chrisantemum-flowers.webp?fit=1200%2C800&ssl=1&resize=350%2C200 1x, https:\/\/i0.wp.com\/www.supeinnihonto.com\/wp-content\/uploads\/2024\/05\/Inro-Makie-Chrisantemum-flowers.webp?fit=1200%2C800&ssl=1&resize=525%2C300 1.5x, https:\/\/i0.wp.com\/www.supeinnihonto.com\/wp-content\/uploads\/2024\/05\/Inro-Makie-Chrisantemum-flowers.webp?fit=1200%2C800&ssl=1&resize=700%2C400 2x, https:\/\/i0.wp.com\/www.supeinnihonto.com\/wp-content\/uploads\/2024\/05\/Inro-Makie-Chrisantemum-flowers.webp?fit=1200%2C800&ssl=1&resize=1050%2C600 3x"},"classes":[]},{"id":14683,"url":"https:\/\/www.supeinnihonto.com\/fr\/produit\/inro-en-maki-e-shibayama-au-paon\/","url_meta":{"origin":14687,"position":5},"title":"Inr\u014d en maki-e Shibayama au paon","author":"Supein Nihonto","date":"10 de Maggio de 2024","format":false,"excerpt":"Objet : P\u00e9riode Edo ou d\u00e9but de l\u2019\u00e8re Meiji. XIXe si\u00e8cle. Inr\u014d en maki-e Shibayama au paon. D\u00e9cor\u00e9 en or takamaki-e, repr\u00e9sentant un paon debout, la queue d\u00e9ploy\u00e9e et se prolongeant de l\u2019autre c\u00f4t\u00e9 au-dessus d\u2019une paonne, les \u00ab yeux \u00bb des plumes du m\u00e2le incrust\u00e9s de nacre, l\u2019int\u00e9rieur richement\u2026","rel":"","context":"Articolo simile","block_context":{"text":"Articolo simile","link":""},"img":{"alt_text":"Inro Makie shibayama peacock","src":"https:\/\/i0.wp.com\/www.supeinnihonto.com\/wp-content\/uploads\/2024\/05\/DSC_3666-scaled.jpg?fit=1200%2C800&ssl=1&resize=350%2C200","width":350,"height":200,"srcset":"https:\/\/i0.wp.com\/www.supeinnihonto.com\/wp-content\/uploads\/2024\/05\/DSC_3666-scaled.jpg?fit=1200%2C800&ssl=1&resize=350%2C200 1x, https:\/\/i0.wp.com\/www.supeinnihonto.com\/wp-content\/uploads\/2024\/05\/DSC_3666-scaled.jpg?fit=1200%2C800&ssl=1&resize=525%2C300 1.5x, https:\/\/i0.wp.com\/www.supeinnihonto.com\/wp-content\/uploads\/2024\/05\/DSC_3666-scaled.jpg?fit=1200%2C800&ssl=1&resize=700%2C400 2x, https:\/\/i0.wp.com\/www.supeinnihonto.com\/wp-content\/uploads\/2024\/05\/DSC_3666-scaled.jpg?fit=1200%2C800&ssl=1&resize=1050%2C600 3x"},"classes":[]}],"jetpack_sharing_enabled":true,"_links":{"self":[{"href":"https:\/\/www.supeinnihonto.com\/it\/wp-json\/wp\/v2\/product\/14687","targetHints":{"allow":["GET"]}}],"collection":[{"href":"https:\/\/www.supeinnihonto.com\/it\/wp-json\/wp\/v2\/product"}],"about":[{"href":"https:\/\/www.supeinnihonto.com\/it\/wp-json\/wp\/v2\/types\/product"}],"wp:featuredmedia":[{"embeddable":true,"href":"https:\/\/www.supeinnihonto.com\/it\/wp-json\/wp\/v2\/media\/14688"}],"wp:attachment":[{"href":"https:\/\/www.supeinnihonto.com\/it\/wp-json\/wp\/v2\/media?parent=14687"}],"wp:term":[{"taxonomy":"product_brand","embeddable":true,"href":"https:\/\/www.supeinnihonto.com\/it\/wp-json\/wp\/v2\/product_brand?post=14687"},{"taxonomy":"product_cat","embeddable":true,"href":"https:\/\/www.supeinnihonto.com\/it\/wp-json\/wp\/v2\/product_cat?post=14687"},{"taxonomy":"product_tag","embeddable":true,"href":"https:\/\/www.supeinnihonto.com\/it\/wp-json\/wp\/v2\/product_tag?post=14687"}],"curies":[{"name":"wp","href":"https:\/\/api.w.org\/{rel}","templated":true}]}}