{"id":14607,"date":"2024-05-13T15:46:24","date_gmt":"2024-05-13T15:46:24","guid":{"rendered":"https:\/\/www.supeinnihonto.com\/product\/fuchi-kashira-shakudo-carpenters\/"},"modified":"2025-12-27T13:19:47","modified_gmt":"2025-12-27T13:19:47","slug":"fuchi-kashira-in-shakudo-con-scena-di-carpentieri","status":"publish","type":"product","link":"https:\/\/www.supeinnihonto.com\/it\/prodotto\/fuchi-kashira-in-shakudo-con-scena-di-carpentieri\/","title":{"rendered":"Fuchi Kashira in shakud\u014d con scena di carpentieri"},"content":{"rendered":"<div><em><strong>Oggetto:<\/strong><\/em><\/div>\n<div><\/div>\n<div><span>Fuchi Kashira in shakud\u014d con scena di carpentieri. <i>Shakud\u014d<\/i> e oro, con un guerriero cinese a cavallo raffigurato sul <i>kashira<\/i> e carpentieri al lavoro su una grande trave di legno sul <i>fuchi<\/i>. Rilievo spesso. <\/span><span>Periodo Edo.<\/span><\/div>\n<div><\/div>\n<div>Fuchi: 3,9 x 2,5 cm<\/div>\n<div>Kashira: 3,6 x 2 cm<\/div>\n<div><\/div>\n<div>Adatto per katana e wakizashi.<\/div>\n<div><\/div>\n<div class=\"accordion-title active\"><em><strong>Che cos\u2019\u00e8 un fuchi\/kashira?<\/strong><\/em><br \/>\n<i class=\"fas fa-caret-up\"><\/i><\/div>\n<div class=\"accordion-content active\" id=\"tab3\">\n<p>Il fuchi-kashira \u00e8 una coppia di montature per spada utilizzata nel montaggio tradizionale giapponese delle spade (koshirae). Sono collocati alle due estremit\u00e0 dell\u2019impugnatura (tsuka) e svolgono funzioni sia pratiche che decorative.<\/p>\n<ul>\n<li style=\"list-style-type: none;\">\n<ul>\n<li><strong>Fuchi:<\/strong><span> <\/span>Il fuchi \u00e8 il collare metallico situato alla base dell\u2019impugnatura, adiacente alla guardia (tsuba). Ha una funzione decorativa e protettiva, coprendo la giunzione tra impugnatura e guardia. \u00c8 generalmente realizzato in metallo e pu\u00f2 presentare vari motivi decorativi, spesso coordinati con altri elementi come menuki e tsuba.<\/li>\n<li><strong>Kashira:<\/strong><span> <\/span>Il kashira \u00e8 il pomolo o cappuccio terminale dell\u2019impugnatura, situato all\u2019estremit\u00e0 opposta rispetto alla guardia (tsuba). Serve a fissare l\u2019avvolgimento dell\u2019impugnatura (tsukamaki) e a bilanciare il peso della lama. Come il fuchi, \u00e8 solitamente in metallo e pu\u00f2 essere decorato con motivi elaborati che completano l\u2019estetica complessiva della spada.<\/li>\n<\/ul>\n<\/li>\n<\/ul>\n<p>Insieme, fuchi e kashira formano una coppia coordinata che contribuisce all\u2019aspetto visivo e alla funzionalit\u00e0 dell\u2019impugnatura della spada. Sono realizzati con grande attenzione ai dettagli e possono variare notevolmente per design, materiali e qualit\u00e0 artigianale, riflettendo lo stile del fabbro o le preferenze del proprietario della spada.<\/p>\n<\/div>\n","protected":false},"excerpt":{"rendered":"<p>Oggetto: Fuchi Kashira in shakud\u014d con scena di carpentieri. Shakud\u014d e oro, con un guerriero cinese a cavallo raffigurato sul kashira e carpentieri al lavoro su una grande trave di legno sul fuchi. Rilievo spesso. Periodo Edo. Fuchi: 3,9 x 2,5 cm Kashira: 3,6 x 2 cm Adatto per katana [&hellip;]<\/p>\n","protected":false},"featured_media":39326,"template":"","meta":{"jetpack_post_was_ever_published":false},"product_brand":[],"product_cat":[736],"product_tag":[],"class_list":{"0":"post-14607","1":"product","2":"type-product","3":"status-publish","4":"has-post-thumbnail","6":"product_cat-fuchi-kashira","7":"product_shipping_class-tosogu","9":"first","10":"instock","11":"featured","12":"sold-individually","13":"shipping-taxable","14":"purchasable","15":"product-type-simple"},"yoast_head":"<!-- This site is optimized with the Yoast SEO plugin v27.4 - https:\/\/yoast.com\/product\/yoast-seo-wordpress\/ -->\n<title>Fuchi Kashira in shakud\u014d con scena di carpentieri - Supein Nihonto<\/title>\n<meta name=\"description\" content=\"Fuchi Kashira in shakud\u014d. Shakud\u014d e oro, con un guerriero cinese a cavallo raffigurato sul kashira e carpentieri al lavoro su una grande trave di legno sul fuchi. Periodo Edo.\" \/>\n<meta name=\"robots\" content=\"index, follow, max-snippet:-1, max-image-preview:large, max-video-preview:-1\" \/>\n<link rel=\"canonical\" href=\"https:\/\/www.supeinnihonto.com\/it\/prodotto\/fuchi-kashira-in-shakudo-con-scena-di-carpentieri\/\" \/>\n<meta property=\"og:locale\" content=\"it_IT\" \/>\n<meta property=\"og:type\" content=\"article\" \/>\n<meta property=\"og:title\" content=\"Fuchi Kashira in shakud\u014d con scena di carpentieri - Supein Nihonto\" \/>\n<meta property=\"og:description\" content=\"Fuchi Kashira in shakud\u014d. Shakud\u014d e oro, con un guerriero cinese a cavallo raffigurato sul kashira e carpentieri al lavoro su una grande trave di legno sul fuchi. Periodo Edo.\" \/>\n<meta property=\"og:url\" content=\"https:\/\/www.supeinnihonto.com\/it\/prodotto\/fuchi-kashira-in-shakudo-con-scena-di-carpentieri\/\" \/>\n<meta property=\"og:site_name\" content=\"Supein Nihonto\" \/>\n<meta property=\"article:modified_time\" content=\"2025-12-27T13:19:47+00:00\" \/>\n<meta property=\"og:image\" content=\"https:\/\/www.supeinnihonto.com\/wp-content\/uploads\/2024\/05\/DSC_3862-scaled.jpg\" \/>\n\t<meta property=\"og:image:width\" content=\"2560\" \/>\n\t<meta property=\"og:image:height\" content=\"1707\" \/>\n\t<meta property=\"og:image:type\" content=\"image\/jpeg\" \/>\n<meta name=\"twitter:card\" content=\"summary_large_image\" \/>\n<meta name=\"twitter:label1\" content=\"Tempo di lettura stimato\" \/>\n\t<meta name=\"twitter:data1\" content=\"2 minuto\" \/>\n<script type=\"application\/ld+json\" class=\"yoast-schema-graph\">{\"@context\":\"https:\\\/\\\/schema.org\",\"@graph\":[{\"@type\":\"WebPage\",\"@id\":\"https:\\\/\\\/www.supeinnihonto.com\\\/it\\\/prodotto\\\/fuchi-kashira-in-shakudo-con-scena-di-carpentieri\\\/\",\"url\":\"https:\\\/\\\/www.supeinnihonto.com\\\/it\\\/prodotto\\\/fuchi-kashira-in-shakudo-con-scena-di-carpentieri\\\/\",\"name\":\"Fuchi Kashira in shakud\u014d con scena di carpentieri - Supein Nihonto\",\"isPartOf\":{\"@id\":\"https:\\\/\\\/www.supeinnihonto.com\\\/it\\\/#website\"},\"primaryImageOfPage\":{\"@id\":\"https:\\\/\\\/www.supeinnihonto.com\\\/it\\\/prodotto\\\/fuchi-kashira-in-shakudo-con-scena-di-carpentieri\\\/#primaryimage\"},\"image\":{\"@id\":\"https:\\\/\\\/www.supeinnihonto.com\\\/it\\\/prodotto\\\/fuchi-kashira-in-shakudo-con-scena-di-carpentieri\\\/#primaryimage\"},\"thumbnailUrl\":\"https:\\\/\\\/i0.wp.com\\\/www.supeinnihonto.com\\\/wp-content\\\/uploads\\\/2024\\\/05\\\/Fuchi-Kashira-shakudo-carpenters.webp?fit=2250%2C1500&ssl=1\",\"datePublished\":\"2024-05-13T15:46:24+00:00\",\"dateModified\":\"2025-12-27T13:19:47+00:00\",\"description\":\"Fuchi Kashira in shakud\u014d. Shakud\u014d e oro, con un guerriero cinese a cavallo raffigurato sul kashira e carpentieri al lavoro su una grande trave di legno sul fuchi. Periodo Edo.\",\"breadcrumb\":{\"@id\":\"https:\\\/\\\/www.supeinnihonto.com\\\/it\\\/prodotto\\\/fuchi-kashira-in-shakudo-con-scena-di-carpentieri\\\/#breadcrumb\"},\"inLanguage\":\"it-IT\",\"potentialAction\":[{\"@type\":\"ReadAction\",\"target\":[\"https:\\\/\\\/www.supeinnihonto.com\\\/it\\\/prodotto\\\/fuchi-kashira-in-shakudo-con-scena-di-carpentieri\\\/\"]}]},{\"@type\":\"ImageObject\",\"inLanguage\":\"it-IT\",\"@id\":\"https:\\\/\\\/www.supeinnihonto.com\\\/it\\\/prodotto\\\/fuchi-kashira-in-shakudo-con-scena-di-carpentieri\\\/#primaryimage\",\"url\":\"https:\\\/\\\/i0.wp.com\\\/www.supeinnihonto.com\\\/wp-content\\\/uploads\\\/2024\\\/05\\\/Fuchi-Kashira-shakudo-carpenters.webp?fit=2250%2C1500&ssl=1\",\"contentUrl\":\"https:\\\/\\\/i0.wp.com\\\/www.supeinnihonto.com\\\/wp-content\\\/uploads\\\/2024\\\/05\\\/Fuchi-Kashira-shakudo-carpenters.webp?fit=2250%2C1500&ssl=1\",\"width\":2250,\"height\":1500,\"caption\":\"Fuchi Kashira shakudo carpenters\"},{\"@type\":\"BreadcrumbList\",\"@id\":\"https:\\\/\\\/www.supeinnihonto.com\\\/it\\\/prodotto\\\/fuchi-kashira-in-shakudo-con-scena-di-carpentieri\\\/#breadcrumb\",\"itemListElement\":[{\"@type\":\"ListItem\",\"position\":1,\"name\":\"Portada\",\"item\":\"https:\\\/\\\/www.supeinnihonto.com\\\/it\\\/\"},{\"@type\":\"ListItem\",\"position\":2,\"name\":\"Shop\",\"item\":\"https:\\\/\\\/www.supeinnihonto.com\\\/it\\\/shop\\\/\"},{\"@type\":\"ListItem\",\"position\":3,\"name\":\"Fuchi Kashira in shakud\u014d con scena di carpentieri\"}]},{\"@type\":\"WebSite\",\"@id\":\"https:\\\/\\\/www.supeinnihonto.com\\\/it\\\/#website\",\"url\":\"https:\\\/\\\/www.supeinnihonto.com\\\/it\\\/\",\"name\":\"Supein Nihonto\",\"description\":\"Authentic japanese Nihonto katana \",\"publisher\":{\"@id\":\"https:\\\/\\\/www.supeinnihonto.com\\\/it\\\/#organization\"},\"potentialAction\":[{\"@type\":\"SearchAction\",\"target\":{\"@type\":\"EntryPoint\",\"urlTemplate\":\"https:\\\/\\\/www.supeinnihonto.com\\\/it\\\/?s={search_term_string}\"},\"query-input\":{\"@type\":\"PropertyValueSpecification\",\"valueRequired\":true,\"valueName\":\"search_term_string\"}}],\"inLanguage\":\"it-IT\"},{\"@type\":\"Organization\",\"@id\":\"https:\\\/\\\/www.supeinnihonto.com\\\/it\\\/#organization\",\"name\":\"SupeinNihonto\",\"url\":\"https:\\\/\\\/www.supeinnihonto.com\\\/it\\\/\",\"logo\":{\"@type\":\"ImageObject\",\"inLanguage\":\"it-IT\",\"@id\":\"https:\\\/\\\/www.supeinnihonto.com\\\/it\\\/#\\\/schema\\\/logo\\\/image\\\/\",\"url\":\"https:\\\/\\\/www.supeinnihonto.com\\\/wp-content\\\/uploads\\\/2021\\\/11\\\/animation_Default_3szk0jcenoloop.gif\",\"contentUrl\":\"https:\\\/\\\/www.supeinnihonto.com\\\/wp-content\\\/uploads\\\/2021\\\/11\\\/animation_Default_3szk0jcenoloop.gif\",\"width\":750,\"height\":641,\"caption\":\"SupeinNihonto\"},\"image\":{\"@id\":\"https:\\\/\\\/www.supeinnihonto.com\\\/it\\\/#\\\/schema\\\/logo\\\/image\\\/\"}}]}<\/script>\n<!-- \/ Yoast SEO plugin. -->","yoast_head_json":{"title":"Fuchi Kashira in shakud\u014d con scena di carpentieri - Supein Nihonto","description":"Fuchi Kashira in shakud\u014d. Shakud\u014d e oro, con un guerriero cinese a cavallo raffigurato sul kashira e carpentieri al lavoro su una grande trave di legno sul fuchi. Periodo Edo.","robots":{"index":"index","follow":"follow","max-snippet":"max-snippet:-1","max-image-preview":"max-image-preview:large","max-video-preview":"max-video-preview:-1"},"canonical":"https:\/\/www.supeinnihonto.com\/it\/prodotto\/fuchi-kashira-in-shakudo-con-scena-di-carpentieri\/","og_locale":"it_IT","og_type":"article","og_title":"Fuchi Kashira in shakud\u014d con scena di carpentieri - Supein Nihonto","og_description":"Fuchi Kashira in shakud\u014d. Shakud\u014d e oro, con un guerriero cinese a cavallo raffigurato sul kashira e carpentieri al lavoro su una grande trave di legno sul fuchi. Periodo Edo.","og_url":"https:\/\/www.supeinnihonto.com\/it\/prodotto\/fuchi-kashira-in-shakudo-con-scena-di-carpentieri\/","og_site_name":"Supein Nihonto","article_modified_time":"2025-12-27T13:19:47+00:00","og_image":[{"width":2560,"height":1707,"url":"https:\/\/www.supeinnihonto.com\/wp-content\/uploads\/2024\/05\/DSC_3862-scaled.jpg","type":"image\/jpeg"}],"twitter_card":"summary_large_image","twitter_misc":{"Tempo di lettura stimato":"2 minuto"},"schema":{"@context":"https:\/\/schema.org","@graph":[{"@type":"WebPage","@id":"https:\/\/www.supeinnihonto.com\/it\/prodotto\/fuchi-kashira-in-shakudo-con-scena-di-carpentieri\/","url":"https:\/\/www.supeinnihonto.com\/it\/prodotto\/fuchi-kashira-in-shakudo-con-scena-di-carpentieri\/","name":"Fuchi Kashira in shakud\u014d con scena di carpentieri - Supein Nihonto","isPartOf":{"@id":"https:\/\/www.supeinnihonto.com\/it\/#website"},"primaryImageOfPage":{"@id":"https:\/\/www.supeinnihonto.com\/it\/prodotto\/fuchi-kashira-in-shakudo-con-scena-di-carpentieri\/#primaryimage"},"image":{"@id":"https:\/\/www.supeinnihonto.com\/it\/prodotto\/fuchi-kashira-in-shakudo-con-scena-di-carpentieri\/#primaryimage"},"thumbnailUrl":"https:\/\/i0.wp.com\/www.supeinnihonto.com\/wp-content\/uploads\/2024\/05\/Fuchi-Kashira-shakudo-carpenters.webp?fit=2250%2C1500&ssl=1","datePublished":"2024-05-13T15:46:24+00:00","dateModified":"2025-12-27T13:19:47+00:00","description":"Fuchi Kashira in shakud\u014d. Shakud\u014d e oro, con un guerriero cinese a cavallo raffigurato sul kashira e carpentieri al lavoro su una grande trave di legno sul fuchi. Periodo Edo.","breadcrumb":{"@id":"https:\/\/www.supeinnihonto.com\/it\/prodotto\/fuchi-kashira-in-shakudo-con-scena-di-carpentieri\/#breadcrumb"},"inLanguage":"it-IT","potentialAction":[{"@type":"ReadAction","target":["https:\/\/www.supeinnihonto.com\/it\/prodotto\/fuchi-kashira-in-shakudo-con-scena-di-carpentieri\/"]}]},{"@type":"ImageObject","inLanguage":"it-IT","@id":"https:\/\/www.supeinnihonto.com\/it\/prodotto\/fuchi-kashira-in-shakudo-con-scena-di-carpentieri\/#primaryimage","url":"https:\/\/i0.wp.com\/www.supeinnihonto.com\/wp-content\/uploads\/2024\/05\/Fuchi-Kashira-shakudo-carpenters.webp?fit=2250%2C1500&ssl=1","contentUrl":"https:\/\/i0.wp.com\/www.supeinnihonto.com\/wp-content\/uploads\/2024\/05\/Fuchi-Kashira-shakudo-carpenters.webp?fit=2250%2C1500&ssl=1","width":2250,"height":1500,"caption":"Fuchi Kashira shakudo carpenters"},{"@type":"BreadcrumbList","@id":"https:\/\/www.supeinnihonto.com\/it\/prodotto\/fuchi-kashira-in-shakudo-con-scena-di-carpentieri\/#breadcrumb","itemListElement":[{"@type":"ListItem","position":1,"name":"Portada","item":"https:\/\/www.supeinnihonto.com\/it\/"},{"@type":"ListItem","position":2,"name":"Shop","item":"https:\/\/www.supeinnihonto.com\/it\/shop\/"},{"@type":"ListItem","position":3,"name":"Fuchi Kashira in shakud\u014d con scena di carpentieri"}]},{"@type":"WebSite","@id":"https:\/\/www.supeinnihonto.com\/it\/#website","url":"https:\/\/www.supeinnihonto.com\/it\/","name":"Supein Nihonto","description":"Authentic japanese Nihonto katana ","publisher":{"@id":"https:\/\/www.supeinnihonto.com\/it\/#organization"},"potentialAction":[{"@type":"SearchAction","target":{"@type":"EntryPoint","urlTemplate":"https:\/\/www.supeinnihonto.com\/it\/?s={search_term_string}"},"query-input":{"@type":"PropertyValueSpecification","valueRequired":true,"valueName":"search_term_string"}}],"inLanguage":"it-IT"},{"@type":"Organization","@id":"https:\/\/www.supeinnihonto.com\/it\/#organization","name":"SupeinNihonto","url":"https:\/\/www.supeinnihonto.com\/it\/","logo":{"@type":"ImageObject","inLanguage":"it-IT","@id":"https:\/\/www.supeinnihonto.com\/it\/#\/schema\/logo\/image\/","url":"https:\/\/www.supeinnihonto.com\/wp-content\/uploads\/2021\/11\/animation_Default_3szk0jcenoloop.gif","contentUrl":"https:\/\/www.supeinnihonto.com\/wp-content\/uploads\/2021\/11\/animation_Default_3szk0jcenoloop.gif","width":750,"height":641,"caption":"SupeinNihonto"},"image":{"@id":"https:\/\/www.supeinnihonto.com\/it\/#\/schema\/logo\/image\/"}}]}},"jetpack-related-posts":[{"id":14475,"url":"https:\/\/www.supeinnihonto.com\/it\/prodotto\/fuchi-kashira-in-shakudo-scena-storica\/","url_meta":{"origin":14607,"position":0},"title":"Fuchi-kashira in shakud\u014d, scena storica","author":"Supein Nihonto","date":"14 de Maggio de 2024","format":false,"excerpt":"Oggetto: Scena fuchi kashira in shakudo. Shakudo nanako cesellato a rilievo e intarsiato con oro e altri metalli e leghe. Una scena storica non identificata con samurai, pini e cavallo. Firmato Soheishi Nyudo Soten sei. Periodo Edo. Fuchi: 4 x 2,4 cm Kashira: 3,4 x 1,8 cm Adatto per Katana\u2026","rel":"","context":"Articolo simile","block_context":{"text":"Articolo simile","link":""},"img":{"alt_text":"Fuchi kashira shakudo scene","src":"https:\/\/i0.wp.com\/www.supeinnihonto.com\/wp-content\/uploads\/2024\/05\/DSC_3844-scaled.jpg?fit=1200%2C800&ssl=1&resize=350%2C200","width":350,"height":200,"srcset":"https:\/\/i0.wp.com\/www.supeinnihonto.com\/wp-content\/uploads\/2024\/05\/DSC_3844-scaled.jpg?fit=1200%2C800&ssl=1&resize=350%2C200 1x, https:\/\/i0.wp.com\/www.supeinnihonto.com\/wp-content\/uploads\/2024\/05\/DSC_3844-scaled.jpg?fit=1200%2C800&ssl=1&resize=525%2C300 1.5x, https:\/\/i0.wp.com\/www.supeinnihonto.com\/wp-content\/uploads\/2024\/05\/DSC_3844-scaled.jpg?fit=1200%2C800&ssl=1&resize=700%2C400 2x, https:\/\/i0.wp.com\/www.supeinnihonto.com\/wp-content\/uploads\/2024\/05\/DSC_3844-scaled.jpg?fit=1200%2C800&ssl=1&resize=1050%2C600 3x"},"classes":[]},{"id":14463,"url":"https:\/\/www.supeinnihonto.com\/it\/prodotto\/fuchi-kashira-in-shakudo-con-scimmie\/","url_meta":{"origin":14607,"position":1},"title":"Fuchi-kashira in shakud\u014d con scimmie","author":"Supein Nihonto","date":"13 de Maggio de 2024","format":false,"excerpt":"Oggetto: Fuchi-kashira in shakud\u014d con scimmie. Nanako in shakud\u014d cesellato a rilievo e intarsiato con oro e altri metalli e leghe, raffigurante una scena storica non identificata con cacciatori e scimmie, firmato Soheishi Nyudo Soten sei. Pezzo molto dettagliato con rilievi di grande qualit\u00e0. Periodo Edo. Fuchi: 4 x 2,4\u2026","rel":"","context":"Articolo simile","block_context":{"text":"Articolo simile","link":""},"img":{"alt_text":"Fuchi kashira shakudo monkeys","src":"https:\/\/i0.wp.com\/www.supeinnihonto.com\/wp-content\/uploads\/2024\/05\/DSC_3856-scaled.jpg?fit=1200%2C800&ssl=1&resize=350%2C200","width":350,"height":200,"srcset":"https:\/\/i0.wp.com\/www.supeinnihonto.com\/wp-content\/uploads\/2024\/05\/DSC_3856-scaled.jpg?fit=1200%2C800&ssl=1&resize=350%2C200 1x, https:\/\/i0.wp.com\/www.supeinnihonto.com\/wp-content\/uploads\/2024\/05\/DSC_3856-scaled.jpg?fit=1200%2C800&ssl=1&resize=525%2C300 1.5x, https:\/\/i0.wp.com\/www.supeinnihonto.com\/wp-content\/uploads\/2024\/05\/DSC_3856-scaled.jpg?fit=1200%2C800&ssl=1&resize=700%2C400 2x, https:\/\/i0.wp.com\/www.supeinnihonto.com\/wp-content\/uploads\/2024\/05\/DSC_3856-scaled.jpg?fit=1200%2C800&ssl=1&resize=1050%2C600 3x"},"classes":[]},{"id":14483,"url":"https:\/\/www.supeinnihonto.com\/it\/prodotto\/fuchi-kashira-in-shakudo-fiume-uji\/","url_meta":{"origin":14607,"position":2},"title":"Fuchi-kashira in shakud\u014d, fiume Uji","author":"Supein Nihonto","date":"14 de Maggio de 2024","format":false,"excerpt":"Oggetto: Fuchi-kashira in shakud\u014d, fiume Uji. Nanako in shakud\u014d cesellato a rilievo e intarsiato con oro e altri metalli e leghe. Scena storica raffigurante Genta Kagesue e Sasaki Takatsuna durante la corsa attraverso il fiume Uji. Rilievo straordinario. Periodo Edo. Fuchi: 4 x 2,4 cm Kashira: 3,5 x 1,9 cm\u2026","rel":"","context":"Articolo simile","block_context":{"text":"Articolo simile","link":""},"img":{"alt_text":"Fuchi kashira shakudo uji river","src":"https:\/\/i0.wp.com\/www.supeinnihonto.com\/wp-content\/uploads\/2024\/05\/DSC_3839-scaled.jpg?fit=1200%2C800&ssl=1&resize=350%2C200","width":350,"height":200,"srcset":"https:\/\/i0.wp.com\/www.supeinnihonto.com\/wp-content\/uploads\/2024\/05\/DSC_3839-scaled.jpg?fit=1200%2C800&ssl=1&resize=350%2C200 1x, https:\/\/i0.wp.com\/www.supeinnihonto.com\/wp-content\/uploads\/2024\/05\/DSC_3839-scaled.jpg?fit=1200%2C800&ssl=1&resize=525%2C300 1.5x, https:\/\/i0.wp.com\/www.supeinnihonto.com\/wp-content\/uploads\/2024\/05\/DSC_3839-scaled.jpg?fit=1200%2C800&ssl=1&resize=700%2C400 2x, https:\/\/i0.wp.com\/www.supeinnihonto.com\/wp-content\/uploads\/2024\/05\/DSC_3839-scaled.jpg?fit=1200%2C800&ssl=1&resize=1050%2C600 3x"},"classes":[]},{"id":14627,"url":"https:\/\/www.supeinnihonto.com\/it\/prodotto\/fuchi-kashira-in-shakudo-con-motivo-di-rondine\/","url_meta":{"origin":14607,"position":3},"title":"Fuchi kashira in shakud\u014d con motivo di rondine","author":"Supein Nihonto","date":"13 de Maggio de 2024","format":false,"excerpt":"Oggetto: Fuchi kashira in shakud\u014d con motivo di rondine. Realizzato in shibuichi, rame, shakud\u014d e oro, raffigurante festaioli su una barca sotto un salice e una rondine, firmato Tsunenao con kao. Periodo Edo. Fuchi: 3,5 x 2,1 cm Kashira: 3,0 x 1,7 cm Adatto per wakizashi e tant\u014d. Che cos\u2019\u00e8\u2026","rel":"","context":"Articolo simile","block_context":{"text":"Articolo simile","link":""},"img":{"alt_text":"Fuchi kashira shakudo swallow","src":"https:\/\/i0.wp.com\/www.supeinnihonto.com\/wp-content\/uploads\/2024\/05\/DSC_3878-scaled.jpg?fit=1200%2C800&ssl=1&resize=350%2C200","width":350,"height":200,"srcset":"https:\/\/i0.wp.com\/www.supeinnihonto.com\/wp-content\/uploads\/2024\/05\/DSC_3878-scaled.jpg?fit=1200%2C800&ssl=1&resize=350%2C200 1x, https:\/\/i0.wp.com\/www.supeinnihonto.com\/wp-content\/uploads\/2024\/05\/DSC_3878-scaled.jpg?fit=1200%2C800&ssl=1&resize=525%2C300 1.5x, https:\/\/i0.wp.com\/www.supeinnihonto.com\/wp-content\/uploads\/2024\/05\/DSC_3878-scaled.jpg?fit=1200%2C800&ssl=1&resize=700%2C400 2x, https:\/\/i0.wp.com\/www.supeinnihonto.com\/wp-content\/uploads\/2024\/05\/DSC_3878-scaled.jpg?fit=1200%2C800&ssl=1&resize=1050%2C600 3x"},"classes":[]},{"id":14651,"url":"https:\/\/www.supeinnihonto.com\/it\/prodotto\/fuchi-kashira-in-shakudo-con-cavalli\/","url_meta":{"origin":14607,"position":4},"title":"Fuchi Kashira in shakud\u014d con cavalli","author":"Supein Nihonto","date":"13 de Maggio de 2024","format":false,"excerpt":"Oggetto: Fuchi Kashira in shakud\u014d con cavalli. Eccellente coppia di fuchi kashira, finemente intagliata e ricca di dettagli. Realizzata in shakud\u014d, con intarsi raffiguranti cavalli e stallieri in una pineta, firmata Soheishi Kitagawa Ny\u016bd\u014d S\u014dten sei. Scuola S\u014dten. Molto ben conservata attraverso i secoli. Periodo Edo. Fuchi: 4 x 2,5\u2026","rel":"","context":"Articolo simile","block_context":{"text":"Articolo simile","link":""},"img":{"alt_text":"Fuchi Kashira shakudo Battle","src":"https:\/\/i0.wp.com\/www.supeinnihonto.com\/wp-content\/uploads\/2024\/05\/DSC_3892-scaled.jpg?fit=1200%2C800&ssl=1&resize=350%2C200","width":350,"height":200,"srcset":"https:\/\/i0.wp.com\/www.supeinnihonto.com\/wp-content\/uploads\/2024\/05\/DSC_3892-scaled.jpg?fit=1200%2C800&ssl=1&resize=350%2C200 1x, https:\/\/i0.wp.com\/www.supeinnihonto.com\/wp-content\/uploads\/2024\/05\/DSC_3892-scaled.jpg?fit=1200%2C800&ssl=1&resize=525%2C300 1.5x, https:\/\/i0.wp.com\/www.supeinnihonto.com\/wp-content\/uploads\/2024\/05\/DSC_3892-scaled.jpg?fit=1200%2C800&ssl=1&resize=700%2C400 2x, https:\/\/i0.wp.com\/www.supeinnihonto.com\/wp-content\/uploads\/2024\/05\/DSC_3892-scaled.jpg?fit=1200%2C800&ssl=1&resize=1050%2C600 3x"},"classes":[]},{"id":14635,"url":"https:\/\/www.supeinnihonto.com\/it\/prodotto\/fuchi-kashira-in-shakudo-con-motivo-del-bue\/","url_meta":{"origin":14607,"position":5},"title":"Fuchi kashira in shakud\u014d con motivo del bue","author":"Supein Nihonto","date":"13 de Maggio de 2024","format":false,"excerpt":"Oggetto: Fuchi kashira in shakud\u014d con motivo del bue. Fuchi Kashira in shakud\u014d raffigurante il giovane mandriano Kengy\u016b (cinese: Qianniu) che conduce un bue tra le nuvole, firmato Asami Hoky\u016b (Haynes 1613, dove il cognome \u00e8 stato erroneamente letto come Asagai) con kao. Pezzo molto dettagliato con eccellente intaglio del\u2026","rel":"","context":"Articolo simile","block_context":{"text":"Articolo simile","link":""},"img":{"alt_text":"Fuchi kashira shakudo ox","src":"https:\/\/i0.wp.com\/www.supeinnihonto.com\/wp-content\/uploads\/2024\/05\/DSC_3882-scaled.jpg?fit=1200%2C800&ssl=1&resize=350%2C200","width":350,"height":200,"srcset":"https:\/\/i0.wp.com\/www.supeinnihonto.com\/wp-content\/uploads\/2024\/05\/DSC_3882-scaled.jpg?fit=1200%2C800&ssl=1&resize=350%2C200 1x, https:\/\/i0.wp.com\/www.supeinnihonto.com\/wp-content\/uploads\/2024\/05\/DSC_3882-scaled.jpg?fit=1200%2C800&ssl=1&resize=525%2C300 1.5x, https:\/\/i0.wp.com\/www.supeinnihonto.com\/wp-content\/uploads\/2024\/05\/DSC_3882-scaled.jpg?fit=1200%2C800&ssl=1&resize=700%2C400 2x, https:\/\/i0.wp.com\/www.supeinnihonto.com\/wp-content\/uploads\/2024\/05\/DSC_3882-scaled.jpg?fit=1200%2C800&ssl=1&resize=1050%2C600 3x"},"classes":[]}],"jetpack_sharing_enabled":true,"_links":{"self":[{"href":"https:\/\/www.supeinnihonto.com\/it\/wp-json\/wp\/v2\/product\/14607","targetHints":{"allow":["GET"]}}],"collection":[{"href":"https:\/\/www.supeinnihonto.com\/it\/wp-json\/wp\/v2\/product"}],"about":[{"href":"https:\/\/www.supeinnihonto.com\/it\/wp-json\/wp\/v2\/types\/product"}],"wp:featuredmedia":[{"embeddable":true,"href":"https:\/\/www.supeinnihonto.com\/it\/wp-json\/wp\/v2\/media\/39326"}],"wp:attachment":[{"href":"https:\/\/www.supeinnihonto.com\/it\/wp-json\/wp\/v2\/media?parent=14607"}],"wp:term":[{"taxonomy":"product_brand","embeddable":true,"href":"https:\/\/www.supeinnihonto.com\/it\/wp-json\/wp\/v2\/product_brand?post=14607"},{"taxonomy":"product_cat","embeddable":true,"href":"https:\/\/www.supeinnihonto.com\/it\/wp-json\/wp\/v2\/product_cat?post=14607"},{"taxonomy":"product_tag","embeddable":true,"href":"https:\/\/www.supeinnihonto.com\/it\/wp-json\/wp\/v2\/product_tag?post=14607"}],"curies":[{"name":"wp","href":"https:\/\/api.w.org\/{rel}","templated":true}]}}