{"id":14455,"date":"2024-05-14T16:10:06","date_gmt":"2024-05-14T16:10:06","guid":{"rendered":"https:\/\/www.supeinnihonto.com\/product\/kojiri-silver-flowers\/"},"modified":"2025-12-26T19:40:39","modified_gmt":"2025-12-26T19:40:39","slug":"kojiri-in-argento-con-motivi-floreali","status":"publish","type":"product","link":"https:\/\/www.supeinnihonto.com\/it\/prodotto\/kojiri-in-argento-con-motivi-floreali\/","title":{"rendered":"Kojiri in argento con motivi floreali"},"content":{"rendered":"<div><em><strong>Oggetto:<\/strong><\/em><\/div>\n<div><\/div>\n<div>\n<p>Splendido kojiri in argento decorato con motivi floreali. Pezzo straordinario. I kojiri sono rari poich\u00e9, sebbene i fuchi-kashira fossero obbligatori per quasi tutte le spade, i kojiri erano riservati ai koshirae di alto valore e alle spade di qualit\u00e0 superiore, poich\u00e9 rendevano il koshirae sensibilmente pi\u00f9 costoso senza essere un elemento essenziale. I buoni kojiri sono eccezionalmente rari e molto ricercati per realizzare koshirae destinati a spade antiche. Periodo Edo.<\/p>\n<\/div>\n<div>4 x 2,2 cm<\/div>\n<div>Adatto per saya di katana e wakizashi.<\/div>\n<div><\/div>\n<div class=\"accordion-title active\">\n<div class=\"accordion-title active\"><span>Che cos\u2019\u00e8 un kojiri?<\/span><br \/>\n<i class=\"fas fa-caret-up\"><\/i><\/div>\n<div class=\"accordion-content active\" id=\"tab4\">\n<p>Il kojiri \u00e8 un elemento metallico situato all\u2019estremit\u00e0 del fodero (saya) di una spada giapponese, come un katana o un wakizashi. La sua funzione principale \u00e8 quella di proteggere la punta del fodero dall\u2019usura e dai danni, oltre a fornire una finitura estetica al saya.<\/p>\n<p>Il kojiri \u00e8 generalmente realizzato in metallo, come ottone o ferro, ed \u00e8 spesso decorato con motivi ornamentali o disegni che completano il design complessivo della spada. Viene fissato al saya con piccoli chiodi o perni ed \u00e8 posizionato all\u2019estremit\u00e0 inferiore del fodero quando la spada \u00e8 riposta.<\/p>\n<p>Sebbene la sua funzione primaria sia pratica, il kojiri svolge anche un ruolo decorativo che contribuisce all\u2019estetica complessiva della spada e del fodero. Come altri elementi delle spade giapponesi \u2014 quali tsuba, fuchi-kashira e menuki \u2014 il design e la qualit\u00e0 artigianale del kojiri possono variare notevolmente in base allo stile, al periodo e alle preferenze del forgiatore o del proprietario.<\/p>\n<\/div>\n<\/div>\n","protected":false},"excerpt":{"rendered":"<p>Oggetto: Splendido kojiri in argento decorato con motivi floreali. Pezzo straordinario. I kojiri sono rari poich\u00e9, sebbene i fuchi-kashira fossero obbligatori per quasi tutte le spade, i kojiri erano riservati ai koshirae di alto valore e alle spade di qualit\u00e0 superiore, poich\u00e9 rendevano il koshirae sensibilmente pi\u00f9 costoso senza essere [&hellip;]<\/p>\n","protected":false},"featured_media":14456,"template":"","meta":{"jetpack_post_was_ever_published":false},"product_brand":[],"product_cat":[735],"product_tag":[],"class_list":{"0":"post-14455","1":"product","2":"type-product","3":"status-publish","4":"has-post-thumbnail","6":"product_cat-kojiri","7":"product_shipping_class-tosogu","9":"first","10":"instock","11":"featured","12":"sold-individually","13":"shipping-taxable","14":"purchasable","15":"product-type-simple"},"yoast_head":"<!-- This site is optimized with the Yoast SEO plugin v27.5 - https:\/\/yoast.com\/product\/yoast-seo-wordpress\/ -->\n<title>Kojiri in argento con motivi floreali - Supein Nihonto<\/title>\n<meta name=\"description\" content=\"Splendido kojiri in argento decorato con motivi floreali. Pezzo straordinario. I kojiri sono rari poich\u00e9, sebbene i fuchi-kashira fossero obbligatori per quasi tutte le spade\u2026\" \/>\n<meta name=\"robots\" content=\"index, follow, max-snippet:-1, max-image-preview:large, max-video-preview:-1\" \/>\n<link rel=\"canonical\" href=\"https:\/\/www.supeinnihonto.com\/it\/prodotto\/kojiri-in-argento-con-motivi-floreali\/\" \/>\n<meta property=\"og:locale\" content=\"it_IT\" \/>\n<meta property=\"og:type\" content=\"article\" \/>\n<meta property=\"og:title\" content=\"Kojiri in argento con motivi floreali - Supein Nihonto\" \/>\n<meta property=\"og:description\" content=\"Splendido kojiri in argento decorato con motivi floreali. Pezzo straordinario. I kojiri sono rari poich\u00e9, sebbene i fuchi-kashira fossero obbligatori per quasi tutte le spade\u2026\" \/>\n<meta property=\"og:url\" content=\"https:\/\/www.supeinnihonto.com\/it\/prodotto\/kojiri-in-argento-con-motivi-floreali\/\" \/>\n<meta property=\"og:site_name\" content=\"Supein Nihonto\" \/>\n<meta property=\"article:modified_time\" content=\"2025-12-26T19:40:39+00:00\" \/>\n<meta property=\"og:image\" content=\"https:\/\/www.supeinnihonto.com\/wp-content\/uploads\/2024\/05\/DSC_3805-scaled.jpg\" \/>\n\t<meta property=\"og:image:width\" content=\"2560\" \/>\n\t<meta property=\"og:image:height\" content=\"1707\" \/>\n\t<meta property=\"og:image:type\" content=\"image\/jpeg\" \/>\n<meta name=\"twitter:card\" content=\"summary_large_image\" \/>\n<meta name=\"twitter:label1\" content=\"Tempo di lettura stimato\" \/>\n\t<meta name=\"twitter:data1\" content=\"2 minuto\" \/>\n<script type=\"application\/ld+json\" class=\"yoast-schema-graph\">{\"@context\":\"https:\\\/\\\/schema.org\",\"@graph\":[{\"@type\":\"WebPage\",\"@id\":\"https:\\\/\\\/www.supeinnihonto.com\\\/it\\\/prodotto\\\/kojiri-in-argento-con-motivi-floreali\\\/\",\"url\":\"https:\\\/\\\/www.supeinnihonto.com\\\/it\\\/prodotto\\\/kojiri-in-argento-con-motivi-floreali\\\/\",\"name\":\"Kojiri in argento con motivi floreali - Supein Nihonto\",\"isPartOf\":{\"@id\":\"https:\\\/\\\/www.supeinnihonto.com\\\/it\\\/#website\"},\"primaryImageOfPage\":{\"@id\":\"https:\\\/\\\/www.supeinnihonto.com\\\/it\\\/prodotto\\\/kojiri-in-argento-con-motivi-floreali\\\/#primaryimage\"},\"image\":{\"@id\":\"https:\\\/\\\/www.supeinnihonto.com\\\/it\\\/prodotto\\\/kojiri-in-argento-con-motivi-floreali\\\/#primaryimage\"},\"thumbnailUrl\":\"https:\\\/\\\/i0.wp.com\\\/www.supeinnihonto.com\\\/wp-content\\\/uploads\\\/2024\\\/05\\\/DSC_3805-scaled.jpg?fit=2560%2C1707&ssl=1\",\"datePublished\":\"2024-05-14T16:10:06+00:00\",\"dateModified\":\"2025-12-26T19:40:39+00:00\",\"description\":\"Splendido kojiri in argento decorato con motivi floreali. Pezzo straordinario. I kojiri sono rari poich\u00e9, sebbene i fuchi-kashira fossero obbligatori per quasi tutte le spade\u2026\",\"breadcrumb\":{\"@id\":\"https:\\\/\\\/www.supeinnihonto.com\\\/it\\\/prodotto\\\/kojiri-in-argento-con-motivi-floreali\\\/#breadcrumb\"},\"inLanguage\":\"it-IT\",\"potentialAction\":[{\"@type\":\"ReadAction\",\"target\":[\"https:\\\/\\\/www.supeinnihonto.com\\\/it\\\/prodotto\\\/kojiri-in-argento-con-motivi-floreali\\\/\"]}]},{\"@type\":\"ImageObject\",\"inLanguage\":\"it-IT\",\"@id\":\"https:\\\/\\\/www.supeinnihonto.com\\\/it\\\/prodotto\\\/kojiri-in-argento-con-motivi-floreali\\\/#primaryimage\",\"url\":\"https:\\\/\\\/i0.wp.com\\\/www.supeinnihonto.com\\\/wp-content\\\/uploads\\\/2024\\\/05\\\/DSC_3805-scaled.jpg?fit=2560%2C1707&ssl=1\",\"contentUrl\":\"https:\\\/\\\/i0.wp.com\\\/www.supeinnihonto.com\\\/wp-content\\\/uploads\\\/2024\\\/05\\\/DSC_3805-scaled.jpg?fit=2560%2C1707&ssl=1\",\"width\":2560,\"height\":1707,\"caption\":\"Kojiri silver flowers\"},{\"@type\":\"BreadcrumbList\",\"@id\":\"https:\\\/\\\/www.supeinnihonto.com\\\/it\\\/prodotto\\\/kojiri-in-argento-con-motivi-floreali\\\/#breadcrumb\",\"itemListElement\":[{\"@type\":\"ListItem\",\"position\":1,\"name\":\"Portada\",\"item\":\"https:\\\/\\\/www.supeinnihonto.com\\\/it\\\/\"},{\"@type\":\"ListItem\",\"position\":2,\"name\":\"Shop\",\"item\":\"https:\\\/\\\/www.supeinnihonto.com\\\/it\\\/shop\\\/\"},{\"@type\":\"ListItem\",\"position\":3,\"name\":\"Kojiri in argento con motivi floreali\"}]},{\"@type\":\"WebSite\",\"@id\":\"https:\\\/\\\/www.supeinnihonto.com\\\/it\\\/#website\",\"url\":\"https:\\\/\\\/www.supeinnihonto.com\\\/it\\\/\",\"name\":\"Supein Nihonto\",\"description\":\"Authentic japanese Nihonto katana \",\"publisher\":{\"@id\":\"https:\\\/\\\/www.supeinnihonto.com\\\/it\\\/#organization\"},\"potentialAction\":[{\"@type\":\"SearchAction\",\"target\":{\"@type\":\"EntryPoint\",\"urlTemplate\":\"https:\\\/\\\/www.supeinnihonto.com\\\/it\\\/?s={search_term_string}\"},\"query-input\":{\"@type\":\"PropertyValueSpecification\",\"valueRequired\":true,\"valueName\":\"search_term_string\"}}],\"inLanguage\":\"it-IT\"},{\"@type\":\"Organization\",\"@id\":\"https:\\\/\\\/www.supeinnihonto.com\\\/it\\\/#organization\",\"name\":\"SupeinNihonto\",\"url\":\"https:\\\/\\\/www.supeinnihonto.com\\\/it\\\/\",\"logo\":{\"@type\":\"ImageObject\",\"inLanguage\":\"it-IT\",\"@id\":\"https:\\\/\\\/www.supeinnihonto.com\\\/it\\\/#\\\/schema\\\/logo\\\/image\\\/\",\"url\":\"https:\\\/\\\/www.supeinnihonto.com\\\/wp-content\\\/uploads\\\/2021\\\/11\\\/animation_Default_3szk0jcenoloop.gif\",\"contentUrl\":\"https:\\\/\\\/www.supeinnihonto.com\\\/wp-content\\\/uploads\\\/2021\\\/11\\\/animation_Default_3szk0jcenoloop.gif\",\"width\":750,\"height\":641,\"caption\":\"SupeinNihonto\"},\"image\":{\"@id\":\"https:\\\/\\\/www.supeinnihonto.com\\\/it\\\/#\\\/schema\\\/logo\\\/image\\\/\"}}]}<\/script>\n<!-- \/ Yoast SEO plugin. -->","yoast_head_json":{"title":"Kojiri in argento con motivi floreali - Supein Nihonto","description":"Splendido kojiri in argento decorato con motivi floreali. Pezzo straordinario. I kojiri sono rari poich\u00e9, sebbene i fuchi-kashira fossero obbligatori per quasi tutte le spade\u2026","robots":{"index":"index","follow":"follow","max-snippet":"max-snippet:-1","max-image-preview":"max-image-preview:large","max-video-preview":"max-video-preview:-1"},"canonical":"https:\/\/www.supeinnihonto.com\/it\/prodotto\/kojiri-in-argento-con-motivi-floreali\/","og_locale":"it_IT","og_type":"article","og_title":"Kojiri in argento con motivi floreali - Supein Nihonto","og_description":"Splendido kojiri in argento decorato con motivi floreali. Pezzo straordinario. I kojiri sono rari poich\u00e9, sebbene i fuchi-kashira fossero obbligatori per quasi tutte le spade\u2026","og_url":"https:\/\/www.supeinnihonto.com\/it\/prodotto\/kojiri-in-argento-con-motivi-floreali\/","og_site_name":"Supein Nihonto","article_modified_time":"2025-12-26T19:40:39+00:00","og_image":[{"width":2560,"height":1707,"url":"https:\/\/www.supeinnihonto.com\/wp-content\/uploads\/2024\/05\/DSC_3805-scaled.jpg","type":"image\/jpeg"}],"twitter_card":"summary_large_image","twitter_misc":{"Tempo di lettura stimato":"2 minuto"},"schema":{"@context":"https:\/\/schema.org","@graph":[{"@type":"WebPage","@id":"https:\/\/www.supeinnihonto.com\/it\/prodotto\/kojiri-in-argento-con-motivi-floreali\/","url":"https:\/\/www.supeinnihonto.com\/it\/prodotto\/kojiri-in-argento-con-motivi-floreali\/","name":"Kojiri in argento con motivi floreali - Supein Nihonto","isPartOf":{"@id":"https:\/\/www.supeinnihonto.com\/it\/#website"},"primaryImageOfPage":{"@id":"https:\/\/www.supeinnihonto.com\/it\/prodotto\/kojiri-in-argento-con-motivi-floreali\/#primaryimage"},"image":{"@id":"https:\/\/www.supeinnihonto.com\/it\/prodotto\/kojiri-in-argento-con-motivi-floreali\/#primaryimage"},"thumbnailUrl":"https:\/\/i0.wp.com\/www.supeinnihonto.com\/wp-content\/uploads\/2024\/05\/DSC_3805-scaled.jpg?fit=2560%2C1707&ssl=1","datePublished":"2024-05-14T16:10:06+00:00","dateModified":"2025-12-26T19:40:39+00:00","description":"Splendido kojiri in argento decorato con motivi floreali. Pezzo straordinario. I kojiri sono rari poich\u00e9, sebbene i fuchi-kashira fossero obbligatori per quasi tutte le spade\u2026","breadcrumb":{"@id":"https:\/\/www.supeinnihonto.com\/it\/prodotto\/kojiri-in-argento-con-motivi-floreali\/#breadcrumb"},"inLanguage":"it-IT","potentialAction":[{"@type":"ReadAction","target":["https:\/\/www.supeinnihonto.com\/it\/prodotto\/kojiri-in-argento-con-motivi-floreali\/"]}]},{"@type":"ImageObject","inLanguage":"it-IT","@id":"https:\/\/www.supeinnihonto.com\/it\/prodotto\/kojiri-in-argento-con-motivi-floreali\/#primaryimage","url":"https:\/\/i0.wp.com\/www.supeinnihonto.com\/wp-content\/uploads\/2024\/05\/DSC_3805-scaled.jpg?fit=2560%2C1707&ssl=1","contentUrl":"https:\/\/i0.wp.com\/www.supeinnihonto.com\/wp-content\/uploads\/2024\/05\/DSC_3805-scaled.jpg?fit=2560%2C1707&ssl=1","width":2560,"height":1707,"caption":"Kojiri silver flowers"},{"@type":"BreadcrumbList","@id":"https:\/\/www.supeinnihonto.com\/it\/prodotto\/kojiri-in-argento-con-motivi-floreali\/#breadcrumb","itemListElement":[{"@type":"ListItem","position":1,"name":"Portada","item":"https:\/\/www.supeinnihonto.com\/it\/"},{"@type":"ListItem","position":2,"name":"Shop","item":"https:\/\/www.supeinnihonto.com\/it\/shop\/"},{"@type":"ListItem","position":3,"name":"Kojiri in argento con motivi floreali"}]},{"@type":"WebSite","@id":"https:\/\/www.supeinnihonto.com\/it\/#website","url":"https:\/\/www.supeinnihonto.com\/it\/","name":"Supein Nihonto","description":"Authentic japanese Nihonto katana ","publisher":{"@id":"https:\/\/www.supeinnihonto.com\/it\/#organization"},"potentialAction":[{"@type":"SearchAction","target":{"@type":"EntryPoint","urlTemplate":"https:\/\/www.supeinnihonto.com\/it\/?s={search_term_string}"},"query-input":{"@type":"PropertyValueSpecification","valueRequired":true,"valueName":"search_term_string"}}],"inLanguage":"it-IT"},{"@type":"Organization","@id":"https:\/\/www.supeinnihonto.com\/it\/#organization","name":"SupeinNihonto","url":"https:\/\/www.supeinnihonto.com\/it\/","logo":{"@type":"ImageObject","inLanguage":"it-IT","@id":"https:\/\/www.supeinnihonto.com\/it\/#\/schema\/logo\/image\/","url":"https:\/\/www.supeinnihonto.com\/wp-content\/uploads\/2021\/11\/animation_Default_3szk0jcenoloop.gif","contentUrl":"https:\/\/www.supeinnihonto.com\/wp-content\/uploads\/2021\/11\/animation_Default_3szk0jcenoloop.gif","width":750,"height":641,"caption":"SupeinNihonto"},"image":{"@id":"https:\/\/www.supeinnihonto.com\/it\/#\/schema\/logo\/image\/"}}]}},"jetpack-related-posts":[{"id":14447,"url":"https:\/\/www.supeinnihonto.com\/it\/prodotto\/kojiri-in-shibuichi-con-peonia\/","url_meta":{"origin":14455,"position":0},"title":"Kojiri in shibuichi con peonia","author":"Supein Nihonto","date":"14 de Maggio de 2024","format":false,"excerpt":"Oggetto: Splendido kojiri in shibuichi (lega di rame e argento) decorato con motivi di fiori di peonia in argento. Un pezzo straordinario. I kojiri sono rari poich\u00e9, sebbene i fuchi-kashira fossero obbligatori per quasi tutte le spade, i kojiri erano riservati ai koshirae di alto valore e alle spade di\u2026","rel":"","context":"Articolo simile","block_context":{"text":"Articolo simile","link":""},"img":{"alt_text":"Kojiri Shibuichi peony","src":"https:\/\/i0.wp.com\/www.supeinnihonto.com\/wp-content\/uploads\/2024\/05\/DSC_3804-scaled.jpg?fit=1200%2C800&ssl=1&resize=350%2C200","width":350,"height":200,"srcset":"https:\/\/i0.wp.com\/www.supeinnihonto.com\/wp-content\/uploads\/2024\/05\/DSC_3804-scaled.jpg?fit=1200%2C800&ssl=1&resize=350%2C200 1x, https:\/\/i0.wp.com\/www.supeinnihonto.com\/wp-content\/uploads\/2024\/05\/DSC_3804-scaled.jpg?fit=1200%2C800&ssl=1&resize=525%2C300 1.5x, https:\/\/i0.wp.com\/www.supeinnihonto.com\/wp-content\/uploads\/2024\/05\/DSC_3804-scaled.jpg?fit=1200%2C800&ssl=1&resize=700%2C400 2x, https:\/\/i0.wp.com\/www.supeinnihonto.com\/wp-content\/uploads\/2024\/05\/DSC_3804-scaled.jpg?fit=1200%2C800&ssl=1&resize=1050%2C600 3x"},"classes":[]},{"id":10945,"url":"https:\/\/www.supeinnihonto.com\/it\/prodotto\/nihonto-wakizashi-koshirae-shirasaya\/","url_meta":{"origin":14455,"position":1},"title":"Nihonto wakizashi koshirae &#038; shirasaya","author":"Eric Majo","date":"29 de Novembre de 2025","format":false,"excerpt":"DESCRIZIONE DELL\u2019ARTICOLO: Fornito con kimono o sacca in cotone. Fornito con certificato supein Nihonto. Fornito con certificato prefetturale. Lama Questo wakizashi mumei (spada corta non firmata) del periodo Edo presenta una nagasa di 44,4 cm e una curvatura (sori) di 1,0 cm. La grana dell\u2019acciaio (hada) mostra un itame ben\u2026","rel":"","context":"Articolo simile","block_context":{"text":"Articolo simile","link":""},"img":{"alt_text":"sold","src":"https:\/\/i0.wp.com\/www.supeinnihonto.com\/wp-content\/uploads\/2024\/02\/logo-sold-scaled.png?fit=1200%2C720&ssl=1&resize=350%2C200","width":350,"height":200,"srcset":"https:\/\/i0.wp.com\/www.supeinnihonto.com\/wp-content\/uploads\/2024\/02\/logo-sold-scaled.png?fit=1200%2C720&ssl=1&resize=350%2C200 1x, https:\/\/i0.wp.com\/www.supeinnihonto.com\/wp-content\/uploads\/2024\/02\/logo-sold-scaled.png?fit=1200%2C720&ssl=1&resize=525%2C300 1.5x, https:\/\/i0.wp.com\/www.supeinnihonto.com\/wp-content\/uploads\/2024\/02\/logo-sold-scaled.png?fit=1200%2C720&ssl=1&resize=700%2C400 2x, https:\/\/i0.wp.com\/www.supeinnihonto.com\/wp-content\/uploads\/2024\/02\/logo-sold-scaled.png?fit=1200%2C720&ssl=1&resize=1050%2C600 3x"},"classes":[]},{"id":14451,"url":"https:\/\/www.supeinnihonto.com\/fr\/produit\/kojiri-en-argent-a-motifs-floraux\/","url_meta":{"origin":14455,"position":2},"title":"Kojiri en argent \u00e0 motifs floraux","author":"Supein Nihonto","date":"14 de Maggio de 2024","format":false,"excerpt":"Objet : Superbe kojiri en argent d\u00e9cor\u00e9 de motifs floraux. Pi\u00e8ce remarquable. Les kojiri sont rares car, bien que les fuchi-kashira aient \u00e9t\u00e9 obligatoires pour presque tous les sabres, les kojiri \u00e9taient r\u00e9serv\u00e9s aux koshirae de grande valeur et aux sabres de la meilleure qualit\u00e9, car ils rendaient le koshirae\u2026","rel":"","context":"Articolo simile","block_context":{"text":"Articolo simile","link":""},"img":{"alt_text":"Kojiri silver flowers","src":"https:\/\/i0.wp.com\/www.supeinnihonto.com\/wp-content\/uploads\/2024\/05\/DSC_3805-scaled.jpg?fit=1200%2C800&ssl=1&resize=350%2C200","width":350,"height":200,"srcset":"https:\/\/i0.wp.com\/www.supeinnihonto.com\/wp-content\/uploads\/2024\/05\/DSC_3805-scaled.jpg?fit=1200%2C800&ssl=1&resize=350%2C200 1x, https:\/\/i0.wp.com\/www.supeinnihonto.com\/wp-content\/uploads\/2024\/05\/DSC_3805-scaled.jpg?fit=1200%2C800&ssl=1&resize=525%2C300 1.5x, https:\/\/i0.wp.com\/www.supeinnihonto.com\/wp-content\/uploads\/2024\/05\/DSC_3805-scaled.jpg?fit=1200%2C800&ssl=1&resize=700%2C400 2x, https:\/\/i0.wp.com\/www.supeinnihonto.com\/wp-content\/uploads\/2024\/05\/DSC_3805-scaled.jpg?fit=1200%2C800&ssl=1&resize=1050%2C600 3x"},"classes":[]},{"id":14443,"url":"https:\/\/www.supeinnihonto.com\/fr\/produit\/kojiri-en-shibuichi-a-la-pivoine\/","url_meta":{"origin":14455,"position":3},"title":"Kojiri en shibuichi \u00e0 la pivoine","author":"Supein Nihonto","date":"14 de Maggio de 2024","format":false,"excerpt":"Objet : Superbe kojiri en shibuichi (alliage de cuivre et d\u2019argent) d\u00e9cor\u00e9 de motifs de pivoines en argent. Pi\u00e8ce remarquable. Les kojiri sont rares car, bien que les fuchi-kashira aient \u00e9t\u00e9 obligatoires pour presque tous les sabres, les kojiri \u00e9taient r\u00e9serv\u00e9s aux koshirae de grande valeur et aux sabres de\u2026","rel":"","context":"Articolo simile","block_context":{"text":"Articolo simile","link":""},"img":{"alt_text":"Kojiri Shibuichi peony","src":"https:\/\/i0.wp.com\/www.supeinnihonto.com\/wp-content\/uploads\/2024\/05\/DSC_3804-scaled.jpg?fit=1200%2C800&ssl=1&resize=350%2C200","width":350,"height":200,"srcset":"https:\/\/i0.wp.com\/www.supeinnihonto.com\/wp-content\/uploads\/2024\/05\/DSC_3804-scaled.jpg?fit=1200%2C800&ssl=1&resize=350%2C200 1x, https:\/\/i0.wp.com\/www.supeinnihonto.com\/wp-content\/uploads\/2024\/05\/DSC_3804-scaled.jpg?fit=1200%2C800&ssl=1&resize=525%2C300 1.5x, https:\/\/i0.wp.com\/www.supeinnihonto.com\/wp-content\/uploads\/2024\/05\/DSC_3804-scaled.jpg?fit=1200%2C800&ssl=1&resize=700%2C400 2x, https:\/\/i0.wp.com\/www.supeinnihonto.com\/wp-content\/uploads\/2024\/05\/DSC_3804-scaled.jpg?fit=1200%2C800&ssl=1&resize=1050%2C600 3x"},"classes":[]},{"id":14663,"url":"https:\/\/www.supeinnihonto.com\/it\/prodotto\/fuchi-kashira-e-kurigata-con-samurai\/","url_meta":{"origin":14455,"position":4},"title":"Fuchi Kashira e kurigata con samurai","author":"Supein Nihonto","date":"13 de Maggio de 2024","format":false,"excerpt":"Oggetto: Fuchi Kashira e kurigata con samurai. Set molto raro di fuchi, kashira e kurigata per katana. Pezzo eccezionalmente raro per la presenza completa dei tre elementi e per la sua alta qualit\u00e0. \u00c8 inoltre raro trovare un kurigata, poich\u00e9 solitamente erano realizzati in legno o corno e solo raramente,\u2026","rel":"","context":"Articolo simile","block_context":{"text":"Articolo simile","link":""},"img":{"alt_text":"Fuchi Kashira and kojiri Samurais","src":"https:\/\/i0.wp.com\/www.supeinnihonto.com\/wp-content\/uploads\/2024\/05\/DSC_3903-scaled.jpg?fit=1200%2C800&ssl=1&resize=350%2C200","width":350,"height":200,"srcset":"https:\/\/i0.wp.com\/www.supeinnihonto.com\/wp-content\/uploads\/2024\/05\/DSC_3903-scaled.jpg?fit=1200%2C800&ssl=1&resize=350%2C200 1x, https:\/\/i0.wp.com\/www.supeinnihonto.com\/wp-content\/uploads\/2024\/05\/DSC_3903-scaled.jpg?fit=1200%2C800&ssl=1&resize=525%2C300 1.5x, https:\/\/i0.wp.com\/www.supeinnihonto.com\/wp-content\/uploads\/2024\/05\/DSC_3903-scaled.jpg?fit=1200%2C800&ssl=1&resize=700%2C400 2x, https:\/\/i0.wp.com\/www.supeinnihonto.com\/wp-content\/uploads\/2024\/05\/DSC_3903-scaled.jpg?fit=1200%2C800&ssl=1&resize=1050%2C600 3x"},"classes":[]},{"id":11137,"url":"https:\/\/www.supeinnihonto.com\/it\/prodotto\/nihonto-wakizashi-shakudo-fuchikashira\/","url_meta":{"origin":14455,"position":5},"title":"Nihonto Wakizashi Shakudo Fuchikashira","author":"Eric Majo","date":"5 de Novembre de 2025","format":false,"excerpt":"DESCRIZIONE DELL\u2019ARTICOLO: Fornita con custodia kimono o sacchetto in cotone. Fornita con certificato Supein Nihonto. Lama: \u2026evidenza di una forgiatura tradizionale a mano. Il kissaki presenta alcune aree di ossidazione vicino al boshi, tuttavia la geometria complessiva della lama rimane intatta. Il nakago (codolo) presenta tre mekugi-ana, indicando che la\u2026","rel":"","context":"Articolo simile","block_context":{"text":"Articolo simile","link":""},"img":{"alt_text":"","src":"https:\/\/i0.wp.com\/www.supeinnihonto.com\/wp-content\/uploads\/2025\/11\/DSC_2558-scaled-1.webp?fit=1200%2C685&ssl=1&resize=350%2C200","width":350,"height":200,"srcset":"https:\/\/i0.wp.com\/www.supeinnihonto.com\/wp-content\/uploads\/2025\/11\/DSC_2558-scaled-1.webp?fit=1200%2C685&ssl=1&resize=350%2C200 1x, https:\/\/i0.wp.com\/www.supeinnihonto.com\/wp-content\/uploads\/2025\/11\/DSC_2558-scaled-1.webp?fit=1200%2C685&ssl=1&resize=525%2C300 1.5x, https:\/\/i0.wp.com\/www.supeinnihonto.com\/wp-content\/uploads\/2025\/11\/DSC_2558-scaled-1.webp?fit=1200%2C685&ssl=1&resize=700%2C400 2x, https:\/\/i0.wp.com\/www.supeinnihonto.com\/wp-content\/uploads\/2025\/11\/DSC_2558-scaled-1.webp?fit=1200%2C685&ssl=1&resize=1050%2C600 3x"},"classes":[]}],"jetpack_sharing_enabled":true,"_links":{"self":[{"href":"https:\/\/www.supeinnihonto.com\/it\/wp-json\/wp\/v2\/product\/14455","targetHints":{"allow":["GET"]}}],"collection":[{"href":"https:\/\/www.supeinnihonto.com\/it\/wp-json\/wp\/v2\/product"}],"about":[{"href":"https:\/\/www.supeinnihonto.com\/it\/wp-json\/wp\/v2\/types\/product"}],"wp:featuredmedia":[{"embeddable":true,"href":"https:\/\/www.supeinnihonto.com\/it\/wp-json\/wp\/v2\/media\/14456"}],"wp:attachment":[{"href":"https:\/\/www.supeinnihonto.com\/it\/wp-json\/wp\/v2\/media?parent=14455"}],"wp:term":[{"taxonomy":"product_brand","embeddable":true,"href":"https:\/\/www.supeinnihonto.com\/it\/wp-json\/wp\/v2\/product_brand?post=14455"},{"taxonomy":"product_cat","embeddable":true,"href":"https:\/\/www.supeinnihonto.com\/it\/wp-json\/wp\/v2\/product_cat?post=14455"},{"taxonomy":"product_tag","embeddable":true,"href":"https:\/\/www.supeinnihonto.com\/it\/wp-json\/wp\/v2\/product_tag?post=14455"}],"curies":[{"name":"wp","href":"https:\/\/api.w.org\/{rel}","templated":true}]}}