{"id":14439,"date":"2024-05-14T16:24:58","date_gmt":"2024-05-14T16:24:58","guid":{"rendered":"https:\/\/www.supeinnihonto.com\/product\/fuchi-shibuichi-river-plants\/"},"modified":"2025-12-26T19:25:07","modified_gmt":"2025-12-26T19:25:07","slug":"fuchi-in-shibuichi-con-piante-fluviali","status":"publish","type":"product","link":"https:\/\/www.supeinnihonto.com\/it\/prodotto\/fuchi-in-shibuichi-con-piante-fluviali\/","title":{"rendered":"Fuchi in shibuichi con piante fluviali"},"content":{"rendered":"<div><em><strong>Oggetto:<\/strong><\/em><\/div>\n<div><\/div>\n<div>Fuchi in shibuichi (lega di argento e rame) con intarsi raffiguranti piante fluviali e il corso del fiume in argento e oro. Periodo Edo.<\/div>\n<div><\/div>\n<div>Fuchi: 4,2 x 2,3 cm<\/div>\n<div><\/div>\n<div>Adatto per katana e wakizashi.<\/div>\n<div><\/div>\n<div class=\"accordion-title active\"><em><strong>Cos\u2019\u00e8 un fuchi\/kashira?<\/strong><\/em><br \/>\n<i class=\"fas fa-caret-up\"><\/i><\/div>\n<div class=\"accordion-content active\" id=\"tab3\">\n<p>Il fuchi-kashira \u00e8 una coppia di montature della spada utilizzata nel montaggio tradizionale giapponese (koshirae). Si trovano alle due estremit\u00e0 dell\u2019impugnatura (tsuka) e svolgono funzioni sia decorative che funzionali.<\/p>\n<ul>\n<li style=\"list-style-type: none;\">\n<ul>\n<li><strong>Fuchi:<\/strong><span> <\/span>Il fuchi \u00e8 il collare o manicotto situato alla base dell\u2019impugnatura, accanto alla guardia (tsuba). Serve come elemento decorativo e protettivo, coprendo la giunzione tra impugnatura e guardia. Il fuchi \u00e8 generalmente in metallo e pu\u00f2 presentare vari motivi, spesso coordinati con altri elementi come menuki e tsuba.<\/li>\n<li><strong>Kashira:<\/strong><span> <\/span>La kashira \u00e8 il pomolo o tappo terminale dell\u2019impugnatura, situato all\u2019estremit\u00e0 opposta rispetto alla guardia (tsuba). Serve a fissare l\u2019avvolgimento (tsukamaki) dell\u2019impugnatura e fornisce un contrappeso alla lama. Come il fuchi, anche la kashira \u00e8 solitamente in metallo e pu\u00f2 essere decorata con motivi finemente lavorati per completare l\u2019estetica complessiva della spada.<\/li>\n<\/ul>\n<\/li>\n<\/ul>\n<p>Insieme, fuchi e kashira formano una coppia coordinata di montature che contribuiscono all\u2019estetica e alla funzionalit\u00e0 dell\u2019impugnatura della spada. Sono realizzati con grande attenzione ai dettagli e possono variare notevolmente per design, materiali e qualit\u00e0 artigianale, riflettendo lo stile del forgiatore o le preferenze del proprietario della spada.<\/p>\n<\/div>\n","protected":false},"excerpt":{"rendered":"<p>Oggetto: Fuchi in shibuichi (lega di argento e rame) con intarsi raffiguranti piante fluviali e il corso del fiume in argento e oro. Periodo Edo. Fuchi: 4,2 x 2,3 cm Adatto per katana e wakizashi. Cos\u2019\u00e8 un fuchi\/kashira? Il fuchi-kashira \u00e8 una coppia di montature della spada utilizzata nel montaggio [&hellip;]<\/p>\n","protected":false},"featured_media":14440,"template":"","meta":{"jetpack_post_was_ever_published":false},"product_brand":[],"product_cat":[736],"product_tag":[],"class_list":{"0":"post-14439","1":"product","2":"type-product","3":"status-publish","4":"has-post-thumbnail","6":"product_cat-fuchi-kashira","7":"product_shipping_class-tosogu","9":"first","10":"instock","11":"featured","12":"sold-individually","13":"shipping-taxable","14":"purchasable","15":"product-type-simple"},"yoast_head":"<!-- This site is optimized with the Yoast SEO plugin v27.4 - https:\/\/yoast.com\/product\/yoast-seo-wordpress\/ -->\n<title>Fuchi in shibuichi con piante fluviali - Supein Nihonto<\/title>\n<meta name=\"description\" content=\"Fuchi in shibuichi (lega di argento e rame) con intarsi raffiguranti piante fluviali e il corso del fiume in argento e oro. Periodo Edo.\" \/>\n<meta name=\"robots\" content=\"index, follow, max-snippet:-1, max-image-preview:large, max-video-preview:-1\" \/>\n<link rel=\"canonical\" href=\"https:\/\/www.supeinnihonto.com\/it\/prodotto\/fuchi-in-shibuichi-con-piante-fluviali\/\" \/>\n<meta property=\"og:locale\" content=\"it_IT\" \/>\n<meta property=\"og:type\" content=\"article\" \/>\n<meta property=\"og:title\" content=\"Fuchi in shibuichi con piante fluviali - Supein Nihonto\" \/>\n<meta property=\"og:description\" content=\"Fuchi in shibuichi (lega di argento e rame) con intarsi raffiguranti piante fluviali e il corso del fiume in argento e oro. Periodo Edo.\" \/>\n<meta property=\"og:url\" content=\"https:\/\/www.supeinnihonto.com\/it\/prodotto\/fuchi-in-shibuichi-con-piante-fluviali\/\" \/>\n<meta property=\"og:site_name\" content=\"Supein Nihonto\" \/>\n<meta property=\"article:modified_time\" content=\"2025-12-26T19:25:07+00:00\" \/>\n<meta property=\"og:image\" content=\"https:\/\/www.supeinnihonto.com\/wp-content\/uploads\/2024\/05\/DSC_3799-scaled.jpg\" \/>\n\t<meta property=\"og:image:width\" content=\"2560\" \/>\n\t<meta property=\"og:image:height\" content=\"1707\" \/>\n\t<meta property=\"og:image:type\" content=\"image\/jpeg\" \/>\n<meta name=\"twitter:card\" content=\"summary_large_image\" \/>\n<meta name=\"twitter:label1\" content=\"Tempo di lettura stimato\" \/>\n\t<meta name=\"twitter:data1\" content=\"2 minuto\" \/>\n<script type=\"application\/ld+json\" class=\"yoast-schema-graph\">{\"@context\":\"https:\\\/\\\/schema.org\",\"@graph\":[{\"@type\":\"WebPage\",\"@id\":\"https:\\\/\\\/www.supeinnihonto.com\\\/it\\\/prodotto\\\/fuchi-in-shibuichi-con-piante-fluviali\\\/\",\"url\":\"https:\\\/\\\/www.supeinnihonto.com\\\/it\\\/prodotto\\\/fuchi-in-shibuichi-con-piante-fluviali\\\/\",\"name\":\"Fuchi in shibuichi con piante fluviali - Supein Nihonto\",\"isPartOf\":{\"@id\":\"https:\\\/\\\/www.supeinnihonto.com\\\/it\\\/#website\"},\"primaryImageOfPage\":{\"@id\":\"https:\\\/\\\/www.supeinnihonto.com\\\/it\\\/prodotto\\\/fuchi-in-shibuichi-con-piante-fluviali\\\/#primaryimage\"},\"image\":{\"@id\":\"https:\\\/\\\/www.supeinnihonto.com\\\/it\\\/prodotto\\\/fuchi-in-shibuichi-con-piante-fluviali\\\/#primaryimage\"},\"thumbnailUrl\":\"https:\\\/\\\/i0.wp.com\\\/www.supeinnihonto.com\\\/wp-content\\\/uploads\\\/2024\\\/05\\\/DSC_3799-scaled.jpg?fit=2560%2C1707&ssl=1\",\"datePublished\":\"2024-05-14T16:24:58+00:00\",\"dateModified\":\"2025-12-26T19:25:07+00:00\",\"description\":\"Fuchi in shibuichi (lega di argento e rame) con intarsi raffiguranti piante fluviali e il corso del fiume in argento e oro. Periodo Edo.\",\"breadcrumb\":{\"@id\":\"https:\\\/\\\/www.supeinnihonto.com\\\/it\\\/prodotto\\\/fuchi-in-shibuichi-con-piante-fluviali\\\/#breadcrumb\"},\"inLanguage\":\"it-IT\",\"potentialAction\":[{\"@type\":\"ReadAction\",\"target\":[\"https:\\\/\\\/www.supeinnihonto.com\\\/it\\\/prodotto\\\/fuchi-in-shibuichi-con-piante-fluviali\\\/\"]}]},{\"@type\":\"ImageObject\",\"inLanguage\":\"it-IT\",\"@id\":\"https:\\\/\\\/www.supeinnihonto.com\\\/it\\\/prodotto\\\/fuchi-in-shibuichi-con-piante-fluviali\\\/#primaryimage\",\"url\":\"https:\\\/\\\/i0.wp.com\\\/www.supeinnihonto.com\\\/wp-content\\\/uploads\\\/2024\\\/05\\\/DSC_3799-scaled.jpg?fit=2560%2C1707&ssl=1\",\"contentUrl\":\"https:\\\/\\\/i0.wp.com\\\/www.supeinnihonto.com\\\/wp-content\\\/uploads\\\/2024\\\/05\\\/DSC_3799-scaled.jpg?fit=2560%2C1707&ssl=1\",\"width\":2560,\"height\":1707,\"caption\":\"Fuchi shibuichi river plants\"},{\"@type\":\"BreadcrumbList\",\"@id\":\"https:\\\/\\\/www.supeinnihonto.com\\\/it\\\/prodotto\\\/fuchi-in-shibuichi-con-piante-fluviali\\\/#breadcrumb\",\"itemListElement\":[{\"@type\":\"ListItem\",\"position\":1,\"name\":\"Portada\",\"item\":\"https:\\\/\\\/www.supeinnihonto.com\\\/it\\\/\"},{\"@type\":\"ListItem\",\"position\":2,\"name\":\"Shop\",\"item\":\"https:\\\/\\\/www.supeinnihonto.com\\\/it\\\/shop\\\/\"},{\"@type\":\"ListItem\",\"position\":3,\"name\":\"Fuchi in shibuichi con piante fluviali\"}]},{\"@type\":\"WebSite\",\"@id\":\"https:\\\/\\\/www.supeinnihonto.com\\\/it\\\/#website\",\"url\":\"https:\\\/\\\/www.supeinnihonto.com\\\/it\\\/\",\"name\":\"Supein Nihonto\",\"description\":\"Authentic japanese Nihonto katana \",\"publisher\":{\"@id\":\"https:\\\/\\\/www.supeinnihonto.com\\\/it\\\/#organization\"},\"potentialAction\":[{\"@type\":\"SearchAction\",\"target\":{\"@type\":\"EntryPoint\",\"urlTemplate\":\"https:\\\/\\\/www.supeinnihonto.com\\\/it\\\/?s={search_term_string}\"},\"query-input\":{\"@type\":\"PropertyValueSpecification\",\"valueRequired\":true,\"valueName\":\"search_term_string\"}}],\"inLanguage\":\"it-IT\"},{\"@type\":\"Organization\",\"@id\":\"https:\\\/\\\/www.supeinnihonto.com\\\/it\\\/#organization\",\"name\":\"SupeinNihonto\",\"url\":\"https:\\\/\\\/www.supeinnihonto.com\\\/it\\\/\",\"logo\":{\"@type\":\"ImageObject\",\"inLanguage\":\"it-IT\",\"@id\":\"https:\\\/\\\/www.supeinnihonto.com\\\/it\\\/#\\\/schema\\\/logo\\\/image\\\/\",\"url\":\"https:\\\/\\\/www.supeinnihonto.com\\\/wp-content\\\/uploads\\\/2021\\\/11\\\/animation_Default_3szk0jcenoloop.gif\",\"contentUrl\":\"https:\\\/\\\/www.supeinnihonto.com\\\/wp-content\\\/uploads\\\/2021\\\/11\\\/animation_Default_3szk0jcenoloop.gif\",\"width\":750,\"height\":641,\"caption\":\"SupeinNihonto\"},\"image\":{\"@id\":\"https:\\\/\\\/www.supeinnihonto.com\\\/it\\\/#\\\/schema\\\/logo\\\/image\\\/\"}}]}<\/script>\n<!-- \/ Yoast SEO plugin. -->","yoast_head_json":{"title":"Fuchi in shibuichi con piante fluviali - Supein Nihonto","description":"Fuchi in shibuichi (lega di argento e rame) con intarsi raffiguranti piante fluviali e il corso del fiume in argento e oro. Periodo Edo.","robots":{"index":"index","follow":"follow","max-snippet":"max-snippet:-1","max-image-preview":"max-image-preview:large","max-video-preview":"max-video-preview:-1"},"canonical":"https:\/\/www.supeinnihonto.com\/it\/prodotto\/fuchi-in-shibuichi-con-piante-fluviali\/","og_locale":"it_IT","og_type":"article","og_title":"Fuchi in shibuichi con piante fluviali - Supein Nihonto","og_description":"Fuchi in shibuichi (lega di argento e rame) con intarsi raffiguranti piante fluviali e il corso del fiume in argento e oro. Periodo Edo.","og_url":"https:\/\/www.supeinnihonto.com\/it\/prodotto\/fuchi-in-shibuichi-con-piante-fluviali\/","og_site_name":"Supein Nihonto","article_modified_time":"2025-12-26T19:25:07+00:00","og_image":[{"width":2560,"height":1707,"url":"https:\/\/www.supeinnihonto.com\/wp-content\/uploads\/2024\/05\/DSC_3799-scaled.jpg","type":"image\/jpeg"}],"twitter_card":"summary_large_image","twitter_misc":{"Tempo di lettura stimato":"2 minuto"},"schema":{"@context":"https:\/\/schema.org","@graph":[{"@type":"WebPage","@id":"https:\/\/www.supeinnihonto.com\/it\/prodotto\/fuchi-in-shibuichi-con-piante-fluviali\/","url":"https:\/\/www.supeinnihonto.com\/it\/prodotto\/fuchi-in-shibuichi-con-piante-fluviali\/","name":"Fuchi in shibuichi con piante fluviali - Supein Nihonto","isPartOf":{"@id":"https:\/\/www.supeinnihonto.com\/it\/#website"},"primaryImageOfPage":{"@id":"https:\/\/www.supeinnihonto.com\/it\/prodotto\/fuchi-in-shibuichi-con-piante-fluviali\/#primaryimage"},"image":{"@id":"https:\/\/www.supeinnihonto.com\/it\/prodotto\/fuchi-in-shibuichi-con-piante-fluviali\/#primaryimage"},"thumbnailUrl":"https:\/\/i0.wp.com\/www.supeinnihonto.com\/wp-content\/uploads\/2024\/05\/DSC_3799-scaled.jpg?fit=2560%2C1707&ssl=1","datePublished":"2024-05-14T16:24:58+00:00","dateModified":"2025-12-26T19:25:07+00:00","description":"Fuchi in shibuichi (lega di argento e rame) con intarsi raffiguranti piante fluviali e il corso del fiume in argento e oro. Periodo Edo.","breadcrumb":{"@id":"https:\/\/www.supeinnihonto.com\/it\/prodotto\/fuchi-in-shibuichi-con-piante-fluviali\/#breadcrumb"},"inLanguage":"it-IT","potentialAction":[{"@type":"ReadAction","target":["https:\/\/www.supeinnihonto.com\/it\/prodotto\/fuchi-in-shibuichi-con-piante-fluviali\/"]}]},{"@type":"ImageObject","inLanguage":"it-IT","@id":"https:\/\/www.supeinnihonto.com\/it\/prodotto\/fuchi-in-shibuichi-con-piante-fluviali\/#primaryimage","url":"https:\/\/i0.wp.com\/www.supeinnihonto.com\/wp-content\/uploads\/2024\/05\/DSC_3799-scaled.jpg?fit=2560%2C1707&ssl=1","contentUrl":"https:\/\/i0.wp.com\/www.supeinnihonto.com\/wp-content\/uploads\/2024\/05\/DSC_3799-scaled.jpg?fit=2560%2C1707&ssl=1","width":2560,"height":1707,"caption":"Fuchi shibuichi river plants"},{"@type":"BreadcrumbList","@id":"https:\/\/www.supeinnihonto.com\/it\/prodotto\/fuchi-in-shibuichi-con-piante-fluviali\/#breadcrumb","itemListElement":[{"@type":"ListItem","position":1,"name":"Portada","item":"https:\/\/www.supeinnihonto.com\/it\/"},{"@type":"ListItem","position":2,"name":"Shop","item":"https:\/\/www.supeinnihonto.com\/it\/shop\/"},{"@type":"ListItem","position":3,"name":"Fuchi in shibuichi con piante fluviali"}]},{"@type":"WebSite","@id":"https:\/\/www.supeinnihonto.com\/it\/#website","url":"https:\/\/www.supeinnihonto.com\/it\/","name":"Supein Nihonto","description":"Authentic japanese Nihonto katana ","publisher":{"@id":"https:\/\/www.supeinnihonto.com\/it\/#organization"},"potentialAction":[{"@type":"SearchAction","target":{"@type":"EntryPoint","urlTemplate":"https:\/\/www.supeinnihonto.com\/it\/?s={search_term_string}"},"query-input":{"@type":"PropertyValueSpecification","valueRequired":true,"valueName":"search_term_string"}}],"inLanguage":"it-IT"},{"@type":"Organization","@id":"https:\/\/www.supeinnihonto.com\/it\/#organization","name":"SupeinNihonto","url":"https:\/\/www.supeinnihonto.com\/it\/","logo":{"@type":"ImageObject","inLanguage":"it-IT","@id":"https:\/\/www.supeinnihonto.com\/it\/#\/schema\/logo\/image\/","url":"https:\/\/www.supeinnihonto.com\/wp-content\/uploads\/2021\/11\/animation_Default_3szk0jcenoloop.gif","contentUrl":"https:\/\/www.supeinnihonto.com\/wp-content\/uploads\/2021\/11\/animation_Default_3szk0jcenoloop.gif","width":750,"height":641,"caption":"SupeinNihonto"},"image":{"@id":"https:\/\/www.supeinnihonto.com\/it\/#\/schema\/logo\/image\/"}}]}},"jetpack-related-posts":[{"id":14627,"url":"https:\/\/www.supeinnihonto.com\/it\/prodotto\/fuchi-kashira-in-shakudo-con-motivo-di-rondine\/","url_meta":{"origin":14439,"position":0},"title":"Fuchi kashira in shakud\u014d con motivo di rondine","author":"Supein Nihonto","date":"13 de Maggio de 2024","format":false,"excerpt":"Oggetto: Fuchi kashira in shakud\u014d con motivo di rondine. Realizzato in shibuichi, rame, shakud\u014d e oro, raffigurante festaioli su una barca sotto un salice e una rondine, firmato Tsunenao con kao. Periodo Edo. Fuchi: 3,5 x 2,1 cm Kashira: 3,0 x 1,7 cm Adatto per wakizashi e tant\u014d. Che cos\u2019\u00e8\u2026","rel":"","context":"Articolo simile","block_context":{"text":"Articolo simile","link":""},"img":{"alt_text":"Fuchi kashira shakudo swallow","src":"https:\/\/i0.wp.com\/www.supeinnihonto.com\/wp-content\/uploads\/2024\/05\/DSC_3878-scaled.jpg?fit=1200%2C800&ssl=1&resize=350%2C200","width":350,"height":200,"srcset":"https:\/\/i0.wp.com\/www.supeinnihonto.com\/wp-content\/uploads\/2024\/05\/DSC_3878-scaled.jpg?fit=1200%2C800&ssl=1&resize=350%2C200 1x, https:\/\/i0.wp.com\/www.supeinnihonto.com\/wp-content\/uploads\/2024\/05\/DSC_3878-scaled.jpg?fit=1200%2C800&ssl=1&resize=525%2C300 1.5x, https:\/\/i0.wp.com\/www.supeinnihonto.com\/wp-content\/uploads\/2024\/05\/DSC_3878-scaled.jpg?fit=1200%2C800&ssl=1&resize=700%2C400 2x, https:\/\/i0.wp.com\/www.supeinnihonto.com\/wp-content\/uploads\/2024\/05\/DSC_3878-scaled.jpg?fit=1200%2C800&ssl=1&resize=1050%2C600 3x"},"classes":[]},{"id":14671,"url":"https:\/\/www.supeinnihonto.com\/it\/prodotto\/fuchi-kashira-in-bronzo-con-shoki\/","url_meta":{"origin":14439,"position":1},"title":"Fuchi Kashira in bronzo con Sh\u014dki","author":"Supein Nihonto","date":"13 de Maggio de 2024","format":false,"excerpt":"Oggetto: Fuchi Kashira in bronzo con Sh\u014dki. Splendido pezzo di t\u014ds\u014dgu. Realizzato in bronzo e rame. Le parti raffigurano il mito di Sh\u014dki, il cacciatore di demoni. Ottima qualit\u00e0 di intaglio e intarsio. Periodo Edo. Fuchi: 4 x 2,3 cm Kashira: 3,3 x 1,8 cm Adatto per katana e wakizashi.\u2026","rel":"","context":"Articolo simile","block_context":{"text":"Articolo simile","link":""},"img":{"alt_text":"Fuchi Kashira Bronce Oni","src":"https:\/\/i0.wp.com\/www.supeinnihonto.com\/wp-content\/uploads\/2024\/05\/DSC_3791-scaled.jpg?fit=1200%2C800&ssl=1&resize=350%2C200","width":350,"height":200,"srcset":"https:\/\/i0.wp.com\/www.supeinnihonto.com\/wp-content\/uploads\/2024\/05\/DSC_3791-scaled.jpg?fit=1200%2C800&ssl=1&resize=350%2C200 1x, https:\/\/i0.wp.com\/www.supeinnihonto.com\/wp-content\/uploads\/2024\/05\/DSC_3791-scaled.jpg?fit=1200%2C800&ssl=1&resize=525%2C300 1.5x, https:\/\/i0.wp.com\/www.supeinnihonto.com\/wp-content\/uploads\/2024\/05\/DSC_3791-scaled.jpg?fit=1200%2C800&ssl=1&resize=700%2C400 2x, https:\/\/i0.wp.com\/www.supeinnihonto.com\/wp-content\/uploads\/2024\/05\/DSC_3791-scaled.jpg?fit=1200%2C800&ssl=1&resize=1050%2C600 3x"},"classes":[]},{"id":14607,"url":"https:\/\/www.supeinnihonto.com\/it\/prodotto\/fuchi-kashira-in-shakudo-con-scena-di-carpentieri\/","url_meta":{"origin":14439,"position":2},"title":"Fuchi Kashira in shakud\u014d con scena di carpentieri","author":"Supein Nihonto","date":"13 de Maggio de 2024","format":false,"excerpt":"Oggetto: Fuchi Kashira in shakud\u014d con scena di carpentieri. Shakud\u014d e oro, con un guerriero cinese a cavallo raffigurato sul kashira e carpentieri al lavoro su una grande trave di legno sul fuchi. Rilievo spesso. Periodo Edo. Fuchi: 3,9 x 2,5 cm Kashira: 3,6 x 2 cm Adatto per katana\u2026","rel":"","context":"Articolo simile","block_context":{"text":"Articolo simile","link":""},"img":{"alt_text":"Fuchi Kashira shakudo carpenters","src":"https:\/\/i0.wp.com\/www.supeinnihonto.com\/wp-content\/uploads\/2024\/05\/Fuchi-Kashira-shakudo-carpenters.webp?fit=1200%2C800&ssl=1&resize=350%2C200","width":350,"height":200,"srcset":"https:\/\/i0.wp.com\/www.supeinnihonto.com\/wp-content\/uploads\/2024\/05\/Fuchi-Kashira-shakudo-carpenters.webp?fit=1200%2C800&ssl=1&resize=350%2C200 1x, https:\/\/i0.wp.com\/www.supeinnihonto.com\/wp-content\/uploads\/2024\/05\/Fuchi-Kashira-shakudo-carpenters.webp?fit=1200%2C800&ssl=1&resize=525%2C300 1.5x, https:\/\/i0.wp.com\/www.supeinnihonto.com\/wp-content\/uploads\/2024\/05\/Fuchi-Kashira-shakudo-carpenters.webp?fit=1200%2C800&ssl=1&resize=700%2C400 2x, https:\/\/i0.wp.com\/www.supeinnihonto.com\/wp-content\/uploads\/2024\/05\/Fuchi-Kashira-shakudo-carpenters.webp?fit=1200%2C800&ssl=1&resize=1050%2C600 3x"},"classes":[]},{"id":14483,"url":"https:\/\/www.supeinnihonto.com\/it\/prodotto\/fuchi-kashira-in-shakudo-fiume-uji\/","url_meta":{"origin":14439,"position":3},"title":"Fuchi-kashira in shakud\u014d, fiume Uji","author":"Supein Nihonto","date":"14 de Maggio de 2024","format":false,"excerpt":"Oggetto: Fuchi-kashira in shakud\u014d, fiume Uji. Nanako in shakud\u014d cesellato a rilievo e intarsiato con oro e altri metalli e leghe. Scena storica raffigurante Genta Kagesue e Sasaki Takatsuna durante la corsa attraverso il fiume Uji. Rilievo straordinario. Periodo Edo. Fuchi: 4 x 2,4 cm Kashira: 3,5 x 1,9 cm\u2026","rel":"","context":"Articolo simile","block_context":{"text":"Articolo simile","link":""},"img":{"alt_text":"Fuchi kashira shakudo uji river","src":"https:\/\/i0.wp.com\/www.supeinnihonto.com\/wp-content\/uploads\/2024\/05\/DSC_3839-scaled.jpg?fit=1200%2C800&ssl=1&resize=350%2C200","width":350,"height":200,"srcset":"https:\/\/i0.wp.com\/www.supeinnihonto.com\/wp-content\/uploads\/2024\/05\/DSC_3839-scaled.jpg?fit=1200%2C800&ssl=1&resize=350%2C200 1x, https:\/\/i0.wp.com\/www.supeinnihonto.com\/wp-content\/uploads\/2024\/05\/DSC_3839-scaled.jpg?fit=1200%2C800&ssl=1&resize=525%2C300 1.5x, https:\/\/i0.wp.com\/www.supeinnihonto.com\/wp-content\/uploads\/2024\/05\/DSC_3839-scaled.jpg?fit=1200%2C800&ssl=1&resize=700%2C400 2x, https:\/\/i0.wp.com\/www.supeinnihonto.com\/wp-content\/uploads\/2024\/05\/DSC_3839-scaled.jpg?fit=1200%2C800&ssl=1&resize=1050%2C600 3x"},"classes":[]},{"id":14463,"url":"https:\/\/www.supeinnihonto.com\/it\/prodotto\/fuchi-kashira-in-shakudo-con-scimmie\/","url_meta":{"origin":14439,"position":4},"title":"Fuchi-kashira in shakud\u014d con scimmie","author":"Supein Nihonto","date":"13 de Maggio de 2024","format":false,"excerpt":"Oggetto: Fuchi-kashira in shakud\u014d con scimmie. Nanako in shakud\u014d cesellato a rilievo e intarsiato con oro e altri metalli e leghe, raffigurante una scena storica non identificata con cacciatori e scimmie, firmato Soheishi Nyudo Soten sei. Pezzo molto dettagliato con rilievi di grande qualit\u00e0. Periodo Edo. Fuchi: 4 x 2,4\u2026","rel":"","context":"Articolo simile","block_context":{"text":"Articolo simile","link":""},"img":{"alt_text":"Fuchi kashira shakudo monkeys","src":"https:\/\/i0.wp.com\/www.supeinnihonto.com\/wp-content\/uploads\/2024\/05\/DSC_3856-scaled.jpg?fit=1200%2C800&ssl=1&resize=350%2C200","width":350,"height":200,"srcset":"https:\/\/i0.wp.com\/www.supeinnihonto.com\/wp-content\/uploads\/2024\/05\/DSC_3856-scaled.jpg?fit=1200%2C800&ssl=1&resize=350%2C200 1x, https:\/\/i0.wp.com\/www.supeinnihonto.com\/wp-content\/uploads\/2024\/05\/DSC_3856-scaled.jpg?fit=1200%2C800&ssl=1&resize=525%2C300 1.5x, https:\/\/i0.wp.com\/www.supeinnihonto.com\/wp-content\/uploads\/2024\/05\/DSC_3856-scaled.jpg?fit=1200%2C800&ssl=1&resize=700%2C400 2x, https:\/\/i0.wp.com\/www.supeinnihonto.com\/wp-content\/uploads\/2024\/05\/DSC_3856-scaled.jpg?fit=1200%2C800&ssl=1&resize=1050%2C600 3x"},"classes":[]},{"id":14475,"url":"https:\/\/www.supeinnihonto.com\/it\/prodotto\/fuchi-kashira-in-shakudo-scena-storica\/","url_meta":{"origin":14439,"position":5},"title":"Fuchi-kashira in shakud\u014d, scena storica","author":"Supein Nihonto","date":"14 de Maggio de 2024","format":false,"excerpt":"Oggetto: Scena fuchi kashira in shakudo. Shakudo nanako cesellato a rilievo e intarsiato con oro e altri metalli e leghe. Una scena storica non identificata con samurai, pini e cavallo. Firmato Soheishi Nyudo Soten sei. Periodo Edo. Fuchi: 4 x 2,4 cm Kashira: 3,4 x 1,8 cm Adatto per Katana\u2026","rel":"","context":"Articolo simile","block_context":{"text":"Articolo simile","link":""},"img":{"alt_text":"Fuchi kashira shakudo scene","src":"https:\/\/i0.wp.com\/www.supeinnihonto.com\/wp-content\/uploads\/2024\/05\/DSC_3844-scaled.jpg?fit=1200%2C800&ssl=1&resize=350%2C200","width":350,"height":200,"srcset":"https:\/\/i0.wp.com\/www.supeinnihonto.com\/wp-content\/uploads\/2024\/05\/DSC_3844-scaled.jpg?fit=1200%2C800&ssl=1&resize=350%2C200 1x, https:\/\/i0.wp.com\/www.supeinnihonto.com\/wp-content\/uploads\/2024\/05\/DSC_3844-scaled.jpg?fit=1200%2C800&ssl=1&resize=525%2C300 1.5x, https:\/\/i0.wp.com\/www.supeinnihonto.com\/wp-content\/uploads\/2024\/05\/DSC_3844-scaled.jpg?fit=1200%2C800&ssl=1&resize=700%2C400 2x, https:\/\/i0.wp.com\/www.supeinnihonto.com\/wp-content\/uploads\/2024\/05\/DSC_3844-scaled.jpg?fit=1200%2C800&ssl=1&resize=1050%2C600 3x"},"classes":[]}],"jetpack_sharing_enabled":true,"_links":{"self":[{"href":"https:\/\/www.supeinnihonto.com\/it\/wp-json\/wp\/v2\/product\/14439","targetHints":{"allow":["GET"]}}],"collection":[{"href":"https:\/\/www.supeinnihonto.com\/it\/wp-json\/wp\/v2\/product"}],"about":[{"href":"https:\/\/www.supeinnihonto.com\/it\/wp-json\/wp\/v2\/types\/product"}],"wp:featuredmedia":[{"embeddable":true,"href":"https:\/\/www.supeinnihonto.com\/it\/wp-json\/wp\/v2\/media\/14440"}],"wp:attachment":[{"href":"https:\/\/www.supeinnihonto.com\/it\/wp-json\/wp\/v2\/media?parent=14439"}],"wp:term":[{"taxonomy":"product_brand","embeddable":true,"href":"https:\/\/www.supeinnihonto.com\/it\/wp-json\/wp\/v2\/product_brand?post=14439"},{"taxonomy":"product_cat","embeddable":true,"href":"https:\/\/www.supeinnihonto.com\/it\/wp-json\/wp\/v2\/product_cat?post=14439"},{"taxonomy":"product_tag","embeddable":true,"href":"https:\/\/www.supeinnihonto.com\/it\/wp-json\/wp\/v2\/product_tag?post=14439"}],"curies":[{"name":"wp","href":"https:\/\/api.w.org\/{rel}","templated":true}]}}