{"id":14375,"date":"2024-05-06T13:50:01","date_gmt":"2024-05-06T13:50:01","guid":{"rendered":"https:\/\/www.supeinnihonto.com\/product\/marugata-iron-tsuba-signed\/"},"modified":"2025-12-15T06:23:31","modified_gmt":"2025-12-15T06:23:31","slug":"marugata-iron-tsuba-signed","status":"publish","type":"product","link":"https:\/\/www.supeinnihonto.com\/it\/prodotto\/marugata-iron-tsuba-signed\/","title":{"rendered":"Tsuba Marugata in Ferro Firmato"},"content":{"rendered":"<p><span>ARTICOLO:<\/span><\/p>\n<p><span>Include il certificato di SupeinNihonto.<\/span><\/p>\n<p><span>Tsuba in ferro Marugata firmata. Periodo Edo medio. Motivi di scimmie, con intarsi in bronzo e oro. Bellissima e molto dettagliata intaglio e lavorazione.<\/span><\/p>\n<p><span>8,1 x 7,7<\/span><span> cm.<\/span><\/p>\n<p>&nbsp;<\/p>\n<p><span>CHI SIAMO:<\/span><\/p>\n<p><span>Su Supein Nihonto ci impegniamo a offrirvi spade e armature samurai di alta qualit\u00e0 a prezzi molto inferiori rispetto alla concorrenza. Siamo probabilmente il pi\u00f9 grande esportatore in Europa e siamo orgogliosi di annunciare che siamo il venditore TOP numero uno nelle aste di Samurai e giapponesi su Catawiki. Questo \u00e8 particolarmente importante per risparmiare su tasse e tempi di attesa che possono superare i quattro mesi con venditori giapponesi, oltre ai problemi legati a processi tediosi e talvolta problematici che allungano ulteriormente le consegne, arrivando anche al ritorno del pacco all&#8217;origine e pi\u00f9 del 35% in pi\u00f9 sul prezzo finale dovuto a dogane, tariffe e tasse che aumentano il costo del prodotto ma non la qualit\u00e0 e il futuro valore di rivendita. Siamo anche venditori professionisti e quindi la nostra garanzia di soddisfazione, conoscenza e standard sono superiori a quelli dei venditori privati e con maggiori garanzie post-vendita. Grazie a questo e ai prezzi professionali pi\u00f9 bassi del settore, oltre al nostro metodo di spedizione rapido ed efficiente che raramente supera i tre giorni di consegna in Europa, siamo certi che apprezzerete questa grande opportunit\u00e0 di possedere un pezzo d&#8217;arte che aumenter\u00e0 di valore negli anni a venire e un ottimo investimento. Fidatevi di noi per godere dell&#8217;arte samurai.<\/span><\/p>\n","protected":false},"excerpt":{"rendered":"<p>ARTICOLO: Include il certificato di SupeinNihonto. Tsuba in ferro Marugata firmata. Periodo Edo medio. Motivi di scimmie, con intarsi in bronzo e oro. Bellissima e molto dettagliata intaglio e lavorazione. 8,1 x 7,7 cm. &nbsp; CHI SIAMO: Su Supein Nihonto ci impegniamo a offrirvi spade e armature samurai di alta [&hellip;]<\/p>\n","protected":false},"featured_media":10960,"template":"","meta":{"jetpack_post_was_ever_published":false},"product_brand":[],"product_cat":[737,733],"product_tag":[780],"class_list":{"0":"post-14375","1":"product","2":"type-product","3":"status-publish","4":"has-post-thumbnail","6":"product_cat-tosogu","7":"product_cat-tsuba","8":"product_tag-venduto","9":"product_shipping_class-tosogu","11":"first","12":"outofstock","13":"sold-individually","14":"shipping-taxable","15":"purchasable","16":"product-type-simple"},"yoast_head":"<!-- This site is optimized with the Yoast SEO plugin v27.3 - https:\/\/yoast.com\/product\/yoast-seo-wordpress\/ -->\n<title>Tsuba Marugata in Ferro Firmato - Supein Nihonto<\/title>\n<meta name=\"description\" content=\"It Comes with certificate of SupeinNihonto.Marugata Iron Tsuba Signed. Mid Edo period. Monkey motives, vith bronce and gold inlays.\" \/>\n<meta name=\"robots\" content=\"index, follow, max-snippet:-1, max-image-preview:large, max-video-preview:-1\" \/>\n<link rel=\"canonical\" href=\"https:\/\/www.supeinnihonto.com\/it\/prodotto\/marugata-iron-tsuba-signed\/\" \/>\n<meta property=\"og:locale\" content=\"it_IT\" \/>\n<meta property=\"og:type\" content=\"article\" \/>\n<meta property=\"og:title\" content=\"Tsuba Marugata in Ferro Firmato - Supein Nihonto\" \/>\n<meta property=\"og:description\" content=\"It Comes with certificate of SupeinNihonto.Marugata Iron Tsuba Signed. Mid Edo period. Monkey motives, vith bronce and gold inlays.\" \/>\n<meta property=\"og:url\" content=\"https:\/\/www.supeinnihonto.com\/it\/prodotto\/marugata-iron-tsuba-signed\/\" \/>\n<meta property=\"og:site_name\" content=\"Supein Nihonto\" \/>\n<meta property=\"article:modified_time\" content=\"2025-12-15T06:23:31+00:00\" \/>\n<meta property=\"og:image\" content=\"https:\/\/www.supeinnihonto.com\/wp-content\/uploads\/2024\/02\/logo-sold.png\" \/>\n\t<meta property=\"og:image:width\" content=\"3125\" \/>\n\t<meta property=\"og:image:height\" content=\"1875\" \/>\n\t<meta property=\"og:image:type\" content=\"image\/png\" \/>\n<meta name=\"twitter:card\" content=\"summary_large_image\" \/>\n<meta name=\"twitter:label1\" content=\"Tempo di lettura stimato\" \/>\n\t<meta name=\"twitter:data1\" content=\"1 minuto\" \/>\n<script type=\"application\/ld+json\" class=\"yoast-schema-graph\">{\"@context\":\"https:\\\/\\\/schema.org\",\"@graph\":[{\"@type\":\"WebPage\",\"@id\":\"https:\\\/\\\/www.supeinnihonto.com\\\/it\\\/prodotto\\\/marugata-iron-tsuba-signed\\\/\",\"url\":\"https:\\\/\\\/www.supeinnihonto.com\\\/it\\\/prodotto\\\/marugata-iron-tsuba-signed\\\/\",\"name\":\"Tsuba Marugata in Ferro Firmato - Supein Nihonto\",\"isPartOf\":{\"@id\":\"https:\\\/\\\/www.supeinnihonto.com\\\/it\\\/#website\"},\"primaryImageOfPage\":{\"@id\":\"https:\\\/\\\/www.supeinnihonto.com\\\/it\\\/prodotto\\\/marugata-iron-tsuba-signed\\\/#primaryimage\"},\"image\":{\"@id\":\"https:\\\/\\\/www.supeinnihonto.com\\\/it\\\/prodotto\\\/marugata-iron-tsuba-signed\\\/#primaryimage\"},\"thumbnailUrl\":\"https:\\\/\\\/i0.wp.com\\\/www.supeinnihonto.com\\\/wp-content\\\/uploads\\\/2024\\\/02\\\/logo-sold-scaled.png?fit=3125%2C1875&ssl=1\",\"datePublished\":\"2024-05-06T13:50:01+00:00\",\"dateModified\":\"2025-12-15T06:23:31+00:00\",\"description\":\"It Comes with certificate of SupeinNihonto.Marugata Iron Tsuba Signed. Mid Edo period. Monkey motives, vith bronce and gold inlays.\",\"breadcrumb\":{\"@id\":\"https:\\\/\\\/www.supeinnihonto.com\\\/it\\\/prodotto\\\/marugata-iron-tsuba-signed\\\/#breadcrumb\"},\"inLanguage\":\"it-IT\",\"potentialAction\":[{\"@type\":\"ReadAction\",\"target\":[\"https:\\\/\\\/www.supeinnihonto.com\\\/it\\\/prodotto\\\/marugata-iron-tsuba-signed\\\/\"]}]},{\"@type\":\"ImageObject\",\"inLanguage\":\"it-IT\",\"@id\":\"https:\\\/\\\/www.supeinnihonto.com\\\/it\\\/prodotto\\\/marugata-iron-tsuba-signed\\\/#primaryimage\",\"url\":\"https:\\\/\\\/i0.wp.com\\\/www.supeinnihonto.com\\\/wp-content\\\/uploads\\\/2024\\\/02\\\/logo-sold-scaled.png?fit=3125%2C1875&ssl=1\",\"contentUrl\":\"https:\\\/\\\/i0.wp.com\\\/www.supeinnihonto.com\\\/wp-content\\\/uploads\\\/2024\\\/02\\\/logo-sold-scaled.png?fit=3125%2C1875&ssl=1\",\"width\":3125,\"height\":1875,\"caption\":\"sold\"},{\"@type\":\"BreadcrumbList\",\"@id\":\"https:\\\/\\\/www.supeinnihonto.com\\\/it\\\/prodotto\\\/marugata-iron-tsuba-signed\\\/#breadcrumb\",\"itemListElement\":[{\"@type\":\"ListItem\",\"position\":1,\"name\":\"Portada\",\"item\":\"https:\\\/\\\/www.supeinnihonto.com\\\/it\\\/\"},{\"@type\":\"ListItem\",\"position\":2,\"name\":\"Shop\",\"item\":\"https:\\\/\\\/www.supeinnihonto.com\\\/it\\\/shop\\\/\"},{\"@type\":\"ListItem\",\"position\":3,\"name\":\"Tsuba Marugata in Ferro Firmato\"}]},{\"@type\":\"WebSite\",\"@id\":\"https:\\\/\\\/www.supeinnihonto.com\\\/it\\\/#website\",\"url\":\"https:\\\/\\\/www.supeinnihonto.com\\\/it\\\/\",\"name\":\"Supein Nihonto\",\"description\":\"Authentic japanese Nihonto katana \",\"publisher\":{\"@id\":\"https:\\\/\\\/www.supeinnihonto.com\\\/it\\\/#organization\"},\"potentialAction\":[{\"@type\":\"SearchAction\",\"target\":{\"@type\":\"EntryPoint\",\"urlTemplate\":\"https:\\\/\\\/www.supeinnihonto.com\\\/it\\\/?s={search_term_string}\"},\"query-input\":{\"@type\":\"PropertyValueSpecification\",\"valueRequired\":true,\"valueName\":\"search_term_string\"}}],\"inLanguage\":\"it-IT\"},{\"@type\":\"Organization\",\"@id\":\"https:\\\/\\\/www.supeinnihonto.com\\\/it\\\/#organization\",\"name\":\"SupeinNihonto\",\"url\":\"https:\\\/\\\/www.supeinnihonto.com\\\/it\\\/\",\"logo\":{\"@type\":\"ImageObject\",\"inLanguage\":\"it-IT\",\"@id\":\"https:\\\/\\\/www.supeinnihonto.com\\\/it\\\/#\\\/schema\\\/logo\\\/image\\\/\",\"url\":\"https:\\\/\\\/www.supeinnihonto.com\\\/wp-content\\\/uploads\\\/2021\\\/11\\\/animation_Default_3szk0jcenoloop.gif\",\"contentUrl\":\"https:\\\/\\\/www.supeinnihonto.com\\\/wp-content\\\/uploads\\\/2021\\\/11\\\/animation_Default_3szk0jcenoloop.gif\",\"width\":750,\"height\":641,\"caption\":\"SupeinNihonto\"},\"image\":{\"@id\":\"https:\\\/\\\/www.supeinnihonto.com\\\/it\\\/#\\\/schema\\\/logo\\\/image\\\/\"}}]}<\/script>\n<!-- \/ Yoast SEO plugin. -->","yoast_head_json":{"title":"Tsuba Marugata in Ferro Firmato - Supein Nihonto","description":"It Comes with certificate of SupeinNihonto.Marugata Iron Tsuba Signed. Mid Edo period. Monkey motives, vith bronce and gold inlays.","robots":{"index":"index","follow":"follow","max-snippet":"max-snippet:-1","max-image-preview":"max-image-preview:large","max-video-preview":"max-video-preview:-1"},"canonical":"https:\/\/www.supeinnihonto.com\/it\/prodotto\/marugata-iron-tsuba-signed\/","og_locale":"it_IT","og_type":"article","og_title":"Tsuba Marugata in Ferro Firmato - Supein Nihonto","og_description":"It Comes with certificate of SupeinNihonto.Marugata Iron Tsuba Signed. Mid Edo period. Monkey motives, vith bronce and gold inlays.","og_url":"https:\/\/www.supeinnihonto.com\/it\/prodotto\/marugata-iron-tsuba-signed\/","og_site_name":"Supein Nihonto","article_modified_time":"2025-12-15T06:23:31+00:00","og_image":[{"width":3125,"height":1875,"url":"https:\/\/www.supeinnihonto.com\/wp-content\/uploads\/2024\/02\/logo-sold.png","type":"image\/png"}],"twitter_card":"summary_large_image","twitter_misc":{"Tempo di lettura stimato":"1 minuto"},"schema":{"@context":"https:\/\/schema.org","@graph":[{"@type":"WebPage","@id":"https:\/\/www.supeinnihonto.com\/it\/prodotto\/marugata-iron-tsuba-signed\/","url":"https:\/\/www.supeinnihonto.com\/it\/prodotto\/marugata-iron-tsuba-signed\/","name":"Tsuba Marugata in Ferro Firmato - Supein Nihonto","isPartOf":{"@id":"https:\/\/www.supeinnihonto.com\/it\/#website"},"primaryImageOfPage":{"@id":"https:\/\/www.supeinnihonto.com\/it\/prodotto\/marugata-iron-tsuba-signed\/#primaryimage"},"image":{"@id":"https:\/\/www.supeinnihonto.com\/it\/prodotto\/marugata-iron-tsuba-signed\/#primaryimage"},"thumbnailUrl":"https:\/\/i0.wp.com\/www.supeinnihonto.com\/wp-content\/uploads\/2024\/02\/logo-sold-scaled.png?fit=3125%2C1875&ssl=1","datePublished":"2024-05-06T13:50:01+00:00","dateModified":"2025-12-15T06:23:31+00:00","description":"It Comes with certificate of SupeinNihonto.Marugata Iron Tsuba Signed. Mid Edo period. Monkey motives, vith bronce and gold inlays.","breadcrumb":{"@id":"https:\/\/www.supeinnihonto.com\/it\/prodotto\/marugata-iron-tsuba-signed\/#breadcrumb"},"inLanguage":"it-IT","potentialAction":[{"@type":"ReadAction","target":["https:\/\/www.supeinnihonto.com\/it\/prodotto\/marugata-iron-tsuba-signed\/"]}]},{"@type":"ImageObject","inLanguage":"it-IT","@id":"https:\/\/www.supeinnihonto.com\/it\/prodotto\/marugata-iron-tsuba-signed\/#primaryimage","url":"https:\/\/i0.wp.com\/www.supeinnihonto.com\/wp-content\/uploads\/2024\/02\/logo-sold-scaled.png?fit=3125%2C1875&ssl=1","contentUrl":"https:\/\/i0.wp.com\/www.supeinnihonto.com\/wp-content\/uploads\/2024\/02\/logo-sold-scaled.png?fit=3125%2C1875&ssl=1","width":3125,"height":1875,"caption":"sold"},{"@type":"BreadcrumbList","@id":"https:\/\/www.supeinnihonto.com\/it\/prodotto\/marugata-iron-tsuba-signed\/#breadcrumb","itemListElement":[{"@type":"ListItem","position":1,"name":"Portada","item":"https:\/\/www.supeinnihonto.com\/it\/"},{"@type":"ListItem","position":2,"name":"Shop","item":"https:\/\/www.supeinnihonto.com\/it\/shop\/"},{"@type":"ListItem","position":3,"name":"Tsuba Marugata in Ferro Firmato"}]},{"@type":"WebSite","@id":"https:\/\/www.supeinnihonto.com\/it\/#website","url":"https:\/\/www.supeinnihonto.com\/it\/","name":"Supein Nihonto","description":"Authentic japanese Nihonto katana ","publisher":{"@id":"https:\/\/www.supeinnihonto.com\/it\/#organization"},"potentialAction":[{"@type":"SearchAction","target":{"@type":"EntryPoint","urlTemplate":"https:\/\/www.supeinnihonto.com\/it\/?s={search_term_string}"},"query-input":{"@type":"PropertyValueSpecification","valueRequired":true,"valueName":"search_term_string"}}],"inLanguage":"it-IT"},{"@type":"Organization","@id":"https:\/\/www.supeinnihonto.com\/it\/#organization","name":"SupeinNihonto","url":"https:\/\/www.supeinnihonto.com\/it\/","logo":{"@type":"ImageObject","inLanguage":"it-IT","@id":"https:\/\/www.supeinnihonto.com\/it\/#\/schema\/logo\/image\/","url":"https:\/\/www.supeinnihonto.com\/wp-content\/uploads\/2021\/11\/animation_Default_3szk0jcenoloop.gif","contentUrl":"https:\/\/www.supeinnihonto.com\/wp-content\/uploads\/2021\/11\/animation_Default_3szk0jcenoloop.gif","width":750,"height":641,"caption":"SupeinNihonto"},"image":{"@id":"https:\/\/www.supeinnihonto.com\/it\/#\/schema\/logo\/image\/"}}]}},"jetpack-related-posts":[{"id":14799,"url":"https:\/\/www.supeinnihonto.com\/it\/prodotto\/marugata-iron-ox-tsuba\/","url_meta":{"origin":14375,"position":0},"title":"Tsuba marugata in ferro con bue","author":"Supein Nihonto","date":"8 de Maggio de 2024","format":false,"excerpt":"OGGETTO: Fornito con certificato di SupeinNihonto. Tsuba marugata in ferro con buoi. Bellissima tsuba di forma insolita (kawari), firmata, realizzata in ferro, raffigurante due buoi che formano un cerchio. Lo shogun e unificatore del Giappone Tokugawa Ieyasu possedeva una di queste tsuba su una delle sue spade. Ricchissima di dettagli.\u2026","rel":"","context":"Articolo simile","block_context":{"text":"Articolo simile","link":""},"img":{"alt_text":"Marugata Iron ox tsuba","src":"https:\/\/i0.wp.com\/www.supeinnihonto.com\/wp-content\/uploads\/2024\/05\/DSC_3555-scaled.jpg?fit=1200%2C800&ssl=1&resize=350%2C200","width":350,"height":200,"srcset":"https:\/\/i0.wp.com\/www.supeinnihonto.com\/wp-content\/uploads\/2024\/05\/DSC_3555-scaled.jpg?fit=1200%2C800&ssl=1&resize=350%2C200 1x, https:\/\/i0.wp.com\/www.supeinnihonto.com\/wp-content\/uploads\/2024\/05\/DSC_3555-scaled.jpg?fit=1200%2C800&ssl=1&resize=525%2C300 1.5x, https:\/\/i0.wp.com\/www.supeinnihonto.com\/wp-content\/uploads\/2024\/05\/DSC_3555-scaled.jpg?fit=1200%2C800&ssl=1&resize=700%2C400 2x, https:\/\/i0.wp.com\/www.supeinnihonto.com\/wp-content\/uploads\/2024\/05\/DSC_3555-scaled.jpg?fit=1200%2C800&ssl=1&resize=1050%2C600 3x"},"classes":[]},{"id":14727,"url":"https:\/\/www.supeinnihonto.com\/it\/prodotto\/tsuba-marugata-in-ferro-con-tigre\/","url_meta":{"origin":14375,"position":1},"title":"Tsuba marugata in ferro con tigre","author":"Supein Nihonto","date":"8 de Maggio de 2024","format":false,"excerpt":"OGGETTO: Fornito con certificato di SupeinNihonto. Tsuba marugata in ferro con tigre. Bellissimo pezzo con tigre intarsiato, sennin e bamb\u00f9. Presenti diversi intarsi in oro e rame. Bella patina antica. Primo \u2013 medio periodo Edo. 7,3 x 6,6 cm CHI SIAMO: Da Supein Nihonto ci impegniamo a offrirvi spade e\u2026","rel":"","context":"Articolo simile","block_context":{"text":"Articolo simile","link":""},"img":{"alt_text":"Marugata iron tiger tsuba","src":"https:\/\/i0.wp.com\/www.supeinnihonto.com\/wp-content\/uploads\/2024\/05\/DSC_3499-scaled.jpg?fit=1200%2C800&ssl=1&resize=350%2C200","width":350,"height":200,"srcset":"https:\/\/i0.wp.com\/www.supeinnihonto.com\/wp-content\/uploads\/2024\/05\/DSC_3499-scaled.jpg?fit=1200%2C800&ssl=1&resize=350%2C200 1x, https:\/\/i0.wp.com\/www.supeinnihonto.com\/wp-content\/uploads\/2024\/05\/DSC_3499-scaled.jpg?fit=1200%2C800&ssl=1&resize=525%2C300 1.5x, https:\/\/i0.wp.com\/www.supeinnihonto.com\/wp-content\/uploads\/2024\/05\/DSC_3499-scaled.jpg?fit=1200%2C800&ssl=1&resize=700%2C400 2x, https:\/\/i0.wp.com\/www.supeinnihonto.com\/wp-content\/uploads\/2024\/05\/DSC_3499-scaled.jpg?fit=1200%2C800&ssl=1&resize=1050%2C600 3x"},"classes":[]},{"id":14767,"url":"https:\/\/www.supeinnihonto.com\/it\/prodotto\/marugata-iron-ryu-tsuba\/","url_meta":{"origin":14375,"position":2},"title":"Tsuba marugata in ferro con ryu","author":"Supein Nihonto","date":"8 de Maggio de 2024","format":false,"excerpt":"ARTICOLO: Viene fornito con certificato di SupeinNihonto. Marugata Iron ryu tsuba. Questo Tsuba raffigura la figura di un drago che emerge dalle onde agitate e vola verso il cielo. L\u2019aspetto del drago che si innalza alto nel cielo mentre afferra le nuvole appare potente. Vernice dorata \u00e8 applicata su questo\u2026","rel":"","context":"Articolo simile","block_context":{"text":"Articolo simile","link":""},"img":{"alt_text":"Marugata Iron ryu tsuba","src":"https:\/\/i0.wp.com\/www.supeinnihonto.com\/wp-content\/uploads\/2024\/05\/DSC_3523-scaled.jpg?fit=1200%2C800&ssl=1&resize=350%2C200","width":350,"height":200,"srcset":"https:\/\/i0.wp.com\/www.supeinnihonto.com\/wp-content\/uploads\/2024\/05\/DSC_3523-scaled.jpg?fit=1200%2C800&ssl=1&resize=350%2C200 1x, https:\/\/i0.wp.com\/www.supeinnihonto.com\/wp-content\/uploads\/2024\/05\/DSC_3523-scaled.jpg?fit=1200%2C800&ssl=1&resize=525%2C300 1.5x, https:\/\/i0.wp.com\/www.supeinnihonto.com\/wp-content\/uploads\/2024\/05\/DSC_3523-scaled.jpg?fit=1200%2C800&ssl=1&resize=700%2C400 2x, https:\/\/i0.wp.com\/www.supeinnihonto.com\/wp-content\/uploads\/2024\/05\/DSC_3523-scaled.jpg?fit=1200%2C800&ssl=1&resize=1050%2C600 3x"},"classes":[]},{"id":12402,"url":"https:\/\/www.supeinnihonto.com\/it\/prodotto\/tsuba-marugata-in-ferro-con-motivo-di-capodanno-certificata-nbthk-hozon\/","url_meta":{"origin":14375,"position":3},"title":"Tsuba marugata in ferro con motivo di Capodanno, certificata NBTHK Hozon.","author":"Eric Majo","date":"11 de Novembre de 2024","format":false,"excerpt":"ARTICOLO: Fornito con certificato di Supein Nihonto. Fornito con certificato NBTHK Hozon. Include scatola in legno. Splendido tsuba firmato Unrinsai Naomori, risalente alla met\u00e0 del periodo Edo (circa 1700), raffigurante due uomini in festa che celebrano il Capodanno. Bellissimo tsuba in ferro, intarsiato con oro e argento e ricco di\u2026","rel":"","context":"Articolo simile","block_context":{"text":"Articolo simile","link":""},"img":{"alt_text":"Marugata iron tsuba new year NBTHK hozon","src":"https:\/\/i0.wp.com\/www.supeinnihonto.com\/wp-content\/uploads\/2024\/11\/DSC1858-scaled.jpg?fit=1200%2C800&ssl=1&resize=350%2C200","width":350,"height":200,"srcset":"https:\/\/i0.wp.com\/www.supeinnihonto.com\/wp-content\/uploads\/2024\/11\/DSC1858-scaled.jpg?fit=1200%2C800&ssl=1&resize=350%2C200 1x, https:\/\/i0.wp.com\/www.supeinnihonto.com\/wp-content\/uploads\/2024\/11\/DSC1858-scaled.jpg?fit=1200%2C800&ssl=1&resize=525%2C300 1.5x, https:\/\/i0.wp.com\/www.supeinnihonto.com\/wp-content\/uploads\/2024\/11\/DSC1858-scaled.jpg?fit=1200%2C800&ssl=1&resize=700%2C400 2x, https:\/\/i0.wp.com\/www.supeinnihonto.com\/wp-content\/uploads\/2024\/11\/DSC1858-scaled.jpg?fit=1200%2C800&ssl=1&resize=1050%2C600 3x"},"classes":[]},{"id":12386,"url":"https:\/\/www.supeinnihonto.com\/it\/prodotto\/marugata-iron-tsuba-deity-nbthk-hozon\/","url_meta":{"origin":14375,"position":4},"title":"Marugata iron tsuba deity NBTHK hozon","author":"Eric Majo","date":"11 de Novembre de 2024","format":false,"excerpt":"ARTICOLO: Fornito con certificato di Supein Nihonto. Fornito con certificato NBTHK Hozon. Include scatola in legno. Accompagnato da certificato NBTHK Hozon che lo cataloga come opera di particolare importanza artistica. Firmato Aizu j\u016b Matsumura Minamoto Shichir\u014d Takamura. Un pezzo di qualit\u00e0 insuperabile, degno dei migliori musei del mondo. Straordinario tsuba\u2026","rel":"","context":"Articolo simile","block_context":{"text":"Articolo simile","link":""},"img":{"alt_text":"Marugata iron tsuba deity NBTHK hozon","src":"https:\/\/i0.wp.com\/www.supeinnihonto.com\/wp-content\/uploads\/2024\/11\/DSC1927-scaled.jpg?fit=1200%2C800&ssl=1&resize=350%2C200","width":350,"height":200,"srcset":"https:\/\/i0.wp.com\/www.supeinnihonto.com\/wp-content\/uploads\/2024\/11\/DSC1927-scaled.jpg?fit=1200%2C800&ssl=1&resize=350%2C200 1x, https:\/\/i0.wp.com\/www.supeinnihonto.com\/wp-content\/uploads\/2024\/11\/DSC1927-scaled.jpg?fit=1200%2C800&ssl=1&resize=525%2C300 1.5x, https:\/\/i0.wp.com\/www.supeinnihonto.com\/wp-content\/uploads\/2024\/11\/DSC1927-scaled.jpg?fit=1200%2C800&ssl=1&resize=700%2C400 2x, https:\/\/i0.wp.com\/www.supeinnihonto.com\/wp-content\/uploads\/2024\/11\/DSC1927-scaled.jpg?fit=1200%2C800&ssl=1&resize=1050%2C600 3x"},"classes":[]},{"id":14826,"url":"https:\/\/www.supeinnihonto.com\/it\/prodotto\/tsuba-nanban-ottagonale-in-ferro\/","url_meta":{"origin":14375,"position":5},"title":"Tsuba nanban ottagonale in ferro","author":"Supein Nihonto","date":"8 de Maggio de 2024","format":false,"excerpt":"OGGETTO: Fornito con certificato di SupeinNihonto. Tsuba nanban ottagonale in ferro. Pezzo molto insolito e raro, non solo per la sua forma ottagonale ma anche per le grandi dimensioni e lo stile. Lo stile nanban risale all\u2019arrivo dei primi marinai in Giappone nel XVI secolo, principalmente olandesi, spagnoli e portoghesi.\u2026","rel":"","context":"Articolo simile","block_context":{"text":"Articolo simile","link":""},"img":{"alt_text":"Octogonal iron nanban tsuba","src":"https:\/\/i0.wp.com\/www.supeinnihonto.com\/wp-content\/uploads\/2024\/05\/DSC_3531-scaled.jpg?fit=1200%2C800&ssl=1&resize=350%2C200","width":350,"height":200,"srcset":"https:\/\/i0.wp.com\/www.supeinnihonto.com\/wp-content\/uploads\/2024\/05\/DSC_3531-scaled.jpg?fit=1200%2C800&ssl=1&resize=350%2C200 1x, https:\/\/i0.wp.com\/www.supeinnihonto.com\/wp-content\/uploads\/2024\/05\/DSC_3531-scaled.jpg?fit=1200%2C800&ssl=1&resize=525%2C300 1.5x, https:\/\/i0.wp.com\/www.supeinnihonto.com\/wp-content\/uploads\/2024\/05\/DSC_3531-scaled.jpg?fit=1200%2C800&ssl=1&resize=700%2C400 2x, https:\/\/i0.wp.com\/www.supeinnihonto.com\/wp-content\/uploads\/2024\/05\/DSC_3531-scaled.jpg?fit=1200%2C800&ssl=1&resize=1050%2C600 3x"},"classes":[]}],"jetpack_sharing_enabled":true,"_links":{"self":[{"href":"https:\/\/www.supeinnihonto.com\/it\/wp-json\/wp\/v2\/product\/14375","targetHints":{"allow":["GET"]}}],"collection":[{"href":"https:\/\/www.supeinnihonto.com\/it\/wp-json\/wp\/v2\/product"}],"about":[{"href":"https:\/\/www.supeinnihonto.com\/it\/wp-json\/wp\/v2\/types\/product"}],"wp:featuredmedia":[{"embeddable":true,"href":"https:\/\/www.supeinnihonto.com\/it\/wp-json\/wp\/v2\/media\/10960"}],"wp:attachment":[{"href":"https:\/\/www.supeinnihonto.com\/it\/wp-json\/wp\/v2\/media?parent=14375"}],"wp:term":[{"taxonomy":"product_brand","embeddable":true,"href":"https:\/\/www.supeinnihonto.com\/it\/wp-json\/wp\/v2\/product_brand?post=14375"},{"taxonomy":"product_cat","embeddable":true,"href":"https:\/\/www.supeinnihonto.com\/it\/wp-json\/wp\/v2\/product_cat?post=14375"},{"taxonomy":"product_tag","embeddable":true,"href":"https:\/\/www.supeinnihonto.com\/it\/wp-json\/wp\/v2\/product_tag?post=14375"}],"curies":[{"name":"wp","href":"https:\/\/api.w.org\/{rel}","templated":true}]}}