{"id":14255,"date":"2024-05-27T09:43:46","date_gmt":"2024-05-27T09:43:46","guid":{"rendered":"https:\/\/www.supeinnihonto.com\/product\/netsuke-fukurukuju-wood\/"},"modified":"2025-12-26T18:41:32","modified_gmt":"2025-12-26T18:41:32","slug":"netsuke-fukurukuju-in-legno","status":"publish","type":"product","link":"https:\/\/www.supeinnihonto.com\/it\/prodotto\/netsuke-fukurukuju-in-legno\/","title":{"rendered":"Netsuke Fukurukuju in legno"},"content":{"rendered":"<p data-start=\"2928\" data-end=\"2948\">Spedizione gratuita.<\/p>\n<p data-start=\"2950\" data-end=\"3536\">Netsuke Fukurukuju in legno. Spettacolare e molto antico netsuke raffigurante Fukurukuju, uno dei sette d\u00e8i della fortuna. I pezzi di alta qualit\u00e0 dei Shichifukujin sono molto ricercati dai collezionisti per il loro simbolismo e la loro rarit\u00e0, ed esistono grandi collezioni esclusive dedicate a queste opere.<br data-start=\"3259\" data-end=\"3262\" \/>Nella mitologia giapponese, i Sette Dei della Fortuna o Sette Dei del Buon Auspicio (\u4e03\u798f\u795e, shichifukujin in giapponese) sono ritenuti portatori di buona sorte e sono spesso raffigurati su netsuke e opere d\u2019arte. Uno di essi (Jur\u014djin) si dice sia basato su una figura storica.<\/p>\n<p data-start=\"3538\" data-end=\"4004\">In origine queste divinit\u00e0 erano lontane e impersonali, ma col tempo divennero figure pi\u00f9 accessibili e associate a specifiche professioni e arti giapponesi. Nel corso della loro storia, l\u2019influenza reciproca tra gli d\u00e8i ha creato una certa confusione riguardo a quale di essi fosse il patrono di determinate professioni. Il culto di questo gruppo di divinit\u00e0 \u00e8 anche legato all\u2019importanza del numero sette in Giappone, considerato simbolo di buona fortuna. Firmato.<\/p>\n<p data-start=\"4006\" data-end=\"4024\">4,4 x 3,1 x 2,5 cm<\/p>\n","protected":false},"excerpt":{"rendered":"<p>Spedizione gratuita. Netsuke Fukurukuju in legno. Spettacolare e molto antico netsuke raffigurante Fukurukuju, uno dei sette d\u00e8i della fortuna. I pezzi di alta qualit\u00e0 dei Shichifukujin sono molto ricercati dai collezionisti per il loro simbolismo e la loro rarit\u00e0, ed esistono grandi collezioni esclusive dedicate a queste opere.Nella mitologia giapponese, [&hellip;]<\/p>\n","protected":false},"featured_media":14256,"template":"","meta":{"jetpack_post_was_ever_published":false},"product_brand":[],"product_cat":[740],"product_tag":[800,797,764],"class_list":{"0":"post-14255","1":"product","2":"type-product","3":"status-publish","4":"has-post-thumbnail","6":"product_cat-netsuke","7":"product_tag-netsuke","8":"product_tag-okimono","9":"product_tag-wood","10":"product_shipping_class-tosogu","12":"first","13":"instock","14":"featured","15":"sold-individually","16":"shipping-taxable","17":"purchasable","18":"product-type-simple"},"yoast_head":"<!-- This site is optimized with the Yoast SEO plugin v27.4 - https:\/\/yoast.com\/product\/yoast-seo-wordpress\/ -->\n<title>Netsuke Fukurukuju in legno - Supein Nihonto<\/title>\n<meta name=\"description\" content=\"Netsuke Fukurukuju in legno. Spettacolare e molto antico netsuke raffigurante Fukurukuju, uno dei sette d\u00e8i della fortuna. I pezzi Shichifukujin di alta qualit\u00e0 sono molto\u2026\" \/>\n<meta name=\"robots\" content=\"index, follow, max-snippet:-1, max-image-preview:large, max-video-preview:-1\" \/>\n<link rel=\"canonical\" href=\"https:\/\/www.supeinnihonto.com\/it\/prodotto\/netsuke-fukurukuju-in-legno\/\" \/>\n<meta property=\"og:locale\" content=\"it_IT\" \/>\n<meta property=\"og:type\" content=\"article\" \/>\n<meta property=\"og:title\" content=\"Netsuke Fukurukuju in legno - Supein Nihonto\" \/>\n<meta property=\"og:description\" content=\"Netsuke Fukurukuju in legno. Spettacolare e molto antico netsuke raffigurante Fukurukuju, uno dei sette d\u00e8i della fortuna. I pezzi Shichifukujin di alta qualit\u00e0 sono molto\u2026\" \/>\n<meta property=\"og:url\" content=\"https:\/\/www.supeinnihonto.com\/it\/prodotto\/netsuke-fukurukuju-in-legno\/\" \/>\n<meta property=\"og:site_name\" content=\"Supein Nihonto\" \/>\n<meta property=\"article:modified_time\" content=\"2025-12-26T18:41:32+00:00\" \/>\n<meta property=\"og:image\" content=\"https:\/\/www.supeinnihonto.com\/wp-content\/uploads\/2024\/05\/DSC_3930-scaled.jpg\" \/>\n\t<meta property=\"og:image:width\" content=\"2560\" \/>\n\t<meta property=\"og:image:height\" content=\"1707\" \/>\n\t<meta property=\"og:image:type\" content=\"image\/jpeg\" \/>\n<meta name=\"twitter:card\" content=\"summary_large_image\" \/>\n<meta name=\"twitter:label1\" content=\"Tempo di lettura stimato\" \/>\n\t<meta name=\"twitter:data1\" content=\"1 minuto\" \/>\n<script type=\"application\/ld+json\" class=\"yoast-schema-graph\">{\"@context\":\"https:\\\/\\\/schema.org\",\"@graph\":[{\"@type\":\"WebPage\",\"@id\":\"https:\\\/\\\/www.supeinnihonto.com\\\/it\\\/prodotto\\\/netsuke-fukurukuju-in-legno\\\/\",\"url\":\"https:\\\/\\\/www.supeinnihonto.com\\\/it\\\/prodotto\\\/netsuke-fukurukuju-in-legno\\\/\",\"name\":\"Netsuke Fukurukuju in legno - Supein Nihonto\",\"isPartOf\":{\"@id\":\"https:\\\/\\\/www.supeinnihonto.com\\\/it\\\/#website\"},\"primaryImageOfPage\":{\"@id\":\"https:\\\/\\\/www.supeinnihonto.com\\\/it\\\/prodotto\\\/netsuke-fukurukuju-in-legno\\\/#primaryimage\"},\"image\":{\"@id\":\"https:\\\/\\\/www.supeinnihonto.com\\\/it\\\/prodotto\\\/netsuke-fukurukuju-in-legno\\\/#primaryimage\"},\"thumbnailUrl\":\"https:\\\/\\\/i0.wp.com\\\/www.supeinnihonto.com\\\/wp-content\\\/uploads\\\/2024\\\/05\\\/DSC_3930-scaled.jpg?fit=2560%2C1707&ssl=1\",\"datePublished\":\"2024-05-27T09:43:46+00:00\",\"dateModified\":\"2025-12-26T18:41:32+00:00\",\"description\":\"Netsuke Fukurukuju in legno. Spettacolare e molto antico netsuke raffigurante Fukurukuju, uno dei sette d\u00e8i della fortuna. I pezzi Shichifukujin di alta qualit\u00e0 sono molto\u2026\",\"breadcrumb\":{\"@id\":\"https:\\\/\\\/www.supeinnihonto.com\\\/it\\\/prodotto\\\/netsuke-fukurukuju-in-legno\\\/#breadcrumb\"},\"inLanguage\":\"it-IT\",\"potentialAction\":[{\"@type\":\"ReadAction\",\"target\":[\"https:\\\/\\\/www.supeinnihonto.com\\\/it\\\/prodotto\\\/netsuke-fukurukuju-in-legno\\\/\"]}]},{\"@type\":\"ImageObject\",\"inLanguage\":\"it-IT\",\"@id\":\"https:\\\/\\\/www.supeinnihonto.com\\\/it\\\/prodotto\\\/netsuke-fukurukuju-in-legno\\\/#primaryimage\",\"url\":\"https:\\\/\\\/i0.wp.com\\\/www.supeinnihonto.com\\\/wp-content\\\/uploads\\\/2024\\\/05\\\/DSC_3930-scaled.jpg?fit=2560%2C1707&ssl=1\",\"contentUrl\":\"https:\\\/\\\/i0.wp.com\\\/www.supeinnihonto.com\\\/wp-content\\\/uploads\\\/2024\\\/05\\\/DSC_3930-scaled.jpg?fit=2560%2C1707&ssl=1\",\"width\":2560,\"height\":1707,\"caption\":\"Netsuke Fukurukuju wood\"},{\"@type\":\"BreadcrumbList\",\"@id\":\"https:\\\/\\\/www.supeinnihonto.com\\\/it\\\/prodotto\\\/netsuke-fukurukuju-in-legno\\\/#breadcrumb\",\"itemListElement\":[{\"@type\":\"ListItem\",\"position\":1,\"name\":\"Portada\",\"item\":\"https:\\\/\\\/www.supeinnihonto.com\\\/it\\\/\"},{\"@type\":\"ListItem\",\"position\":2,\"name\":\"Shop\",\"item\":\"https:\\\/\\\/www.supeinnihonto.com\\\/it\\\/shop\\\/\"},{\"@type\":\"ListItem\",\"position\":3,\"name\":\"Netsuke Fukurukuju in legno\"}]},{\"@type\":\"WebSite\",\"@id\":\"https:\\\/\\\/www.supeinnihonto.com\\\/it\\\/#website\",\"url\":\"https:\\\/\\\/www.supeinnihonto.com\\\/it\\\/\",\"name\":\"Supein Nihonto\",\"description\":\"Authentic japanese Nihonto katana \",\"publisher\":{\"@id\":\"https:\\\/\\\/www.supeinnihonto.com\\\/it\\\/#organization\"},\"potentialAction\":[{\"@type\":\"SearchAction\",\"target\":{\"@type\":\"EntryPoint\",\"urlTemplate\":\"https:\\\/\\\/www.supeinnihonto.com\\\/it\\\/?s={search_term_string}\"},\"query-input\":{\"@type\":\"PropertyValueSpecification\",\"valueRequired\":true,\"valueName\":\"search_term_string\"}}],\"inLanguage\":\"it-IT\"},{\"@type\":\"Organization\",\"@id\":\"https:\\\/\\\/www.supeinnihonto.com\\\/it\\\/#organization\",\"name\":\"SupeinNihonto\",\"url\":\"https:\\\/\\\/www.supeinnihonto.com\\\/it\\\/\",\"logo\":{\"@type\":\"ImageObject\",\"inLanguage\":\"it-IT\",\"@id\":\"https:\\\/\\\/www.supeinnihonto.com\\\/it\\\/#\\\/schema\\\/logo\\\/image\\\/\",\"url\":\"https:\\\/\\\/www.supeinnihonto.com\\\/wp-content\\\/uploads\\\/2021\\\/11\\\/animation_Default_3szk0jcenoloop.gif\",\"contentUrl\":\"https:\\\/\\\/www.supeinnihonto.com\\\/wp-content\\\/uploads\\\/2021\\\/11\\\/animation_Default_3szk0jcenoloop.gif\",\"width\":750,\"height\":641,\"caption\":\"SupeinNihonto\"},\"image\":{\"@id\":\"https:\\\/\\\/www.supeinnihonto.com\\\/it\\\/#\\\/schema\\\/logo\\\/image\\\/\"}}]}<\/script>\n<!-- \/ Yoast SEO plugin. -->","yoast_head_json":{"title":"Netsuke Fukurukuju in legno - Supein Nihonto","description":"Netsuke Fukurukuju in legno. Spettacolare e molto antico netsuke raffigurante Fukurukuju, uno dei sette d\u00e8i della fortuna. I pezzi Shichifukujin di alta qualit\u00e0 sono molto\u2026","robots":{"index":"index","follow":"follow","max-snippet":"max-snippet:-1","max-image-preview":"max-image-preview:large","max-video-preview":"max-video-preview:-1"},"canonical":"https:\/\/www.supeinnihonto.com\/it\/prodotto\/netsuke-fukurukuju-in-legno\/","og_locale":"it_IT","og_type":"article","og_title":"Netsuke Fukurukuju in legno - Supein Nihonto","og_description":"Netsuke Fukurukuju in legno. Spettacolare e molto antico netsuke raffigurante Fukurukuju, uno dei sette d\u00e8i della fortuna. I pezzi Shichifukujin di alta qualit\u00e0 sono molto\u2026","og_url":"https:\/\/www.supeinnihonto.com\/it\/prodotto\/netsuke-fukurukuju-in-legno\/","og_site_name":"Supein Nihonto","article_modified_time":"2025-12-26T18:41:32+00:00","og_image":[{"width":2560,"height":1707,"url":"https:\/\/www.supeinnihonto.com\/wp-content\/uploads\/2024\/05\/DSC_3930-scaled.jpg","type":"image\/jpeg"}],"twitter_card":"summary_large_image","twitter_misc":{"Tempo di lettura stimato":"1 minuto"},"schema":{"@context":"https:\/\/schema.org","@graph":[{"@type":"WebPage","@id":"https:\/\/www.supeinnihonto.com\/it\/prodotto\/netsuke-fukurukuju-in-legno\/","url":"https:\/\/www.supeinnihonto.com\/it\/prodotto\/netsuke-fukurukuju-in-legno\/","name":"Netsuke Fukurukuju in legno - Supein Nihonto","isPartOf":{"@id":"https:\/\/www.supeinnihonto.com\/it\/#website"},"primaryImageOfPage":{"@id":"https:\/\/www.supeinnihonto.com\/it\/prodotto\/netsuke-fukurukuju-in-legno\/#primaryimage"},"image":{"@id":"https:\/\/www.supeinnihonto.com\/it\/prodotto\/netsuke-fukurukuju-in-legno\/#primaryimage"},"thumbnailUrl":"https:\/\/i0.wp.com\/www.supeinnihonto.com\/wp-content\/uploads\/2024\/05\/DSC_3930-scaled.jpg?fit=2560%2C1707&ssl=1","datePublished":"2024-05-27T09:43:46+00:00","dateModified":"2025-12-26T18:41:32+00:00","description":"Netsuke Fukurukuju in legno. Spettacolare e molto antico netsuke raffigurante Fukurukuju, uno dei sette d\u00e8i della fortuna. I pezzi Shichifukujin di alta qualit\u00e0 sono molto\u2026","breadcrumb":{"@id":"https:\/\/www.supeinnihonto.com\/it\/prodotto\/netsuke-fukurukuju-in-legno\/#breadcrumb"},"inLanguage":"it-IT","potentialAction":[{"@type":"ReadAction","target":["https:\/\/www.supeinnihonto.com\/it\/prodotto\/netsuke-fukurukuju-in-legno\/"]}]},{"@type":"ImageObject","inLanguage":"it-IT","@id":"https:\/\/www.supeinnihonto.com\/it\/prodotto\/netsuke-fukurukuju-in-legno\/#primaryimage","url":"https:\/\/i0.wp.com\/www.supeinnihonto.com\/wp-content\/uploads\/2024\/05\/DSC_3930-scaled.jpg?fit=2560%2C1707&ssl=1","contentUrl":"https:\/\/i0.wp.com\/www.supeinnihonto.com\/wp-content\/uploads\/2024\/05\/DSC_3930-scaled.jpg?fit=2560%2C1707&ssl=1","width":2560,"height":1707,"caption":"Netsuke Fukurukuju wood"},{"@type":"BreadcrumbList","@id":"https:\/\/www.supeinnihonto.com\/it\/prodotto\/netsuke-fukurukuju-in-legno\/#breadcrumb","itemListElement":[{"@type":"ListItem","position":1,"name":"Portada","item":"https:\/\/www.supeinnihonto.com\/it\/"},{"@type":"ListItem","position":2,"name":"Shop","item":"https:\/\/www.supeinnihonto.com\/it\/shop\/"},{"@type":"ListItem","position":3,"name":"Netsuke Fukurukuju in legno"}]},{"@type":"WebSite","@id":"https:\/\/www.supeinnihonto.com\/it\/#website","url":"https:\/\/www.supeinnihonto.com\/it\/","name":"Supein Nihonto","description":"Authentic japanese Nihonto katana ","publisher":{"@id":"https:\/\/www.supeinnihonto.com\/it\/#organization"},"potentialAction":[{"@type":"SearchAction","target":{"@type":"EntryPoint","urlTemplate":"https:\/\/www.supeinnihonto.com\/it\/?s={search_term_string}"},"query-input":{"@type":"PropertyValueSpecification","valueRequired":true,"valueName":"search_term_string"}}],"inLanguage":"it-IT"},{"@type":"Organization","@id":"https:\/\/www.supeinnihonto.com\/it\/#organization","name":"SupeinNihonto","url":"https:\/\/www.supeinnihonto.com\/it\/","logo":{"@type":"ImageObject","inLanguage":"it-IT","@id":"https:\/\/www.supeinnihonto.com\/it\/#\/schema\/logo\/image\/","url":"https:\/\/www.supeinnihonto.com\/wp-content\/uploads\/2021\/11\/animation_Default_3szk0jcenoloop.gif","contentUrl":"https:\/\/www.supeinnihonto.com\/wp-content\/uploads\/2021\/11\/animation_Default_3szk0jcenoloop.gif","width":750,"height":641,"caption":"SupeinNihonto"},"image":{"@id":"https:\/\/www.supeinnihonto.com\/it\/#\/schema\/logo\/image\/"}}]}},"jetpack-related-posts":[{"id":12609,"url":"https:\/\/www.supeinnihonto.com\/it\/prodotto\/netsuke-daikokuten-in-legno\/","url_meta":{"origin":14255,"position":0},"title":"Netsuke Daikokuten in legno","author":"Eric Majo","date":"5 de Novembre de 2024","format":false,"excerpt":"Spedizione gratuita. Splendido netsuke in legno raffigurante Daikokuten, uno degli shichifukujin, i sette d\u00e8i della fortuna in Giappone. Questi intagli sono molto apprezzati perch\u00e9 si ritiene portino fortuna al proprietario. Periodo Edo. 4,5 x 4 x 3 cm","rel":"","context":"Articolo simile","block_context":{"text":"Articolo simile","link":""},"img":{"alt_text":"Netsuke Daikokuten wood","src":"https:\/\/i0.wp.com\/www.supeinnihonto.com\/wp-content\/uploads\/2024\/11\/Netsuke-Daikokuten-wood.webp?fit=1200%2C800&ssl=1&resize=350%2C200","width":350,"height":200,"srcset":"https:\/\/i0.wp.com\/www.supeinnihonto.com\/wp-content\/uploads\/2024\/11\/Netsuke-Daikokuten-wood.webp?fit=1200%2C800&ssl=1&resize=350%2C200 1x, https:\/\/i0.wp.com\/www.supeinnihonto.com\/wp-content\/uploads\/2024\/11\/Netsuke-Daikokuten-wood.webp?fit=1200%2C800&ssl=1&resize=525%2C300 1.5x, https:\/\/i0.wp.com\/www.supeinnihonto.com\/wp-content\/uploads\/2024\/11\/Netsuke-Daikokuten-wood.webp?fit=1200%2C800&ssl=1&resize=700%2C400 2x, https:\/\/i0.wp.com\/www.supeinnihonto.com\/wp-content\/uploads\/2024\/11\/Netsuke-Daikokuten-wood.webp?fit=1200%2C800&ssl=1&resize=1050%2C600 3x"},"classes":[]},{"id":14146,"url":"https:\/\/www.supeinnihonto.com\/it\/prodotto\/netsuke-shichifukujin-in-avorio\/","url_meta":{"origin":14255,"position":1},"title":"Netsuke Shichifukujin in avorio","author":"Supein Nihonto","date":"28 de Maggio de 2024","format":false,"excerpt":"Spedizione gratuita. Splendido netsuke raffigurante i sette d\u00e8i della fortuna sotto un ciliegio con un bue. Eccellente lavoro di intaglio che permette di apprezzare tutti i dettagli di questo piccolo capolavoro. Pezzi di questo tipo, in cui tutti i personaggi sono rappresentati, sono molto ricercati e apprezzati dai collezionisti, soprattutto\u2026","rel":"","context":"Articolo simile","block_context":{"text":"Articolo simile","link":""},"img":{"alt_text":"Netsuke Shichifukujin ivory","src":"https:\/\/i0.wp.com\/www.supeinnihonto.com\/wp-content\/uploads\/2024\/05\/DSC_4006-scaled.jpg?fit=1200%2C800&ssl=1&resize=350%2C200","width":350,"height":200,"srcset":"https:\/\/i0.wp.com\/www.supeinnihonto.com\/wp-content\/uploads\/2024\/05\/DSC_4006-scaled.jpg?fit=1200%2C800&ssl=1&resize=350%2C200 1x, https:\/\/i0.wp.com\/www.supeinnihonto.com\/wp-content\/uploads\/2024\/05\/DSC_4006-scaled.jpg?fit=1200%2C800&ssl=1&resize=525%2C300 1.5x, https:\/\/i0.wp.com\/www.supeinnihonto.com\/wp-content\/uploads\/2024\/05\/DSC_4006-scaled.jpg?fit=1200%2C800&ssl=1&resize=700%2C400 2x, https:\/\/i0.wp.com\/www.supeinnihonto.com\/wp-content\/uploads\/2024\/05\/DSC_4006-scaled.jpg?fit=1200%2C800&ssl=1&resize=1050%2C600 3x"},"classes":[]},{"id":13296,"url":"https:\/\/www.supeinnihonto.com\/it\/prodotto\/netsuke-ebisu-e-bambino-in-avorio\/","url_meta":{"origin":14255,"position":2},"title":"Netsuke Ebisu e bambino in avorio","author":"Supein Nihonto","date":"28 de Maggio de 2024","format":false,"excerpt":"Spedizione gratuita. Bel netsuke raffigurante Ebisu, uno dei sette d\u00e8i della fortuna, con un pesce in mano e un bambino. Buona qualit\u00e0 d\u2019intaglio e splendida patina. Firmato alla base. Periodo Meiji, inizio XIX secolo. Fornito con certificato di perizia e documento CITES. 3 x 3 x 2 cm","rel":"","context":"Articolo simile","block_context":{"text":"Articolo simile","link":""},"img":{"alt_text":"Netsuke Hotei and boy ivory","src":"https:\/\/i0.wp.com\/www.supeinnihonto.com\/wp-content\/uploads\/2024\/05\/DSC_4041-scaled.jpg?fit=1200%2C800&ssl=1&resize=350%2C200","width":350,"height":200,"srcset":"https:\/\/i0.wp.com\/www.supeinnihonto.com\/wp-content\/uploads\/2024\/05\/DSC_4041-scaled.jpg?fit=1200%2C800&ssl=1&resize=350%2C200 1x, https:\/\/i0.wp.com\/www.supeinnihonto.com\/wp-content\/uploads\/2024\/05\/DSC_4041-scaled.jpg?fit=1200%2C800&ssl=1&resize=525%2C300 1.5x, https:\/\/i0.wp.com\/www.supeinnihonto.com\/wp-content\/uploads\/2024\/05\/DSC_4041-scaled.jpg?fit=1200%2C800&ssl=1&resize=700%2C400 2x, https:\/\/i0.wp.com\/www.supeinnihonto.com\/wp-content\/uploads\/2024\/05\/DSC_4041-scaled.jpg?fit=1200%2C800&ssl=1&resize=1050%2C600 3x"},"classes":[]},{"id":14431,"url":"https:\/\/www.supeinnihonto.com\/it\/prodotto\/kashira-shakudo-bishamonten\/","url_meta":{"origin":14255,"position":3},"title":"Kashira shakudo Bishamonten","author":"Supein Nihonto","date":"14 de Maggio de 2024","format":false,"excerpt":"Oggetto: Kashira in shakud\u014d Bishamonten. Kashira con eccellente incisione raffigurante Bishamonten, uno dei Shichifukujin o Sette Dei della Fortuna. Purtroppo \u00e8 rimasta solo la kashira, ma si tratta comunque di un ottimo pezzo da collezione. Con il fuchi abbinato, il valore sarebbe probabilmente quattro volte superiore. Kashira: 3,6 x 1,6\u2026","rel":"","context":"Articolo simile","block_context":{"text":"Articolo simile","link":""},"img":{"alt_text":"Kashira shakudo","src":"https:\/\/i0.wp.com\/www.supeinnihonto.com\/wp-content\/uploads\/2024\/05\/DSC_3803-scaled.jpg?fit=1200%2C800&ssl=1&resize=350%2C200","width":350,"height":200,"srcset":"https:\/\/i0.wp.com\/www.supeinnihonto.com\/wp-content\/uploads\/2024\/05\/DSC_3803-scaled.jpg?fit=1200%2C800&ssl=1&resize=350%2C200 1x, https:\/\/i0.wp.com\/www.supeinnihonto.com\/wp-content\/uploads\/2024\/05\/DSC_3803-scaled.jpg?fit=1200%2C800&ssl=1&resize=525%2C300 1.5x, https:\/\/i0.wp.com\/www.supeinnihonto.com\/wp-content\/uploads\/2024\/05\/DSC_3803-scaled.jpg?fit=1200%2C800&ssl=1&resize=700%2C400 2x, https:\/\/i0.wp.com\/www.supeinnihonto.com\/wp-content\/uploads\/2024\/05\/DSC_3803-scaled.jpg?fit=1200%2C800&ssl=1&resize=1050%2C600 3x"},"classes":[]},{"id":14130,"url":"https:\/\/www.supeinnihonto.com\/it\/prodotto\/netsuke-shishi-in-avorio\/","url_meta":{"origin":14255,"position":4},"title":"Netsuke Shishi in avorio","author":"Supein Nihonto","date":"28 de Maggio de 2024","format":false,"excerpt":"Spedizione gratuita. Splendido netsuke raffigurante uno shishi su una roccia in una posizione al tempo stesso fiera e giocosa. Pezzo magnifico con un intaglio di grande qualit\u00e0. Da notare il lavoro dei peli e dei ricci della coda e della criniera. Presenta una sfera in legno a simulare la lingua.\u2026","rel":"","context":"Articolo simile","block_context":{"text":"Articolo simile","link":""},"img":{"alt_text":"Netsuke Shishi ivory","src":"https:\/\/i0.wp.com\/www.supeinnihonto.com\/wp-content\/uploads\/2024\/05\/DSC_4014-scaled.jpg?fit=1200%2C800&ssl=1&resize=350%2C200","width":350,"height":200,"srcset":"https:\/\/i0.wp.com\/www.supeinnihonto.com\/wp-content\/uploads\/2024\/05\/DSC_4014-scaled.jpg?fit=1200%2C800&ssl=1&resize=350%2C200 1x, https:\/\/i0.wp.com\/www.supeinnihonto.com\/wp-content\/uploads\/2024\/05\/DSC_4014-scaled.jpg?fit=1200%2C800&ssl=1&resize=525%2C300 1.5x, https:\/\/i0.wp.com\/www.supeinnihonto.com\/wp-content\/uploads\/2024\/05\/DSC_4014-scaled.jpg?fit=1200%2C800&ssl=1&resize=700%2C400 2x, https:\/\/i0.wp.com\/www.supeinnihonto.com\/wp-content\/uploads\/2024\/05\/DSC_4014-scaled.jpg?fit=1200%2C800&ssl=1&resize=1050%2C600 3x"},"classes":[]},{"id":14415,"url":"https:\/\/www.supeinnihonto.com\/it\/prodotto\/netsuke-sennin-in-legno\/","url_meta":{"origin":14255,"position":5},"title":"Netsuke Sennin in legno","author":"Supein Nihonto","date":"27 de Maggio de 2024","format":false,"excerpt":"Netsuke raffigurante un sennin in una postura divertita, che si gratta la testa come se avesse dimenticato qualcosa. Periodo Edo. Il termine sennin proviene dal folklore e dalla letteratura giapponese e si riferisce a un immortale o a un eremita o saggio di eccezionale saggezza, dotato di capacit\u00e0 soprannaturali e\u2026","rel":"","context":"Articolo simile","block_context":{"text":"Articolo simile","link":""},"img":{"alt_text":"Netsuke sennin wood","src":"https:\/\/i0.wp.com\/www.supeinnihonto.com\/wp-content\/uploads\/2024\/05\/DSC_3915-scaled.jpg?fit=1200%2C800&ssl=1&resize=350%2C200","width":350,"height":200,"srcset":"https:\/\/i0.wp.com\/www.supeinnihonto.com\/wp-content\/uploads\/2024\/05\/DSC_3915-scaled.jpg?fit=1200%2C800&ssl=1&resize=350%2C200 1x, https:\/\/i0.wp.com\/www.supeinnihonto.com\/wp-content\/uploads\/2024\/05\/DSC_3915-scaled.jpg?fit=1200%2C800&ssl=1&resize=525%2C300 1.5x, https:\/\/i0.wp.com\/www.supeinnihonto.com\/wp-content\/uploads\/2024\/05\/DSC_3915-scaled.jpg?fit=1200%2C800&ssl=1&resize=700%2C400 2x, https:\/\/i0.wp.com\/www.supeinnihonto.com\/wp-content\/uploads\/2024\/05\/DSC_3915-scaled.jpg?fit=1200%2C800&ssl=1&resize=1050%2C600 3x"},"classes":[]}],"jetpack_sharing_enabled":true,"_links":{"self":[{"href":"https:\/\/www.supeinnihonto.com\/it\/wp-json\/wp\/v2\/product\/14255","targetHints":{"allow":["GET"]}}],"collection":[{"href":"https:\/\/www.supeinnihonto.com\/it\/wp-json\/wp\/v2\/product"}],"about":[{"href":"https:\/\/www.supeinnihonto.com\/it\/wp-json\/wp\/v2\/types\/product"}],"wp:featuredmedia":[{"embeddable":true,"href":"https:\/\/www.supeinnihonto.com\/it\/wp-json\/wp\/v2\/media\/14256"}],"wp:attachment":[{"href":"https:\/\/www.supeinnihonto.com\/it\/wp-json\/wp\/v2\/media?parent=14255"}],"wp:term":[{"taxonomy":"product_brand","embeddable":true,"href":"https:\/\/www.supeinnihonto.com\/it\/wp-json\/wp\/v2\/product_brand?post=14255"},{"taxonomy":"product_cat","embeddable":true,"href":"https:\/\/www.supeinnihonto.com\/it\/wp-json\/wp\/v2\/product_cat?post=14255"},{"taxonomy":"product_tag","embeddable":true,"href":"https:\/\/www.supeinnihonto.com\/it\/wp-json\/wp\/v2\/product_tag?post=14255"}],"curies":[{"name":"wp","href":"https:\/\/api.w.org\/{rel}","templated":true}]}}