{"id":13553,"date":"2024-05-31T10:11:38","date_gmt":"2024-05-31T10:11:38","guid":{"rendered":"https:\/\/www.supeinnihonto.com\/product\/menuki-horses-shakudo\/"},"modified":"2025-12-23T22:45:58","modified_gmt":"2025-12-23T22:45:58","slug":"menuki-cavalli-in-shakudo","status":"publish","type":"product","link":"https:\/\/www.supeinnihonto.com\/it\/prodotto\/menuki-cavalli-in-shakudo\/","title":{"rendered":"Menuki cavalli in shakud\u014d"},"content":{"rendered":"<div><em><strong>Oggetto:<\/strong><\/em><\/div>\n<div><\/div>\n<div>Splendidi menuki a tema cavalli in shakud\u014d con intarsi in oro, caratterizzati da eccellente maestria artigianale e grande ricchezza di dettagli. In ottimo stato di conservazione considerando l\u2019et\u00e0. Periodo Edo.<\/div>\n<div><\/div>\n<div>Menuki: 6 x 2 cm<\/div>\n<div><\/div>\n<div>Adatti per katana, tant\u014d e wakizashi.<\/div>\n<div><\/div>\n<div class=\"accordion-title active\">\n<div class=\"accordion-title active\"><strong>Che cos\u2019\u00e8 un menuki?<\/strong> <i class=\"fas fa-caret-up\"><\/i><\/div>\n<div><\/div>\n<div class=\"accordion-content active\" id=\"tab2\">\n<p>Un menuki \u00e8 un piccolo ornamento decorativo montato sull\u2019impugnatura (tsuka) di una spada giapponese, come katana, wakizashi o tant\u014d. Questi ornamenti sono generalmente posizionati sotto l\u2019avvolgimento dell\u2019impugnatura (tsukamaki) e svolgono funzioni sia pratiche che estetiche. Dal punto di vista funzionale, i menuki migliorano la presa e la stabilit\u00e0 riempiendo lo spazio tra il nucleo dell\u2019impugnatura e l\u2019avvolgimento, aiutando a impedire che quest\u2019ultimo si sposti durante l\u2019uso. Ci\u00f2 contribuisce al comfort e al controllo della spada.<\/p>\n<p>Dal punto di vista estetico, i menuki sono realizzati con disegni e motivi intricati, spesso ispirati alla natura, alla mitologia o alla cultura giapponese. Possono essere realizzati in diversi materiali, tra cui metalli (come rame, ottone o argento), avorio o altri materiali. I menuki sono considerati una parte fondamentale della decorazione della spada e vengono spesso abbinati ad altri elementi come la tsuba (guardia) e il fuchi-kashira (collare e pomolo).<\/p>\n<p>I menuki svolgono un ruolo importante nell\u2019estetica complessiva delle spade giapponesi e sono apprezzati per la loro artigianalit\u00e0, il livello di dettaglio e il significato simbolico. Sono inoltre utili per identificare lo stile e la provenienza di una particolare spada o di un artigiano.<\/p>\n<\/div><\/div>\n","protected":false},"excerpt":{"rendered":"<p>Oggetto: Splendidi menuki a tema cavalli in shakud\u014d con intarsi in oro, caratterizzati da eccellente maestria artigianale e grande ricchezza di dettagli. In ottimo stato di conservazione considerando l\u2019et\u00e0. Periodo Edo. Menuki: 6 x 2 cm Adatti per katana, tant\u014d e wakizashi. Che cos\u2019\u00e8 un menuki? Un menuki \u00e8 un [&hellip;]<\/p>\n","protected":false},"featured_media":13555,"template":"","meta":{"jetpack_post_was_ever_published":false},"product_brand":[],"product_cat":[736,734],"product_tag":[798,799,790,778,768],"class_list":{"0":"post-13553","1":"product","2":"type-product","3":"status-publish","4":"has-post-thumbnail","6":"product_cat-fuchi-kashira","7":"product_cat-menuki","8":"product_tag-menuki","9":"product_tag-menukis","10":"product_tag-rame-2","11":"product_tag-shakudo","12":"product_tag-tosogu","13":"product_shipping_class-tosogu","15":"first","16":"instock","17":"featured","18":"sold-individually","19":"shipping-taxable","20":"purchasable","21":"product-type-simple"},"yoast_head":"<!-- This site is optimized with the Yoast SEO plugin v27.4 - https:\/\/yoast.com\/product\/yoast-seo-wordpress\/ -->\n<title>Menuki cavalli in shakud\u014d - Supein Nihonto<\/title>\n<meta name=\"description\" content=\"Splendidi menuki a tema cavalli in shakud\u014d con intarsi in oro, che mostrano eccellente maestria artigianale e grande attenzione ai dettagli. In ottimo stato per la loro et\u00e0. Periodo Edo.\" \/>\n<meta name=\"robots\" content=\"index, follow, max-snippet:-1, max-image-preview:large, max-video-preview:-1\" \/>\n<link rel=\"canonical\" href=\"https:\/\/www.supeinnihonto.com\/it\/prodotto\/menuki-cavalli-in-shakudo\/\" \/>\n<meta property=\"og:locale\" content=\"it_IT\" \/>\n<meta property=\"og:type\" content=\"article\" \/>\n<meta property=\"og:title\" content=\"Menuki cavalli in shakud\u014d - Supein Nihonto\" \/>\n<meta property=\"og:description\" content=\"Splendidi menuki a tema cavalli in shakud\u014d con intarsi in oro, che mostrano eccellente maestria artigianale e grande attenzione ai dettagli. In ottimo stato per la loro et\u00e0. Periodo Edo.\" \/>\n<meta property=\"og:url\" content=\"https:\/\/www.supeinnihonto.com\/it\/prodotto\/menuki-cavalli-in-shakudo\/\" \/>\n<meta property=\"og:site_name\" content=\"Supein Nihonto\" \/>\n<meta property=\"article:modified_time\" content=\"2025-12-23T22:45:58+00:00\" \/>\n<meta property=\"og:image\" content=\"https:\/\/www.supeinnihonto.com\/wp-content\/uploads\/2024\/05\/DSC_5403-scaled.jpg\" \/>\n\t<meta property=\"og:image:width\" content=\"2560\" \/>\n\t<meta property=\"og:image:height\" content=\"1707\" \/>\n\t<meta property=\"og:image:type\" content=\"image\/jpeg\" \/>\n<meta name=\"twitter:card\" content=\"summary_large_image\" \/>\n<meta name=\"twitter:label1\" content=\"Tempo di lettura stimato\" \/>\n\t<meta name=\"twitter:data1\" content=\"2 minuto\" \/>\n<script type=\"application\/ld+json\" class=\"yoast-schema-graph\">{\"@context\":\"https:\\\/\\\/schema.org\",\"@graph\":[{\"@type\":\"WebPage\",\"@id\":\"https:\\\/\\\/www.supeinnihonto.com\\\/it\\\/prodotto\\\/menuki-cavalli-in-shakudo\\\/\",\"url\":\"https:\\\/\\\/www.supeinnihonto.com\\\/it\\\/prodotto\\\/menuki-cavalli-in-shakudo\\\/\",\"name\":\"Menuki cavalli in shakud\u014d - Supein Nihonto\",\"isPartOf\":{\"@id\":\"https:\\\/\\\/www.supeinnihonto.com\\\/it\\\/#website\"},\"primaryImageOfPage\":{\"@id\":\"https:\\\/\\\/www.supeinnihonto.com\\\/it\\\/prodotto\\\/menuki-cavalli-in-shakudo\\\/#primaryimage\"},\"image\":{\"@id\":\"https:\\\/\\\/www.supeinnihonto.com\\\/it\\\/prodotto\\\/menuki-cavalli-in-shakudo\\\/#primaryimage\"},\"thumbnailUrl\":\"https:\\\/\\\/i0.wp.com\\\/www.supeinnihonto.com\\\/wp-content\\\/uploads\\\/2024\\\/05\\\/DSC_5403-scaled.jpg?fit=2560%2C1707&ssl=1\",\"datePublished\":\"2024-05-31T10:11:38+00:00\",\"dateModified\":\"2025-12-23T22:45:58+00:00\",\"description\":\"Splendidi menuki a tema cavalli in shakud\u014d con intarsi in oro, che mostrano eccellente maestria artigianale e grande attenzione ai dettagli. In ottimo stato per la loro et\u00e0. Periodo Edo.\",\"breadcrumb\":{\"@id\":\"https:\\\/\\\/www.supeinnihonto.com\\\/it\\\/prodotto\\\/menuki-cavalli-in-shakudo\\\/#breadcrumb\"},\"inLanguage\":\"it-IT\",\"potentialAction\":[{\"@type\":\"ReadAction\",\"target\":[\"https:\\\/\\\/www.supeinnihonto.com\\\/it\\\/prodotto\\\/menuki-cavalli-in-shakudo\\\/\"]}]},{\"@type\":\"ImageObject\",\"inLanguage\":\"it-IT\",\"@id\":\"https:\\\/\\\/www.supeinnihonto.com\\\/it\\\/prodotto\\\/menuki-cavalli-in-shakudo\\\/#primaryimage\",\"url\":\"https:\\\/\\\/i0.wp.com\\\/www.supeinnihonto.com\\\/wp-content\\\/uploads\\\/2024\\\/05\\\/DSC_5403-scaled.jpg?fit=2560%2C1707&ssl=1\",\"contentUrl\":\"https:\\\/\\\/i0.wp.com\\\/www.supeinnihonto.com\\\/wp-content\\\/uploads\\\/2024\\\/05\\\/DSC_5403-scaled.jpg?fit=2560%2C1707&ssl=1\",\"width\":2560,\"height\":1707,\"caption\":\"Menuki horses shakudo\"},{\"@type\":\"BreadcrumbList\",\"@id\":\"https:\\\/\\\/www.supeinnihonto.com\\\/it\\\/prodotto\\\/menuki-cavalli-in-shakudo\\\/#breadcrumb\",\"itemListElement\":[{\"@type\":\"ListItem\",\"position\":1,\"name\":\"Portada\",\"item\":\"https:\\\/\\\/www.supeinnihonto.com\\\/it\\\/\"},{\"@type\":\"ListItem\",\"position\":2,\"name\":\"Shop\",\"item\":\"https:\\\/\\\/www.supeinnihonto.com\\\/it\\\/shop\\\/\"},{\"@type\":\"ListItem\",\"position\":3,\"name\":\"Menuki cavalli in shakud\u014d\"}]},{\"@type\":\"WebSite\",\"@id\":\"https:\\\/\\\/www.supeinnihonto.com\\\/it\\\/#website\",\"url\":\"https:\\\/\\\/www.supeinnihonto.com\\\/it\\\/\",\"name\":\"Supein Nihonto\",\"description\":\"Authentic japanese Nihonto katana \",\"publisher\":{\"@id\":\"https:\\\/\\\/www.supeinnihonto.com\\\/it\\\/#organization\"},\"potentialAction\":[{\"@type\":\"SearchAction\",\"target\":{\"@type\":\"EntryPoint\",\"urlTemplate\":\"https:\\\/\\\/www.supeinnihonto.com\\\/it\\\/?s={search_term_string}\"},\"query-input\":{\"@type\":\"PropertyValueSpecification\",\"valueRequired\":true,\"valueName\":\"search_term_string\"}}],\"inLanguage\":\"it-IT\"},{\"@type\":\"Organization\",\"@id\":\"https:\\\/\\\/www.supeinnihonto.com\\\/it\\\/#organization\",\"name\":\"SupeinNihonto\",\"url\":\"https:\\\/\\\/www.supeinnihonto.com\\\/it\\\/\",\"logo\":{\"@type\":\"ImageObject\",\"inLanguage\":\"it-IT\",\"@id\":\"https:\\\/\\\/www.supeinnihonto.com\\\/it\\\/#\\\/schema\\\/logo\\\/image\\\/\",\"url\":\"https:\\\/\\\/www.supeinnihonto.com\\\/wp-content\\\/uploads\\\/2021\\\/11\\\/animation_Default_3szk0jcenoloop.gif\",\"contentUrl\":\"https:\\\/\\\/www.supeinnihonto.com\\\/wp-content\\\/uploads\\\/2021\\\/11\\\/animation_Default_3szk0jcenoloop.gif\",\"width\":750,\"height\":641,\"caption\":\"SupeinNihonto\"},\"image\":{\"@id\":\"https:\\\/\\\/www.supeinnihonto.com\\\/it\\\/#\\\/schema\\\/logo\\\/image\\\/\"}}]}<\/script>\n<!-- \/ Yoast SEO plugin. -->","yoast_head_json":{"title":"Menuki cavalli in shakud\u014d - Supein Nihonto","description":"Splendidi menuki a tema cavalli in shakud\u014d con intarsi in oro, che mostrano eccellente maestria artigianale e grande attenzione ai dettagli. In ottimo stato per la loro et\u00e0. Periodo Edo.","robots":{"index":"index","follow":"follow","max-snippet":"max-snippet:-1","max-image-preview":"max-image-preview:large","max-video-preview":"max-video-preview:-1"},"canonical":"https:\/\/www.supeinnihonto.com\/it\/prodotto\/menuki-cavalli-in-shakudo\/","og_locale":"it_IT","og_type":"article","og_title":"Menuki cavalli in shakud\u014d - Supein Nihonto","og_description":"Splendidi menuki a tema cavalli in shakud\u014d con intarsi in oro, che mostrano eccellente maestria artigianale e grande attenzione ai dettagli. In ottimo stato per la loro et\u00e0. Periodo Edo.","og_url":"https:\/\/www.supeinnihonto.com\/it\/prodotto\/menuki-cavalli-in-shakudo\/","og_site_name":"Supein Nihonto","article_modified_time":"2025-12-23T22:45:58+00:00","og_image":[{"width":2560,"height":1707,"url":"https:\/\/www.supeinnihonto.com\/wp-content\/uploads\/2024\/05\/DSC_5403-scaled.jpg","type":"image\/jpeg"}],"twitter_card":"summary_large_image","twitter_misc":{"Tempo di lettura stimato":"2 minuto"},"schema":{"@context":"https:\/\/schema.org","@graph":[{"@type":"WebPage","@id":"https:\/\/www.supeinnihonto.com\/it\/prodotto\/menuki-cavalli-in-shakudo\/","url":"https:\/\/www.supeinnihonto.com\/it\/prodotto\/menuki-cavalli-in-shakudo\/","name":"Menuki cavalli in shakud\u014d - Supein Nihonto","isPartOf":{"@id":"https:\/\/www.supeinnihonto.com\/it\/#website"},"primaryImageOfPage":{"@id":"https:\/\/www.supeinnihonto.com\/it\/prodotto\/menuki-cavalli-in-shakudo\/#primaryimage"},"image":{"@id":"https:\/\/www.supeinnihonto.com\/it\/prodotto\/menuki-cavalli-in-shakudo\/#primaryimage"},"thumbnailUrl":"https:\/\/i0.wp.com\/www.supeinnihonto.com\/wp-content\/uploads\/2024\/05\/DSC_5403-scaled.jpg?fit=2560%2C1707&ssl=1","datePublished":"2024-05-31T10:11:38+00:00","dateModified":"2025-12-23T22:45:58+00:00","description":"Splendidi menuki a tema cavalli in shakud\u014d con intarsi in oro, che mostrano eccellente maestria artigianale e grande attenzione ai dettagli. In ottimo stato per la loro et\u00e0. Periodo Edo.","breadcrumb":{"@id":"https:\/\/www.supeinnihonto.com\/it\/prodotto\/menuki-cavalli-in-shakudo\/#breadcrumb"},"inLanguage":"it-IT","potentialAction":[{"@type":"ReadAction","target":["https:\/\/www.supeinnihonto.com\/it\/prodotto\/menuki-cavalli-in-shakudo\/"]}]},{"@type":"ImageObject","inLanguage":"it-IT","@id":"https:\/\/www.supeinnihonto.com\/it\/prodotto\/menuki-cavalli-in-shakudo\/#primaryimage","url":"https:\/\/i0.wp.com\/www.supeinnihonto.com\/wp-content\/uploads\/2024\/05\/DSC_5403-scaled.jpg?fit=2560%2C1707&ssl=1","contentUrl":"https:\/\/i0.wp.com\/www.supeinnihonto.com\/wp-content\/uploads\/2024\/05\/DSC_5403-scaled.jpg?fit=2560%2C1707&ssl=1","width":2560,"height":1707,"caption":"Menuki horses shakudo"},{"@type":"BreadcrumbList","@id":"https:\/\/www.supeinnihonto.com\/it\/prodotto\/menuki-cavalli-in-shakudo\/#breadcrumb","itemListElement":[{"@type":"ListItem","position":1,"name":"Portada","item":"https:\/\/www.supeinnihonto.com\/it\/"},{"@type":"ListItem","position":2,"name":"Shop","item":"https:\/\/www.supeinnihonto.com\/it\/shop\/"},{"@type":"ListItem","position":3,"name":"Menuki cavalli in shakud\u014d"}]},{"@type":"WebSite","@id":"https:\/\/www.supeinnihonto.com\/it\/#website","url":"https:\/\/www.supeinnihonto.com\/it\/","name":"Supein Nihonto","description":"Authentic japanese Nihonto katana ","publisher":{"@id":"https:\/\/www.supeinnihonto.com\/it\/#organization"},"potentialAction":[{"@type":"SearchAction","target":{"@type":"EntryPoint","urlTemplate":"https:\/\/www.supeinnihonto.com\/it\/?s={search_term_string}"},"query-input":{"@type":"PropertyValueSpecification","valueRequired":true,"valueName":"search_term_string"}}],"inLanguage":"it-IT"},{"@type":"Organization","@id":"https:\/\/www.supeinnihonto.com\/it\/#organization","name":"SupeinNihonto","url":"https:\/\/www.supeinnihonto.com\/it\/","logo":{"@type":"ImageObject","inLanguage":"it-IT","@id":"https:\/\/www.supeinnihonto.com\/it\/#\/schema\/logo\/image\/","url":"https:\/\/www.supeinnihonto.com\/wp-content\/uploads\/2021\/11\/animation_Default_3szk0jcenoloop.gif","contentUrl":"https:\/\/www.supeinnihonto.com\/wp-content\/uploads\/2021\/11\/animation_Default_3szk0jcenoloop.gif","width":750,"height":641,"caption":"SupeinNihonto"},"image":{"@id":"https:\/\/www.supeinnihonto.com\/it\/#\/schema\/logo\/image\/"}}]}},"jetpack-related-posts":[{"id":14651,"url":"https:\/\/www.supeinnihonto.com\/it\/prodotto\/fuchi-kashira-in-shakudo-con-cavalli\/","url_meta":{"origin":13553,"position":0},"title":"Fuchi Kashira in shakud\u014d con cavalli","author":"Supein Nihonto","date":"13 de Maggio de 2024","format":false,"excerpt":"Oggetto: Fuchi Kashira in shakud\u014d con cavalli. Eccellente coppia di fuchi kashira, finemente intagliata e ricca di dettagli. Realizzata in shakud\u014d, con intarsi raffiguranti cavalli e stallieri in una pineta, firmata Soheishi Kitagawa Ny\u016bd\u014d S\u014dten sei. Scuola S\u014dten. Molto ben conservata attraverso i secoli. Periodo Edo. Fuchi: 4 x 2,5\u2026","rel":"","context":"Articolo simile","block_context":{"text":"Articolo simile","link":""},"img":{"alt_text":"Fuchi Kashira shakudo Battle","src":"https:\/\/i0.wp.com\/www.supeinnihonto.com\/wp-content\/uploads\/2024\/05\/DSC_3892-scaled.jpg?fit=1200%2C800&ssl=1&resize=350%2C200","width":350,"height":200,"srcset":"https:\/\/i0.wp.com\/www.supeinnihonto.com\/wp-content\/uploads\/2024\/05\/DSC_3892-scaled.jpg?fit=1200%2C800&ssl=1&resize=350%2C200 1x, https:\/\/i0.wp.com\/www.supeinnihonto.com\/wp-content\/uploads\/2024\/05\/DSC_3892-scaled.jpg?fit=1200%2C800&ssl=1&resize=525%2C300 1.5x, https:\/\/i0.wp.com\/www.supeinnihonto.com\/wp-content\/uploads\/2024\/05\/DSC_3892-scaled.jpg?fit=1200%2C800&ssl=1&resize=700%2C400 2x, https:\/\/i0.wp.com\/www.supeinnihonto.com\/wp-content\/uploads\/2024\/05\/DSC_3892-scaled.jpg?fit=1200%2C800&ssl=1&resize=1050%2C600 3x"},"classes":[]},{"id":14607,"url":"https:\/\/www.supeinnihonto.com\/it\/prodotto\/fuchi-kashira-in-shakudo-con-scena-di-carpentieri\/","url_meta":{"origin":13553,"position":1},"title":"Fuchi Kashira in shakud\u014d con scena di carpentieri","author":"Supein Nihonto","date":"13 de Maggio de 2024","format":false,"excerpt":"Oggetto: Fuchi Kashira in shakud\u014d con scena di carpentieri. Shakud\u014d e oro, con un guerriero cinese a cavallo raffigurato sul kashira e carpentieri al lavoro su una grande trave di legno sul fuchi. Rilievo spesso. Periodo Edo. Fuchi: 3,9 x 2,5 cm Kashira: 3,6 x 2 cm Adatto per katana\u2026","rel":"","context":"Articolo simile","block_context":{"text":"Articolo simile","link":""},"img":{"alt_text":"Fuchi Kashira shakudo carpenters","src":"https:\/\/i0.wp.com\/www.supeinnihonto.com\/wp-content\/uploads\/2024\/05\/Fuchi-Kashira-shakudo-carpenters.webp?fit=1200%2C800&ssl=1&resize=350%2C200","width":350,"height":200,"srcset":"https:\/\/i0.wp.com\/www.supeinnihonto.com\/wp-content\/uploads\/2024\/05\/Fuchi-Kashira-shakudo-carpenters.webp?fit=1200%2C800&ssl=1&resize=350%2C200 1x, https:\/\/i0.wp.com\/www.supeinnihonto.com\/wp-content\/uploads\/2024\/05\/Fuchi-Kashira-shakudo-carpenters.webp?fit=1200%2C800&ssl=1&resize=525%2C300 1.5x, https:\/\/i0.wp.com\/www.supeinnihonto.com\/wp-content\/uploads\/2024\/05\/Fuchi-Kashira-shakudo-carpenters.webp?fit=1200%2C800&ssl=1&resize=700%2C400 2x, https:\/\/i0.wp.com\/www.supeinnihonto.com\/wp-content\/uploads\/2024\/05\/Fuchi-Kashira-shakudo-carpenters.webp?fit=1200%2C800&ssl=1&resize=1050%2C600 3x"},"classes":[]},{"id":14627,"url":"https:\/\/www.supeinnihonto.com\/it\/prodotto\/fuchi-kashira-in-shakudo-con-motivo-di-rondine\/","url_meta":{"origin":13553,"position":2},"title":"Fuchi kashira in shakud\u014d con motivo di rondine","author":"Supein Nihonto","date":"13 de Maggio de 2024","format":false,"excerpt":"Oggetto: Fuchi kashira in shakud\u014d con motivo di rondine. Realizzato in shibuichi, rame, shakud\u014d e oro, raffigurante festaioli su una barca sotto un salice e una rondine, firmato Tsunenao con kao. Periodo Edo. Fuchi: 3,5 x 2,1 cm Kashira: 3,0 x 1,7 cm Adatto per wakizashi e tant\u014d. Che cos\u2019\u00e8\u2026","rel":"","context":"Articolo simile","block_context":{"text":"Articolo simile","link":""},"img":{"alt_text":"Fuchi kashira shakudo swallow","src":"https:\/\/i0.wp.com\/www.supeinnihonto.com\/wp-content\/uploads\/2024\/05\/DSC_3878-scaled.jpg?fit=1200%2C800&ssl=1&resize=350%2C200","width":350,"height":200,"srcset":"https:\/\/i0.wp.com\/www.supeinnihonto.com\/wp-content\/uploads\/2024\/05\/DSC_3878-scaled.jpg?fit=1200%2C800&ssl=1&resize=350%2C200 1x, https:\/\/i0.wp.com\/www.supeinnihonto.com\/wp-content\/uploads\/2024\/05\/DSC_3878-scaled.jpg?fit=1200%2C800&ssl=1&resize=525%2C300 1.5x, https:\/\/i0.wp.com\/www.supeinnihonto.com\/wp-content\/uploads\/2024\/05\/DSC_3878-scaled.jpg?fit=1200%2C800&ssl=1&resize=700%2C400 2x, https:\/\/i0.wp.com\/www.supeinnihonto.com\/wp-content\/uploads\/2024\/05\/DSC_3878-scaled.jpg?fit=1200%2C800&ssl=1&resize=1050%2C600 3x"},"classes":[]},{"id":14431,"url":"https:\/\/www.supeinnihonto.com\/it\/prodotto\/kashira-shakudo-bishamonten\/","url_meta":{"origin":13553,"position":3},"title":"Kashira shakudo Bishamonten","author":"Supein Nihonto","date":"14 de Maggio de 2024","format":false,"excerpt":"Oggetto: Kashira in shakud\u014d Bishamonten. Kashira con eccellente incisione raffigurante Bishamonten, uno dei Shichifukujin o Sette Dei della Fortuna. Purtroppo \u00e8 rimasta solo la kashira, ma si tratta comunque di un ottimo pezzo da collezione. Con il fuchi abbinato, il valore sarebbe probabilmente quattro volte superiore. Kashira: 3,6 x 1,6\u2026","rel":"","context":"Articolo simile","block_context":{"text":"Articolo simile","link":""},"img":{"alt_text":"Kashira shakudo","src":"https:\/\/i0.wp.com\/www.supeinnihonto.com\/wp-content\/uploads\/2024\/05\/DSC_3803-scaled.jpg?fit=1200%2C800&ssl=1&resize=350%2C200","width":350,"height":200,"srcset":"https:\/\/i0.wp.com\/www.supeinnihonto.com\/wp-content\/uploads\/2024\/05\/DSC_3803-scaled.jpg?fit=1200%2C800&ssl=1&resize=350%2C200 1x, https:\/\/i0.wp.com\/www.supeinnihonto.com\/wp-content\/uploads\/2024\/05\/DSC_3803-scaled.jpg?fit=1200%2C800&ssl=1&resize=525%2C300 1.5x, https:\/\/i0.wp.com\/www.supeinnihonto.com\/wp-content\/uploads\/2024\/05\/DSC_3803-scaled.jpg?fit=1200%2C800&ssl=1&resize=700%2C400 2x, https:\/\/i0.wp.com\/www.supeinnihonto.com\/wp-content\/uploads\/2024\/05\/DSC_3803-scaled.jpg?fit=1200%2C800&ssl=1&resize=1050%2C600 3x"},"classes":[]},{"id":14475,"url":"https:\/\/www.supeinnihonto.com\/it\/prodotto\/fuchi-kashira-in-shakudo-scena-storica\/","url_meta":{"origin":13553,"position":4},"title":"Fuchi-kashira in shakud\u014d, scena storica","author":"Supein Nihonto","date":"14 de Maggio de 2024","format":false,"excerpt":"Oggetto: Scena fuchi kashira in shakudo. Shakudo nanako cesellato a rilievo e intarsiato con oro e altri metalli e leghe. Una scena storica non identificata con samurai, pini e cavallo. Firmato Soheishi Nyudo Soten sei. Periodo Edo. Fuchi: 4 x 2,4 cm Kashira: 3,4 x 1,8 cm Adatto per Katana\u2026","rel":"","context":"Articolo simile","block_context":{"text":"Articolo simile","link":""},"img":{"alt_text":"Fuchi kashira shakudo scene","src":"https:\/\/i0.wp.com\/www.supeinnihonto.com\/wp-content\/uploads\/2024\/05\/DSC_3844-scaled.jpg?fit=1200%2C800&ssl=1&resize=350%2C200","width":350,"height":200,"srcset":"https:\/\/i0.wp.com\/www.supeinnihonto.com\/wp-content\/uploads\/2024\/05\/DSC_3844-scaled.jpg?fit=1200%2C800&ssl=1&resize=350%2C200 1x, https:\/\/i0.wp.com\/www.supeinnihonto.com\/wp-content\/uploads\/2024\/05\/DSC_3844-scaled.jpg?fit=1200%2C800&ssl=1&resize=525%2C300 1.5x, https:\/\/i0.wp.com\/www.supeinnihonto.com\/wp-content\/uploads\/2024\/05\/DSC_3844-scaled.jpg?fit=1200%2C800&ssl=1&resize=700%2C400 2x, https:\/\/i0.wp.com\/www.supeinnihonto.com\/wp-content\/uploads\/2024\/05\/DSC_3844-scaled.jpg?fit=1200%2C800&ssl=1&resize=1050%2C600 3x"},"classes":[]},{"id":14463,"url":"https:\/\/www.supeinnihonto.com\/it\/prodotto\/fuchi-kashira-in-shakudo-con-scimmie\/","url_meta":{"origin":13553,"position":5},"title":"Fuchi-kashira in shakud\u014d con scimmie","author":"Supein Nihonto","date":"13 de Maggio de 2024","format":false,"excerpt":"Oggetto: Fuchi-kashira in shakud\u014d con scimmie. Nanako in shakud\u014d cesellato a rilievo e intarsiato con oro e altri metalli e leghe, raffigurante una scena storica non identificata con cacciatori e scimmie, firmato Soheishi Nyudo Soten sei. Pezzo molto dettagliato con rilievi di grande qualit\u00e0. Periodo Edo. Fuchi: 4 x 2,4\u2026","rel":"","context":"Articolo simile","block_context":{"text":"Articolo simile","link":""},"img":{"alt_text":"Fuchi kashira shakudo monkeys","src":"https:\/\/i0.wp.com\/www.supeinnihonto.com\/wp-content\/uploads\/2024\/05\/DSC_3856-scaled.jpg?fit=1200%2C800&ssl=1&resize=350%2C200","width":350,"height":200,"srcset":"https:\/\/i0.wp.com\/www.supeinnihonto.com\/wp-content\/uploads\/2024\/05\/DSC_3856-scaled.jpg?fit=1200%2C800&ssl=1&resize=350%2C200 1x, https:\/\/i0.wp.com\/www.supeinnihonto.com\/wp-content\/uploads\/2024\/05\/DSC_3856-scaled.jpg?fit=1200%2C800&ssl=1&resize=525%2C300 1.5x, https:\/\/i0.wp.com\/www.supeinnihonto.com\/wp-content\/uploads\/2024\/05\/DSC_3856-scaled.jpg?fit=1200%2C800&ssl=1&resize=700%2C400 2x, https:\/\/i0.wp.com\/www.supeinnihonto.com\/wp-content\/uploads\/2024\/05\/DSC_3856-scaled.jpg?fit=1200%2C800&ssl=1&resize=1050%2C600 3x"},"classes":[]}],"jetpack_sharing_enabled":true,"_links":{"self":[{"href":"https:\/\/www.supeinnihonto.com\/it\/wp-json\/wp\/v2\/product\/13553","targetHints":{"allow":["GET"]}}],"collection":[{"href":"https:\/\/www.supeinnihonto.com\/it\/wp-json\/wp\/v2\/product"}],"about":[{"href":"https:\/\/www.supeinnihonto.com\/it\/wp-json\/wp\/v2\/types\/product"}],"wp:featuredmedia":[{"embeddable":true,"href":"https:\/\/www.supeinnihonto.com\/it\/wp-json\/wp\/v2\/media\/13555"}],"wp:attachment":[{"href":"https:\/\/www.supeinnihonto.com\/it\/wp-json\/wp\/v2\/media?parent=13553"}],"wp:term":[{"taxonomy":"product_brand","embeddable":true,"href":"https:\/\/www.supeinnihonto.com\/it\/wp-json\/wp\/v2\/product_brand?post=13553"},{"taxonomy":"product_cat","embeddable":true,"href":"https:\/\/www.supeinnihonto.com\/it\/wp-json\/wp\/v2\/product_cat?post=13553"},{"taxonomy":"product_tag","embeddable":true,"href":"https:\/\/www.supeinnihonto.com\/it\/wp-json\/wp\/v2\/product_tag?post=13553"}],"curies":[{"name":"wp","href":"https:\/\/api.w.org\/{rel}","templated":true}]}}