{"id":13521,"date":"2024-05-30T08:31:43","date_gmt":"2024-05-30T08:31:43","guid":{"rendered":"https:\/\/www.supeinnihonto.com\/product\/kawari-kabuto-shachihoko\/"},"modified":"2025-12-23T23:06:27","modified_gmt":"2025-12-23T23:06:27","slug":"kawari-kabuto-shachihoko","status":"publish","type":"product","link":"https:\/\/www.supeinnihonto.com\/it\/prodotto\/kawari-kabuto-shachihoko\/","title":{"rendered":"Kawari Kabuto Shachihoko"},"content":{"rendered":"<p><em><strong>Chi Siamo:<\/strong><\/em><\/p>\n<p>Le nostre fotografie sono scattate senza ritocchi o photoshop per garantire che il cliente possa giudicare la realt\u00e0 dell&#8217;oggetto.<\/p>\n<p>Grazie a un lavoro costante direttamente con i migliori collezionisti, musei e gallerie in Giappone e all&#8217;amicizia con loro, insieme a un margine di profitto molto inferiore rispetto alla concorrenza europea, possiamo offrire oggetti affinch\u00e9 molte persone possano scegliere di avere pezzi autentici con centinaia di anni a prezzi pi\u00f9 che competitivi. Dopotutto, l&#8217;arte dei samurai \u00e8 la nostra passione e vogliamo condividerla con il mondo.<\/p>\n<p><em><strong>Informazioni sul Kabuto:<\/strong><\/em><\/p>\n<p><span>Periodo Edo (1615-1868), XVIII\/XIX secolo<\/span><br \/>\n<span>Splendido pezzo d&#8217;arte degno dei migliori musei del mondo. La calotta del casco in ferro costruita con <\/span><i>harikaki e legno<\/i><span>, laccata di nero per rappresentare un <\/span><i>shachihoko<\/i><span>, il mitico pesce-drago visto come tegole terminali sui tetti di castelli e templi come protezione contro il fuoco, audacemente modellato con scaglie e una coda estremamente arricciata, su entrambi i lati della testa pinne arricciate, le labbra della bocca larga laccate di rosso, una lingua laccata di rosso che si arriccia sotto il naso, gli occhi in metallo dorato, sul retro un <\/span><i>itamono Hineno jikoro<\/i><span> in ferro, laccato di nero e allacciato con <\/span><i>kebiki odoshi<\/i><span>; <\/span><i>non firmato<\/i><span>.<\/span><\/p>\n<p><span>\u00c8 stata aggiunta un&#8217;immagine di un elmo quasi identico in condizioni leggermente peggiori con un prezzo richiesto di \u00a347.750 o equivalente a 56.100 euro venduto da Bonhams, Londra 17 maggio 2018.<\/span><\/p>\n<p>Spedizione gratuita per l&#8217;Europa. Kawari Kabuto Shachihoko.<\/p>\n","protected":false},"excerpt":{"rendered":"<p>Chi Siamo: Le nostre fotografie sono scattate senza ritocchi o photoshop per garantire che il cliente possa giudicare la realt\u00e0 dell&#8217;oggetto. Grazie a un lavoro costante direttamente con i migliori collezionisti, musei e gallerie in Giappone e all&#8217;amicizia con loro, insieme a un margine di profitto molto inferiore rispetto alla [&hellip;]<\/p>\n","protected":false},"featured_media":13523,"template":"","meta":{"jetpack_post_was_ever_published":false},"product_brand":[],"product_cat":[741],"product_tag":[750,760,751],"class_list":{"0":"post-13521","1":"product","2":"type-product","3":"status-publish","4":"has-post-thumbnail","6":"product_cat-kabuto","7":"product_tag-edo","8":"product_tag-kabuto","9":"product_tag-yoroi","10":"product_shipping_class-tosogu","12":"first","13":"instock","14":"featured","15":"shipping-taxable","16":"purchasable","17":"product-type-simple"},"yoast_head":"<!-- This site is optimized with the Yoast SEO plugin v27.6 - https:\/\/yoast.com\/product\/yoast-seo-wordpress\/ -->\n<title>Kawari Kabuto Shachihoko - Supein Nihonto<\/title>\n<meta name=\"description\" content=\"Kabuto zunari decorato con corna (wakidate) in legno e lacca, con un maedate raffigurante il sole in foglia d\u2019oro. Databile tra la fine del XVI e l\u2019inizio del XVII secolo.\" \/>\n<meta name=\"robots\" content=\"index, follow, max-snippet:-1, max-image-preview:large, max-video-preview:-1\" \/>\n<link rel=\"canonical\" href=\"https:\/\/www.supeinnihonto.com\/it\/prodotto\/kawari-kabuto-shachihoko\/\" \/>\n<meta property=\"og:locale\" content=\"it_IT\" \/>\n<meta property=\"og:type\" content=\"article\" \/>\n<meta property=\"og:title\" content=\"Kawari Kabuto Shachihoko - Supein Nihonto\" \/>\n<meta property=\"og:description\" content=\"Kabuto zunari decorato con corna (wakidate) in legno e lacca, con un maedate raffigurante il sole in foglia d\u2019oro. Databile tra la fine del XVI e l\u2019inizio del XVII secolo.\" \/>\n<meta property=\"og:url\" content=\"https:\/\/www.supeinnihonto.com\/it\/prodotto\/kawari-kabuto-shachihoko\/\" \/>\n<meta property=\"og:site_name\" content=\"Supein Nihonto\" \/>\n<meta property=\"article:modified_time\" content=\"2025-12-23T23:06:27+00:00\" \/>\n<meta property=\"og:image\" content=\"https:\/\/www.supeinnihonto.com\/wp-content\/uploads\/2024\/05\/DSC_4575-scaled.jpg\" \/>\n\t<meta property=\"og:image:width\" content=\"1707\" \/>\n\t<meta property=\"og:image:height\" content=\"2560\" \/>\n\t<meta property=\"og:image:type\" content=\"image\/jpeg\" \/>\n<meta name=\"twitter:card\" content=\"summary_large_image\" \/>\n<meta name=\"twitter:label1\" content=\"Tempo di lettura stimato\" \/>\n\t<meta name=\"twitter:data1\" content=\"2 minuto\" \/>\n<script type=\"application\/ld+json\" class=\"yoast-schema-graph\">{\"@context\":\"https:\\\/\\\/schema.org\",\"@graph\":[{\"@type\":\"WebPage\",\"@id\":\"https:\\\/\\\/www.supeinnihonto.com\\\/it\\\/prodotto\\\/kawari-kabuto-shachihoko\\\/\",\"url\":\"https:\\\/\\\/www.supeinnihonto.com\\\/it\\\/prodotto\\\/kawari-kabuto-shachihoko\\\/\",\"name\":\"Kawari Kabuto Shachihoko - Supein Nihonto\",\"isPartOf\":{\"@id\":\"https:\\\/\\\/www.supeinnihonto.com\\\/it\\\/#website\"},\"primaryImageOfPage\":{\"@id\":\"https:\\\/\\\/www.supeinnihonto.com\\\/it\\\/prodotto\\\/kawari-kabuto-shachihoko\\\/#primaryimage\"},\"image\":{\"@id\":\"https:\\\/\\\/www.supeinnihonto.com\\\/it\\\/prodotto\\\/kawari-kabuto-shachihoko\\\/#primaryimage\"},\"thumbnailUrl\":\"https:\\\/\\\/i0.wp.com\\\/www.supeinnihonto.com\\\/wp-content\\\/uploads\\\/2024\\\/05\\\/DSC_4575-scaled.jpg?fit=1707%2C2560&ssl=1\",\"datePublished\":\"2024-05-30T08:31:43+00:00\",\"dateModified\":\"2025-12-23T23:06:27+00:00\",\"description\":\"Kabuto zunari decorato con corna (wakidate) in legno e lacca, con un maedate raffigurante il sole in foglia d\u2019oro. Databile tra la fine del XVI e l\u2019inizio del XVII secolo.\",\"breadcrumb\":{\"@id\":\"https:\\\/\\\/www.supeinnihonto.com\\\/it\\\/prodotto\\\/kawari-kabuto-shachihoko\\\/#breadcrumb\"},\"inLanguage\":\"it-IT\",\"potentialAction\":[{\"@type\":\"ReadAction\",\"target\":[\"https:\\\/\\\/www.supeinnihonto.com\\\/it\\\/prodotto\\\/kawari-kabuto-shachihoko\\\/\"]}]},{\"@type\":\"ImageObject\",\"inLanguage\":\"it-IT\",\"@id\":\"https:\\\/\\\/www.supeinnihonto.com\\\/it\\\/prodotto\\\/kawari-kabuto-shachihoko\\\/#primaryimage\",\"url\":\"https:\\\/\\\/i0.wp.com\\\/www.supeinnihonto.com\\\/wp-content\\\/uploads\\\/2024\\\/05\\\/DSC_4575-scaled.jpg?fit=1707%2C2560&ssl=1\",\"contentUrl\":\"https:\\\/\\\/i0.wp.com\\\/www.supeinnihonto.com\\\/wp-content\\\/uploads\\\/2024\\\/05\\\/DSC_4575-scaled.jpg?fit=1707%2C2560&ssl=1\",\"width\":1707,\"height\":2560,\"caption\":\"Kawari Kabuto Shachihoko\"},{\"@type\":\"BreadcrumbList\",\"@id\":\"https:\\\/\\\/www.supeinnihonto.com\\\/it\\\/prodotto\\\/kawari-kabuto-shachihoko\\\/#breadcrumb\",\"itemListElement\":[{\"@type\":\"ListItem\",\"position\":1,\"name\":\"Portada\",\"item\":\"https:\\\/\\\/www.supeinnihonto.com\\\/it\\\/\"},{\"@type\":\"ListItem\",\"position\":2,\"name\":\"Shop\",\"item\":\"https:\\\/\\\/www.supeinnihonto.com\\\/it\\\/shop\\\/\"},{\"@type\":\"ListItem\",\"position\":3,\"name\":\"Kawari Kabuto Shachihoko\"}]},{\"@type\":\"WebSite\",\"@id\":\"https:\\\/\\\/www.supeinnihonto.com\\\/it\\\/#website\",\"url\":\"https:\\\/\\\/www.supeinnihonto.com\\\/it\\\/\",\"name\":\"Supein Nihonto\",\"description\":\"Authentic japanese Nihonto katana \",\"publisher\":{\"@id\":\"https:\\\/\\\/www.supeinnihonto.com\\\/it\\\/#organization\"},\"potentialAction\":[{\"@type\":\"SearchAction\",\"target\":{\"@type\":\"EntryPoint\",\"urlTemplate\":\"https:\\\/\\\/www.supeinnihonto.com\\\/it\\\/?s={search_term_string}\"},\"query-input\":{\"@type\":\"PropertyValueSpecification\",\"valueRequired\":true,\"valueName\":\"search_term_string\"}}],\"inLanguage\":\"it-IT\"},{\"@type\":\"Organization\",\"@id\":\"https:\\\/\\\/www.supeinnihonto.com\\\/it\\\/#organization\",\"name\":\"SupeinNihonto\",\"url\":\"https:\\\/\\\/www.supeinnihonto.com\\\/it\\\/\",\"logo\":{\"@type\":\"ImageObject\",\"inLanguage\":\"it-IT\",\"@id\":\"https:\\\/\\\/www.supeinnihonto.com\\\/it\\\/#\\\/schema\\\/logo\\\/image\\\/\",\"url\":\"https:\\\/\\\/www.supeinnihonto.com\\\/wp-content\\\/uploads\\\/2021\\\/11\\\/animation_Default_3szk0jcenoloop.gif\",\"contentUrl\":\"https:\\\/\\\/www.supeinnihonto.com\\\/wp-content\\\/uploads\\\/2021\\\/11\\\/animation_Default_3szk0jcenoloop.gif\",\"width\":750,\"height\":641,\"caption\":\"SupeinNihonto\"},\"image\":{\"@id\":\"https:\\\/\\\/www.supeinnihonto.com\\\/it\\\/#\\\/schema\\\/logo\\\/image\\\/\"}}]}<\/script>\n<!-- \/ Yoast SEO plugin. -->","yoast_head_json":{"title":"Kawari Kabuto Shachihoko - Supein Nihonto","description":"Kabuto zunari decorato con corna (wakidate) in legno e lacca, con un maedate raffigurante il sole in foglia d\u2019oro. Databile tra la fine del XVI e l\u2019inizio del XVII secolo.","robots":{"index":"index","follow":"follow","max-snippet":"max-snippet:-1","max-image-preview":"max-image-preview:large","max-video-preview":"max-video-preview:-1"},"canonical":"https:\/\/www.supeinnihonto.com\/it\/prodotto\/kawari-kabuto-shachihoko\/","og_locale":"it_IT","og_type":"article","og_title":"Kawari Kabuto Shachihoko - Supein Nihonto","og_description":"Kabuto zunari decorato con corna (wakidate) in legno e lacca, con un maedate raffigurante il sole in foglia d\u2019oro. Databile tra la fine del XVI e l\u2019inizio del XVII secolo.","og_url":"https:\/\/www.supeinnihonto.com\/it\/prodotto\/kawari-kabuto-shachihoko\/","og_site_name":"Supein Nihonto","article_modified_time":"2025-12-23T23:06:27+00:00","og_image":[{"width":1707,"height":2560,"url":"https:\/\/www.supeinnihonto.com\/wp-content\/uploads\/2024\/05\/DSC_4575-scaled.jpg","type":"image\/jpeg"}],"twitter_card":"summary_large_image","twitter_misc":{"Tempo di lettura stimato":"2 minuto"},"schema":{"@context":"https:\/\/schema.org","@graph":[{"@type":"WebPage","@id":"https:\/\/www.supeinnihonto.com\/it\/prodotto\/kawari-kabuto-shachihoko\/","url":"https:\/\/www.supeinnihonto.com\/it\/prodotto\/kawari-kabuto-shachihoko\/","name":"Kawari Kabuto Shachihoko - Supein Nihonto","isPartOf":{"@id":"https:\/\/www.supeinnihonto.com\/it\/#website"},"primaryImageOfPage":{"@id":"https:\/\/www.supeinnihonto.com\/it\/prodotto\/kawari-kabuto-shachihoko\/#primaryimage"},"image":{"@id":"https:\/\/www.supeinnihonto.com\/it\/prodotto\/kawari-kabuto-shachihoko\/#primaryimage"},"thumbnailUrl":"https:\/\/i0.wp.com\/www.supeinnihonto.com\/wp-content\/uploads\/2024\/05\/DSC_4575-scaled.jpg?fit=1707%2C2560&ssl=1","datePublished":"2024-05-30T08:31:43+00:00","dateModified":"2025-12-23T23:06:27+00:00","description":"Kabuto zunari decorato con corna (wakidate) in legno e lacca, con un maedate raffigurante il sole in foglia d\u2019oro. Databile tra la fine del XVI e l\u2019inizio del XVII secolo.","breadcrumb":{"@id":"https:\/\/www.supeinnihonto.com\/it\/prodotto\/kawari-kabuto-shachihoko\/#breadcrumb"},"inLanguage":"it-IT","potentialAction":[{"@type":"ReadAction","target":["https:\/\/www.supeinnihonto.com\/it\/prodotto\/kawari-kabuto-shachihoko\/"]}]},{"@type":"ImageObject","inLanguage":"it-IT","@id":"https:\/\/www.supeinnihonto.com\/it\/prodotto\/kawari-kabuto-shachihoko\/#primaryimage","url":"https:\/\/i0.wp.com\/www.supeinnihonto.com\/wp-content\/uploads\/2024\/05\/DSC_4575-scaled.jpg?fit=1707%2C2560&ssl=1","contentUrl":"https:\/\/i0.wp.com\/www.supeinnihonto.com\/wp-content\/uploads\/2024\/05\/DSC_4575-scaled.jpg?fit=1707%2C2560&ssl=1","width":1707,"height":2560,"caption":"Kawari Kabuto Shachihoko"},{"@type":"BreadcrumbList","@id":"https:\/\/www.supeinnihonto.com\/it\/prodotto\/kawari-kabuto-shachihoko\/#breadcrumb","itemListElement":[{"@type":"ListItem","position":1,"name":"Portada","item":"https:\/\/www.supeinnihonto.com\/it\/"},{"@type":"ListItem","position":2,"name":"Shop","item":"https:\/\/www.supeinnihonto.com\/it\/shop\/"},{"@type":"ListItem","position":3,"name":"Kawari Kabuto Shachihoko"}]},{"@type":"WebSite","@id":"https:\/\/www.supeinnihonto.com\/it\/#website","url":"https:\/\/www.supeinnihonto.com\/it\/","name":"Supein Nihonto","description":"Authentic japanese Nihonto katana ","publisher":{"@id":"https:\/\/www.supeinnihonto.com\/it\/#organization"},"potentialAction":[{"@type":"SearchAction","target":{"@type":"EntryPoint","urlTemplate":"https:\/\/www.supeinnihonto.com\/it\/?s={search_term_string}"},"query-input":{"@type":"PropertyValueSpecification","valueRequired":true,"valueName":"search_term_string"}}],"inLanguage":"it-IT"},{"@type":"Organization","@id":"https:\/\/www.supeinnihonto.com\/it\/#organization","name":"SupeinNihonto","url":"https:\/\/www.supeinnihonto.com\/it\/","logo":{"@type":"ImageObject","inLanguage":"it-IT","@id":"https:\/\/www.supeinnihonto.com\/it\/#\/schema\/logo\/image\/","url":"https:\/\/www.supeinnihonto.com\/wp-content\/uploads\/2021\/11\/animation_Default_3szk0jcenoloop.gif","contentUrl":"https:\/\/www.supeinnihonto.com\/wp-content\/uploads\/2021\/11\/animation_Default_3szk0jcenoloop.gif","width":750,"height":641,"caption":"SupeinNihonto"},"image":{"@id":"https:\/\/www.supeinnihonto.com\/it\/#\/schema\/logo\/image\/"}}]}},"jetpack-related-posts":[{"id":39177,"url":"https:\/\/www.supeinnihonto.com\/it\/prodotto\/suji-bachi-kabuto-4\/","url_meta":{"origin":13521,"position":0},"title":"Suji Bachi Kabuto","author":"Eric Majo","date":"26 de Dicembre de 2025","format":false,"excerpt":"Chi siamo: Le nostre fotografie sono scattate senza ritocchi o photoshop per garantire che il cliente possa giudicare la realt\u00e0 dell'oggetto. Grazie a un lavoro costante direttamente con i migliori collezionisti, musei e gallerie in Giappone e all'amicizia con loro, insieme a un margine di profitto molto inferiore rispetto alla\u2026","rel":"","context":"Articolo simile","block_context":{"text":"Articolo simile","link":""},"img":{"alt_text":"Sold","src":"https:\/\/i0.wp.com\/www.supeinnihonto.com\/wp-content\/uploads\/2024\/01\/logo-sold-scaled.png?fit=1200%2C720&ssl=1&resize=350%2C200","width":350,"height":200,"srcset":"https:\/\/i0.wp.com\/www.supeinnihonto.com\/wp-content\/uploads\/2024\/01\/logo-sold-scaled.png?fit=1200%2C720&ssl=1&resize=350%2C200 1x, https:\/\/i0.wp.com\/www.supeinnihonto.com\/wp-content\/uploads\/2024\/01\/logo-sold-scaled.png?fit=1200%2C720&ssl=1&resize=525%2C300 1.5x, https:\/\/i0.wp.com\/www.supeinnihonto.com\/wp-content\/uploads\/2024\/01\/logo-sold-scaled.png?fit=1200%2C720&ssl=1&resize=700%2C400 2x, https:\/\/i0.wp.com\/www.supeinnihonto.com\/wp-content\/uploads\/2024\/01\/logo-sold-scaled.png?fit=1200%2C720&ssl=1&resize=1050%2C600 3x"},"classes":[]},{"id":11290,"url":"https:\/\/www.supeinnihonto.com\/it\/prodotto\/snake-maedate-kabuto\/","url_meta":{"origin":13521,"position":1},"title":"Snake Maedate Kabuto","author":"Eric Majo","date":"22 de Luglio de 2025","format":false,"excerpt":"About US: Le nostre fotografie sono realizzate senza ritocchi o Photoshop, per garantire che il cliente possa giudicare fedelmente la reale condizione dell\u2019oggetto. Grazie a un lavoro costante e diretto con i migliori collezionisti, musei e gallerie del Giappone, nonch\u00e9 a rapporti di amicizia con essi, uniti a un margine\u2026","rel":"","context":"Articolo simile","block_context":{"text":"Articolo simile","link":""},"img":{"alt_text":"Snake Maedate Kabuto","src":"https:\/\/i0.wp.com\/www.supeinnihonto.com\/wp-content\/uploads\/2025\/07\/DSC_9960-scaled-1.webp?fit=1200%2C966&ssl=1&resize=350%2C200","width":350,"height":200,"srcset":"https:\/\/i0.wp.com\/www.supeinnihonto.com\/wp-content\/uploads\/2025\/07\/DSC_9960-scaled-1.webp?fit=1200%2C966&ssl=1&resize=350%2C200 1x, https:\/\/i0.wp.com\/www.supeinnihonto.com\/wp-content\/uploads\/2025\/07\/DSC_9960-scaled-1.webp?fit=1200%2C966&ssl=1&resize=525%2C300 1.5x, https:\/\/i0.wp.com\/www.supeinnihonto.com\/wp-content\/uploads\/2025\/07\/DSC_9960-scaled-1.webp?fit=1200%2C966&ssl=1&resize=700%2C400 2x, https:\/\/i0.wp.com\/www.supeinnihonto.com\/wp-content\/uploads\/2025\/07\/DSC_9960-scaled-1.webp?fit=1200%2C966&ssl=1&resize=1050%2C600 3x"},"classes":[]},{"id":11247,"url":"https:\/\/www.supeinnihonto.com\/it\/prodotto\/usagi-kabuto\/","url_meta":{"origin":13521,"position":2},"title":"Usagi Kabuto","author":"Eric Majo","date":"22 de Luglio de 2025","format":false,"excerpt":"About US: Le nostre fotografie sono realizzate senza ritocchi o Photoshop, per garantire che il cliente possa valutare fedelmente la reale condizione dell\u2019oggetto. Grazie a un lavoro costante e diretto con i migliori collezionisti, musei e gallerie del Giappone, e a rapporti di amicizia con essi, uniti a un margine\u2026","rel":"","context":"Articolo simile","block_context":{"text":"Articolo simile","link":""},"img":{"alt_text":"","src":"https:\/\/i0.wp.com\/www.supeinnihonto.com\/wp-content\/uploads\/2025\/07\/DSC_9977-scaled-1.webp?fit=1200%2C1103&ssl=1&resize=350%2C200","width":350,"height":200,"srcset":"https:\/\/i0.wp.com\/www.supeinnihonto.com\/wp-content\/uploads\/2025\/07\/DSC_9977-scaled-1.webp?fit=1200%2C1103&ssl=1&resize=350%2C200 1x, https:\/\/i0.wp.com\/www.supeinnihonto.com\/wp-content\/uploads\/2025\/07\/DSC_9977-scaled-1.webp?fit=1200%2C1103&ssl=1&resize=525%2C300 1.5x, https:\/\/i0.wp.com\/www.supeinnihonto.com\/wp-content\/uploads\/2025\/07\/DSC_9977-scaled-1.webp?fit=1200%2C1103&ssl=1&resize=700%2C400 2x, https:\/\/i0.wp.com\/www.supeinnihonto.com\/wp-content\/uploads\/2025\/07\/DSC_9977-scaled-1.webp?fit=1200%2C1103&ssl=1&resize=1050%2C600 3x"},"classes":[]},{"id":10970,"url":"https:\/\/www.supeinnihonto.com\/it\/prodotto\/tengu-kawari-kabuto\/","url_meta":{"origin":13521,"position":3},"title":"Tengu Kawari Kabuto","author":"Eric Majo","date":"29 de Novembre de 2025","format":false,"excerpt":"Chi siamo: Le nostre fotografie sono scattate senza ritocchi o photoshop per garantire che il cliente possa giudicare la realt\u00e0 dell'oggetto. Grazie a un lavoro costante direttamente con i migliori collezionisti, musei e gallerie in Giappone e all'amicizia con loro, insieme a un margine di profitto molto inferiore rispetto alla\u2026","rel":"","context":"Articolo simile","block_context":{"text":"Articolo simile","link":""},"img":{"alt_text":"Tengu kabuto for sale","src":"https:\/\/i0.wp.com\/www.supeinnihonto.com\/wp-content\/uploads\/2025\/11\/DSC_4003-scaled.jpg?fit=1200%2C959&ssl=1&resize=350%2C200","width":350,"height":200,"srcset":"https:\/\/i0.wp.com\/www.supeinnihonto.com\/wp-content\/uploads\/2025\/11\/DSC_4003-scaled.jpg?fit=1200%2C959&ssl=1&resize=350%2C200 1x, https:\/\/i0.wp.com\/www.supeinnihonto.com\/wp-content\/uploads\/2025\/11\/DSC_4003-scaled.jpg?fit=1200%2C959&ssl=1&resize=525%2C300 1.5x, https:\/\/i0.wp.com\/www.supeinnihonto.com\/wp-content\/uploads\/2025\/11\/DSC_4003-scaled.jpg?fit=1200%2C959&ssl=1&resize=700%2C400 2x, https:\/\/i0.wp.com\/www.supeinnihonto.com\/wp-content\/uploads\/2025\/11\/DSC_4003-scaled.jpg?fit=1200%2C959&ssl=1&resize=1050%2C600 3x"},"classes":[]},{"id":10993,"url":"https:\/\/www.supeinnihonto.com\/it\/prodotto\/kawari-kabuto\/","url_meta":{"origin":13521,"position":4},"title":"Kawari Kabuto","author":"Eric Majo","date":"25 de Novembre de 2025","format":false,"excerpt":"Chi siamo: Le nostre fotografie sono scattate senza ritocchi o photoshop per garantire che il cliente possa giudicare la realt\u00e0 dell'oggetto. Grazie a un lavoro costante direttamente con i migliori collezionisti, musei e gallerie in Giappone e all'amicizia con loro, insieme a un margine di profitto molto inferiore rispetto alla\u2026","rel":"","context":"Articolo simile","block_context":{"text":"Articolo simile","link":""},"img":{"alt_text":"Kabuto for sale","src":"https:\/\/i0.wp.com\/www.supeinnihonto.com\/wp-content\/uploads\/2025\/11\/DSC_3872-scaled.jpg?fit=975%2C1200&ssl=1&resize=350%2C200","width":350,"height":200,"srcset":"https:\/\/i0.wp.com\/www.supeinnihonto.com\/wp-content\/uploads\/2025\/11\/DSC_3872-scaled.jpg?fit=975%2C1200&ssl=1&resize=350%2C200 1x, https:\/\/i0.wp.com\/www.supeinnihonto.com\/wp-content\/uploads\/2025\/11\/DSC_3872-scaled.jpg?fit=975%2C1200&ssl=1&resize=525%2C300 1.5x, https:\/\/i0.wp.com\/www.supeinnihonto.com\/wp-content\/uploads\/2025\/11\/DSC_3872-scaled.jpg?fit=975%2C1200&ssl=1&resize=700%2C400 2x"},"classes":[]},{"id":12346,"url":"https:\/\/www.supeinnihonto.com\/it\/prodotto\/marugata-shakudo-samurai\/","url_meta":{"origin":13521,"position":5},"title":"Marugata shakudo tsuba samurai","author":"Eric Majo","date":"12 de Novembre de 2024","format":false,"excerpt":"ARTICOLO: Fornito con certificato di Supein Nihonto. Include scatola in legno. Firmato \u201cNara Naoyoshi\u201d, tsuba marugata in shakud\u014d k\u0101\u014d (lega di oro e rame). Un pezzo di qualit\u00e0 insuperabile, degno dei migliori musei del mondo. \u00c8 facile apprezzare l\u2019eccezionale livello di dettaglio e incisione di questa magnifica opera che raffigura\u2026","rel":"","context":"Articolo simile","block_context":{"text":"Articolo simile","link":""},"img":{"alt_text":"Marugata shakudo tsuba samurai","src":"https:\/\/i0.wp.com\/www.supeinnihonto.com\/wp-content\/uploads\/2024\/11\/DSC1956-scaled.jpg?fit=1200%2C800&ssl=1&resize=350%2C200","width":350,"height":200,"srcset":"https:\/\/i0.wp.com\/www.supeinnihonto.com\/wp-content\/uploads\/2024\/11\/DSC1956-scaled.jpg?fit=1200%2C800&ssl=1&resize=350%2C200 1x, https:\/\/i0.wp.com\/www.supeinnihonto.com\/wp-content\/uploads\/2024\/11\/DSC1956-scaled.jpg?fit=1200%2C800&ssl=1&resize=525%2C300 1.5x, https:\/\/i0.wp.com\/www.supeinnihonto.com\/wp-content\/uploads\/2024\/11\/DSC1956-scaled.jpg?fit=1200%2C800&ssl=1&resize=700%2C400 2x, https:\/\/i0.wp.com\/www.supeinnihonto.com\/wp-content\/uploads\/2024\/11\/DSC1956-scaled.jpg?fit=1200%2C800&ssl=1&resize=1050%2C600 3x"},"classes":[]}],"jetpack_sharing_enabled":true,"_links":{"self":[{"href":"https:\/\/www.supeinnihonto.com\/it\/wp-json\/wp\/v2\/product\/13521","targetHints":{"allow":["GET"]}}],"collection":[{"href":"https:\/\/www.supeinnihonto.com\/it\/wp-json\/wp\/v2\/product"}],"about":[{"href":"https:\/\/www.supeinnihonto.com\/it\/wp-json\/wp\/v2\/types\/product"}],"wp:featuredmedia":[{"embeddable":true,"href":"https:\/\/www.supeinnihonto.com\/it\/wp-json\/wp\/v2\/media\/13523"}],"wp:attachment":[{"href":"https:\/\/www.supeinnihonto.com\/it\/wp-json\/wp\/v2\/media?parent=13521"}],"wp:term":[{"taxonomy":"product_brand","embeddable":true,"href":"https:\/\/www.supeinnihonto.com\/it\/wp-json\/wp\/v2\/product_brand?post=13521"},{"taxonomy":"product_cat","embeddable":true,"href":"https:\/\/www.supeinnihonto.com\/it\/wp-json\/wp\/v2\/product_cat?post=13521"},{"taxonomy":"product_tag","embeddable":true,"href":"https:\/\/www.supeinnihonto.com\/it\/wp-json\/wp\/v2\/product_tag?post=13521"}],"curies":[{"name":"wp","href":"https:\/\/api.w.org\/{rel}","templated":true}]}}