{"id":13296,"date":"2024-05-28T10:53:54","date_gmt":"2024-05-28T10:53:54","guid":{"rendered":"https:\/\/www.supeinnihonto.com\/product\/netsuke-ebisu-and-boy-ivory\/"},"modified":"2025-12-26T12:02:38","modified_gmt":"2025-12-26T12:02:38","slug":"netsuke-ebisu-e-bambino-in-avorio","status":"publish","type":"product","link":"https:\/\/www.supeinnihonto.com\/it\/prodotto\/netsuke-ebisu-e-bambino-in-avorio\/","title":{"rendered":"Netsuke Ebisu e bambino in avorio"},"content":{"rendered":"<p data-start=\"1330\" data-end=\"1350\">Spedizione gratuita.<\/p>\n<p data-start=\"1352\" data-end=\"1603\">Bel netsuke raffigurante Ebisu, uno dei sette d\u00e8i della fortuna, con un pesce in mano e un bambino. Buona qualit\u00e0 d\u2019intaglio e splendida patina. Firmato alla base. Periodo Meiji, inizio XIX secolo. Fornito con certificato di perizia e documento CITES.<\/p>\n<p data-start=\"1605\" data-end=\"1617\">3 x 3 x 2 cm<\/p>\n","protected":false},"excerpt":{"rendered":"<p>Spedizione gratuita. Bel netsuke raffigurante Ebisu, uno dei sette d\u00e8i della fortuna, con un pesce in mano e un bambino. Buona qualit\u00e0 d\u2019intaglio e splendida patina. Firmato alla base. Periodo Meiji, inizio XIX secolo. Fornito con certificato di perizia e documento CITES. 3 x 3 x 2 cm<\/p>\n","protected":false},"featured_media":13298,"template":"","meta":{"jetpack_post_was_ever_published":false},"product_brand":[],"product_cat":[740],"product_tag":[792,800,797],"class_list":{"0":"post-13296","1":"product","2":"type-product","3":"status-publish","4":"has-post-thumbnail","6":"product_cat-netsuke","7":"product_tag-ivory","8":"product_tag-netsuke","9":"product_tag-okimono","10":"product_shipping_class-tosogu","12":"first","13":"instock","14":"featured","15":"sold-individually","16":"shipping-taxable","17":"purchasable","18":"product-type-simple"},"yoast_head":"<!-- This site is optimized with the Yoast SEO plugin v27.4 - https:\/\/yoast.com\/product\/yoast-seo-wordpress\/ -->\n<title>Netsuke Ebisu e bambino in avorio - Supein Nihonto<\/title>\n<meta name=\"description\" content=\"Bel netsuke raffigurante Ebisu, uno dei sette d\u00e8i della fortuna, con un pesce e un bambino. Buon intaglio, splendida patina. Firmato. Periodo Meiji, inizio XIX secolo. Include certificato di perizia e CITES.\" \/>\n<meta name=\"robots\" content=\"index, follow, max-snippet:-1, max-image-preview:large, max-video-preview:-1\" \/>\n<link rel=\"canonical\" href=\"https:\/\/www.supeinnihonto.com\/it\/prodotto\/netsuke-ebisu-e-bambino-in-avorio\/\" \/>\n<meta property=\"og:locale\" content=\"it_IT\" \/>\n<meta property=\"og:type\" content=\"article\" \/>\n<meta property=\"og:title\" content=\"Netsuke Ebisu e bambino in avorio - Supein Nihonto\" \/>\n<meta property=\"og:description\" content=\"Bel netsuke raffigurante Ebisu, uno dei sette d\u00e8i della fortuna, con un pesce e un bambino. Buon intaglio, splendida patina. Firmato. Periodo Meiji, inizio XIX secolo. Include certificato di perizia e CITES.\" \/>\n<meta property=\"og:url\" content=\"https:\/\/www.supeinnihonto.com\/it\/prodotto\/netsuke-ebisu-e-bambino-in-avorio\/\" \/>\n<meta property=\"og:site_name\" content=\"Supein Nihonto\" \/>\n<meta property=\"article:modified_time\" content=\"2025-12-26T12:02:38+00:00\" \/>\n<meta property=\"og:image\" content=\"https:\/\/www.supeinnihonto.com\/wp-content\/uploads\/2024\/05\/DSC_4041-scaled.jpg\" \/>\n\t<meta property=\"og:image:width\" content=\"2560\" \/>\n\t<meta property=\"og:image:height\" content=\"1707\" \/>\n\t<meta property=\"og:image:type\" content=\"image\/jpeg\" \/>\n<meta name=\"twitter:card\" content=\"summary_large_image\" \/>\n<meta name=\"twitter:label1\" content=\"Tempo di lettura stimato\" \/>\n\t<meta name=\"twitter:data1\" content=\"1 minuto\" \/>\n<script type=\"application\/ld+json\" class=\"yoast-schema-graph\">{\"@context\":\"https:\\\/\\\/schema.org\",\"@graph\":[{\"@type\":\"WebPage\",\"@id\":\"https:\\\/\\\/www.supeinnihonto.com\\\/it\\\/prodotto\\\/netsuke-ebisu-e-bambino-in-avorio\\\/\",\"url\":\"https:\\\/\\\/www.supeinnihonto.com\\\/it\\\/prodotto\\\/netsuke-ebisu-e-bambino-in-avorio\\\/\",\"name\":\"Netsuke Ebisu e bambino in avorio - Supein Nihonto\",\"isPartOf\":{\"@id\":\"https:\\\/\\\/www.supeinnihonto.com\\\/it\\\/#website\"},\"primaryImageOfPage\":{\"@id\":\"https:\\\/\\\/www.supeinnihonto.com\\\/it\\\/prodotto\\\/netsuke-ebisu-e-bambino-in-avorio\\\/#primaryimage\"},\"image\":{\"@id\":\"https:\\\/\\\/www.supeinnihonto.com\\\/it\\\/prodotto\\\/netsuke-ebisu-e-bambino-in-avorio\\\/#primaryimage\"},\"thumbnailUrl\":\"https:\\\/\\\/i0.wp.com\\\/www.supeinnihonto.com\\\/wp-content\\\/uploads\\\/2024\\\/05\\\/DSC_4041-scaled.jpg?fit=2560%2C1707&ssl=1\",\"datePublished\":\"2024-05-28T10:53:54+00:00\",\"dateModified\":\"2025-12-26T12:02:38+00:00\",\"description\":\"Bel netsuke raffigurante Ebisu, uno dei sette d\u00e8i della fortuna, con un pesce e un bambino. Buon intaglio, splendida patina. Firmato. Periodo Meiji, inizio XIX secolo. Include certificato di perizia e CITES.\",\"breadcrumb\":{\"@id\":\"https:\\\/\\\/www.supeinnihonto.com\\\/it\\\/prodotto\\\/netsuke-ebisu-e-bambino-in-avorio\\\/#breadcrumb\"},\"inLanguage\":\"it-IT\",\"potentialAction\":[{\"@type\":\"ReadAction\",\"target\":[\"https:\\\/\\\/www.supeinnihonto.com\\\/it\\\/prodotto\\\/netsuke-ebisu-e-bambino-in-avorio\\\/\"]}]},{\"@type\":\"ImageObject\",\"inLanguage\":\"it-IT\",\"@id\":\"https:\\\/\\\/www.supeinnihonto.com\\\/it\\\/prodotto\\\/netsuke-ebisu-e-bambino-in-avorio\\\/#primaryimage\",\"url\":\"https:\\\/\\\/i0.wp.com\\\/www.supeinnihonto.com\\\/wp-content\\\/uploads\\\/2024\\\/05\\\/DSC_4041-scaled.jpg?fit=2560%2C1707&ssl=1\",\"contentUrl\":\"https:\\\/\\\/i0.wp.com\\\/www.supeinnihonto.com\\\/wp-content\\\/uploads\\\/2024\\\/05\\\/DSC_4041-scaled.jpg?fit=2560%2C1707&ssl=1\",\"width\":2560,\"height\":1707,\"caption\":\"Netsuke Hotei and boy ivory\"},{\"@type\":\"BreadcrumbList\",\"@id\":\"https:\\\/\\\/www.supeinnihonto.com\\\/it\\\/prodotto\\\/netsuke-ebisu-e-bambino-in-avorio\\\/#breadcrumb\",\"itemListElement\":[{\"@type\":\"ListItem\",\"position\":1,\"name\":\"Portada\",\"item\":\"https:\\\/\\\/www.supeinnihonto.com\\\/it\\\/\"},{\"@type\":\"ListItem\",\"position\":2,\"name\":\"Shop\",\"item\":\"https:\\\/\\\/www.supeinnihonto.com\\\/it\\\/shop\\\/\"},{\"@type\":\"ListItem\",\"position\":3,\"name\":\"Netsuke Ebisu e bambino in avorio\"}]},{\"@type\":\"WebSite\",\"@id\":\"https:\\\/\\\/www.supeinnihonto.com\\\/it\\\/#website\",\"url\":\"https:\\\/\\\/www.supeinnihonto.com\\\/it\\\/\",\"name\":\"Supein Nihonto\",\"description\":\"Authentic japanese Nihonto katana \",\"publisher\":{\"@id\":\"https:\\\/\\\/www.supeinnihonto.com\\\/it\\\/#organization\"},\"potentialAction\":[{\"@type\":\"SearchAction\",\"target\":{\"@type\":\"EntryPoint\",\"urlTemplate\":\"https:\\\/\\\/www.supeinnihonto.com\\\/it\\\/?s={search_term_string}\"},\"query-input\":{\"@type\":\"PropertyValueSpecification\",\"valueRequired\":true,\"valueName\":\"search_term_string\"}}],\"inLanguage\":\"it-IT\"},{\"@type\":\"Organization\",\"@id\":\"https:\\\/\\\/www.supeinnihonto.com\\\/it\\\/#organization\",\"name\":\"SupeinNihonto\",\"url\":\"https:\\\/\\\/www.supeinnihonto.com\\\/it\\\/\",\"logo\":{\"@type\":\"ImageObject\",\"inLanguage\":\"it-IT\",\"@id\":\"https:\\\/\\\/www.supeinnihonto.com\\\/it\\\/#\\\/schema\\\/logo\\\/image\\\/\",\"url\":\"https:\\\/\\\/www.supeinnihonto.com\\\/wp-content\\\/uploads\\\/2021\\\/11\\\/animation_Default_3szk0jcenoloop.gif\",\"contentUrl\":\"https:\\\/\\\/www.supeinnihonto.com\\\/wp-content\\\/uploads\\\/2021\\\/11\\\/animation_Default_3szk0jcenoloop.gif\",\"width\":750,\"height\":641,\"caption\":\"SupeinNihonto\"},\"image\":{\"@id\":\"https:\\\/\\\/www.supeinnihonto.com\\\/it\\\/#\\\/schema\\\/logo\\\/image\\\/\"}}]}<\/script>\n<!-- \/ Yoast SEO plugin. -->","yoast_head_json":{"title":"Netsuke Ebisu e bambino in avorio - Supein Nihonto","description":"Bel netsuke raffigurante Ebisu, uno dei sette d\u00e8i della fortuna, con un pesce e un bambino. Buon intaglio, splendida patina. Firmato. Periodo Meiji, inizio XIX secolo. Include certificato di perizia e CITES.","robots":{"index":"index","follow":"follow","max-snippet":"max-snippet:-1","max-image-preview":"max-image-preview:large","max-video-preview":"max-video-preview:-1"},"canonical":"https:\/\/www.supeinnihonto.com\/it\/prodotto\/netsuke-ebisu-e-bambino-in-avorio\/","og_locale":"it_IT","og_type":"article","og_title":"Netsuke Ebisu e bambino in avorio - Supein Nihonto","og_description":"Bel netsuke raffigurante Ebisu, uno dei sette d\u00e8i della fortuna, con un pesce e un bambino. Buon intaglio, splendida patina. Firmato. Periodo Meiji, inizio XIX secolo. Include certificato di perizia e CITES.","og_url":"https:\/\/www.supeinnihonto.com\/it\/prodotto\/netsuke-ebisu-e-bambino-in-avorio\/","og_site_name":"Supein Nihonto","article_modified_time":"2025-12-26T12:02:38+00:00","og_image":[{"width":2560,"height":1707,"url":"https:\/\/www.supeinnihonto.com\/wp-content\/uploads\/2024\/05\/DSC_4041-scaled.jpg","type":"image\/jpeg"}],"twitter_card":"summary_large_image","twitter_misc":{"Tempo di lettura stimato":"1 minuto"},"schema":{"@context":"https:\/\/schema.org","@graph":[{"@type":"WebPage","@id":"https:\/\/www.supeinnihonto.com\/it\/prodotto\/netsuke-ebisu-e-bambino-in-avorio\/","url":"https:\/\/www.supeinnihonto.com\/it\/prodotto\/netsuke-ebisu-e-bambino-in-avorio\/","name":"Netsuke Ebisu e bambino in avorio - Supein Nihonto","isPartOf":{"@id":"https:\/\/www.supeinnihonto.com\/it\/#website"},"primaryImageOfPage":{"@id":"https:\/\/www.supeinnihonto.com\/it\/prodotto\/netsuke-ebisu-e-bambino-in-avorio\/#primaryimage"},"image":{"@id":"https:\/\/www.supeinnihonto.com\/it\/prodotto\/netsuke-ebisu-e-bambino-in-avorio\/#primaryimage"},"thumbnailUrl":"https:\/\/i0.wp.com\/www.supeinnihonto.com\/wp-content\/uploads\/2024\/05\/DSC_4041-scaled.jpg?fit=2560%2C1707&ssl=1","datePublished":"2024-05-28T10:53:54+00:00","dateModified":"2025-12-26T12:02:38+00:00","description":"Bel netsuke raffigurante Ebisu, uno dei sette d\u00e8i della fortuna, con un pesce e un bambino. Buon intaglio, splendida patina. Firmato. Periodo Meiji, inizio XIX secolo. Include certificato di perizia e CITES.","breadcrumb":{"@id":"https:\/\/www.supeinnihonto.com\/it\/prodotto\/netsuke-ebisu-e-bambino-in-avorio\/#breadcrumb"},"inLanguage":"it-IT","potentialAction":[{"@type":"ReadAction","target":["https:\/\/www.supeinnihonto.com\/it\/prodotto\/netsuke-ebisu-e-bambino-in-avorio\/"]}]},{"@type":"ImageObject","inLanguage":"it-IT","@id":"https:\/\/www.supeinnihonto.com\/it\/prodotto\/netsuke-ebisu-e-bambino-in-avorio\/#primaryimage","url":"https:\/\/i0.wp.com\/www.supeinnihonto.com\/wp-content\/uploads\/2024\/05\/DSC_4041-scaled.jpg?fit=2560%2C1707&ssl=1","contentUrl":"https:\/\/i0.wp.com\/www.supeinnihonto.com\/wp-content\/uploads\/2024\/05\/DSC_4041-scaled.jpg?fit=2560%2C1707&ssl=1","width":2560,"height":1707,"caption":"Netsuke Hotei and boy ivory"},{"@type":"BreadcrumbList","@id":"https:\/\/www.supeinnihonto.com\/it\/prodotto\/netsuke-ebisu-e-bambino-in-avorio\/#breadcrumb","itemListElement":[{"@type":"ListItem","position":1,"name":"Portada","item":"https:\/\/www.supeinnihonto.com\/it\/"},{"@type":"ListItem","position":2,"name":"Shop","item":"https:\/\/www.supeinnihonto.com\/it\/shop\/"},{"@type":"ListItem","position":3,"name":"Netsuke Ebisu e bambino in avorio"}]},{"@type":"WebSite","@id":"https:\/\/www.supeinnihonto.com\/it\/#website","url":"https:\/\/www.supeinnihonto.com\/it\/","name":"Supein Nihonto","description":"Authentic japanese Nihonto katana ","publisher":{"@id":"https:\/\/www.supeinnihonto.com\/it\/#organization"},"potentialAction":[{"@type":"SearchAction","target":{"@type":"EntryPoint","urlTemplate":"https:\/\/www.supeinnihonto.com\/it\/?s={search_term_string}"},"query-input":{"@type":"PropertyValueSpecification","valueRequired":true,"valueName":"search_term_string"}}],"inLanguage":"it-IT"},{"@type":"Organization","@id":"https:\/\/www.supeinnihonto.com\/it\/#organization","name":"SupeinNihonto","url":"https:\/\/www.supeinnihonto.com\/it\/","logo":{"@type":"ImageObject","inLanguage":"it-IT","@id":"https:\/\/www.supeinnihonto.com\/it\/#\/schema\/logo\/image\/","url":"https:\/\/www.supeinnihonto.com\/wp-content\/uploads\/2021\/11\/animation_Default_3szk0jcenoloop.gif","contentUrl":"https:\/\/www.supeinnihonto.com\/wp-content\/uploads\/2021\/11\/animation_Default_3szk0jcenoloop.gif","width":750,"height":641,"caption":"SupeinNihonto"},"image":{"@id":"https:\/\/www.supeinnihonto.com\/it\/#\/schema\/logo\/image\/"}}]}},"jetpack-related-posts":[{"id":13290,"url":"https:\/\/www.supeinnihonto.com\/fr\/produit\/netsuke-ebisu-et-enfant-en-ivoire\/","url_meta":{"origin":13296,"position":0},"title":"Netsuke Ebisu et enfant en ivoire","author":"Supein Nihonto","date":"28 de Maggio de 2024","format":false,"excerpt":"Livraison gratuite. Beau netsuke repr\u00e9sentant Ebisu, l\u2019un des sept dieux de la fortune, tenant un poisson et accompagn\u00e9 d\u2019un enfant. Belle sculpture et superbe patine. Sign\u00e9 \u00e0 la base. P\u00e9riode Meiji, d\u00e9but du XIXe si\u00e8cle. Livr\u00e9 avec certificat d\u2019expertise et document CITES. 3 x 3 x 2 cm","rel":"","context":"Articolo simile","block_context":{"text":"Articolo simile","link":""},"img":{"alt_text":"Netsuke Hotei and boy ivory","src":"https:\/\/i0.wp.com\/www.supeinnihonto.com\/wp-content\/uploads\/2024\/05\/DSC_4041-scaled.jpg?fit=1200%2C800&ssl=1&resize=350%2C200","width":350,"height":200,"srcset":"https:\/\/i0.wp.com\/www.supeinnihonto.com\/wp-content\/uploads\/2024\/05\/DSC_4041-scaled.jpg?fit=1200%2C800&ssl=1&resize=350%2C200 1x, https:\/\/i0.wp.com\/www.supeinnihonto.com\/wp-content\/uploads\/2024\/05\/DSC_4041-scaled.jpg?fit=1200%2C800&ssl=1&resize=525%2C300 1.5x, https:\/\/i0.wp.com\/www.supeinnihonto.com\/wp-content\/uploads\/2024\/05\/DSC_4041-scaled.jpg?fit=1200%2C800&ssl=1&resize=700%2C400 2x, https:\/\/i0.wp.com\/www.supeinnihonto.com\/wp-content\/uploads\/2024\/05\/DSC_4041-scaled.jpg?fit=1200%2C800&ssl=1&resize=1050%2C600 3x"},"classes":[]},{"id":3498,"url":"https:\/\/www.supeinnihonto.com\/prodotto\/netsuke-ebisu-and-boy-ivory\/","url_meta":{"origin":13296,"position":1},"title":"Netsuke Ebisu and boy ivory","author":"Supein Nihonto","date":"28 de Maggio de 2024","format":false,"excerpt":"Free shipping. Nice netsuke of Ebisu, one of the seven gods of fortune with a fish in his hand and a child. Good carving and great patina. Signed in the base. Meiji\u00a0period early 19th century. Comes with certificate of appraisal and CITES document. 3 x 3 x 2 cm","rel":"","context":"Articolo simile","block_context":{"text":"Articolo simile","link":""},"img":{"alt_text":"Netsuke Hotei and boy ivory","src":"https:\/\/i0.wp.com\/www.supeinnihonto.com\/wp-content\/uploads\/2024\/05\/DSC_4041-scaled.jpg?fit=1200%2C800&ssl=1&resize=350%2C200","width":350,"height":200,"srcset":"https:\/\/i0.wp.com\/www.supeinnihonto.com\/wp-content\/uploads\/2024\/05\/DSC_4041-scaled.jpg?fit=1200%2C800&ssl=1&resize=350%2C200 1x, https:\/\/i0.wp.com\/www.supeinnihonto.com\/wp-content\/uploads\/2024\/05\/DSC_4041-scaled.jpg?fit=1200%2C800&ssl=1&resize=525%2C300 1.5x, https:\/\/i0.wp.com\/www.supeinnihonto.com\/wp-content\/uploads\/2024\/05\/DSC_4041-scaled.jpg?fit=1200%2C800&ssl=1&resize=700%2C400 2x, https:\/\/i0.wp.com\/www.supeinnihonto.com\/wp-content\/uploads\/2024\/05\/DSC_4041-scaled.jpg?fit=1200%2C800&ssl=1&resize=1050%2C600 3x"},"classes":[]},{"id":13293,"url":"https:\/\/www.supeinnihonto.com\/de\/produkt\/netsuke-ebisu-and-boy-ivory\/","url_meta":{"origin":13296,"position":2},"title":"Netsuke Ebisu mit Kind aus Elfenbein","author":"Supein Nihonto","date":"28 de Maggio de 2024","format":false,"excerpt":"Kostenloser Versand. Sch\u00f6nes Netsuke mit Darstellung von Ebisu, einem der sieben Gl\u00fccksg\u00f6tter, mit einem Fisch in der Hand und einem Kind. Gute Schnitzarbeit und sch\u00f6ne Patina. Am Sockel signiert. Meiji-Zeit, fr\u00fches 19. Jahrhundert. Wird mit Gutachten und CITES-Dokument geliefert. 3 x 3 x 2 cm","rel":"","context":"Articolo simile","block_context":{"text":"Articolo simile","link":""},"img":{"alt_text":"Netsuke Hotei and boy ivory","src":"https:\/\/i0.wp.com\/www.supeinnihonto.com\/wp-content\/uploads\/2024\/05\/DSC_4041-scaled.jpg?fit=1200%2C800&ssl=1&resize=350%2C200","width":350,"height":200,"srcset":"https:\/\/i0.wp.com\/www.supeinnihonto.com\/wp-content\/uploads\/2024\/05\/DSC_4041-scaled.jpg?fit=1200%2C800&ssl=1&resize=350%2C200 1x, https:\/\/i0.wp.com\/www.supeinnihonto.com\/wp-content\/uploads\/2024\/05\/DSC_4041-scaled.jpg?fit=1200%2C800&ssl=1&resize=525%2C300 1.5x, https:\/\/i0.wp.com\/www.supeinnihonto.com\/wp-content\/uploads\/2024\/05\/DSC_4041-scaled.jpg?fit=1200%2C800&ssl=1&resize=700%2C400 2x, https:\/\/i0.wp.com\/www.supeinnihonto.com\/wp-content\/uploads\/2024\/05\/DSC_4041-scaled.jpg?fit=1200%2C800&ssl=1&resize=1050%2C600 3x"},"classes":[]},{"id":13287,"url":"https:\/\/www.supeinnihonto.com\/nl\/product\/netsuke-ebisu-en-kind-van-ivoor\/","url_meta":{"origin":13296,"position":3},"title":"Netsuke Ebisu en kind van ivoor","author":"Supein Nihonto","date":"28 de Maggio de 2024","format":false,"excerpt":"Gratis verzending. Mooie netsuke van Ebisu, een van de zeven geluksgoden, met een vis in de hand en een kind. Goede snijkunst en prachtige patina. Aan de onderzijde gesigneerd. Meiji-periode, begin 19e eeuw. Wordt geleverd met taxatiecertificaat en CITES-document. 3 x 3 x 2 cm","rel":"","context":"Articolo simile","block_context":{"text":"Articolo simile","link":""},"img":{"alt_text":"Netsuke Hotei and boy ivory","src":"https:\/\/i0.wp.com\/www.supeinnihonto.com\/wp-content\/uploads\/2024\/05\/DSC_4041-scaled.jpg?fit=1200%2C800&ssl=1&resize=350%2C200","width":350,"height":200,"srcset":"https:\/\/i0.wp.com\/www.supeinnihonto.com\/wp-content\/uploads\/2024\/05\/DSC_4041-scaled.jpg?fit=1200%2C800&ssl=1&resize=350%2C200 1x, https:\/\/i0.wp.com\/www.supeinnihonto.com\/wp-content\/uploads\/2024\/05\/DSC_4041-scaled.jpg?fit=1200%2C800&ssl=1&resize=525%2C300 1.5x, https:\/\/i0.wp.com\/www.supeinnihonto.com\/wp-content\/uploads\/2024\/05\/DSC_4041-scaled.jpg?fit=1200%2C800&ssl=1&resize=700%2C400 2x, https:\/\/i0.wp.com\/www.supeinnihonto.com\/wp-content\/uploads\/2024\/05\/DSC_4041-scaled.jpg?fit=1200%2C800&ssl=1&resize=1050%2C600 3x"},"classes":[]},{"id":14263,"url":"https:\/\/www.supeinnihonto.com\/it\/prodotto\/netsuke-shishi-ii-in-legno\/","url_meta":{"origin":13296,"position":4},"title":"Netsuke Shishi II in legno","author":"Supein Nihonto","date":"27 de Maggio de 2024","format":false,"excerpt":"Spedizione gratuita. Netsuke shishi II in legno. Bel cane shishi in legno del periodo Edo. Lo shishi \u00e8 un animale mitologico simile a un incrocio tra un cane e un leone, simbolo di protezione, solitamente raffigurato all\u2019ingresso dei templi. Bella patina e himotoshi. Firmato. 5,2 x 4,4 x 2,5 cm","rel":"","context":"Articolo simile","block_context":{"text":"Articolo simile","link":""},"img":{"alt_text":"Netsuke Shishi wood II","src":"https:\/\/i0.wp.com\/www.supeinnihonto.com\/wp-content\/uploads\/2024\/05\/DSC_3925-scaled.jpg?fit=1200%2C800&ssl=1&resize=350%2C200","width":350,"height":200,"srcset":"https:\/\/i0.wp.com\/www.supeinnihonto.com\/wp-content\/uploads\/2024\/05\/DSC_3925-scaled.jpg?fit=1200%2C800&ssl=1&resize=350%2C200 1x, https:\/\/i0.wp.com\/www.supeinnihonto.com\/wp-content\/uploads\/2024\/05\/DSC_3925-scaled.jpg?fit=1200%2C800&ssl=1&resize=525%2C300 1.5x, https:\/\/i0.wp.com\/www.supeinnihonto.com\/wp-content\/uploads\/2024\/05\/DSC_3925-scaled.jpg?fit=1200%2C800&ssl=1&resize=700%2C400 2x, https:\/\/i0.wp.com\/www.supeinnihonto.com\/wp-content\/uploads\/2024\/05\/DSC_3925-scaled.jpg?fit=1200%2C800&ssl=1&resize=1050%2C600 3x"},"classes":[]},{"id":14130,"url":"https:\/\/www.supeinnihonto.com\/it\/prodotto\/netsuke-shishi-in-avorio\/","url_meta":{"origin":13296,"position":5},"title":"Netsuke Shishi in avorio","author":"Supein Nihonto","date":"28 de Maggio de 2024","format":false,"excerpt":"Spedizione gratuita. Splendido netsuke raffigurante uno shishi su una roccia in una posizione al tempo stesso fiera e giocosa. Pezzo magnifico con un intaglio di grande qualit\u00e0. Da notare il lavoro dei peli e dei ricci della coda e della criniera. Presenta una sfera in legno a simulare la lingua.\u2026","rel":"","context":"Articolo simile","block_context":{"text":"Articolo simile","link":""},"img":{"alt_text":"Netsuke Shishi ivory","src":"https:\/\/i0.wp.com\/www.supeinnihonto.com\/wp-content\/uploads\/2024\/05\/DSC_4014-scaled.jpg?fit=1200%2C800&ssl=1&resize=350%2C200","width":350,"height":200,"srcset":"https:\/\/i0.wp.com\/www.supeinnihonto.com\/wp-content\/uploads\/2024\/05\/DSC_4014-scaled.jpg?fit=1200%2C800&ssl=1&resize=350%2C200 1x, https:\/\/i0.wp.com\/www.supeinnihonto.com\/wp-content\/uploads\/2024\/05\/DSC_4014-scaled.jpg?fit=1200%2C800&ssl=1&resize=525%2C300 1.5x, https:\/\/i0.wp.com\/www.supeinnihonto.com\/wp-content\/uploads\/2024\/05\/DSC_4014-scaled.jpg?fit=1200%2C800&ssl=1&resize=700%2C400 2x, https:\/\/i0.wp.com\/www.supeinnihonto.com\/wp-content\/uploads\/2024\/05\/DSC_4014-scaled.jpg?fit=1200%2C800&ssl=1&resize=1050%2C600 3x"},"classes":[]}],"jetpack_sharing_enabled":true,"_links":{"self":[{"href":"https:\/\/www.supeinnihonto.com\/it\/wp-json\/wp\/v2\/product\/13296","targetHints":{"allow":["GET"]}}],"collection":[{"href":"https:\/\/www.supeinnihonto.com\/it\/wp-json\/wp\/v2\/product"}],"about":[{"href":"https:\/\/www.supeinnihonto.com\/it\/wp-json\/wp\/v2\/types\/product"}],"wp:featuredmedia":[{"embeddable":true,"href":"https:\/\/www.supeinnihonto.com\/it\/wp-json\/wp\/v2\/media\/13298"}],"wp:attachment":[{"href":"https:\/\/www.supeinnihonto.com\/it\/wp-json\/wp\/v2\/media?parent=13296"}],"wp:term":[{"taxonomy":"product_brand","embeddable":true,"href":"https:\/\/www.supeinnihonto.com\/it\/wp-json\/wp\/v2\/product_brand?post=13296"},{"taxonomy":"product_cat","embeddable":true,"href":"https:\/\/www.supeinnihonto.com\/it\/wp-json\/wp\/v2\/product_cat?post=13296"},{"taxonomy":"product_tag","embeddable":true,"href":"https:\/\/www.supeinnihonto.com\/it\/wp-json\/wp\/v2\/product_tag?post=13296"}],"curies":[{"name":"wp","href":"https:\/\/api.w.org\/{rel}","templated":true}]}}