{"id":13130,"date":"2024-08-01T16:59:53","date_gmt":"2024-08-01T16:59:53","guid":{"rendered":"https:\/\/www.supeinnihonto.com\/product\/gusoku-red-menpo\/"},"modified":"2025-12-15T06:27:48","modified_gmt":"2025-12-15T06:27:48","slug":"gusoku-red-menpo","status":"publish","type":"product","link":"https:\/\/www.supeinnihonto.com\/it\/prodotto\/gusoku-red-menpo\/","title":{"rendered":"Gusoku Mempo Rosso"},"content":{"rendered":"<p><em><strong>Chi Siamo:<\/strong><\/em><\/p>\n<p>Le nostre fotografie sono scattate senza ritocchi o photoshop per garantire che il cliente possa giudicare la realt\u00e0 dell&#8217;oggetto.<\/p>\n<p>Grazie a un lavoro costante direttamente con i migliori collezionisti, musei e gallerie in Giappone e all&#8217;amicizia con loro, insieme a un margine di profitto molto inferiore rispetto alla concorrenza europea, possiamo offrire oggetti affinch\u00e9 molte persone possano scegliere di avere pezzi autentici con centinaia di anni a prezzi pi\u00f9 che competitivi. Dopotutto, l&#8217;arte dei samurai \u00e8 la nostra passione e vogliamo condividerla con il mondo.<\/p>\n<p><em><strong>Informazioni sull&#8217;armatura:<\/strong><\/em><\/p>\n<p><span>Viene fornita con certificato di SupeinNihonto.<\/span><\/p>\n<p><span><br \/>\nBellissima armatura del primo periodo Edo (1600-1700) con maedate laccato rosso, in uno stato di conservazione quasi intatto nonostante i suoi oltre 300 anni. Un pezzo degno dei migliori musei. La qualit\u00e0 e i dettagli appartenevano senza dubbio a un daimyo o a un samurai di alto rango. I colori dell&#8217;ito in tonalit\u00e0 melanzana sono molto rari perch\u00e9 la tintura era costosa. Il laccato del do \u00e8 incredibilmente ben conservato e presenta autentici peli di orso sul lato inferiore. L&#8217;armatura \u00e8 completa e tutte le sue parti formano un insieme unico. Pezzi intagliati in osso come gli ancoraggi per il do o il bellissimo maedate a fiamma rossa completano quest&#8217;opera d&#8217;arte. Capolavoro per le migliori collezioni di samurai.<br \/>\n<\/span><\/p>\n<p><span>L&#8217;armatura presenta dettagli dorati che mostrano la qualit\u00e0 del pezzo. L&#8217;incredibile lavorazione accentua pezzi cos\u00ec ornati come il kabuto, il mempo e il do. Sono inclusi il supporto per assemblarla e la scatola. Questa armatura sicuramente delizier\u00e0 ogni collezionista di arte asiatica e sar\u00e0 il punto focale della casa, del negozio o dell&#8217;ufficio di qualsiasi visitatore.<\/span><\/p>\n<p>Spedizione gratuita in tutta Europa.<\/p>\n","protected":false},"excerpt":{"rendered":"<p>Chi Siamo: Le nostre fotografie sono scattate senza ritocchi o photoshop per garantire che il cliente possa giudicare la realt\u00e0 dell&#8217;oggetto. Grazie a un lavoro costante direttamente con i migliori collezionisti, musei e gallerie in Giappone e all&#8217;amicizia con loro, insieme a un margine di profitto molto inferiore rispetto alla [&hellip;]<\/p>\n","protected":false},"featured_media":11082,"template":"","meta":{"jetpack_post_was_ever_published":false},"product_brand":[],"product_cat":[731,732],"product_tag":[750,752,751],"class_list":{"0":"post-13130","1":"product","2":"type-product","3":"status-publish","4":"has-post-thumbnail","6":"product_cat-armatura","7":"product_cat-gusoku-yoroi","8":"product_tag-edo","9":"product_tag-hierro","10":"product_tag-yoroi","11":"product_shipping_class-pesante","13":"first","14":"outofstock","15":"sold-individually","16":"shipping-taxable","17":"purchasable","18":"product-type-simple"},"yoast_head":"<!-- This site is optimized with the Yoast SEO plugin v27.5 - https:\/\/yoast.com\/product\/yoast-seo-wordpress\/ -->\n<title>Gusoku Mempo Rosso - Supein Nihonto<\/title>\n<meta name=\"description\" content=\"Beautiful armor from early edo period (1600-1700) with red lacquered maedate, in an almost pristine state of preservation despite its more than 300 years old.\" \/>\n<meta name=\"robots\" content=\"index, follow, max-snippet:-1, max-image-preview:large, max-video-preview:-1\" \/>\n<link rel=\"canonical\" href=\"https:\/\/www.supeinnihonto.com\/it\/prodotto\/gusoku-red-menpo\/\" \/>\n<meta property=\"og:locale\" content=\"it_IT\" \/>\n<meta property=\"og:type\" content=\"article\" \/>\n<meta property=\"og:title\" content=\"Gusoku Mempo Rosso - Supein Nihonto\" \/>\n<meta property=\"og:description\" content=\"Beautiful armor from early edo period (1600-1700) with red lacquered maedate, in an almost pristine state of preservation despite its more than 300 years old.\" \/>\n<meta property=\"og:url\" content=\"https:\/\/www.supeinnihonto.com\/it\/prodotto\/gusoku-red-menpo\/\" \/>\n<meta property=\"og:site_name\" content=\"Supein Nihonto\" \/>\n<meta property=\"article:modified_time\" content=\"2025-12-15T06:27:48+00:00\" \/>\n<meta property=\"og:image\" content=\"https:\/\/www.supeinnihonto.com\/wp-content\/uploads\/2024\/01\/logo-sold.png\" \/>\n\t<meta property=\"og:image:width\" content=\"3125\" \/>\n\t<meta property=\"og:image:height\" content=\"1875\" \/>\n\t<meta property=\"og:image:type\" content=\"image\/png\" \/>\n<meta name=\"twitter:card\" content=\"summary_large_image\" \/>\n<meta name=\"twitter:label1\" content=\"Tempo di lettura stimato\" \/>\n\t<meta name=\"twitter:data1\" content=\"1 minuto\" \/>\n<script type=\"application\/ld+json\" class=\"yoast-schema-graph\">{\"@context\":\"https:\\\/\\\/schema.org\",\"@graph\":[{\"@type\":\"WebPage\",\"@id\":\"https:\\\/\\\/www.supeinnihonto.com\\\/it\\\/prodotto\\\/gusoku-red-menpo\\\/\",\"url\":\"https:\\\/\\\/www.supeinnihonto.com\\\/it\\\/prodotto\\\/gusoku-red-menpo\\\/\",\"name\":\"Gusoku Mempo Rosso - Supein Nihonto\",\"isPartOf\":{\"@id\":\"https:\\\/\\\/www.supeinnihonto.com\\\/it\\\/#website\"},\"primaryImageOfPage\":{\"@id\":\"https:\\\/\\\/www.supeinnihonto.com\\\/it\\\/prodotto\\\/gusoku-red-menpo\\\/#primaryimage\"},\"image\":{\"@id\":\"https:\\\/\\\/www.supeinnihonto.com\\\/it\\\/prodotto\\\/gusoku-red-menpo\\\/#primaryimage\"},\"thumbnailUrl\":\"https:\\\/\\\/i0.wp.com\\\/www.supeinnihonto.com\\\/wp-content\\\/uploads\\\/2024\\\/01\\\/logo-sold-scaled.png?fit=3125%2C1875&ssl=1\",\"datePublished\":\"2024-08-01T16:59:53+00:00\",\"dateModified\":\"2025-12-15T06:27:48+00:00\",\"description\":\"Beautiful armor from early edo period (1600-1700) with red lacquered maedate, in an almost pristine state of preservation despite its more than 300 years old.\",\"breadcrumb\":{\"@id\":\"https:\\\/\\\/www.supeinnihonto.com\\\/it\\\/prodotto\\\/gusoku-red-menpo\\\/#breadcrumb\"},\"inLanguage\":\"it-IT\",\"potentialAction\":[{\"@type\":\"ReadAction\",\"target\":[\"https:\\\/\\\/www.supeinnihonto.com\\\/it\\\/prodotto\\\/gusoku-red-menpo\\\/\"]}]},{\"@type\":\"ImageObject\",\"inLanguage\":\"it-IT\",\"@id\":\"https:\\\/\\\/www.supeinnihonto.com\\\/it\\\/prodotto\\\/gusoku-red-menpo\\\/#primaryimage\",\"url\":\"https:\\\/\\\/i0.wp.com\\\/www.supeinnihonto.com\\\/wp-content\\\/uploads\\\/2024\\\/01\\\/logo-sold-scaled.png?fit=3125%2C1875&ssl=1\",\"contentUrl\":\"https:\\\/\\\/i0.wp.com\\\/www.supeinnihonto.com\\\/wp-content\\\/uploads\\\/2024\\\/01\\\/logo-sold-scaled.png?fit=3125%2C1875&ssl=1\",\"width\":3125,\"height\":1875,\"caption\":\"Sold\"},{\"@type\":\"BreadcrumbList\",\"@id\":\"https:\\\/\\\/www.supeinnihonto.com\\\/it\\\/prodotto\\\/gusoku-red-menpo\\\/#breadcrumb\",\"itemListElement\":[{\"@type\":\"ListItem\",\"position\":1,\"name\":\"Portada\",\"item\":\"https:\\\/\\\/www.supeinnihonto.com\\\/it\\\/\"},{\"@type\":\"ListItem\",\"position\":2,\"name\":\"Shop\",\"item\":\"https:\\\/\\\/www.supeinnihonto.com\\\/it\\\/shop\\\/\"},{\"@type\":\"ListItem\",\"position\":3,\"name\":\"Gusoku Mempo Rosso\"}]},{\"@type\":\"WebSite\",\"@id\":\"https:\\\/\\\/www.supeinnihonto.com\\\/it\\\/#website\",\"url\":\"https:\\\/\\\/www.supeinnihonto.com\\\/it\\\/\",\"name\":\"Supein Nihonto\",\"description\":\"Authentic japanese Nihonto katana \",\"publisher\":{\"@id\":\"https:\\\/\\\/www.supeinnihonto.com\\\/it\\\/#organization\"},\"potentialAction\":[{\"@type\":\"SearchAction\",\"target\":{\"@type\":\"EntryPoint\",\"urlTemplate\":\"https:\\\/\\\/www.supeinnihonto.com\\\/it\\\/?s={search_term_string}\"},\"query-input\":{\"@type\":\"PropertyValueSpecification\",\"valueRequired\":true,\"valueName\":\"search_term_string\"}}],\"inLanguage\":\"it-IT\"},{\"@type\":\"Organization\",\"@id\":\"https:\\\/\\\/www.supeinnihonto.com\\\/it\\\/#organization\",\"name\":\"SupeinNihonto\",\"url\":\"https:\\\/\\\/www.supeinnihonto.com\\\/it\\\/\",\"logo\":{\"@type\":\"ImageObject\",\"inLanguage\":\"it-IT\",\"@id\":\"https:\\\/\\\/www.supeinnihonto.com\\\/it\\\/#\\\/schema\\\/logo\\\/image\\\/\",\"url\":\"https:\\\/\\\/www.supeinnihonto.com\\\/wp-content\\\/uploads\\\/2021\\\/11\\\/animation_Default_3szk0jcenoloop.gif\",\"contentUrl\":\"https:\\\/\\\/www.supeinnihonto.com\\\/wp-content\\\/uploads\\\/2021\\\/11\\\/animation_Default_3szk0jcenoloop.gif\",\"width\":750,\"height\":641,\"caption\":\"SupeinNihonto\"},\"image\":{\"@id\":\"https:\\\/\\\/www.supeinnihonto.com\\\/it\\\/#\\\/schema\\\/logo\\\/image\\\/\"}}]}<\/script>\n<!-- \/ Yoast SEO plugin. -->","yoast_head_json":{"title":"Gusoku Mempo Rosso - Supein Nihonto","description":"Beautiful armor from early edo period (1600-1700) with red lacquered maedate, in an almost pristine state of preservation despite its more than 300 years old.","robots":{"index":"index","follow":"follow","max-snippet":"max-snippet:-1","max-image-preview":"max-image-preview:large","max-video-preview":"max-video-preview:-1"},"canonical":"https:\/\/www.supeinnihonto.com\/it\/prodotto\/gusoku-red-menpo\/","og_locale":"it_IT","og_type":"article","og_title":"Gusoku Mempo Rosso - Supein Nihonto","og_description":"Beautiful armor from early edo period (1600-1700) with red lacquered maedate, in an almost pristine state of preservation despite its more than 300 years old.","og_url":"https:\/\/www.supeinnihonto.com\/it\/prodotto\/gusoku-red-menpo\/","og_site_name":"Supein Nihonto","article_modified_time":"2025-12-15T06:27:48+00:00","og_image":[{"width":3125,"height":1875,"url":"https:\/\/www.supeinnihonto.com\/wp-content\/uploads\/2024\/01\/logo-sold.png","type":"image\/png"}],"twitter_card":"summary_large_image","twitter_misc":{"Tempo di lettura stimato":"1 minuto"},"schema":{"@context":"https:\/\/schema.org","@graph":[{"@type":"WebPage","@id":"https:\/\/www.supeinnihonto.com\/it\/prodotto\/gusoku-red-menpo\/","url":"https:\/\/www.supeinnihonto.com\/it\/prodotto\/gusoku-red-menpo\/","name":"Gusoku Mempo Rosso - Supein Nihonto","isPartOf":{"@id":"https:\/\/www.supeinnihonto.com\/it\/#website"},"primaryImageOfPage":{"@id":"https:\/\/www.supeinnihonto.com\/it\/prodotto\/gusoku-red-menpo\/#primaryimage"},"image":{"@id":"https:\/\/www.supeinnihonto.com\/it\/prodotto\/gusoku-red-menpo\/#primaryimage"},"thumbnailUrl":"https:\/\/i0.wp.com\/www.supeinnihonto.com\/wp-content\/uploads\/2024\/01\/logo-sold-scaled.png?fit=3125%2C1875&ssl=1","datePublished":"2024-08-01T16:59:53+00:00","dateModified":"2025-12-15T06:27:48+00:00","description":"Beautiful armor from early edo period (1600-1700) with red lacquered maedate, in an almost pristine state of preservation despite its more than 300 years old.","breadcrumb":{"@id":"https:\/\/www.supeinnihonto.com\/it\/prodotto\/gusoku-red-menpo\/#breadcrumb"},"inLanguage":"it-IT","potentialAction":[{"@type":"ReadAction","target":["https:\/\/www.supeinnihonto.com\/it\/prodotto\/gusoku-red-menpo\/"]}]},{"@type":"ImageObject","inLanguage":"it-IT","@id":"https:\/\/www.supeinnihonto.com\/it\/prodotto\/gusoku-red-menpo\/#primaryimage","url":"https:\/\/i0.wp.com\/www.supeinnihonto.com\/wp-content\/uploads\/2024\/01\/logo-sold-scaled.png?fit=3125%2C1875&ssl=1","contentUrl":"https:\/\/i0.wp.com\/www.supeinnihonto.com\/wp-content\/uploads\/2024\/01\/logo-sold-scaled.png?fit=3125%2C1875&ssl=1","width":3125,"height":1875,"caption":"Sold"},{"@type":"BreadcrumbList","@id":"https:\/\/www.supeinnihonto.com\/it\/prodotto\/gusoku-red-menpo\/#breadcrumb","itemListElement":[{"@type":"ListItem","position":1,"name":"Portada","item":"https:\/\/www.supeinnihonto.com\/it\/"},{"@type":"ListItem","position":2,"name":"Shop","item":"https:\/\/www.supeinnihonto.com\/it\/shop\/"},{"@type":"ListItem","position":3,"name":"Gusoku Mempo Rosso"}]},{"@type":"WebSite","@id":"https:\/\/www.supeinnihonto.com\/it\/#website","url":"https:\/\/www.supeinnihonto.com\/it\/","name":"Supein Nihonto","description":"Authentic japanese Nihonto katana ","publisher":{"@id":"https:\/\/www.supeinnihonto.com\/it\/#organization"},"potentialAction":[{"@type":"SearchAction","target":{"@type":"EntryPoint","urlTemplate":"https:\/\/www.supeinnihonto.com\/it\/?s={search_term_string}"},"query-input":{"@type":"PropertyValueSpecification","valueRequired":true,"valueName":"search_term_string"}}],"inLanguage":"it-IT"},{"@type":"Organization","@id":"https:\/\/www.supeinnihonto.com\/it\/#organization","name":"SupeinNihonto","url":"https:\/\/www.supeinnihonto.com\/it\/","logo":{"@type":"ImageObject","inLanguage":"it-IT","@id":"https:\/\/www.supeinnihonto.com\/it\/#\/schema\/logo\/image\/","url":"https:\/\/www.supeinnihonto.com\/wp-content\/uploads\/2021\/11\/animation_Default_3szk0jcenoloop.gif","contentUrl":"https:\/\/www.supeinnihonto.com\/wp-content\/uploads\/2021\/11\/animation_Default_3szk0jcenoloop.gif","width":750,"height":641,"caption":"SupeinNihonto"},"image":{"@id":"https:\/\/www.supeinnihonto.com\/it\/#\/schema\/logo\/image\/"}}]}},"jetpack-related-posts":[{"id":13521,"url":"https:\/\/www.supeinnihonto.com\/it\/prodotto\/kawari-kabuto-shachihoko\/","url_meta":{"origin":13130,"position":0},"title":"Kawari Kabuto Shachihoko","author":"Supein Nihonto","date":"30 de Maggio de 2024","format":false,"excerpt":"Chi Siamo: Le nostre fotografie sono scattate senza ritocchi o photoshop per garantire che il cliente possa giudicare la realt\u00e0 dell'oggetto. Grazie a un lavoro costante direttamente con i migliori collezionisti, musei e gallerie in Giappone e all'amicizia con loro, insieme a un margine di profitto molto inferiore rispetto alla\u2026","rel":"","context":"Articolo simile","block_context":{"text":"Articolo simile","link":""},"img":{"alt_text":"Kawari Kabuto Shachihoko","src":"https:\/\/i0.wp.com\/www.supeinnihonto.com\/wp-content\/uploads\/2024\/05\/DSC_4575-scaled.jpg?fit=800%2C1200&ssl=1&resize=350%2C200","width":350,"height":200,"srcset":"https:\/\/i0.wp.com\/www.supeinnihonto.com\/wp-content\/uploads\/2024\/05\/DSC_4575-scaled.jpg?fit=800%2C1200&ssl=1&resize=350%2C200 1x, https:\/\/i0.wp.com\/www.supeinnihonto.com\/wp-content\/uploads\/2024\/05\/DSC_4575-scaled.jpg?fit=800%2C1200&ssl=1&resize=525%2C300 1.5x, https:\/\/i0.wp.com\/www.supeinnihonto.com\/wp-content\/uploads\/2024\/05\/DSC_4575-scaled.jpg?fit=800%2C1200&ssl=1&resize=700%2C400 2x"},"classes":[]},{"id":12346,"url":"https:\/\/www.supeinnihonto.com\/it\/prodotto\/marugata-shakudo-samurai\/","url_meta":{"origin":13130,"position":1},"title":"Marugata shakudo tsuba samurai","author":"Eric Majo","date":"12 de Novembre de 2024","format":false,"excerpt":"ARTICOLO: Fornito con certificato di Supein Nihonto. Include scatola in legno. Firmato \u201cNara Naoyoshi\u201d, tsuba marugata in shakud\u014d k\u0101\u014d (lega di oro e rame). Un pezzo di qualit\u00e0 insuperabile, degno dei migliori musei del mondo. \u00c8 facile apprezzare l\u2019eccezionale livello di dettaglio e incisione di questa magnifica opera che raffigura\u2026","rel":"","context":"Articolo simile","block_context":{"text":"Articolo simile","link":""},"img":{"alt_text":"Marugata shakudo tsuba samurai","src":"https:\/\/i0.wp.com\/www.supeinnihonto.com\/wp-content\/uploads\/2024\/11\/DSC1956-scaled.jpg?fit=1200%2C800&ssl=1&resize=350%2C200","width":350,"height":200,"srcset":"https:\/\/i0.wp.com\/www.supeinnihonto.com\/wp-content\/uploads\/2024\/11\/DSC1956-scaled.jpg?fit=1200%2C800&ssl=1&resize=350%2C200 1x, https:\/\/i0.wp.com\/www.supeinnihonto.com\/wp-content\/uploads\/2024\/11\/DSC1956-scaled.jpg?fit=1200%2C800&ssl=1&resize=525%2C300 1.5x, https:\/\/i0.wp.com\/www.supeinnihonto.com\/wp-content\/uploads\/2024\/11\/DSC1956-scaled.jpg?fit=1200%2C800&ssl=1&resize=700%2C400 2x, https:\/\/i0.wp.com\/www.supeinnihonto.com\/wp-content\/uploads\/2024\/11\/DSC1956-scaled.jpg?fit=1200%2C800&ssl=1&resize=1050%2C600 3x"},"classes":[]},{"id":10825,"url":"https:\/\/www.supeinnihonto.com\/it\/prodotto\/yoroi-daimyo-orange\/","url_meta":{"origin":13130,"position":2},"title":"Yoroi Daimyo Orange","author":"Eric Majo","date":"9 de Dicembre de 2025","format":false,"excerpt":"Chi siamo: Le nostre fotografie sono realizzate senza ritocchi n\u00e9 Photoshop, per garantire che il cliente possa valutare fedelmente la reale condizione dell\u2019oggetto. Grazie a un lavoro costante svolto direttamente con i migliori collezionisti, musei e gallerie del Giappone, nonch\u00e9 ai rapporti di amicizia con essi e a un margine\u2026","rel":"","context":"Articolo simile","block_context":{"text":"Articolo simile","link":""},"img":{"alt_text":"Sold","src":"https:\/\/i0.wp.com\/www.supeinnihonto.com\/wp-content\/uploads\/2024\/01\/logo-sold-scaled.png?fit=1200%2C720&ssl=1&resize=350%2C200","width":350,"height":200,"srcset":"https:\/\/i0.wp.com\/www.supeinnihonto.com\/wp-content\/uploads\/2024\/01\/logo-sold-scaled.png?fit=1200%2C720&ssl=1&resize=350%2C200 1x, https:\/\/i0.wp.com\/www.supeinnihonto.com\/wp-content\/uploads\/2024\/01\/logo-sold-scaled.png?fit=1200%2C720&ssl=1&resize=525%2C300 1.5x, https:\/\/i0.wp.com\/www.supeinnihonto.com\/wp-content\/uploads\/2024\/01\/logo-sold-scaled.png?fit=1200%2C720&ssl=1&resize=700%2C400 2x, https:\/\/i0.wp.com\/www.supeinnihonto.com\/wp-content\/uploads\/2024\/01\/logo-sold-scaled.png?fit=1200%2C720&ssl=1&resize=1050%2C600 3x"},"classes":[]},{"id":11222,"url":"https:\/\/www.supeinnihonto.com\/it\/prodotto\/yoroi-orange-blue-cordage\/","url_meta":{"origin":13130,"position":3},"title":"Cordame Yoroi Arancione Blu","author":"Eric Majo","date":"16 de Agosto de 2025","format":false,"excerpt":"Chi Siamo: Le nostre fotografie sono scattate senza ritocchi o photoshop per garantire che il cliente possa giudicare la realt\u00e0 dell'oggetto. Grazie a un lavoro costante direttamente con i migliori collezionisti, musei e gallerie in Giappone e all'amicizia con loro, insieme a un margine di profitto molto inferiore rispetto alla\u2026","rel":"","context":"Articolo simile","block_context":{"text":"Articolo simile","link":""},"img":{"alt_text":"","src":"https:\/\/i0.wp.com\/www.supeinnihonto.com\/wp-content\/uploads\/2025\/07\/DSC_0171-scaled.jpg?fit=800%2C1200&ssl=1&resize=350%2C200","width":350,"height":200,"srcset":"https:\/\/i0.wp.com\/www.supeinnihonto.com\/wp-content\/uploads\/2025\/07\/DSC_0171-scaled.jpg?fit=800%2C1200&ssl=1&resize=350%2C200 1x, https:\/\/i0.wp.com\/www.supeinnihonto.com\/wp-content\/uploads\/2025\/07\/DSC_0171-scaled.jpg?fit=800%2C1200&ssl=1&resize=525%2C300 1.5x, https:\/\/i0.wp.com\/www.supeinnihonto.com\/wp-content\/uploads\/2025\/07\/DSC_0171-scaled.jpg?fit=800%2C1200&ssl=1&resize=700%2C400 2x"},"classes":[]},{"id":12386,"url":"https:\/\/www.supeinnihonto.com\/it\/prodotto\/marugata-iron-tsuba-deity-nbthk-hozon\/","url_meta":{"origin":13130,"position":4},"title":"Marugata iron tsuba deity NBTHK hozon","author":"Eric Majo","date":"11 de Novembre de 2024","format":false,"excerpt":"ARTICOLO: Fornito con certificato di Supein Nihonto. Fornito con certificato NBTHK Hozon. Include scatola in legno. Accompagnato da certificato NBTHK Hozon che lo cataloga come opera di particolare importanza artistica. Firmato Aizu j\u016b Matsumura Minamoto Shichir\u014d Takamura. Un pezzo di qualit\u00e0 insuperabile, degno dei migliori musei del mondo. Straordinario tsuba\u2026","rel":"","context":"Articolo simile","block_context":{"text":"Articolo simile","link":""},"img":{"alt_text":"Marugata iron tsuba deity NBTHK hozon","src":"https:\/\/i0.wp.com\/www.supeinnihonto.com\/wp-content\/uploads\/2024\/11\/DSC1927-scaled.jpg?fit=1200%2C800&ssl=1&resize=350%2C200","width":350,"height":200,"srcset":"https:\/\/i0.wp.com\/www.supeinnihonto.com\/wp-content\/uploads\/2024\/11\/DSC1927-scaled.jpg?fit=1200%2C800&ssl=1&resize=350%2C200 1x, https:\/\/i0.wp.com\/www.supeinnihonto.com\/wp-content\/uploads\/2024\/11\/DSC1927-scaled.jpg?fit=1200%2C800&ssl=1&resize=525%2C300 1.5x, https:\/\/i0.wp.com\/www.supeinnihonto.com\/wp-content\/uploads\/2024\/11\/DSC1927-scaled.jpg?fit=1200%2C800&ssl=1&resize=700%2C400 2x, https:\/\/i0.wp.com\/www.supeinnihonto.com\/wp-content\/uploads\/2024\/11\/DSC1927-scaled.jpg?fit=1200%2C800&ssl=1&resize=1050%2C600 3x"},"classes":[]},{"id":39177,"url":"https:\/\/www.supeinnihonto.com\/it\/prodotto\/suji-bachi-kabuto-4\/","url_meta":{"origin":13130,"position":5},"title":"Suji Bachi Kabuto","author":"Eric Majo","date":"26 de Dicembre de 2025","format":false,"excerpt":"Chi siamo: Le nostre fotografie sono scattate senza ritocchi o photoshop per garantire che il cliente possa giudicare la realt\u00e0 dell'oggetto. Grazie a un lavoro costante direttamente con i migliori collezionisti, musei e gallerie in Giappone e all'amicizia con loro, insieme a un margine di profitto molto inferiore rispetto alla\u2026","rel":"","context":"Articolo simile","block_context":{"text":"Articolo simile","link":""},"img":{"alt_text":"Sold","src":"https:\/\/i0.wp.com\/www.supeinnihonto.com\/wp-content\/uploads\/2024\/01\/logo-sold-scaled.png?fit=1200%2C720&ssl=1&resize=350%2C200","width":350,"height":200,"srcset":"https:\/\/i0.wp.com\/www.supeinnihonto.com\/wp-content\/uploads\/2024\/01\/logo-sold-scaled.png?fit=1200%2C720&ssl=1&resize=350%2C200 1x, https:\/\/i0.wp.com\/www.supeinnihonto.com\/wp-content\/uploads\/2024\/01\/logo-sold-scaled.png?fit=1200%2C720&ssl=1&resize=525%2C300 1.5x, https:\/\/i0.wp.com\/www.supeinnihonto.com\/wp-content\/uploads\/2024\/01\/logo-sold-scaled.png?fit=1200%2C720&ssl=1&resize=700%2C400 2x, https:\/\/i0.wp.com\/www.supeinnihonto.com\/wp-content\/uploads\/2024\/01\/logo-sold-scaled.png?fit=1200%2C720&ssl=1&resize=1050%2C600 3x"},"classes":[]}],"jetpack_sharing_enabled":true,"_links":{"self":[{"href":"https:\/\/www.supeinnihonto.com\/it\/wp-json\/wp\/v2\/product\/13130","targetHints":{"allow":["GET"]}}],"collection":[{"href":"https:\/\/www.supeinnihonto.com\/it\/wp-json\/wp\/v2\/product"}],"about":[{"href":"https:\/\/www.supeinnihonto.com\/it\/wp-json\/wp\/v2\/types\/product"}],"wp:featuredmedia":[{"embeddable":true,"href":"https:\/\/www.supeinnihonto.com\/it\/wp-json\/wp\/v2\/media\/11082"}],"wp:attachment":[{"href":"https:\/\/www.supeinnihonto.com\/it\/wp-json\/wp\/v2\/media?parent=13130"}],"wp:term":[{"taxonomy":"product_brand","embeddable":true,"href":"https:\/\/www.supeinnihonto.com\/it\/wp-json\/wp\/v2\/product_brand?post=13130"},{"taxonomy":"product_cat","embeddable":true,"href":"https:\/\/www.supeinnihonto.com\/it\/wp-json\/wp\/v2\/product_cat?post=13130"},{"taxonomy":"product_tag","embeddable":true,"href":"https:\/\/www.supeinnihonto.com\/it\/wp-json\/wp\/v2\/product_tag?post=13130"}],"curies":[{"name":"wp","href":"https:\/\/api.w.org\/{rel}","templated":true}]}}