{"id":12762,"date":"2024-11-07T07:49:42","date_gmt":"2024-11-07T07:49:42","guid":{"rendered":"https:\/\/www.supeinnihonto.com\/product\/noh-mask-oto\/"},"modified":"2025-12-22T21:30:53","modified_gmt":"2025-12-22T21:30:53","slug":"maschera-no-oto","status":"publish","type":"product","link":"https:\/\/www.supeinnihonto.com\/it\/prodotto\/maschera-no-oto\/","title":{"rendered":"Maschera N\u014d Oto"},"content":{"rendered":"<p data-start=\"1577\" data-end=\"1851\">Maschera in legno scolpita del teatro N\u014d, periodo Sh\u014dwa. Firmata <em data-start=\"1642\" data-end=\"1649\">Seiun<\/em> (\u9759\u96f2). Raffigura <em data-start=\"1666\" data-end=\"1671\">Oto<\/em>, una maschera femminile. Eccessivamente paffuta e con evidenti fossette, rappresenta una parodia popolare e di rango inferiore della raffinata maschera <em data-start=\"1824\" data-end=\"1834\">Ko-omote<\/em> nel teatro N\u014d.<\/p>\n<p data-start=\"1853\" data-end=\"2215\">Le maschere N\u014d sono da lungo tempo parte integrante dei rituali religiosi, delle festivit\u00e0 e del teatro giapponese. Rappresentano figure storiche e spiriti noti come <em data-start=\"2019\" data-end=\"2025\">kami<\/em>, che hanno origine nelle credenze indigene del Giappone. Tradizionalmente, la maschera simboleggia la \u201cpossessione\u201d, trasformando chi la indossa nel <em data-start=\"2175\" data-end=\"2181\">kami<\/em> o nella sua incarnazione umana.<\/p>\n<p data-start=\"2217\" data-end=\"2245\">Scala 1:1 (circa 20 \u00d7 15 cm)<\/p>\n<p>&nbsp;<\/p>\n","protected":false},"excerpt":{"rendered":"<p>Maschera in legno scolpita del teatro N\u014d, periodo Sh\u014dwa. Firmata Seiun (\u9759\u96f2). Raffigura Oto, una maschera femminile. Eccessivamente paffuta e con evidenti fossette, rappresenta una parodia popolare e di rango inferiore della raffinata maschera Ko-omote nel teatro N\u014d. Le maschere N\u014d sono da lungo tempo parte integrante dei rituali religiosi, [&hellip;]<\/p>\n","protected":false},"featured_media":12763,"template":"","meta":{"jetpack_post_was_ever_published":false},"product_brand":[],"product_cat":[742],"product_tag":[777,779,763],"class_list":{"0":"post-12762","1":"product","2":"type-product","3":"status-publish","4":"has-post-thumbnail","6":"product_cat-noh-masks","7":"product_tag-noh-mask","8":"product_tag-noh-theater","9":"product_tag-wood-noh-mask","10":"product_shipping_class-tosogu","12":"first","13":"instock","14":"featured","15":"shipping-taxable","16":"purchasable","17":"product-type-simple"},"yoast_head":"<!-- This site is optimized with the Yoast SEO plugin v27.4 - https:\/\/yoast.com\/product\/yoast-seo-wordpress\/ -->\n<title>Maschera N\u014d Oto - Supein Nihonto<\/title>\n<meta name=\"description\" content=\"Maschera in legno scolpita del teatro N\u014d, periodo Sh\u014dwa. Firmata Seiun (\u9759\u96f2). Raffigura Oto, una maschera femminile. Eccessivamente paffuta e con evidenti fossette, rappresenta una parodia popolare e di rango inferiore della raffinata maschera Ko-omote nel teatro N\u014d.\" \/>\n<meta name=\"robots\" content=\"index, follow, max-snippet:-1, max-image-preview:large, max-video-preview:-1\" \/>\n<link rel=\"canonical\" href=\"https:\/\/www.supeinnihonto.com\/it\/prodotto\/maschera-no-oto\/\" \/>\n<meta property=\"og:locale\" content=\"it_IT\" \/>\n<meta property=\"og:type\" content=\"article\" \/>\n<meta property=\"og:title\" content=\"Maschera N\u014d Oto - Supein Nihonto\" \/>\n<meta property=\"og:description\" content=\"Maschera in legno scolpita del teatro N\u014d, periodo Sh\u014dwa. Firmata Seiun (\u9759\u96f2). Raffigura Oto, una maschera femminile. Eccessivamente paffuta e con evidenti fossette, rappresenta una parodia popolare e di rango inferiore della raffinata maschera Ko-omote nel teatro N\u014d.\" \/>\n<meta property=\"og:url\" content=\"https:\/\/www.supeinnihonto.com\/it\/prodotto\/maschera-no-oto\/\" \/>\n<meta property=\"og:site_name\" content=\"Supein Nihonto\" \/>\n<meta property=\"article:modified_time\" content=\"2025-12-22T21:30:53+00:00\" \/>\n<meta property=\"og:image\" content=\"https:\/\/www.supeinnihonto.com\/wp-content\/uploads\/2024\/11\/GEO9333.jpg\" \/>\n\t<meta property=\"og:image:width\" content=\"2400\" \/>\n\t<meta property=\"og:image:height\" content=\"1842\" \/>\n\t<meta property=\"og:image:type\" content=\"image\/jpeg\" \/>\n<meta name=\"twitter:card\" content=\"summary_large_image\" \/>\n<meta name=\"twitter:label1\" content=\"Tempo di lettura stimato\" \/>\n\t<meta name=\"twitter:data1\" content=\"1 minuto\" \/>\n<script type=\"application\/ld+json\" class=\"yoast-schema-graph\">{\"@context\":\"https:\\\/\\\/schema.org\",\"@graph\":[{\"@type\":\"WebPage\",\"@id\":\"https:\\\/\\\/www.supeinnihonto.com\\\/it\\\/prodotto\\\/maschera-no-oto\\\/\",\"url\":\"https:\\\/\\\/www.supeinnihonto.com\\\/it\\\/prodotto\\\/maschera-no-oto\\\/\",\"name\":\"Maschera N\u014d Oto - Supein Nihonto\",\"isPartOf\":{\"@id\":\"https:\\\/\\\/www.supeinnihonto.com\\\/it\\\/#website\"},\"primaryImageOfPage\":{\"@id\":\"https:\\\/\\\/www.supeinnihonto.com\\\/it\\\/prodotto\\\/maschera-no-oto\\\/#primaryimage\"},\"image\":{\"@id\":\"https:\\\/\\\/www.supeinnihonto.com\\\/it\\\/prodotto\\\/maschera-no-oto\\\/#primaryimage\"},\"thumbnailUrl\":\"https:\\\/\\\/i0.wp.com\\\/www.supeinnihonto.com\\\/wp-content\\\/uploads\\\/2024\\\/11\\\/GEO9333.jpg?fit=2400%2C1842&ssl=1\",\"datePublished\":\"2024-11-07T07:49:42+00:00\",\"dateModified\":\"2025-12-22T21:30:53+00:00\",\"description\":\"Maschera in legno scolpita del teatro N\u014d, periodo Sh\u014dwa. Firmata Seiun (\u9759\u96f2). Raffigura Oto, una maschera femminile. Eccessivamente paffuta e con evidenti fossette, rappresenta una parodia popolare e di rango inferiore della raffinata maschera Ko-omote nel teatro N\u014d.\",\"breadcrumb\":{\"@id\":\"https:\\\/\\\/www.supeinnihonto.com\\\/it\\\/prodotto\\\/maschera-no-oto\\\/#breadcrumb\"},\"inLanguage\":\"it-IT\",\"potentialAction\":[{\"@type\":\"ReadAction\",\"target\":[\"https:\\\/\\\/www.supeinnihonto.com\\\/it\\\/prodotto\\\/maschera-no-oto\\\/\"]}]},{\"@type\":\"ImageObject\",\"inLanguage\":\"it-IT\",\"@id\":\"https:\\\/\\\/www.supeinnihonto.com\\\/it\\\/prodotto\\\/maschera-no-oto\\\/#primaryimage\",\"url\":\"https:\\\/\\\/i0.wp.com\\\/www.supeinnihonto.com\\\/wp-content\\\/uploads\\\/2024\\\/11\\\/GEO9333.jpg?fit=2400%2C1842&ssl=1\",\"contentUrl\":\"https:\\\/\\\/i0.wp.com\\\/www.supeinnihonto.com\\\/wp-content\\\/uploads\\\/2024\\\/11\\\/GEO9333.jpg?fit=2400%2C1842&ssl=1\",\"width\":2400,\"height\":1842,\"caption\":\"oto noh mask\"},{\"@type\":\"BreadcrumbList\",\"@id\":\"https:\\\/\\\/www.supeinnihonto.com\\\/it\\\/prodotto\\\/maschera-no-oto\\\/#breadcrumb\",\"itemListElement\":[{\"@type\":\"ListItem\",\"position\":1,\"name\":\"Portada\",\"item\":\"https:\\\/\\\/www.supeinnihonto.com\\\/it\\\/\"},{\"@type\":\"ListItem\",\"position\":2,\"name\":\"Shop\",\"item\":\"https:\\\/\\\/www.supeinnihonto.com\\\/it\\\/shop\\\/\"},{\"@type\":\"ListItem\",\"position\":3,\"name\":\"Maschera N\u014d Oto\"}]},{\"@type\":\"WebSite\",\"@id\":\"https:\\\/\\\/www.supeinnihonto.com\\\/it\\\/#website\",\"url\":\"https:\\\/\\\/www.supeinnihonto.com\\\/it\\\/\",\"name\":\"Supein Nihonto\",\"description\":\"Authentic japanese Nihonto katana \",\"publisher\":{\"@id\":\"https:\\\/\\\/www.supeinnihonto.com\\\/it\\\/#organization\"},\"potentialAction\":[{\"@type\":\"SearchAction\",\"target\":{\"@type\":\"EntryPoint\",\"urlTemplate\":\"https:\\\/\\\/www.supeinnihonto.com\\\/it\\\/?s={search_term_string}\"},\"query-input\":{\"@type\":\"PropertyValueSpecification\",\"valueRequired\":true,\"valueName\":\"search_term_string\"}}],\"inLanguage\":\"it-IT\"},{\"@type\":\"Organization\",\"@id\":\"https:\\\/\\\/www.supeinnihonto.com\\\/it\\\/#organization\",\"name\":\"SupeinNihonto\",\"url\":\"https:\\\/\\\/www.supeinnihonto.com\\\/it\\\/\",\"logo\":{\"@type\":\"ImageObject\",\"inLanguage\":\"it-IT\",\"@id\":\"https:\\\/\\\/www.supeinnihonto.com\\\/it\\\/#\\\/schema\\\/logo\\\/image\\\/\",\"url\":\"https:\\\/\\\/www.supeinnihonto.com\\\/wp-content\\\/uploads\\\/2021\\\/11\\\/animation_Default_3szk0jcenoloop.gif\",\"contentUrl\":\"https:\\\/\\\/www.supeinnihonto.com\\\/wp-content\\\/uploads\\\/2021\\\/11\\\/animation_Default_3szk0jcenoloop.gif\",\"width\":750,\"height\":641,\"caption\":\"SupeinNihonto\"},\"image\":{\"@id\":\"https:\\\/\\\/www.supeinnihonto.com\\\/it\\\/#\\\/schema\\\/logo\\\/image\\\/\"}}]}<\/script>\n<!-- \/ Yoast SEO plugin. -->","yoast_head_json":{"title":"Maschera N\u014d Oto - Supein Nihonto","description":"Maschera in legno scolpita del teatro N\u014d, periodo Sh\u014dwa. Firmata Seiun (\u9759\u96f2). Raffigura Oto, una maschera femminile. Eccessivamente paffuta e con evidenti fossette, rappresenta una parodia popolare e di rango inferiore della raffinata maschera Ko-omote nel teatro N\u014d.","robots":{"index":"index","follow":"follow","max-snippet":"max-snippet:-1","max-image-preview":"max-image-preview:large","max-video-preview":"max-video-preview:-1"},"canonical":"https:\/\/www.supeinnihonto.com\/it\/prodotto\/maschera-no-oto\/","og_locale":"it_IT","og_type":"article","og_title":"Maschera N\u014d Oto - Supein Nihonto","og_description":"Maschera in legno scolpita del teatro N\u014d, periodo Sh\u014dwa. Firmata Seiun (\u9759\u96f2). Raffigura Oto, una maschera femminile. Eccessivamente paffuta e con evidenti fossette, rappresenta una parodia popolare e di rango inferiore della raffinata maschera Ko-omote nel teatro N\u014d.","og_url":"https:\/\/www.supeinnihonto.com\/it\/prodotto\/maschera-no-oto\/","og_site_name":"Supein Nihonto","article_modified_time":"2025-12-22T21:30:53+00:00","og_image":[{"width":2400,"height":1842,"url":"https:\/\/www.supeinnihonto.com\/wp-content\/uploads\/2024\/11\/GEO9333.jpg","type":"image\/jpeg"}],"twitter_card":"summary_large_image","twitter_misc":{"Tempo di lettura stimato":"1 minuto"},"schema":{"@context":"https:\/\/schema.org","@graph":[{"@type":"WebPage","@id":"https:\/\/www.supeinnihonto.com\/it\/prodotto\/maschera-no-oto\/","url":"https:\/\/www.supeinnihonto.com\/it\/prodotto\/maschera-no-oto\/","name":"Maschera N\u014d Oto - Supein Nihonto","isPartOf":{"@id":"https:\/\/www.supeinnihonto.com\/it\/#website"},"primaryImageOfPage":{"@id":"https:\/\/www.supeinnihonto.com\/it\/prodotto\/maschera-no-oto\/#primaryimage"},"image":{"@id":"https:\/\/www.supeinnihonto.com\/it\/prodotto\/maschera-no-oto\/#primaryimage"},"thumbnailUrl":"https:\/\/i0.wp.com\/www.supeinnihonto.com\/wp-content\/uploads\/2024\/11\/GEO9333.jpg?fit=2400%2C1842&ssl=1","datePublished":"2024-11-07T07:49:42+00:00","dateModified":"2025-12-22T21:30:53+00:00","description":"Maschera in legno scolpita del teatro N\u014d, periodo Sh\u014dwa. Firmata Seiun (\u9759\u96f2). Raffigura Oto, una maschera femminile. Eccessivamente paffuta e con evidenti fossette, rappresenta una parodia popolare e di rango inferiore della raffinata maschera Ko-omote nel teatro N\u014d.","breadcrumb":{"@id":"https:\/\/www.supeinnihonto.com\/it\/prodotto\/maschera-no-oto\/#breadcrumb"},"inLanguage":"it-IT","potentialAction":[{"@type":"ReadAction","target":["https:\/\/www.supeinnihonto.com\/it\/prodotto\/maschera-no-oto\/"]}]},{"@type":"ImageObject","inLanguage":"it-IT","@id":"https:\/\/www.supeinnihonto.com\/it\/prodotto\/maschera-no-oto\/#primaryimage","url":"https:\/\/i0.wp.com\/www.supeinnihonto.com\/wp-content\/uploads\/2024\/11\/GEO9333.jpg?fit=2400%2C1842&ssl=1","contentUrl":"https:\/\/i0.wp.com\/www.supeinnihonto.com\/wp-content\/uploads\/2024\/11\/GEO9333.jpg?fit=2400%2C1842&ssl=1","width":2400,"height":1842,"caption":"oto noh mask"},{"@type":"BreadcrumbList","@id":"https:\/\/www.supeinnihonto.com\/it\/prodotto\/maschera-no-oto\/#breadcrumb","itemListElement":[{"@type":"ListItem","position":1,"name":"Portada","item":"https:\/\/www.supeinnihonto.com\/it\/"},{"@type":"ListItem","position":2,"name":"Shop","item":"https:\/\/www.supeinnihonto.com\/it\/shop\/"},{"@type":"ListItem","position":3,"name":"Maschera N\u014d Oto"}]},{"@type":"WebSite","@id":"https:\/\/www.supeinnihonto.com\/it\/#website","url":"https:\/\/www.supeinnihonto.com\/it\/","name":"Supein Nihonto","description":"Authentic japanese Nihonto katana ","publisher":{"@id":"https:\/\/www.supeinnihonto.com\/it\/#organization"},"potentialAction":[{"@type":"SearchAction","target":{"@type":"EntryPoint","urlTemplate":"https:\/\/www.supeinnihonto.com\/it\/?s={search_term_string}"},"query-input":{"@type":"PropertyValueSpecification","valueRequired":true,"valueName":"search_term_string"}}],"inLanguage":"it-IT"},{"@type":"Organization","@id":"https:\/\/www.supeinnihonto.com\/it\/#organization","name":"SupeinNihonto","url":"https:\/\/www.supeinnihonto.com\/it\/","logo":{"@type":"ImageObject","inLanguage":"it-IT","@id":"https:\/\/www.supeinnihonto.com\/it\/#\/schema\/logo\/image\/","url":"https:\/\/www.supeinnihonto.com\/wp-content\/uploads\/2021\/11\/animation_Default_3szk0jcenoloop.gif","contentUrl":"https:\/\/www.supeinnihonto.com\/wp-content\/uploads\/2021\/11\/animation_Default_3szk0jcenoloop.gif","width":750,"height":641,"caption":"SupeinNihonto"},"image":{"@id":"https:\/\/www.supeinnihonto.com\/it\/#\/schema\/logo\/image\/"}}]}},"jetpack-related-posts":[{"id":12778,"url":"https:\/\/www.supeinnihonto.com\/it\/prodotto\/maschera-no-yaseonna\/","url_meta":{"origin":12762,"position":0},"title":"Maschera N\u014d Yaseonna","author":"Eric Majo","date":"7 de Novembre de 2024","format":false,"excerpt":"Maschera in legno scolpita del teatro N\u014d, periodo Sh\u014dwa. Firmata Seiun (\u9759\u96f2). Raffigura lo spirito sofferente di una donna morta a causa dei tormenti di una relazione amorosa. Le maschere N\u014d sono da lungo tempo parte integrante dei rituali religiosi, delle festivit\u00e0 e del teatro giapponese. Rappresentano figure storiche e\u2026","rel":"","context":"Articolo simile","block_context":{"text":"Articolo simile","link":""},"img":{"alt_text":"Noh mask Yaseonna","src":"https:\/\/i0.wp.com\/www.supeinnihonto.com\/wp-content\/uploads\/2024\/11\/GEO9306.webp?fit=1200%2C1107&ssl=1&resize=350%2C200","width":350,"height":200,"srcset":"https:\/\/i0.wp.com\/www.supeinnihonto.com\/wp-content\/uploads\/2024\/11\/GEO9306.webp?fit=1200%2C1107&ssl=1&resize=350%2C200 1x, https:\/\/i0.wp.com\/www.supeinnihonto.com\/wp-content\/uploads\/2024\/11\/GEO9306.webp?fit=1200%2C1107&ssl=1&resize=525%2C300 1.5x, https:\/\/i0.wp.com\/www.supeinnihonto.com\/wp-content\/uploads\/2024\/11\/GEO9306.webp?fit=1200%2C1107&ssl=1&resize=700%2C400 2x, https:\/\/i0.wp.com\/www.supeinnihonto.com\/wp-content\/uploads\/2024\/11\/GEO9306.webp?fit=1200%2C1107&ssl=1&resize=1050%2C600 3x"},"classes":[]},{"id":12534,"url":"https:\/\/www.supeinnihonto.com\/it\/prodotto\/maschera-no-beshimi-akujo\/","url_meta":{"origin":12762,"position":1},"title":"Maschera N\u014d Beshimi Akujo.","author":"Eric Majo","date":"7 de Novembre de 2024","format":false,"excerpt":"Maschera in legno scolpita del teatro N\u014d, firmata Seiun (\u9759\u96f2), periodo Sh\u014dwa. Intaglio di altissima qualit\u00e0. In generale, \u201cAku\u201d significa vizio o male, ma in questo caso indica una ferocia temibile. La maschera Beshimi Akujo \u00e8 quindi interpretata come il volto di una divinit\u00e0 anziana e spaventosa. Le maschere N\u014d\u2026","rel":"","context":"Articolo simile","block_context":{"text":"Articolo simile","link":""},"img":{"alt_text":"Noh mask Beshimi Akujo","src":"https:\/\/i0.wp.com\/www.supeinnihonto.com\/wp-content\/uploads\/2024\/11\/GEO6018.webp?fit=1200%2C1096&ssl=1&resize=350%2C200","width":350,"height":200,"srcset":"https:\/\/i0.wp.com\/www.supeinnihonto.com\/wp-content\/uploads\/2024\/11\/GEO6018.webp?fit=1200%2C1096&ssl=1&resize=350%2C200 1x, https:\/\/i0.wp.com\/www.supeinnihonto.com\/wp-content\/uploads\/2024\/11\/GEO6018.webp?fit=1200%2C1096&ssl=1&resize=525%2C300 1.5x, https:\/\/i0.wp.com\/www.supeinnihonto.com\/wp-content\/uploads\/2024\/11\/GEO6018.webp?fit=1200%2C1096&ssl=1&resize=700%2C400 2x, https:\/\/i0.wp.com\/www.supeinnihonto.com\/wp-content\/uploads\/2024\/11\/GEO6018.webp?fit=1200%2C1096&ssl=1&resize=1050%2C600 3x"},"classes":[]},{"id":12578,"url":"https:\/\/www.supeinnihonto.com\/it\/prodotto\/maschera-no-ko-omote\/","url_meta":{"origin":12762,"position":2},"title":"Maschera N\u014d Ko-omote","author":"Eric Majo","date":"7 de Novembre de 2024","format":false,"excerpt":"Maschera in legno scolpita del teatro N\u014d, periodo Sh\u014dwa. Firmata Seiun (\u9759\u96f2). Raffigura Ko-omote: \u201cKo\u201d significa tenerezza, giovinezza e bellezza, mentre \u201cOmote\u201d significa volto. La maschera mostra il bel volto di una giovane donna dal carattere calmo e sereno. Le maschere N\u014d sono da lungo tempo parte integrante dei rituali\u2026","rel":"","context":"Articolo simile","block_context":{"text":"Articolo simile","link":""},"img":{"alt_text":"Carved wooden mask from the Noh theatre, Showa period. Signed Seiun \u9759\u96f2. Representing Ko omote, \u2018Ko\u2019 means tenderness, youth and beauty. \u2018Omote\u2019 means face. The mask shows the beautiful face of a young woman whose nature is calm and serene.","src":"https:\/\/i0.wp.com\/www.supeinnihonto.com\/wp-content\/uploads\/2024\/11\/GEO9348.webp?fit=1200%2C933&ssl=1&resize=350%2C200","width":350,"height":200,"srcset":"https:\/\/i0.wp.com\/www.supeinnihonto.com\/wp-content\/uploads\/2024\/11\/GEO9348.webp?fit=1200%2C933&ssl=1&resize=350%2C200 1x, https:\/\/i0.wp.com\/www.supeinnihonto.com\/wp-content\/uploads\/2024\/11\/GEO9348.webp?fit=1200%2C933&ssl=1&resize=525%2C300 1.5x, https:\/\/i0.wp.com\/www.supeinnihonto.com\/wp-content\/uploads\/2024\/11\/GEO9348.webp?fit=1200%2C933&ssl=1&resize=700%2C400 2x, https:\/\/i0.wp.com\/www.supeinnihonto.com\/wp-content\/uploads\/2024\/11\/GEO9348.webp?fit=1200%2C933&ssl=1&resize=1050%2C600 3x"},"classes":[]},{"id":12550,"url":"https:\/\/www.supeinnihonto.com\/it\/prodotto\/maschera-no-higaki-onna\/","url_meta":{"origin":12762,"position":3},"title":"Maschera N\u014d Higaki Onna","author":"Eric Majo","date":"7 de Novembre de 2024","format":false,"excerpt":"Maschera in legno scolpita del teatro N\u014d, firmata Seiun (\u9759\u96f2), periodo Sh\u014dwa. Raffigura Higaki Onna (\u6a9c\u57a3\u5973), una donna anziana. Quando la bella danzatrice Higaki era prossima ai cento anni, le fu chiesto di attingere acqua per un nobile, e compose una poesia su questo gesto. Dopo la morte, il suo\u2026","rel":"","context":"Articolo simile","block_context":{"text":"Articolo simile","link":""},"img":{"alt_text":"Noh mask Higakionna","src":"https:\/\/i0.wp.com\/www.supeinnihonto.com\/wp-content\/uploads\/2024\/11\/GEO5855.webp?fit=1200%2C951&ssl=1&resize=350%2C200","width":350,"height":200,"srcset":"https:\/\/i0.wp.com\/www.supeinnihonto.com\/wp-content\/uploads\/2024\/11\/GEO5855.webp?fit=1200%2C951&ssl=1&resize=350%2C200 1x, https:\/\/i0.wp.com\/www.supeinnihonto.com\/wp-content\/uploads\/2024\/11\/GEO5855.webp?fit=1200%2C951&ssl=1&resize=525%2C300 1.5x, https:\/\/i0.wp.com\/www.supeinnihonto.com\/wp-content\/uploads\/2024\/11\/GEO5855.webp?fit=1200%2C951&ssl=1&resize=700%2C400 2x, https:\/\/i0.wp.com\/www.supeinnihonto.com\/wp-content\/uploads\/2024\/11\/GEO5855.webp?fit=1200%2C951&ssl=1&resize=1050%2C600 3x"},"classes":[]},{"id":12558,"url":"https:\/\/www.supeinnihonto.com\/it\/prodotto\/maschera-no-yoroboshi-con-scatola\/","url_meta":{"origin":12762,"position":4},"title":"Maschera N\u014d Yoroboshi con scatola","author":"Eric Majo","date":"7 de Novembre de 2024","format":false,"excerpt":"Maschera in legno scolpita del teatro N\u014d, periodo Sh\u014dwa. Firmata Naohiro Kaneko e datata 1957, con scatola. Maschera N\u014d giapponese firmata raffigurante Yoroboshi (monaco cieco). Le maschere N\u014d sono da lungo tempo parte integrante dei rituali religiosi, delle festivit\u00e0 e del teatro giapponese. Rappresentano figure storiche e spiriti noti come\u2026","rel":"","context":"Articolo simile","block_context":{"text":"Articolo simile","link":""},"img":{"alt_text":"Noh mask Yoroboshi with box","src":"https:\/\/i0.wp.com\/www.supeinnihonto.com\/wp-content\/uploads\/2024\/11\/GEO9415.webp?fit=1200%2C799&ssl=1&resize=350%2C200","width":350,"height":200,"srcset":"https:\/\/i0.wp.com\/www.supeinnihonto.com\/wp-content\/uploads\/2024\/11\/GEO9415.webp?fit=1200%2C799&ssl=1&resize=350%2C200 1x, https:\/\/i0.wp.com\/www.supeinnihonto.com\/wp-content\/uploads\/2024\/11\/GEO9415.webp?fit=1200%2C799&ssl=1&resize=525%2C300 1.5x, https:\/\/i0.wp.com\/www.supeinnihonto.com\/wp-content\/uploads\/2024\/11\/GEO9415.webp?fit=1200%2C799&ssl=1&resize=700%2C400 2x, https:\/\/i0.wp.com\/www.supeinnihonto.com\/wp-content\/uploads\/2024\/11\/GEO9415.webp?fit=1200%2C799&ssl=1&resize=1050%2C600 3x"},"classes":[]},{"id":12570,"url":"https:\/\/www.supeinnihonto.com\/it\/prodotto\/maschera-no-ikazuchi\/","url_meta":{"origin":12762,"position":5},"title":"Maschera N\u014d Ikazuchi","author":"Eric Majo","date":"7 de Novembre de 2024","format":false,"excerpt":"Maschera in legno scolpita del teatro N\u014d, periodo Sh\u014dwa. Firmata Seiun (\u9759\u96f2). Raffigura Ikazuchi, rappresentato come un oni (demone). Colori straordinari e insoliti. Le maschere N\u014d sono da lungo tempo parte integrante dei rituali religiosi, delle festivit\u00e0 e del teatro giapponese. Rappresentano figure storiche e spiriti noti come kami, che\u2026","rel":"","context":"Articolo simile","block_context":{"text":"Articolo simile","link":""},"img":{"alt_text":"Gesneden houten masker uit het N\u014d-theater, Sh\u014dwa-periode. Gesigneerd Seiun (\u9759\u96f2). Voorstelling van Ikazuchi, afgebeeld als een oni (demon).","src":"https:\/\/i0.wp.com\/www.supeinnihonto.com\/wp-content\/uploads\/2024\/11\/GEO9362.webp?fit=1200%2C980&ssl=1&resize=350%2C200","width":350,"height":200,"srcset":"https:\/\/i0.wp.com\/www.supeinnihonto.com\/wp-content\/uploads\/2024\/11\/GEO9362.webp?fit=1200%2C980&ssl=1&resize=350%2C200 1x, https:\/\/i0.wp.com\/www.supeinnihonto.com\/wp-content\/uploads\/2024\/11\/GEO9362.webp?fit=1200%2C980&ssl=1&resize=525%2C300 1.5x, https:\/\/i0.wp.com\/www.supeinnihonto.com\/wp-content\/uploads\/2024\/11\/GEO9362.webp?fit=1200%2C980&ssl=1&resize=700%2C400 2x, https:\/\/i0.wp.com\/www.supeinnihonto.com\/wp-content\/uploads\/2024\/11\/GEO9362.webp?fit=1200%2C980&ssl=1&resize=1050%2C600 3x"},"classes":[]}],"jetpack_sharing_enabled":true,"_links":{"self":[{"href":"https:\/\/www.supeinnihonto.com\/it\/wp-json\/wp\/v2\/product\/12762","targetHints":{"allow":["GET"]}}],"collection":[{"href":"https:\/\/www.supeinnihonto.com\/it\/wp-json\/wp\/v2\/product"}],"about":[{"href":"https:\/\/www.supeinnihonto.com\/it\/wp-json\/wp\/v2\/types\/product"}],"wp:featuredmedia":[{"embeddable":true,"href":"https:\/\/www.supeinnihonto.com\/it\/wp-json\/wp\/v2\/media\/12763"}],"wp:attachment":[{"href":"https:\/\/www.supeinnihonto.com\/it\/wp-json\/wp\/v2\/media?parent=12762"}],"wp:term":[{"taxonomy":"product_brand","embeddable":true,"href":"https:\/\/www.supeinnihonto.com\/it\/wp-json\/wp\/v2\/product_brand?post=12762"},{"taxonomy":"product_cat","embeddable":true,"href":"https:\/\/www.supeinnihonto.com\/it\/wp-json\/wp\/v2\/product_cat?post=12762"},{"taxonomy":"product_tag","embeddable":true,"href":"https:\/\/www.supeinnihonto.com\/it\/wp-json\/wp\/v2\/product_tag?post=12762"}],"curies":[{"name":"wp","href":"https:\/\/api.w.org\/{rel}","templated":true}]}}