{"id":12526,"date":"2024-11-07T08:47:43","date_gmt":"2024-11-07T08:47:43","guid":{"rendered":"https:\/\/www.supeinnihonto.com\/product\/noh-mask-kumasaka\/"},"modified":"2025-12-20T19:21:36","modified_gmt":"2025-12-20T19:21:36","slug":"noh-mask-kumasaka","status":"publish","type":"product","link":"https:\/\/www.supeinnihonto.com\/it\/prodotto\/noh-mask-kumasaka\/","title":{"rendered":"Noh mask kumasaka"},"content":{"rendered":"<p data-start=\"1988\" data-end=\"2485\">Maschera in legno scolpita del teatro N\u014d, firmata, periodo Sh\u014dwa. Ottima riproduzione del <em data-start=\"2078\" data-end=\"2088\">Kumasaka<\/em> di H\u014drai (\u5b9d\u6765). Splendida colorazione, occhi in ottone. Raffigura Kumasaka no Ch\u014dhan (\u718a\u5742\u9577\u7bc4), un potente brigante. Sebbene le dimensioni e i tratti di <em data-start=\"2238\" data-end=\"2248\">Kumasaka<\/em> rivelino un carattere forte, la maschera lascia intravedere anche un tocco comico. Profondi solchi laterali ai lati della bocca enfatizzano la forza con cui <em data-start=\"2406\" data-end=\"2416\">Kumasaka<\/em> serra con decisione \u2014 quasi in modo ridicolo \u2014 la sua ampia bocca.<\/p>\n<p data-start=\"2487\" data-end=\"2849\">Le maschere N\u014d sono da lungo tempo parte integrante dei rituali religiosi, delle festivit\u00e0 e del teatro giapponese. Rappresentano figure storiche e spiriti noti come <em data-start=\"2653\" data-end=\"2659\">kami<\/em>, che hanno origine nelle credenze indigene del Giappone. Tradizionalmente, la maschera simboleggia la \u201cpossessione\u201d, trasformando chi la indossa nel <em data-start=\"2809\" data-end=\"2815\">kami<\/em> o nella sua incarnazione umana.<\/p>\n<p data-start=\"2851\" data-end=\"2879\">Scala 1:1 (circa 20 \u00d7 15 cm)<\/p>\n<p>&nbsp;<\/p>\n","protected":false},"excerpt":{"rendered":"<p>Maschera in legno scolpita del teatro N\u014d, firmata, periodo Sh\u014dwa. Ottima riproduzione del Kumasaka di H\u014drai (\u5b9d\u6765). Splendida colorazione, occhi in ottone. Raffigura Kumasaka no Ch\u014dhan (\u718a\u5742\u9577\u7bc4), un potente brigante. Sebbene le dimensioni e i tratti di Kumasaka rivelino un carattere forte, la maschera lascia intravedere anche un tocco comico. [&hellip;]<\/p>\n","protected":false},"featured_media":38729,"template":"","meta":{"jetpack_post_was_ever_published":false},"product_brand":[],"product_cat":[742],"product_tag":[777,779,763],"class_list":{"0":"post-12526","1":"product","2":"type-product","3":"status-publish","4":"has-post-thumbnail","6":"product_cat-noh-masks","7":"product_tag-noh-mask","8":"product_tag-noh-theater","9":"product_tag-wood-noh-mask","10":"product_shipping_class-tosogu","12":"first","13":"instock","14":"featured","15":"shipping-taxable","16":"purchasable","17":"product-type-simple"},"yoast_head":"<!-- This site is optimized with the Yoast SEO plugin v27.5 - https:\/\/yoast.com\/product\/yoast-seo-wordpress\/ -->\n<title>Noh mask kumasaka - Supein Nihonto<\/title>\n<meta name=\"description\" content=\"Maschera in legno scolpita del teatro N\u014d, firmata, periodo Sh\u014dwa. Ottima riproduzione del Kumasaka di H\u014drai (\u5b9d\u6765). Splendida colorazione, occhi in ottone. Raffigura Kumasaka no Ch\u014dhan (\u718a\u5742\u9577\u7bc4), un potente brigante. Sebbene le dimensioni e i tratti di Kumasaka rivelino un carattere forte, la maschera lascia intravedere anche un tocco comico.\" \/>\n<meta name=\"robots\" content=\"index, follow, max-snippet:-1, max-image-preview:large, max-video-preview:-1\" \/>\n<link rel=\"canonical\" href=\"https:\/\/www.supeinnihonto.com\/it\/prodotto\/noh-mask-kumasaka\/\" \/>\n<meta property=\"og:locale\" content=\"it_IT\" \/>\n<meta property=\"og:type\" content=\"article\" \/>\n<meta property=\"og:title\" content=\"Noh mask kumasaka - Supein Nihonto\" \/>\n<meta property=\"og:description\" content=\"Maschera in legno scolpita del teatro N\u014d, firmata, periodo Sh\u014dwa. Ottima riproduzione del Kumasaka di H\u014drai (\u5b9d\u6765). Splendida colorazione, occhi in ottone. Raffigura Kumasaka no Ch\u014dhan (\u718a\u5742\u9577\u7bc4), un potente brigante. Sebbene le dimensioni e i tratti di Kumasaka rivelino un carattere forte, la maschera lascia intravedere anche un tocco comico.\" \/>\n<meta property=\"og:url\" content=\"https:\/\/www.supeinnihonto.com\/it\/prodotto\/noh-mask-kumasaka\/\" \/>\n<meta property=\"og:site_name\" content=\"Supein Nihonto\" \/>\n<meta property=\"article:modified_time\" content=\"2025-12-20T19:21:36+00:00\" \/>\n<meta property=\"og:image\" content=\"https:\/\/www.supeinnihonto.com\/wp-content\/uploads\/2024\/11\/GEO8641.webp\" \/>\n\t<meta property=\"og:image:width\" content=\"2048\" \/>\n\t<meta property=\"og:image:height\" content=\"1839\" \/>\n\t<meta property=\"og:image:type\" content=\"image\/webp\" \/>\n<meta name=\"twitter:card\" content=\"summary_large_image\" \/>\n<meta name=\"twitter:label1\" content=\"Tempo di lettura stimato\" \/>\n\t<meta name=\"twitter:data1\" content=\"1 minuto\" \/>\n<script type=\"application\/ld+json\" class=\"yoast-schema-graph\">{\"@context\":\"https:\\\/\\\/schema.org\",\"@graph\":[{\"@type\":\"WebPage\",\"@id\":\"https:\\\/\\\/www.supeinnihonto.com\\\/it\\\/prodotto\\\/noh-mask-kumasaka\\\/\",\"url\":\"https:\\\/\\\/www.supeinnihonto.com\\\/it\\\/prodotto\\\/noh-mask-kumasaka\\\/\",\"name\":\"Noh mask kumasaka - Supein Nihonto\",\"isPartOf\":{\"@id\":\"https:\\\/\\\/www.supeinnihonto.com\\\/it\\\/#website\"},\"primaryImageOfPage\":{\"@id\":\"https:\\\/\\\/www.supeinnihonto.com\\\/it\\\/prodotto\\\/noh-mask-kumasaka\\\/#primaryimage\"},\"image\":{\"@id\":\"https:\\\/\\\/www.supeinnihonto.com\\\/it\\\/prodotto\\\/noh-mask-kumasaka\\\/#primaryimage\"},\"thumbnailUrl\":\"https:\\\/\\\/i0.wp.com\\\/www.supeinnihonto.com\\\/wp-content\\\/uploads\\\/2024\\\/11\\\/GEO8641.webp?fit=2048%2C1839&ssl=1\",\"datePublished\":\"2024-11-07T08:47:43+00:00\",\"dateModified\":\"2025-12-20T19:21:36+00:00\",\"description\":\"Maschera in legno scolpita del teatro N\u014d, firmata, periodo Sh\u014dwa. Ottima riproduzione del Kumasaka di H\u014drai (\u5b9d\u6765). Splendida colorazione, occhi in ottone. Raffigura Kumasaka no Ch\u014dhan (\u718a\u5742\u9577\u7bc4), un potente brigante. Sebbene le dimensioni e i tratti di Kumasaka rivelino un carattere forte, la maschera lascia intravedere anche un tocco comico.\",\"breadcrumb\":{\"@id\":\"https:\\\/\\\/www.supeinnihonto.com\\\/it\\\/prodotto\\\/noh-mask-kumasaka\\\/#breadcrumb\"},\"inLanguage\":\"it-IT\",\"potentialAction\":[{\"@type\":\"ReadAction\",\"target\":[\"https:\\\/\\\/www.supeinnihonto.com\\\/it\\\/prodotto\\\/noh-mask-kumasaka\\\/\"]}]},{\"@type\":\"ImageObject\",\"inLanguage\":\"it-IT\",\"@id\":\"https:\\\/\\\/www.supeinnihonto.com\\\/it\\\/prodotto\\\/noh-mask-kumasaka\\\/#primaryimage\",\"url\":\"https:\\\/\\\/i0.wp.com\\\/www.supeinnihonto.com\\\/wp-content\\\/uploads\\\/2024\\\/11\\\/GEO8641.webp?fit=2048%2C1839&ssl=1\",\"contentUrl\":\"https:\\\/\\\/i0.wp.com\\\/www.supeinnihonto.com\\\/wp-content\\\/uploads\\\/2024\\\/11\\\/GEO8641.webp?fit=2048%2C1839&ssl=1\",\"width\":2048,\"height\":1839,\"caption\":\"Noh mask kumasaka\"},{\"@type\":\"BreadcrumbList\",\"@id\":\"https:\\\/\\\/www.supeinnihonto.com\\\/it\\\/prodotto\\\/noh-mask-kumasaka\\\/#breadcrumb\",\"itemListElement\":[{\"@type\":\"ListItem\",\"position\":1,\"name\":\"Portada\",\"item\":\"https:\\\/\\\/www.supeinnihonto.com\\\/it\\\/\"},{\"@type\":\"ListItem\",\"position\":2,\"name\":\"Shop\",\"item\":\"https:\\\/\\\/www.supeinnihonto.com\\\/it\\\/shop\\\/\"},{\"@type\":\"ListItem\",\"position\":3,\"name\":\"Noh mask kumasaka\"}]},{\"@type\":\"WebSite\",\"@id\":\"https:\\\/\\\/www.supeinnihonto.com\\\/it\\\/#website\",\"url\":\"https:\\\/\\\/www.supeinnihonto.com\\\/it\\\/\",\"name\":\"Supein Nihonto\",\"description\":\"Authentic japanese Nihonto katana \",\"publisher\":{\"@id\":\"https:\\\/\\\/www.supeinnihonto.com\\\/it\\\/#organization\"},\"potentialAction\":[{\"@type\":\"SearchAction\",\"target\":{\"@type\":\"EntryPoint\",\"urlTemplate\":\"https:\\\/\\\/www.supeinnihonto.com\\\/it\\\/?s={search_term_string}\"},\"query-input\":{\"@type\":\"PropertyValueSpecification\",\"valueRequired\":true,\"valueName\":\"search_term_string\"}}],\"inLanguage\":\"it-IT\"},{\"@type\":\"Organization\",\"@id\":\"https:\\\/\\\/www.supeinnihonto.com\\\/it\\\/#organization\",\"name\":\"SupeinNihonto\",\"url\":\"https:\\\/\\\/www.supeinnihonto.com\\\/it\\\/\",\"logo\":{\"@type\":\"ImageObject\",\"inLanguage\":\"it-IT\",\"@id\":\"https:\\\/\\\/www.supeinnihonto.com\\\/it\\\/#\\\/schema\\\/logo\\\/image\\\/\",\"url\":\"https:\\\/\\\/www.supeinnihonto.com\\\/wp-content\\\/uploads\\\/2021\\\/11\\\/animation_Default_3szk0jcenoloop.gif\",\"contentUrl\":\"https:\\\/\\\/www.supeinnihonto.com\\\/wp-content\\\/uploads\\\/2021\\\/11\\\/animation_Default_3szk0jcenoloop.gif\",\"width\":750,\"height\":641,\"caption\":\"SupeinNihonto\"},\"image\":{\"@id\":\"https:\\\/\\\/www.supeinnihonto.com\\\/it\\\/#\\\/schema\\\/logo\\\/image\\\/\"}}]}<\/script>\n<!-- \/ Yoast SEO plugin. -->","yoast_head_json":{"title":"Noh mask kumasaka - Supein Nihonto","description":"Maschera in legno scolpita del teatro N\u014d, firmata, periodo Sh\u014dwa. Ottima riproduzione del Kumasaka di H\u014drai (\u5b9d\u6765). Splendida colorazione, occhi in ottone. Raffigura Kumasaka no Ch\u014dhan (\u718a\u5742\u9577\u7bc4), un potente brigante. Sebbene le dimensioni e i tratti di Kumasaka rivelino un carattere forte, la maschera lascia intravedere anche un tocco comico.","robots":{"index":"index","follow":"follow","max-snippet":"max-snippet:-1","max-image-preview":"max-image-preview:large","max-video-preview":"max-video-preview:-1"},"canonical":"https:\/\/www.supeinnihonto.com\/it\/prodotto\/noh-mask-kumasaka\/","og_locale":"it_IT","og_type":"article","og_title":"Noh mask kumasaka - Supein Nihonto","og_description":"Maschera in legno scolpita del teatro N\u014d, firmata, periodo Sh\u014dwa. Ottima riproduzione del Kumasaka di H\u014drai (\u5b9d\u6765). Splendida colorazione, occhi in ottone. Raffigura Kumasaka no Ch\u014dhan (\u718a\u5742\u9577\u7bc4), un potente brigante. Sebbene le dimensioni e i tratti di Kumasaka rivelino un carattere forte, la maschera lascia intravedere anche un tocco comico.","og_url":"https:\/\/www.supeinnihonto.com\/it\/prodotto\/noh-mask-kumasaka\/","og_site_name":"Supein Nihonto","article_modified_time":"2025-12-20T19:21:36+00:00","og_image":[{"width":2048,"height":1839,"url":"https:\/\/www.supeinnihonto.com\/wp-content\/uploads\/2024\/11\/GEO8641.webp","type":"image\/webp"}],"twitter_card":"summary_large_image","twitter_misc":{"Tempo di lettura stimato":"1 minuto"},"schema":{"@context":"https:\/\/schema.org","@graph":[{"@type":"WebPage","@id":"https:\/\/www.supeinnihonto.com\/it\/prodotto\/noh-mask-kumasaka\/","url":"https:\/\/www.supeinnihonto.com\/it\/prodotto\/noh-mask-kumasaka\/","name":"Noh mask kumasaka - Supein Nihonto","isPartOf":{"@id":"https:\/\/www.supeinnihonto.com\/it\/#website"},"primaryImageOfPage":{"@id":"https:\/\/www.supeinnihonto.com\/it\/prodotto\/noh-mask-kumasaka\/#primaryimage"},"image":{"@id":"https:\/\/www.supeinnihonto.com\/it\/prodotto\/noh-mask-kumasaka\/#primaryimage"},"thumbnailUrl":"https:\/\/i0.wp.com\/www.supeinnihonto.com\/wp-content\/uploads\/2024\/11\/GEO8641.webp?fit=2048%2C1839&ssl=1","datePublished":"2024-11-07T08:47:43+00:00","dateModified":"2025-12-20T19:21:36+00:00","description":"Maschera in legno scolpita del teatro N\u014d, firmata, periodo Sh\u014dwa. Ottima riproduzione del Kumasaka di H\u014drai (\u5b9d\u6765). Splendida colorazione, occhi in ottone. Raffigura Kumasaka no Ch\u014dhan (\u718a\u5742\u9577\u7bc4), un potente brigante. Sebbene le dimensioni e i tratti di Kumasaka rivelino un carattere forte, la maschera lascia intravedere anche un tocco comico.","breadcrumb":{"@id":"https:\/\/www.supeinnihonto.com\/it\/prodotto\/noh-mask-kumasaka\/#breadcrumb"},"inLanguage":"it-IT","potentialAction":[{"@type":"ReadAction","target":["https:\/\/www.supeinnihonto.com\/it\/prodotto\/noh-mask-kumasaka\/"]}]},{"@type":"ImageObject","inLanguage":"it-IT","@id":"https:\/\/www.supeinnihonto.com\/it\/prodotto\/noh-mask-kumasaka\/#primaryimage","url":"https:\/\/i0.wp.com\/www.supeinnihonto.com\/wp-content\/uploads\/2024\/11\/GEO8641.webp?fit=2048%2C1839&ssl=1","contentUrl":"https:\/\/i0.wp.com\/www.supeinnihonto.com\/wp-content\/uploads\/2024\/11\/GEO8641.webp?fit=2048%2C1839&ssl=1","width":2048,"height":1839,"caption":"Noh mask kumasaka"},{"@type":"BreadcrumbList","@id":"https:\/\/www.supeinnihonto.com\/it\/prodotto\/noh-mask-kumasaka\/#breadcrumb","itemListElement":[{"@type":"ListItem","position":1,"name":"Portada","item":"https:\/\/www.supeinnihonto.com\/it\/"},{"@type":"ListItem","position":2,"name":"Shop","item":"https:\/\/www.supeinnihonto.com\/it\/shop\/"},{"@type":"ListItem","position":3,"name":"Noh mask kumasaka"}]},{"@type":"WebSite","@id":"https:\/\/www.supeinnihonto.com\/it\/#website","url":"https:\/\/www.supeinnihonto.com\/it\/","name":"Supein Nihonto","description":"Authentic japanese Nihonto katana ","publisher":{"@id":"https:\/\/www.supeinnihonto.com\/it\/#organization"},"potentialAction":[{"@type":"SearchAction","target":{"@type":"EntryPoint","urlTemplate":"https:\/\/www.supeinnihonto.com\/it\/?s={search_term_string}"},"query-input":{"@type":"PropertyValueSpecification","valueRequired":true,"valueName":"search_term_string"}}],"inLanguage":"it-IT"},{"@type":"Organization","@id":"https:\/\/www.supeinnihonto.com\/it\/#organization","name":"SupeinNihonto","url":"https:\/\/www.supeinnihonto.com\/it\/","logo":{"@type":"ImageObject","inLanguage":"it-IT","@id":"https:\/\/www.supeinnihonto.com\/it\/#\/schema\/logo\/image\/","url":"https:\/\/www.supeinnihonto.com\/wp-content\/uploads\/2021\/11\/animation_Default_3szk0jcenoloop.gif","contentUrl":"https:\/\/www.supeinnihonto.com\/wp-content\/uploads\/2021\/11\/animation_Default_3szk0jcenoloop.gif","width":750,"height":641,"caption":"SupeinNihonto"},"image":{"@id":"https:\/\/www.supeinnihonto.com\/it\/#\/schema\/logo\/image\/"}}]}},"jetpack-related-posts":[{"id":45208,"url":"https:\/\/www.supeinnihonto.com\/nl\/product\/marugata-koperen-tsuba-met-koi-motief-nbthk-hozon-gecertificeerd-5\/","url_meta":{"origin":12526,"position":0},"title":"Marugata koperen tsuba met koi-motief, NBTHK Hozon-gecertificeerd","author":"Eric Majo","date":"1 de Marzo de 2026","format":false,"excerpt":"ITEM: Wordt geleverd met certificaat van Supein Nihonto. Inclusief NBTHK Hozon-certificaat. Inclusief houten doos. Prachtige koperen tsuba uit de 19e eeuw, gesigneerd, met rand en reli\u00ebfs in shakud\u014d (legering van goud en koper), waarop een karper is afgebeeld met ogen ingelegd in goud. Een uniek kunstwerk.De koi-karper wordt in de\u2026","rel":"","context":"Articolo simile","block_context":{"text":"Articolo simile","link":""},"img":{"alt_text":"Iron dragon Edo tsuba for sale","src":"https:\/\/i0.wp.com\/www.supeinnihonto.com\/wp-content\/uploads\/2026\/03\/DSC_6506-scaled.jpg?fit=1200%2C800&ssl=1&resize=350%2C200","width":350,"height":200,"srcset":"https:\/\/i0.wp.com\/www.supeinnihonto.com\/wp-content\/uploads\/2026\/03\/DSC_6506-scaled.jpg?fit=1200%2C800&ssl=1&resize=350%2C200 1x, https:\/\/i0.wp.com\/www.supeinnihonto.com\/wp-content\/uploads\/2026\/03\/DSC_6506-scaled.jpg?fit=1200%2C800&ssl=1&resize=525%2C300 1.5x, https:\/\/i0.wp.com\/www.supeinnihonto.com\/wp-content\/uploads\/2026\/03\/DSC_6506-scaled.jpg?fit=1200%2C800&ssl=1&resize=700%2C400 2x, https:\/\/i0.wp.com\/www.supeinnihonto.com\/wp-content\/uploads\/2026\/03\/DSC_6506-scaled.jpg?fit=1200%2C800&ssl=1&resize=1050%2C600 3x"},"classes":[]},{"id":41311,"url":"https:\/\/www.supeinnihonto.com\/fr\/produit\/suji-bachi-kabuto-2\/","url_meta":{"origin":12526,"position":1},"title":"Suji Bachi Kabuto","author":"Eric Majo","date":"17 de Gennaio de 2026","format":false,"excerpt":"\u00c0 propos de nous : Nos photographies sont prises sans retouche ni photoshop afin de garantir que le client puisse juger de la r\u00e9alit\u00e9 de l\u2019objet. Gr\u00e2ce \u00e0 un travail constant directement avec les meilleurs collectionneurs, mus\u00e9es et galeries au Japon et \u00e0 notre amiti\u00e9 avec eux, ainsi qu\u2019\u00e0 une\u2026","rel":"","context":"Articolo simile","block_context":{"text":"Articolo simile","link":""},"img":{"alt_text":"Samurai armor yoroi gusoku for sale \/ Samurai armor yoroi gusoku a katana Samurai armor yoroi gusoku zu verkaufen \/ Samurai armor yoroi gusoku kaufen Samurai armor yoroi gusoku in vendita \/ Acquistare Samurai armor yoroi gusoku Samurai armor yoroi gusoku \u00e0 venda \/ Comprar Samurai armor yoroi gusoku Samurai armor yoroi gusoku \u00e0 vendre \/ Acheter un Samurai armor yoroi gusoku Samurai armor yoroi gusoku te koop \/ Samurai armor yoroi gusoku katana kopen Samurai armor yoroi gusoku na predaj \/ K\u00fapi\u0165 Samurai armor yoroi gusoku Samurai armor yoroi gusoku za prodajo \/ Kupite Samurai armor yoroi gusoku Samurai armor yoroi gusoku zum Verkaf \/ Kaaft eng Samurai armor yoroi gusoku Samurai armor yoroi gusoku na sprzeda\u017c \/ Kup Samurai armor yoroi gusoku Kabuto samurai helmet","src":"https:\/\/i0.wp.com\/www.supeinnihonto.com\/wp-content\/uploads\/2026\/01\/GEO0522-scaled.jpg?fit=1200%2C939&ssl=1&resize=350%2C200","width":350,"height":200,"srcset":"https:\/\/i0.wp.com\/www.supeinnihonto.com\/wp-content\/uploads\/2026\/01\/GEO0522-scaled.jpg?fit=1200%2C939&ssl=1&resize=350%2C200 1x, https:\/\/i0.wp.com\/www.supeinnihonto.com\/wp-content\/uploads\/2026\/01\/GEO0522-scaled.jpg?fit=1200%2C939&ssl=1&resize=525%2C300 1.5x, https:\/\/i0.wp.com\/www.supeinnihonto.com\/wp-content\/uploads\/2026\/01\/GEO0522-scaled.jpg?fit=1200%2C939&ssl=1&resize=700%2C400 2x, https:\/\/i0.wp.com\/www.supeinnihonto.com\/wp-content\/uploads\/2026\/01\/GEO0522-scaled.jpg?fit=1200%2C939&ssl=1&resize=1050%2C600 3x"},"classes":[]},{"id":39175,"url":"https:\/\/www.supeinnihonto.com\/fr\/produit\/suji-bachi-kabuto-4\/","url_meta":{"origin":12526,"position":2},"title":"Suji Bachi Kabuto","author":"Eric Majo","date":"26 de Dicembre de 2025","format":false,"excerpt":"\u00c0 propos de nous : Nos photographies sont prises sans retouche ni photoshop afin de garantir que le client puisse juger de la r\u00e9alit\u00e9 de l\u2019objet. Gr\u00e2ce \u00e0 un travail constant directement avec les meilleurs collectionneurs, mus\u00e9es et galeries au Japon et \u00e0 notre amiti\u00e9 avec eux, ainsi qu\u2019\u00e0 une\u2026","rel":"","context":"Articolo simile","block_context":{"text":"Articolo simile","link":""},"img":{"alt_text":"Sold","src":"https:\/\/i0.wp.com\/www.supeinnihonto.com\/wp-content\/uploads\/2024\/01\/logo-sold-scaled.png?fit=1200%2C720&ssl=1&resize=350%2C200","width":350,"height":200,"srcset":"https:\/\/i0.wp.com\/www.supeinnihonto.com\/wp-content\/uploads\/2024\/01\/logo-sold-scaled.png?fit=1200%2C720&ssl=1&resize=350%2C200 1x, https:\/\/i0.wp.com\/www.supeinnihonto.com\/wp-content\/uploads\/2024\/01\/logo-sold-scaled.png?fit=1200%2C720&ssl=1&resize=525%2C300 1.5x, https:\/\/i0.wp.com\/www.supeinnihonto.com\/wp-content\/uploads\/2024\/01\/logo-sold-scaled.png?fit=1200%2C720&ssl=1&resize=700%2C400 2x, https:\/\/i0.wp.com\/www.supeinnihonto.com\/wp-content\/uploads\/2024\/01\/logo-sold-scaled.png?fit=1200%2C720&ssl=1&resize=1050%2C600 3x"},"classes":[]},{"id":45207,"url":"https:\/\/www.supeinnihonto.com\/prodotto\/iron-marugata-tsuba-dragon\/","url_meta":{"origin":12526,"position":3},"title":"Iron Marugata Tsuba Dragon","author":"Eric Majo","date":"1 de Marzo de 2026","format":false,"excerpt":"ITEM: It Comes with certificate of SupeinNihonto. Comes with wood box. Iron Tsuba for Katana \u2013 Dragon in Relief (Edo Period) Iron mokk\u014d-gata tsuba forged from a solid plate and decorated in high relief with a sinuous dragon that travels along the right and lower perimeter. The carving shows convincing\u2026","rel":"","context":"Articolo simile","block_context":{"text":"Articolo simile","link":""},"img":{"alt_text":"Iron dragon Edo tsuba for sale","src":"https:\/\/i0.wp.com\/www.supeinnihonto.com\/wp-content\/uploads\/2026\/03\/DSC_6506-scaled.jpg?fit=1200%2C800&ssl=1&resize=350%2C200","width":350,"height":200,"srcset":"https:\/\/i0.wp.com\/www.supeinnihonto.com\/wp-content\/uploads\/2026\/03\/DSC_6506-scaled.jpg?fit=1200%2C800&ssl=1&resize=350%2C200 1x, https:\/\/i0.wp.com\/www.supeinnihonto.com\/wp-content\/uploads\/2026\/03\/DSC_6506-scaled.jpg?fit=1200%2C800&ssl=1&resize=525%2C300 1.5x, https:\/\/i0.wp.com\/www.supeinnihonto.com\/wp-content\/uploads\/2026\/03\/DSC_6506-scaled.jpg?fit=1200%2C800&ssl=1&resize=700%2C400 2x, https:\/\/i0.wp.com\/www.supeinnihonto.com\/wp-content\/uploads\/2026\/03\/DSC_6506-scaled.jpg?fit=1200%2C800&ssl=1&resize=1050%2C600 3x"},"classes":[]},{"id":45167,"url":"https:\/\/www.supeinnihonto.com\/fr\/produit\/tsuba-marugata-en-cuivre-a-motif-de-carpe-koi-certifiee-nbthk-hozon-7\/","url_meta":{"origin":12526,"position":4},"title":"Tsuba marugata en cuivre \u00e0 motif de carpe (koi), certifi\u00e9e NBTHK Hozon.","author":"Eric Majo","date":"1 de Marzo de 2026","format":false,"excerpt":"ARTICLE : Livr\u00e9 avec certificat de Supein Nihonto. Livr\u00e9 avec certificat NBTHK Hozon. Fourni avec une bo\u00eete en bois. Magnifique tsuba en cuivre du XIX\u1d49 si\u00e8cle, sign\u00e9e, avec bordure et reliefs en shakud\u014d (alliage d\u2019or et de cuivre), repr\u00e9sentant une carpe dont les yeux sont sertis d\u2019or. Une \u0153uvre d\u2019art\u2026","rel":"","context":"Articolo simile","block_context":{"text":"Articolo simile","link":""},"img":{"alt_text":"","src":"https:\/\/i0.wp.com\/www.supeinnihonto.com\/wp-content\/uploads\/2026\/03\/DSC_6492-scaled.jpg?fit=1200%2C800&ssl=1&resize=350%2C200","width":350,"height":200,"srcset":"https:\/\/i0.wp.com\/www.supeinnihonto.com\/wp-content\/uploads\/2026\/03\/DSC_6492-scaled.jpg?fit=1200%2C800&ssl=1&resize=350%2C200 1x, https:\/\/i0.wp.com\/www.supeinnihonto.com\/wp-content\/uploads\/2026\/03\/DSC_6492-scaled.jpg?fit=1200%2C800&ssl=1&resize=525%2C300 1.5x, https:\/\/i0.wp.com\/www.supeinnihonto.com\/wp-content\/uploads\/2026\/03\/DSC_6492-scaled.jpg?fit=1200%2C800&ssl=1&resize=700%2C400 2x, https:\/\/i0.wp.com\/www.supeinnihonto.com\/wp-content\/uploads\/2026\/03\/DSC_6492-scaled.jpg?fit=1200%2C800&ssl=1&resize=1050%2C600 3x"},"classes":[]},{"id":45120,"url":"https:\/\/www.supeinnihonto.com\/fr\/produit\/tsuba-marugata-en-cuivre-a-motif-de-carpe-koi-certifiee-nbthk-hozon-9\/","url_meta":{"origin":12526,"position":5},"title":"Tsuba marugata en cuivre \u00e0 motif de carpe (koi), certifi\u00e9e NBTHK Hozon.","author":"Eric Majo","date":"1 de Marzo de 2026","format":false,"excerpt":"ARTICLE : Livr\u00e9 avec certificat de Supein Nihonto. Livr\u00e9 avec certificat NBTHK Hozon. Fourni avec une bo\u00eete en bois. Magnifique tsuba en cuivre du XIX\u1d49 si\u00e8cle, sign\u00e9e, avec bordure et reliefs en shakud\u014d (alliage d\u2019or et de cuivre), repr\u00e9sentant une carpe dont les yeux sont sertis d\u2019or. Une \u0153uvre d\u2019art\u2026","rel":"","context":"Articolo simile","block_context":{"text":"Articolo simile","link":""},"img":{"alt_text":"","src":"https:\/\/i0.wp.com\/www.supeinnihonto.com\/wp-content\/uploads\/2026\/03\/DSC_6430-scaled.jpg?fit=1200%2C800&ssl=1&resize=350%2C200","width":350,"height":200,"srcset":"https:\/\/i0.wp.com\/www.supeinnihonto.com\/wp-content\/uploads\/2026\/03\/DSC_6430-scaled.jpg?fit=1200%2C800&ssl=1&resize=350%2C200 1x, https:\/\/i0.wp.com\/www.supeinnihonto.com\/wp-content\/uploads\/2026\/03\/DSC_6430-scaled.jpg?fit=1200%2C800&ssl=1&resize=525%2C300 1.5x, https:\/\/i0.wp.com\/www.supeinnihonto.com\/wp-content\/uploads\/2026\/03\/DSC_6430-scaled.jpg?fit=1200%2C800&ssl=1&resize=700%2C400 2x, https:\/\/i0.wp.com\/www.supeinnihonto.com\/wp-content\/uploads\/2026\/03\/DSC_6430-scaled.jpg?fit=1200%2C800&ssl=1&resize=1050%2C600 3x"},"classes":[]}],"jetpack_sharing_enabled":true,"_links":{"self":[{"href":"https:\/\/www.supeinnihonto.com\/it\/wp-json\/wp\/v2\/product\/12526","targetHints":{"allow":["GET"]}}],"collection":[{"href":"https:\/\/www.supeinnihonto.com\/it\/wp-json\/wp\/v2\/product"}],"about":[{"href":"https:\/\/www.supeinnihonto.com\/it\/wp-json\/wp\/v2\/types\/product"}],"wp:featuredmedia":[{"embeddable":true,"href":"https:\/\/www.supeinnihonto.com\/it\/wp-json\/wp\/v2\/media\/38729"}],"wp:attachment":[{"href":"https:\/\/www.supeinnihonto.com\/it\/wp-json\/wp\/v2\/media?parent=12526"}],"wp:term":[{"taxonomy":"product_brand","embeddable":true,"href":"https:\/\/www.supeinnihonto.com\/it\/wp-json\/wp\/v2\/product_brand?post=12526"},{"taxonomy":"product_cat","embeddable":true,"href":"https:\/\/www.supeinnihonto.com\/it\/wp-json\/wp\/v2\/product_cat?post=12526"},{"taxonomy":"product_tag","embeddable":true,"href":"https:\/\/www.supeinnihonto.com\/it\/wp-json\/wp\/v2\/product_tag?post=12526"}],"curies":[{"name":"wp","href":"https:\/\/api.w.org\/{rel}","templated":true}]}}