{"id":12465,"date":"2024-11-07T12:25:22","date_gmt":"2024-11-07T12:25:22","guid":{"rendered":"https:\/\/www.supeinnihonto.com\/product\/netsuke-resting-dog-wood\/"},"modified":"2025-12-20T18:24:43","modified_gmt":"2025-12-20T18:24:43","slug":"netsuke-in-legno-raffigurante-un-cane-a-riposo","status":"publish","type":"product","link":"https:\/\/www.supeinnihonto.com\/it\/prodotto\/netsuke-in-legno-raffigurante-un-cane-a-riposo\/","title":{"rendered":"Netsuke in legno raffigurante un cane a riposo"},"content":{"rendered":"<p data-start=\"650\" data-end=\"672\"><strong>Spedizione gratuita.<\/strong><\/p>\n<p data-start=\"674\" data-end=\"872\">Grazioso e spiritoso netsuke raffigurante un cane sdraiato su una stuoia, firmato alla base. Occhi inseriti in corno nero. Bella patina e piacevole tonalit\u00e0 del legno. Seconda met\u00e0 del XIX secolo.<\/p>\n<p data-start=\"874\" data-end=\"890\">4,2 \u00d7 4,2 \u00d7 3 cm<\/p>\n","protected":false},"excerpt":{"rendered":"<p>Spedizione gratuita. Grazioso e spiritoso netsuke raffigurante un cane sdraiato su una stuoia, firmato alla base. Occhi inseriti in corno nero. Bella patina e piacevole tonalit\u00e0 del legno. Seconda met\u00e0 del XIX secolo. 4,2 \u00d7 4,2 \u00d7 3 cm<\/p>\n","protected":false},"featured_media":12467,"template":"","meta":{"jetpack_post_was_ever_published":false},"product_brand":[],"product_cat":[740],"product_tag":[800,797,764],"class_list":{"0":"post-12465","1":"product","2":"type-product","3":"status-publish","4":"has-post-thumbnail","6":"product_cat-netsuke","7":"product_tag-netsuke","8":"product_tag-okimono","9":"product_tag-wood","10":"product_shipping_class-tosogu","12":"first","13":"instock","14":"featured","15":"sold-individually","16":"shipping-taxable","17":"purchasable","18":"product-type-simple"},"yoast_head":"<!-- This site is optimized with the Yoast SEO plugin v27.3 - https:\/\/yoast.com\/product\/yoast-seo-wordpress\/ -->\n<title>Netsuke in legno raffigurante un cane a riposo - Supein Nihonto<\/title>\n<meta name=\"description\" content=\"Grazioso e spiritoso netsuke raffigurante un cane a riposo su una stuoia, firmato alla base. Occhi inseriti in corno nero. Bella patina e piacevole colore del legno. Seconda met\u00e0 del XIX secolo.\" \/>\n<meta name=\"robots\" content=\"index, follow, max-snippet:-1, max-image-preview:large, max-video-preview:-1\" \/>\n<link rel=\"canonical\" href=\"https:\/\/www.supeinnihonto.com\/it\/prodotto\/netsuke-in-legno-raffigurante-un-cane-a-riposo\/\" \/>\n<meta property=\"og:locale\" content=\"it_IT\" \/>\n<meta property=\"og:type\" content=\"article\" \/>\n<meta property=\"og:title\" content=\"Netsuke in legno raffigurante un cane a riposo - Supein Nihonto\" \/>\n<meta property=\"og:description\" content=\"Grazioso e spiritoso netsuke raffigurante un cane a riposo su una stuoia, firmato alla base. Occhi inseriti in corno nero. Bella patina e piacevole colore del legno. Seconda met\u00e0 del XIX secolo.\" \/>\n<meta property=\"og:url\" content=\"https:\/\/www.supeinnihonto.com\/it\/prodotto\/netsuke-in-legno-raffigurante-un-cane-a-riposo\/\" \/>\n<meta property=\"og:site_name\" content=\"Supein Nihonto\" \/>\n<meta property=\"article:modified_time\" content=\"2025-12-20T18:24:43+00:00\" \/>\n<meta property=\"og:image\" content=\"https:\/\/www.supeinnihonto.com\/wp-content\/uploads\/2024\/11\/DSC2098-scaled.jpg\" \/>\n\t<meta property=\"og:image:width\" content=\"2560\" \/>\n\t<meta property=\"og:image:height\" content=\"1707\" \/>\n\t<meta property=\"og:image:type\" content=\"image\/jpeg\" \/>\n<meta name=\"twitter:card\" content=\"summary_large_image\" \/>\n<meta name=\"twitter:label1\" content=\"Tempo di lettura stimato\" \/>\n\t<meta name=\"twitter:data1\" content=\"1 minuto\" \/>\n<script type=\"application\/ld+json\" class=\"yoast-schema-graph\">{\"@context\":\"https:\\\/\\\/schema.org\",\"@graph\":[{\"@type\":\"WebPage\",\"@id\":\"https:\\\/\\\/www.supeinnihonto.com\\\/it\\\/prodotto\\\/netsuke-in-legno-raffigurante-un-cane-a-riposo\\\/\",\"url\":\"https:\\\/\\\/www.supeinnihonto.com\\\/it\\\/prodotto\\\/netsuke-in-legno-raffigurante-un-cane-a-riposo\\\/\",\"name\":\"Netsuke in legno raffigurante un cane a riposo - Supein Nihonto\",\"isPartOf\":{\"@id\":\"https:\\\/\\\/www.supeinnihonto.com\\\/it\\\/#website\"},\"primaryImageOfPage\":{\"@id\":\"https:\\\/\\\/www.supeinnihonto.com\\\/it\\\/prodotto\\\/netsuke-in-legno-raffigurante-un-cane-a-riposo\\\/#primaryimage\"},\"image\":{\"@id\":\"https:\\\/\\\/www.supeinnihonto.com\\\/it\\\/prodotto\\\/netsuke-in-legno-raffigurante-un-cane-a-riposo\\\/#primaryimage\"},\"thumbnailUrl\":\"https:\\\/\\\/i0.wp.com\\\/www.supeinnihonto.com\\\/wp-content\\\/uploads\\\/2024\\\/11\\\/DSC2098-scaled.jpg?fit=2560%2C1707&ssl=1\",\"datePublished\":\"2024-11-07T12:25:22+00:00\",\"dateModified\":\"2025-12-20T18:24:43+00:00\",\"description\":\"Grazioso e spiritoso netsuke raffigurante un cane a riposo su una stuoia, firmato alla base. Occhi inseriti in corno nero. Bella patina e piacevole colore del legno. Seconda met\u00e0 del XIX secolo.\",\"breadcrumb\":{\"@id\":\"https:\\\/\\\/www.supeinnihonto.com\\\/it\\\/prodotto\\\/netsuke-in-legno-raffigurante-un-cane-a-riposo\\\/#breadcrumb\"},\"inLanguage\":\"it-IT\",\"potentialAction\":[{\"@type\":\"ReadAction\",\"target\":[\"https:\\\/\\\/www.supeinnihonto.com\\\/it\\\/prodotto\\\/netsuke-in-legno-raffigurante-un-cane-a-riposo\\\/\"]}]},{\"@type\":\"ImageObject\",\"inLanguage\":\"it-IT\",\"@id\":\"https:\\\/\\\/www.supeinnihonto.com\\\/it\\\/prodotto\\\/netsuke-in-legno-raffigurante-un-cane-a-riposo\\\/#primaryimage\",\"url\":\"https:\\\/\\\/i0.wp.com\\\/www.supeinnihonto.com\\\/wp-content\\\/uploads\\\/2024\\\/11\\\/DSC2098-scaled.jpg?fit=2560%2C1707&ssl=1\",\"contentUrl\":\"https:\\\/\\\/i0.wp.com\\\/www.supeinnihonto.com\\\/wp-content\\\/uploads\\\/2024\\\/11\\\/DSC2098-scaled.jpg?fit=2560%2C1707&ssl=1\",\"width\":2560,\"height\":1707,\"caption\":\"dog wood\"},{\"@type\":\"BreadcrumbList\",\"@id\":\"https:\\\/\\\/www.supeinnihonto.com\\\/it\\\/prodotto\\\/netsuke-in-legno-raffigurante-un-cane-a-riposo\\\/#breadcrumb\",\"itemListElement\":[{\"@type\":\"ListItem\",\"position\":1,\"name\":\"Portada\",\"item\":\"https:\\\/\\\/www.supeinnihonto.com\\\/it\\\/\"},{\"@type\":\"ListItem\",\"position\":2,\"name\":\"Shop\",\"item\":\"https:\\\/\\\/www.supeinnihonto.com\\\/it\\\/shop\\\/\"},{\"@type\":\"ListItem\",\"position\":3,\"name\":\"Netsuke in legno raffigurante un cane a riposo\"}]},{\"@type\":\"WebSite\",\"@id\":\"https:\\\/\\\/www.supeinnihonto.com\\\/it\\\/#website\",\"url\":\"https:\\\/\\\/www.supeinnihonto.com\\\/it\\\/\",\"name\":\"Supein Nihonto\",\"description\":\"Authentic japanese Nihonto katana \",\"publisher\":{\"@id\":\"https:\\\/\\\/www.supeinnihonto.com\\\/it\\\/#organization\"},\"potentialAction\":[{\"@type\":\"SearchAction\",\"target\":{\"@type\":\"EntryPoint\",\"urlTemplate\":\"https:\\\/\\\/www.supeinnihonto.com\\\/it\\\/?s={search_term_string}\"},\"query-input\":{\"@type\":\"PropertyValueSpecification\",\"valueRequired\":true,\"valueName\":\"search_term_string\"}}],\"inLanguage\":\"it-IT\"},{\"@type\":\"Organization\",\"@id\":\"https:\\\/\\\/www.supeinnihonto.com\\\/it\\\/#organization\",\"name\":\"SupeinNihonto\",\"url\":\"https:\\\/\\\/www.supeinnihonto.com\\\/it\\\/\",\"logo\":{\"@type\":\"ImageObject\",\"inLanguage\":\"it-IT\",\"@id\":\"https:\\\/\\\/www.supeinnihonto.com\\\/it\\\/#\\\/schema\\\/logo\\\/image\\\/\",\"url\":\"https:\\\/\\\/www.supeinnihonto.com\\\/wp-content\\\/uploads\\\/2021\\\/11\\\/animation_Default_3szk0jcenoloop.gif\",\"contentUrl\":\"https:\\\/\\\/www.supeinnihonto.com\\\/wp-content\\\/uploads\\\/2021\\\/11\\\/animation_Default_3szk0jcenoloop.gif\",\"width\":750,\"height\":641,\"caption\":\"SupeinNihonto\"},\"image\":{\"@id\":\"https:\\\/\\\/www.supeinnihonto.com\\\/it\\\/#\\\/schema\\\/logo\\\/image\\\/\"}}]}<\/script>\n<!-- \/ Yoast SEO plugin. -->","yoast_head_json":{"title":"Netsuke in legno raffigurante un cane a riposo - Supein Nihonto","description":"Grazioso e spiritoso netsuke raffigurante un cane a riposo su una stuoia, firmato alla base. Occhi inseriti in corno nero. Bella patina e piacevole colore del legno. Seconda met\u00e0 del XIX secolo.","robots":{"index":"index","follow":"follow","max-snippet":"max-snippet:-1","max-image-preview":"max-image-preview:large","max-video-preview":"max-video-preview:-1"},"canonical":"https:\/\/www.supeinnihonto.com\/it\/prodotto\/netsuke-in-legno-raffigurante-un-cane-a-riposo\/","og_locale":"it_IT","og_type":"article","og_title":"Netsuke in legno raffigurante un cane a riposo - Supein Nihonto","og_description":"Grazioso e spiritoso netsuke raffigurante un cane a riposo su una stuoia, firmato alla base. Occhi inseriti in corno nero. Bella patina e piacevole colore del legno. Seconda met\u00e0 del XIX secolo.","og_url":"https:\/\/www.supeinnihonto.com\/it\/prodotto\/netsuke-in-legno-raffigurante-un-cane-a-riposo\/","og_site_name":"Supein Nihonto","article_modified_time":"2025-12-20T18:24:43+00:00","og_image":[{"width":2560,"height":1707,"url":"https:\/\/www.supeinnihonto.com\/wp-content\/uploads\/2024\/11\/DSC2098-scaled.jpg","type":"image\/jpeg"}],"twitter_card":"summary_large_image","twitter_misc":{"Tempo di lettura stimato":"1 minuto"},"schema":{"@context":"https:\/\/schema.org","@graph":[{"@type":"WebPage","@id":"https:\/\/www.supeinnihonto.com\/it\/prodotto\/netsuke-in-legno-raffigurante-un-cane-a-riposo\/","url":"https:\/\/www.supeinnihonto.com\/it\/prodotto\/netsuke-in-legno-raffigurante-un-cane-a-riposo\/","name":"Netsuke in legno raffigurante un cane a riposo - Supein Nihonto","isPartOf":{"@id":"https:\/\/www.supeinnihonto.com\/it\/#website"},"primaryImageOfPage":{"@id":"https:\/\/www.supeinnihonto.com\/it\/prodotto\/netsuke-in-legno-raffigurante-un-cane-a-riposo\/#primaryimage"},"image":{"@id":"https:\/\/www.supeinnihonto.com\/it\/prodotto\/netsuke-in-legno-raffigurante-un-cane-a-riposo\/#primaryimage"},"thumbnailUrl":"https:\/\/i0.wp.com\/www.supeinnihonto.com\/wp-content\/uploads\/2024\/11\/DSC2098-scaled.jpg?fit=2560%2C1707&ssl=1","datePublished":"2024-11-07T12:25:22+00:00","dateModified":"2025-12-20T18:24:43+00:00","description":"Grazioso e spiritoso netsuke raffigurante un cane a riposo su una stuoia, firmato alla base. Occhi inseriti in corno nero. Bella patina e piacevole colore del legno. Seconda met\u00e0 del XIX secolo.","breadcrumb":{"@id":"https:\/\/www.supeinnihonto.com\/it\/prodotto\/netsuke-in-legno-raffigurante-un-cane-a-riposo\/#breadcrumb"},"inLanguage":"it-IT","potentialAction":[{"@type":"ReadAction","target":["https:\/\/www.supeinnihonto.com\/it\/prodotto\/netsuke-in-legno-raffigurante-un-cane-a-riposo\/"]}]},{"@type":"ImageObject","inLanguage":"it-IT","@id":"https:\/\/www.supeinnihonto.com\/it\/prodotto\/netsuke-in-legno-raffigurante-un-cane-a-riposo\/#primaryimage","url":"https:\/\/i0.wp.com\/www.supeinnihonto.com\/wp-content\/uploads\/2024\/11\/DSC2098-scaled.jpg?fit=2560%2C1707&ssl=1","contentUrl":"https:\/\/i0.wp.com\/www.supeinnihonto.com\/wp-content\/uploads\/2024\/11\/DSC2098-scaled.jpg?fit=2560%2C1707&ssl=1","width":2560,"height":1707,"caption":"dog wood"},{"@type":"BreadcrumbList","@id":"https:\/\/www.supeinnihonto.com\/it\/prodotto\/netsuke-in-legno-raffigurante-un-cane-a-riposo\/#breadcrumb","itemListElement":[{"@type":"ListItem","position":1,"name":"Portada","item":"https:\/\/www.supeinnihonto.com\/it\/"},{"@type":"ListItem","position":2,"name":"Shop","item":"https:\/\/www.supeinnihonto.com\/it\/shop\/"},{"@type":"ListItem","position":3,"name":"Netsuke in legno raffigurante un cane a riposo"}]},{"@type":"WebSite","@id":"https:\/\/www.supeinnihonto.com\/it\/#website","url":"https:\/\/www.supeinnihonto.com\/it\/","name":"Supein Nihonto","description":"Authentic japanese Nihonto katana ","publisher":{"@id":"https:\/\/www.supeinnihonto.com\/it\/#organization"},"potentialAction":[{"@type":"SearchAction","target":{"@type":"EntryPoint","urlTemplate":"https:\/\/www.supeinnihonto.com\/it\/?s={search_term_string}"},"query-input":{"@type":"PropertyValueSpecification","valueRequired":true,"valueName":"search_term_string"}}],"inLanguage":"it-IT"},{"@type":"Organization","@id":"https:\/\/www.supeinnihonto.com\/it\/#organization","name":"SupeinNihonto","url":"https:\/\/www.supeinnihonto.com\/it\/","logo":{"@type":"ImageObject","inLanguage":"it-IT","@id":"https:\/\/www.supeinnihonto.com\/it\/#\/schema\/logo\/image\/","url":"https:\/\/www.supeinnihonto.com\/wp-content\/uploads\/2021\/11\/animation_Default_3szk0jcenoloop.gif","contentUrl":"https:\/\/www.supeinnihonto.com\/wp-content\/uploads\/2021\/11\/animation_Default_3szk0jcenoloop.gif","width":750,"height":641,"caption":"SupeinNihonto"},"image":{"@id":"https:\/\/www.supeinnihonto.com\/it\/#\/schema\/logo\/image\/"}}]}},"jetpack-related-posts":[{"id":45169,"url":"https:\/\/www.supeinnihonto.com\/it\/prodotto\/tsuba-marugata-in-rame-con-motivo-di-carpa-koi-certificata-nbthk-hozon-7\/","url_meta":{"origin":12465,"position":0},"title":"Tsuba marugata in rame con motivo di carpa (koi), certificata NBTHK Hozon","author":"Eric Majo","date":"1 de Marzo de 2026","format":false,"excerpt":"ARTICOLO: Fornito con certificato di Supein Nihonto. Fornito con certificato NBTHK Hozon. Include scatola in legno. Splendido tsuba in rame del XIX secolo, firmato, con bordo e rilievi in shakud\u014d (lega di oro e rame), raffigurante una carpa con occhi incastonati in oro. Un\u2019opera d\u2019arte unica.La carpa koi \u00e8 molto\u2026","rel":"","context":"Articolo simile","block_context":{"text":"Articolo simile","link":""},"img":{"alt_text":"","src":"https:\/\/i0.wp.com\/www.supeinnihonto.com\/wp-content\/uploads\/2026\/03\/DSC_6492-scaled.jpg?fit=1200%2C800&ssl=1&resize=350%2C200","width":350,"height":200,"srcset":"https:\/\/i0.wp.com\/www.supeinnihonto.com\/wp-content\/uploads\/2026\/03\/DSC_6492-scaled.jpg?fit=1200%2C800&ssl=1&resize=350%2C200 1x, https:\/\/i0.wp.com\/www.supeinnihonto.com\/wp-content\/uploads\/2026\/03\/DSC_6492-scaled.jpg?fit=1200%2C800&ssl=1&resize=525%2C300 1.5x, https:\/\/i0.wp.com\/www.supeinnihonto.com\/wp-content\/uploads\/2026\/03\/DSC_6492-scaled.jpg?fit=1200%2C800&ssl=1&resize=700%2C400 2x, https:\/\/i0.wp.com\/www.supeinnihonto.com\/wp-content\/uploads\/2026\/03\/DSC_6492-scaled.jpg?fit=1200%2C800&ssl=1&resize=1050%2C600 3x"},"classes":[]},{"id":45206,"url":"https:\/\/www.supeinnihonto.com\/it\/prodotto\/tsuba-marugata-in-rame-con-motivo-di-carpa-koi-certificata-nbthk-hozon-6\/","url_meta":{"origin":12465,"position":1},"title":"Tsuba marugata in rame con motivo di carpa (koi), certificata NBTHK Hozon","author":"Eric Majo","date":"1 de Marzo de 2026","format":false,"excerpt":"ARTICOLO: Fornito con certificato di Supein Nihonto. Fornito con certificato NBTHK Hozon. Include scatola in legno. Splendido tsuba in rame del XIX secolo, firmato, con bordo e rilievi in shakud\u014d (lega di oro e rame), raffigurante una carpa con occhi incastonati in oro. Un\u2019opera d\u2019arte unica.La carpa koi \u00e8 molto\u2026","rel":"","context":"Articolo simile","block_context":{"text":"Articolo simile","link":""},"img":{"alt_text":"Dragon tsuba a vendre","src":"https:\/\/i0.wp.com\/www.supeinnihonto.com\/wp-content\/uploads\/2026\/03\/DSC_6473-scaled.jpg?fit=1200%2C800&ssl=1&resize=350%2C200","width":350,"height":200,"srcset":"https:\/\/i0.wp.com\/www.supeinnihonto.com\/wp-content\/uploads\/2026\/03\/DSC_6473-scaled.jpg?fit=1200%2C800&ssl=1&resize=350%2C200 1x, https:\/\/i0.wp.com\/www.supeinnihonto.com\/wp-content\/uploads\/2026\/03\/DSC_6473-scaled.jpg?fit=1200%2C800&ssl=1&resize=525%2C300 1.5x, https:\/\/i0.wp.com\/www.supeinnihonto.com\/wp-content\/uploads\/2026\/03\/DSC_6473-scaled.jpg?fit=1200%2C800&ssl=1&resize=700%2C400 2x, https:\/\/i0.wp.com\/www.supeinnihonto.com\/wp-content\/uploads\/2026\/03\/DSC_6473-scaled.jpg?fit=1200%2C800&ssl=1&resize=1050%2C600 3x"},"classes":[]},{"id":45211,"url":"https:\/\/www.supeinnihonto.com\/it\/prodotto\/tsuba-marugata-in-rame-con-motivo-di-carpa-koi-certificata-nbthk-hozon-5\/","url_meta":{"origin":12465,"position":2},"title":"Tsuba marugata in rame con motivo di carpa (koi), certificata NBTHK Hozon","author":"Eric Majo","date":"1 de Marzo de 2026","format":false,"excerpt":"ARTICOLO: Fornito con certificato di Supein Nihonto. Fornito con certificato NBTHK Hozon. Include scatola in legno. Splendido tsuba in rame del XIX secolo, firmato, con bordo e rilievi in shakud\u014d (lega di oro e rame), raffigurante una carpa con occhi incastonati in oro. Un\u2019opera d\u2019arte unica.La carpa koi \u00e8 molto\u2026","rel":"","context":"Articolo simile","block_context":{"text":"Articolo simile","link":""},"img":{"alt_text":"Iron dragon Edo tsuba for sale","src":"https:\/\/i0.wp.com\/www.supeinnihonto.com\/wp-content\/uploads\/2026\/03\/DSC_6506-scaled.jpg?fit=1200%2C800&ssl=1&resize=350%2C200","width":350,"height":200,"srcset":"https:\/\/i0.wp.com\/www.supeinnihonto.com\/wp-content\/uploads\/2026\/03\/DSC_6506-scaled.jpg?fit=1200%2C800&ssl=1&resize=350%2C200 1x, https:\/\/i0.wp.com\/www.supeinnihonto.com\/wp-content\/uploads\/2026\/03\/DSC_6506-scaled.jpg?fit=1200%2C800&ssl=1&resize=525%2C300 1.5x, https:\/\/i0.wp.com\/www.supeinnihonto.com\/wp-content\/uploads\/2026\/03\/DSC_6506-scaled.jpg?fit=1200%2C800&ssl=1&resize=700%2C400 2x, https:\/\/i0.wp.com\/www.supeinnihonto.com\/wp-content\/uploads\/2026\/03\/DSC_6506-scaled.jpg?fit=1200%2C800&ssl=1&resize=1050%2C600 3x"},"classes":[]},{"id":45071,"url":"https:\/\/www.supeinnihonto.com\/it\/prodotto\/tsuba-marugata-in-rame-con-motivo-di-carpa-koi-certificata-nbthk-hozon-12\/","url_meta":{"origin":12465,"position":3},"title":"Tsuba marugata in rame con motivo di carpa (koi), certificata NBTHK Hozon","author":"Eric Majo","date":"1 de Marzo de 2026","format":false,"excerpt":"ARTICOLO: Fornito con certificato di Supein Nihonto. Fornito con certificato NBTHK Hozon. Include scatola in legno. Splendido tsuba in rame del XIX secolo, firmato, con bordo e rilievi in shakud\u014d (lega di oro e rame), raffigurante una carpa con occhi incastonati in oro. Un\u2019opera d\u2019arte unica.La carpa koi \u00e8 molto\u2026","rel":"","context":"Articolo simile","block_context":{"text":"Articolo simile","link":""},"img":{"alt_text":"Silver tsuba for sale","src":"https:\/\/i0.wp.com\/www.supeinnihonto.com\/wp-content\/uploads\/2026\/03\/DSC_6396-scaled.jpg?fit=1200%2C800&ssl=1&resize=350%2C200","width":350,"height":200,"srcset":"https:\/\/i0.wp.com\/www.supeinnihonto.com\/wp-content\/uploads\/2026\/03\/DSC_6396-scaled.jpg?fit=1200%2C800&ssl=1&resize=350%2C200 1x, https:\/\/i0.wp.com\/www.supeinnihonto.com\/wp-content\/uploads\/2026\/03\/DSC_6396-scaled.jpg?fit=1200%2C800&ssl=1&resize=525%2C300 1.5x, https:\/\/i0.wp.com\/www.supeinnihonto.com\/wp-content\/uploads\/2026\/03\/DSC_6396-scaled.jpg?fit=1200%2C800&ssl=1&resize=700%2C400 2x, https:\/\/i0.wp.com\/www.supeinnihonto.com\/wp-content\/uploads\/2026\/03\/DSC_6396-scaled.jpg?fit=1200%2C800&ssl=1&resize=1050%2C600 3x"},"classes":[]},{"id":45102,"url":"https:\/\/www.supeinnihonto.com\/it\/prodotto\/tsuba-marugata-in-rame-con-motivo-di-carpa-koi-certificata-nbthk-hozon-10\/","url_meta":{"origin":12465,"position":4},"title":"Tsuba marugata in rame con motivo di carpa (koi), certificata NBTHK Hozon","author":"Eric Majo","date":"1 de Marzo de 2026","format":false,"excerpt":"ARTICOLO: Fornito con certificato di Supein Nihonto. Fornito con certificato NBTHK Hozon. Include scatola in legno. Splendido tsuba in rame del XIX secolo, firmato, con bordo e rilievi in shakud\u014d (lega di oro e rame), raffigurante una carpa con occhi incastonati in oro. Un\u2019opera d\u2019arte unica.La carpa koi \u00e8 molto\u2026","rel":"","context":"Articolo simile","block_context":{"text":"Articolo simile","link":""},"img":{"alt_text":"Iron tsuba soten for sale","src":"https:\/\/i0.wp.com\/www.supeinnihonto.com\/wp-content\/uploads\/2026\/03\/DSC_6419-scaled.jpg?fit=1200%2C800&ssl=1&resize=350%2C200","width":350,"height":200,"srcset":"https:\/\/i0.wp.com\/www.supeinnihonto.com\/wp-content\/uploads\/2026\/03\/DSC_6419-scaled.jpg?fit=1200%2C800&ssl=1&resize=350%2C200 1x, https:\/\/i0.wp.com\/www.supeinnihonto.com\/wp-content\/uploads\/2026\/03\/DSC_6419-scaled.jpg?fit=1200%2C800&ssl=1&resize=525%2C300 1.5x, https:\/\/i0.wp.com\/www.supeinnihonto.com\/wp-content\/uploads\/2026\/03\/DSC_6419-scaled.jpg?fit=1200%2C800&ssl=1&resize=700%2C400 2x, https:\/\/i0.wp.com\/www.supeinnihonto.com\/wp-content\/uploads\/2026\/03\/DSC_6419-scaled.jpg?fit=1200%2C800&ssl=1&resize=1050%2C600 3x"},"classes":[]},{"id":45139,"url":"https:\/\/www.supeinnihonto.com\/it\/prodotto\/tsuba-marugata-in-rame-con-motivo-di-carpa-koi-certificata-nbthk-hozon-8\/","url_meta":{"origin":12465,"position":5},"title":"Tsuba marugata in rame con motivo di carpa (koi), certificata NBTHK Hozon","author":"Eric Majo","date":"1 de Marzo de 2026","format":false,"excerpt":"ARTICOLO: Fornito con certificato di Supein Nihonto. Fornito con certificato NBTHK Hozon. Include scatola in legno. Splendido tsuba in rame del XIX secolo, firmato, con bordo e rilievi in shakud\u014d (lega di oro e rame), raffigurante una carpa con occhi incastonati in oro. Un\u2019opera d\u2019arte unica.La carpa koi \u00e8 molto\u2026","rel":"","context":"Articolo simile","block_context":{"text":"Articolo simile","link":""},"img":{"alt_text":"Daisho tsuba for sale","src":"https:\/\/i0.wp.com\/www.supeinnihonto.com\/wp-content\/uploads\/2026\/03\/DSC_6444-scaled.jpg?fit=1200%2C800&ssl=1&resize=350%2C200","width":350,"height":200,"srcset":"https:\/\/i0.wp.com\/www.supeinnihonto.com\/wp-content\/uploads\/2026\/03\/DSC_6444-scaled.jpg?fit=1200%2C800&ssl=1&resize=350%2C200 1x, https:\/\/i0.wp.com\/www.supeinnihonto.com\/wp-content\/uploads\/2026\/03\/DSC_6444-scaled.jpg?fit=1200%2C800&ssl=1&resize=525%2C300 1.5x, https:\/\/i0.wp.com\/www.supeinnihonto.com\/wp-content\/uploads\/2026\/03\/DSC_6444-scaled.jpg?fit=1200%2C800&ssl=1&resize=700%2C400 2x, https:\/\/i0.wp.com\/www.supeinnihonto.com\/wp-content\/uploads\/2026\/03\/DSC_6444-scaled.jpg?fit=1200%2C800&ssl=1&resize=1050%2C600 3x"},"classes":[]}],"jetpack_sharing_enabled":true,"_links":{"self":[{"href":"https:\/\/www.supeinnihonto.com\/it\/wp-json\/wp\/v2\/product\/12465","targetHints":{"allow":["GET"]}}],"collection":[{"href":"https:\/\/www.supeinnihonto.com\/it\/wp-json\/wp\/v2\/product"}],"about":[{"href":"https:\/\/www.supeinnihonto.com\/it\/wp-json\/wp\/v2\/types\/product"}],"wp:featuredmedia":[{"embeddable":true,"href":"https:\/\/www.supeinnihonto.com\/it\/wp-json\/wp\/v2\/media\/12467"}],"wp:attachment":[{"href":"https:\/\/www.supeinnihonto.com\/it\/wp-json\/wp\/v2\/media?parent=12465"}],"wp:term":[{"taxonomy":"product_brand","embeddable":true,"href":"https:\/\/www.supeinnihonto.com\/it\/wp-json\/wp\/v2\/product_brand?post=12465"},{"taxonomy":"product_cat","embeddable":true,"href":"https:\/\/www.supeinnihonto.com\/it\/wp-json\/wp\/v2\/product_cat?post=12465"},{"taxonomy":"product_tag","embeddable":true,"href":"https:\/\/www.supeinnihonto.com\/it\/wp-json\/wp\/v2\/product_tag?post=12465"}],"curies":[{"name":"wp","href":"https:\/\/api.w.org\/{rel}","templated":true}]}}