{"id":12454,"date":"2024-11-07T17:20:11","date_gmt":"2024-11-07T17:20:11","guid":{"rendered":"https:\/\/www.supeinnihonto.com\/product\/netsuke-two-frogs-wood\/"},"modified":"2025-12-20T18:07:31","modified_gmt":"2025-12-20T18:07:31","slug":"netsuke-in-legno-raffigurante-due-rane","status":"publish","type":"product","link":"https:\/\/www.supeinnihonto.com\/it\/prodotto\/netsuke-in-legno-raffigurante-due-rane\/","title":{"rendered":"Netsuke in legno raffigurante due rane"},"content":{"rendered":"<p data-start=\"519\" data-end=\"541\"><strong>Spedizione gratuita.<\/strong><\/p>\n<p data-start=\"543\" data-end=\"673\">Grazioso netsuke raffigurante due rane su un sandalo rovesciato. Firmato alla base, vicino agli himotoshi. Inizio del XX secolo.<\/p>\n<p data-start=\"675\" data-end=\"691\">5 \u00d7 3,5 \u00d7 3,2 cm<\/p>\n","protected":false},"excerpt":{"rendered":"<p>Spedizione gratuita. Grazioso netsuke raffigurante due rane su un sandalo rovesciato. Firmato alla base, vicino agli himotoshi. Inizio del XX secolo. 5 \u00d7 3,5 \u00d7 3,2 cm<\/p>\n","protected":false},"featured_media":12455,"template":"","meta":{"jetpack_post_was_ever_published":false},"product_brand":[],"product_cat":[740],"product_tag":[800,797,764],"class_list":{"0":"post-12454","1":"product","2":"type-product","3":"status-publish","4":"has-post-thumbnail","6":"product_cat-netsuke","7":"product_tag-netsuke","8":"product_tag-okimono","9":"product_tag-wood","10":"product_shipping_class-tosogu","12":"first","13":"instock","14":"featured","15":"sold-individually","16":"shipping-taxable","17":"purchasable","18":"product-type-simple"},"yoast_head":"<!-- This site is optimized with the Yoast SEO plugin v27.4 - https:\/\/yoast.com\/product\/yoast-seo-wordpress\/ -->\n<title>Netsuke in legno raffigurante due rane - Supein Nihonto<\/title>\n<meta name=\"description\" content=\"Grazioso netsuke raffigurante due rane su un sandalo rovesciato. Firmato alla base, vicino agli himotoshi. Inizio del XX secolo.\" \/>\n<meta name=\"robots\" content=\"index, follow, max-snippet:-1, max-image-preview:large, max-video-preview:-1\" \/>\n<link rel=\"canonical\" href=\"https:\/\/www.supeinnihonto.com\/it\/prodotto\/netsuke-in-legno-raffigurante-due-rane\/\" \/>\n<meta property=\"og:locale\" content=\"it_IT\" \/>\n<meta property=\"og:type\" content=\"article\" \/>\n<meta property=\"og:title\" content=\"Netsuke in legno raffigurante due rane - Supein Nihonto\" \/>\n<meta property=\"og:description\" content=\"Grazioso netsuke raffigurante due rane su un sandalo rovesciato. Firmato alla base, vicino agli himotoshi. Inizio del XX secolo.\" \/>\n<meta property=\"og:url\" content=\"https:\/\/www.supeinnihonto.com\/it\/prodotto\/netsuke-in-legno-raffigurante-due-rane\/\" \/>\n<meta property=\"og:site_name\" content=\"Supein Nihonto\" \/>\n<meta property=\"article:modified_time\" content=\"2025-12-20T18:07:31+00:00\" \/>\n<meta property=\"og:image\" content=\"https:\/\/www.supeinnihonto.com\/wp-content\/uploads\/2024\/11\/DSC2111-scaled.jpg\" \/>\n\t<meta property=\"og:image:width\" content=\"2560\" \/>\n\t<meta property=\"og:image:height\" content=\"1707\" \/>\n\t<meta property=\"og:image:type\" content=\"image\/jpeg\" \/>\n<meta name=\"twitter:card\" content=\"summary_large_image\" \/>\n<meta name=\"twitter:label1\" content=\"Tempo di lettura stimato\" \/>\n\t<meta name=\"twitter:data1\" content=\"1 minuto\" \/>\n<script type=\"application\/ld+json\" class=\"yoast-schema-graph\">{\"@context\":\"https:\\\/\\\/schema.org\",\"@graph\":[{\"@type\":\"WebPage\",\"@id\":\"https:\\\/\\\/www.supeinnihonto.com\\\/it\\\/prodotto\\\/netsuke-in-legno-raffigurante-due-rane\\\/\",\"url\":\"https:\\\/\\\/www.supeinnihonto.com\\\/it\\\/prodotto\\\/netsuke-in-legno-raffigurante-due-rane\\\/\",\"name\":\"Netsuke in legno raffigurante due rane - Supein Nihonto\",\"isPartOf\":{\"@id\":\"https:\\\/\\\/www.supeinnihonto.com\\\/it\\\/#website\"},\"primaryImageOfPage\":{\"@id\":\"https:\\\/\\\/www.supeinnihonto.com\\\/it\\\/prodotto\\\/netsuke-in-legno-raffigurante-due-rane\\\/#primaryimage\"},\"image\":{\"@id\":\"https:\\\/\\\/www.supeinnihonto.com\\\/it\\\/prodotto\\\/netsuke-in-legno-raffigurante-due-rane\\\/#primaryimage\"},\"thumbnailUrl\":\"https:\\\/\\\/i0.wp.com\\\/www.supeinnihonto.com\\\/wp-content\\\/uploads\\\/2024\\\/11\\\/DSC2111-scaled.jpg?fit=2560%2C1707&ssl=1\",\"datePublished\":\"2024-11-07T17:20:11+00:00\",\"dateModified\":\"2025-12-20T18:07:31+00:00\",\"description\":\"Grazioso netsuke raffigurante due rane su un sandalo rovesciato. Firmato alla base, vicino agli himotoshi. Inizio del XX secolo.\",\"breadcrumb\":{\"@id\":\"https:\\\/\\\/www.supeinnihonto.com\\\/it\\\/prodotto\\\/netsuke-in-legno-raffigurante-due-rane\\\/#breadcrumb\"},\"inLanguage\":\"it-IT\",\"potentialAction\":[{\"@type\":\"ReadAction\",\"target\":[\"https:\\\/\\\/www.supeinnihonto.com\\\/it\\\/prodotto\\\/netsuke-in-legno-raffigurante-due-rane\\\/\"]}]},{\"@type\":\"ImageObject\",\"inLanguage\":\"it-IT\",\"@id\":\"https:\\\/\\\/www.supeinnihonto.com\\\/it\\\/prodotto\\\/netsuke-in-legno-raffigurante-due-rane\\\/#primaryimage\",\"url\":\"https:\\\/\\\/i0.wp.com\\\/www.supeinnihonto.com\\\/wp-content\\\/uploads\\\/2024\\\/11\\\/DSC2111-scaled.jpg?fit=2560%2C1707&ssl=1\",\"contentUrl\":\"https:\\\/\\\/i0.wp.com\\\/www.supeinnihonto.com\\\/wp-content\\\/uploads\\\/2024\\\/11\\\/DSC2111-scaled.jpg?fit=2560%2C1707&ssl=1\",\"width\":2560,\"height\":1707,\"caption\":\"2 frogs netsuke wood\"},{\"@type\":\"BreadcrumbList\",\"@id\":\"https:\\\/\\\/www.supeinnihonto.com\\\/it\\\/prodotto\\\/netsuke-in-legno-raffigurante-due-rane\\\/#breadcrumb\",\"itemListElement\":[{\"@type\":\"ListItem\",\"position\":1,\"name\":\"Portada\",\"item\":\"https:\\\/\\\/www.supeinnihonto.com\\\/it\\\/\"},{\"@type\":\"ListItem\",\"position\":2,\"name\":\"Shop\",\"item\":\"https:\\\/\\\/www.supeinnihonto.com\\\/it\\\/shop\\\/\"},{\"@type\":\"ListItem\",\"position\":3,\"name\":\"Netsuke in legno raffigurante due rane\"}]},{\"@type\":\"WebSite\",\"@id\":\"https:\\\/\\\/www.supeinnihonto.com\\\/it\\\/#website\",\"url\":\"https:\\\/\\\/www.supeinnihonto.com\\\/it\\\/\",\"name\":\"Supein Nihonto\",\"description\":\"Authentic japanese Nihonto katana \",\"publisher\":{\"@id\":\"https:\\\/\\\/www.supeinnihonto.com\\\/it\\\/#organization\"},\"potentialAction\":[{\"@type\":\"SearchAction\",\"target\":{\"@type\":\"EntryPoint\",\"urlTemplate\":\"https:\\\/\\\/www.supeinnihonto.com\\\/it\\\/?s={search_term_string}\"},\"query-input\":{\"@type\":\"PropertyValueSpecification\",\"valueRequired\":true,\"valueName\":\"search_term_string\"}}],\"inLanguage\":\"it-IT\"},{\"@type\":\"Organization\",\"@id\":\"https:\\\/\\\/www.supeinnihonto.com\\\/it\\\/#organization\",\"name\":\"SupeinNihonto\",\"url\":\"https:\\\/\\\/www.supeinnihonto.com\\\/it\\\/\",\"logo\":{\"@type\":\"ImageObject\",\"inLanguage\":\"it-IT\",\"@id\":\"https:\\\/\\\/www.supeinnihonto.com\\\/it\\\/#\\\/schema\\\/logo\\\/image\\\/\",\"url\":\"https:\\\/\\\/www.supeinnihonto.com\\\/wp-content\\\/uploads\\\/2021\\\/11\\\/animation_Default_3szk0jcenoloop.gif\",\"contentUrl\":\"https:\\\/\\\/www.supeinnihonto.com\\\/wp-content\\\/uploads\\\/2021\\\/11\\\/animation_Default_3szk0jcenoloop.gif\",\"width\":750,\"height\":641,\"caption\":\"SupeinNihonto\"},\"image\":{\"@id\":\"https:\\\/\\\/www.supeinnihonto.com\\\/it\\\/#\\\/schema\\\/logo\\\/image\\\/\"}}]}<\/script>\n<!-- \/ Yoast SEO plugin. -->","yoast_head_json":{"title":"Netsuke in legno raffigurante due rane - Supein Nihonto","description":"Grazioso netsuke raffigurante due rane su un sandalo rovesciato. Firmato alla base, vicino agli himotoshi. Inizio del XX secolo.","robots":{"index":"index","follow":"follow","max-snippet":"max-snippet:-1","max-image-preview":"max-image-preview:large","max-video-preview":"max-video-preview:-1"},"canonical":"https:\/\/www.supeinnihonto.com\/it\/prodotto\/netsuke-in-legno-raffigurante-due-rane\/","og_locale":"it_IT","og_type":"article","og_title":"Netsuke in legno raffigurante due rane - Supein Nihonto","og_description":"Grazioso netsuke raffigurante due rane su un sandalo rovesciato. Firmato alla base, vicino agli himotoshi. Inizio del XX secolo.","og_url":"https:\/\/www.supeinnihonto.com\/it\/prodotto\/netsuke-in-legno-raffigurante-due-rane\/","og_site_name":"Supein Nihonto","article_modified_time":"2025-12-20T18:07:31+00:00","og_image":[{"width":2560,"height":1707,"url":"https:\/\/www.supeinnihonto.com\/wp-content\/uploads\/2024\/11\/DSC2111-scaled.jpg","type":"image\/jpeg"}],"twitter_card":"summary_large_image","twitter_misc":{"Tempo di lettura stimato":"1 minuto"},"schema":{"@context":"https:\/\/schema.org","@graph":[{"@type":"WebPage","@id":"https:\/\/www.supeinnihonto.com\/it\/prodotto\/netsuke-in-legno-raffigurante-due-rane\/","url":"https:\/\/www.supeinnihonto.com\/it\/prodotto\/netsuke-in-legno-raffigurante-due-rane\/","name":"Netsuke in legno raffigurante due rane - Supein Nihonto","isPartOf":{"@id":"https:\/\/www.supeinnihonto.com\/it\/#website"},"primaryImageOfPage":{"@id":"https:\/\/www.supeinnihonto.com\/it\/prodotto\/netsuke-in-legno-raffigurante-due-rane\/#primaryimage"},"image":{"@id":"https:\/\/www.supeinnihonto.com\/it\/prodotto\/netsuke-in-legno-raffigurante-due-rane\/#primaryimage"},"thumbnailUrl":"https:\/\/i0.wp.com\/www.supeinnihonto.com\/wp-content\/uploads\/2024\/11\/DSC2111-scaled.jpg?fit=2560%2C1707&ssl=1","datePublished":"2024-11-07T17:20:11+00:00","dateModified":"2025-12-20T18:07:31+00:00","description":"Grazioso netsuke raffigurante due rane su un sandalo rovesciato. Firmato alla base, vicino agli himotoshi. Inizio del XX secolo.","breadcrumb":{"@id":"https:\/\/www.supeinnihonto.com\/it\/prodotto\/netsuke-in-legno-raffigurante-due-rane\/#breadcrumb"},"inLanguage":"it-IT","potentialAction":[{"@type":"ReadAction","target":["https:\/\/www.supeinnihonto.com\/it\/prodotto\/netsuke-in-legno-raffigurante-due-rane\/"]}]},{"@type":"ImageObject","inLanguage":"it-IT","@id":"https:\/\/www.supeinnihonto.com\/it\/prodotto\/netsuke-in-legno-raffigurante-due-rane\/#primaryimage","url":"https:\/\/i0.wp.com\/www.supeinnihonto.com\/wp-content\/uploads\/2024\/11\/DSC2111-scaled.jpg?fit=2560%2C1707&ssl=1","contentUrl":"https:\/\/i0.wp.com\/www.supeinnihonto.com\/wp-content\/uploads\/2024\/11\/DSC2111-scaled.jpg?fit=2560%2C1707&ssl=1","width":2560,"height":1707,"caption":"2 frogs netsuke wood"},{"@type":"BreadcrumbList","@id":"https:\/\/www.supeinnihonto.com\/it\/prodotto\/netsuke-in-legno-raffigurante-due-rane\/#breadcrumb","itemListElement":[{"@type":"ListItem","position":1,"name":"Portada","item":"https:\/\/www.supeinnihonto.com\/it\/"},{"@type":"ListItem","position":2,"name":"Shop","item":"https:\/\/www.supeinnihonto.com\/it\/shop\/"},{"@type":"ListItem","position":3,"name":"Netsuke in legno raffigurante due rane"}]},{"@type":"WebSite","@id":"https:\/\/www.supeinnihonto.com\/it\/#website","url":"https:\/\/www.supeinnihonto.com\/it\/","name":"Supein Nihonto","description":"Authentic japanese Nihonto katana ","publisher":{"@id":"https:\/\/www.supeinnihonto.com\/it\/#organization"},"potentialAction":[{"@type":"SearchAction","target":{"@type":"EntryPoint","urlTemplate":"https:\/\/www.supeinnihonto.com\/it\/?s={search_term_string}"},"query-input":{"@type":"PropertyValueSpecification","valueRequired":true,"valueName":"search_term_string"}}],"inLanguage":"it-IT"},{"@type":"Organization","@id":"https:\/\/www.supeinnihonto.com\/it\/#organization","name":"SupeinNihonto","url":"https:\/\/www.supeinnihonto.com\/it\/","logo":{"@type":"ImageObject","inLanguage":"it-IT","@id":"https:\/\/www.supeinnihonto.com\/it\/#\/schema\/logo\/image\/","url":"https:\/\/www.supeinnihonto.com\/wp-content\/uploads\/2021\/11\/animation_Default_3szk0jcenoloop.gif","contentUrl":"https:\/\/www.supeinnihonto.com\/wp-content\/uploads\/2021\/11\/animation_Default_3szk0jcenoloop.gif","width":750,"height":641,"caption":"SupeinNihonto"},"image":{"@id":"https:\/\/www.supeinnihonto.com\/it\/#\/schema\/logo\/image\/"}}]}},"jetpack-related-posts":[{"id":12465,"url":"https:\/\/www.supeinnihonto.com\/it\/prodotto\/netsuke-in-legno-raffigurante-un-cane-a-riposo\/","url_meta":{"origin":12454,"position":0},"title":"Netsuke in legno raffigurante un cane a riposo","author":"Eric Majo","date":"7 de Novembre de 2024","format":false,"excerpt":"Spedizione gratuita. Grazioso e spiritoso netsuke raffigurante un cane sdraiato su una stuoia, firmato alla base. Occhi inseriti in corno nero. Bella patina e piacevole tonalit\u00e0 del legno. Seconda met\u00e0 del XIX secolo. 4,2 \u00d7 4,2 \u00d7 3 cm","rel":"","context":"Articolo simile","block_context":{"text":"Articolo simile","link":""},"img":{"alt_text":"dog wood","src":"https:\/\/i0.wp.com\/www.supeinnihonto.com\/wp-content\/uploads\/2024\/11\/DSC2098-scaled.jpg?fit=1200%2C800&ssl=1&resize=350%2C200","width":350,"height":200,"srcset":"https:\/\/i0.wp.com\/www.supeinnihonto.com\/wp-content\/uploads\/2024\/11\/DSC2098-scaled.jpg?fit=1200%2C800&ssl=1&resize=350%2C200 1x, https:\/\/i0.wp.com\/www.supeinnihonto.com\/wp-content\/uploads\/2024\/11\/DSC2098-scaled.jpg?fit=1200%2C800&ssl=1&resize=525%2C300 1.5x, https:\/\/i0.wp.com\/www.supeinnihonto.com\/wp-content\/uploads\/2024\/11\/DSC2098-scaled.jpg?fit=1200%2C800&ssl=1&resize=700%2C400 2x, https:\/\/i0.wp.com\/www.supeinnihonto.com\/wp-content\/uploads\/2024\/11\/DSC2098-scaled.jpg?fit=1200%2C800&ssl=1&resize=1050%2C600 3x"},"classes":[]},{"id":12482,"url":"https:\/\/www.supeinnihonto.com\/it\/prodotto\/netsuke-in-legno-raffigurante-un-uomo-seduto-su-un-ceppo\/","url_meta":{"origin":12454,"position":1},"title":"Netsuke in legno raffigurante un uomo seduto su un ceppo","author":"Eric Majo","date":"7 de Novembre de 2024","format":false,"excerpt":"Spedizione gratuita. Bellissimo e riccamente dettagliato netsuke raffigurante un uomo seduto su un ceppo, firmato. Intarsi in avorio. La qualit\u00e0 dell\u2019intaglio \u00e8 eccellente e presenta numerosi dettagli, come i fiori in avorio che rappresentano il germogliare dell\u2019albero e le venature del legno, sapientemente utilizzate per evocare gli anelli naturali del\u2026","rel":"","context":"Articolo simile","block_context":{"text":"Articolo simile","link":""},"img":{"alt_text":"Netsuke man on stump wood","src":"https:\/\/i0.wp.com\/www.supeinnihonto.com\/wp-content\/uploads\/2024\/11\/DSC2052-scaled.jpg?fit=1200%2C800&ssl=1&resize=350%2C200","width":350,"height":200,"srcset":"https:\/\/i0.wp.com\/www.supeinnihonto.com\/wp-content\/uploads\/2024\/11\/DSC2052-scaled.jpg?fit=1200%2C800&ssl=1&resize=350%2C200 1x, https:\/\/i0.wp.com\/www.supeinnihonto.com\/wp-content\/uploads\/2024\/11\/DSC2052-scaled.jpg?fit=1200%2C800&ssl=1&resize=525%2C300 1.5x, https:\/\/i0.wp.com\/www.supeinnihonto.com\/wp-content\/uploads\/2024\/11\/DSC2052-scaled.jpg?fit=1200%2C800&ssl=1&resize=700%2C400 2x, https:\/\/i0.wp.com\/www.supeinnihonto.com\/wp-content\/uploads\/2024\/11\/DSC2052-scaled.jpg?fit=1200%2C800&ssl=1&resize=1050%2C600 3x"},"classes":[]},{"id":12446,"url":"https:\/\/www.supeinnihonto.com\/it\/prodotto\/netsuke-raffigurante-un-rospo-in-legno-shigetada-ii\/","url_meta":{"origin":12454,"position":2},"title":"Netsuke raffigurante un rospo in legno, Shigetada II","author":"Eric Majo","date":"7 de Novembre de 2024","format":false,"excerpt":"Spedizione gratuita. Bellissimo e affascinante netsuke in legno firmato Shigetada, provincia di Iwashiro, XIX secolo. Il rospo \u00e8 raffigurato in posizione vigile, con il corpo nodoso scolpito in modo molto distintivo; firmato Shigetada sul lato inferiore. Un pezzo straordinario. Un esemplare simile \u00e8 stato venduto dalla casa d\u2019aste Bonhams nel\u2026","rel":"","context":"Articolo simile","block_context":{"text":"Articolo simile","link":""},"img":{"alt_text":"toad Shigetada wood II","src":"https:\/\/i0.wp.com\/www.supeinnihonto.com\/wp-content\/uploads\/2024\/11\/DSC2116-scaled.jpg?fit=1200%2C800&ssl=1&resize=350%2C200","width":350,"height":200,"srcset":"https:\/\/i0.wp.com\/www.supeinnihonto.com\/wp-content\/uploads\/2024\/11\/DSC2116-scaled.jpg?fit=1200%2C800&ssl=1&resize=350%2C200 1x, https:\/\/i0.wp.com\/www.supeinnihonto.com\/wp-content\/uploads\/2024\/11\/DSC2116-scaled.jpg?fit=1200%2C800&ssl=1&resize=525%2C300 1.5x, https:\/\/i0.wp.com\/www.supeinnihonto.com\/wp-content\/uploads\/2024\/11\/DSC2116-scaled.jpg?fit=1200%2C800&ssl=1&resize=700%2C400 2x, https:\/\/i0.wp.com\/www.supeinnihonto.com\/wp-content\/uploads\/2024\/11\/DSC2116-scaled.jpg?fit=1200%2C800&ssl=1&resize=1050%2C600 3x"},"classes":[]},{"id":12474,"url":"https:\/\/www.supeinnihonto.com\/it\/prodotto\/netsuke-raffigurante-un-rospo-in-legno-shigetada\/","url_meta":{"origin":12454,"position":3},"title":"Netsuke raffigurante un rospo in legno, Shigetada","author":"Eric Majo","date":"7 de Novembre de 2024","format":false,"excerpt":"Spedizione gratuita. Bellissimo e affascinante netsuke in legno firmato Shigetada, provincia di Iwashiro, XIX secolo. Il rospo \u00e8 raffigurato in posizione vigile, con il corpo nodoso scolpito in modo molto distintivo e gli occhi con doppio intarsio; firmato Shigetada sul lato inferiore. Un pezzo straordinario. Un esemplare simile \u00e8 stato\u2026","rel":"","context":"Articolo simile","block_context":{"text":"Articolo simile","link":""},"img":{"alt_text":"toad Shigetada wood","src":"https:\/\/i0.wp.com\/www.supeinnihonto.com\/wp-content\/uploads\/2024\/11\/DSC2069-scaled.jpg?fit=1200%2C800&ssl=1&resize=350%2C200","width":350,"height":200,"srcset":"https:\/\/i0.wp.com\/www.supeinnihonto.com\/wp-content\/uploads\/2024\/11\/DSC2069-scaled.jpg?fit=1200%2C800&ssl=1&resize=350%2C200 1x, https:\/\/i0.wp.com\/www.supeinnihonto.com\/wp-content\/uploads\/2024\/11\/DSC2069-scaled.jpg?fit=1200%2C800&ssl=1&resize=525%2C300 1.5x, https:\/\/i0.wp.com\/www.supeinnihonto.com\/wp-content\/uploads\/2024\/11\/DSC2069-scaled.jpg?fit=1200%2C800&ssl=1&resize=700%2C400 2x, https:\/\/i0.wp.com\/www.supeinnihonto.com\/wp-content\/uploads\/2024\/11\/DSC2069-scaled.jpg?fit=1200%2C800&ssl=1&resize=1050%2C600 3x"},"classes":[]},{"id":12729,"url":"https:\/\/www.supeinnihonto.com\/it\/prodotto\/netsuke-shishi-in-legno\/","url_meta":{"origin":12454,"position":4},"title":"Netsuke shishi in legno","author":"Eric Majo","date":"5 de Novembre de 2024","format":false,"excerpt":"Spedizione gratuita. Netsuke in legno raffigurante uno shishi su una sfera, con bella patina e in buone condizioni. Periodo Edo. 3,5 x 3 x 2,5 cm","rel":"","context":"Articolo simile","block_context":{"text":"Articolo simile","link":""},"img":{"alt_text":"netsuke shishi","src":"https:\/\/i0.wp.com\/www.supeinnihonto.com\/wp-content\/uploads\/2024\/11\/DSC1475-scaled.jpg?fit=1200%2C800&ssl=1&resize=350%2C200","width":350,"height":200,"srcset":"https:\/\/i0.wp.com\/www.supeinnihonto.com\/wp-content\/uploads\/2024\/11\/DSC1475-scaled.jpg?fit=1200%2C800&ssl=1&resize=350%2C200 1x, https:\/\/i0.wp.com\/www.supeinnihonto.com\/wp-content\/uploads\/2024\/11\/DSC1475-scaled.jpg?fit=1200%2C800&ssl=1&resize=525%2C300 1.5x, https:\/\/i0.wp.com\/www.supeinnihonto.com\/wp-content\/uploads\/2024\/11\/DSC1475-scaled.jpg?fit=1200%2C800&ssl=1&resize=700%2C400 2x, https:\/\/i0.wp.com\/www.supeinnihonto.com\/wp-content\/uploads\/2024\/11\/DSC1475-scaled.jpg?fit=1200%2C800&ssl=1&resize=1050%2C600 3x"},"classes":[]},{"id":14175,"url":"https:\/\/www.supeinnihonto.com\/it\/prodotto\/netsuke-maschera-facciale-in-legno\/","url_meta":{"origin":12454,"position":5},"title":"Netsuke maschera facciale in legno","author":"Supein Nihonto","date":"28 de Maggio de 2024","format":false,"excerpt":"Spedizione gratuita. Netsuke in legno raffigurante una maschera del teatro N\u014d, molto espressiva e finemente intagliata. Patina eccellente. Firmato. 4 x 3,2 x 2 cm","rel":"","context":"Articolo simile","block_context":{"text":"Articolo simile","link":""},"img":{"alt_text":"Netsuke face mask wood","src":"https:\/\/i0.wp.com\/www.supeinnihonto.com\/wp-content\/uploads\/2024\/05\/DSC_3976-scaled.jpg?fit=1200%2C800&ssl=1&resize=350%2C200","width":350,"height":200,"srcset":"https:\/\/i0.wp.com\/www.supeinnihonto.com\/wp-content\/uploads\/2024\/05\/DSC_3976-scaled.jpg?fit=1200%2C800&ssl=1&resize=350%2C200 1x, https:\/\/i0.wp.com\/www.supeinnihonto.com\/wp-content\/uploads\/2024\/05\/DSC_3976-scaled.jpg?fit=1200%2C800&ssl=1&resize=525%2C300 1.5x, https:\/\/i0.wp.com\/www.supeinnihonto.com\/wp-content\/uploads\/2024\/05\/DSC_3976-scaled.jpg?fit=1200%2C800&ssl=1&resize=700%2C400 2x, https:\/\/i0.wp.com\/www.supeinnihonto.com\/wp-content\/uploads\/2024\/05\/DSC_3976-scaled.jpg?fit=1200%2C800&ssl=1&resize=1050%2C600 3x"},"classes":[]}],"jetpack_sharing_enabled":true,"_links":{"self":[{"href":"https:\/\/www.supeinnihonto.com\/it\/wp-json\/wp\/v2\/product\/12454","targetHints":{"allow":["GET"]}}],"collection":[{"href":"https:\/\/www.supeinnihonto.com\/it\/wp-json\/wp\/v2\/product"}],"about":[{"href":"https:\/\/www.supeinnihonto.com\/it\/wp-json\/wp\/v2\/types\/product"}],"wp:featuredmedia":[{"embeddable":true,"href":"https:\/\/www.supeinnihonto.com\/it\/wp-json\/wp\/v2\/media\/12455"}],"wp:attachment":[{"href":"https:\/\/www.supeinnihonto.com\/it\/wp-json\/wp\/v2\/media?parent=12454"}],"wp:term":[{"taxonomy":"product_brand","embeddable":true,"href":"https:\/\/www.supeinnihonto.com\/it\/wp-json\/wp\/v2\/product_brand?post=12454"},{"taxonomy":"product_cat","embeddable":true,"href":"https:\/\/www.supeinnihonto.com\/it\/wp-json\/wp\/v2\/product_cat?post=12454"},{"taxonomy":"product_tag","embeddable":true,"href":"https:\/\/www.supeinnihonto.com\/it\/wp-json\/wp\/v2\/product_tag?post=12454"}],"curies":[{"name":"wp","href":"https:\/\/api.w.org\/{rel}","templated":true}]}}