{"id":12446,"date":"2024-11-07T17:27:59","date_gmt":"2024-11-07T17:27:59","guid":{"rendered":"https:\/\/www.supeinnihonto.com\/product\/netsuke-toad-shigetada-wood-2\/"},"modified":"2025-12-20T18:01:08","modified_gmt":"2025-12-20T18:01:08","slug":"netsuke-raffigurante-un-rospo-in-legno-shigetada-ii","status":"publish","type":"product","link":"https:\/\/www.supeinnihonto.com\/it\/prodotto\/netsuke-raffigurante-un-rospo-in-legno-shigetada-ii\/","title":{"rendered":"Netsuke raffigurante un rospo in legno, Shigetada II"},"content":{"rendered":"<p data-start=\"1148\" data-end=\"1170\"><strong>Spedizione gratuita.<\/strong><\/p>\n<p data-start=\"1172\" data-end=\"1595\">Bellissimo e affascinante netsuke in legno firmato Shigetada, provincia di Iwashiro, XIX secolo. Il rospo \u00e8 raffigurato in posizione vigile, con il corpo nodoso scolpito in modo molto distintivo; firmato Shigetada sul lato inferiore. Un pezzo straordinario. Un esemplare simile \u00e8 stato venduto dalla casa d\u2019aste Bonhams nel 2023 per 5.300 euro (immagine allegata), una grande opportunit\u00e0 per possedere un vero capolavoro.<\/p>\n<p data-start=\"1597\" data-end=\"1615\">5,5 \u00d7 4,5 \u00d7 3,5 cm<\/p>\n","protected":false},"excerpt":{"rendered":"<p>Spedizione gratuita. Bellissimo e affascinante netsuke in legno firmato Shigetada, provincia di Iwashiro, XIX secolo. Il rospo \u00e8 raffigurato in posizione vigile, con il corpo nodoso scolpito in modo molto distintivo; firmato Shigetada sul lato inferiore. Un pezzo straordinario. Un esemplare simile \u00e8 stato venduto dalla casa d\u2019aste Bonhams nel [&hellip;]<\/p>\n","protected":false},"featured_media":12447,"template":"","meta":{"jetpack_post_was_ever_published":false},"product_brand":[],"product_cat":[740],"product_tag":[800,797,764],"class_list":{"0":"post-12446","1":"product","2":"type-product","3":"status-publish","4":"has-post-thumbnail","6":"product_cat-netsuke","7":"product_tag-netsuke","8":"product_tag-okimono","9":"product_tag-wood","10":"product_shipping_class-tosogu","12":"first","13":"instock","14":"featured","15":"sold-individually","16":"shipping-taxable","17":"purchasable","18":"product-type-simple"},"yoast_head":"<!-- This site is optimized with the Yoast SEO plugin v27.4 - https:\/\/yoast.com\/product\/yoast-seo-wordpress\/ -->\n<title>Netsuke raffigurante un rospo in legno, Shigetada II - Supein Nihonto<\/title>\n<meta name=\"description\" content=\"Bellissimo e grazioso netsuke in legno firmato Shigetada, provincia di Iwashiro, XIX secolo. Il rospo \u00e8 raffigurato in posizione vigile, con il corpo nodoso scolpito in modo espressivo.\" \/>\n<meta name=\"robots\" content=\"index, follow, max-snippet:-1, max-image-preview:large, max-video-preview:-1\" \/>\n<link rel=\"canonical\" href=\"https:\/\/www.supeinnihonto.com\/it\/prodotto\/netsuke-raffigurante-un-rospo-in-legno-shigetada-ii\/\" \/>\n<meta property=\"og:locale\" content=\"it_IT\" \/>\n<meta property=\"og:type\" content=\"article\" \/>\n<meta property=\"og:title\" content=\"Netsuke raffigurante un rospo in legno, Shigetada II - Supein Nihonto\" \/>\n<meta property=\"og:description\" content=\"Bellissimo e grazioso netsuke in legno firmato Shigetada, provincia di Iwashiro, XIX secolo. Il rospo \u00e8 raffigurato in posizione vigile, con il corpo nodoso scolpito in modo espressivo.\" \/>\n<meta property=\"og:url\" content=\"https:\/\/www.supeinnihonto.com\/it\/prodotto\/netsuke-raffigurante-un-rospo-in-legno-shigetada-ii\/\" \/>\n<meta property=\"og:site_name\" content=\"Supein Nihonto\" \/>\n<meta property=\"article:modified_time\" content=\"2025-12-20T18:01:08+00:00\" \/>\n<meta property=\"og:image\" content=\"https:\/\/www.supeinnihonto.com\/wp-content\/uploads\/2024\/11\/DSC2116-scaled.jpg\" \/>\n\t<meta property=\"og:image:width\" content=\"2560\" \/>\n\t<meta property=\"og:image:height\" content=\"1707\" \/>\n\t<meta property=\"og:image:type\" content=\"image\/jpeg\" \/>\n<meta name=\"twitter:card\" content=\"summary_large_image\" \/>\n<meta name=\"twitter:label1\" content=\"Tempo di lettura stimato\" \/>\n\t<meta name=\"twitter:data1\" content=\"1 minuto\" \/>\n<script type=\"application\/ld+json\" class=\"yoast-schema-graph\">{\"@context\":\"https:\\\/\\\/schema.org\",\"@graph\":[{\"@type\":\"WebPage\",\"@id\":\"https:\\\/\\\/www.supeinnihonto.com\\\/it\\\/prodotto\\\/netsuke-raffigurante-un-rospo-in-legno-shigetada-ii\\\/\",\"url\":\"https:\\\/\\\/www.supeinnihonto.com\\\/it\\\/prodotto\\\/netsuke-raffigurante-un-rospo-in-legno-shigetada-ii\\\/\",\"name\":\"Netsuke raffigurante un rospo in legno, Shigetada II - Supein Nihonto\",\"isPartOf\":{\"@id\":\"https:\\\/\\\/www.supeinnihonto.com\\\/it\\\/#website\"},\"primaryImageOfPage\":{\"@id\":\"https:\\\/\\\/www.supeinnihonto.com\\\/it\\\/prodotto\\\/netsuke-raffigurante-un-rospo-in-legno-shigetada-ii\\\/#primaryimage\"},\"image\":{\"@id\":\"https:\\\/\\\/www.supeinnihonto.com\\\/it\\\/prodotto\\\/netsuke-raffigurante-un-rospo-in-legno-shigetada-ii\\\/#primaryimage\"},\"thumbnailUrl\":\"https:\\\/\\\/i0.wp.com\\\/www.supeinnihonto.com\\\/wp-content\\\/uploads\\\/2024\\\/11\\\/DSC2116-scaled.jpg?fit=2560%2C1707&ssl=1\",\"datePublished\":\"2024-11-07T17:27:59+00:00\",\"dateModified\":\"2025-12-20T18:01:08+00:00\",\"description\":\"Bellissimo e grazioso netsuke in legno firmato Shigetada, provincia di Iwashiro, XIX secolo. Il rospo \u00e8 raffigurato in posizione vigile, con il corpo nodoso scolpito in modo espressivo.\",\"breadcrumb\":{\"@id\":\"https:\\\/\\\/www.supeinnihonto.com\\\/it\\\/prodotto\\\/netsuke-raffigurante-un-rospo-in-legno-shigetada-ii\\\/#breadcrumb\"},\"inLanguage\":\"it-IT\",\"potentialAction\":[{\"@type\":\"ReadAction\",\"target\":[\"https:\\\/\\\/www.supeinnihonto.com\\\/it\\\/prodotto\\\/netsuke-raffigurante-un-rospo-in-legno-shigetada-ii\\\/\"]}]},{\"@type\":\"ImageObject\",\"inLanguage\":\"it-IT\",\"@id\":\"https:\\\/\\\/www.supeinnihonto.com\\\/it\\\/prodotto\\\/netsuke-raffigurante-un-rospo-in-legno-shigetada-ii\\\/#primaryimage\",\"url\":\"https:\\\/\\\/i0.wp.com\\\/www.supeinnihonto.com\\\/wp-content\\\/uploads\\\/2024\\\/11\\\/DSC2116-scaled.jpg?fit=2560%2C1707&ssl=1\",\"contentUrl\":\"https:\\\/\\\/i0.wp.com\\\/www.supeinnihonto.com\\\/wp-content\\\/uploads\\\/2024\\\/11\\\/DSC2116-scaled.jpg?fit=2560%2C1707&ssl=1\",\"width\":2560,\"height\":1707,\"caption\":\"toad Shigetada wood II\"},{\"@type\":\"BreadcrumbList\",\"@id\":\"https:\\\/\\\/www.supeinnihonto.com\\\/it\\\/prodotto\\\/netsuke-raffigurante-un-rospo-in-legno-shigetada-ii\\\/#breadcrumb\",\"itemListElement\":[{\"@type\":\"ListItem\",\"position\":1,\"name\":\"Portada\",\"item\":\"https:\\\/\\\/www.supeinnihonto.com\\\/it\\\/\"},{\"@type\":\"ListItem\",\"position\":2,\"name\":\"Shop\",\"item\":\"https:\\\/\\\/www.supeinnihonto.com\\\/it\\\/shop\\\/\"},{\"@type\":\"ListItem\",\"position\":3,\"name\":\"Netsuke raffigurante un rospo in legno, Shigetada II\"}]},{\"@type\":\"WebSite\",\"@id\":\"https:\\\/\\\/www.supeinnihonto.com\\\/it\\\/#website\",\"url\":\"https:\\\/\\\/www.supeinnihonto.com\\\/it\\\/\",\"name\":\"Supein Nihonto\",\"description\":\"Authentic japanese Nihonto katana \",\"publisher\":{\"@id\":\"https:\\\/\\\/www.supeinnihonto.com\\\/it\\\/#organization\"},\"potentialAction\":[{\"@type\":\"SearchAction\",\"target\":{\"@type\":\"EntryPoint\",\"urlTemplate\":\"https:\\\/\\\/www.supeinnihonto.com\\\/it\\\/?s={search_term_string}\"},\"query-input\":{\"@type\":\"PropertyValueSpecification\",\"valueRequired\":true,\"valueName\":\"search_term_string\"}}],\"inLanguage\":\"it-IT\"},{\"@type\":\"Organization\",\"@id\":\"https:\\\/\\\/www.supeinnihonto.com\\\/it\\\/#organization\",\"name\":\"SupeinNihonto\",\"url\":\"https:\\\/\\\/www.supeinnihonto.com\\\/it\\\/\",\"logo\":{\"@type\":\"ImageObject\",\"inLanguage\":\"it-IT\",\"@id\":\"https:\\\/\\\/www.supeinnihonto.com\\\/it\\\/#\\\/schema\\\/logo\\\/image\\\/\",\"url\":\"https:\\\/\\\/www.supeinnihonto.com\\\/wp-content\\\/uploads\\\/2021\\\/11\\\/animation_Default_3szk0jcenoloop.gif\",\"contentUrl\":\"https:\\\/\\\/www.supeinnihonto.com\\\/wp-content\\\/uploads\\\/2021\\\/11\\\/animation_Default_3szk0jcenoloop.gif\",\"width\":750,\"height\":641,\"caption\":\"SupeinNihonto\"},\"image\":{\"@id\":\"https:\\\/\\\/www.supeinnihonto.com\\\/it\\\/#\\\/schema\\\/logo\\\/image\\\/\"}}]}<\/script>\n<!-- \/ Yoast SEO plugin. -->","yoast_head_json":{"title":"Netsuke raffigurante un rospo in legno, Shigetada II - Supein Nihonto","description":"Bellissimo e grazioso netsuke in legno firmato Shigetada, provincia di Iwashiro, XIX secolo. Il rospo \u00e8 raffigurato in posizione vigile, con il corpo nodoso scolpito in modo espressivo.","robots":{"index":"index","follow":"follow","max-snippet":"max-snippet:-1","max-image-preview":"max-image-preview:large","max-video-preview":"max-video-preview:-1"},"canonical":"https:\/\/www.supeinnihonto.com\/it\/prodotto\/netsuke-raffigurante-un-rospo-in-legno-shigetada-ii\/","og_locale":"it_IT","og_type":"article","og_title":"Netsuke raffigurante un rospo in legno, Shigetada II - Supein Nihonto","og_description":"Bellissimo e grazioso netsuke in legno firmato Shigetada, provincia di Iwashiro, XIX secolo. Il rospo \u00e8 raffigurato in posizione vigile, con il corpo nodoso scolpito in modo espressivo.","og_url":"https:\/\/www.supeinnihonto.com\/it\/prodotto\/netsuke-raffigurante-un-rospo-in-legno-shigetada-ii\/","og_site_name":"Supein Nihonto","article_modified_time":"2025-12-20T18:01:08+00:00","og_image":[{"width":2560,"height":1707,"url":"https:\/\/www.supeinnihonto.com\/wp-content\/uploads\/2024\/11\/DSC2116-scaled.jpg","type":"image\/jpeg"}],"twitter_card":"summary_large_image","twitter_misc":{"Tempo di lettura stimato":"1 minuto"},"schema":{"@context":"https:\/\/schema.org","@graph":[{"@type":"WebPage","@id":"https:\/\/www.supeinnihonto.com\/it\/prodotto\/netsuke-raffigurante-un-rospo-in-legno-shigetada-ii\/","url":"https:\/\/www.supeinnihonto.com\/it\/prodotto\/netsuke-raffigurante-un-rospo-in-legno-shigetada-ii\/","name":"Netsuke raffigurante un rospo in legno, Shigetada II - Supein Nihonto","isPartOf":{"@id":"https:\/\/www.supeinnihonto.com\/it\/#website"},"primaryImageOfPage":{"@id":"https:\/\/www.supeinnihonto.com\/it\/prodotto\/netsuke-raffigurante-un-rospo-in-legno-shigetada-ii\/#primaryimage"},"image":{"@id":"https:\/\/www.supeinnihonto.com\/it\/prodotto\/netsuke-raffigurante-un-rospo-in-legno-shigetada-ii\/#primaryimage"},"thumbnailUrl":"https:\/\/i0.wp.com\/www.supeinnihonto.com\/wp-content\/uploads\/2024\/11\/DSC2116-scaled.jpg?fit=2560%2C1707&ssl=1","datePublished":"2024-11-07T17:27:59+00:00","dateModified":"2025-12-20T18:01:08+00:00","description":"Bellissimo e grazioso netsuke in legno firmato Shigetada, provincia di Iwashiro, XIX secolo. Il rospo \u00e8 raffigurato in posizione vigile, con il corpo nodoso scolpito in modo espressivo.","breadcrumb":{"@id":"https:\/\/www.supeinnihonto.com\/it\/prodotto\/netsuke-raffigurante-un-rospo-in-legno-shigetada-ii\/#breadcrumb"},"inLanguage":"it-IT","potentialAction":[{"@type":"ReadAction","target":["https:\/\/www.supeinnihonto.com\/it\/prodotto\/netsuke-raffigurante-un-rospo-in-legno-shigetada-ii\/"]}]},{"@type":"ImageObject","inLanguage":"it-IT","@id":"https:\/\/www.supeinnihonto.com\/it\/prodotto\/netsuke-raffigurante-un-rospo-in-legno-shigetada-ii\/#primaryimage","url":"https:\/\/i0.wp.com\/www.supeinnihonto.com\/wp-content\/uploads\/2024\/11\/DSC2116-scaled.jpg?fit=2560%2C1707&ssl=1","contentUrl":"https:\/\/i0.wp.com\/www.supeinnihonto.com\/wp-content\/uploads\/2024\/11\/DSC2116-scaled.jpg?fit=2560%2C1707&ssl=1","width":2560,"height":1707,"caption":"toad Shigetada wood II"},{"@type":"BreadcrumbList","@id":"https:\/\/www.supeinnihonto.com\/it\/prodotto\/netsuke-raffigurante-un-rospo-in-legno-shigetada-ii\/#breadcrumb","itemListElement":[{"@type":"ListItem","position":1,"name":"Portada","item":"https:\/\/www.supeinnihonto.com\/it\/"},{"@type":"ListItem","position":2,"name":"Shop","item":"https:\/\/www.supeinnihonto.com\/it\/shop\/"},{"@type":"ListItem","position":3,"name":"Netsuke raffigurante un rospo in legno, Shigetada II"}]},{"@type":"WebSite","@id":"https:\/\/www.supeinnihonto.com\/it\/#website","url":"https:\/\/www.supeinnihonto.com\/it\/","name":"Supein Nihonto","description":"Authentic japanese Nihonto katana ","publisher":{"@id":"https:\/\/www.supeinnihonto.com\/it\/#organization"},"potentialAction":[{"@type":"SearchAction","target":{"@type":"EntryPoint","urlTemplate":"https:\/\/www.supeinnihonto.com\/it\/?s={search_term_string}"},"query-input":{"@type":"PropertyValueSpecification","valueRequired":true,"valueName":"search_term_string"}}],"inLanguage":"it-IT"},{"@type":"Organization","@id":"https:\/\/www.supeinnihonto.com\/it\/#organization","name":"SupeinNihonto","url":"https:\/\/www.supeinnihonto.com\/it\/","logo":{"@type":"ImageObject","inLanguage":"it-IT","@id":"https:\/\/www.supeinnihonto.com\/it\/#\/schema\/logo\/image\/","url":"https:\/\/www.supeinnihonto.com\/wp-content\/uploads\/2021\/11\/animation_Default_3szk0jcenoloop.gif","contentUrl":"https:\/\/www.supeinnihonto.com\/wp-content\/uploads\/2021\/11\/animation_Default_3szk0jcenoloop.gif","width":750,"height":641,"caption":"SupeinNihonto"},"image":{"@id":"https:\/\/www.supeinnihonto.com\/it\/#\/schema\/logo\/image\/"}}]}},"jetpack-related-posts":[{"id":12474,"url":"https:\/\/www.supeinnihonto.com\/it\/prodotto\/netsuke-raffigurante-un-rospo-in-legno-shigetada\/","url_meta":{"origin":12446,"position":0},"title":"Netsuke raffigurante un rospo in legno, Shigetada","author":"Eric Majo","date":"7 de Novembre de 2024","format":false,"excerpt":"Spedizione gratuita. Bellissimo e affascinante netsuke in legno firmato Shigetada, provincia di Iwashiro, XIX secolo. Il rospo \u00e8 raffigurato in posizione vigile, con il corpo nodoso scolpito in modo molto distintivo e gli occhi con doppio intarsio; firmato Shigetada sul lato inferiore. Un pezzo straordinario. Un esemplare simile \u00e8 stato\u2026","rel":"","context":"Articolo simile","block_context":{"text":"Articolo simile","link":""},"img":{"alt_text":"toad Shigetada wood","src":"https:\/\/i0.wp.com\/www.supeinnihonto.com\/wp-content\/uploads\/2024\/11\/DSC2069-scaled.jpg?fit=1200%2C800&ssl=1&resize=350%2C200","width":350,"height":200,"srcset":"https:\/\/i0.wp.com\/www.supeinnihonto.com\/wp-content\/uploads\/2024\/11\/DSC2069-scaled.jpg?fit=1200%2C800&ssl=1&resize=350%2C200 1x, https:\/\/i0.wp.com\/www.supeinnihonto.com\/wp-content\/uploads\/2024\/11\/DSC2069-scaled.jpg?fit=1200%2C800&ssl=1&resize=525%2C300 1.5x, https:\/\/i0.wp.com\/www.supeinnihonto.com\/wp-content\/uploads\/2024\/11\/DSC2069-scaled.jpg?fit=1200%2C800&ssl=1&resize=700%2C400 2x, https:\/\/i0.wp.com\/www.supeinnihonto.com\/wp-content\/uploads\/2024\/11\/DSC2069-scaled.jpg?fit=1200%2C800&ssl=1&resize=1050%2C600 3x"},"classes":[]},{"id":12653,"url":"https:\/\/www.supeinnihonto.com\/it\/prodotto\/netsuke-rospo-in-legno\/","url_meta":{"origin":12446,"position":1},"title":"Netsuke rospo in legno","author":"Eric Majo","date":"5 de Novembre de 2024","format":false,"excerpt":"Spedizione gratuita. Intaglio raffigurante un rospo con occhi intarsiati in argento. Periodo Edo. Bella patina e ottimo himotoshi. Il pezzo presenta una splendida patina dovuta a secoli di utilizzo, che gli conferisce grande profondit\u00e0 e una finitura elegante. 5,5 x 4 x 3 cm","rel":"","context":"Articolo simile","block_context":{"text":"Articolo simile","link":""},"img":{"alt_text":"toad netsuke wood","src":"https:\/\/i0.wp.com\/www.supeinnihonto.com\/wp-content\/uploads\/2024\/11\/DSC1406-scaled.jpg?fit=1200%2C800&ssl=1&resize=350%2C200","width":350,"height":200,"srcset":"https:\/\/i0.wp.com\/www.supeinnihonto.com\/wp-content\/uploads\/2024\/11\/DSC1406-scaled.jpg?fit=1200%2C800&ssl=1&resize=350%2C200 1x, https:\/\/i0.wp.com\/www.supeinnihonto.com\/wp-content\/uploads\/2024\/11\/DSC1406-scaled.jpg?fit=1200%2C800&ssl=1&resize=525%2C300 1.5x, https:\/\/i0.wp.com\/www.supeinnihonto.com\/wp-content\/uploads\/2024\/11\/DSC1406-scaled.jpg?fit=1200%2C800&ssl=1&resize=700%2C400 2x, https:\/\/i0.wp.com\/www.supeinnihonto.com\/wp-content\/uploads\/2024\/11\/DSC1406-scaled.jpg?fit=1200%2C800&ssl=1&resize=1050%2C600 3x"},"classes":[]},{"id":14195,"url":"https:\/\/www.supeinnihonto.com\/it\/prodotto\/netsuke-sennin-con-rospo-in-legno\/","url_meta":{"origin":12446,"position":2},"title":"Netsuke sennin con rospo in legno","author":"Supein Nihonto","date":"27 de Maggio de 2024","format":false,"excerpt":"Spedizione gratuita. Netsuke in legno intagliato raffigurante Gama Sennin in piedi, che porta un rospo sulla spalla destra e si appoggia con la mano sinistra a un bastone. Periodo Edo. 7,7 x 2,6 x 2,4 cm","rel":"","context":"Articolo simile","block_context":{"text":"Articolo simile","link":""},"img":{"alt_text":"Netsuke sennin toad wood","src":"https:\/\/i0.wp.com\/www.supeinnihonto.com\/wp-content\/uploads\/2024\/05\/DSC_3971-scaled.jpg?fit=1200%2C800&ssl=1&resize=350%2C200","width":350,"height":200,"srcset":"https:\/\/i0.wp.com\/www.supeinnihonto.com\/wp-content\/uploads\/2024\/05\/DSC_3971-scaled.jpg?fit=1200%2C800&ssl=1&resize=350%2C200 1x, https:\/\/i0.wp.com\/www.supeinnihonto.com\/wp-content\/uploads\/2024\/05\/DSC_3971-scaled.jpg?fit=1200%2C800&ssl=1&resize=525%2C300 1.5x, https:\/\/i0.wp.com\/www.supeinnihonto.com\/wp-content\/uploads\/2024\/05\/DSC_3971-scaled.jpg?fit=1200%2C800&ssl=1&resize=700%2C400 2x, https:\/\/i0.wp.com\/www.supeinnihonto.com\/wp-content\/uploads\/2024\/05\/DSC_3971-scaled.jpg?fit=1200%2C800&ssl=1&resize=1050%2C600 3x"},"classes":[]},{"id":12718,"url":"https:\/\/www.supeinnihonto.com\/it\/prodotto\/netsuke-rospo-in-legno-ii\/","url_meta":{"origin":12446,"position":3},"title":"Netsuke rospo in legno II","author":"Eric Majo","date":"5 de Novembre de 2024","format":false,"excerpt":"Spedizione gratuita. Affascinante netsuke in legno raffigurante un rospo. Patina e usura fantastiche che gli conferiscono una grande personalit\u00e0. Ottimo himotoshi con segni d\u2019uso. Periodo Edo, XVIII secolo. 5,7 x 4,3 x 3 cm","rel":"","context":"Articolo simile","block_context":{"text":"Articolo simile","link":""},"img":{"alt_text":"netsuke toad II","src":"https:\/\/i0.wp.com\/www.supeinnihonto.com\/wp-content\/uploads\/2024\/11\/DSC1512-scaled.jpg?fit=1200%2C811&ssl=1&resize=350%2C200","width":350,"height":200,"srcset":"https:\/\/i0.wp.com\/www.supeinnihonto.com\/wp-content\/uploads\/2024\/11\/DSC1512-scaled.jpg?fit=1200%2C811&ssl=1&resize=350%2C200 1x, https:\/\/i0.wp.com\/www.supeinnihonto.com\/wp-content\/uploads\/2024\/11\/DSC1512-scaled.jpg?fit=1200%2C811&ssl=1&resize=525%2C300 1.5x, https:\/\/i0.wp.com\/www.supeinnihonto.com\/wp-content\/uploads\/2024\/11\/DSC1512-scaled.jpg?fit=1200%2C811&ssl=1&resize=700%2C400 2x, https:\/\/i0.wp.com\/www.supeinnihonto.com\/wp-content\/uploads\/2024\/11\/DSC1512-scaled.jpg?fit=1200%2C811&ssl=1&resize=1050%2C600 3x"},"classes":[]},{"id":12482,"url":"https:\/\/www.supeinnihonto.com\/it\/prodotto\/netsuke-in-legno-raffigurante-un-uomo-seduto-su-un-ceppo\/","url_meta":{"origin":12446,"position":4},"title":"Netsuke in legno raffigurante un uomo seduto su un ceppo","author":"Eric Majo","date":"7 de Novembre de 2024","format":false,"excerpt":"Spedizione gratuita. Bellissimo e riccamente dettagliato netsuke raffigurante un uomo seduto su un ceppo, firmato. Intarsi in avorio. La qualit\u00e0 dell\u2019intaglio \u00e8 eccellente e presenta numerosi dettagli, come i fiori in avorio che rappresentano il germogliare dell\u2019albero e le venature del legno, sapientemente utilizzate per evocare gli anelli naturali del\u2026","rel":"","context":"Articolo simile","block_context":{"text":"Articolo simile","link":""},"img":{"alt_text":"Netsuke man on stump wood","src":"https:\/\/i0.wp.com\/www.supeinnihonto.com\/wp-content\/uploads\/2024\/11\/DSC2052-scaled.jpg?fit=1200%2C800&ssl=1&resize=350%2C200","width":350,"height":200,"srcset":"https:\/\/i0.wp.com\/www.supeinnihonto.com\/wp-content\/uploads\/2024\/11\/DSC2052-scaled.jpg?fit=1200%2C800&ssl=1&resize=350%2C200 1x, https:\/\/i0.wp.com\/www.supeinnihonto.com\/wp-content\/uploads\/2024\/11\/DSC2052-scaled.jpg?fit=1200%2C800&ssl=1&resize=525%2C300 1.5x, https:\/\/i0.wp.com\/www.supeinnihonto.com\/wp-content\/uploads\/2024\/11\/DSC2052-scaled.jpg?fit=1200%2C800&ssl=1&resize=700%2C400 2x, https:\/\/i0.wp.com\/www.supeinnihonto.com\/wp-content\/uploads\/2024\/11\/DSC2052-scaled.jpg?fit=1200%2C800&ssl=1&resize=1050%2C600 3x"},"classes":[]},{"id":12470,"url":"https:\/\/www.supeinnihonto.com\/fr\/produit\/netsuke-crapaud-en-bois-shigetada\/","url_meta":{"origin":12446,"position":5},"title":"Netsuke crapaud en bois, Shigetada","author":"Eric Majo","date":"7 de Novembre de 2024","format":false,"excerpt":"Livraison gratuite. Magnifique et charmant netsuke en bois sign\u00e9 Shigetada, province d\u2019Iwashiro, XIX\u1d49 si\u00e8cle. Le crapaud est repr\u00e9sent\u00e9 debout et en alerte, son corps noueux sculpt\u00e9 de mani\u00e8re tr\u00e8s caract\u00e9ristique, avec les yeux doublement incrust\u00e9s ; sign\u00e9 Shigetada sur la face inf\u00e9rieure. Pi\u00e8ce exceptionnelle. Un exemplaire similaire a \u00e9t\u00e9 vendu\u2026","rel":"","context":"Articolo simile","block_context":{"text":"Articolo simile","link":""},"img":{"alt_text":"toad Shigetada wood","src":"https:\/\/i0.wp.com\/www.supeinnihonto.com\/wp-content\/uploads\/2024\/11\/DSC2069-scaled.jpg?fit=1200%2C800&ssl=1&resize=350%2C200","width":350,"height":200,"srcset":"https:\/\/i0.wp.com\/www.supeinnihonto.com\/wp-content\/uploads\/2024\/11\/DSC2069-scaled.jpg?fit=1200%2C800&ssl=1&resize=350%2C200 1x, https:\/\/i0.wp.com\/www.supeinnihonto.com\/wp-content\/uploads\/2024\/11\/DSC2069-scaled.jpg?fit=1200%2C800&ssl=1&resize=525%2C300 1.5x, https:\/\/i0.wp.com\/www.supeinnihonto.com\/wp-content\/uploads\/2024\/11\/DSC2069-scaled.jpg?fit=1200%2C800&ssl=1&resize=700%2C400 2x, https:\/\/i0.wp.com\/www.supeinnihonto.com\/wp-content\/uploads\/2024\/11\/DSC2069-scaled.jpg?fit=1200%2C800&ssl=1&resize=1050%2C600 3x"},"classes":[]}],"jetpack_sharing_enabled":true,"_links":{"self":[{"href":"https:\/\/www.supeinnihonto.com\/it\/wp-json\/wp\/v2\/product\/12446","targetHints":{"allow":["GET"]}}],"collection":[{"href":"https:\/\/www.supeinnihonto.com\/it\/wp-json\/wp\/v2\/product"}],"about":[{"href":"https:\/\/www.supeinnihonto.com\/it\/wp-json\/wp\/v2\/types\/product"}],"wp:featuredmedia":[{"embeddable":true,"href":"https:\/\/www.supeinnihonto.com\/it\/wp-json\/wp\/v2\/media\/12447"}],"wp:attachment":[{"href":"https:\/\/www.supeinnihonto.com\/it\/wp-json\/wp\/v2\/media?parent=12446"}],"wp:term":[{"taxonomy":"product_brand","embeddable":true,"href":"https:\/\/www.supeinnihonto.com\/it\/wp-json\/wp\/v2\/product_brand?post=12446"},{"taxonomy":"product_cat","embeddable":true,"href":"https:\/\/www.supeinnihonto.com\/it\/wp-json\/wp\/v2\/product_cat?post=12446"},{"taxonomy":"product_tag","embeddable":true,"href":"https:\/\/www.supeinnihonto.com\/it\/wp-json\/wp\/v2\/product_tag?post=12446"}],"curies":[{"name":"wp","href":"https:\/\/api.w.org\/{rel}","templated":true}]}}